{"id":255,"date":"2021-09-14T16:48:34","date_gmt":"2021-09-14T14:48:34","guid":{"rendered":"https:\/\/parier-presidentielle.com\/?page_id=255"},"modified":"2022-04-14T15:41:15","modified_gmt":"2022-04-14T13:41:15","slug":"netbet-paris-politique-election-2022","status":"publish","type":"page","link":"https:\/\/parier-presidentielle.com\/nl\/netbet-paris-politiek-verkiezing-2022\/","title":{"rendered":"NetBet: wedden op politiek en de presidentsverkiezingen van 2022"},"content":{"rendered":"<p> <\/p>\n\n\n\n<a href=\"https:\/\/banners.livepartners.com\/click.php?z=151480\" target=\"_blank\" rel=\"noopener\"><img decoding=\"async\" loading=\"lazy\" src=\"https:\/\/banners.livepartners.com\/view.php?z=151480\" border=\"0\" width=\"728\" height=\"90\"><\/a>\n\n\n\n\n\n<h2 class=\"wp-block-heading\" id=\"quelle-est-l-offre-du-bookmaker-netbet-2022\"><span id=\"quelle-est-l8217offre-du-bookmaker-netbet-2022\">Wat is de NetBet Bookmaker 2022-aanbieding?<\/span><\/h2>\n\n\n\n<p class=\"has-text-align-left\">Netbet biedt momenteel de beste bonus voor online weddenschappen van \u20ac 100!<br>Om toegang te krijgen tot deze bonus, gaat u eenvoudigweg via onze partnerlink:<\/p>\n\n\n\n<h2 class=\"has-text-align-center wp-block-heading\" id=\"100-offerts-sur-votre-1er-pari-cliquez-ici\"><span id=\"100e-offerts-sur-votre-1er-pari-cliquez-ici\"><br><a href=\"https:\/\/banners.livepartners.com\/click.php?z=151505\" target=\"_blank\" rel=\"noreferrer noopener nofollow\">\u20ac 100 aangeboden op uw eerste weddenschap! Klik hier<\/a><\/span><\/h2>\n\n\n\n<h3 class=\"wp-block-heading\"><span id=\"i\"><br><\/span><\/h3>\n\n\n\n<h2 class=\"wp-block-heading\" id=\"netbet\"><span id=\"netbet\">NetBet<\/span><\/h2>\n\n\n\n<p><br>NetBet is een online gamingoperator die eigendom is van NetBet Enterprises Ltd. Het platform biedt live en live sportweddenschappen, wedden op virtuele wedstrijden en internationale loterijen, online casino, online poker en live casinoplatforms. Het bedrijf is actief in verschillende markten, waaronder Roemeni\u00eb, het Verenigd Koninkrijk, Duitsland, Ierland en Zuid-Amerika, Japan en vele andere. NetBet is beschikbaar in het Engels, Duits, Japans, Spaans, Italiaans, Frans, Grieks, Roemeens, Portugees en Fins. NetBet heeft zijn hoofdkantoor in Malta en kantoren in het Verenigd Koninkrijk, Frankrijk, Roemeni\u00eb en de Verenigde Staten. Er werken momenteel ongeveer 500 medewerkers.<\/p>\n\n\n\n<p>NetBet heeft sinds 2006 een Europese licentie in Malta. NetBet heeft een licentie van de UK Gambling Commission 3637 en heeft een licentie in Ierland, Nigeria, Mexico en Griekenland. Online casino&#039;s in Itali\u00eb en Frankrijk opereren ook onder het merk NetBet Enterprises. Ook NetBet kreeg in 2015 een licentie om in Roemeni\u00eb te opereren en werd daarmee een van de eerste drie sites die online gokken in Roemeni\u00eb aanbood.<\/p>\n\n\n\n<p>NetBet Sport biedt pre-live en live online sportweddenschappen. Spelers hebben ook de mogelijkheid om weddenschappen te plaatsen op eSports voor bepaalde speciale markten die betrekking hebben op politiek en prijzen voor films en televisie. Om nauwkeurige en willekeurige 100%-resultaten voor alle spellen te garanderen, gebruikt NetBet twee willekeurige nummergenerators afzonderlijk: de ISAAC-generator en een ruisgenerator. In 2018 was de RTP-retourco\u00ebffici\u00ebnt voor de speler dus 96,65 %.<\/p>\n\n\n\n<p><\/p>\n\n\n\n<h2 class=\"wp-block-heading\" id=\"histoire-du-bookmaker\"><span id=\"histoire-du-bookmaker\">Geschiedenis van de bookmaker<\/span><\/h2>\n\n\n\n<p><br>Cosmo Gaming werd opgericht in juli 2006 en begon met zijn activiteiten in juli 2007. In maart 2017 veranderde de naam van Cosmo Gaming Company in NetBet Enterprises Limited. In augustus 2013 tekende gamingaanbieder iSoftBet een exclusieve overeenkomst met SBTech om live sportweddenschappen aan te bieden op de NetBet-website.<\/p>\n\n\n\n<p>Tijdens UEFA Euro 2016 lanceerde NetBet het Multiculturele Kampioenschap. In hetzelfde jaar tekende NetBet een zesjarig contract met gamingprovider Playtech. Dit contract voorziet in de distributie van exclusieve Playtech-inhoud op het NetBet-platform.<\/p>\n\n\n\n<p>Tijdens het WK 2018 lanceerde NetBet Sport een nieuwe toevoeging aan de \u201cmulticulturele\u201d serie onder de naam Multicultural Cup.<\/p>\n\n\n\n<p>In 2018 lanceerde Iron Dog Studio zijn volledige spelaanbod op NetBet Casino dankzij een integratie mogelijk gemaakt door NetBet-provider iSoftBet.<\/p>\n\n\n\n<p>In 2019 publiceerde NetBet een interactieve kaart met alle films en anekdotes die verband houden met het karakter van James Bond.<\/p>\n\n\n\n<p>In 2020 publiceerde NetBet een onderzoek uitgevoerd door Blue Claw over de mogelijke boetes die autofabrikanten kunnen krijgen als ze niet voldoen aan de koolstofdoelstellingen die de Europese Unie voor 2021 heeft gesteld.<br><\/p>\n\n\n\n<h3 class=\"wp-block-heading\" id=\"les-partenariats\"><span id=\"les-partenariats\">Partnerschappen <\/span><\/h3>\n\n\n\n<p>NetBet was de offici\u00eble sponsor of partner van verschillende sportteams, zoals OGC Nice in 2014, AS Saint-Etienne en Hamilton Academical in 2016.<\/p>\n\n\n\n<p><\/p>\n\n\n\n<ul><li>In 2015 tekende Netbet een advertentieovereenkomst in het stadion met West Bromwich Albion Football Club.<\/li><li>In 2017 sponsorde NetBet de Falemi Nana Intercartiere Cup, de belangrijkste amateurvoetbalcompetitie in Roemeni\u00eb.<\/li><li>In 2017 was NetBet samen met ontdekkingsreiziger Daniel Cinghea, toen hij de meest indrukwekkende toppen van Zuid-Amerika veroverde.<\/li><li>In maart 2018 sponsorde NetBet de derde editie van DanceMasters, die plaatsvond in Boekarest.<\/li><li>In mei 2018 sponsorde NetBet de races op Goodwood Racecourse gedurende twee dagen.<\/li><li>Op 5 juni 2018 sponsorde NetBet vier races op de Fontwell Park Racecourse.<\/li><li>Op 9 juni 2018 sponsorde NetBet een boksevenement met blote knokkels, BKB11, in The O2.<\/li><li>Op 21 juli 2018 sponsorde NetBet opnieuw een gevecht voor Bare Knuckle Boxing in Cwmbran.<\/li><li>Op 22 augustus 2018 sponsorde NetBet Ladies Night op de Fontwell Park Racecourse.<\/li><li>Op 4 september 2018 sponsorde NetBet nog een racedag op Goodwood Racecourse.<\/li><li>Op 17 november 2019 sponsorde NetBet de Corsorul-marathon op 15 november in Bra\u0219ov.<\/li><\/ul>\n\n\n\n<p>Uiteindelijk tekende NetBet in 2020 sponsorcontracten met twee rallyploegen die deelnamen aan het nationale rallykampioenschap. De twee gesponsorde teams bestaan uit coureur Dan G\u00eertofan en navigator Tudor M\u00e2rza op een Skoda R5, respectievelijk coureur R\u0103zvan Trisnevschi en navigator Traian-Codrut Arsenescu.<\/p>\n\n\n\n<p>Reclamecampagnes voor taxi&#039;s en bussen<br>In 2019 lanceerde NetBet twee mobiele advertentiecampagnes voor bussen en taxi&#039;s. De campagne paste het logo van het merk NetBet, de bussen en 750 Black Cab-auto&#039;s aan die door de straten van Londen raceten.<\/p>\n\n\n\n<p>Ambassadeurs<br>Alexandre Ruiz is een Franse sportjournalist die werkt voor beIn Sports. Hij is sinds 2014 NetBet FR-ambassadeur.<\/p>\n\n\n\n<p>Daniel Bravo was een Franse voetballer die speelde voor Paris Saint-Germain, AS Monaco en Olympique de Marseille. Hij was van 2012 tot 2014 ambassadeur van NetBet FR.<\/p>\n\n\n\n<p>Dan Petrescu was de eerste ambassadeur van NetBet Roemeni\u00eb.<\/p>\n\n\n\n<p>Sommige producten<br>De belangrijkste producten van NetBet zijn NetBet Casino, NetBet Live, NetBet Vegas, NetBet Loto en NetBet Poker. Het casino biedt meer dan 1.500 gokautomaten, kaartspellen en tafelspellen.<\/p>\n\n\n\n<p>NetBet Sport biedt pre-live en live online sportweddenschappen. Daarnaast hebben spelers ook de mogelijkheid om weddenschappen te plaatsen op eSports voor bepaalde speciale markten die betrekking hebben op politiek en prijzen voor films en televisie.<\/p>\n\n\n\n<p>Enkele van de meest populaire gokspellen zijn Starburst (NetEnt), Gonzo&#039;s Quest (NetEnt) en Who want to be a Millionaire (NYX), enzovoort.<\/p>\n\n\n\n<p>Onderscheidingen<br>In 2015 won NetBet de prijs voor \u201cBest Customer Relations Site\u201d tijdens het Casino Life &amp; Business magazine Awards-gala.<\/p>\n\n\n\n<p>In 2016 won NetBet tijdens de Central and Eastern European Gaming Conference Awards (CEEGA) de prijs \u201cBest Online Sports Betting Operator\u201d en hun provider, SBTech, de prijs \u201cBest Sports Betting Provider\u201d.<\/p>\n\n\n\n<p>In 2016 werden Blueclaw en GIMO genomineerd voor de UK Search Awards en Best Use of Search voor hun werk aan de NetBet Multicultural Championships en de Premier League of Nations.<\/p>\n\n\n\n<p>In 2017 werd NetBet genomineerd voor \u201cBest Non-English Affiliate Program\u201d tijdens de iGB Affiliate Award.<\/p>\n\n\n\n<p>In 2019 werd NetBet genomineerd voor de EGR Awards in de categorie \u201cCustomer Service Operator\u201d.<\/p>\n\n\n\n<p>In 2018 en 2019 ontving NetBet de trofee \u2018Beste online casinoplatform in Roemeni\u00eb\u2019 tijdens het Casino Inside Awards Gala.<\/p>\n\n\n\n<p>Verantwoord gamen<br>NetBet werkt nauw samen met adviesdiensten voor gokverslaving en stelt spelers in staat limieten in te stellen voor stortingen, opnames en waarschuwingsberichten. De site biedt ook demoversies van de spellen, die gespeeld kunnen worden zonder echt geld in te zetten. Registratie van minderjarigen op de NetBet-site is verboden.<\/p>\n\n\n\n<p>NetBet heeft ook een zelfbeoordelingstool ge\u00efmplementeerd. Deze tool bestaat uit een reeks van 15 vragen waarmee spelers, op basis van de antwoorden, hun risiconiveau kunnen beoordelen. Op basis van dit risiconiveau worden acties zoals het opleggen van limieten voorgesteld. Als het resultaat van een klantenonderzoek risico&#039;s op verslaving met zich meebrengt, wordt er bovendien een waarschuwing gestuurd naar het verantwoordelijke gamingteam, dat met de klant zal communiceren en zijn activiteiten zal gaan monitoren.<\/p>\n\n\n\n<p><\/p>\n\n\n\n<p class=\"has-text-align-center unibet\" style=\"font-size:25px\"><mark style=\"background-color:rgba(0, 0, 0, 0);color:#0d7a12\" class=\"has-inline-color\"><strong><a href=\"https:\/\/parier-presidentielle.com\/nl\/recommends\/unibet\/\">150\u20ac Bonus aangeboden bij Unibet<br>Voor uw eerste politieke of sportweddenschap: Klik hier<\/a><\/strong><\/mark><\/p>\n\n\n\n<p><\/p>\n\n\n<div class=\"wp-block-image\">\n<figure class=\"aligncenter is-resized wp-duotone-000097-ff4747-1\"><img decoding=\"async\" loading=\"lazy\" src=\"https:\/\/parier-presidentielle.com\/wp-content\/uploads\/2021\/09\/election-standard-scale-4_00x-gigapixel-1024x623.jpg\" alt=\"Verkiezing 2022\" style=\"width:256px;height:156px\" width=\"256\" height=\"156\"\/><\/figure><\/div>\n\n\n<p><br><\/p>\n\n\n\n<p><strong>Parier-presidential helpt u bij het maken van uw keuze tussen de verschillende<a href=\"https:\/\/parier-presidentielle.com\/nl\/\"> Bookmakers Bwin, Unibet en Betclic gaan wedden op de toekomstige Amerikaanse president in 2024<\/a> : <\/strong><br><a href=\"https:\/\/parier-presidentielle.com\/nl\/unibet-politiek-verkiezing-2022\/\">Presidenti\u00eble bookmaker van Unibet<\/a> : Gedetailleerde en gratis gids voor het plaatsen van uw eerste online weddenschap met alle kansen en hoe u kunt profiteren van de aangeboden bonus!<\/p>\n\n\n\n<p>Evenals andere online sites in Parijs: <a href=\"https:\/\/parier-presidentielle.com\/nl\/unibet-politiek-verkiezing-2022\/\">Bwin<\/a>, <a href=\"https:\/\/parier-presidentielle.com\/nl\/netbet-paris-politiek-verkiezing-2022\/\">NetBet<\/a>, <a href=\"https:\/\/parier-presidentielle.com\/nl\/betclic-presidentieel-2022\/\">Betclic<\/a>, <a href=\"https:\/\/parier-presidentielle.com\/nl\/winamax-politiek-verkiezing-2022\/\">Winamax<\/a>, Parions Sport, Zebet,Betway, France-Pari,Vbet, Cloudbet, 1Xbit, 1xbet, Betfair, Betwinner \u2026<\/p>\n\n\n\n<div class=\"wp-block-columns is-layout-flex wp-container-6 wp-block-columns-is-layout-flex\">\n<div class=\"wp-block-column is-layout-flow wp-block-column-is-layout-flow\" style=\"flex-basis:33.33%\">\n<p>Je hebt zojuist ons bestand gelezen:<\/p>\n<\/div>\n\n\n\n<div class=\"wp-block-column is-layout-flow wp-block-column-is-layout-flow\" style=\"flex-basis:33.33%\">\n<div class=\"wp-block-group is-layout-flow wp-block-group-is-layout-flow\"><div class=\"wp-block-group__inner-container\"><h4 class=\"has-text-align-center wp-block-post-title\"><span id=\"netbet-parier-sur-la-politique-et-l8217election-presidentielle-2022\"><a href=\"https:\/\/parier-presidentielle.com\/nl\/netbet-paris-politiek-verkiezing-2022\/\" target=\"_self\" >NetBet: wedden op politiek en de presidentsverkiezingen van 2022<\/a><\/span><\/h4><\/div><\/div>\n<\/div>\n\n\n\n<div class=\"wp-block-column is-layout-flow wp-block-column-is-layout-flow\" style=\"flex-basis:33.33%\">\n<p class=\"has-text-align-right\">Lees verder met onze andere exclusieve bestanden,<\/p>\n<\/div>\n<\/div>\n\n\n\n<h3 class=\"wp-block-heading\" id=\"tous-les-pronostics-sondage-et-cotes-pour-parier-sur-le-futur-vainqueur-de-l-election-presidentielle-2022\"><span id=\"tous-les-pronostics-sondage-et-cotes-pour-parier-sur-le-futur-vainqueur-de-l8217election-presidentielle-2024\">Alle voorspellingen, enqu\u00eates en kansen om te wedden op de toekomstige winnaar van de presidentsverkiezingen van 2024:<\/span><\/h3>\n\n\n\n<ul>\n<li><a href=\"https:\/\/parier-presidentielle.com\/nl\/macron-verkiezing\/\">Wed op Emmanuel Macron met Unibet, Betclic, Bwin<\/a> : De favoriet in peilingen en voorspellingen <\/li>\n\n\n\n<li><a href=\"https:\/\/parier-presidentielle.com\/nl\/marine-le-pen-verkiezing\/\">Marine Le Pen: Haar kansen en hoe te wedden bij de Bookmakers<\/a>: De uitdager volgens Unibet<\/li>\n<\/ul>\n\n\n\n<p><\/p>\n\n\n\n<center><script type=\"text\/javascript\" charset=\"utf-8\" src=\"https:\/\/www.gambling-affiliation.com\/cpm\/v=AmIMTDSs92QY6b0MzDMvM5laCjJ-ZlA-1oQ-7tKsi.w_GA7331V2\"><\/script><\/center>\n\n\n\n<h3 class=\"wp-block-heading\"><span id=\"donald-trump-vs-joe-biden-la-video-qui-lance-les-paris-en-ligne-sur-l8217election-politique-de-2024\">Donald Trump versus Joe Biden: de video die online weddenschappen op de politieke verkiezingen van 2024 lanceert<\/span><\/h3>\n\n\n\n<figure class=\"wp-block-embed is-type-video is-provider-youtube wp-block-embed-youtube wp-embed-aspect-16-9 wp-has-aspect-ratio\"><div class=\"wp-block-embed__wrapper\">\n<iframe loading=\"lazy\" title=\"Voormalig president Donald Trump lanceert 2024 Witte Huis-bod #Short\" width=\"640\" height=\"360\" src=\"https:\/\/www.youtube.com\/embed\/hZykPRVe4Ag?feature=oembed\" frameborder=\"0\" allow=\"accelerometer; autoplay; clipboard-write; encrypted-media; gyroscope; picture-in-picture; web-share\" allowfullscreen><\/iframe>\n<\/div><\/figure>\n\n\n<div class=\"wp-block-image\">\n<figure class=\"aligncenter size-medium\"><a href=\"https:\/\/parier-presidentielle.com\/nl\/recommends\/unibet\/\" target=\"_blank\" rel=\"noopener\"><img decoding=\"async\" loading=\"lazy\" width=\"300\" height=\"169\" src=\"https:\/\/parier-presidentielle.com\/wp-content\/uploads\/2022\/04\/unibet-300x169.jpg\" alt=\"\" class=\"wp-image-1252\" srcset=\"https:\/\/parier-presidentielle.com\/wp-content\/uploads\/2022\/04\/unibet-300x169.jpg 300w, https:\/\/parier-presidentielle.com\/wp-content\/uploads\/2022\/04\/unibet-1024x576.jpg 1024w, https:\/\/parier-presidentielle.com\/wp-content\/uploads\/2022\/04\/unibet-768x432.jpg 768w, https:\/\/parier-presidentielle.com\/wp-content\/uploads\/2022\/04\/unibet-18x10.jpg 18w, https:\/\/parier-presidentielle.com\/wp-content\/uploads\/2022\/04\/unibet.jpg 1280w\" sizes=\"(max-width: 300px) 100vw, 300px\" \/><\/a><\/figure><\/div>\n\n\n<p>Vind de Wiki, het essenti\u00eble politieke nieuws over cannabis en zijn legale afgeleiden: <strong>HHC, H4cbd, Thcp, Thcv, HSD, HHCPO, C4B<\/strong><\/p>\n\n\n\n<p><br><\/p>\n<div id=\"toc_container\" class=\"no_bullets\"><p class=\"toc_title\">Inhoud<\/p><ul class=\"toc_list\"><li><\/li><li><ul><li><\/li><\/ul><\/li><li><\/li><li><ul><li><ul><li><\/li><\/ul><\/li><li><\/li><li><\/li><\/ul><\/li><\/ul><\/div>","protected":false},"excerpt":{"rendered":"<p>Quelle est l&#8217;offre du Bookmaker NetBet 2022? Netbet propose actuellement le meilleur bonus pour parier en ligne 100\u20ac!Pour acc\u00e9der \u00e0 ce bonus il suffit de passer par notre lien partenaire : 100\u20ac offerts sur votre 1er Pari! cliquez ici NetBet NetBet est un op\u00e9rateur de jeux en ligne appartenant \u00e0 NetBet Enterprises Ltd. La plate-forme &#8230;<\/p>","protected":false},"author":1,"featured_media":0,"parent":0,"menu_order":0,"comment_status":"closed","ping_status":"closed","template":"page-nosidebar.php","meta":{"footnotes":""},"yoast_head":"<!-- This site is optimized with the Yoast SEO Premium plugin v21.0 (Yoast SEO v21.0) - https:\/\/yoast.com\/wordpress\/plugins\/seo\/ -->\n<title>NetBet : Parier sur la politique et l&#039;\u00e9lection Pr\u00e9sidentielle 2022 - Finale Coupe du Monde FIFA<\/title>\n<meta name=\"description\" content=\"Parier avec Netbet 100\u20ac offert pour votre 1er Pari sur la Politique, le Sport! Guide du Bookmaker pour profiter du Bonus de bienvenue...\" \/>\n<meta name=\"robots\" content=\"index, follow, max-snippet:-1, max-image-preview:large, max-video-preview:-1\" \/>\n<link rel=\"canonical\" href=\"https:\/\/parier-presidentielle.com\/nl\/netbet-paris-politiek-verkiezing-2022\/\" \/>\n<meta property=\"og:locale\" content=\"nl_NL\" \/>\n<meta property=\"og:type\" content=\"article\" \/>\n<meta property=\"og:title\" content=\"NetBet : Parier sur la politique et l&#039;\u00e9lection Pr\u00e9sidentielle 2022\" \/>\n<meta property=\"og:description\" content=\"Parier avec Netbet 100\u20ac offert pour votre 1er Pari sur la Politique, le Sport! Guide du Bookmaker pour profiter du Bonus de bienvenue...\" \/>\n<meta property=\"og:url\" content=\"https:\/\/parier-presidentielle.com\/nl\/netbet-paris-politiek-verkiezing-2022\/\" \/>\n<meta property=\"og:site_name\" content=\"Parier Pr\u00e9sidentielle\" \/>\n<meta property=\"article:modified_time\" content=\"2022-04-14T13:41:15+00:00\" \/>\n<meta property=\"og:image\" content=\"https:\/\/banners.livepartners.com\/view.php?z=151480\" \/>\n<meta name=\"twitter:card\" content=\"summary_large_image\" \/>\n<meta name=\"twitter:label1\" content=\"Est. reading time\" \/>\n\t<meta name=\"twitter:data1\" content=\"7 minuten\" \/>\n<script type=\"application\/ld+json\" class=\"yoast-schema-graph\">{\"@context\":\"https:\/\/schema.org\",\"@graph\":[{\"@type\":\"WebPage\",\"@id\":\"https:\/\/parier-presidentielle.com\/netbet-paris-politique-election-2022\/\",\"url\":\"https:\/\/parier-presidentielle.com\/netbet-paris-politique-election-2022\/\",\"name\":\"NetBet : Parier sur la politique et l'\u00e9lection Pr\u00e9sidentielle 2022 - Finale Coupe du Monde FIFA\",\"isPartOf\":{\"@id\":\"https:\/\/parier-presidentielle.com\/#website\"},\"datePublished\":\"2021-09-14T14:48:34+00:00\",\"dateModified\":\"2022-04-14T13:41:15+00:00\",\"description\":\"Parier avec Netbet 100\u20ac offert pour votre 1er Pari sur la Politique, le Sport! Guide du Bookmaker pour profiter du Bonus de bienvenue...\",\"breadcrumb\":{\"@id\":\"https:\/\/parier-presidentielle.com\/netbet-paris-politique-election-2022\/#breadcrumb\"},\"inLanguage\":\"nl-NL\",\"potentialAction\":[{\"@type\":\"ReadAction\",\"target\":[\"https:\/\/parier-presidentielle.com\/netbet-paris-politique-election-2022\/\"]}]},{\"@type\":\"BreadcrumbList\",\"@id\":\"https:\/\/parier-presidentielle.com\/netbet-paris-politique-election-2022\/#breadcrumb\",\"itemListElement\":[{\"@type\":\"ListItem\",\"position\":1,\"name\":\"Accueil\",\"item\":\"https:\/\/parier-presidentielle.com\/\"},{\"@type\":\"ListItem\",\"position\":2,\"name\":\"NetBet : Parier sur la politique et l&#8217;\u00e9lection Pr\u00e9sidentielle 2022\"}]},{\"@type\":\"WebSite\",\"@id\":\"https:\/\/parier-presidentielle.com\/#website\",\"url\":\"https:\/\/parier-presidentielle.com\/\",\"name\":\"Parier Pr\u00e9sidentielle\",\"description\":\"Paris, Pronostics, Wiki sur la Politique, les Elections Am\u00e9ricaines: Joe Biden, Donald Trump avec les Bookmakers en ligne Unibet, Bwin, Betclic, Winamax\",\"potentialAction\":[{\"@type\":\"SearchAction\",\"target\":{\"@type\":\"EntryPoint\",\"urlTemplate\":\"https:\/\/parier-presidentielle.com\/?s={search_term_string}\"},\"query-input\":\"required name=search_term_string\"}],\"inLanguage\":\"nl-NL\"}]}<\/script>\n<!-- \/ Yoast SEO Premium plugin. -->","yoast_head_json":{"title":"NetBet : Parier sur la politique et l'\u00e9lection Pr\u00e9sidentielle 2022 - Finale Coupe du Monde FIFA","description":"Parier avec Netbet 100\u20ac offert pour votre 1er Pari sur la Politique, le Sport! Guide du Bookmaker pour profiter du Bonus de bienvenue...","robots":{"index":"index","follow":"follow","max-snippet":"max-snippet:-1","max-image-preview":"max-image-preview:large","max-video-preview":"max-video-preview:-1"},"canonical":"https:\/\/parier-presidentielle.com\/nl\/netbet-paris-politiek-verkiezing-2022\/","og_locale":"nl_NL","og_type":"article","og_title":"NetBet : Parier sur la politique et l'\u00e9lection Pr\u00e9sidentielle 2022","og_description":"Parier avec Netbet 100\u20ac offert pour votre 1er Pari sur la Politique, le Sport! Guide du Bookmaker pour profiter du Bonus de bienvenue...","og_url":"https:\/\/parier-presidentielle.com\/nl\/netbet-paris-politiek-verkiezing-2022\/","og_site_name":"Parier Pr\u00e9sidentielle","article_modified_time":"2022-04-14T13:41:15+00:00","og_image":[{"url":"https:\/\/banners.livepartners.com\/view.php?z=151480"}],"twitter_card":"summary_large_image","twitter_misc":{"Est. reading time":"7 minuten"},"schema":{"@context":"https:\/\/schema.org","@graph":[{"@type":"WebPage","@id":"https:\/\/parier-presidentielle.com\/netbet-paris-politique-election-2022\/","url":"https:\/\/parier-presidentielle.com\/netbet-paris-politique-election-2022\/","name":"NetBet : Parier sur la politique et l'\u00e9lection Pr\u00e9sidentielle 2022 - Finale Coupe du Monde FIFA","isPartOf":{"@id":"https:\/\/parier-presidentielle.com\/#website"},"datePublished":"2021-09-14T14:48:34+00:00","dateModified":"2022-04-14T13:41:15+00:00","description":"Parier avec Netbet 100\u20ac offert pour votre 1er Pari sur la Politique, le Sport! Guide du Bookmaker pour profiter du Bonus de bienvenue...","breadcrumb":{"@id":"https:\/\/parier-presidentielle.com\/netbet-paris-politique-election-2022\/#breadcrumb"},"inLanguage":"nl-NL","potentialAction":[{"@type":"ReadAction","target":["https:\/\/parier-presidentielle.com\/netbet-paris-politique-election-2022\/"]}]},{"@type":"BreadcrumbList","@id":"https:\/\/parier-presidentielle.com\/netbet-paris-politique-election-2022\/#breadcrumb","itemListElement":[{"@type":"ListItem","position":1,"name":"Accueil","item":"https:\/\/parier-presidentielle.com\/"},{"@type":"ListItem","position":2,"name":"NetBet : Parier sur la politique et l&#8217;\u00e9lection Pr\u00e9sidentielle 2022"}]},{"@type":"WebSite","@id":"https:\/\/parier-presidentielle.com\/#website","url":"https:\/\/parier-presidentielle.com\/","name":"Parier Pr\u00e9sidentielle","description":"Paris, Pronostics, Wiki sur la Politique, les Elections Am\u00e9ricaines: Joe Biden, Donald Trump avec les Bookmakers en ligne Unibet, Bwin, Betclic, Winamax","potentialAction":[{"@type":"SearchAction","target":{"@type":"EntryPoint","urlTemplate":"https:\/\/parier-presidentielle.com\/?s={search_term_string}"},"query-input":"required name=search_term_string"}],"inLanguage":"nl-NL"}]}},"_links":{"self":[{"href":"https:\/\/parier-presidentielle.com\/nl\/wp-json\/wp\/v2\/pages\/255"}],"collection":[{"href":"https:\/\/parier-presidentielle.com\/nl\/wp-json\/wp\/v2\/pages"}],"about":[{"href":"https:\/\/parier-presidentielle.com\/nl\/wp-json\/wp\/v2\/types\/page"}],"author":[{"embeddable":true,"href":"https:\/\/parier-presidentielle.com\/nl\/wp-json\/wp\/v2\/users\/1"}],"replies":[{"embeddable":true,"href":"https:\/\/parier-presidentielle.com\/nl\/wp-json\/wp\/v2\/comments?post=255"}],"version-history":[{"count":26,"href":"https:\/\/parier-presidentielle.com\/nl\/wp-json\/wp\/v2\/pages\/255\/revisions"}],"predecessor-version":[{"id":1412,"href":"https:\/\/parier-presidentielle.com\/nl\/wp-json\/wp\/v2\/pages\/255\/revisions\/1412"}],"wp:attachment":[{"href":"https:\/\/parier-presidentielle.com\/nl\/wp-json\/wp\/v2\/media?parent=255"}],"curies":[{"name":"wp","href":"https:\/\/api.w.org\/{rel}","templated":true}]}}