{"id":38,"date":"2021-09-06T23:13:07","date_gmt":"2021-09-06T21:13:07","guid":{"rendered":"https:\/\/parier-presidentielle.com\/?page_id=38"},"modified":"2022-04-24T12:33:15","modified_gmt":"2022-04-24T10:33:15","slug":"zemmour-election","status":"publish","type":"page","link":"https:\/\/parier-presidentielle.com\/nl\/zemmour-verkiezing\/","title":{"rendered":"Zet in op de verkiezing van Eric Zemmour"},"content":{"rendered":"<div class=\"wp-block-columns is-layout-flex wp-container-4 wp-block-columns-is-layout-flex\">\n<div class=\"wp-block-column is-layout-flow wp-block-column-is-layout-flow\" style=\"flex-basis:100%\">\n<div class=\"wp-block-columns is-layout-flex wp-container-2 wp-block-columns-is-layout-flex\">\n<div class=\"wp-block-column is-layout-flow wp-block-column-is-layout-flow\" style=\"flex-basis:100%\">\n<center><script type=\"text\/javascript\" charset=\"utf-8\" src=\"https:\/\/www.gambling-affiliation.com\/cpm\/v=AmIMTDSs92QY6b0MzDMvM5laCjJ-ZlA-1oQ-7tKsi.w_GA7331V2\"><\/script><\/center>\n\n\n\n<p><\/p>\n\n\n\n<div class=\"wp-block-image is-style-default\"><figure class=\"aligncenter size-medium\"><a href=\"https:\/\/parier-presidentielle.com\/nl\/recommends\/unibet-logo\/\" target=\"_blank\" rel=\"no follow noopener\"><img decoding=\"async\" loading=\"lazy\" width=\"300\" height=\"169\" src=\"https:\/\/parier-presidentielle.com\/wp-content\/uploads\/2022\/04\/unibet-300x169.jpg\" alt=\"\" class=\"wp-image-1252\" srcset=\"https:\/\/parier-presidentielle.com\/wp-content\/uploads\/2022\/04\/unibet-300x169.jpg 300w, https:\/\/parier-presidentielle.com\/wp-content\/uploads\/2022\/04\/unibet-1024x576.jpg 1024w, https:\/\/parier-presidentielle.com\/wp-content\/uploads\/2022\/04\/unibet-768x432.jpg 768w, https:\/\/parier-presidentielle.com\/wp-content\/uploads\/2022\/04\/unibet-18x10.jpg 18w, https:\/\/parier-presidentielle.com\/wp-content\/uploads\/2022\/04\/unibet.jpg 1280w\" sizes=\"(max-width: 300px) 100vw, 300px\" \/><\/a><\/figure><\/div>\n<\/div>\n<\/div>\n<\/div>\n<\/div>\n\n\n\n<h2 class=\"wp-block-heading\" id=\"block-f005be1c-8637-4455-a388-e82bafcaf460\"><span id=\"cote-et-pronostics-pour-le-candidat-eric-zemmour-paris-en-ligne-sur-la-politique-et-le-futur-president-de-la-france-de-2022\">Odds en voorspellingen voor kandidaat \u00c9ric Zemmour:<br>Online wedden op de politiek en de toekomstige president van Frankrijk in 2022<\/span><\/h2>\n\n\n\n<h3 class=\"wp-block-heading\"><span id=\"eric-zemmour-le-candidat-surprise-de-l8217election-le-polemiste-peut-changer-les-resultats-du-premier-tour-et-les-cotes-des-bookmaker-bwin-unibet\">Eric Zemmour, de verrassende kandidaat van de verkiezingen, de polemist kan de resultaten van de eerste ronde en de kansen van de bookmaker Bwin &amp; Unibet veranderen!<\/span><\/h3>\n\n\n\n<p>De peilingen blijven stijgen voor de voormalige CNEWS-journalist, zijn komst kan de situatie van het voorspelbare veranderen: Macron \u2013 Le Pen! Een deel van de rechtse en extreemrechtse kiezers laat zich verleiden door zijn kandidatuur, zodat Eric Zemmour de nationale rallykandidaat Marine Le Pen wat punten kan laten verliezen en kan voorkomen dat ze in de tweede ronde komt...<br>Online gok-\/bookmaker-sites zoals Bwin en Unibet hebben dus hun odds moeten aanpassen sinds de campagne van start ging!<\/p>\n\n\n\n<div class=\"wp-block-image wp-duotone-000097-ff4747-5\"><figure class=\"aligncenter size-full is-resized\"><img decoding=\"async\" loading=\"lazy\" src=\"https:\/\/parier-presidentielle.com\/wp-content\/uploads\/2021\/09\/22204991lpmw-22209477-article-jpg_8234264_980x426.jpg\" alt=\"Eric Zemmour: kandidaat voor de presidentsverkiezingen van 2022\" class=\"wp-image-352\" width=\"490\" height=\"213\" srcset=\"https:\/\/parier-presidentielle.com\/wp-content\/uploads\/2021\/09\/22204991lpmw-22209477-article-jpg_8234264_980x426.jpg 980w, https:\/\/parier-presidentielle.com\/wp-content\/uploads\/2021\/09\/22204991lpmw-22209477-article-jpg_8234264_980x426-300x130.jpg 300w, https:\/\/parier-presidentielle.com\/wp-content\/uploads\/2021\/09\/22204991lpmw-22209477-article-jpg_8234264_980x426-768x334.jpg 768w\" sizes=\"(max-width: 490px) 100vw, 490px\" \/><\/figure><\/div>\n\n\n\n<p><\/p>\n\n\n\n<h3 class=\"wp-block-heading\"><span id=\"la-cote-d8217eric-zemmour-chez-le-bookmaker-bwin-pour-l8217election-presidentielle-2022\">De kansen van Eric Zemmour bij de Bwin-bookmaker voor de presidentsverkiezingen van 2022<\/span><\/h3>\n\n\n\n<p>De odds zijn 11: win \u20ac1.100 als je \u20ac100 inzet<\/p>\n\n\n\n<div class=\"wp-block-image\"><figure class=\"aligncenter size-full is-resized\"><img decoding=\"async\" loading=\"lazy\" src=\"https:\/\/parier-presidentielle.com\/wp-content\/uploads\/2021\/09\/image-5.png\" alt=\"De kansen van Eric Zemmour bij de Bwin-bookmaker voor de presidentsverkiezingen van 2022\" class=\"wp-image-350\" width=\"486\" height=\"209\" srcset=\"https:\/\/parier-presidentielle.com\/wp-content\/uploads\/2021\/09\/image-5.png 975w, https:\/\/parier-presidentielle.com\/wp-content\/uploads\/2021\/09\/image-5-300x129.png 300w, https:\/\/parier-presidentielle.com\/wp-content\/uploads\/2021\/09\/image-5-768x329.png 768w\" sizes=\"(max-width: 486px) 100vw, 486px\" \/><\/figure><\/div>\n\n\n\n<h2 class=\"wp-block-heading\"><span id=\"paris-en-ligne-sur-eric-zemmour\"><br>Online wedden op \u00c9ric Zemmour <\/span><\/h2>\n\n\n\n<p>De peilingen blijven stijgen voor de voormalige CNEWS-journalist, zijn komst zou de situatie van het voorspelbare kunnen veranderen: Macron \u2013 Le Pen! Sommige rechtse en extreemrechtse kiezers laten zich verleiden door zijn kandidatuur, dus Eric Zemmour kan National Rally-kandidaat Marine Le Pen een paar punten laten verliezen en voorkomen dat ze in de tweede ronde komt...<\/p>\n\n\n\n<p>Online goksites\/bookmakers zoals Bwin en Unibet hebben dus sinds de lancering hun odds moeten aanpassen!<\/p>\n\n\n\n<p>Als Marine Le Pen nog steeds favoriet is met een odd van 4,25 op Unibet, hebben haar odds een flinke klap gekregen vergeleken met de 4,50 een paar weken geleden. De rating van Emmanuel Macron werd om een andere reden verlaagd van 3,75 &gt; 3,50: Nicolas Dupont-Aignan, wiens politieke lijn niet veel verschilt van die van Eric Zemmour, bundelde zijn krachten met hem om presidentskandidaat te worden als onderdeel van een overeenkomst met Marine Le Pen die dat zal doen. wees ook zijn premier in geval van overwinning! Deze alliantie zou stemmen van Le Pen kunnen stelen en de kansen van Macron op de overwinning vergroten.<\/p>\n\n\n\n<p>Tenslotte noteren we ook nog een kleine correctie betreffende Fran\u00e7ois Fillon die op de derde plaats blijft staan maar zijn rating lichtjes ziet stijgen! Inderdaad,<\/p>\n\n\n\n<h2 class=\"wp-block-heading\"><span id=\"la-bio-de-eric-zemmour-pour-bien-parier\">De biografie van Eric Zemmour voor een goede gok<\/span><\/h2>\n\n\n\n<p>\u00c9ric Justin L\u00e9on Zemmour (Franse uitspraak: ; geboren 31 augustus 1958) is een Franse essayist, politiek journalist en schrijver. Zijn conservatieve standpunten, evenals de talrijke controverses waarbij hij betrokken was, zijn berucht in zijn geboorteland. Met de publicatie van The French Suicide (in het Frans: Le Suicide fran\u00e7ais), een boek waarvoor hij de Combourg-Chateaubriand-prijs 2015 ontving. Ook ontving hij in 2011 de Richelieu-prijs voor zijn hele carri\u00e8re als journalist.<\/p>\n\n\n\n<p>Zemmour, geboren in Montreuil, studeerde aan Sciences Po. Hij werd in 1986 aangenomen door Le Quotidien de Paris voordat hij in 1996 verslaggever werd voor Le Figaro, tot zijn ontslag in 2009 na een controverse over uitspraken die hij had gedaan, waarvoor hij werd veroordeeld wegens het aanzetten tot rassen discriminatie. Vervolgens bleef hij schrijven voor Le Figaro Magazine. Zemmour is als televisiepersoonlijkheid verschenen in shows als On n&#039;est pas couch op France 2 (2006-2011), \u00c7a se dispuut op I-T\u00e9l\u00e9 (2003-2014) en Face \u00e0 l&#039;Info op CNews (sinds 2019) . Sinds 2011 is hij ook te zien op Zemmour et Naulleau, een wekelijkse debatavond georganiseerd door Ana\u00efs Bouton tijdens de premi\u00e8re in Parijs, in het gezelschap van literair criticus \u00c9ric Naulleau. Zemmour werkte van 2010 tot 2019 parallel voor RTL, eerst als presentator van het radioprogramma Z comme Zemmour, voordat hij als analist bij Yves Calvi&#039;s televisiejournaal kwam.<\/p>\n\n\n\n<p>Zemmour is het onderwerp geweest van veel mediadiscussie als mogelijke kandidaat voor de presidentsverkiezingen van 2022. Hij blijft publiekelijk onbeslist over zijn kandidatuur.<\/p>\n\n\n\n<p>leven en carri\u00e8re<br>Vroege leven<br>\u00c9ric Zemmour werd geboren in Montreuil en vervolgens in Seine, vandaag in Seine-Saint-Denis, op 31 augustus 1958, in een Joods Algerijns gezin met de Franse nationaliteit dat tijdens de Algerijnse oorlog naar het vasteland van Frankrijk kwam. Hij groeide op in Drancy en vervolgens in de Parijse wijk Ch\u00e2teau Rouge. Als zoon van Roger Zemmour, een ambulancechauffeur, en zijn vrouw Lucette, een huisvrouw, zei hij dat hij zijn moeder en grootmoeder bewonderde: zijn vader was vaak afwezig en hij werd feitelijk opgevoed door vrouwen \u2018die [hem] leerden een man. .\u201d<\/p>\n\n\n\n<p>Politiek journalist<br>Zemmour, afgestudeerd aan het Instituut voor Politieke Studies in Parijs, werd tweemaal niet toegelaten tot de Nationale School voor Bestuur. Hij begon zijn carri\u00e8re in 1986 bij Quotidien de Paris, onder leiding van Philippe Tesson, als journalist op het politieke bureau. Nadat de krant in 1994 werd gesloten, werd hij redactioneel schrijver bij Info-Matin, waar hij een jaar bleef. Vervolgens trad hij in 1996 toe tot de redactie van Le Figaro als politiek journalist. Zemmour was ook onafhankelijk journalist voor Marianne in 1997 en voor Valeurs nationaux in 1999. In 2009 werd hij ontslagen bij Le Figaro na een controverse over uitspraken die hij had gedaan, waarvoor hij werd veroordeeld wegens het aanzetten tot rassendiscriminatie. bij Figaro Magazine, waar hij sindsdien een wekelijkse column schrijft. Hij is ook politiek columnist bij Spectacle du Monde. Ondanks dat hij niet werd toegelaten tot de National School of Administration, zorgde zijn status als politiek journalist ervoor dat hij in 2006 lid kon worden van de toelatingscommissie van de school.<\/p>\n\n\n\n<p>Zemmour steunde het rattachisme.<\/p>\n\n\n\n<p>Schrijver en essayist<br>Zemmour schreef biografie\u00ebn van \u00c9douard Balladur (Balladur, immobile \u00e0 grands pas) en Jacques Chirac (The Man Who Didn&#039;t Love Himself), evenals politieke essays. In 2006 publiceerde hij met name The First Sex, een boek over wat hij beschouwt als de feminisering van de samenleving. Hij werkte aan het scenario voor de film In the Skin of Jacques Chirac van Michel Royer en Karl Z\u00e9ro, hoewel laatstgenoemde heeft verklaard dat het schrijven van Zemmour beperkt nut had. In maart 2010 bekeek hij met M\u00e9lancolie fran\u00e7aise (die de Prijs voor het Verkeerde Boek won) de Franse geschiedenis opnieuw. Van Zemmours boek uit 2014, The French Suicide, werden meer dan 400.000 exemplaren verkocht.\u2019<\/p>\n\n\n\n<h3 class=\"wp-block-heading\"><span id=\"de-polemiste-a-candidats-a-l8217election-presidentielle-francaise\">Van polemist tot kandidaten voor de Franse presidentsverkiezingen!<\/span><\/h3>\n\n\n\n<p>Hij is sinds september 2003 televisie- en radiopersoonlijkheid en neemt elke week deel aan de show \u00c7a se dispuut op de 24-uurs nieuwszender i&gt;T\u00e9l\u00e9 tegenover Nicolas Domenach (Christophe Barbier tot 2006). De zender besloot in december 2014 de show stop te zetten. Tot juni 2006 was hij ook te zien op Friday p\u00eates op Canal+. Vanaf september 2006 sloot hij zich aan bij France 2 om deel te nemen aan de show On n&#039;est pas couched, gepresenteerd door Laurent Ruquier, begeleid door Michel Polac en vervolgens \u00c9ric Naulleau, waar ze verantwoordelijk waren voor het presenteren van een eerlijke recensie van films, boeken, albums, enz. Tijdens de show leidden hun uitwisselingen met culturele figuren soms tot botsingen. Op 27 mei 2011 kondigde Laurent Ruquier in Le Parisien aan dat hij \u00c9ric Zemmour en \u00c9ric Naulleau zou vervangen door nieuwe bijdragers voor het volgende seizoen van On n&#039;est pas couch. \u00c9ric Zemmour nam ook deel aan de show L&#039;Hebdo als redacteur op Tempo, de zender van de Franse overzeese gebiedsdelen; hij werd onder meer vergezeld door Dominique Wolton.<\/p>\n\n\n\n<p><\/p>\n\n\n\n<h2 class=\"wp-block-heading\"><span id=\"i\"><\/span><\/h2>\n\n\n\n<figure class=\"wp-block-image size-full\"><img decoding=\"async\" loading=\"lazy\" width=\"377\" height=\"334\" src=\"https:\/\/parier-presidentielle.com\/wp-content\/uploads\/2021\/09\/image-6.png\" alt=\"\" class=\"wp-image-351\" srcset=\"https:\/\/parier-presidentielle.com\/wp-content\/uploads\/2021\/09\/image-6.png 377w, https:\/\/parier-presidentielle.com\/wp-content\/uploads\/2021\/09\/image-6-300x266.png 300w\" sizes=\"(max-width: 377px) 100vw, 377px\" \/><\/figure>\n\n\n\n<p><\/p>\n\n\n\n<p class=\"has-text-align-center unibet\" style=\"font-size:25px\"><mark style=\"background-color:rgba(0, 0, 0, 0);color:#0d7a12\" class=\"has-inline-color\"><strong><a href=\"https:\/\/parier-presidentielle.com\/nl\/recommends\/unibet\/\">150\u20ac Bonus aangeboden bij Unibet<br>Voor uw eerste politieke of sportweddenschap: Klik hier<\/a><\/strong><\/mark><\/p>\n\n\n\n<p><\/p>\n\n\n<div class=\"wp-block-image\">\n<figure class=\"aligncenter is-resized wp-duotone-000097-ff4747-6\"><img decoding=\"async\" loading=\"lazy\" src=\"https:\/\/parier-presidentielle.com\/wp-content\/uploads\/2021\/09\/election-standard-scale-4_00x-gigapixel-1024x623.jpg\" alt=\"Verkiezing 2022\" style=\"width:256px;height:156px\" width=\"256\" height=\"156\"\/><\/figure><\/div>\n\n\n<p><br><\/p>\n\n\n\n<p><strong>Parier-presidential helpt u bij het maken van uw keuze tussen de verschillende<a href=\"https:\/\/parier-presidentielle.com\/nl\/\"> Bookmakers Bwin, Unibet en Betclic gaan wedden op de toekomstige Amerikaanse president in 2024<\/a> : <\/strong><br><a href=\"https:\/\/parier-presidentielle.com\/nl\/unibet-politiek-verkiezing-2022\/\">Presidenti\u00eble bookmaker van Unibet<\/a> : Gedetailleerde en gratis gids voor het plaatsen van uw eerste online weddenschap met alle kansen en hoe u kunt profiteren van de aangeboden bonus!<\/p>\n\n\n\n<p>Evenals andere online sites in Parijs: <a href=\"https:\/\/parier-presidentielle.com\/nl\/unibet-politiek-verkiezing-2022\/\">Bwin<\/a>, <a href=\"https:\/\/parier-presidentielle.com\/nl\/netbet-paris-politiek-verkiezing-2022\/\">NetBet<\/a>, <a href=\"https:\/\/parier-presidentielle.com\/nl\/betclic-presidentieel-2022\/\">Betclic<\/a>, <a href=\"https:\/\/parier-presidentielle.com\/nl\/winamax-politiek-verkiezing-2022\/\">Winamax<\/a>, Parions Sport, Zebet,Betway, France-Pari,Vbet, Cloudbet, 1Xbit, 1xbet, Betfair, Betwinner \u2026<\/p>\n\n\n\n<div class=\"wp-block-columns is-layout-flex wp-container-11 wp-block-columns-is-layout-flex\">\n<div class=\"wp-block-column is-layout-flow wp-block-column-is-layout-flow\" style=\"flex-basis:33.33%\">\n<p>Je hebt zojuist ons bestand gelezen:<\/p>\n<\/div>\n\n\n\n<div class=\"wp-block-column is-layout-flow wp-block-column-is-layout-flow\" style=\"flex-basis:33.33%\">\n<div class=\"wp-block-group is-layout-flow wp-block-group-is-layout-flow\"><div class=\"wp-block-group__inner-container\"><h4 class=\"has-text-align-center wp-block-post-title\"><span id=\"parier-sur-l8217election-d8217eric-zemmour\"><a href=\"https:\/\/parier-presidentielle.com\/nl\/zemmour-verkiezing\/\" target=\"_self\" >Zet in op de verkiezing van Eric Zemmour<\/a><\/span><\/h4><\/div><\/div>\n<\/div>\n\n\n\n<div class=\"wp-block-column is-layout-flow wp-block-column-is-layout-flow\" style=\"flex-basis:33.33%\">\n<p class=\"has-text-align-right\">Lees verder met onze andere exclusieve bestanden,<\/p>\n<\/div>\n<\/div>\n\n\n\n<h3 class=\"wp-block-heading\" id=\"tous-les-pronostics-sondage-et-cotes-pour-parier-sur-le-futur-vainqueur-de-l-election-presidentielle-2022\"><span id=\"tous-les-pronostics-sondage-et-cotes-pour-parier-sur-le-futur-vainqueur-de-l8217election-presidentielle-2024\">Alle voorspellingen, enqu\u00eates en kansen om te wedden op de toekomstige winnaar van de presidentsverkiezingen van 2024:<\/span><\/h3>\n\n\n\n<ul>\n<li><a href=\"https:\/\/parier-presidentielle.com\/nl\/macron-verkiezing\/\">Wed op Emmanuel Macron met Unibet, Betclic, Bwin<\/a> : De favoriet in peilingen en voorspellingen <\/li>\n\n\n\n<li><a href=\"https:\/\/parier-presidentielle.com\/nl\/marine-le-pen-verkiezing\/\">Marine Le Pen: Haar kansen en hoe te wedden bij de Bookmakers<\/a>: De uitdager volgens Unibet<\/li>\n<\/ul>\n\n\n\n<p><\/p>\n\n\n\n<center><script type=\"text\/javascript\" charset=\"utf-8\" src=\"https:\/\/www.gambling-affiliation.com\/cpm\/v=AmIMTDSs92QY6b0MzDMvM5laCjJ-ZlA-1oQ-7tKsi.w_GA7331V2\"><\/script><\/center>\n\n\n\n<h3 class=\"wp-block-heading\"><span id=\"donald-trump-vs-joe-biden-la-video-qui-lance-les-paris-en-ligne-sur-l8217election-politique-de-2024\">Donald Trump versus Joe Biden: de video die online weddenschappen op de politieke verkiezingen van 2024 lanceert<\/span><\/h3>\n\n\n\n<figure class=\"wp-block-embed is-type-video is-provider-youtube wp-block-embed-youtube wp-embed-aspect-16-9 wp-has-aspect-ratio\"><div class=\"wp-block-embed__wrapper\">\n<iframe loading=\"lazy\" title=\"Voormalig president Donald Trump lanceert 2024 Witte Huis-bod #Short\" width=\"640\" height=\"360\" src=\"https:\/\/www.youtube.com\/embed\/hZykPRVe4Ag?feature=oembed\" frameborder=\"0\" allow=\"accelerometer; autoplay; clipboard-write; encrypted-media; gyroscope; picture-in-picture; web-share\" allowfullscreen><\/iframe>\n<\/div><\/figure>\n\n\n<div class=\"wp-block-image\">\n<figure class=\"aligncenter size-medium\"><a href=\"https:\/\/parier-presidentielle.com\/nl\/recommends\/unibet\/\" target=\"_blank\" rel=\"noopener\"><img decoding=\"async\" loading=\"lazy\" width=\"300\" height=\"169\" src=\"https:\/\/parier-presidentielle.com\/wp-content\/uploads\/2022\/04\/unibet-300x169.jpg\" alt=\"\" class=\"wp-image-1252\" srcset=\"https:\/\/parier-presidentielle.com\/wp-content\/uploads\/2022\/04\/unibet-300x169.jpg 300w, https:\/\/parier-presidentielle.com\/wp-content\/uploads\/2022\/04\/unibet-1024x576.jpg 1024w, https:\/\/parier-presidentielle.com\/wp-content\/uploads\/2022\/04\/unibet-768x432.jpg 768w, https:\/\/parier-presidentielle.com\/wp-content\/uploads\/2022\/04\/unibet-18x10.jpg 18w, https:\/\/parier-presidentielle.com\/wp-content\/uploads\/2022\/04\/unibet.jpg 1280w\" sizes=\"(max-width: 300px) 100vw, 300px\" \/><\/a><\/figure><\/div>\n\n\n<p>Vind de Wiki, het essenti\u00eble politieke nieuws over cannabis en zijn legale afgeleiden: <strong>HHC, H4cbd, Thcp, Thcv, HSD, HHCPO, C4B<\/strong><\/p>\n\n\n\n<p>Trefwoorden van de pagina: <br>#Zemour2022, Parijs Zemour, Bookmaker 2022,  <br>Winnaar van de Franse verkiezingen, opiniepeiling en sportbeoordeling, Party: Reconquest! Kinderen: Clarisse Zemmour, Thibault Zemmour, Hugo Zemmour, Vrouw: Myl\u00e8ne Chichportich, vermeende minnaar en adviseur: Sarah Knafo<br> <\/p>\n<div id=\"toc_container\" class=\"no_bullets\"><p class=\"toc_title\">Inhoud<\/p><ul class=\"toc_list\"><li><ul><li><\/li><li><\/li><\/ul><\/li><li><\/li><li><ul><li><\/li><\/ul><\/li><li><ul><li><ul><li><\/li><\/ul><\/li><li><\/li><li><\/li><\/ul><\/li><\/ul><\/div>","protected":false},"excerpt":{"rendered":"<p>Cote et pronostics pour le candidat \u00c9ric Zemmour :Paris en ligne sur la politique et le futur pr\u00e9sident de la France de 2022 Eric Zemmour le candidat surprise de l&#8217;\u00e9lection, le pol\u00e9miste peut changer les r\u00e9sultats du premier tour et les cotes des Bookmaker Bwin &amp; Unibet! Les sondages n&#8217;arr\u00eate pas d&#8217;augmenter pour l&#8217;ancien journaliste &#8230;<\/p>","protected":false},"author":1,"featured_media":0,"parent":0,"menu_order":0,"comment_status":"closed","ping_status":"closed","template":"page-nosidebar.php","meta":{"footnotes":""},"yoast_head":"<!-- This site is optimized with the Yoast SEO Premium plugin v21.0 (Yoast SEO v21.0) - https:\/\/yoast.com\/wordpress\/plugins\/seo\/ -->\n<title>Parier sur l&#039;\u00e9lection d&#039;Eric Zemmour - Finale Coupe du Monde FIFA<\/title>\n<meta name=\"description\" content=\"Pariez sur Emmanuel Macron pour l&#039;Election 2022 : Cliquez Ici et Gagnez Gros! Pronostics ,Comparaison des Bookmakers et des meilleurs Cotes.\" \/>\n<meta name=\"robots\" content=\"index, follow, max-snippet:-1, max-image-preview:large, max-video-preview:-1\" \/>\n<link rel=\"canonical\" href=\"https:\/\/parier-presidentielle.com\/nl\/zemmour-verkiezing\/\" \/>\n<meta property=\"og:locale\" content=\"nl_NL\" \/>\n<meta property=\"og:type\" content=\"article\" \/>\n<meta property=\"og:title\" content=\"Parier sur l&#039;\u00e9lection d&#039;Eric Zemmour\" \/>\n<meta property=\"og:description\" content=\"Pariez sur Emmanuel Macron pour l&#039;Election 2022 : Cliquez Ici et Gagnez Gros! Pronostics ,Comparaison des Bookmakers et des meilleurs Cotes.\" \/>\n<meta property=\"og:url\" content=\"https:\/\/parier-presidentielle.com\/nl\/zemmour-verkiezing\/\" \/>\n<meta property=\"og:site_name\" content=\"Parier Pr\u00e9sidentielle\" \/>\n<meta property=\"article:modified_time\" content=\"2022-04-24T10:33:15+00:00\" \/>\n<meta property=\"og:image\" content=\"https:\/\/parier-presidentielle.com\/wp-content\/uploads\/2021\/09\/22204991lpmw-22209477-article-jpg_8234264_980x426.jpg\" \/>\n<meta name=\"twitter:card\" content=\"summary_large_image\" \/>\n<meta name=\"twitter:label1\" content=\"Est. reading time\" \/>\n\t<meta name=\"twitter:data1\" content=\"7 minuten\" \/>\n<script type=\"application\/ld+json\" class=\"yoast-schema-graph\">{\"@context\":\"https:\/\/schema.org\",\"@graph\":[{\"@type\":\"WebPage\",\"@id\":\"https:\/\/parier-presidentielle.com\/zemmour-election\/\",\"url\":\"https:\/\/parier-presidentielle.com\/zemmour-election\/\",\"name\":\"Parier sur l'\u00e9lection d'Eric Zemmour - Finale Coupe du Monde FIFA\",\"isPartOf\":{\"@id\":\"https:\/\/parier-presidentielle.com\/#website\"},\"datePublished\":\"2021-09-06T21:13:07+00:00\",\"dateModified\":\"2022-04-24T10:33:15+00:00\",\"description\":\"Pariez sur Emmanuel Macron pour l'Election 2022 : Cliquez Ici et Gagnez Gros! Pronostics ,Comparaison des Bookmakers et des meilleurs Cotes.\",\"breadcrumb\":{\"@id\":\"https:\/\/parier-presidentielle.com\/zemmour-election\/#breadcrumb\"},\"inLanguage\":\"nl-NL\",\"potentialAction\":[{\"@type\":\"ReadAction\",\"target\":[\"https:\/\/parier-presidentielle.com\/zemmour-election\/\"]}]},{\"@type\":\"BreadcrumbList\",\"@id\":\"https:\/\/parier-presidentielle.com\/zemmour-election\/#breadcrumb\",\"itemListElement\":[{\"@type\":\"ListItem\",\"position\":1,\"name\":\"Accueil\",\"item\":\"https:\/\/parier-presidentielle.com\/\"},{\"@type\":\"ListItem\",\"position\":2,\"name\":\"Parier sur l&#8217;\u00e9lection d&#8217;Eric Zemmour\"}]},{\"@type\":\"WebSite\",\"@id\":\"https:\/\/parier-presidentielle.com\/#website\",\"url\":\"https:\/\/parier-presidentielle.com\/\",\"name\":\"Parier Pr\u00e9sidentielle\",\"description\":\"Paris, Pronostics, Wiki sur la Politique, les Elections Am\u00e9ricaines: Joe Biden, Donald Trump avec les Bookmakers en ligne Unibet, Bwin, Betclic, Winamax\",\"potentialAction\":[{\"@type\":\"SearchAction\",\"target\":{\"@type\":\"EntryPoint\",\"urlTemplate\":\"https:\/\/parier-presidentielle.com\/?s={search_term_string}\"},\"query-input\":\"required name=search_term_string\"}],\"inLanguage\":\"nl-NL\"}]}<\/script>\n<!-- \/ Yoast SEO Premium plugin. -->","yoast_head_json":{"title":"Parier sur l'\u00e9lection d'Eric Zemmour - Finale Coupe du Monde FIFA","description":"Pariez sur Emmanuel Macron pour l'Election 2022 : Cliquez Ici et Gagnez Gros! Pronostics ,Comparaison des Bookmakers et des meilleurs Cotes.","robots":{"index":"index","follow":"follow","max-snippet":"max-snippet:-1","max-image-preview":"max-image-preview:large","max-video-preview":"max-video-preview:-1"},"canonical":"https:\/\/parier-presidentielle.com\/nl\/zemmour-verkiezing\/","og_locale":"nl_NL","og_type":"article","og_title":"Parier sur l'\u00e9lection d'Eric Zemmour","og_description":"Pariez sur Emmanuel Macron pour l'Election 2022 : Cliquez Ici et Gagnez Gros! Pronostics ,Comparaison des Bookmakers et des meilleurs Cotes.","og_url":"https:\/\/parier-presidentielle.com\/nl\/zemmour-verkiezing\/","og_site_name":"Parier Pr\u00e9sidentielle","article_modified_time":"2022-04-24T10:33:15+00:00","og_image":[{"url":"https:\/\/parier-presidentielle.com\/wp-content\/uploads\/2021\/09\/22204991lpmw-22209477-article-jpg_8234264_980x426.jpg"}],"twitter_card":"summary_large_image","twitter_misc":{"Est. reading time":"7 minuten"},"schema":{"@context":"https:\/\/schema.org","@graph":[{"@type":"WebPage","@id":"https:\/\/parier-presidentielle.com\/zemmour-election\/","url":"https:\/\/parier-presidentielle.com\/zemmour-election\/","name":"Parier sur l'\u00e9lection d'Eric Zemmour - Finale Coupe du Monde FIFA","isPartOf":{"@id":"https:\/\/parier-presidentielle.com\/#website"},"datePublished":"2021-09-06T21:13:07+00:00","dateModified":"2022-04-24T10:33:15+00:00","description":"Pariez sur Emmanuel Macron pour l'Election 2022 : Cliquez Ici et Gagnez Gros! Pronostics ,Comparaison des Bookmakers et des meilleurs Cotes.","breadcrumb":{"@id":"https:\/\/parier-presidentielle.com\/zemmour-election\/#breadcrumb"},"inLanguage":"nl-NL","potentialAction":[{"@type":"ReadAction","target":["https:\/\/parier-presidentielle.com\/zemmour-election\/"]}]},{"@type":"BreadcrumbList","@id":"https:\/\/parier-presidentielle.com\/zemmour-election\/#breadcrumb","itemListElement":[{"@type":"ListItem","position":1,"name":"Accueil","item":"https:\/\/parier-presidentielle.com\/"},{"@type":"ListItem","position":2,"name":"Parier sur l&#8217;\u00e9lection d&#8217;Eric Zemmour"}]},{"@type":"WebSite","@id":"https:\/\/parier-presidentielle.com\/#website","url":"https:\/\/parier-presidentielle.com\/","name":"Parier Pr\u00e9sidentielle","description":"Paris, Pronostics, Wiki sur la Politique, les Elections Am\u00e9ricaines: Joe Biden, Donald Trump avec les Bookmakers en ligne Unibet, Bwin, Betclic, Winamax","potentialAction":[{"@type":"SearchAction","target":{"@type":"EntryPoint","urlTemplate":"https:\/\/parier-presidentielle.com\/?s={search_term_string}"},"query-input":"required name=search_term_string"}],"inLanguage":"nl-NL"}]}},"_links":{"self":[{"href":"https:\/\/parier-presidentielle.com\/nl\/wp-json\/wp\/v2\/pages\/38"}],"collection":[{"href":"https:\/\/parier-presidentielle.com\/nl\/wp-json\/wp\/v2\/pages"}],"about":[{"href":"https:\/\/parier-presidentielle.com\/nl\/wp-json\/wp\/v2\/types\/page"}],"author":[{"embeddable":true,"href":"https:\/\/parier-presidentielle.com\/nl\/wp-json\/wp\/v2\/users\/1"}],"replies":[{"embeddable":true,"href":"https:\/\/parier-presidentielle.com\/nl\/wp-json\/wp\/v2\/comments?post=38"}],"version-history":[{"count":17,"href":"https:\/\/parier-presidentielle.com\/nl\/wp-json\/wp\/v2\/pages\/38\/revisions"}],"predecessor-version":[{"id":1644,"href":"https:\/\/parier-presidentielle.com\/nl\/wp-json\/wp\/v2\/pages\/38\/revisions\/1644"}],"wp:attachment":[{"href":"https:\/\/parier-presidentielle.com\/nl\/wp-json\/wp\/v2\/media?parent=38"}],"curies":[{"name":"wp","href":"https:\/\/api.w.org\/{rel}","templated":true}]}}