{"id":422,"date":"2022-01-11T22:54:26","date_gmt":"2022-01-11T21:54:26","guid":{"rendered":"https:\/\/parier-presidentielle.com\/?page_id=422"},"modified":"2022-04-24T09:32:12","modified_gmt":"2022-04-24T07:32:12","slug":"valerie-pecresse-election","status":"publish","type":"page","link":"https:\/\/parier-presidentielle.com\/nl\/valerie-pecresse-verkiezing\/","title":{"rendered":"Wed op de verkiezing van Val\u00e9rie P\u00e9cresse"},"content":{"rendered":"<h2 class=\"wp-block-heading\"><span id=\"cote-et-pronostics-pour-la-candidate-ump-valerie-pecresse-paris-en-ligne-sur-la-politique-et-la-future-presidente-de-la-france-de-2022\">Odds en voorspellingen voor UMP-kandidaat Val\u00e9rie P\u00e9cresse:<br>Online wedden op de politiek en de toekomstige president van Frankrijk in 2022<br><br><\/span><\/h2>\n\n\n\n<div class=\"wp-block-image wp-duotone-000097-ff4747-1\"><figure class=\"aligncenter size-large is-resized\"><img decoding=\"async\" loading=\"lazy\" src=\"https:\/\/parier-presidentielle.com\/wp-content\/uploads\/2022\/01\/valerie-pecresse-1024x512.jpeg\" alt=\"Valerie Pecresse\" class=\"wp-image-427\" width=\"526\" height=\"262\" srcset=\"https:\/\/parier-presidentielle.com\/wp-content\/uploads\/2022\/01\/valerie-pecresse-1024x512.jpeg 1024w, https:\/\/parier-presidentielle.com\/wp-content\/uploads\/2022\/01\/valerie-pecresse-300x150.jpeg 300w, https:\/\/parier-presidentielle.com\/wp-content\/uploads\/2022\/01\/valerie-pecresse-768x384.jpeg 768w, https:\/\/parier-presidentielle.com\/wp-content\/uploads\/2022\/01\/valerie-pecresse.jpeg 1440w\" sizes=\"(max-width: 526px) 100vw, 526px\" \/><\/figure><\/div>\n\n\n\n<p><br>De presidentsverkiezingen van 2022 staan al in de schijnwerpers. Dit wordt een test voor het \u2018nieuwe normaal\u2019. De Fransen hebben sinds het begin van de gezondheidscrisis nog niet de kans gehad om te stemmen. Zij zullen zich moeten aanpassen aan nieuwe manieren van stemmen, op afstand en met mondkapjes. De presidentsverkiezingen zijn altijd een grote gebeurtenis in Frankrijk, dus het is belangrijk om de peilingen te volgen en te wedden op de kandidaat die Macron het meest waarschijnlijk zal opvolgen.<\/p>\n\n\n\n<p>Dit jaar staan veel kandidaten aan de start. Sommige zijn beter bekend dan andere. Wedden op Val\u00e9rie P\u00e9cresse is bijvoorbeeld een veilige gok omdat ze al heel lang in de politiek zit en haar aanhangers heeft. Ze was burgemeester van Versailles van 2002 tot 2016 en vervolgens president van \u00cele-de-France tot 2020.<\/p>\n\n\n\n<p>Presidentieel 2022: de aantekeningen en voorspellingen van Val\u00e9rie P\u00e9cresse<\/p>\n\n\n\n<p>Val\u00e9rie P\u00e9cresse nam de beslissing om zich kandidaat te stellen voor het presidentschap nadat ze tijdens haar carri\u00e8re lid was geweest van verschillende politieke partijen: UDF, UMP en vervolgens Les R\u00e9publicains. Ze maakte deel uit van de regering van Nicolas Sarkozy toen hij in 2007 president van Frankrijk werd. In 2017 steunde ze Emmanuel Macron openlijk tijdens de presidenti\u00eble campagne.<\/p>\n\n\n\n<h2 class=\"wp-block-heading\"><span id=\"biographie-de-valerie-pecresse-pour-bien-parier\"> <br>Biografie van Val\u00e9rie P\u00e9cresse voor een goede gok!<\/span><\/h2>\n\n\n\n<p><\/p>\n\n\n\n<p><strong>Val\u00e9rie P\u00e9cresse<\/strong>\u00a0Val\u00e9rie Roux (Neuilly-sur-Seine, 14 juli 1967) is een Franse politicus. Momenteel is ze voorzitter van de regionale raad van Ile de France.<\/p>\n\n\n\n<p>Op 4 december 2021 werd ze door de Republikeinse Partij verkozen tot kandidaat voor de Franse presidentsverkiezingen van 2022, met 61 %-stemmen tegen de 39 %-stemmen die Eric Ciotti in de tweede ronde van de voorverkiezingen behaalde.<\/p>\n\n\n\n<h2 class=\"wp-block-heading\"><span id=\"biographie\">Biografie<\/span><\/h2>\n\n\n\n<p>Ze was accountant bij de Raad van State sinds 1992, was adviseur van Jacques Chirac en gaf zes jaar lang les aan de faculteit van het Instituut voor Politieke Studies in Parijs. Tijdens de parlementsverkiezingen van 2002 werd hij verkozen tot plaatsvervanger van Yvelines en herkozen in 2007 en 2012. Minister van Hoger Onderwijs en Onderzoek van 2007 tot 2011, leidde de hervorming van de universitaire autonomie en was hoofd van de UMP-lijst bij de regionale verkiezingen van 2010 in de regio Ile-de-France. Van 2011 tot 2012 was zij minister van Begroting, Openbare Rekeningen en Staatshervorming en woordvoerder van de regering. In december 2014 werd ze benoemd tot co\u00f6rdinator van de regionale verkiezingen van 2015 en stond ze aan het hoofd van de lijst van de partij Les R\u00e9publicains voor de regio Ile-de-France, die ze in de tweede ronde won van de socialistische kandidaat Claude Bartolone.<\/p>\n\n\n\n<p>Hij was van 2002 tot 2015 lid van de Union for a Popular Movement (UMP) en van de Republikeinen (LR) tot 5 juni 2019, toen hij aankondigde de partij te verlaten na de mislukking van de Europese verkiezingen. (8.5% stemmen) en het aftreden van Laurent Wauquiez. P\u00e9cresse sprak vervolgens zijn wens uit om \u201c&nbsp;&nbsp;<em>herbouw rechts, dat met uitsterven wordt bedreigd<\/em>&nbsp;&quot;maar van&quot;&nbsp;<em>de buitenkant<\/em>&nbsp;\u00bb, door zijn eigen leiding te geven&nbsp;<em>Laten we vrij verkeer zijn<\/em>&nbsp;!.<\/p>\n\n\n\n<h3 class=\"wp-block-heading\"><span id=\"candidat-aux-elections-presidentielles-de-2022\">Kandidaat voor de presidentsverkiezingen van 2022<\/span><\/h3>\n\n\n\n<p>Op 22 juli 2021 maakte Val\u00e9rie P\u00e9cresse haar kandidatuur bekend voor de rechtse voorverkiezingen met het oog op de presidentsverkiezingen van 2022, waarbij ze verklaarde dat ze \u201cde Franse trots wilde herstellen\u201d en \u201cde orde in Frankrijk wilde brengen\u201d. Kandidaat voor het Republikeinse Congres met als doel de presidentskandidaat van de partij te nomineren, hervatte ze haar partijkaart in oktober 2021. Op 2 december kwam hij op de tweede plaats in de eerste ronde van de voorverkiezingen van het Congres, met 25 % van de stemmen, minder dan \u00e9\u00e9n punt achter Eric Ciotti (25,59 %). Nadat de resultaten van de eerste ronde v\u00f3\u00f3r de tweede ronde bekend waren gemaakt, kreeg ze de steun van Xavier Bertrand, Michel Barnier en Philippe Juvin. In de tweede ronde, gehouden op 4 december 2021, werd ze verkozen tot kandidaat voor de Franse verkiezingen van 2022. presidentsverkiezingen door de Republikeinse Partij, met 61% tegen 39% geproduceerd door Eric Ciotti.<\/p>\n\n\n\n<h2 class=\"wp-block-heading\"><span id=\"positions-politiques\">Politieke standpunten<\/span><\/h2>\n\n\n\n<p>Hij verklaarde zich voorstander van het economisch liberalisme en beweerde in augustus 2021 dat het &quot;twee derde Merkel, een derde Thatcher&quot; was.<\/p>\n\n\n\n<p>Nu de presidentsverkiezingen van 2022 dichterbij komen, beloofde hij de overheidsuitgaven en belastingen te verlagen door middel van vier grote hervormingen: de afschaffing van 150.000 banen in het openbaar bestuur, de overgang naar pensionering op 65-jarige leeftijd, de verlaging van de werkloosheidsuitkeringen en de scheiding van de staat. van concurrerende bedrijven waarvan zij een minderheidsaandeelhouder is.<\/p>\n\n\n\n<p>Ze was tegen het wetsvoorstel over het homohuwelijk in Frankrijk en nam tussen 2012 en 2013 deel aan verschillende demonstraties tegen het homohuwelijk en het ouderschap tussen mensen van hetzelfde geslacht, met name onder leiding van La Manif pour tous. HEEFT<\/p>\n\n\n\n<p>In 2021 pleitte hij voor een restrictievere aanpak van de immigratieproblematiek en noemde het \u201ceen grote uitdaging voor de samenleving\u201d. Het stelt met name de vaststelling voor van maximale jaarlijkse immigratieplafonds en strengere voorwaarden voor de afgifte van een verblijfsvergunning, zoals het hebben van &quot;voldoende middelen&quot; (waarvan het bedrag met 25 % zou stijgen), &quot;vaardigheid in de Franse taal&quot; en \u201crespect voor het secularisme en de waarden van de Republiek.\u201d Ten slotte wilt u mensen uitsluiten van socialebijstandsregelingen die minder dan vijf jaar in Frankrijk hebben gewoond.<\/p>\n\n\n\n<p><\/p>\n\n\n\n<p><\/p>\n<div id=\"toc_container\" class=\"no_bullets\"><p class=\"toc_title\">Inhoud<\/p><ul class=\"toc_list\"><li><\/li><li><\/li><li><ul><li><\/li><\/ul><\/li><li><\/li><\/ul><\/div>","protected":false},"excerpt":{"rendered":"<p>Cote et pronostics pour la candidate UMP Val\u00e9rie P\u00e9cresse :Paris en ligne sur la politique et la future pr\u00e9sidente de la France de 2022 Les \u00e9lections pr\u00e9sidentielles de 2022 sont d\u00e9j\u00e0 sous le feu des projecteurs. Il s&#8217;agira d&#8217;un test pour la &#8220;nouvelle normalit\u00e9&#8221;. Les Fran\u00e7ais n&#8217;ont pas encore eu l&#8217;occasion de voter depuis le &#8230;<\/p>","protected":false},"author":1,"featured_media":0,"parent":0,"menu_order":0,"comment_status":"closed","ping_status":"closed","template":"page-nosidebar.php","meta":{"footnotes":""},"yoast_head":"<!-- This site is optimized with the Yoast SEO Premium plugin v21.0 (Yoast SEO v21.0) - https:\/\/yoast.com\/wordpress\/plugins\/seo\/ -->\n<title>Parier sur l\u2019\u00e9lection de Val\u00e9rie P\u00e9cresse - Finale Coupe du Monde FIFA<\/title>\n<meta name=\"description\" content=\"Pariez sur P\u00e9cresse pour l&#039;\u00e9lection 2022 : Cliquez Ici et Gagnez Gros! Pronostics ,Comparaison des Bookmakers et des meilleurs Cotes.\" \/>\n<meta name=\"robots\" content=\"index, follow, max-snippet:-1, max-image-preview:large, max-video-preview:-1\" \/>\n<link rel=\"canonical\" href=\"https:\/\/parier-presidentielle.com\/nl\/valerie-pecresse-verkiezing\/\" \/>\n<meta property=\"og:locale\" content=\"nl_NL\" \/>\n<meta property=\"og:type\" content=\"article\" \/>\n<meta property=\"og:title\" content=\"Parier sur l\u2019\u00e9lection de Val\u00e9rie P\u00e9cresse\" \/>\n<meta property=\"og:description\" content=\"Pariez sur P\u00e9cresse pour l&#039;\u00e9lection 2022 : Cliquez Ici et Gagnez Gros! Pronostics ,Comparaison des Bookmakers et des meilleurs Cotes.\" \/>\n<meta property=\"og:url\" content=\"https:\/\/parier-presidentielle.com\/nl\/valerie-pecresse-verkiezing\/\" \/>\n<meta property=\"og:site_name\" content=\"Parier Pr\u00e9sidentielle\" \/>\n<meta property=\"article:modified_time\" content=\"2022-04-24T07:32:12+00:00\" \/>\n<meta property=\"og:image\" content=\"https:\/\/parier-presidentielle.com\/wp-content\/uploads\/2022\/01\/valerie-pecresse-1024x512.jpeg\" \/>\n<meta name=\"twitter:card\" content=\"summary_large_image\" \/>\n<meta name=\"twitter:label1\" content=\"Est. reading time\" \/>\n\t<meta name=\"twitter:data1\" content=\"5 minuten\" \/>\n<script type=\"application\/ld+json\" class=\"yoast-schema-graph\">{\"@context\":\"https:\/\/schema.org\",\"@graph\":[{\"@type\":\"WebPage\",\"@id\":\"https:\/\/parier-presidentielle.com\/valerie-pecresse-election\/\",\"url\":\"https:\/\/parier-presidentielle.com\/valerie-pecresse-election\/\",\"name\":\"Parier sur l\u2019\u00e9lection de Val\u00e9rie P\u00e9cresse - Finale Coupe du Monde FIFA\",\"isPartOf\":{\"@id\":\"https:\/\/parier-presidentielle.com\/#website\"},\"datePublished\":\"2022-01-11T21:54:26+00:00\",\"dateModified\":\"2022-04-24T07:32:12+00:00\",\"description\":\"Pariez sur P\u00e9cresse pour l'\u00e9lection 2022 : Cliquez Ici et Gagnez Gros! Pronostics ,Comparaison des Bookmakers et des meilleurs Cotes.\",\"breadcrumb\":{\"@id\":\"https:\/\/parier-presidentielle.com\/valerie-pecresse-election\/#breadcrumb\"},\"inLanguage\":\"nl-NL\",\"potentialAction\":[{\"@type\":\"ReadAction\",\"target\":[\"https:\/\/parier-presidentielle.com\/valerie-pecresse-election\/\"]}]},{\"@type\":\"BreadcrumbList\",\"@id\":\"https:\/\/parier-presidentielle.com\/valerie-pecresse-election\/#breadcrumb\",\"itemListElement\":[{\"@type\":\"ListItem\",\"position\":1,\"name\":\"Accueil\",\"item\":\"https:\/\/parier-presidentielle.com\/\"},{\"@type\":\"ListItem\",\"position\":2,\"name\":\"Parier sur l\u2019\u00e9lection de Val\u00e9rie P\u00e9cresse\"}]},{\"@type\":\"WebSite\",\"@id\":\"https:\/\/parier-presidentielle.com\/#website\",\"url\":\"https:\/\/parier-presidentielle.com\/\",\"name\":\"Parier Pr\u00e9sidentielle\",\"description\":\"Paris, Pronostics, Wiki sur la Politique, les Elections Am\u00e9ricaines: Joe Biden, Donald Trump avec les Bookmakers en ligne Unibet, Bwin, Betclic, Winamax\",\"potentialAction\":[{\"@type\":\"SearchAction\",\"target\":{\"@type\":\"EntryPoint\",\"urlTemplate\":\"https:\/\/parier-presidentielle.com\/?s={search_term_string}\"},\"query-input\":\"required name=search_term_string\"}],\"inLanguage\":\"nl-NL\"}]}<\/script>\n<!-- \/ Yoast SEO Premium plugin. -->","yoast_head_json":{"title":"Parier sur l\u2019\u00e9lection de Val\u00e9rie P\u00e9cresse - Finale Coupe du Monde FIFA","description":"Pariez sur P\u00e9cresse pour l'\u00e9lection 2022 : Cliquez Ici et Gagnez Gros! Pronostics ,Comparaison des Bookmakers et des meilleurs Cotes.","robots":{"index":"index","follow":"follow","max-snippet":"max-snippet:-1","max-image-preview":"max-image-preview:large","max-video-preview":"max-video-preview:-1"},"canonical":"https:\/\/parier-presidentielle.com\/nl\/valerie-pecresse-verkiezing\/","og_locale":"nl_NL","og_type":"article","og_title":"Parier sur l\u2019\u00e9lection de Val\u00e9rie P\u00e9cresse","og_description":"Pariez sur P\u00e9cresse pour l'\u00e9lection 2022 : Cliquez Ici et Gagnez Gros! Pronostics ,Comparaison des Bookmakers et des meilleurs Cotes.","og_url":"https:\/\/parier-presidentielle.com\/nl\/valerie-pecresse-verkiezing\/","og_site_name":"Parier Pr\u00e9sidentielle","article_modified_time":"2022-04-24T07:32:12+00:00","og_image":[{"url":"https:\/\/parier-presidentielle.com\/wp-content\/uploads\/2022\/01\/valerie-pecresse-1024x512.jpeg"}],"twitter_card":"summary_large_image","twitter_misc":{"Est. reading time":"5 minuten"},"schema":{"@context":"https:\/\/schema.org","@graph":[{"@type":"WebPage","@id":"https:\/\/parier-presidentielle.com\/valerie-pecresse-election\/","url":"https:\/\/parier-presidentielle.com\/valerie-pecresse-election\/","name":"Parier sur l\u2019\u00e9lection de Val\u00e9rie P\u00e9cresse - Finale Coupe du Monde FIFA","isPartOf":{"@id":"https:\/\/parier-presidentielle.com\/#website"},"datePublished":"2022-01-11T21:54:26+00:00","dateModified":"2022-04-24T07:32:12+00:00","description":"Pariez sur P\u00e9cresse pour l'\u00e9lection 2022 : Cliquez Ici et Gagnez Gros! Pronostics ,Comparaison des Bookmakers et des meilleurs Cotes.","breadcrumb":{"@id":"https:\/\/parier-presidentielle.com\/valerie-pecresse-election\/#breadcrumb"},"inLanguage":"nl-NL","potentialAction":[{"@type":"ReadAction","target":["https:\/\/parier-presidentielle.com\/valerie-pecresse-election\/"]}]},{"@type":"BreadcrumbList","@id":"https:\/\/parier-presidentielle.com\/valerie-pecresse-election\/#breadcrumb","itemListElement":[{"@type":"ListItem","position":1,"name":"Accueil","item":"https:\/\/parier-presidentielle.com\/"},{"@type":"ListItem","position":2,"name":"Parier sur l\u2019\u00e9lection de Val\u00e9rie P\u00e9cresse"}]},{"@type":"WebSite","@id":"https:\/\/parier-presidentielle.com\/#website","url":"https:\/\/parier-presidentielle.com\/","name":"Parier Pr\u00e9sidentielle","description":"Paris, Pronostics, Wiki sur la Politique, les Elections Am\u00e9ricaines: Joe Biden, Donald Trump avec les Bookmakers en ligne Unibet, Bwin, Betclic, Winamax","potentialAction":[{"@type":"SearchAction","target":{"@type":"EntryPoint","urlTemplate":"https:\/\/parier-presidentielle.com\/?s={search_term_string}"},"query-input":"required name=search_term_string"}],"inLanguage":"nl-NL"}]}},"_links":{"self":[{"href":"https:\/\/parier-presidentielle.com\/nl\/wp-json\/wp\/v2\/pages\/422"}],"collection":[{"href":"https:\/\/parier-presidentielle.com\/nl\/wp-json\/wp\/v2\/pages"}],"about":[{"href":"https:\/\/parier-presidentielle.com\/nl\/wp-json\/wp\/v2\/types\/page"}],"author":[{"embeddable":true,"href":"https:\/\/parier-presidentielle.com\/nl\/wp-json\/wp\/v2\/users\/1"}],"replies":[{"embeddable":true,"href":"https:\/\/parier-presidentielle.com\/nl\/wp-json\/wp\/v2\/comments?post=422"}],"version-history":[{"count":7,"href":"https:\/\/parier-presidentielle.com\/nl\/wp-json\/wp\/v2\/pages\/422\/revisions"}],"predecessor-version":[{"id":1598,"href":"https:\/\/parier-presidentielle.com\/nl\/wp-json\/wp\/v2\/pages\/422\/revisions\/1598"}],"wp:attachment":[{"href":"https:\/\/parier-presidentielle.com\/nl\/wp-json\/wp\/v2\/media?parent=422"}],"curies":[{"name":"wp","href":"https:\/\/api.w.org\/{rel}","templated":true}]}}