{"id":525,"date":"2022-02-17T17:17:02","date_gmt":"2022-02-17T16:17:02","guid":{"rendered":"https:\/\/parier-presidentielle.com\/?page_id=525"},"modified":"2022-04-12T00:47:22","modified_gmt":"2022-04-11T22:47:22","slug":"1xbit-politique","status":"publish","type":"page","link":"https:\/\/parier-presidentielle.com\/nl\/1xbit-beleid\/","title":{"rendered":"1xBit: wedden op politiek in Bitcoin"},"content":{"rendered":"<h2 class=\"wp-block-heading\"><span id=\"1xbit-analyse-du-nouveaux-bookmaker-specialise-en-bitcoin\">1xbit: Analyse van de nieuwe bookmaker gespecialiseerd in Bitcoin<\/span><\/h2>\n\n\n\n<p>1xBit is in feite de meest innovatieve site voor sportweddenschappen en gaming op het internationale toneel <strong>het is de enige die alleen stortingen en opnames via cryptocurrencies toestaat<\/strong>, het is absoluut een nieuwigheid die de wereld van online gaming heeft geschokt. <br>Door deze betaalmethode heeft het platform geen specifieke licentie nodig om op de markt te kunnen opereren, maar omdat de bookmaker als veilig wordt beschouwd, omdat het deel uitmaakt van de \u201c1X Corp NV\u201d groep. De eigenaar van de beroemdste website 1xBet met een internationale licentie uitgegeven door de wet van Cura\u00e7ao en duizenden gokcentra in heel Europa. Daarnaast heeft hij de afgelopen jaren ook een aanzienlijke ruimte ontwikkeld dankzij de sponsoring van enkele voetbalteams van wereldklasse.<\/p>\n\n\n\n<div class=\"wp-block-image\"><figure class=\"aligncenter size-large is-resized\"><img decoding=\"async\" loading=\"lazy\" src=\"https:\/\/parier-presidentielle.com\/wp-content\/uploads\/2022\/04\/1xBit-pour-parier-sur-la-politique-en-bitcoin-1024x546.jpg\" alt=\"1xbit om te wedden op bitcoin-politiek\" class=\"wp-image-1223\" width=\"768\" height=\"410\" srcset=\"https:\/\/parier-presidentielle.com\/wp-content\/uploads\/2022\/04\/1xBit-pour-parier-sur-la-politique-en-bitcoin-1024x546.jpg 1024w, https:\/\/parier-presidentielle.com\/wp-content\/uploads\/2022\/04\/1xBit-pour-parier-sur-la-politique-en-bitcoin-300x160.jpg 300w, https:\/\/parier-presidentielle.com\/wp-content\/uploads\/2022\/04\/1xBit-pour-parier-sur-la-politique-en-bitcoin-768x410.jpg 768w, https:\/\/parier-presidentielle.com\/wp-content\/uploads\/2022\/04\/1xBit-pour-parier-sur-la-politique-en-bitcoin-1536x819.jpg 1536w, https:\/\/parier-presidentielle.com\/wp-content\/uploads\/2022\/04\/1xBit-pour-parier-sur-la-politique-en-bitcoin-2048x1092.jpg 2048w, https:\/\/parier-presidentielle.com\/wp-content\/uploads\/2022\/04\/1xBit-pour-parier-sur-la-politique-en-bitcoin-18x10.jpg 18w\" sizes=\"(max-width: 768px) 100vw, 768px\" \/><\/figure><\/div>\n\n\n\n<p>Terugkomend op 1xBit kunnen we zeggen dat als het gaat om sportweddenschappen, het een keuze is van veel gokkers, omdat het een breed scala aan soorten weddenschappen biedt met kansen die ruim boven het gemiddelde liggen en ook een uitstekend speciaal gedeelte voor live-evenementen biedt. Zeer eenvoudig te gebruiken, zelfs degenen die niet zo bekend zijn met sport kunnen de emoties voelen, dankzij de voortdurend bijgewerkte statistiekendienst, suggesties voor te spelen games en de mogelijkheid om in realtime met andere spelers te chatten. naar de site. Al deze innovaties maken het een van de beste goksites. Met 1xBit kun je ook veel live-evenementen volgen, je hoeft alleen maar geld op je spelaccount te hebben!<\/p>\n\n\n\n<h2 class=\"wp-block-heading\"><span id=\"comment-s8217inscrire-sur-1xbit-et-parier-sur-la-presidentielle\">Hoe u zich registreert op 1xbit en gokt op de presidentsverkiezingen<\/span><\/h2>\n\n\n\n<p>Een andere nieuwe functie die zeker gokkers zal aantrekken, is de registratie <strong>zeer snel en volledig anoniem<\/strong> op de site, in feite alleen in cryptocurrencies, zonder documenten en persoonlijke gegevens te verzenden, maar alleen een e-mailadres of mobiel nummer... om u binnenkort te registreren, zal de storting volledig anoniem zijn, waarbij de privacy van de klant volledig wordt gerespecteerd.<\/p>\n\n\n\n<h2 class=\"wp-block-heading\"><span id=\"bonus-de-bienvenue\">Welkomstbonus<\/span><\/h2>\n\n\n\n<p>Net als alle andere goksites biedt 1xBit een welkomstbonus aan nieuwe klanten, tot 100% van 7 BTC bij de eerste storting. De aangeboden welkomstbonus is geldig voor zowel Sports Betting als Politics Casino. Om optimaal van deze promotie te profiteren, raden wij u aan na uw registratie de algemene voorwaarden te lezen.<\/p>\n\n\n\n<p>Dit zijn de belangrijkste punten die ons team heeft uitgelegd:<\/p>\n\n\n\n<p><\/p>\n\n\n\n<p>Om in te zetten, om de bonus te krijgen, moet de weddenschap een quotering van 1,60 hebben, geen casinospellen en 1xbit, je kunt gewoon een willekeurig bedrag inzetten.<\/p>\n\n\n\n<p><\/p>\n\n\n\n<p>Zet in op de politiek, maar ook op het casino: spellen, speelautomaten, etc.<\/p>\n\n\n\n<p>De sportkalender is niet beperkt tot de voetbalwereld, maar biedt je ook de mogelijkheid om op veel andere sporten te wedden en heeft ook een sectie gewijd aan virtuele weddenschappen en een sectie voor esports, zodat je kunt kiezen uit een wijde wereld uit Parijs.<\/p>\n\n\n\n<p>Er is ook de Casino-sectie, waar je talloze spellen kunt vinden, waaronder fantastische slots, maar ook fantastische jackpots en bonussen.<\/p>\n\n\n\n<p>Wat het wedden of sportgedeelte betreft, biedt 1xbit traditionele platforms (zeer vergelijkbaar met Melbet, 1xbet en 22Bet). De spelervaring is echter zeer aangenaam en je kunt de sportlijst in de zijbalk in het midden van de spellenlijst vinden met noteringen en inzetsoorten.<\/p>\n\n\n\n<p><strong>Een van de sterke punten van deze bookmaker is het schema, het feit dat 1xBit enorme odds biedt,<\/strong> of het nu om lokale toernooien of internationale sportevenementen gaat, ze zijn niet eens competitief, maar wel hoog in vergelijking met competities.<\/p>\n\n\n\n<p>Een ander eerder genoemd punt is de 1xbit Sport-pagina, die interessante opties biedt zoals:<\/p>\n\n\n\n<p>De evenementen of toernooien van vandaag: 1xbit selecteert de belangrijkste evenementen van de dag en nodigt zijn klanten uit om weddenschappen te plaatsen, in ruil voor het aanbieden van elke dag een andere promotie. (De minimale inzet is 2 Mbt).<\/p>\n\n\n\n<p>Wed op uw nationale team: 1xbet gebruikt uw IP-adres om u de sporten van uw land of het nationale team te tonen op de startpagina van alle ondersteunde sporten zoals voetbal, tennis, golf of andere competities.<\/p>\n\n\n\n<p>Wed op de beste toernooien: Deze optie is erg handig, het toont in \u00e9\u00e9n klik de beste competitiewedstrijd van de dag met de hoogste odds.<\/p>\n\n\n\n<p>Wedden op politiek: Dit is waarschijnlijk een van de weinige bookmakers op internet die dit soort spellen aanbiedt, met verschillende inzetmogelijkheden voor de politieke situatie in alle landen van de wereld. Wed op wie de nieuwe Franse of Amerikaanse president wordt<\/p>\n\n\n\n<p><\/p>\n\n\n\n<h2 class=\"wp-block-heading\"><span id=\"service-clients\">Klantenservice <\/span><\/h2>\n\n\n\n<p><br>De website is volledig beschikbaar voor haar klanten en biedt daarom 24\/7 ondersteuning via livechat of e-mail. Bonussen worden zeer snel uitbetaald, sterker nog, ze worden uiterlijk 30 minuten na het einde van de weddenschap uitbetaald. De beschikbare methoden zijn: livechat, e-mail en telefoonnummers, evenals ondersteuning via sociale netwerken (1xBit op Twitter, 1xBit op Instagram, 1xBit op YouTube-kanaal, 1xBit op Telegram).<\/p>\n\n\n\n<p>Daarnaast biedt 1xbit ook een bedrijfsblog die u interessant nieuws en bonusinformatie biedt.<\/p>\n\n\n\n<h2 class=\"wp-block-heading\"><span id=\"conclusion-sur-le-bookmaker-1xbit\">Conclusie over de 1xbit bookmaker<\/span><\/h2>\n\n\n\n<p>Deze website is origineel! Als u een site wilt bezoeken waar u op vrijwel veel sporten of andere soorten spellen kunt wedden, dan is deze bookmaker iets voor u. 1xBit.com voldeed aan onze verwachtingen en ons team besloot het 5 sterren te geven omdat het een uitstekende spelervaring biedt. Laten we ook het casinogedeelte niet vergeten, het is zeer goed gedaan, het biedt meer dan 3.000 speelautomaten, gokautomaten en veel kaartspellen spellen. Het enige minpunt dat we ontdekten was dat ze geen creditcards en online bankoverschrijvingen accepteren.<\/p>\n\n\n\n<h3 class=\"wp-block-heading\"><span id=\"en-resume\"><br><strong>samengevat<\/strong><\/span><\/h3>\n\n\n\n<p>Voordeel<\/p>\n\n\n\n<ul><li>De enige site voor sportweddenschappen die bitcoins accepteert<\/li><li>Live games en heel veel slots.<\/li><li>Grote promoties en bonussen<\/li><li>Gratis stortingen en opnames<\/li><\/ul>\n\n\n\n<p><br>Standaard<\/p>\n\n\n\n<ul><li>Er zijn geen andere bankopties dan cryptocurrencies.<\/li><li>De website heeft enkele ergonomische veranderingen nodig<\/li><\/ul>\n\n\n\n<p class=\"has-text-align-center unibet\" style=\"font-size:25px\"><mark style=\"background-color:rgba(0, 0, 0, 0);color:#0d7a12\" class=\"has-inline-color\"><strong><a href=\"https:\/\/parier-presidentielle.com\/nl\/recommends\/unibet\/\">150\u20ac Bonus aangeboden bij Unibet<br>Voor uw eerste politieke of sportweddenschap: Klik hier<\/a><\/strong><\/mark><\/p>\n\n\n\n<p><\/p>\n\n\n<div class=\"wp-block-image\">\n<figure class=\"aligncenter is-resized wp-duotone-000097-ff4747-1\"><img decoding=\"async\" loading=\"lazy\" src=\"https:\/\/parier-presidentielle.com\/wp-content\/uploads\/2021\/09\/election-standard-scale-4_00x-gigapixel-1024x623.jpg\" alt=\"Verkiezing 2022\" style=\"width:256px;height:156px\" width=\"256\" height=\"156\"\/><\/figure><\/div>\n\n\n<p><br><\/p>\n\n\n\n<p><strong>Parier-presidential helpt u bij het maken van uw keuze tussen de verschillende<a href=\"https:\/\/parier-presidentielle.com\/nl\/\"> Bookmakers Bwin, Unibet en Betclic gaan wedden op de toekomstige Amerikaanse president in 2024<\/a> : <\/strong><br><a href=\"https:\/\/parier-presidentielle.com\/nl\/unibet-politiek-verkiezing-2022\/\">Presidenti\u00eble bookmaker van Unibet<\/a> : Gedetailleerde en gratis gids voor het plaatsen van uw eerste online weddenschap met alle kansen en hoe u kunt profiteren van de aangeboden bonus!<\/p>\n\n\n\n<p>Evenals andere online sites in Parijs: <a href=\"https:\/\/parier-presidentielle.com\/nl\/unibet-politiek-verkiezing-2022\/\">Bwin<\/a>, <a href=\"https:\/\/parier-presidentielle.com\/nl\/netbet-paris-politiek-verkiezing-2022\/\">NetBet<\/a>, <a href=\"https:\/\/parier-presidentielle.com\/nl\/betclic-presidentieel-2022\/\">Betclic<\/a>, <a href=\"https:\/\/parier-presidentielle.com\/nl\/winamax-politiek-verkiezing-2022\/\">Winamax<\/a>, Parions Sport, Zebet,Betway, France-Pari,Vbet, Cloudbet, 1Xbit, 1xbet, Betfair, Betwinner \u2026<\/p>\n\n\n\n<div class=\"wp-block-columns is-layout-flex wp-container-6 wp-block-columns-is-layout-flex\">\n<div class=\"wp-block-column is-layout-flow wp-block-column-is-layout-flow\" style=\"flex-basis:33.33%\">\n<p>Je hebt zojuist ons bestand gelezen:<\/p>\n<\/div>\n\n\n\n<div class=\"wp-block-column is-layout-flow wp-block-column-is-layout-flow\" style=\"flex-basis:33.33%\">\n<div class=\"wp-block-group is-layout-flow wp-block-group-is-layout-flow\"><div class=\"wp-block-group__inner-container\"><h4 class=\"has-text-align-center wp-block-post-title\"><span id=\"1xbit-pour-parier-sur-la-politique-en-bitcoin\"><a href=\"https:\/\/parier-presidentielle.com\/nl\/1xbit-beleid\/\" target=\"_self\" >1xBit: wedden op politiek in Bitcoin<\/a><\/span><\/h4><\/div><\/div>\n<\/div>\n\n\n\n<div class=\"wp-block-column is-layout-flow wp-block-column-is-layout-flow\" style=\"flex-basis:33.33%\">\n<p class=\"has-text-align-right\">Lees verder met onze andere exclusieve bestanden,<\/p>\n<\/div>\n<\/div>\n\n\n\n<h3 class=\"wp-block-heading\" id=\"tous-les-pronostics-sondage-et-cotes-pour-parier-sur-le-futur-vainqueur-de-l-election-presidentielle-2022\"><span id=\"tous-les-pronostics-sondage-et-cotes-pour-parier-sur-le-futur-vainqueur-de-l8217election-presidentielle-2024\">Alle voorspellingen, enqu\u00eates en kansen om te wedden op de toekomstige winnaar van de presidentsverkiezingen van 2024:<\/span><\/h3>\n\n\n\n<ul>\n<li><a href=\"https:\/\/parier-presidentielle.com\/nl\/macron-verkiezing\/\">Wed op Emmanuel Macron met Unibet, Betclic, Bwin<\/a> : De favoriet in peilingen en voorspellingen <\/li>\n\n\n\n<li><a href=\"https:\/\/parier-presidentielle.com\/nl\/marine-le-pen-verkiezing\/\">Marine Le Pen: Haar kansen en hoe te wedden bij de Bookmakers<\/a>: De uitdager volgens Unibet<\/li>\n<\/ul>\n\n\n\n<p><\/p>\n\n\n\n<center><script type=\"text\/javascript\" charset=\"utf-8\" src=\"https:\/\/www.gambling-affiliation.com\/cpm\/v=AmIMTDSs92QY6b0MzDMvM5laCjJ-ZlA-1oQ-7tKsi.w_GA7331V2\"><\/script><\/center>\n\n\n\n<h3 class=\"wp-block-heading\"><span id=\"donald-trump-vs-joe-biden-la-video-qui-lance-les-paris-en-ligne-sur-l8217election-politique-de-2024\">Donald Trump versus Joe Biden: de video die online weddenschappen op de politieke verkiezingen van 2024 lanceert<\/span><\/h3>\n\n\n\n<figure class=\"wp-block-embed is-type-video is-provider-youtube wp-block-embed-youtube wp-embed-aspect-16-9 wp-has-aspect-ratio\"><div class=\"wp-block-embed__wrapper\">\n<iframe loading=\"lazy\" title=\"Voormalig president Donald Trump lanceert 2024 Witte Huis-bod #Short\" width=\"640\" height=\"360\" src=\"https:\/\/www.youtube.com\/embed\/hZykPRVe4Ag?feature=oembed\" frameborder=\"0\" allow=\"accelerometer; autoplay; clipboard-write; encrypted-media; gyroscope; picture-in-picture; web-share\" allowfullscreen><\/iframe>\n<\/div><\/figure>\n\n\n<div class=\"wp-block-image\">\n<figure class=\"aligncenter size-medium\"><a href=\"https:\/\/parier-presidentielle.com\/nl\/recommends\/unibet\/\" target=\"_blank\" rel=\"noopener\"><img decoding=\"async\" loading=\"lazy\" width=\"300\" height=\"169\" src=\"https:\/\/parier-presidentielle.com\/wp-content\/uploads\/2022\/04\/unibet-300x169.jpg\" alt=\"\" class=\"wp-image-1252\" srcset=\"https:\/\/parier-presidentielle.com\/wp-content\/uploads\/2022\/04\/unibet-300x169.jpg 300w, https:\/\/parier-presidentielle.com\/wp-content\/uploads\/2022\/04\/unibet-1024x576.jpg 1024w, https:\/\/parier-presidentielle.com\/wp-content\/uploads\/2022\/04\/unibet-768x432.jpg 768w, https:\/\/parier-presidentielle.com\/wp-content\/uploads\/2022\/04\/unibet-18x10.jpg 18w, https:\/\/parier-presidentielle.com\/wp-content\/uploads\/2022\/04\/unibet.jpg 1280w\" sizes=\"(max-width: 300px) 100vw, 300px\" \/><\/a><\/figure><\/div>\n\n\n<p>Vind de Wiki, het essenti\u00eble politieke nieuws over cannabis en zijn legale afgeleiden: <strong>HHC, H4cbd, Thcp, Thcv, HSD, HHCPO, C4B<\/strong><\/p>\n<div id=\"toc_container\" class=\"no_bullets\"><p class=\"toc_title\">Inhoud<\/p><ul class=\"toc_list\"><li><\/li><li><\/li><li><\/li><li><\/li><li><ul><li><ul><li><\/li><\/ul><\/li><li><\/li><li><\/li><\/ul><\/li><\/ul><\/div>","protected":false},"excerpt":{"rendered":"<p>1xbit : Analyse du nouveaux bookmaker sp\u00e9cialis\u00e9 en Bitcoin 1xBit est le site de Paris Sportifs\/Jeu le plus innovant sur la sc\u00e8ne internationale, en fait c&#8217;est le seul qui n&#8217;autorise que les d\u00e9p\u00f4ts et les retraits via des crypto-monnaies, c&#8217;est d\u00e9finitivement une nouveaut\u00e9 qui a secou\u00e9 le monde du jeu en ligne. En raison de &#8230;<\/p>","protected":false},"author":1,"featured_media":0,"parent":0,"menu_order":0,"comment_status":"closed","ping_status":"closed","template":"page-nosidebar.php","meta":{"footnotes":""},"yoast_head":"<!-- This site is optimized with the Yoast SEO Premium plugin v21.0 (Yoast SEO v21.0) - https:\/\/yoast.com\/wordpress\/plugins\/seo\/ -->\n<title>1xBit : Pour parier sur la Politique en Bitcoin - Finale Coupe du Monde FIFA<\/title>\n<meta name=\"description\" content=\"Parier avec 1xBit : 7 BTC offert pour votre 1er Pari sur la Politique, le Sport! Guide du Bookmaker pour profiter du Bonus de bienvenue...\" \/>\n<meta name=\"robots\" content=\"index, follow, max-snippet:-1, max-image-preview:large, max-video-preview:-1\" \/>\n<link rel=\"canonical\" href=\"https:\/\/parier-presidentielle.com\/nl\/1xbit-beleid\/\" \/>\n<meta property=\"og:locale\" content=\"nl_NL\" \/>\n<meta property=\"og:type\" content=\"article\" \/>\n<meta property=\"og:title\" content=\"1xBit : Pour parier sur la Politique en Bitcoin\" \/>\n<meta property=\"og:description\" content=\"Parier avec 1xBit : 7 BTC offert pour votre 1er Pari sur la Politique, le Sport! Guide du Bookmaker pour profiter du Bonus de bienvenue...\" \/>\n<meta property=\"og:url\" content=\"https:\/\/parier-presidentielle.com\/nl\/1xbit-beleid\/\" \/>\n<meta property=\"og:site_name\" content=\"Parier Pr\u00e9sidentielle\" \/>\n<meta property=\"article:modified_time\" content=\"2022-04-11T22:47:22+00:00\" \/>\n<meta property=\"og:image\" content=\"https:\/\/parier-presidentielle.com\/wp-content\/uploads\/2022\/04\/1xBit-pour-parier-sur-la-politique-en-bitcoin-1024x546.jpg\" \/>\n<meta name=\"twitter:card\" content=\"summary_large_image\" \/>\n<meta name=\"twitter:label1\" content=\"Est. reading time\" \/>\n\t<meta name=\"twitter:data1\" content=\"6 minuten\" \/>\n<script type=\"application\/ld+json\" class=\"yoast-schema-graph\">{\"@context\":\"https:\/\/schema.org\",\"@graph\":[{\"@type\":\"WebPage\",\"@id\":\"https:\/\/parier-presidentielle.com\/1xbit-politique\/\",\"url\":\"https:\/\/parier-presidentielle.com\/1xbit-politique\/\",\"name\":\"1xBit : Pour parier sur la Politique en Bitcoin - Finale Coupe du Monde FIFA\",\"isPartOf\":{\"@id\":\"https:\/\/parier-presidentielle.com\/#website\"},\"datePublished\":\"2022-02-17T16:17:02+00:00\",\"dateModified\":\"2022-04-11T22:47:22+00:00\",\"description\":\"Parier avec 1xBit : 7 BTC offert pour votre 1er Pari sur la Politique, le Sport! Guide du Bookmaker pour profiter du Bonus de bienvenue...\",\"breadcrumb\":{\"@id\":\"https:\/\/parier-presidentielle.com\/1xbit-politique\/#breadcrumb\"},\"inLanguage\":\"nl-NL\",\"potentialAction\":[{\"@type\":\"ReadAction\",\"target\":[\"https:\/\/parier-presidentielle.com\/1xbit-politique\/\"]}]},{\"@type\":\"BreadcrumbList\",\"@id\":\"https:\/\/parier-presidentielle.com\/1xbit-politique\/#breadcrumb\",\"itemListElement\":[{\"@type\":\"ListItem\",\"position\":1,\"name\":\"Accueil\",\"item\":\"https:\/\/parier-presidentielle.com\/\"},{\"@type\":\"ListItem\",\"position\":2,\"name\":\"1xBit : Pour parier sur la Politique en Bitcoin\"}]},{\"@type\":\"WebSite\",\"@id\":\"https:\/\/parier-presidentielle.com\/#website\",\"url\":\"https:\/\/parier-presidentielle.com\/\",\"name\":\"Parier Pr\u00e9sidentielle\",\"description\":\"Paris, Pronostics, Wiki sur la Politique, les Elections Am\u00e9ricaines: Joe Biden, Donald Trump avec les Bookmakers en ligne Unibet, Bwin, Betclic, Winamax\",\"potentialAction\":[{\"@type\":\"SearchAction\",\"target\":{\"@type\":\"EntryPoint\",\"urlTemplate\":\"https:\/\/parier-presidentielle.com\/?s={search_term_string}\"},\"query-input\":\"required name=search_term_string\"}],\"inLanguage\":\"nl-NL\"}]}<\/script>\n<!-- \/ Yoast SEO Premium plugin. -->","yoast_head_json":{"title":"1xBit : Pour parier sur la Politique en Bitcoin - Finale Coupe du Monde FIFA","description":"Parier avec 1xBit : 7 BTC offert pour votre 1er Pari sur la Politique, le Sport! Guide du Bookmaker pour profiter du Bonus de bienvenue...","robots":{"index":"index","follow":"follow","max-snippet":"max-snippet:-1","max-image-preview":"max-image-preview:large","max-video-preview":"max-video-preview:-1"},"canonical":"https:\/\/parier-presidentielle.com\/nl\/1xbit-beleid\/","og_locale":"nl_NL","og_type":"article","og_title":"1xBit : Pour parier sur la Politique en Bitcoin","og_description":"Parier avec 1xBit : 7 BTC offert pour votre 1er Pari sur la Politique, le Sport! Guide du Bookmaker pour profiter du Bonus de bienvenue...","og_url":"https:\/\/parier-presidentielle.com\/nl\/1xbit-beleid\/","og_site_name":"Parier Pr\u00e9sidentielle","article_modified_time":"2022-04-11T22:47:22+00:00","og_image":[{"url":"https:\/\/parier-presidentielle.com\/wp-content\/uploads\/2022\/04\/1xBit-pour-parier-sur-la-politique-en-bitcoin-1024x546.jpg"}],"twitter_card":"summary_large_image","twitter_misc":{"Est. reading time":"6 minuten"},"schema":{"@context":"https:\/\/schema.org","@graph":[{"@type":"WebPage","@id":"https:\/\/parier-presidentielle.com\/1xbit-politique\/","url":"https:\/\/parier-presidentielle.com\/1xbit-politique\/","name":"1xBit : Pour parier sur la Politique en Bitcoin - Finale Coupe du Monde FIFA","isPartOf":{"@id":"https:\/\/parier-presidentielle.com\/#website"},"datePublished":"2022-02-17T16:17:02+00:00","dateModified":"2022-04-11T22:47:22+00:00","description":"Parier avec 1xBit : 7 BTC offert pour votre 1er Pari sur la Politique, le Sport! Guide du Bookmaker pour profiter du Bonus de bienvenue...","breadcrumb":{"@id":"https:\/\/parier-presidentielle.com\/1xbit-politique\/#breadcrumb"},"inLanguage":"nl-NL","potentialAction":[{"@type":"ReadAction","target":["https:\/\/parier-presidentielle.com\/1xbit-politique\/"]}]},{"@type":"BreadcrumbList","@id":"https:\/\/parier-presidentielle.com\/1xbit-politique\/#breadcrumb","itemListElement":[{"@type":"ListItem","position":1,"name":"Accueil","item":"https:\/\/parier-presidentielle.com\/"},{"@type":"ListItem","position":2,"name":"1xBit : Pour parier sur la Politique en Bitcoin"}]},{"@type":"WebSite","@id":"https:\/\/parier-presidentielle.com\/#website","url":"https:\/\/parier-presidentielle.com\/","name":"Parier Pr\u00e9sidentielle","description":"Paris, Pronostics, Wiki sur la Politique, les Elections Am\u00e9ricaines: Joe Biden, Donald Trump avec les Bookmakers en ligne Unibet, Bwin, Betclic, Winamax","potentialAction":[{"@type":"SearchAction","target":{"@type":"EntryPoint","urlTemplate":"https:\/\/parier-presidentielle.com\/?s={search_term_string}"},"query-input":"required name=search_term_string"}],"inLanguage":"nl-NL"}]}},"_links":{"self":[{"href":"https:\/\/parier-presidentielle.com\/nl\/wp-json\/wp\/v2\/pages\/525"}],"collection":[{"href":"https:\/\/parier-presidentielle.com\/nl\/wp-json\/wp\/v2\/pages"}],"about":[{"href":"https:\/\/parier-presidentielle.com\/nl\/wp-json\/wp\/v2\/types\/page"}],"author":[{"embeddable":true,"href":"https:\/\/parier-presidentielle.com\/nl\/wp-json\/wp\/v2\/users\/1"}],"replies":[{"embeddable":true,"href":"https:\/\/parier-presidentielle.com\/nl\/wp-json\/wp\/v2\/comments?post=525"}],"version-history":[{"count":8,"href":"https:\/\/parier-presidentielle.com\/nl\/wp-json\/wp\/v2\/pages\/525\/revisions"}],"predecessor-version":[{"id":1228,"href":"https:\/\/parier-presidentielle.com\/nl\/wp-json\/wp\/v2\/pages\/525\/revisions\/1228"}],"wp:attachment":[{"href":"https:\/\/parier-presidentielle.com\/nl\/wp-json\/wp\/v2\/media?parent=525"}],"curies":[{"name":"wp","href":"https:\/\/api.w.org\/{rel}","templated":true}]}}