{"id":557,"date":"2022-02-21T12:38:33","date_gmt":"2022-02-21T11:38:33","guid":{"rendered":"https:\/\/parier-presidentielle.com\/?page_id=557"},"modified":"2022-10-27T08:34:43","modified_gmt":"2022-10-27T06:34:43","slug":"bwin-paris-sur-la-politique","status":"publish","type":"page","link":"https:\/\/parier-presidentielle.com\/nl\/bwin-parijs-over-politiek\/","title":{"rendered":"Bwin: weddenschappen op politiek"},"content":{"rendered":"<h2 class=\"wp-block-heading\" id=\"l-integralite-des-cotes-de-bwin-france-usa\"><span id=\"l8217integralite-des-cotes-de-bwin-pour-les-elections-en-france-usa8230\">De volledige Bwin-kansen voor de verkiezingen in Frankrijk, de VS...<\/span><\/h2>\n\n\n\n<p>Als Bwin een van de leiders is op het gebied van sportweddenschappen, is het ook de beste bookmaker op het gebied van politieke weddenschappen en presidentsverkiezingen omdat het de meeste weddenschappen aanbiedt op zowel de Franse politiek als de Amerikaanse en Britse (premier)...<br><\/p>\n\n\n<div class=\"wp-block-image\">\n<figure class=\"aligncenter size-medium is-resized\"><img decoding=\"async\" src=\"https:\/\/parier-presidentielle.com\/wp-content\/uploads\/2022\/02\/bwin-elections-300x175.png\" alt=\"\" class=\"wp-image-559\" width=\"500\" srcset=\"https:\/\/parier-presidentielle.com\/wp-content\/uploads\/2022\/02\/bwin-elections-300x175.png 300w, https:\/\/parier-presidentielle.com\/wp-content\/uploads\/2022\/02\/bwin-elections-1024x597.png 1024w, https:\/\/parier-presidentielle.com\/wp-content\/uploads\/2022\/02\/bwin-elections-768x448.png 768w, https:\/\/parier-presidentielle.com\/wp-content\/uploads\/2022\/02\/bwin-elections-1536x896.png 1536w, https:\/\/parier-presidentielle.com\/wp-content\/uploads\/2022\/02\/bwin-elections.png 1961w\" sizes=\"(max-width: 300px) 100vw, 300px\" \/><\/figure><\/div>\n\n\n<h3 class=\"wp-block-heading\" id=\"prochain-candidat-a-la-cour-supreme-des-etats-unis-les-cotes-de-bwin\"><span id=\"i\"><br><\/span><\/h3>\n\n\n\n<p>Nu de presidentsverkiezingen dichterbij komen, biedt Bwin aan om op de verkiezingen te wedden. Bwin is een bookmaker gespecialiseerd in online sportweddenschappen en live weddenschappen. Frankrijk werd op 24 april 2022 tot president van de republiek gekozen.<\/p>\n\n\n\n<p><strong>Wedden op de volgende verkiezingen<\/strong><\/p>\n\n\n\n<p>De volgende grote politieke gebeurtenis zullen de presidentsverkiezingen in Frankrijk zijn. tweede ronde op 24 april 2022 zijn er twee soorten weddenschappen op de politiek beschikbaar: wie wordt de verkozen president na de verkiezingen? Maar ook: welke partij zal de absolute meerderheid in de Nationale Assemblee behalen?<\/p>\n\n\n\n<p>Bwin geeft aan dat weddenschappen de afgelopen jaren een nieuwe dimensie hebben gekregen. Veel politici hebben van dit soort weddenschappen kunnen profiteren om hun boodschap over te brengen. Bovendien beweerden sommige kandidaten zelfs dat ze al v\u00f3\u00f3r het sluiten van de stembussen hadden gewonnen! Kortom, weddenschappen zijn een integraal onderdeel geworden van elke belangrijke politieke gebeurtenis. We kunnen dit zien als een ware demonstratie van democratisch engagement.<\/p>\n\n\n\n<p>In dit opzicht heeft de overwinning van Emmanuel Macron de belangstelling voor het wedden op politiek enorm gestimuleerd. En als je alles wilt weten over de Franse politiek en de verkiezingen (presidentieel, wetgevend of lokaal), dan ben je hier aan het juiste adres! Bookmakers bieden alle mogelijke informatie: peilingen, noteringen, maar ook advies en voorspellingen voor elke verkiezing.<\/p>\n\n\n\n<h3 class=\"wp-block-heading\" id=\"prochain-candidat-a-la-cour-supreme-des-etats-unis-les-cotes-de-bwin\"><span id=\"prochain-candidat-a-la-cour-supreme-des-etats-unis-les-cotes-de-bwin\"><a href=\"https:\/\/parier-presidentielle.com\/nl\/parijs-kandidaat-hooggerechtshof-verenigde-staten\/\">Volgende kandidaat voor het Hooggerechtshof van de Verenigde Staten, Bwin odds<\/a><\/span><\/h3>\n\n\n\n<p id=\"prochain-candidat-a-la-cour-supreme-des-etats-unis01-04-2022-23-00\">Verkiezingsdag. 01\/04\/2022 23:00 uur<br><strong>Wie wordt de volgende kandidaat voor het Hooggerechtshof van de Verenigde Staten?<\/strong> <br>Vind alle Bwin-kansen om op de kandidaten te wedden: <br>Ketanji Brown Jackson, Julianna Michelle Childs, Leondra Kruger\u2026<br><\/p>\n\n\n\n<h3 class=\"wp-block-heading\" id=\"prochaine-election-presidentielle-en-france-les-cotes-de-bwin\"><span id=\"prochaine-election-presidentielle-en-france-les-cotes-de-bwin\"><a href=\"https:\/\/parier-presidentielle.com\/nl\/bwin-politiek-verkiezingen-2022\/\">Volgende presidentsverkiezingen in Frankrijk, volgens Bwin<\/a><\/span><\/h3>\n\n\n\n<p>Verkiezingsdag. 14-05-2022 12:00 uur<br><strong>Wie wordt de volgende president van de Franse republiek?<\/strong> <br>Vind alle Bwin-kansen om op de kandidaten te wedden: <br><a href=\"https:\/\/parier-presidentielle.com\/nl\/macron-verkiezing\/\">Emmanuel Macron<\/a>, Val\u00e9rie P\u00e9cresse, Anne Hidalgo, <a href=\"https:\/\/parier-presidentielle.com\/nl\/marine-le-pen-verkiezing\/\">Marine Le Pen<\/a>, Jean-Luc M\u00e9lenchon, <a href=\"https:\/\/parier-presidentielle.com\/nl\/zemmour-verkiezing\/\">Eric Zemmour<\/a><br><\/p>\n\n\n\n<h3 class=\"wp-block-heading\" id=\"election-presidentielle-americaine-2024-les-cotes-de-bwin\"><span id=\"election-presidentielle-americaine-2024-les-cotes-de-bwin\"><br>Amerikaanse presidentsverkiezingen 2024, Bwin-kansen<\/span><\/h3>\n\n\n\n<p>05\/11\/2024 22:00<br>Vind alle Bwin-kansen om op de kandidaten te wedden: <br>Donald Trump, Joe Biden, Kamala Harris, Pete Buttigieg, Tucker Carlson, Elizabeth Warren, Hillary Clinton,<br>Alexandria Ocasio-Cortez, Marco Rubio, Ted Cruz, Mike Pompeo, Mitt Romney\u2026<\/p>\n\n\n\n<h3 class=\"wp-block-heading\" id=\"prochain-premier-ministre-du-royaume-uni-les-cotes-de-bwin\"><span id=\"prochain-premier-ministre-du-royaume-uni-les-cotes-de-bwin\"><br><br>De volgende premier van het Verenigd Koninkrijk, Bwin, maakt zich zorgen<\/span><\/h3>\n\n\n\n<p><br>01\/01\/2025 10:00<br><\/p>\n\n\n\n<h2 class=\"wp-block-heading\" id=\"sondage-trahison-les-specificite-du-paris-politique\"><span id=\"sondage-trahison-les-specificite-du-paris-politique\">Enqu\u00eate, verraad: de specifieke kenmerken van politiek Parijs<\/span><\/h2>\n\n\n\n<p><br>Vooraf wedden kan veel opleveren: Omdat weddenschappen op de uitslag van politieke verkiezingen beschikbaar zijn op <a href=\"https:\/\/parier-presidentielle.com\/nl\/bwin-politiek-verkiezingen-2022\/\"><strong>Bwin<\/strong><\/a> en kan jaren v\u00f3\u00f3r de verkiezingsdatum beginnen. Elke verkiezing heeft zijn eigen verrassingen en gokkers moeten kunnen beoordelen wat de uiteindelijke winnaar be\u00efnvloedt. De laatste Franse en Amerikaanse verkiezingen hebben elke keer vele voorspellingen verijdeld met wendingen en last-minute omkeringen!<\/p>\n\n\n\n<h3 class=\"wp-block-heading\" id=\"facteurs-affectant-les-paris-politiques\"><span id=\"facteurs-affectant-les-paris-politiques\"> <br>Factoren die politieke weddenschappen be\u00efnvloeden <\/span><\/h3>\n\n\n\n<p>Verschillende factoren kunnen het resultaat be\u00efnvloeden. Het kan gaan om een schandaal, geruchten uit het oppositiekamp, actuele gebeurtenissen, een schokkende veroordeling, de kwaliteit van de leiders, campagnebeloften, de partij die hen steunt, de manier waarop de media de kandidaten presenteren, de kracht van het geloof in het debat.<\/p>\n\n\n\n<h3 class=\"wp-block-heading\" id=\"parier-sur-la-prochaine-election\"><span id=\"parier-sur-la-prochaine-election-avec-bwin\"><br>Zet in op de volgende verkiezingen met Bwin<\/span><\/h3>\n\n\n\n<p>De volgende grote politieke gebeurtenis zullen de Franse presidentsverkiezingen zijn (alle weddenschappen zijn gericht op de Franse presidentsverkiezingen). Terwijl de eerste ronde zal plaatsvinden op 10 april en de tweede op 24 april 2022, zijn er twee soorten politieke weddenschappen mogelijk: wie zal de tweede ronde bereiken en wie zal aan het einde van de stemming de verkozen president zijn?<br>Eind 2022 zullen er in Brazili\u00eb presidentsverkiezingen plaatsvinden. De volgende grote gebeurtenissen zijn de Amerikaanse presidentsverkiezingen in 2024 en de volgende premier van het Verenigd Koninkrijk in januari 2025. Wed op onze site welke kant van de Democratische of Republikeinse Partij de Amerikaanse presidentsverkiezingen zal winnen.<\/p>\n<div id=\"toc_container\" class=\"no_bullets\"><p class=\"toc_title\">Inhoud<\/p><ul class=\"toc_list\"><li><ul><li><\/li><li><\/li><li><\/li><li><\/li><li><\/li><\/ul><\/li><li><ul><li><\/li><li><\/li><\/ul><\/li><\/ul><\/div>","protected":false},"excerpt":{"rendered":"<p>L&#8217;int\u00e9gralit\u00e9 des cotes de Bwin pour les \u00e9lections en France, Usa&#8230; Si Bwin est un des leaders du Paris Sportif il est \u00e9galement le meilleur bookmaker dans le domaine du Pari Politique et des \u00c9lections pr\u00e9sidentielles car il propose le plus de pari aussi bien sur la vie politique Fran\u00e7aise que celle Am\u00e9ricaine, Britannique ( &#8230;<\/p>","protected":false},"author":1,"featured_media":0,"parent":0,"menu_order":0,"comment_status":"closed","ping_status":"closed","template":"page-nosidebar.php","meta":{"footnotes":""},"yoast_head":"<!-- This site is optimized with the Yoast SEO Premium plugin v21.0 (Yoast SEO v21.0) - https:\/\/yoast.com\/wordpress\/plugins\/seo\/ -->\n<title>Bwin : Paris sur la Politique - Finale Coupe du Monde FIFA<\/title>\n<meta name=\"description\" content=\"Parier sur les \u00e9lections Fran\u00e7aise, Am\u00e9ricaine avec le meilleur Bookmaker : Bwin. Int\u00e9gralit\u00e9 des cotes et pronostics pour Parier sur la Politique.\" \/>\n<meta name=\"robots\" content=\"index, follow, max-snippet:-1, max-image-preview:large, max-video-preview:-1\" \/>\n<link rel=\"canonical\" href=\"https:\/\/parier-presidentielle.com\/nl\/bwin-parijs-over-politiek\/\" \/>\n<meta property=\"og:locale\" content=\"nl_NL\" \/>\n<meta property=\"og:type\" content=\"article\" \/>\n<meta property=\"og:title\" content=\"Bwin : Paris sur la Politique\" \/>\n<meta property=\"og:description\" content=\"Parier sur les \u00e9lections Fran\u00e7aise, Am\u00e9ricaine avec le meilleur Bookmaker : Bwin. Int\u00e9gralit\u00e9 des cotes et pronostics pour Parier sur la Politique.\" \/>\n<meta property=\"og:url\" content=\"https:\/\/parier-presidentielle.com\/nl\/bwin-parijs-over-politiek\/\" \/>\n<meta property=\"og:site_name\" content=\"Parier Pr\u00e9sidentielle\" \/>\n<meta property=\"article:modified_time\" content=\"2022-10-27T06:34:43+00:00\" \/>\n<meta property=\"og:image\" content=\"https:\/\/parier-presidentielle.com\/wp-content\/uploads\/2022\/02\/bwin-elections-300x175.png\" \/>\n<meta name=\"twitter:card\" content=\"summary_large_image\" \/>\n<meta name=\"twitter:label1\" content=\"Est. reading time\" \/>\n\t<meta name=\"twitter:data1\" content=\"4 minuten\" \/>\n<script type=\"application\/ld+json\" class=\"yoast-schema-graph\">{\"@context\":\"https:\/\/schema.org\",\"@graph\":[{\"@type\":\"WebPage\",\"@id\":\"https:\/\/parier-presidentielle.com\/bwin-paris-sur-la-politique\/\",\"url\":\"https:\/\/parier-presidentielle.com\/bwin-paris-sur-la-politique\/\",\"name\":\"Bwin : Paris sur la Politique - Finale Coupe du Monde FIFA\",\"isPartOf\":{\"@id\":\"https:\/\/parier-presidentielle.com\/#website\"},\"datePublished\":\"2022-02-21T11:38:33+00:00\",\"dateModified\":\"2022-10-27T06:34:43+00:00\",\"description\":\"Parier sur les \u00e9lections Fran\u00e7aise, Am\u00e9ricaine avec le meilleur Bookmaker : Bwin. Int\u00e9gralit\u00e9 des cotes et pronostics pour Parier sur la Politique.\",\"breadcrumb\":{\"@id\":\"https:\/\/parier-presidentielle.com\/bwin-paris-sur-la-politique\/#breadcrumb\"},\"inLanguage\":\"nl-NL\",\"potentialAction\":[{\"@type\":\"ReadAction\",\"target\":[\"https:\/\/parier-presidentielle.com\/bwin-paris-sur-la-politique\/\"]}]},{\"@type\":\"BreadcrumbList\",\"@id\":\"https:\/\/parier-presidentielle.com\/bwin-paris-sur-la-politique\/#breadcrumb\",\"itemListElement\":[{\"@type\":\"ListItem\",\"position\":1,\"name\":\"Accueil\",\"item\":\"https:\/\/parier-presidentielle.com\/\"},{\"@type\":\"ListItem\",\"position\":2,\"name\":\"Bwin : Paris sur la Politique\"}]},{\"@type\":\"WebSite\",\"@id\":\"https:\/\/parier-presidentielle.com\/#website\",\"url\":\"https:\/\/parier-presidentielle.com\/\",\"name\":\"Parier Pr\u00e9sidentielle\",\"description\":\"Paris, Pronostics, Wiki sur la Politique, les Elections Am\u00e9ricaines: Joe Biden, Donald Trump avec les Bookmakers en ligne Unibet, Bwin, Betclic, Winamax\",\"potentialAction\":[{\"@type\":\"SearchAction\",\"target\":{\"@type\":\"EntryPoint\",\"urlTemplate\":\"https:\/\/parier-presidentielle.com\/?s={search_term_string}\"},\"query-input\":\"required name=search_term_string\"}],\"inLanguage\":\"nl-NL\"}]}<\/script>\n<!-- \/ Yoast SEO Premium plugin. -->","yoast_head_json":{"title":"Bwin : Paris sur la Politique - Finale Coupe du Monde FIFA","description":"Parier sur les \u00e9lections Fran\u00e7aise, Am\u00e9ricaine avec le meilleur Bookmaker : Bwin. Int\u00e9gralit\u00e9 des cotes et pronostics pour Parier sur la Politique.","robots":{"index":"index","follow":"follow","max-snippet":"max-snippet:-1","max-image-preview":"max-image-preview:large","max-video-preview":"max-video-preview:-1"},"canonical":"https:\/\/parier-presidentielle.com\/nl\/bwin-parijs-over-politiek\/","og_locale":"nl_NL","og_type":"article","og_title":"Bwin : Paris sur la Politique","og_description":"Parier sur les \u00e9lections Fran\u00e7aise, Am\u00e9ricaine avec le meilleur Bookmaker : Bwin. Int\u00e9gralit\u00e9 des cotes et pronostics pour Parier sur la Politique.","og_url":"https:\/\/parier-presidentielle.com\/nl\/bwin-parijs-over-politiek\/","og_site_name":"Parier Pr\u00e9sidentielle","article_modified_time":"2022-10-27T06:34:43+00:00","og_image":[{"url":"https:\/\/parier-presidentielle.com\/wp-content\/uploads\/2022\/02\/bwin-elections-300x175.png"}],"twitter_card":"summary_large_image","twitter_misc":{"Est. reading time":"4 minuten"},"schema":{"@context":"https:\/\/schema.org","@graph":[{"@type":"WebPage","@id":"https:\/\/parier-presidentielle.com\/bwin-paris-sur-la-politique\/","url":"https:\/\/parier-presidentielle.com\/bwin-paris-sur-la-politique\/","name":"Bwin : Paris sur la Politique - Finale Coupe du Monde FIFA","isPartOf":{"@id":"https:\/\/parier-presidentielle.com\/#website"},"datePublished":"2022-02-21T11:38:33+00:00","dateModified":"2022-10-27T06:34:43+00:00","description":"Parier sur les \u00e9lections Fran\u00e7aise, Am\u00e9ricaine avec le meilleur Bookmaker : Bwin. Int\u00e9gralit\u00e9 des cotes et pronostics pour Parier sur la Politique.","breadcrumb":{"@id":"https:\/\/parier-presidentielle.com\/bwin-paris-sur-la-politique\/#breadcrumb"},"inLanguage":"nl-NL","potentialAction":[{"@type":"ReadAction","target":["https:\/\/parier-presidentielle.com\/bwin-paris-sur-la-politique\/"]}]},{"@type":"BreadcrumbList","@id":"https:\/\/parier-presidentielle.com\/bwin-paris-sur-la-politique\/#breadcrumb","itemListElement":[{"@type":"ListItem","position":1,"name":"Accueil","item":"https:\/\/parier-presidentielle.com\/"},{"@type":"ListItem","position":2,"name":"Bwin : Paris sur la Politique"}]},{"@type":"WebSite","@id":"https:\/\/parier-presidentielle.com\/#website","url":"https:\/\/parier-presidentielle.com\/","name":"Parier Pr\u00e9sidentielle","description":"Paris, Pronostics, Wiki sur la Politique, les Elections Am\u00e9ricaines: Joe Biden, Donald Trump avec les Bookmakers en ligne Unibet, Bwin, Betclic, Winamax","potentialAction":[{"@type":"SearchAction","target":{"@type":"EntryPoint","urlTemplate":"https:\/\/parier-presidentielle.com\/?s={search_term_string}"},"query-input":"required name=search_term_string"}],"inLanguage":"nl-NL"}]}},"_links":{"self":[{"href":"https:\/\/parier-presidentielle.com\/nl\/wp-json\/wp\/v2\/pages\/557"}],"collection":[{"href":"https:\/\/parier-presidentielle.com\/nl\/wp-json\/wp\/v2\/pages"}],"about":[{"href":"https:\/\/parier-presidentielle.com\/nl\/wp-json\/wp\/v2\/types\/page"}],"author":[{"embeddable":true,"href":"https:\/\/parier-presidentielle.com\/nl\/wp-json\/wp\/v2\/users\/1"}],"replies":[{"embeddable":true,"href":"https:\/\/parier-presidentielle.com\/nl\/wp-json\/wp\/v2\/comments?post=557"}],"version-history":[{"count":24,"href":"https:\/\/parier-presidentielle.com\/nl\/wp-json\/wp\/v2\/pages\/557\/revisions"}],"predecessor-version":[{"id":1684,"href":"https:\/\/parier-presidentielle.com\/nl\/wp-json\/wp\/v2\/pages\/557\/revisions\/1684"}],"wp:attachment":[{"href":"https:\/\/parier-presidentielle.com\/nl\/wp-json\/wp\/v2\/media?parent=557"}],"curies":[{"name":"wp","href":"https:\/\/api.w.org\/{rel}","templated":true}]}}