{"id":576,"date":"2022-02-21T13:37:39","date_gmt":"2022-02-21T12:37:39","guid":{"rendered":"https:\/\/parier-presidentielle.com\/?page_id=576"},"modified":"2022-02-24T17:52:41","modified_gmt":"2022-02-24T16:52:41","slug":"paris-candidate-cour-supreme-etats-unis","status":"publish","type":"page","link":"https:\/\/parier-presidentielle.com\/nl\/parijs-kandidaat-hooggerechtshof-verenigde-staten\/","title":{"rendered":"Weddenschappen op de kandidaat voor het Hooggerechtshof van de Verenigde Staten"},"content":{"rendered":"<div class=\"wp-block-image\"><figure class=\"aligncenter size-large is-resized\"><img decoding=\"async\" loading=\"lazy\" src=\"https:\/\/parier-presidentielle.com\/wp-content\/uploads\/2022\/02\/candidat-a-la-cour-supreme-des-etats-unis-1024x576.jpg\" alt=\"Weddenschappen op de kandidaat voor het Hooggerechtshof van de Verenigde Staten\" class=\"wp-image-605\" width=\"512\" height=\"288\" srcset=\"https:\/\/parier-presidentielle.com\/wp-content\/uploads\/2022\/02\/candidat-a-la-cour-supreme-des-etats-unis-1024x576.jpg 1024w, https:\/\/parier-presidentielle.com\/wp-content\/uploads\/2022\/02\/candidat-a-la-cour-supreme-des-etats-unis-300x169.jpg 300w, https:\/\/parier-presidentielle.com\/wp-content\/uploads\/2022\/02\/candidat-a-la-cour-supreme-des-etats-unis-768x432.jpg 768w, https:\/\/parier-presidentielle.com\/wp-content\/uploads\/2022\/02\/candidat-a-la-cour-supreme-des-etats-unis-1536x864.jpg 1536w, https:\/\/parier-presidentielle.com\/wp-content\/uploads\/2022\/02\/candidat-a-la-cour-supreme-des-etats-unis-2048x1152.jpg 2048w\" sizes=\"(max-width: 512px) 100vw, 512px\" \/><\/figure><\/div>\n\n\n\n<p><\/p>\n\n\n\n<h2 class=\"wp-block-heading\" id=\"qui-sera-le-prochain-candidat-a-la-cour-supreme-des-etats-unis\"><span id=\"qui-sera-le-prochain-candidat-a-la-cour-supreme-des-etats-unis\">Wie wordt de volgende kandidaat voor het Hooggerechtshof van de Verenigde Staten? <\/span><\/h2>\n\n\n\n<h3 class=\"wp-block-heading\" id=\"les-cotes-de-bwin\"><span id=\"les-cotes-de-bwin\">Bwin-kansen<\/span><\/h3>\n\n\n\n<div class=\"wp-block-columns is-layout-flex wp-container-3 wp-block-columns-is-layout-flex\">\n<div class=\"wp-block-column is-layout-flow wp-block-column-is-layout-flow\" style=\"flex-basis:50%\">\n<ul><li>Ketanji Brown Jackson 1.40 <\/li><li>Julianna Michelle Childs 3.50 <\/li><li>Leondra Kruger 7.00 uur <\/li><li>Wilhelmina Wright 21.00 uur <\/li><li>Candance Jackson-Akiwumi 26.00 uur<\/li><li>Leslie Abrams Gardner 34.00 uur <\/li><li>Ojetta Thompson 34.00 uur <\/li><\/ul>\n<\/div>\n\n\n\n<div class=\"wp-block-column is-layout-flow wp-block-column-is-layout-flow\" style=\"flex-basis:50%\">\n<ul id=\"block-ddd26370-54c6-4d08-b7e1-9017713db613\"><li>Sherrilyn om 34.00 uur<\/li><li>Tiffany Cunningham 34.00 uur<\/li><li>Anita Earls 51.00 uur<\/li><li>Eunice Lee 51.00 uur<\/li><li>Kamala Harris 51.00 uur<\/li><li>Hillary Clinton 101.00 uur<\/li><\/ul>\n<\/div>\n<\/div>\n\n\n\n<div class=\"wp-block-image\"><figure class=\"aligncenter size-full is-resized\"><img decoding=\"async\" loading=\"lazy\" src=\"https:\/\/parier-presidentielle.com\/wp-content\/uploads\/2022\/02\/bwin-candidate-a-la-cour-supreme-des-etats-unis.png\" alt=\"Bwin-beoordeling voor de volgende kandidaat voor het Amerikaanse Hooggerechtshof \" class=\"wp-image-622\" width=\"730\" height=\"535\" srcset=\"https:\/\/parier-presidentielle.com\/wp-content\/uploads\/2022\/02\/bwin-candidate-a-la-cour-supreme-des-etats-unis.png 973w, https:\/\/parier-presidentielle.com\/wp-content\/uploads\/2022\/02\/bwin-candidate-a-la-cour-supreme-des-etats-unis-300x220.png 300w, https:\/\/parier-presidentielle.com\/wp-content\/uploads\/2022\/02\/bwin-candidate-a-la-cour-supreme-des-etats-unis-768x563.png 768w\" sizes=\"(max-width: 730px) 100vw, 730px\" \/><\/figure><\/div>\n\n\n\n<p><\/p>\n\n\n\n<h3 class=\"wp-block-heading\" id=\"analyse-et-pronostics\"><span id=\"analyse-et-pronostics\">Analyse en voorspellingen<\/span><\/h3>\n\n\n\n<p>Na analyse van de huidige gebeurtenissen blijkt dat duidelijk <strong>Ketanji Brown Jackson <\/strong>is duidelijk onze favoriet onder alle kandidaten<br><\/p>\n\n\n\n<h3 class=\"wp-block-heading\" id=\"comment-realiser-son-1-pari-avec-bwin-c\"><span id=\"comment-realiser-son-1er-pari-avec-bwin-sur-un-candidat-a-la-cour-supreme-des-etats-unis\">Hoe kunt u bij Bwin uw eerste weddenschap plaatsen op een kandidaat voor het Hooggerechtshof van de Verenigde Staten?<\/span><\/h3>\n\n\n\n<p id=\"comment-realiser-son-1-pari-avec-bwin-c\">Net zoals u kunt wedden op de overwinning van uw favoriete voetbalteam, kunt u bij de bookmaker van Bwin wedden op de winnaar van de verkiezing van het Hooggerechtshof van de Verenigde Staten: het is snel en gemakkelijk!<\/p>\n\n\n\n<ol><li>Kies de kandidaat waarop u wilt wedden:<br>in ons voorbeeld is het Kamala Harris!<br><\/li><li>Geef de inzet aan die u wilt inzetten,<br>10\u20ac in onze simulatie<br><\/li><li>En nu is het voorbij!<br>In onze schermafbeelding zijn de odds 51 en de inzet van \u20ac 10 in geval van overwinning <strong>jij wint \u20ac510!<\/strong><\/li><\/ol>\n\n\n\n<div class=\"wp-block-image\"><figure class=\"aligncenter size-large is-resized\"><img decoding=\"async\" loading=\"lazy\" src=\"https:\/\/parier-presidentielle.com\/wp-content\/uploads\/2022\/02\/bwin-paris-candidate-a-la-cour-supreme-des-etats-unis-737x1024.png\" alt=\"hoe u bij Bwin kunt wedden op de volgende kandidaat voor het Amerikaanse Hooggerechtshof \" class=\"wp-image-625\" width=\"369\" height=\"512\" srcset=\"https:\/\/parier-presidentielle.com\/wp-content\/uploads\/2022\/02\/bwin-paris-candidate-a-la-cour-supreme-des-etats-unis-737x1024.png 737w, https:\/\/parier-presidentielle.com\/wp-content\/uploads\/2022\/02\/bwin-paris-candidate-a-la-cour-supreme-des-etats-unis-216x300.png 216w, https:\/\/parier-presidentielle.com\/wp-content\/uploads\/2022\/02\/bwin-paris-candidate-a-la-cour-supreme-des-etats-unis-768x1068.png 768w, https:\/\/parier-presidentielle.com\/wp-content\/uploads\/2022\/02\/bwin-paris-candidate-a-la-cour-supreme-des-etats-unis.png 833w\" sizes=\"(max-width: 369px) 100vw, 369px\" \/><\/figure><\/div>\n\n\n\n<p><\/p>\n\n\n\n<h2 class=\"wp-block-heading\" id=\"l-actualite-des-candidats-cour-supreme-des-etats-unis\"><span id=\"l8217actualite-des-candidats-de-la-cour-supreme-des-etats-unis\">Nieuws van de genomineerden voor het Hooggerechtshof van de Verenigde Staten<\/span><\/h2>\n\n\n\n<h3 class=\"wp-block-heading\" id=\"le-depart-du-juge-stephen-breyer\"><span id=\"le-depart-du-juge-stephen-breyer\">Het vertrek van rechter Stephen Breyer<\/span><\/h3>\n\n\n\n<p class=\"has-text-align-left\">De 83-jarige rechter van het Hooggerechtshof, Stephen Breyer, treedt af en maakt de weg vrij voor president Joe Biden om de volgende rechter van het Hooggerechtshof te kiezen. Zodra het nieuws naar buiten kwam, gokten de Europese bookmakers Bwin, Unibet\u2026 op welke potenti\u00eble kandidaten zij dachten dat de meest waarschijnlijke kandidaten voor Biden waren. <\/p>\n\n\n\n<h3 class=\"wp-block-heading\" id=\"les-cotes-des-bookmakers\"><span id=\"les-cotes-des-bookmakers\">Bookmaker-kansen<\/span><\/h3>\n\n\n\n<p>Hieronder geven we een overzicht van de laatste odds, wat deze betekenen voor de winnende odds van elke deelnemer en hoe het laatste nieuws de gokmarkt be\u00efnvloedt. Om de kansen van de volgende genomineerden voor het Hooggerechtshof in context te plaatsen, geven we de impliciete kansen en de kansen voor elke kandidaat om de volgende rechter bij het Hooggerechtshof te worden.<br>Uitleg van de kansen van het Hooggerechtshof van Bwin: De kansen van Ketanji Brown Jackson zijn 1,40, wat haar de favoriet maakt, plus de andere serieuze kandidaten zijn rechters J. Michelle Childs (+175), Leondra Kruger (+600) en Candance Jackson-Akiwumi (+2000). ). Justice Childs versloeg Justice Kruger in de Ladbrokes-kansen voor de tweede plaats. Ladbrokes heeft de odds vrijgegeven voor negen andere prominente vrouwen, waaronder twee opmerkelijke: vice-president Kamala Harris (+5.000) en voormalig minister van Buitenlandse Zaken Hillary Clinton (+10.000). EmpireStakes.com zal deze pagina bijwerken zoals vereist door Ladbrokes News en de odds veranderen totdat president Biden zijn nominatie doet.<\/p>\n\n\n\n<h3 class=\"wp-block-heading\" id=\"une-annonce-attendus\"><span id=\"une-annonce-attendus\">Een verwachte aankondiging<\/span><\/h3>\n\n\n\n<p> Het Hooggerechtshof is weer in het nieuws sinds de 83-jarige rechter bij het Hooggerechtshof, Stephen Breyer, op 27 januari officieel zijn pensionering aankondigde toen hij zich bij president Joe Biden voegde in het Witte Huis. Biden zal nu beginnen met het selecteren van de volgende rechter van het Hooggerechtshof, waarmee hij de basis legt voor het vervullen van zijn campagnebelofte om de eerste zwarte vrouw voor het Hooggerechtshof te nomineren. De president bevestigde deze toezegging op 27 januari en noemde een dergelijke historische bijeenkomst \u2018al veel te laat\u2019. Biden nadert zijn eigen deadline om \u2018eind februari\u2019 genomineerden te nomineren. Volgens CNN is het selectieproces voor potenti\u00eble kandidaten aan het opwarmen. Biden heeft naar verluidt meerdere nachten doorgebracht met het doornemen van mappen met betrekking tot concepten van mogelijke zaken uit het verleden. De opvolger van Breyer moet door de Senaat worden bevestigd. De Senaat is momenteel 50-50 verdeeld tussen Democraten en Republikeinen, maar technisch gezien hebben de Democraten een meerderheid omdat vice-president Kamala Harris alle banden met haar stem kan verbreken. Breyer is de op een na langstzittende rechter. Zijn pensioen gaat in aan het begin van de zomer, aan het einde van zijn huidige mandaat: wie weet of hij zelf online gokt op zijn opvolger zoals het adagium luidt: \u201cOnly in America\u201d!<\/p>\n\n\n\n<p class=\"has-text-align-center unibet\" style=\"font-size:25px\"><mark style=\"background-color:rgba(0, 0, 0, 0);color:#0d7a12\" class=\"has-inline-color\"><strong><a href=\"https:\/\/parier-presidentielle.com\/nl\/recommends\/unibet\/\">150\u20ac Bonus aangeboden bij Unibet<br>Voor uw eerste politieke of sportweddenschap: Klik hier<\/a><\/strong><\/mark><\/p>\n\n\n\n<p><\/p>\n\n\n<div class=\"wp-block-image\">\n<figure class=\"aligncenter is-resized wp-duotone-000097-ff4747-4\"><img decoding=\"async\" loading=\"lazy\" src=\"https:\/\/parier-presidentielle.com\/wp-content\/uploads\/2021\/09\/election-standard-scale-4_00x-gigapixel-1024x623.jpg\" alt=\"Verkiezing 2022\" style=\"width:256px;height:156px\" width=\"256\" height=\"156\"\/><\/figure><\/div>\n\n\n<p><br><\/p>\n\n\n\n<p><strong>Parier-presidential helpt u bij het maken van uw keuze tussen de verschillende<a href=\"https:\/\/parier-presidentielle.com\/nl\/\"> Bookmakers Bwin, Unibet en Betclic gaan wedden op de toekomstige Amerikaanse president in 2024<\/a> : <\/strong><br><a href=\"https:\/\/parier-presidentielle.com\/nl\/unibet-politiek-verkiezing-2022\/\">Presidenti\u00eble bookmaker van Unibet<\/a> : Gedetailleerde en gratis gids voor het plaatsen van uw eerste online weddenschap met alle kansen en hoe u kunt profiteren van de aangeboden bonus!<\/p>\n\n\n\n<p>Evenals andere online sites in Parijs: <a href=\"https:\/\/parier-presidentielle.com\/nl\/unibet-politiek-verkiezing-2022\/\">Bwin<\/a>, <a href=\"https:\/\/parier-presidentielle.com\/nl\/netbet-paris-politiek-verkiezing-2022\/\">NetBet<\/a>, <a href=\"https:\/\/parier-presidentielle.com\/nl\/betclic-presidentieel-2022\/\">Betclic<\/a>, <a href=\"https:\/\/parier-presidentielle.com\/nl\/winamax-politiek-verkiezing-2022\/\">Winamax<\/a>, Parions Sport, Zebet,Betway, France-Pari,Vbet, Cloudbet, 1Xbit, 1xbet, Betfair, Betwinner \u2026<\/p>\n\n\n\n<div class=\"wp-block-columns is-layout-flex wp-container-9 wp-block-columns-is-layout-flex\">\n<div class=\"wp-block-column is-layout-flow wp-block-column-is-layout-flow\" style=\"flex-basis:33.33%\">\n<p>Je hebt zojuist ons bestand gelezen:<\/p>\n<\/div>\n\n\n\n<div class=\"wp-block-column is-layout-flow wp-block-column-is-layout-flow\" style=\"flex-basis:33.33%\">\n<div class=\"wp-block-group is-layout-flow wp-block-group-is-layout-flow\"><div class=\"wp-block-group__inner-container\"><h4 class=\"has-text-align-center wp-block-post-title\"><span id=\"paris-sur-la-candidate-a-la-cour-supreme-des-etats-unis\"><a href=\"https:\/\/parier-presidentielle.com\/nl\/parijs-kandidaat-hooggerechtshof-verenigde-staten\/\" target=\"_self\" >Weddenschappen op de kandidaat voor het Hooggerechtshof van de Verenigde Staten<\/a><\/span><\/h4><\/div><\/div>\n<\/div>\n\n\n\n<div class=\"wp-block-column is-layout-flow wp-block-column-is-layout-flow\" style=\"flex-basis:33.33%\">\n<p class=\"has-text-align-right\">Lees verder met onze andere exclusieve bestanden,<\/p>\n<\/div>\n<\/div>\n\n\n\n<h3 class=\"wp-block-heading\" id=\"tous-les-pronostics-sondage-et-cotes-pour-parier-sur-le-futur-vainqueur-de-l-election-presidentielle-2022\"><span id=\"tous-les-pronostics-sondage-et-cotes-pour-parier-sur-le-futur-vainqueur-de-l8217election-presidentielle-2024\">Alle voorspellingen, enqu\u00eates en kansen om te wedden op de toekomstige winnaar van de presidentsverkiezingen van 2024:<\/span><\/h3>\n\n\n\n<ul>\n<li><a href=\"https:\/\/parier-presidentielle.com\/nl\/macron-verkiezing\/\">Wed op Emmanuel Macron met Unibet, Betclic, Bwin<\/a> : De favoriet in peilingen en voorspellingen <\/li>\n\n\n\n<li><a href=\"https:\/\/parier-presidentielle.com\/nl\/marine-le-pen-verkiezing\/\">Marine Le Pen: Haar kansen en hoe te wedden bij de Bookmakers<\/a>: De uitdager volgens Unibet<\/li>\n<\/ul>\n\n\n\n<p><\/p>\n\n\n\n<center><script type=\"text\/javascript\" charset=\"utf-8\" src=\"https:\/\/www.gambling-affiliation.com\/cpm\/v=AmIMTDSs92QY6b0MzDMvM5laCjJ-ZlA-1oQ-7tKsi.w_GA7331V2\"><\/script><\/center>\n\n\n\n<h3 class=\"wp-block-heading\"><span id=\"donald-trump-vs-joe-biden-la-video-qui-lance-les-paris-en-ligne-sur-l8217election-politique-de-2024\">Donald Trump versus Joe Biden: de video die online weddenschappen op de politieke verkiezingen van 2024 lanceert<\/span><\/h3>\n\n\n\n<figure class=\"wp-block-embed is-type-video is-provider-youtube wp-block-embed-youtube wp-embed-aspect-16-9 wp-has-aspect-ratio\"><div class=\"wp-block-embed__wrapper\">\n<iframe loading=\"lazy\" title=\"Voormalig president Donald Trump lanceert 2024 Witte Huis-bod #Short\" width=\"640\" height=\"360\" src=\"https:\/\/www.youtube.com\/embed\/hZykPRVe4Ag?feature=oembed\" frameborder=\"0\" allow=\"accelerometer; autoplay; clipboard-write; encrypted-media; gyroscope; picture-in-picture; web-share\" allowfullscreen><\/iframe>\n<\/div><\/figure>\n\n\n<div class=\"wp-block-image\">\n<figure class=\"aligncenter size-medium\"><a href=\"https:\/\/parier-presidentielle.com\/nl\/recommends\/unibet\/\" target=\"_blank\" rel=\"noopener\"><img decoding=\"async\" loading=\"lazy\" width=\"300\" height=\"169\" src=\"https:\/\/parier-presidentielle.com\/wp-content\/uploads\/2022\/04\/unibet-300x169.jpg\" alt=\"\" class=\"wp-image-1252\" srcset=\"https:\/\/parier-presidentielle.com\/wp-content\/uploads\/2022\/04\/unibet-300x169.jpg 300w, https:\/\/parier-presidentielle.com\/wp-content\/uploads\/2022\/04\/unibet-1024x576.jpg 1024w, https:\/\/parier-presidentielle.com\/wp-content\/uploads\/2022\/04\/unibet-768x432.jpg 768w, https:\/\/parier-presidentielle.com\/wp-content\/uploads\/2022\/04\/unibet-18x10.jpg 18w, https:\/\/parier-presidentielle.com\/wp-content\/uploads\/2022\/04\/unibet.jpg 1280w\" sizes=\"(max-width: 300px) 100vw, 300px\" \/><\/a><\/figure><\/div>\n\n\n<p>Vind de Wiki, het essenti\u00eble politieke nieuws over cannabis en zijn legale afgeleiden: <strong>HHC, H4cbd, Thcp, Thcv, HSD, HHCPO, C4B<\/strong><\/p>\n<div id=\"toc_container\" class=\"no_bullets\"><p class=\"toc_title\">Inhoud<\/p><ul class=\"toc_list\"><li><ul><li><\/li><li><\/li><li><\/li><\/ul><\/li><li><ul><li><\/li><li><\/li><li><ul><li><\/li><\/ul><\/li><li><\/li><li><\/li><\/ul><\/li><\/ul><\/div>","protected":false},"excerpt":{"rendered":"<p>Wie wordt de volgende kandidaat voor het Hooggerechtshof van de Verenigde Staten? Bwin Odds Ketanji Brown Jackson 1,40 Julianna Michelle Childs 3,50 Leondra Kruger 7,00 Wilhelmina Wright 21,00 Candance Jackson-Akiwumi 26,00 Leslie Abrams Gardner 34,00 Ojetta Thompson 34,00 Sherrilyn op 34,00 Tiffany Cunningham 34,00 Anita Earls 51,00 Eunice Lee 51. 00 Kamala Harris 51,00 \u2026<\/p>","protected":false},"author":1,"featured_media":0,"parent":0,"menu_order":0,"comment_status":"closed","ping_status":"closed","template":"page-nosidebar.php","meta":{"footnotes":""},"yoast_head":"<!-- This site is optimized with the Yoast SEO Premium plugin v21.0 (Yoast SEO v21.0) - https:\/\/yoast.com\/wordpress\/plugins\/seo\/ -->\n<title>Paris sur la Candidate \u00e0 la cour Supr\u00eame des Etats-Unis - Finale Coupe du Monde FIFA<\/title>\n<meta name=\"description\" content=\"Parier sur la Politique : Qui sera le prochain candidat \u00e0 la Cour Supr\u00eame des \u00c9tats-Unis ?\" \/>\n<meta name=\"robots\" content=\"index, follow, max-snippet:-1, max-image-preview:large, max-video-preview:-1\" \/>\n<link rel=\"canonical\" href=\"https:\/\/parier-presidentielle.com\/nl\/parijs-kandidaat-hooggerechtshof-verenigde-staten\/\" \/>\n<meta property=\"og:locale\" content=\"nl_NL\" \/>\n<meta property=\"og:type\" content=\"article\" \/>\n<meta property=\"og:title\" content=\"Paris sur la Candidate \u00e0 la cour Supr\u00eame des Etats-Unis\" \/>\n<meta property=\"og:description\" content=\"Parier sur la Politique : Qui sera le prochain candidat \u00e0 la Cour Supr\u00eame des \u00c9tats-Unis ?\" \/>\n<meta property=\"og:url\" content=\"https:\/\/parier-presidentielle.com\/nl\/parijs-kandidaat-hooggerechtshof-verenigde-staten\/\" \/>\n<meta property=\"og:site_name\" content=\"Parier Pr\u00e9sidentielle\" \/>\n<meta property=\"article:modified_time\" content=\"2022-02-24T16:52:41+00:00\" \/>\n<meta property=\"og:image\" content=\"https:\/\/parier-presidentielle.com\/wp-content\/uploads\/2022\/02\/candidat-a-la-cour-supreme-des-etats-unis-1024x576.jpg\" \/>\n<meta name=\"twitter:card\" content=\"summary_large_image\" \/>\n<meta name=\"twitter:label1\" content=\"Est. reading time\" \/>\n\t<meta name=\"twitter:data1\" content=\"4 minuten\" \/>\n<script type=\"application\/ld+json\" class=\"yoast-schema-graph\">{\"@context\":\"https:\/\/schema.org\",\"@graph\":[{\"@type\":\"WebPage\",\"@id\":\"https:\/\/parier-presidentielle.com\/paris-candidate-cour-supreme-etats-unis\/\",\"url\":\"https:\/\/parier-presidentielle.com\/paris-candidate-cour-supreme-etats-unis\/\",\"name\":\"Paris sur la Candidate \u00e0 la cour Supr\u00eame des Etats-Unis - Finale Coupe du Monde FIFA\",\"isPartOf\":{\"@id\":\"https:\/\/parier-presidentielle.com\/#website\"},\"datePublished\":\"2022-02-21T12:37:39+00:00\",\"dateModified\":\"2022-02-24T16:52:41+00:00\",\"description\":\"Parier sur la Politique : Qui sera le prochain candidat \u00e0 la Cour Supr\u00eame des \u00c9tats-Unis ?\",\"breadcrumb\":{\"@id\":\"https:\/\/parier-presidentielle.com\/paris-candidate-cour-supreme-etats-unis\/#breadcrumb\"},\"inLanguage\":\"nl-NL\",\"potentialAction\":[{\"@type\":\"ReadAction\",\"target\":[\"https:\/\/parier-presidentielle.com\/paris-candidate-cour-supreme-etats-unis\/\"]}]},{\"@type\":\"BreadcrumbList\",\"@id\":\"https:\/\/parier-presidentielle.com\/paris-candidate-cour-supreme-etats-unis\/#breadcrumb\",\"itemListElement\":[{\"@type\":\"ListItem\",\"position\":1,\"name\":\"Accueil\",\"item\":\"https:\/\/parier-presidentielle.com\/\"},{\"@type\":\"ListItem\",\"position\":2,\"name\":\"Paris sur la Candidate \u00e0 la cour Supr\u00eame des Etats-Unis\"}]},{\"@type\":\"WebSite\",\"@id\":\"https:\/\/parier-presidentielle.com\/#website\",\"url\":\"https:\/\/parier-presidentielle.com\/\",\"name\":\"Parier Pr\u00e9sidentielle\",\"description\":\"Paris, Pronostics, Wiki sur la Politique, les Elections Am\u00e9ricaines: Joe Biden, Donald Trump avec les Bookmakers en ligne Unibet, Bwin, Betclic, Winamax\",\"potentialAction\":[{\"@type\":\"SearchAction\",\"target\":{\"@type\":\"EntryPoint\",\"urlTemplate\":\"https:\/\/parier-presidentielle.com\/?s={search_term_string}\"},\"query-input\":\"required name=search_term_string\"}],\"inLanguage\":\"nl-NL\"}]}<\/script>\n<!-- \/ Yoast SEO Premium plugin. -->","yoast_head_json":{"title":"Paris sur la Candidate \u00e0 la cour Supr\u00eame des Etats-Unis - Finale Coupe du Monde FIFA","description":"Parier sur la Politique : Qui sera le prochain candidat \u00e0 la Cour Supr\u00eame des \u00c9tats-Unis ?","robots":{"index":"index","follow":"follow","max-snippet":"max-snippet:-1","max-image-preview":"max-image-preview:large","max-video-preview":"max-video-preview:-1"},"canonical":"https:\/\/parier-presidentielle.com\/nl\/parijs-kandidaat-hooggerechtshof-verenigde-staten\/","og_locale":"nl_NL","og_type":"article","og_title":"Paris sur la Candidate \u00e0 la cour Supr\u00eame des Etats-Unis","og_description":"Parier sur la Politique : Qui sera le prochain candidat \u00e0 la Cour Supr\u00eame des \u00c9tats-Unis ?","og_url":"https:\/\/parier-presidentielle.com\/nl\/parijs-kandidaat-hooggerechtshof-verenigde-staten\/","og_site_name":"Parier Pr\u00e9sidentielle","article_modified_time":"2022-02-24T16:52:41+00:00","og_image":[{"url":"https:\/\/parier-presidentielle.com\/wp-content\/uploads\/2022\/02\/candidat-a-la-cour-supreme-des-etats-unis-1024x576.jpg"}],"twitter_card":"summary_large_image","twitter_misc":{"Est. reading time":"4 minuten"},"schema":{"@context":"https:\/\/schema.org","@graph":[{"@type":"WebPage","@id":"https:\/\/parier-presidentielle.com\/paris-candidate-cour-supreme-etats-unis\/","url":"https:\/\/parier-presidentielle.com\/paris-candidate-cour-supreme-etats-unis\/","name":"Paris sur la Candidate \u00e0 la cour Supr\u00eame des Etats-Unis - Finale Coupe du Monde FIFA","isPartOf":{"@id":"https:\/\/parier-presidentielle.com\/#website"},"datePublished":"2022-02-21T12:37:39+00:00","dateModified":"2022-02-24T16:52:41+00:00","description":"Parier sur la Politique : Qui sera le prochain candidat \u00e0 la Cour Supr\u00eame des \u00c9tats-Unis ?","breadcrumb":{"@id":"https:\/\/parier-presidentielle.com\/paris-candidate-cour-supreme-etats-unis\/#breadcrumb"},"inLanguage":"nl-NL","potentialAction":[{"@type":"ReadAction","target":["https:\/\/parier-presidentielle.com\/paris-candidate-cour-supreme-etats-unis\/"]}]},{"@type":"BreadcrumbList","@id":"https:\/\/parier-presidentielle.com\/paris-candidate-cour-supreme-etats-unis\/#breadcrumb","itemListElement":[{"@type":"ListItem","position":1,"name":"Accueil","item":"https:\/\/parier-presidentielle.com\/"},{"@type":"ListItem","position":2,"name":"Paris sur la Candidate \u00e0 la cour Supr\u00eame des Etats-Unis"}]},{"@type":"WebSite","@id":"https:\/\/parier-presidentielle.com\/#website","url":"https:\/\/parier-presidentielle.com\/","name":"Parier Pr\u00e9sidentielle","description":"Paris, Pronostics, Wiki sur la Politique, les Elections Am\u00e9ricaines: Joe Biden, Donald Trump avec les Bookmakers en ligne Unibet, Bwin, Betclic, Winamax","potentialAction":[{"@type":"SearchAction","target":{"@type":"EntryPoint","urlTemplate":"https:\/\/parier-presidentielle.com\/?s={search_term_string}"},"query-input":"required name=search_term_string"}],"inLanguage":"nl-NL"}]}},"_links":{"self":[{"href":"https:\/\/parier-presidentielle.com\/nl\/wp-json\/wp\/v2\/pages\/576"}],"collection":[{"href":"https:\/\/parier-presidentielle.com\/nl\/wp-json\/wp\/v2\/pages"}],"about":[{"href":"https:\/\/parier-presidentielle.com\/nl\/wp-json\/wp\/v2\/types\/page"}],"author":[{"embeddable":true,"href":"https:\/\/parier-presidentielle.com\/nl\/wp-json\/wp\/v2\/users\/1"}],"replies":[{"embeddable":true,"href":"https:\/\/parier-presidentielle.com\/nl\/wp-json\/wp\/v2\/comments?post=576"}],"version-history":[{"count":25,"href":"https:\/\/parier-presidentielle.com\/nl\/wp-json\/wp\/v2\/pages\/576\/revisions"}],"predecessor-version":[{"id":1682,"href":"https:\/\/parier-presidentielle.com\/nl\/wp-json\/wp\/v2\/pages\/576\/revisions\/1682"}],"wp:attachment":[{"href":"https:\/\/parier-presidentielle.com\/nl\/wp-json\/wp\/v2\/media?parent=576"}],"curies":[{"name":"wp","href":"https:\/\/api.w.org\/{rel}","templated":true}]}}