{"id":68,"date":"2021-09-07T09:24:43","date_gmt":"2021-09-07T07:24:43","guid":{"rendered":"https:\/\/parier-presidentielle.com\/?page_id=68"},"modified":"2022-03-09T10:41:39","modified_gmt":"2022-03-09T09:41:39","slug":"emmanuel-macron-marine-le-pen-eric-zemmour-sondage","status":"publish","type":"page","link":"https:\/\/parier-presidentielle.com\/nl\/emmanuel-macron-marine-le-pen-eric-zemmour-enquete\/","title":{"rendered":"Presidentsverkiezingen 2022: Volgens peilingen zullen Emmanuel Macron en Marine Le Pen in de tweede ronde zitten"},"content":{"rendered":"<p><\/p>\n\n\n\n<p><\/p>\n\n\n\n<h2 class=\"wp-block-heading\"><span id=\"d8217apres-les-sondages-emmanuel-macron-et-marine-le-pen-seront-a-l8217election-presidentielle-de-2022-et-s8217affronteront-au-second-tour-quels-que-soient-les-autres-candidats-dont-eric-zemmour\">Volgens peilingen doen Emmanuel Macron en Marine Le Pen mee aan de presidentsverkiezingen van 2022 en staan ze tegenover elkaar in de tweede ronde, ongeacht de andere kandidaten, waaronder Eric Zemmour. <\/span><\/h2>\n\n\n\n<p>Volgens de Ipsos-enqu\u00eate die vrijdag 3 september voor Franceinfo is gepubliceerd, zijn er nog zeven maanden tot de eerste ronde van de presidentsverkiezingen op 10 april 2022. Emmanuel Macron en Marine Le Pen lopen nog steeds voorop wat betreft stemintenties. Afhankelijk van de omstandigheden behaalde het aftredende staatshoofd 24 tot 26 %-stemmen, en de voorzitter van de Nationale Assemblee 19 tot 23 %-stemmen.<br>Zes verschillende hypothesen werden getest, afhankelijk van de kandidaten gesteund door de Republikeinse Partij en de kandidatuur van Eric Zemmour.<\/p>\n\n\n\n<div class=\"wp-block-image wp-duotone-000097-ff4747-1\"><figure class=\"aligncenter size-large is-resized\"><img decoding=\"async\" loading=\"lazy\" src=\"https:\/\/parier-presidentielle.com\/wp-content\/uploads\/2021\/09\/macron-le-pen-1024x576.jpg\" alt=\"Ontmoeting Macron en Le Pen\" class=\"wp-image-135\" width=\"559\" height=\"314\" srcset=\"https:\/\/parier-presidentielle.com\/wp-content\/uploads\/2021\/09\/macron-le-pen-1024x576.jpg 1024w, https:\/\/parier-presidentielle.com\/wp-content\/uploads\/2021\/09\/macron-le-pen-300x169.jpg 300w, https:\/\/parier-presidentielle.com\/wp-content\/uploads\/2021\/09\/macron-le-pen-768x432.jpg 768w, https:\/\/parier-presidentielle.com\/wp-content\/uploads\/2021\/09\/macron-le-pen.jpg 1350w\" sizes=\"(max-width: 559px) 100vw, 559px\" \/><\/figure><\/div>\n\n\n\n<p><\/p>\n\n\n\n<h2 class=\"wp-block-heading\"><span id=\"sondages-et-cote-tres-basse-pour-les-autres-candidats\">Opiniepeilingen en zeer lage kansen voor andere kandidaten<\/span><\/h2>\n\n\n\n<p><br>De Republikeinen Bertrand, P\u00e9cresse en Barnier vertegenwoordigen 11% tot 17%<br>\u201cMarine Le Pen controleert nu de mogelijkheid dat ze doorgaat naar de tweede ronde, maar haar niveau is gedaald. Volgens de analyse van Brice Teinturier, de hoofdvertegenwoordiger van Ipsos Frankrijk. We kunnen met drie spelen, al hebben de Republikeinen ze nog niet geselecteerd. . Hoe zullen zij hun kandidaten nomineren? In alle onderzochte hypothesen bezetten de rechtse kandidaten de derde plaats wat betreft stemintenties. Volgens de kandidatuur van Eric Zemmour ontving Xavier Bertrand 15 tot 17 % aan stemintenties, Val\u00e9rie P\u00e9cresse ontving 14 tot 16 % en Michel Barnier ontving 11 tot 13 %. Brice Teinturier verklaarde dat v\u00f3\u00f3r Michel Barnier \u201cde kloof tussen Xavier Bertrand en Val\u00e9rie P\u00e9cresse is veel kleiner geworden\u201d. \u201cNiets is doorslaggevend, ook al blijkt uit de meningen dat Xavier Bertrand een voordeel heeft.\u201d Deze drie persoonlijkheden werden feitelijk getest bij LR-UDI-sympathisanten, en de Republikeinse voorverkiezingen hebben nog steeds niet bevestigd dat de juiste kandidaat was genomineerd. Zo ontving Xavier Bertrand 39 % gunstige adviezen van rechts, Val\u00e9rie P\u00e9cresse 29 % en Michel Barnier 22 %. Slechts 29 %-aanhangers steunen de voorverkiezingen van de organisatie. 41% is het eens met de oplossing om hun kandidaten te kiezen \u201cbinnen het kader van de Algemene Vergadering\u201d, waarbij \u201crechtse leiders\u201d worden samengebracht.<\/p>\n\n\n\n<p>In geval van toepassing, <a href=\"https:\/\/parier-presidentielle.com\/nl\/zemmour-verkiezing\/\">Eric Zemmour<\/a> verzamelde 8 tot 8,5% aan stemintenties. Volgens de algemeen vertegenwoordiger van Ipsos is de score \u201cniet te verwaarlozen\u201d, maar deze \u201cis niet veel veranderd\u201d omdat de kiezers in de debater \u201cevenveel aanvallen hebben op RN als op LR\u201d.<\/p>\n\n\n\n<h2 class=\"wp-block-heading\"><span id=\"un-taux-de-participation-record-pour-la-campagne-2022\">Een recorddeelname voor de campagne van 2022<\/span><\/h2>\n\n\n\n<p><\/p>\n\n\n\n<p>Bijna zeven op de tien Fransen denken dat ze zullen stemmen. Dat blijkt uit de enqu\u00eate van Ipsos-Sopra Steria op franceinfo en Le Parisien\/Aujourd&#039;hui in Frankrijk. \u201cZonder een sterke positie leidt Yannick Jadot met 10 %\u2019s, maar slechts v\u00f3\u00f3r de 9 %\u2019s van Anne Hidalgo en de 8 %\u2019s tot 8,5 %\u2019s van Jean-Luc M\u00e9lenchon\u201d, analyseerde Brice Teinturier. Volgens hem zijn \u201cde scores van de milieuactivisten gelijk aan of hoger dan die van de socialisten, dit is niet zonder belang\u201d. In Europa lijkt deze trend bij de gemeentelijke en regionale verkiezingen te worden bevestigd!<\/p>\n\n\n\n<p><\/p>\n\n\n\n<h3 class=\"has-text-align-center wp-block-heading\"><span id=\"dossier-special-bookmaker-unibet-bwin-mondial-quatar\"><br>Speciaal rapport Bookmaker Unibet Bwin &amp; Mondial Quatar <\/span><\/h3>\n\n\n\n<p>Maak uw eerste online weddenschap op politiek en alle sporten dankzij onze bestanden op de verschillende sites: Betclic, Winamax, Unibet, Betclic: <\/p>\n\n\n\n<p>Met de hulp van online bookmakers zoals Bwin, Unibet en Betclic heeft u toegang tot een verscheidenheid aan gokmarkten voor het toernooi, waardoor u de kans krijgt om veel te winnen. Kortom: het Franse team zou een van de teams kunnen zijn om in de gaten te houden tijdens het WK 2022 Beker. Met de hulp van online bookmakers zoals Bwin, Unibet en Betclic kunt u informatie over Portugal verzamelen en weloverwogen weddenschappen plaatsen op hun prestaties in dit toernooi. Dus waarom zou u niet profiteren van de mogelijkheid om mogelijk te profiteren van het succes van Frankrijk in 2022?<\/p>\n\n\n\n<p class=\"has-text-align-center unibet\" style=\"font-size:25px\"><mark style=\"background-color:rgba(0, 0, 0, 0);color:#0d7a12\" class=\"has-inline-color\"><strong><a href=\"https:\/\/parier-presidentielle.com\/nl\/recommends\/unibet\/\">150\u20ac Bonus aangeboden bij Unibet<br>Voor uw eerste politieke of sportweddenschap: Klik hier<\/a><\/strong><\/mark><\/p>\n\n\n\n<p><\/p>\n\n\n<div class=\"wp-block-image\">\n<figure class=\"aligncenter is-resized wp-duotone-000097-ff4747-2\"><img decoding=\"async\" loading=\"lazy\" src=\"https:\/\/parier-presidentielle.com\/wp-content\/uploads\/2021\/09\/election-standard-scale-4_00x-gigapixel-1024x623.jpg\" alt=\"Verkiezing 2022\" style=\"width:256px;height:156px\" width=\"256\" height=\"156\"\/><\/figure><\/div>\n\n\n<p><br><\/p>\n\n\n\n<p><strong>Parier-presidential helpt u bij het maken van uw keuze tussen de verschillende<a href=\"https:\/\/parier-presidentielle.com\/nl\/\"> Bookmakers Bwin, Unibet en Betclic gaan wedden op de toekomstige Amerikaanse president in 2024<\/a> : <\/strong><br><a href=\"https:\/\/parier-presidentielle.com\/nl\/unibet-politiek-verkiezing-2022\/\">Presidenti\u00eble bookmaker van Unibet<\/a> : Gedetailleerde en gratis gids voor het plaatsen van uw eerste online weddenschap met alle kansen en hoe u kunt profiteren van de aangeboden bonus!<\/p>\n\n\n\n<p>Evenals andere online sites in Parijs: <a href=\"https:\/\/parier-presidentielle.com\/nl\/unibet-politiek-verkiezing-2022\/\">Bwin<\/a>, <a href=\"https:\/\/parier-presidentielle.com\/nl\/netbet-paris-politiek-verkiezing-2022\/\">NetBet<\/a>, <a href=\"https:\/\/parier-presidentielle.com\/nl\/betclic-presidentieel-2022\/\">Betclic<\/a>, <a href=\"https:\/\/parier-presidentielle.com\/nl\/winamax-politiek-verkiezing-2022\/\">Winamax<\/a>, Parions Sport, Zebet,Betway, France-Pari,Vbet, Cloudbet, 1Xbit, 1xbet, Betfair, Betwinner \u2026<\/p>\n\n\n\n<div class=\"wp-block-columns is-layout-flex wp-container-7 wp-block-columns-is-layout-flex\">\n<div class=\"wp-block-column is-layout-flow wp-block-column-is-layout-flow\" style=\"flex-basis:33.33%\">\n<p>Je hebt zojuist ons bestand gelezen:<\/p>\n<\/div>\n\n\n\n<div class=\"wp-block-column is-layout-flow wp-block-column-is-layout-flow\" style=\"flex-basis:33.33%\">\n<div class=\"wp-block-group is-layout-flow wp-block-group-is-layout-flow\"><div class=\"wp-block-group__inner-container\"><h4 class=\"has-text-align-center wp-block-post-title\"><span id=\"election-presidentielle-2022-selon-les-sondages-emmanuel-macron-et-marine-le-pen-seront-au-second-tour\"><a href=\"https:\/\/parier-presidentielle.com\/nl\/emmanuel-macron-marine-le-pen-eric-zemmour-enquete\/\" target=\"_self\" >Presidentsverkiezingen 2022: Volgens peilingen zullen Emmanuel Macron en Marine Le Pen in de tweede ronde zitten<\/a><\/span><\/h4><\/div><\/div>\n<\/div>\n\n\n\n<div class=\"wp-block-column is-layout-flow wp-block-column-is-layout-flow\" style=\"flex-basis:33.33%\">\n<p class=\"has-text-align-right\">Lees verder met onze andere exclusieve bestanden,<\/p>\n<\/div>\n<\/div>\n\n\n\n<h3 class=\"wp-block-heading\" id=\"tous-les-pronostics-sondage-et-cotes-pour-parier-sur-le-futur-vainqueur-de-l-election-presidentielle-2022\"><span id=\"tous-les-pronostics-sondage-et-cotes-pour-parier-sur-le-futur-vainqueur-de-l8217election-presidentielle-2024\">Alle voorspellingen, enqu\u00eates en kansen om te wedden op de toekomstige winnaar van de presidentsverkiezingen van 2024:<\/span><\/h3>\n\n\n\n<ul>\n<li><a href=\"https:\/\/parier-presidentielle.com\/nl\/macron-verkiezing\/\">Wed op Emmanuel Macron met Unibet, Betclic, Bwin<\/a> : De favoriet in peilingen en voorspellingen <\/li>\n\n\n\n<li><a href=\"https:\/\/parier-presidentielle.com\/nl\/marine-le-pen-verkiezing\/\">Marine Le Pen: Haar kansen en hoe te wedden bij de Bookmakers<\/a>: De uitdager volgens Unibet<\/li>\n<\/ul>\n\n\n\n<p><\/p>\n\n\n\n<center><script type=\"text\/javascript\" charset=\"utf-8\" src=\"https:\/\/www.gambling-affiliation.com\/cpm\/v=AmIMTDSs92QY6b0MzDMvM5laCjJ-ZlA-1oQ-7tKsi.w_GA7331V2\"><\/script><\/center>\n\n\n\n<h3 class=\"wp-block-heading\"><span id=\"donald-trump-vs-joe-biden-la-video-qui-lance-les-paris-en-ligne-sur-l8217election-politique-de-2024\">Donald Trump versus Joe Biden: de video die online weddenschappen op de politieke verkiezingen van 2024 lanceert<\/span><\/h3>\n\n\n\n<figure class=\"wp-block-embed is-type-video is-provider-youtube wp-block-embed-youtube wp-embed-aspect-16-9 wp-has-aspect-ratio\"><div class=\"wp-block-embed__wrapper\">\n<iframe loading=\"lazy\" title=\"Voormalig president Donald Trump lanceert 2024 Witte Huis-bod #Short\" width=\"640\" height=\"360\" src=\"https:\/\/www.youtube.com\/embed\/hZykPRVe4Ag?feature=oembed\" frameborder=\"0\" allow=\"accelerometer; autoplay; clipboard-write; encrypted-media; gyroscope; picture-in-picture; web-share\" allowfullscreen><\/iframe>\n<\/div><\/figure>\n\n\n<div class=\"wp-block-image\">\n<figure class=\"aligncenter size-medium\"><a href=\"https:\/\/parier-presidentielle.com\/nl\/recommends\/unibet\/\" target=\"_blank\" rel=\"noopener\"><img decoding=\"async\" loading=\"lazy\" width=\"300\" height=\"169\" src=\"https:\/\/parier-presidentielle.com\/wp-content\/uploads\/2022\/04\/unibet-300x169.jpg\" alt=\"\" class=\"wp-image-1252\" srcset=\"https:\/\/parier-presidentielle.com\/wp-content\/uploads\/2022\/04\/unibet-300x169.jpg 300w, https:\/\/parier-presidentielle.com\/wp-content\/uploads\/2022\/04\/unibet-1024x576.jpg 1024w, https:\/\/parier-presidentielle.com\/wp-content\/uploads\/2022\/04\/unibet-768x432.jpg 768w, https:\/\/parier-presidentielle.com\/wp-content\/uploads\/2022\/04\/unibet-18x10.jpg 18w, https:\/\/parier-presidentielle.com\/wp-content\/uploads\/2022\/04\/unibet.jpg 1280w\" sizes=\"(max-width: 300px) 100vw, 300px\" \/><\/a><\/figure><\/div>\n\n\n<p>Vind de Wiki, het essenti\u00eble politieke nieuws over cannabis en zijn legale afgeleiden: <strong>HHC, H4cbd, Thcp, Thcv, HSD, HHCPO, C4B<\/strong><\/p>\n<div id=\"toc_container\" class=\"no_bullets\"><p class=\"toc_title\">Inhoud<\/p><ul class=\"toc_list\"><li><\/li><li><\/li><li><ul><li><ul><li><\/li><\/ul><\/li><li><\/li><li><\/li><\/ul><\/li><\/ul><\/div>","protected":false},"excerpt":{"rendered":"<p>D&#8217;apr\u00e8s les sondages Emmanuel Macron et Marine Le Pen seront \u00e0 l&#8217;\u00e9lection pr\u00e9sidentielle de 2022 et s&#8217;affronteront au second tour, quels que soient les autres candidats, dont Eric Zemmour. Selon le sondage Ipsos publi\u00e9 pour Franceinfo vendredi 3 septembre, il reste sept mois avant le premier tour de la pr\u00e9sidentielle du 10 avril 2022. Emmanuel &#8230;<\/p>","protected":false},"author":1,"featured_media":0,"parent":0,"menu_order":0,"comment_status":"closed","ping_status":"closed","template":"page-nosidebar.php","meta":{"footnotes":""},"yoast_head":"<!-- This site is optimized with the Yoast SEO Premium plugin v21.0 (Yoast SEO v21.0) - https:\/\/yoast.com\/wordpress\/plugins\/seo\/ -->\n<title>Macron devant Le Pen : Selon les Sondages et Bookmakers pour l&#039;Election 2022<\/title>\n<meta name=\"description\" content=\"D\u2019apr\u00e8s les sondages Emmanuel Macron et Marine Le Pen seront \u00e0 l\u2019\u00e9lection pr\u00e9sidentielle de 2022 et s\u2019affronteront au second tour,...\" \/>\n<meta name=\"robots\" content=\"index, follow, max-snippet:-1, max-image-preview:large, max-video-preview:-1\" \/>\n<link rel=\"canonical\" href=\"https:\/\/parier-presidentielle.com\/nl\/emmanuel-macron-marine-le-pen-eric-zemmour-enquete\/\" \/>\n<meta property=\"og:locale\" content=\"nl_NL\" \/>\n<meta property=\"og:type\" content=\"article\" \/>\n<meta property=\"og:title\" content=\"Election Pr\u00e9sidentielle 2022 : Selon les sondages, Emmanuel Macron et Marine Le Pen seront au second tour\" \/>\n<meta property=\"og:description\" content=\"D\u2019apr\u00e8s les sondages Emmanuel Macron et Marine Le Pen seront \u00e0 l\u2019\u00e9lection pr\u00e9sidentielle de 2022 et s\u2019affronteront au second tour,...\" \/>\n<meta property=\"og:url\" content=\"https:\/\/parier-presidentielle.com\/nl\/emmanuel-macron-marine-le-pen-eric-zemmour-enquete\/\" \/>\n<meta property=\"og:site_name\" content=\"Parier Pr\u00e9sidentielle\" \/>\n<meta property=\"article:modified_time\" content=\"2022-03-09T09:41:39+00:00\" \/>\n<meta property=\"og:image\" content=\"https:\/\/parier-presidentielle.com\/wp-content\/uploads\/2021\/09\/macron-le-pen-1024x576.jpg\" \/>\n<meta name=\"twitter:card\" content=\"summary_large_image\" \/>\n<meta name=\"twitter:label1\" content=\"Est. reading time\" \/>\n\t<meta name=\"twitter:data1\" content=\"3 minuten\" \/>\n<script type=\"application\/ld+json\" class=\"yoast-schema-graph\">{\"@context\":\"https:\/\/schema.org\",\"@graph\":[{\"@type\":\"WebPage\",\"@id\":\"https:\/\/parier-presidentielle.com\/emmanuel-macron-marine-le-pen-eric-zemmour-sondage\/\",\"url\":\"https:\/\/parier-presidentielle.com\/emmanuel-macron-marine-le-pen-eric-zemmour-sondage\/\",\"name\":\"Macron devant Le Pen : Selon les Sondages et Bookmakers pour l'Election 2022\",\"isPartOf\":{\"@id\":\"https:\/\/parier-presidentielle.com\/#website\"},\"datePublished\":\"2021-09-07T07:24:43+00:00\",\"dateModified\":\"2022-03-09T09:41:39+00:00\",\"description\":\"D\u2019apr\u00e8s les sondages Emmanuel Macron et Marine Le Pen seront \u00e0 l\u2019\u00e9lection pr\u00e9sidentielle de 2022 et s\u2019affronteront au second tour,...\",\"breadcrumb\":{\"@id\":\"https:\/\/parier-presidentielle.com\/emmanuel-macron-marine-le-pen-eric-zemmour-sondage\/#breadcrumb\"},\"inLanguage\":\"nl-NL\",\"potentialAction\":[{\"@type\":\"ReadAction\",\"target\":[\"https:\/\/parier-presidentielle.com\/emmanuel-macron-marine-le-pen-eric-zemmour-sondage\/\"]}]},{\"@type\":\"BreadcrumbList\",\"@id\":\"https:\/\/parier-presidentielle.com\/emmanuel-macron-marine-le-pen-eric-zemmour-sondage\/#breadcrumb\",\"itemListElement\":[{\"@type\":\"ListItem\",\"position\":1,\"name\":\"Accueil\",\"item\":\"https:\/\/parier-presidentielle.com\/\"},{\"@type\":\"ListItem\",\"position\":2,\"name\":\"Election Pr\u00e9sidentielle 2022 : Selon les sondages, Emmanuel Macron et Marine Le Pen seront au second tour\"}]},{\"@type\":\"WebSite\",\"@id\":\"https:\/\/parier-presidentielle.com\/#website\",\"url\":\"https:\/\/parier-presidentielle.com\/\",\"name\":\"Parier Pr\u00e9sidentielle\",\"description\":\"Paris, Pronostics, Wiki sur la Politique, les Elections Am\u00e9ricaines: Joe Biden, Donald Trump avec les Bookmakers en ligne Unibet, Bwin, Betclic, Winamax\",\"potentialAction\":[{\"@type\":\"SearchAction\",\"target\":{\"@type\":\"EntryPoint\",\"urlTemplate\":\"https:\/\/parier-presidentielle.com\/?s={search_term_string}\"},\"query-input\":\"required name=search_term_string\"}],\"inLanguage\":\"nl-NL\"}]}<\/script>\n<!-- \/ Yoast SEO Premium plugin. -->","yoast_head_json":{"title":"Macron devant Le Pen : Selon les Sondages et Bookmakers pour l'Election 2022","description":"D\u2019apr\u00e8s les sondages Emmanuel Macron et Marine Le Pen seront \u00e0 l\u2019\u00e9lection pr\u00e9sidentielle de 2022 et s\u2019affronteront au second tour,...","robots":{"index":"index","follow":"follow","max-snippet":"max-snippet:-1","max-image-preview":"max-image-preview:large","max-video-preview":"max-video-preview:-1"},"canonical":"https:\/\/parier-presidentielle.com\/nl\/emmanuel-macron-marine-le-pen-eric-zemmour-enquete\/","og_locale":"nl_NL","og_type":"article","og_title":"Election Pr\u00e9sidentielle 2022 : Selon les sondages, Emmanuel Macron et Marine Le Pen seront au second tour","og_description":"D\u2019apr\u00e8s les sondages Emmanuel Macron et Marine Le Pen seront \u00e0 l\u2019\u00e9lection pr\u00e9sidentielle de 2022 et s\u2019affronteront au second tour,...","og_url":"https:\/\/parier-presidentielle.com\/nl\/emmanuel-macron-marine-le-pen-eric-zemmour-enquete\/","og_site_name":"Parier Pr\u00e9sidentielle","article_modified_time":"2022-03-09T09:41:39+00:00","og_image":[{"url":"https:\/\/parier-presidentielle.com\/wp-content\/uploads\/2021\/09\/macron-le-pen-1024x576.jpg"}],"twitter_card":"summary_large_image","twitter_misc":{"Est. reading time":"3 minuten"},"schema":{"@context":"https:\/\/schema.org","@graph":[{"@type":"WebPage","@id":"https:\/\/parier-presidentielle.com\/emmanuel-macron-marine-le-pen-eric-zemmour-sondage\/","url":"https:\/\/parier-presidentielle.com\/emmanuel-macron-marine-le-pen-eric-zemmour-sondage\/","name":"Macron devant Le Pen : Selon les Sondages et Bookmakers pour l'Election 2022","isPartOf":{"@id":"https:\/\/parier-presidentielle.com\/#website"},"datePublished":"2021-09-07T07:24:43+00:00","dateModified":"2022-03-09T09:41:39+00:00","description":"D\u2019apr\u00e8s les sondages Emmanuel Macron et Marine Le Pen seront \u00e0 l\u2019\u00e9lection pr\u00e9sidentielle de 2022 et s\u2019affronteront au second tour,...","breadcrumb":{"@id":"https:\/\/parier-presidentielle.com\/emmanuel-macron-marine-le-pen-eric-zemmour-sondage\/#breadcrumb"},"inLanguage":"nl-NL","potentialAction":[{"@type":"ReadAction","target":["https:\/\/parier-presidentielle.com\/emmanuel-macron-marine-le-pen-eric-zemmour-sondage\/"]}]},{"@type":"BreadcrumbList","@id":"https:\/\/parier-presidentielle.com\/emmanuel-macron-marine-le-pen-eric-zemmour-sondage\/#breadcrumb","itemListElement":[{"@type":"ListItem","position":1,"name":"Accueil","item":"https:\/\/parier-presidentielle.com\/"},{"@type":"ListItem","position":2,"name":"Election Pr\u00e9sidentielle 2022 : Selon les sondages, Emmanuel Macron et Marine Le Pen seront au second tour"}]},{"@type":"WebSite","@id":"https:\/\/parier-presidentielle.com\/#website","url":"https:\/\/parier-presidentielle.com\/","name":"Parier Pr\u00e9sidentielle","description":"Paris, Pronostics, Wiki sur la Politique, les Elections Am\u00e9ricaines: Joe Biden, Donald Trump avec les Bookmakers en ligne Unibet, Bwin, Betclic, Winamax","potentialAction":[{"@type":"SearchAction","target":{"@type":"EntryPoint","urlTemplate":"https:\/\/parier-presidentielle.com\/?s={search_term_string}"},"query-input":"required name=search_term_string"}],"inLanguage":"nl-NL"}]}},"_links":{"self":[{"href":"https:\/\/parier-presidentielle.com\/nl\/wp-json\/wp\/v2\/pages\/68"}],"collection":[{"href":"https:\/\/parier-presidentielle.com\/nl\/wp-json\/wp\/v2\/pages"}],"about":[{"href":"https:\/\/parier-presidentielle.com\/nl\/wp-json\/wp\/v2\/types\/page"}],"author":[{"embeddable":true,"href":"https:\/\/parier-presidentielle.com\/nl\/wp-json\/wp\/v2\/users\/1"}],"replies":[{"embeddable":true,"href":"https:\/\/parier-presidentielle.com\/nl\/wp-json\/wp\/v2\/comments?post=68"}],"version-history":[{"count":11,"href":"https:\/\/parier-presidentielle.com\/nl\/wp-json\/wp\/v2\/pages\/68\/revisions"}],"predecessor-version":[{"id":1002,"href":"https:\/\/parier-presidentielle.com\/nl\/wp-json\/wp\/v2\/pages\/68\/revisions\/1002"}],"wp:attachment":[{"href":"https:\/\/parier-presidentielle.com\/nl\/wp-json\/wp\/v2\/media?parent=68"}],"curies":[{"name":"wp","href":"https:\/\/api.w.org\/{rel}","templated":true}]}}