{"id":163,"date":"2021-09-13T14:41:45","date_gmt":"2021-09-13T12:41:45","guid":{"rendered":"https:\/\/parier-presidentielle.com\/?page_id=163"},"modified":"2023-01-24T18:49:06","modified_gmt":"2023-01-24T17:49:06","slug":"asselineau-bookmakers","status":"publish","type":"page","link":"https:\/\/parier-presidentielle.com\/pl\/bukmacherzy-asselineau\/","title":{"rendered":"Bukmacherzy Asselineau: zak\u0142ady, kursy i prognozy"},"content":{"rendered":"<p>Przewodnik po obstawianiu kandydata  <a href=\"https:\/\/parier-presidentielle.com\/pl\/asselineau-wybory\/\">Francois Asselineau<\/a> w 2022 r. znajd\u017a najlepsze kursy wed\u0142ug bukmacher\u00f3w: <span style=\"text-decoration: underline;\"><a href=\"https:\/\/parier-presidentielle.com\/pl\/unibet-policy-wybory-2022\/\">Unibet<\/a><\/span>, Bwin\u2026<\/p>\n\n\n\n<p><\/p>\n\n\n\n<h2 class=\"wp-block-heading\" id=\"parier-sur-francois-asselineau-en-2022-notre-analyse-cotes-et-pronostics\"><span id=\"parier-sur-francois-asselineau-en-2022-notre-analyse-cotes-et-pronostics\">Obstawiasz Francois Asselineau w 2022 roku? Nasza analiza, kursy i przewidywania!<br><\/span><\/h2>\n\n\n\n<h1 class=\"wp-block-heading\"><span id=\"parier-sur-francois-asselineau-en-2022-analyse-cotes-et-pronostics\">Zak\u0142ady na Francois Asselineau w 2022 roku: analiza, kursy i prognozy<\/span><\/h1>\n\n\n\n<p><em>Francois Asselineau, za\u0142o\u017cyciel i prezes Union Populaire R\u00e9publicaine (UPR), to kandydat, kt\u00f3ry przyci\u0105ga coraz wi\u0119cej uwagi na francuskim krajobrazie politycznym. Powstaje zatem pytanie: czy m\u0105drze jest stawia\u0107 na niego w nadchodz\u0105cych wyborach prezydenckich w 2022 roku? Postaramy si\u0119 odpowiedzie\u0107 na to pytanie analizuj\u0105c aktualne kursy i prognozy.<\/em><\/p>\n\n\n\n<h2 class=\"wp-block-heading\"><span id=\"les-cotes-actuelles\">Aktualne kursy<\/span><\/h2>\n\n\n\n<p>\nWed\u0142ug bukmacher\u00f3w kursy na Francois Asselineau w wyborach prezydenckich w 2022 roku s\u0105 obecnie do\u015b\u0107 niskie. Jego ocena wynosi 100\/1, co oznacza, \u017ce profesjonali\u015bci uwa\u017caj\u0105 go za s\u0142abszego. Nale\u017cy jednak pami\u0119ta\u0107, \u017ce kursy te mog\u0105 si\u0119 r\u00f3\u017cni\u0107 w zale\u017cno\u015bci od wydarze\u0144 i sonda\u017cy, kt\u00f3re b\u0119d\u0105 mia\u0142y miejsce w nadchodz\u0105cych miesi\u0105cach. Mo\u017cliwe zatem, \u017ce w nadchodz\u0105cych miesi\u0105cach kursy na Asselineau wzrosn\u0105.\n\n<\/p>\n\n\n\n<h2 class=\"wp-block-heading\"><span id=\"les-pronostics\">Prognozy<\/span><\/h2>\n\n\n\n<p>\nTrudno prognozowa\u0107 szanse Francois Asselineau w wyborach prezydenckich w 2022 r., gdy\u017c nadal istnieje du\u017ca niepewno\u015b\u0107 co do tego, kt\u00f3rzy kandydaci wystartuj\u0105 i jak b\u0119dzie kszta\u0142towa\u0107 si\u0119 sytuacja polityczna w nadchodz\u0105cych miesi\u0105cach. Warto jednak zauwa\u017cy\u0107, \u017ce Fran\u00e7ois Asselineau to kandydat ciesz\u0105cy si\u0119 silnym poparciem w\u015br\u00f3d wyborc\u00f3w niezadowolonych z tradycyjnych partii i poszukuj\u0105cych alternatywy dla establishmentu. Niewykluczone zatem, \u017ce poradzi sobie lepiej, ni\u017c sugeruj\u0105 obecne notowania.\n\n<\/p>\n\n\n\n<h2 class=\"wp-block-heading\"><span id=\"analyse\">Analizowa\u0107<\/span><\/h2>\n\n\n\n<p>\nOczywiste jest, \u017ce obecne kursy i prognozy dla Francois Asselineau s\u0105 raczej niekorzystne, ale nie mo\u017cemy zapomina\u0107, \u017ce jest jeszcze bardzo wcze\u015bnie, aby przewidzie\u0107 wyniki wybor\u00f3w prezydenckich w 2022 r. Wa\u017cne jest monitorowanie rozwoju sytuacji politycznej i sonda\u017cy oceni\u0107 szanse Francois Asselineau. Wa\u017cne jest tak\u017ce uwzgl\u0119dnienie jej wp\u0142ywu na elektorat niezadowolony z partii tradycyjnych, kt\u00f3ry m\u00f3g\u0142by zapewni\u0107 mu istotne wsparcie. Podsumowuj\u0105c, stawianie na Francois Asselineau mo\u017ce by\u0107 na razie ryzykowne, ale nie powinni\u015bmy te\u017c ca\u0142kowicie wyklucza\u0107 go z wy\u015bcigu o wybory prezydenckie w 2022 r. Warto \u015bledzi\u0107 rozw\u00f3j wydarze\u0144 i sonda\u017ce, aby oceni\u0107 jego realne szanse. Nale\u017cy r\u00f3wnie\u017c pami\u0119ta\u0107, \u017ce kursy mog\u0105 si\u0119 znacznie zmieni\u0107 w nadchodz\u0105cych miesi\u0105cach, dlatego zachowaj czujno\u015b\u0107.<\/p>\n\n\n\n<p>Prezydent 2022. Fran\u00e7ois Asselineau zosta\u0142 aresztowany w lutym 2021 r. \u015aledztwo jest nadal w toku. Ale dlaczego politykom zawsze zale\u017cy na sprawiedliwo\u015bci? W lutym 2021 r. w polityce zapanowa\u0142o tsunami: Fran\u00e7ois Asselineau zosta\u0142 zatrzymany za molestowanie moralne, molestowanie seksualne i napa\u015b\u0107 na tle seksualnym. \u015aledztwo prowadzono w maju 2020 r. wraz z brygad\u0105 ds. zwalczania przest\u0119pczo\u015bci przeciwko osobie (BRDP) paryskiej policji s\u0105dowej. Dwie r\u00f3\u017cne ofiary pracuj\u0105ce dla Powszechnego Przegl\u0105du Okresowego (Republika\u0144skiego Zwi\u0105zku Ludowego) Fran\u00e7ois Asselineau z\u0142o\u017cy\u0142y dwie skargi: jedn\u0105 z\u0142o\u017cono w Aller, a drug\u0105 w Pary\u017cu. Do prokuratury zg\u0142osi\u0142 si\u0119 tak\u017ce by\u0142y dyrektor, a w 2019 r. ujawniono pewne fakty.<br><\/p>\n\n\n\n<p>Wkr\u00f3tce Fran\u00e7ois Asselineau nazwa\u0142 zarzuty znies\u0142awieniem i spiskiem maj\u0105cym na celu usuni\u0119cie go z prezydentury Powszechnego Przegl\u0105du Okresowego i uniemo\u017cliwienie mu udzia\u0142u w wyborach prezydenckich w 2022 r.: apteka\u201d \u2013 poinformowa\u0142 na Facebooku. Sprawa jest nadal w toku. Dla przypomnienia, w 2020 r., mimo \u017ce skargi te dopiero zosta\u0142y opublikowane (ale przed z\u0142o\u017ceniem wniosku o areszt policyjny), polityk nadal jest wybierany spo\u015br\u00f3d dyrektor\u00f3w swojej partii, prowokuj\u0105c niechcianych dzia\u0142aczy partyjnych. napa\u015b\u0107 na tle seksualnym zosta\u0142 ich prezydentem. Kim jest Fran\u00e7ois Arcelino? Fran\u00e7ois Asselineau zanim zaj\u0105\u0142 si\u0119 polityk\u0105, by\u0142 inspektorem finansowym. W 2017 roku zebra\u0142 ponad 500 sponsor\u00f3w i wzi\u0105\u0142 udzia\u0142 w nieudanych wyborach prezydenckich w 2012 roku. <\/p>\n\n\n\n<p><\/p>\n\n\n\n<h3 class=\"wp-block-heading\" id=\"la-victoire-francois-asselineau-a-l-election-presidentielle-est-impossible\"><span id=\"la-victoire-francois-asselineau-a-l8217election-presidentielle-est-impossible\">Zwyci\u0119stwo Fran\u00e7ois Asselineau w wyborach prezydenckich jest niemo\u017cliwe!<\/span><\/h3>\n\n\n\n<p><strong><span class=\"has-inline-color has-vivid-red-color\">Po przeanalizowaniu profilu Francois Asselineau, obstawianie jego zwyci\u0119stwa jest zbyt ryzykowne pomimo niewiarygodnych szans...<\/span><\/strong><\/p>\n\n\n\n<h2 class=\"wp-block-heading\" id=\"unibet\"><span id=\"unibet\">Unibet<\/span><\/h2>\n\n\n\n<p><br>Kursy Fran\u00e7ois Asselineau u bukmachera Unibet: <\/p>\n\n\n\n<p>101<\/p>\n\n\n\n<p><\/p>\n\n\n\n<h2 class=\"wp-block-heading\" id=\"william-hill\"><span id=\"william-hill\">William Hill<\/span><\/h2>\n\n\n\n<p>Kursy Fran\u00e7ois Asselineau u bukmachera William Hill:  <\/p>\n\n\n\n<p>W tej chwili niedost\u0119pne<\/p>\n\n\n\n\n\n\n\n<p><\/p>\n\n\n\n<p class=\"has-text-align-center unibet\" style=\"font-size:25px\"><mark style=\"background-color:rgba(0, 0, 0, 0);color:#0d7a12\" class=\"has-inline-color\"><strong><a href=\"https:\/\/parier-presidentielle.com\/pl\/recommends\/unibet\/\">Bonus 150 \u20ac oferowany w Unibet<br>Tw\u00f3j pierwszy zak\u0142ad polityczny lub sportowy: Kliknij tutaj<\/a><\/strong><\/mark><\/p>\n\n\n\n<p><\/p>\n\n\n<div class=\"wp-block-image\">\n<figure class=\"aligncenter is-resized wp-duotone-000097-ff4747-1\"><img decoding=\"async\" loading=\"lazy\" src=\"https:\/\/parier-presidentielle.com\/wp-content\/uploads\/2021\/09\/election-standard-scale-4_00x-gigapixel-1024x623.jpg\" alt=\"Wybory 2022\" style=\"width:256px;height:156px\" width=\"256\" height=\"156\"\/><\/figure><\/div>\n\n\n<p><br><\/p>\n\n\n\n<p><strong>Parier-presidentielle pomaga dokona\u0107 wyboru mi\u0119dzy r\u00f3\u017cnymi<a href=\"https:\/\/parier-presidentielle.com\/pl\/\"> Bukmacherzy Bwin, Unibet, Betclic obstawiaj\u0105 przysz\u0142ego ameryka\u0144skiego prezydenta w 2024 roku<\/a> : <\/strong><br><a href=\"https:\/\/parier-presidentielle.com\/pl\/unibet-policy-wybory-2022\/\">Bukmacher Prezydencki Unibet<\/a> : Szczeg\u00f3\u0142owy i bezp\u0142atny przewodnik, jak postawi\u0107 sw\u00f3j pierwszy zak\u0142ad online ze wszystkimi kursami i jak skorzysta\u0107 z oferowanego bonusu!<\/p>\n\n\n\n<p>Podobnie jak inne strony z zak\u0142adami online: <a href=\"https:\/\/parier-presidentielle.com\/pl\/unibet-policy-wybory-2022\/\">Bwin<\/a>, <a href=\"https:\/\/parier-presidentielle.com\/pl\/netbet-paris-politics-wybory-2022\/\">NetBet<\/a>, <a href=\"https:\/\/parier-presidentielle.com\/pl\/betclic-prezydencki-2022\/\">Betclic<\/a>, <a href=\"https:\/\/parier-presidentielle.com\/pl\/winmax-policy-wybory-2022\/\">Winamax<\/a>, Parions Sport, Zebet, Betway, Francja-Pari, Vbet, Cloudbet, 1Xbit, 1xbet, Betfair, Betwinner\u2026<\/p>\n\n\n\n<div class=\"wp-block-columns is-layout-flex wp-container-6 wp-block-columns-is-layout-flex\">\n<div class=\"wp-block-column is-layout-flow wp-block-column-is-layout-flow\" style=\"flex-basis:33.33%\">\n<p>W\u0142a\u015bnie przeczyta\u0142e\u015b nasz plik:<\/p>\n<\/div>\n\n\n\n<div class=\"wp-block-column is-layout-flow wp-block-column-is-layout-flow\" style=\"flex-basis:33.33%\">\n<div class=\"wp-block-group is-layout-flow wp-block-group-is-layout-flow\"><div class=\"wp-block-group__inner-container\"><h4 class=\"has-text-align-center wp-block-post-title\"><span id=\"asselineau-bookmakers-paris-cote-et-pronostics\"><a href=\"https:\/\/parier-presidentielle.com\/pl\/bukmacherzy-asselineau\/\" target=\"_self\" >Bukmacherzy Asselineau: zak\u0142ady, kursy i prognozy<\/a><\/span><\/h4><\/div><\/div>\n<\/div>\n\n\n\n<div class=\"wp-block-column is-layout-flow wp-block-column-is-layout-flow\" style=\"flex-basis:33.33%\">\n<p class=\"has-text-align-right\">Czytaj dalej z naszymi innymi ekskluzywnymi plikami,<\/p>\n<\/div>\n<\/div>\n\n\n\n<h3 class=\"wp-block-heading\" id=\"tous-les-pronostics-sondage-et-cotes-pour-parier-sur-le-futur-vainqueur-de-l-election-presidentielle-2022\"><span id=\"tous-les-pronostics-sondage-et-cotes-pour-parier-sur-le-futur-vainqueur-de-l8217election-presidentielle-2024\">Wszystkie prognozy, ankiety i kursy, kt\u00f3re mo\u017cna obstawi\u0107 na przysz\u0142ego zwyci\u0119zc\u0119 wybor\u00f3w prezydenckich w 2024 r.:<\/span><\/h3>\n\n\n\n<ul>\n<li><a href=\"https:\/\/parier-presidentielle.com\/pl\/macron-elekcja\/\">Postaw na Emmanuela Macrona z Unibet, Betclic, Bwin<\/a> : ulubieniec sonda\u017cy i prognoz <\/li>\n\n\n\n<li><a href=\"https:\/\/parier-presidentielle.com\/pl\/marine-le-pen-wybory\/\">Marine Le Pen: Jej kursy i jak obstawia\u0107 u bukmacher\u00f3w<\/a>: Challenger wed\u0142ug Unibet<\/li>\n<\/ul>\n\n\n\n<p><\/p>\n\n\n\n<center><script type=\"text\/javascript\" charset=\"utf-8\" src=\"https:\/\/www.gambling-affiliation.com\/cpm\/v=AmIMTDSs92QY6b0MzDMvM5laCjJ-ZlA-1oQ-7tKsi.w_GA7331V2\"><\/script><\/center>\n\n\n\n<h3 class=\"wp-block-heading\"><span id=\"donald-trump-vs-joe-biden-la-video-qui-lance-les-paris-en-ligne-sur-l8217election-politique-de-2024\">Donald Trump kontra Joe Biden: film rozpoczynaj\u0105cy obstawianie zak\u0142ad\u00f3w online na wybory polityczne w 2024 r<\/span><\/h3>\n\n\n\n<figure class=\"wp-block-embed is-type-video is-provider-youtube wp-block-embed-youtube wp-embed-aspect-16-9 wp-has-aspect-ratio\"><div class=\"wp-block-embed__wrapper\">\n<iframe loading=\"lazy\" title=\"By\u0142y prezydent Donald Trump og\u0142asza ofert\u0119 Bia\u0142ego Domu na rok 2024 #Short\" width=\"640\" height=\"360\" src=\"https:\/\/www.youtube.com\/embed\/hZykPRVe4Ag?feature=oembed\" frameborder=\"0\" allow=\"accelerometer; autoplay; clipboard-write; encrypted-media; gyroscope; picture-in-picture; web-share\" allowfullscreen><\/iframe>\n<\/div><\/figure>\n\n\n<div class=\"wp-block-image\">\n<figure class=\"aligncenter size-medium\"><a href=\"https:\/\/parier-presidentielle.com\/pl\/recommends\/unibet\/\" target=\"_blank\" rel=\"noopener\"><img decoding=\"async\" loading=\"lazy\" width=\"300\" height=\"169\" src=\"https:\/\/parier-presidentielle.com\/wp-content\/uploads\/2022\/04\/unibet-300x169.jpg\" alt=\"\" class=\"wp-image-1252\" srcset=\"https:\/\/parier-presidentielle.com\/wp-content\/uploads\/2022\/04\/unibet-300x169.jpg 300w, https:\/\/parier-presidentielle.com\/wp-content\/uploads\/2022\/04\/unibet-1024x576.jpg 1024w, https:\/\/parier-presidentielle.com\/wp-content\/uploads\/2022\/04\/unibet-768x432.jpg 768w, https:\/\/parier-presidentielle.com\/wp-content\/uploads\/2022\/04\/unibet-18x10.jpg 18w, https:\/\/parier-presidentielle.com\/wp-content\/uploads\/2022\/04\/unibet.jpg 1280w\" sizes=\"(max-width: 300px) 100vw, 300px\" \/><\/a><\/figure><\/div>\n\n\n<p>Znajd\u017a Wiki, najwa\u017cniejsze wiadomo\u015bci polityczne na temat konopi indyjskich i ich legalnych pochodnych: <strong>HHC, H4cbd, Thcp, Thcv, HSD, HHCPO, C4B<\/strong><\/p>\n\n\n\n<p><\/p>\n<div id=\"toc_container\" class=\"no_bullets\"><p class=\"toc_title\">Spis tre\u015bci<\/p><ul class=\"toc_list\"><ul><li><\/li><\/ul><\/li><li><ul><li><\/li><li><\/li><li><ul><li><\/li><\/ul><\/li><li><\/li><li><ul><li><ul><li><\/li><\/ul><\/li><li><\/li><li><\/li><\/ul><\/li><\/ul><\/li><\/ul><\/div>","protected":false},"excerpt":{"rendered":"<p>Le guide pour parier sur le candidat Fran\u00e7ois Asselineau en 2022, retrouver les meilleurs cotes selon les bookmakers : Unibet, Bwin&#8230; Parier sur Francois Asselineau en 2022? Notre analyse, cotes et pronostics! Parier sur Francois Asselineau en 2022 : analyse, cotes et pronostics Francois Asselineau, fondateur et pr\u00e9sident de l&#8217;Union Populaire R\u00e9publicaine (UPR), est un &#8230;<\/p>","protected":false},"author":1,"featured_media":0,"parent":0,"menu_order":0,"comment_status":"closed","ping_status":"closed","template":"page-nosidebar.php","meta":{"footnotes":""},"yoast_head":"<!-- This site is optimized with the Yoast SEO Premium plugin v21.0 (Yoast SEO v21.0) - https:\/\/yoast.com\/wordpress\/plugins\/seo\/ -->\n<title>Asselineau Bookmakers : Paris, Cote et Pronostics - Finale Coupe du Monde FIFA<\/title>\n<meta name=\"description\" content=\"Pariez sur Asselineau pour l&#039;Election 2022 : Cliquez Ici et Gagnez Gros! Pronostics ,Comparaison des Bookmakers et des meilleurs Cotes.\" \/>\n<meta name=\"robots\" content=\"index, follow, max-snippet:-1, max-image-preview:large, max-video-preview:-1\" \/>\n<link rel=\"canonical\" href=\"https:\/\/parier-presidentielle.com\/pl\/bukmacherzy-asselineau\/\" \/>\n<meta property=\"og:locale\" content=\"pl_PL\" \/>\n<meta property=\"og:type\" content=\"article\" \/>\n<meta property=\"og:title\" content=\"Asselineau Bookmakers : Paris, Cote et Pronostics\" \/>\n<meta property=\"og:description\" content=\"Pariez sur Asselineau pour l&#039;Election 2022 : Cliquez Ici et Gagnez Gros! Pronostics ,Comparaison des Bookmakers et des meilleurs Cotes.\" \/>\n<meta property=\"og:url\" content=\"https:\/\/parier-presidentielle.com\/pl\/bukmacherzy-asselineau\/\" \/>\n<meta property=\"og:site_name\" content=\"Parier Pr\u00e9sidentielle\" \/>\n<meta property=\"article:modified_time\" content=\"2023-01-24T17:49:06+00:00\" \/>\n<meta name=\"twitter:card\" content=\"summary_large_image\" \/>\n<meta name=\"twitter:label1\" content=\"Szacowany czas czytania\" \/>\n\t<meta name=\"twitter:data1\" content=\"2 minuty\" \/>\n<script type=\"application\/ld+json\" class=\"yoast-schema-graph\">{\"@context\":\"https:\/\/schema.org\",\"@graph\":[{\"@type\":\"WebPage\",\"@id\":\"https:\/\/parier-presidentielle.com\/asselineau-bookmakers\/\",\"url\":\"https:\/\/parier-presidentielle.com\/asselineau-bookmakers\/\",\"name\":\"Asselineau Bookmakers : Paris, Cote et Pronostics - Finale Coupe du Monde FIFA\",\"isPartOf\":{\"@id\":\"https:\/\/parier-presidentielle.com\/#website\"},\"datePublished\":\"2021-09-13T12:41:45+00:00\",\"dateModified\":\"2023-01-24T17:49:06+00:00\",\"description\":\"Pariez sur Asselineau pour l'Election 2022 : Cliquez Ici et Gagnez Gros! Pronostics ,Comparaison des Bookmakers et des meilleurs Cotes.\",\"breadcrumb\":{\"@id\":\"https:\/\/parier-presidentielle.com\/asselineau-bookmakers\/#breadcrumb\"},\"inLanguage\":\"pl-PL\",\"potentialAction\":[{\"@type\":\"ReadAction\",\"target\":[\"https:\/\/parier-presidentielle.com\/asselineau-bookmakers\/\"]}]},{\"@type\":\"BreadcrumbList\",\"@id\":\"https:\/\/parier-presidentielle.com\/asselineau-bookmakers\/#breadcrumb\",\"itemListElement\":[{\"@type\":\"ListItem\",\"position\":1,\"name\":\"Accueil\",\"item\":\"https:\/\/parier-presidentielle.com\/\"},{\"@type\":\"ListItem\",\"position\":2,\"name\":\"Asselineau Bookmakers : Paris, Cote et Pronostics\"}]},{\"@type\":\"WebSite\",\"@id\":\"https:\/\/parier-presidentielle.com\/#website\",\"url\":\"https:\/\/parier-presidentielle.com\/\",\"name\":\"Parier Pr\u00e9sidentielle\",\"description\":\"Paris, Pronostics, Wiki sur la Politique, les Elections Am\u00e9ricaines: Joe Biden, Donald Trump avec les Bookmakers en ligne Unibet, Bwin, Betclic, Winamax\",\"potentialAction\":[{\"@type\":\"SearchAction\",\"target\":{\"@type\":\"EntryPoint\",\"urlTemplate\":\"https:\/\/parier-presidentielle.com\/?s={search_term_string}\"},\"query-input\":\"required name=search_term_string\"}],\"inLanguage\":\"pl-PL\"}]}<\/script>\n<!-- \/ Yoast SEO Premium plugin. -->","yoast_head_json":{"title":"Asselineau Bookmakers : Paris, Cote et Pronostics - Finale Coupe du Monde FIFA","description":"Pariez sur Asselineau pour l'Election 2022 : Cliquez Ici et Gagnez Gros! Pronostics ,Comparaison des Bookmakers et des meilleurs Cotes.","robots":{"index":"index","follow":"follow","max-snippet":"max-snippet:-1","max-image-preview":"max-image-preview:large","max-video-preview":"max-video-preview:-1"},"canonical":"https:\/\/parier-presidentielle.com\/pl\/bukmacherzy-asselineau\/","og_locale":"pl_PL","og_type":"article","og_title":"Asselineau Bookmakers : Paris, Cote et Pronostics","og_description":"Pariez sur Asselineau pour l'Election 2022 : Cliquez Ici et Gagnez Gros! Pronostics ,Comparaison des Bookmakers et des meilleurs Cotes.","og_url":"https:\/\/parier-presidentielle.com\/pl\/bukmacherzy-asselineau\/","og_site_name":"Parier Pr\u00e9sidentielle","article_modified_time":"2023-01-24T17:49:06+00:00","twitter_card":"summary_large_image","twitter_misc":{"Szacowany czas czytania":"2 minuty"},"schema":{"@context":"https:\/\/schema.org","@graph":[{"@type":"WebPage","@id":"https:\/\/parier-presidentielle.com\/asselineau-bookmakers\/","url":"https:\/\/parier-presidentielle.com\/asselineau-bookmakers\/","name":"Asselineau Bookmakers : Paris, Cote et Pronostics - Finale Coupe du Monde FIFA","isPartOf":{"@id":"https:\/\/parier-presidentielle.com\/#website"},"datePublished":"2021-09-13T12:41:45+00:00","dateModified":"2023-01-24T17:49:06+00:00","description":"Pariez sur Asselineau pour l'Election 2022 : Cliquez Ici et Gagnez Gros! Pronostics ,Comparaison des Bookmakers et des meilleurs Cotes.","breadcrumb":{"@id":"https:\/\/parier-presidentielle.com\/asselineau-bookmakers\/#breadcrumb"},"inLanguage":"pl-PL","potentialAction":[{"@type":"ReadAction","target":["https:\/\/parier-presidentielle.com\/asselineau-bookmakers\/"]}]},{"@type":"BreadcrumbList","@id":"https:\/\/parier-presidentielle.com\/asselineau-bookmakers\/#breadcrumb","itemListElement":[{"@type":"ListItem","position":1,"name":"Accueil","item":"https:\/\/parier-presidentielle.com\/"},{"@type":"ListItem","position":2,"name":"Asselineau Bookmakers : Paris, Cote et Pronostics"}]},{"@type":"WebSite","@id":"https:\/\/parier-presidentielle.com\/#website","url":"https:\/\/parier-presidentielle.com\/","name":"Parier Pr\u00e9sidentielle","description":"Paris, Pronostics, Wiki sur la Politique, les Elections Am\u00e9ricaines: Joe Biden, Donald Trump avec les Bookmakers en ligne Unibet, Bwin, Betclic, Winamax","potentialAction":[{"@type":"SearchAction","target":{"@type":"EntryPoint","urlTemplate":"https:\/\/parier-presidentielle.com\/?s={search_term_string}"},"query-input":"required name=search_term_string"}],"inLanguage":"pl-PL"}]}},"_links":{"self":[{"href":"https:\/\/parier-presidentielle.com\/pl\/wp-json\/wp\/v2\/pages\/163"}],"collection":[{"href":"https:\/\/parier-presidentielle.com\/pl\/wp-json\/wp\/v2\/pages"}],"about":[{"href":"https:\/\/parier-presidentielle.com\/pl\/wp-json\/wp\/v2\/types\/page"}],"author":[{"embeddable":true,"href":"https:\/\/parier-presidentielle.com\/pl\/wp-json\/wp\/v2\/users\/1"}],"replies":[{"embeddable":true,"href":"https:\/\/parier-presidentielle.com\/pl\/wp-json\/wp\/v2\/comments?post=163"}],"version-history":[{"count":22,"href":"https:\/\/parier-presidentielle.com\/pl\/wp-json\/wp\/v2\/pages\/163\/revisions"}],"predecessor-version":[{"id":1915,"href":"https:\/\/parier-presidentielle.com\/pl\/wp-json\/wp\/v2\/pages\/163\/revisions\/1915"}],"wp:attachment":[{"href":"https:\/\/parier-presidentielle.com\/pl\/wp-json\/wp\/v2\/media?parent=163"}],"curies":[{"name":"wp","href":"https:\/\/api.w.org\/{rel}","templated":true}]}}