{"id":1671,"date":"2022-10-26T14:33:37","date_gmt":"2022-10-26T12:33:37","guid":{"rendered":"https:\/\/parier-presidentielle.com\/?page_id=1671"},"modified":"2022-10-26T21:53:57","modified_gmt":"2022-10-26T19:53:57","slug":"cotes-bookmakers-second-tour-elections-bresiliennes-lula-bolsonaro","status":"publish","type":"page","link":"https:\/\/parier-presidentielle.com\/pl\/kursy-bukmacherzy-druga-runda-brazylijskie-wybory-lula-bolsonaro\/","title":{"rendered":"Kursy bukmacherskie na drug\u0105 tur\u0119 wybor\u00f3w w Brazylii pomi\u0119dzy Lul\u0105 a Bolsonaro"},"content":{"rendered":"<figure class=\"wp-block-image size-large is-style-default\"><img decoding=\"async\" loading=\"lazy\" width=\"1024\" height=\"512\" src=\"https:\/\/parier-presidentielle.com\/wp-content\/uploads\/2022\/10\/lula-bolsonaro-1024x512.jpg\" alt=\"By\u0142y prezydent Brazylii, kt\u00f3ry ubiega si\u0119 o reelekcj\u0119, Luiz Inacio Lula da Silva, po lewej, pojawia si\u0119 w Sao Paulo, Brazylia, 3 lipca 2022 r., A prezydent Brazylii Jair Bolsonaro, po prawej, uczestniczy w spotkaniu 9 czerwca 2022 r. W Los Angeles Angeles. Brazylijczycy p\u00f3jd\u0105 do urn w pa\u017adzierniku i b\u0119d\u0105 mieli wyb\u00f3r mi\u0119dzy reelekcj\u0105 Bolsonaro a przywr\u00f3ceniem by\u0142ego prezydenta da Silvy.\" class=\"wp-image-1675\" srcset=\"https:\/\/parier-presidentielle.com\/wp-content\/uploads\/2022\/10\/lula-bolsonaro-1024x512.jpg 1024w, https:\/\/parier-presidentielle.com\/wp-content\/uploads\/2022\/10\/lula-bolsonaro-300x150.jpg 300w, https:\/\/parier-presidentielle.com\/wp-content\/uploads\/2022\/10\/lula-bolsonaro-768x384.jpg 768w, https:\/\/parier-presidentielle.com\/wp-content\/uploads\/2022\/10\/lula-bolsonaro-18x9.jpg 18w, https:\/\/parier-presidentielle.com\/wp-content\/uploads\/2022\/10\/lula-bolsonaro.jpg 1440w\" sizes=\"(max-width: 1024px) 100vw, 1024px\" \/><\/figure>\n\n\n\n<p><\/p>\n\n\n\n<h2 class=\"wp-block-heading\">Postaw na zwyci\u0119stwo w drugiej rundzie Lula lub Bolsonaro<\/h2>\n\n\n\n<p><br>Podczas tych wybor\u00f3w kilku bukmacher\u00f3w internetowych zarejestrowanych za granic\u0105 umo\u017cliwi\u0142o obstawianie kwot, kt\u00f3re wed\u0142ug nich wygra dany kandydat w brazylijskich wyborach prezydenckich i je\u015bli mia\u0142 racj\u0119, m\u00f3g\u0142 uzyska\u0107 zwrot finansowy z postawionej kwoty. Poniewa\u017c fundusze tych sp\u00f3\u0142ek s\u0105 zagro\u017cone, ich obliczenia zwrot\u00f3w z zak\u0142ad\u00f3w s\u0105 z\u0142o\u017cone i uwzgl\u0119dniaj\u0105 kilka czynnik\u00f3w, kt\u00f3re mog\u0105 zminimalizowa\u0107 straty.<\/p>\n\n\n\n<p>Firma VEJA przeprowadzi\u0142a ankiet\u0119 w\u015br\u00f3d sze\u015bciu firm zajmuj\u0105cych si\u0119 grami z pomoc\u0105 profesora F\u00e1bio Machado, kierownika dzia\u0142u statystyki w Instytucie Matematyki i Statystyki USP, a dane s\u0105 dost\u0119pne na stronie internetowej w \u015brod\u0119 od 17:00 do 11:00 i pokazuj\u0105 odsetek przybli\u017cone szanse ka\u017cdego kandydata. To pokazuje, \u017ce \u015brednio ich zdaniem Luiz In\u00e1cio Lula da Silva ma 69,3 % szans na wygranie drugiej rundy, podczas gdy Jair Bolsonaro ma 30,6 % szans na wygranie drugiej rundy.<\/p>\n\n\n\n<p>Kasyna stosuj\u0105 metod\u0119 obliczania zak\u0142ad\u00f3w, kt\u00f3r\u0105 nazywaj\u0105 kursem, kt\u00f3ry w rzeczywisto\u015bci jest niczym wi\u0119cej ni\u017c wielokrotno\u015bci\u0105 wp\u0142ywaj\u0105c\u0105 na kwot\u0119 zak\u0142adu w momencie uderzenia pi\u0142ki. Przyk\u0142adowo w Unibecie za ka\u017cde 1 euro postawione na zwyci\u0119stwo kandydata Luli obstawiaj\u0105cy wygrywa 1,33 euro w przypadku wygrania wybor\u00f3w i 3,25 euro w przypadku zak\u0142adu Bolsonaro, co oznacza, \u017ce bukmacher uwa\u017ca wydarzenie za bardziej prawdopodobnie.<\/p>\n\n\n\n<p>\u201eMatematyka bukmacher\u00f3w wi\u0105\u017ce si\u0119 r\u00f3wnie\u017c z interpretacj\u0105, kt\u00f3ra jest czym\u015b pomi\u0119dzy matematyk\u0105 a domys\u0142ami, ale wi\u0105\u017ce si\u0119 z ich pieni\u0119dzmi, dlatego staraj\u0105 si\u0119 przybli\u017cy\u0107 warto\u015b\u0107 do rzeczywisto\u015bci. Logika graczy i entuzjazm obywateli pokazuj\u0105, \u017ce jest inaczej\u201d \u2013 powiedzia\u0142 Machado.<\/p>\n\n\n\n<h2 class=\"wp-block-heading\">Kursy bukmacherskie <\/h2>\n\n\n\n<p>Domy nie okre\u015bli\u0142y, w jaki spos\u00f3b obliczane s\u0105 ich oceny, dlatego w badaniu VEJA dokonano przybli\u017conych przewidywa\u0144 na podstawie danych dost\u0119pnych w ka\u017cdym o\u015brodku. \u201eStatystyka opiera si\u0119 na warto\u015bciach prawdopodobie\u0144stwa od 0 do 1. Szanse uczestnika na wygran\u0105 s\u0105 odwrotno\u015bci\u0105 szans, dlatego liczb\u0119 \u201ejeden\u201d dziel\u0119 przez warto\u015b\u0107 \u201enieparzyst\u0105\u201d. W pierwszym przyk\u0142adzie dw\u00f3ch kandydat\u00f3w. Suma wynosi 1,059. W wielu przypadkach to dodatkowe 0,059 nazywa si\u0119 Juice lub kwot\u0105 wygranej kasyna w zak\u0142adach\u201d \u2013 powiedzia\u0142 Machado. \u201eAby znale\u017a\u0107 warto\u015bci procentowe, wzi\u0105\u0142em rentowno\u015b\u0107 domu i opracowa\u0142em zasad\u0119 trzech, aby zobaczy\u0107, jak wypad\u0142y wyniki ka\u017cdego kandydata.<\/p>","protected":false},"excerpt":{"rendered":"<p>Parier sur la victoire au second tour de Lula ou Bolsonaro Au cours de ces \u00e9lections, plusieurs bookmakers en ligne enregistr\u00e9s \u00e0 l&#8217;\u00e9tranger ont permis aux gens de parier des montants qu&#8217;ils pensaient qu&#8217;un certain candidat gagnerait \u00e0 l&#8217;\u00e9lection pr\u00e9sidentielle br\u00e9silienne, et s&#8217;ils avaient raison, pourraient gagner un retour financier sur le montant mis\u00e9. \u00c9tant &#8230;<\/p>","protected":false},"author":1,"featured_media":0,"parent":0,"menu_order":0,"comment_status":"closed","ping_status":"closed","template":"page-nosidebar.php","meta":{"footnotes":""},"yoast_head":"<!-- This site is optimized with the Yoast SEO Premium plugin v21.0 (Yoast SEO v21.0) - https:\/\/yoast.com\/wordpress\/plugins\/seo\/ -->\n<title>Les cotes des bookmakers pour le 2e tour des \u00e9lections br\u00e9siliennes entre Lula et Bolsonaro - Finale Coupe du Monde FIFA<\/title>\n<meta name=\"robots\" content=\"index, follow, max-snippet:-1, max-image-preview:large, max-video-preview:-1\" \/>\n<link rel=\"canonical\" href=\"https:\/\/parier-presidentielle.com\/pl\/kursy-bukmacherzy-druga-runda-brazylijskie-wybory-lula-bolsonaro\/\" \/>\n<meta property=\"og:locale\" content=\"pl_PL\" \/>\n<meta property=\"og:type\" content=\"article\" \/>\n<meta property=\"og:title\" content=\"Les cotes des bookmakers pour le 2e tour des \u00e9lections br\u00e9siliennes entre Lula et Bolsonaro\" \/>\n<meta property=\"og:description\" content=\"Parier sur la victoire au second tour de Lula ou Bolsonaro Au cours de ces \u00e9lections, plusieurs bookmakers en ligne enregistr\u00e9s \u00e0 l&#8217;\u00e9tranger ont permis aux gens de parier des montants qu&#8217;ils pensaient qu&#8217;un certain candidat gagnerait \u00e0 l&#8217;\u00e9lection pr\u00e9sidentielle br\u00e9silienne, et s&#8217;ils avaient raison, pourraient gagner un retour financier sur le montant mis\u00e9. \u00c9tant ...\" \/>\n<meta property=\"og:url\" content=\"https:\/\/parier-presidentielle.com\/pl\/kursy-bukmacherzy-druga-runda-brazylijskie-wybory-lula-bolsonaro\/\" \/>\n<meta property=\"og:site_name\" content=\"Parier Pr\u00e9sidentielle\" \/>\n<meta property=\"article:modified_time\" content=\"2022-10-26T19:53:57+00:00\" \/>\n<meta property=\"og:image\" content=\"https:\/\/parier-presidentielle.com\/wp-content\/uploads\/2022\/10\/lula-bolsonaro-1024x512.jpg\" \/>\n<meta name=\"twitter:card\" content=\"summary_large_image\" \/>\n<meta name=\"twitter:label1\" content=\"Szacowany czas czytania\" \/>\n\t<meta name=\"twitter:data1\" content=\"2 minuty\" \/>\n<script type=\"application\/ld+json\" class=\"yoast-schema-graph\">{\"@context\":\"https:\/\/schema.org\",\"@graph\":[{\"@type\":\"WebPage\",\"@id\":\"https:\/\/parier-presidentielle.com\/cotes-bookmakers-second-tour-elections-bresiliennes-lula-bolsonaro\/\",\"url\":\"https:\/\/parier-presidentielle.com\/cotes-bookmakers-second-tour-elections-bresiliennes-lula-bolsonaro\/\",\"name\":\"Les cotes des bookmakers pour le 2e tour des \u00e9lections br\u00e9siliennes entre Lula et Bolsonaro - Finale Coupe du Monde FIFA\",\"isPartOf\":{\"@id\":\"https:\/\/parier-presidentielle.com\/#website\"},\"datePublished\":\"2022-10-26T12:33:37+00:00\",\"dateModified\":\"2022-10-26T19:53:57+00:00\",\"breadcrumb\":{\"@id\":\"https:\/\/parier-presidentielle.com\/cotes-bookmakers-second-tour-elections-bresiliennes-lula-bolsonaro\/#breadcrumb\"},\"inLanguage\":\"pl-PL\",\"potentialAction\":[{\"@type\":\"ReadAction\",\"target\":[\"https:\/\/parier-presidentielle.com\/cotes-bookmakers-second-tour-elections-bresiliennes-lula-bolsonaro\/\"]}]},{\"@type\":\"BreadcrumbList\",\"@id\":\"https:\/\/parier-presidentielle.com\/cotes-bookmakers-second-tour-elections-bresiliennes-lula-bolsonaro\/#breadcrumb\",\"itemListElement\":[{\"@type\":\"ListItem\",\"position\":1,\"name\":\"Accueil\",\"item\":\"https:\/\/parier-presidentielle.com\/\"},{\"@type\":\"ListItem\",\"position\":2,\"name\":\"Les cotes des bookmakers pour le 2e tour des \u00e9lections br\u00e9siliennes entre Lula et Bolsonaro\"}]},{\"@type\":\"WebSite\",\"@id\":\"https:\/\/parier-presidentielle.com\/#website\",\"url\":\"https:\/\/parier-presidentielle.com\/\",\"name\":\"Parier Pr\u00e9sidentielle\",\"description\":\"Paris, Pronostics, Wiki sur la Politique, les Elections Am\u00e9ricaines: Joe Biden, Donald Trump avec les Bookmakers en ligne Unibet, Bwin, Betclic, Winamax\",\"potentialAction\":[{\"@type\":\"SearchAction\",\"target\":{\"@type\":\"EntryPoint\",\"urlTemplate\":\"https:\/\/parier-presidentielle.com\/?s={search_term_string}\"},\"query-input\":\"required name=search_term_string\"}],\"inLanguage\":\"pl-PL\"}]}<\/script>\n<!-- \/ Yoast SEO Premium plugin. -->","yoast_head_json":{"title":"Les cotes des bookmakers pour le 2e tour des \u00e9lections br\u00e9siliennes entre Lula et Bolsonaro - Finale Coupe du Monde FIFA","robots":{"index":"index","follow":"follow","max-snippet":"max-snippet:-1","max-image-preview":"max-image-preview:large","max-video-preview":"max-video-preview:-1"},"canonical":"https:\/\/parier-presidentielle.com\/pl\/kursy-bukmacherzy-druga-runda-brazylijskie-wybory-lula-bolsonaro\/","og_locale":"pl_PL","og_type":"article","og_title":"Les cotes des bookmakers pour le 2e tour des \u00e9lections br\u00e9siliennes entre Lula et Bolsonaro","og_description":"Parier sur la victoire au second tour de Lula ou Bolsonaro Au cours de ces \u00e9lections, plusieurs bookmakers en ligne enregistr\u00e9s \u00e0 l&#8217;\u00e9tranger ont permis aux gens de parier des montants qu&#8217;ils pensaient qu&#8217;un certain candidat gagnerait \u00e0 l&#8217;\u00e9lection pr\u00e9sidentielle br\u00e9silienne, et s&#8217;ils avaient raison, pourraient gagner un retour financier sur le montant mis\u00e9. \u00c9tant ...","og_url":"https:\/\/parier-presidentielle.com\/pl\/kursy-bukmacherzy-druga-runda-brazylijskie-wybory-lula-bolsonaro\/","og_site_name":"Parier Pr\u00e9sidentielle","article_modified_time":"2022-10-26T19:53:57+00:00","og_image":[{"url":"https:\/\/parier-presidentielle.com\/wp-content\/uploads\/2022\/10\/lula-bolsonaro-1024x512.jpg"}],"twitter_card":"summary_large_image","twitter_misc":{"Szacowany czas czytania":"2 minuty"},"schema":{"@context":"https:\/\/schema.org","@graph":[{"@type":"WebPage","@id":"https:\/\/parier-presidentielle.com\/cotes-bookmakers-second-tour-elections-bresiliennes-lula-bolsonaro\/","url":"https:\/\/parier-presidentielle.com\/cotes-bookmakers-second-tour-elections-bresiliennes-lula-bolsonaro\/","name":"Les cotes des bookmakers pour le 2e tour des \u00e9lections br\u00e9siliennes entre Lula et Bolsonaro - Finale Coupe du Monde FIFA","isPartOf":{"@id":"https:\/\/parier-presidentielle.com\/#website"},"datePublished":"2022-10-26T12:33:37+00:00","dateModified":"2022-10-26T19:53:57+00:00","breadcrumb":{"@id":"https:\/\/parier-presidentielle.com\/cotes-bookmakers-second-tour-elections-bresiliennes-lula-bolsonaro\/#breadcrumb"},"inLanguage":"pl-PL","potentialAction":[{"@type":"ReadAction","target":["https:\/\/parier-presidentielle.com\/cotes-bookmakers-second-tour-elections-bresiliennes-lula-bolsonaro\/"]}]},{"@type":"BreadcrumbList","@id":"https:\/\/parier-presidentielle.com\/cotes-bookmakers-second-tour-elections-bresiliennes-lula-bolsonaro\/#breadcrumb","itemListElement":[{"@type":"ListItem","position":1,"name":"Accueil","item":"https:\/\/parier-presidentielle.com\/"},{"@type":"ListItem","position":2,"name":"Les cotes des bookmakers pour le 2e tour des \u00e9lections br\u00e9siliennes entre Lula et Bolsonaro"}]},{"@type":"WebSite","@id":"https:\/\/parier-presidentielle.com\/#website","url":"https:\/\/parier-presidentielle.com\/","name":"Parier Pr\u00e9sidentielle","description":"Paris, Pronostics, Wiki sur la Politique, les Elections Am\u00e9ricaines: Joe Biden, Donald Trump avec les Bookmakers en ligne Unibet, Bwin, Betclic, Winamax","potentialAction":[{"@type":"SearchAction","target":{"@type":"EntryPoint","urlTemplate":"https:\/\/parier-presidentielle.com\/?s={search_term_string}"},"query-input":"required name=search_term_string"}],"inLanguage":"pl-PL"}]}},"_links":{"self":[{"href":"https:\/\/parier-presidentielle.com\/pl\/wp-json\/wp\/v2\/pages\/1671"}],"collection":[{"href":"https:\/\/parier-presidentielle.com\/pl\/wp-json\/wp\/v2\/pages"}],"about":[{"href":"https:\/\/parier-presidentielle.com\/pl\/wp-json\/wp\/v2\/types\/page"}],"author":[{"embeddable":true,"href":"https:\/\/parier-presidentielle.com\/pl\/wp-json\/wp\/v2\/users\/1"}],"replies":[{"embeddable":true,"href":"https:\/\/parier-presidentielle.com\/pl\/wp-json\/wp\/v2\/comments?post=1671"}],"version-history":[{"count":4,"href":"https:\/\/parier-presidentielle.com\/pl\/wp-json\/wp\/v2\/pages\/1671\/revisions"}],"predecessor-version":[{"id":1681,"href":"https:\/\/parier-presidentielle.com\/pl\/wp-json\/wp\/v2\/pages\/1671\/revisions\/1681"}],"wp:attachment":[{"href":"https:\/\/parier-presidentielle.com\/pl\/wp-json\/wp\/v2\/media?parent=1671"}],"curies":[{"name":"wp","href":"https:\/\/api.w.org\/{rel}","templated":true}]}}