{"id":1956,"date":"2023-03-20T17:03:39","date_gmt":"2023-03-20T16:03:39","guid":{"rendered":"https:\/\/parier-presidentielle.com\/?page_id=1956"},"modified":"2023-06-02T11:27:55","modified_gmt":"2023-06-02T09:27:55","slug":"donald-trump-sur-le-marche-du-cannabis-et-du-hhc","status":"publish","type":"page","link":"https:\/\/parier-presidentielle.com\/pl\/donald-trump-na-rynku-cannabis-i-hhc\/","title":{"rendered":"Wp\u0142yw Donalda Trumpa na rynek konopi indyjskich i HHC"},"content":{"rendered":"<p>Od inauguracji Donalda Trumpa na Prezydenta Stan\u00f3w Zjednoczonych w 2016 roku, konopie indyjskie i przemys\u0142 konopny <a href=\"https:\/\/wikihhc.com\/en\/\" target=\"_blank\" rel=\"noreferrer noopener\">HHC<\/a> (kannabinoid pochodz\u0105cy z konopi) podlega ci\u0105g\u0142ej ewolucji. Wypowiedzi prezydenta i realizowana polityka mia\u0142y znacz\u0105cy wp\u0142yw na ten rosn\u0105cy rynek. W tym artykule przeanalizujemy kluczowe decyzje podj\u0119te przez Trumpa i ich wp\u0142yw na przysz\u0142o\u015b\u0107 bran\u017cy konopi indyjskich i HHC. Wiele witryn oferuje zni\u017cki na <a href=\"https:\/\/wikihhc.com\/site\/weecl\/code-promo-coupon-bon-de-reduction-weecl\/\">CBD i HHC jak Weecl z kodami promocyjnymi<\/a>.<\/p>\n\n\n\n<h2 class=\"wp-block-heading\"><span id=\"la-position-initiale-de-trump-sur-le-cannabis\">Pocz\u0105tkowe stanowisko Trumpa w sprawie konopi indyjskich<\/span><\/h2>\n\n\n\n<p>Podczas swojej kampanii wyborczej w 2016 roku Donald Trump zaj\u0105\u0142 do\u015b\u0107 niejasne stanowisko w kwestii konopi indyjskich. Stwierdzi\u0142, \u017ce kwesti\u0119 t\u0119 powinny rozwi\u0105za\u0107 poszczeg\u00f3lne pa\u0144stwa i \u017ce nie sprzeciwia si\u0119 leczniczemu stosowaniu konopi indyjskich. Wyrazi\u0142 jednak r\u00f3wnie\u017c obawy dotycz\u0105ce wzrostu u\u017cywania konopi indyjskich w\u015br\u00f3d m\u0142odych ludzi i potencjalnych negatywnych skutk\u00f3w dla zdrowia publicznego.<\/p>\n\n\n\n<h2 class=\"wp-block-heading\"><span id=\"la-nomination-de-jeff-sessions\">Nominacja Jeffa Sessionsa<\/span><\/h2>\n\n\n\n<p>Jedn\u0105 z pierwszych decyzji Trumpa dotycz\u0105cych konopi indyjskich by\u0142o mianowanie Jeffa Sessionsa na stanowisko prokuratora generalnego. Sessions by\u0142 znany ze swojego zdecydowanego sprzeciwu wobec konopi indyjskich oraz ze swojego stanowiska, \u017ce marihuana jest \u201eniebezpieczna\u201d i nale\u017cy jej \u201eunika\u0107 za wszelk\u0105 cen\u0119\u201d. Nominacja ta wywo\u0142a\u0142a zaniepokojenie w bran\u017cy konopi indyjskich i HHC, a wielu obawia\u0142o si\u0119, \u017ce doprowadzi to do nasilenia represji wobec firm zajmuj\u0105cych si\u0119 konopiami indyjskimi.<\/p>\n\n\n\n<h2 class=\"wp-block-heading\"><span id=\"le-rescrit-de-cole\">scenariusz Cole&#039;a<\/span><\/h2>\n\n\n\n<p>Kolejn\u0105 wa\u017cn\u0105 decyzj\u0105 Trumpa by\u0142o uchylenie orzeczenia w sprawie Cole\u2019a w 2018 r. Orzeczenie to zosta\u0142o wydane przez administracj\u0119 Obamy w 2013 r., aby zapewni\u0107 prokuratorom federalnym wskaz\u00f3wki dotycz\u0105ce post\u0119powania z przepisami dotycz\u0105cymi konopi indyjskich w stanach, kt\u00f3re zalegalizowa\u0142y konopie indyjskie do cel\u00f3w medycznych i rekreacyjnych . Uchylenie tego orzeczenia uznano za powa\u017cn\u0105 pora\u017ck\u0119 dla bran\u017cy konopi indyjskich i HHC i wzbudzi\u0142o obawy dotycz\u0105ce zwi\u0119kszonego egzekwowania przepis\u00f3w dotycz\u0105cych konopi indyjskich na szczeblu federalnym.<\/p>\n\n\n\n<h2 class=\"wp-block-heading\"><span id=\"le-farm-bill-de-2018\">Ustawa rolna z 2018 r<\/span><\/h2>\n\n\n\n<p>Pomimo niepowodze\u0144 bran\u017ca HHC odnios\u0142a znacz\u0105cy sukces w 2018 r. dzi\u0119ki ustawie Farm Bill. Ustawa ta zalegalizowa\u0142a upraw\u0119, produkcj\u0119 i sprzeda\u017c konopi przemys\u0142owych, zdefiniowanych jako konopie indyjskie zawieraj\u0105ce mniej ni\u017c 0,3 % THC, na terenie ca\u0142ego kraju. Posuni\u0119cie to zosta\u0142o przyj\u0119te z zadowoleniem przez bran\u017c\u0119 HHC, kt\u00f3ra od dawna zabiega\u0142a o zalegalizowanie uprawy konopi do produkcji CBD.<\/p>\n\n\n\n<h2 class=\"wp-block-heading\"><span id=\"la-pandemie-de-covid-19\">Pandemia COVID-19<\/span><\/h2>\n\n\n\n<p>Pandemia COVID-19 wywar\u0142a r\u00f3wnie\u017c znacz\u0105cy wp\u0142yw na bran\u017c\u0119 konopi indyjskich i HHC. Jako sektor kluczowy, wiele przychodni i przedsi\u0119biorstw zajmuj\u0105cych si\u0119 konopiami indyjskimi kontynuuje dzia\u0142alno\u015b\u0107 pomimo zamkni\u0119cia przedsi\u0119biorstw w innych sektorach. Pandemia doprowadzi\u0142a jednak r\u00f3wnie\u017c do spadku popytu na produkty z konopi indyjskich, szczeg\u00f3lnie w\u015br\u00f3d konsument\u00f3w.<\/p>\n\n\n\n<p>mi\u0142o\u015bnik\u00f3w rekreacji. Ograniczenia w podr\u00f3\u017cowaniu wp\u0142yn\u0119\u0142y r\u00f3wnie\u017c na \u0142a\u0144cuchy dostaw bran\u017cy konopi indyjskich i HHC, prowadz\u0105c do zak\u0142\u00f3ce\u0144 w produkcji i dystrybucji.<\/p>\n\n\n\n<h2 class=\"wp-block-heading\"><span id=\"l8217avenir-de-l8217industrie-du-cannabis-et-du-hhc-sous-l8217administration-biden\">Przysz\u0142o\u015b\u0107 bran\u017cy konopi indyjskich i HHC pod rz\u0105dami Bidena<\/span><\/h2>\n\n\n\n<p>Wraz z inauguracj\u0105 Joe Bidena w styczniu 2021 r. <a href=\"https:\/\/wikihhc.com\/site\/\">bran\u017cy konopi indyjskich i HHC <\/a>nie m\u00f3g\u0142 si\u0119 doczeka\u0107 zmiany kierunku polityki wdra\u017canej za administracji Trumpa. Biden wyrazi\u0142 poparcie dla legalizacji medycznego stosowania konopi indyjskich i zniesienia obowi\u0105zkowych kar za przest\u0119pstwa zwi\u0105zane z konopiami indyjskimi. Powiedzia\u0142 jednak r\u00f3wnie\u017c, \u017ce poprze obecn\u0105 klasyfikacj\u0119 konopi indyjskich jako substancji z Wykazu I, co oznacza, \u017ce uwa\u017ca si\u0119, \u017ce ma ona wysoki potencja\u0142 nadu\u017cywania i nie ma uzasadnionego zastosowania medycznego.<\/p>\n\n\n\n<p>Pomimo niepewno\u015bci co do przysz\u0142o\u015bci bran\u017cy konopi indyjskich i HHC pod rz\u0105dami Bidena, bran\u017ca ta stale si\u0119 rozwija i nadal ro\u015bnie. Pa\u0144stwa w dalszym ci\u0105gu legalizuj\u0105 konopie indyjskie do cel\u00f3w medycznych i rekreacyjnych, a nowe firmy HHC powstaj\u0105, aby zaspokoi\u0107 rosn\u0105ce zapotrzebowanie na produkty CBD. Bran\u017ca konopi indyjskich i HHC pozostaje rozwijaj\u0105cym si\u0119 sektorem oferuj\u0105cym wiele mo\u017cliwo\u015bci dla przedsi\u0119biorc\u00f3w i inwestor\u00f3w.<\/p>\n\n\n\n<p>Podsumowuj\u0105c, wp\u0142yw Donalda Trumpa na bran\u017c\u0119 konopi indyjskich i HHC by\u0142 znacz\u0105cy, ale nadal nie ma pewno\u015bci co do przysz\u0142o\u015bci tej bran\u017cy pod rz\u0105dami Bidena. Mimo to bran\u017ca stale si\u0119 rozwija i ewoluuje, zapewniaj\u0105c liczne mo\u017cliwo\u015bci przedsi\u0119biorstwom i inwestorom.<\/p>\n\n\n\n<p><\/p>\n\n\n\n<figure class=\"wp-block-embed is-type-video is-provider-youtube wp-block-embed-youtube wp-embed-aspect-16-9 wp-has-aspect-ratio\"><div class=\"wp-block-embed__wrapper\">\n<iframe loading=\"lazy\" title=\"Zwyci\u0119stwo Trumpa: koniec prohibicji marihuany? - RTL - RTL\" width=\"640\" height=\"360\" src=\"https:\/\/www.youtube.com\/embed\/j5oDI7O_byY?feature=oembed\" frameborder=\"0\" allow=\"accelerometer; autoplay; clipboard-write; encrypted-media; gyroscope; picture-in-picture; web-share\" allowfullscreen><\/iframe>\n<\/div><\/figure>\n\n\n\n<p>Cz\u0119sto zadawane pytania:<\/p>\n\n\n\n<ol>\n<li>Co to jest HHC? HHC (Hemp-derived Cannabinoid) to zwi\u0105zek kannabinoidowy pochodz\u0105cy z konopi przemys\u0142owych, zawieraj\u0105cy mniej ni\u017c 0,3 % THC.<\/li>\n\n\n\n<li>Kt\u00f3re stany USA zalegalizowa\u0142y marihuan\u0119? Do tej pory 36 stan\u00f3w USA zalegalizowa\u0142o marihuan\u0119 do cel\u00f3w medycznych, a 15 stan\u00f3w zalegalizowa\u0142o marihuan\u0119 do u\u017cytku rekreacyjnego.<\/li>\n\n\n\n<li>Jaki wp\u0142yw ma klasyfikacja konopi indyjskich jako substancji z Wykazu I? Klasyfikacja konopi indyjskich jako substancji z Wykazu I oznacza, \u017ce uwa\u017ca si\u0119, \u017ce maj\u0105 one wysoki potencja\u0142 nadu\u017cywania i nie maj\u0105 uzasadnionego zastosowania medycznego, co utrudnia badaczom prowadzenie bada\u0144 nad ich w\u0142a\u015bciwo\u015bciami leczniczymi.<\/li>\n\n\n\n<li>Jakie s\u0105 zak\u0142\u00f3cenia w produkcji konopi indyjskich spowodowane pandemi\u0105 Covid-19? Pandemia COVID-19 doprowadzi\u0142a do zak\u0142\u00f3ce\u0144 w \u0142a\u0144cuchach dostaw bran\u017cy konopi indyjskich i HHC, co doprowadzi\u0142o do op\u00f3\u017anie\u0144 w produkcji i dystrybucji.<\/li>\n<\/ol>\n<div id=\"toc_container\" class=\"no_bullets\"><p class=\"toc_title\">Spis tre\u015bci<\/p><ul class=\"toc_list\"><li><\/li><li><\/li><li><\/li><li><\/li><li><\/li><li><\/li><\/ul><\/div>","protected":false},"excerpt":{"rendered":"<p>Depuis l&#8217;investiture de Donald Trump \u00e0 la pr\u00e9sidence des \u00c9tats-Unis en 2016, l&#8217;industrie du cannabis et du HHC (Hemp-derived Cannabinoid) a \u00e9t\u00e9 en constante \u00e9volution. Les d\u00e9clarations du pr\u00e9sident et les politiques mises en place ont eu un impact significatif sur ce march\u00e9 en pleine expansion. Dans cet article, nous allons explorer les d\u00e9cisions cl\u00e9s &#8230;<\/p>","protected":false},"author":1,"featured_media":1959,"parent":0,"menu_order":0,"comment_status":"closed","ping_status":"closed","template":"page-nosidebar.php","meta":{"footnotes":""},"yoast_head":"<!-- This site is optimized with the Yoast SEO Premium plugin v21.0 (Yoast SEO v21.0) - https:\/\/yoast.com\/wordpress\/plugins\/seo\/ -->\n<title>L&#039;impact de Donald Trump sur le march\u00e9 du Cannabis et du HHC - Finale Coupe du Monde FIFA<\/title>\n<meta name=\"robots\" content=\"index, follow, max-snippet:-1, max-image-preview:large, max-video-preview:-1\" \/>\n<link rel=\"canonical\" href=\"https:\/\/parier-presidentielle.com\/pl\/donald-trump-na-rynku-cannabis-i-hhc\/\" \/>\n<meta property=\"og:locale\" content=\"pl_PL\" \/>\n<meta property=\"og:type\" content=\"article\" \/>\n<meta property=\"og:title\" content=\"L&#039;impact de Donald Trump sur le march\u00e9 du Cannabis et du HHC\" \/>\n<meta property=\"og:description\" content=\"Depuis l&#8217;investiture de Donald Trump \u00e0 la pr\u00e9sidence des \u00c9tats-Unis en 2016, l&#8217;industrie du cannabis et du HHC (Hemp-derived Cannabinoid) a \u00e9t\u00e9 en constante \u00e9volution. Les d\u00e9clarations du pr\u00e9sident et les politiques mises en place ont eu un impact significatif sur ce march\u00e9 en pleine expansion. Dans cet article, nous allons explorer les d\u00e9cisions cl\u00e9s ...\" \/>\n<meta property=\"og:url\" content=\"https:\/\/parier-presidentielle.com\/pl\/donald-trump-na-rynku-cannabis-i-hhc\/\" \/>\n<meta property=\"og:site_name\" content=\"Parier Pr\u00e9sidentielle\" \/>\n<meta property=\"article:modified_time\" content=\"2023-06-02T09:27:55+00:00\" \/>\n<meta property=\"og:image\" content=\"https:\/\/parier-presidentielle.com\/wp-content\/uploads\/2023\/03\/donald-trump-hhc-scaled.jpg\" \/>\n\t<meta property=\"og:image:width\" content=\"2560\" \/>\n\t<meta property=\"og:image:height\" content=\"1440\" \/>\n\t<meta property=\"og:image:type\" content=\"image\/jpeg\" \/>\n<meta name=\"twitter:card\" content=\"summary_large_image\" \/>\n<meta name=\"twitter:label1\" content=\"Szacowany czas czytania\" \/>\n\t<meta name=\"twitter:data1\" content=\"5 minut\" \/>\n<script type=\"application\/ld+json\" class=\"yoast-schema-graph\">{\"@context\":\"https:\/\/schema.org\",\"@graph\":[{\"@type\":\"WebPage\",\"@id\":\"https:\/\/parier-presidentielle.com\/donald-trump-sur-le-marche-du-cannabis-et-du-hhc\/\",\"url\":\"https:\/\/parier-presidentielle.com\/donald-trump-sur-le-marche-du-cannabis-et-du-hhc\/\",\"name\":\"L'impact de Donald Trump sur le march\u00e9 du Cannabis et du HHC - Finale Coupe du Monde FIFA\",\"isPartOf\":{\"@id\":\"https:\/\/parier-presidentielle.com\/#website\"},\"datePublished\":\"2023-03-20T16:03:39+00:00\",\"dateModified\":\"2023-06-02T09:27:55+00:00\",\"breadcrumb\":{\"@id\":\"https:\/\/parier-presidentielle.com\/donald-trump-sur-le-marche-du-cannabis-et-du-hhc\/#breadcrumb\"},\"inLanguage\":\"pl-PL\",\"potentialAction\":[{\"@type\":\"ReadAction\",\"target\":[\"https:\/\/parier-presidentielle.com\/donald-trump-sur-le-marche-du-cannabis-et-du-hhc\/\"]}]},{\"@type\":\"BreadcrumbList\",\"@id\":\"https:\/\/parier-presidentielle.com\/donald-trump-sur-le-marche-du-cannabis-et-du-hhc\/#breadcrumb\",\"itemListElement\":[{\"@type\":\"ListItem\",\"position\":1,\"name\":\"Accueil\",\"item\":\"https:\/\/parier-presidentielle.com\/\"},{\"@type\":\"ListItem\",\"position\":2,\"name\":\"L&#8217;impact de Donald Trump sur le march\u00e9 du Cannabis et du HHC\"}]},{\"@type\":\"WebSite\",\"@id\":\"https:\/\/parier-presidentielle.com\/#website\",\"url\":\"https:\/\/parier-presidentielle.com\/\",\"name\":\"Parier Pr\u00e9sidentielle\",\"description\":\"Paris, Pronostics, Wiki sur la Politique, les Elections Am\u00e9ricaines: Joe Biden, Donald Trump avec les Bookmakers en ligne Unibet, Bwin, Betclic, Winamax\",\"potentialAction\":[{\"@type\":\"SearchAction\",\"target\":{\"@type\":\"EntryPoint\",\"urlTemplate\":\"https:\/\/parier-presidentielle.com\/?s={search_term_string}\"},\"query-input\":\"required name=search_term_string\"}],\"inLanguage\":\"pl-PL\"}]}<\/script>\n<!-- \/ Yoast SEO Premium plugin. -->","yoast_head_json":{"title":"L'impact de Donald Trump sur le march\u00e9 du Cannabis et du HHC - Finale Coupe du Monde FIFA","robots":{"index":"index","follow":"follow","max-snippet":"max-snippet:-1","max-image-preview":"max-image-preview:large","max-video-preview":"max-video-preview:-1"},"canonical":"https:\/\/parier-presidentielle.com\/pl\/donald-trump-na-rynku-cannabis-i-hhc\/","og_locale":"pl_PL","og_type":"article","og_title":"L'impact de Donald Trump sur le march\u00e9 du Cannabis et du HHC","og_description":"Depuis l&#8217;investiture de Donald Trump \u00e0 la pr\u00e9sidence des \u00c9tats-Unis en 2016, l&#8217;industrie du cannabis et du HHC (Hemp-derived Cannabinoid) a \u00e9t\u00e9 en constante \u00e9volution. Les d\u00e9clarations du pr\u00e9sident et les politiques mises en place ont eu un impact significatif sur ce march\u00e9 en pleine expansion. Dans cet article, nous allons explorer les d\u00e9cisions cl\u00e9s ...","og_url":"https:\/\/parier-presidentielle.com\/pl\/donald-trump-na-rynku-cannabis-i-hhc\/","og_site_name":"Parier Pr\u00e9sidentielle","article_modified_time":"2023-06-02T09:27:55+00:00","og_image":[{"width":2560,"height":1440,"url":"https:\/\/parier-presidentielle.com\/wp-content\/uploads\/2023\/03\/donald-trump-hhc-scaled.jpg","type":"image\/jpeg"}],"twitter_card":"summary_large_image","twitter_misc":{"Szacowany czas czytania":"5 minut"},"schema":{"@context":"https:\/\/schema.org","@graph":[{"@type":"WebPage","@id":"https:\/\/parier-presidentielle.com\/donald-trump-sur-le-marche-du-cannabis-et-du-hhc\/","url":"https:\/\/parier-presidentielle.com\/donald-trump-sur-le-marche-du-cannabis-et-du-hhc\/","name":"L'impact de Donald Trump sur le march\u00e9 du Cannabis et du HHC - Finale Coupe du Monde FIFA","isPartOf":{"@id":"https:\/\/parier-presidentielle.com\/#website"},"datePublished":"2023-03-20T16:03:39+00:00","dateModified":"2023-06-02T09:27:55+00:00","breadcrumb":{"@id":"https:\/\/parier-presidentielle.com\/donald-trump-sur-le-marche-du-cannabis-et-du-hhc\/#breadcrumb"},"inLanguage":"pl-PL","potentialAction":[{"@type":"ReadAction","target":["https:\/\/parier-presidentielle.com\/donald-trump-sur-le-marche-du-cannabis-et-du-hhc\/"]}]},{"@type":"BreadcrumbList","@id":"https:\/\/parier-presidentielle.com\/donald-trump-sur-le-marche-du-cannabis-et-du-hhc\/#breadcrumb","itemListElement":[{"@type":"ListItem","position":1,"name":"Accueil","item":"https:\/\/parier-presidentielle.com\/"},{"@type":"ListItem","position":2,"name":"L&#8217;impact de Donald Trump sur le march\u00e9 du Cannabis et du HHC"}]},{"@type":"WebSite","@id":"https:\/\/parier-presidentielle.com\/#website","url":"https:\/\/parier-presidentielle.com\/","name":"Parier Pr\u00e9sidentielle","description":"Paris, Pronostics, Wiki sur la Politique, les Elections Am\u00e9ricaines: Joe Biden, Donald Trump avec les Bookmakers en ligne Unibet, Bwin, Betclic, Winamax","potentialAction":[{"@type":"SearchAction","target":{"@type":"EntryPoint","urlTemplate":"https:\/\/parier-presidentielle.com\/?s={search_term_string}"},"query-input":"required name=search_term_string"}],"inLanguage":"pl-PL"}]}},"_links":{"self":[{"href":"https:\/\/parier-presidentielle.com\/pl\/wp-json\/wp\/v2\/pages\/1956"}],"collection":[{"href":"https:\/\/parier-presidentielle.com\/pl\/wp-json\/wp\/v2\/pages"}],"about":[{"href":"https:\/\/parier-presidentielle.com\/pl\/wp-json\/wp\/v2\/types\/page"}],"author":[{"embeddable":true,"href":"https:\/\/parier-presidentielle.com\/pl\/wp-json\/wp\/v2\/users\/1"}],"replies":[{"embeddable":true,"href":"https:\/\/parier-presidentielle.com\/pl\/wp-json\/wp\/v2\/comments?post=1956"}],"version-history":[{"count":4,"href":"https:\/\/parier-presidentielle.com\/pl\/wp-json\/wp\/v2\/pages\/1956\/revisions"}],"predecessor-version":[{"id":2001,"href":"https:\/\/parier-presidentielle.com\/pl\/wp-json\/wp\/v2\/pages\/1956\/revisions\/2001"}],"wp:featuredmedia":[{"embeddable":true,"href":"https:\/\/parier-presidentielle.com\/pl\/wp-json\/wp\/v2\/media\/1959"}],"wp:attachment":[{"href":"https:\/\/parier-presidentielle.com\/pl\/wp-json\/wp\/v2\/media?parent=1956"}],"curies":[{"name":"wp","href":"https:\/\/api.w.org\/{rel}","templated":true}]}}