{"id":1962,"date":"2023-03-20T17:10:50","date_gmt":"2023-03-20T16:10:50","guid":{"rendered":"https:\/\/parier-presidentielle.com\/?page_id=1962"},"modified":"2023-06-02T11:27:56","modified_gmt":"2023-06-02T09:27:56","slug":"vladimir-poutine-quelle-avis-sur-le-marche-du-cannabis-et-hhc","status":"publish","type":"page","link":"https:\/\/parier-presidentielle.com\/pl\/vladimir-putin-jaka-opinia-na-rynku-cannabis-i-hhc\/","title":{"rendered":"W\u0142adimir Putin jakie zdanie na temat rynku konopi i HHC?"},"content":{"rendered":"<p>Rynek konopi indyjskich w <a href=\"https:\/\/wikihhc.com\/france\/fleurs-hhc\/ou-trouver-fleurs-hhc-france-guide\/\">hhc<\/a>  rozwija si\u0119 dynamicznie i przyci\u0105ga zainteresowanie g\u0142\u00f3wnych przyw\u00f3dc\u00f3w na ca\u0142ym \u015bwiecie. Jednym z takich przyw\u00f3dc\u00f3w jest prezydent Rosji W\u0142adimir Putin, kt\u00f3ry niedawno wyrazi\u0142 poparcie dla legalizacji u\u017cywania konopi indyjskich do cel\u00f3w medycznych i przemys\u0142owych.<\/p>\n\n\n\n<h2 class=\"wp-block-heading\"><span id=\"le-passe-controverse-de-poutine-avec-le-cannabis\">Kontrowersyjna historia Putina z marihuan\u0105<\/span><\/h2>\n\n\n\n<p>Zanim przyst\u0105pimy do tej debaty, nale\u017cy przypomnie\u0107 kontrowersyjn\u0105 przesz\u0142o\u015b\u0107 Putina dotycz\u0105c\u0105 konopi indyjskich, jak zauwa\u017cono <a href=\"https:\/\/wikihhc.com\/guide\/hhc\/\">Wikipedii<\/a>. W 2006 roku Rosja rozpocz\u0119\u0142a wojn\u0119 z narkotykami, w kt\u00f3rej wa\u017cn\u0105 rol\u0119 odegra\u0142 Putin. Doprowadzi\u0142o to do nasilenia represji zwi\u0105zanych z u\u017cywaniem narkotyk\u00f3w, w tym konopi indyjskich, i doprowadzi\u0142o do uwi\u0119zienia tysi\u0119cy os\u00f3b.<\/p>\n\n\n\n<p>Wydaje si\u0119 jednak, \u017ce pogl\u0105dy Putina w tej sprawie ewoluowa\u0142y na przestrzeni czasu. W 2019 roku stwierdzi\u0142, \u017ce Rosja powinna p\u00f3j\u015b\u0107 za przyk\u0142adem niekt\u00f3rych stan\u00f3w USA i zalegalizowa\u0107 marihuan\u0119 do cel\u00f3w medycznych i przemys\u0142owych. Po tej deklaracji przyj\u0119to ustawodawstwo sprzyjaj\u0105ce uprawie konopi przemys\u0142owych. Wiele witryn oferuje zni\u017cki na <a href=\"https:\/\/wikihhc.com\/site\/weecl\/code-promo-coupon-bon-de-reduction-weecl\/\">CBD i HHC jak Weecl z kodami promocyjnymi<\/a>.<\/p>\n\n\n\n<h2 class=\"wp-block-heading\"><span id=\"le-soutien-de-poutine-a-l8217utilisation-medicale-du-cannabis\">Poparcie Putina dla medycznego zastosowania konopi indyjskich<\/span><\/h2>\n\n\n\n<p>Ostatnio, w styczniu 2022 r., Putin o\u015bwiadczy\u0142, \u017ce popiera medyczne zastosowanie konopi indyjskich i nakaza\u0142 rosyjskiemu rz\u0105dowi opracowanie propozycji uregulowania u\u017cywania konopi indyjskich do cel\u00f3w medycznych. Decyzja ta zosta\u0142a pozytywnie przyj\u0119ta przez zwolennik\u00f3w legalizacji konopi indyjskich w Rosji i wywo\u0142a\u0142a dyskusj\u0119 na ten temat.<\/p>\n\n\n\n<p>Putin wyrazi\u0142 r\u00f3wnie\u017c poparcie dla produkcji <a href=\"https:\/\/wikihhc.com\"> produkt zawieraj\u0105cy HHC<\/a> (Uwodorniony olej z konopi indyjskich), forma konopi indyjskich o zastosowaniach medycznych i przemys\u0142owych. Wezwa\u0142 do zwi\u0119kszenia produkcji tej substancji w Rosji, twierdz\u0105c, \u017ce ma ona znaczny potencja\u0142 gospodarczy.<\/p>\n\n\n\n<h2 class=\"wp-block-heading\"><span id=\"les-defis-de-la-legalisation-du-cannabis-en-russie\">Wyzwania zwi\u0105zane z legalizacj\u0105 konopi indyjskich w Rosji<\/span><\/h2>\n\n\n\n<p>Jednak legalizacja konopi indyjskich do cel\u00f3w medycznych i przemys\u0142owych w Rosji nie jest pozbawiona wyzwa\u0144. Obecne rosyjskie przepisy dotycz\u0105ce narkotyk\u00f3w s\u0105 bardzo rygorystyczne, a u\u017cywanie konopi indyjskich jest nielegalne. Ponadto Rosja jest sygnatariuszem kilku mi\u0119dzynarodowych konwencji narkotykowych, kt\u00f3re zabraniaj\u0105 u\u017cywania i produkcji narkotyk\u00f3w, w tym konopi indyjskich.<\/p>\n\n\n\n<p>Oznacza to, \u017ce wszelkie przepisy na rzecz legalizacji marihuany powinny by\u0107 starannie opracowywane i wdra\u017cane w spos\u00f3b zgodny z mi\u0119dzynarodowymi konwencjami i rosyjskim prawem.<\/p>\n\n\n\n<h2 class=\"wp-block-heading\"><span id=\"conclusion\">Wniosek<\/span><\/h2>\n\n\n\n<p>Podsumowuj\u0105c, wsparcie Putina dla legalizacji marihuany do cel\u00f3w medycznych i przemys\u0142owych w Rosji to wa\u017cna decyzja, kt\u00f3ra wywo\u0142uje debat\u0119 w kraju. Chocia\u017c istniej\u0105 wyzwania zwi\u0105zane z wdra\u017caniem przepis\u00f3w legalizuj\u0105cych konopie indyjskie, jasne jest, \u017ce pogl\u0105dy Putina na t\u0119 kwesti\u0119 ewoluowa\u0142y z biegiem czasu. Ciekawie b\u0119dzie zobaczy\u0107, jak ta kwestia rozwinie si\u0119 w przysz\u0142o\u015bci w Rosji.<\/p>\n\n\n\n<figure class=\"wp-block-embed is-type-video is-provider-youtube wp-block-embed-youtube wp-embed-aspect-16-9 wp-has-aspect-ratio\"><div class=\"wp-block-embed__wrapper\">\n<iframe loading=\"lazy\" title=\"Czy Rosjanie chc\u0105 legalizacji marihuany?\" width=\"640\" height=\"360\" src=\"https:\/\/www.youtube.com\/embed\/lvfG8jTKhow?feature=oembed\" frameborder=\"0\" allow=\"accelerometer; autoplay; clipboard-write; encrypted-media; gyroscope; picture-in-picture; web-share\" allowfullscreen><\/iframe>\n<\/div><\/figure>\n<div id=\"toc_container\" class=\"no_bullets\"><p class=\"toc_title\">Spis tre\u015bci<\/p><ul class=\"toc_list\"><li><\/li><li><\/li><li><\/li><li><\/li><\/ul><\/div>","protected":false},"excerpt":{"rendered":"<p>Rynek konopi indyjskich hhc kwitnie i przyci\u0105ga zainteresowanie czo\u0142owych mened\u017cer\u00f3w na ca\u0142ym \u015bwiecie. Jednym z takich przyw\u00f3dc\u00f3w jest prezydent Rosji W\u0142adimir Putin, kt\u00f3ry niedawno wyrazi\u0142 poparcie dla legalizacji u\u017cywania konopi indyjskich do cel\u00f3w medycznych i przemys\u0142owych. Kontrowersyjna przesz\u0142o\u015b\u0107 Putina z...<\/p>","protected":false},"author":1,"featured_media":1965,"parent":0,"menu_order":0,"comment_status":"closed","ping_status":"closed","template":"page-nosidebar.php","meta":{"footnotes":""},"yoast_head":"<!-- This site is optimized with the Yoast SEO Premium plugin v21.0 (Yoast SEO v21.0) - https:\/\/yoast.com\/wordpress\/plugins\/seo\/ -->\n<title>Vladimir Poutine quelle avis sur le march\u00e9 du Cannabis et HHC? - Finale Coupe du Monde FIFA<\/title>\n<meta name=\"robots\" content=\"index, follow, max-snippet:-1, max-image-preview:large, max-video-preview:-1\" \/>\n<link rel=\"canonical\" href=\"https:\/\/parier-presidentielle.com\/pl\/vladimir-putin-jaka-opinia-na-rynku-cannabis-i-hhc\/\" \/>\n<meta property=\"og:locale\" content=\"pl_PL\" \/>\n<meta property=\"og:type\" content=\"article\" \/>\n<meta property=\"og:title\" content=\"Vladimir Poutine quelle avis sur le march\u00e9 du Cannabis et HHC?\" \/>\n<meta property=\"og:description\" content=\"Le march\u00e9 du cannabis du hhc est en plein essor et suscite l&#8217;int\u00e9r\u00eat des grands dirigeants du monde entier. L&#8217;un de ces dirigeants est Vladimir Poutine, le pr\u00e9sident russe, qui a r\u00e9cemment exprim\u00e9 son soutien \u00e0 la l\u00e9galisation de l&#8217;utilisation du cannabis \u00e0 des fins m\u00e9dicales et industrielles. Le pass\u00e9 controvers\u00e9 de Poutine avec le ...\" \/>\n<meta property=\"og:url\" content=\"https:\/\/parier-presidentielle.com\/pl\/vladimir-putin-jaka-opinia-na-rynku-cannabis-i-hhc\/\" \/>\n<meta property=\"og:site_name\" content=\"Parier Pr\u00e9sidentielle\" \/>\n<meta property=\"article:modified_time\" content=\"2023-06-02T09:27:56+00:00\" \/>\n<meta property=\"og:image\" content=\"https:\/\/parier-presidentielle.com\/wp-content\/uploads\/2023\/03\/vladimir-poutine-hhc-scaled.jpg\" \/>\n\t<meta property=\"og:image:width\" content=\"2560\" \/>\n\t<meta property=\"og:image:height\" content=\"1302\" \/>\n\t<meta property=\"og:image:type\" content=\"image\/jpeg\" \/>\n<meta name=\"twitter:card\" content=\"summary_large_image\" \/>\n<meta name=\"twitter:label1\" content=\"Szacowany czas czytania\" \/>\n\t<meta name=\"twitter:data1\" content=\"3 minuty\" \/>\n<script type=\"application\/ld+json\" class=\"yoast-schema-graph\">{\"@context\":\"https:\/\/schema.org\",\"@graph\":[{\"@type\":\"WebPage\",\"@id\":\"https:\/\/parier-presidentielle.com\/vladimir-poutine-quelle-avis-sur-le-marche-du-cannabis-et-hhc\/\",\"url\":\"https:\/\/parier-presidentielle.com\/vladimir-poutine-quelle-avis-sur-le-marche-du-cannabis-et-hhc\/\",\"name\":\"Vladimir Poutine quelle avis sur le march\u00e9 du Cannabis et HHC? - Finale Coupe du Monde FIFA\",\"isPartOf\":{\"@id\":\"https:\/\/parier-presidentielle.com\/#website\"},\"datePublished\":\"2023-03-20T16:10:50+00:00\",\"dateModified\":\"2023-06-02T09:27:56+00:00\",\"breadcrumb\":{\"@id\":\"https:\/\/parier-presidentielle.com\/vladimir-poutine-quelle-avis-sur-le-marche-du-cannabis-et-hhc\/#breadcrumb\"},\"inLanguage\":\"pl-PL\",\"potentialAction\":[{\"@type\":\"ReadAction\",\"target\":[\"https:\/\/parier-presidentielle.com\/vladimir-poutine-quelle-avis-sur-le-marche-du-cannabis-et-hhc\/\"]}]},{\"@type\":\"BreadcrumbList\",\"@id\":\"https:\/\/parier-presidentielle.com\/vladimir-poutine-quelle-avis-sur-le-marche-du-cannabis-et-hhc\/#breadcrumb\",\"itemListElement\":[{\"@type\":\"ListItem\",\"position\":1,\"name\":\"Accueil\",\"item\":\"https:\/\/parier-presidentielle.com\/\"},{\"@type\":\"ListItem\",\"position\":2,\"name\":\"Vladimir Poutine quelle avis sur le march\u00e9 du Cannabis et HHC?\"}]},{\"@type\":\"WebSite\",\"@id\":\"https:\/\/parier-presidentielle.com\/#website\",\"url\":\"https:\/\/parier-presidentielle.com\/\",\"name\":\"Parier Pr\u00e9sidentielle\",\"description\":\"Paris, Pronostics, Wiki sur la Politique, les Elections Am\u00e9ricaines: Joe Biden, Donald Trump avec les Bookmakers en ligne Unibet, Bwin, Betclic, Winamax\",\"potentialAction\":[{\"@type\":\"SearchAction\",\"target\":{\"@type\":\"EntryPoint\",\"urlTemplate\":\"https:\/\/parier-presidentielle.com\/?s={search_term_string}\"},\"query-input\":\"required name=search_term_string\"}],\"inLanguage\":\"pl-PL\"}]}<\/script>\n<!-- \/ Yoast SEO Premium plugin. -->","yoast_head_json":{"title":"Vladimir Poutine quelle avis sur le march\u00e9 du Cannabis et HHC? - Finale Coupe du Monde FIFA","robots":{"index":"index","follow":"follow","max-snippet":"max-snippet:-1","max-image-preview":"max-image-preview:large","max-video-preview":"max-video-preview:-1"},"canonical":"https:\/\/parier-presidentielle.com\/pl\/vladimir-putin-jaka-opinia-na-rynku-cannabis-i-hhc\/","og_locale":"pl_PL","og_type":"article","og_title":"Vladimir Poutine quelle avis sur le march\u00e9 du Cannabis et HHC?","og_description":"Le march\u00e9 du cannabis du hhc est en plein essor et suscite l&#8217;int\u00e9r\u00eat des grands dirigeants du monde entier. L&#8217;un de ces dirigeants est Vladimir Poutine, le pr\u00e9sident russe, qui a r\u00e9cemment exprim\u00e9 son soutien \u00e0 la l\u00e9galisation de l&#8217;utilisation du cannabis \u00e0 des fins m\u00e9dicales et industrielles. Le pass\u00e9 controvers\u00e9 de Poutine avec le ...","og_url":"https:\/\/parier-presidentielle.com\/pl\/vladimir-putin-jaka-opinia-na-rynku-cannabis-i-hhc\/","og_site_name":"Parier Pr\u00e9sidentielle","article_modified_time":"2023-06-02T09:27:56+00:00","og_image":[{"width":2560,"height":1302,"url":"https:\/\/parier-presidentielle.com\/wp-content\/uploads\/2023\/03\/vladimir-poutine-hhc-scaled.jpg","type":"image\/jpeg"}],"twitter_card":"summary_large_image","twitter_misc":{"Szacowany czas czytania":"3 minuty"},"schema":{"@context":"https:\/\/schema.org","@graph":[{"@type":"WebPage","@id":"https:\/\/parier-presidentielle.com\/vladimir-poutine-quelle-avis-sur-le-marche-du-cannabis-et-hhc\/","url":"https:\/\/parier-presidentielle.com\/vladimir-poutine-quelle-avis-sur-le-marche-du-cannabis-et-hhc\/","name":"Vladimir Poutine quelle avis sur le march\u00e9 du Cannabis et HHC? - Finale Coupe du Monde FIFA","isPartOf":{"@id":"https:\/\/parier-presidentielle.com\/#website"},"datePublished":"2023-03-20T16:10:50+00:00","dateModified":"2023-06-02T09:27:56+00:00","breadcrumb":{"@id":"https:\/\/parier-presidentielle.com\/vladimir-poutine-quelle-avis-sur-le-marche-du-cannabis-et-hhc\/#breadcrumb"},"inLanguage":"pl-PL","potentialAction":[{"@type":"ReadAction","target":["https:\/\/parier-presidentielle.com\/vladimir-poutine-quelle-avis-sur-le-marche-du-cannabis-et-hhc\/"]}]},{"@type":"BreadcrumbList","@id":"https:\/\/parier-presidentielle.com\/vladimir-poutine-quelle-avis-sur-le-marche-du-cannabis-et-hhc\/#breadcrumb","itemListElement":[{"@type":"ListItem","position":1,"name":"Accueil","item":"https:\/\/parier-presidentielle.com\/"},{"@type":"ListItem","position":2,"name":"Vladimir Poutine quelle avis sur le march\u00e9 du Cannabis et HHC?"}]},{"@type":"WebSite","@id":"https:\/\/parier-presidentielle.com\/#website","url":"https:\/\/parier-presidentielle.com\/","name":"Parier Pr\u00e9sidentielle","description":"Paris, Pronostics, Wiki sur la Politique, les Elections Am\u00e9ricaines: Joe Biden, Donald Trump avec les Bookmakers en ligne Unibet, Bwin, Betclic, Winamax","potentialAction":[{"@type":"SearchAction","target":{"@type":"EntryPoint","urlTemplate":"https:\/\/parier-presidentielle.com\/?s={search_term_string}"},"query-input":"required name=search_term_string"}],"inLanguage":"pl-PL"}]}},"_links":{"self":[{"href":"https:\/\/parier-presidentielle.com\/pl\/wp-json\/wp\/v2\/pages\/1962"}],"collection":[{"href":"https:\/\/parier-presidentielle.com\/pl\/wp-json\/wp\/v2\/pages"}],"about":[{"href":"https:\/\/parier-presidentielle.com\/pl\/wp-json\/wp\/v2\/types\/page"}],"author":[{"embeddable":true,"href":"https:\/\/parier-presidentielle.com\/pl\/wp-json\/wp\/v2\/users\/1"}],"replies":[{"embeddable":true,"href":"https:\/\/parier-presidentielle.com\/pl\/wp-json\/wp\/v2\/comments?post=1962"}],"version-history":[{"count":4,"href":"https:\/\/parier-presidentielle.com\/pl\/wp-json\/wp\/v2\/pages\/1962\/revisions"}],"predecessor-version":[{"id":2002,"href":"https:\/\/parier-presidentielle.com\/pl\/wp-json\/wp\/v2\/pages\/1962\/revisions\/2002"}],"wp:featuredmedia":[{"embeddable":true,"href":"https:\/\/parier-presidentielle.com\/pl\/wp-json\/wp\/v2\/media\/1965"}],"wp:attachment":[{"href":"https:\/\/parier-presidentielle.com\/pl\/wp-json\/wp\/v2\/media?parent=1962"}],"curies":[{"name":"wp","href":"https:\/\/api.w.org\/{rel}","templated":true}]}}