{"id":212,"date":"2021-09-14T13:02:49","date_gmt":"2021-09-14T11:02:49","guid":{"rendered":"https:\/\/parier-presidentielle.com\/?page_id=212"},"modified":"2021-09-14T15:59:08","modified_gmt":"2021-09-14T13:59:08","slug":"melenchon-election","status":"publish","type":"page","link":"https:\/\/parier-presidentielle.com\/pl\/melenchon-wybory\/","title":{"rendered":"Postaw na wyb\u00f3r Jean-Luc M\u00e9lenchon"},"content":{"rendered":"<h2 class=\"wp-block-heading\" id=\"block-f005be1c-8637-4455-a388-e82bafcaf460\"><span id=\"cote-et-pronostics-pour-le-candidat-jean-luc-melenchon-paris-en-ligne-sur-la-politique-et-le-futur-president-de-la-france-de-2022\">Kursy i przewidywania dla kandydata Jean-Luca M\u00e9lenchona:<br>Zak\u0142ady online na polityk\u0119 i przysz\u0142ego prezydenta Francji w 2022 r.<\/span><\/h2>\n\n\n\n<p><\/p>\n\n\n\n<p><\/p>\n\n\n\n<p>Jean-Luc M\u00e9lenchon (fr. Jean-Luc M\u00e9lenchon, IPA (fr.):; B., Tanger) \u2013 francuski lewicowy m\u0105\u017c stanu i polityk, dziennikarz. Minister edukacji zawodowej w rz\u0105dzie Lionela Jospina od 2000 do 2002. Cz\u0142onek Senatu Francji z departamentu Eson (1986-2000; 2004-2010). Pose\u0142 do Parlamentu Europejskiego od 2009 do 2017 (Frakcja Zjednoczonej Lewicy Europejskiej \/ Lewica-North Green). Jeden z za\u0142o\u017cycieli i prezes\u00f3w \u201ePartii Lewicy\u201d. Od 2017 r. \u2013 pose\u0142 do francuskiego Zgromadzenia Narodowego z ramienia partii \u201eNiepokonana Francja\u201d.<\/p>\n\n\n\n<h2 class=\"wp-block-heading\"><span id=\"biographie-de-jean-luc-melenchon\">Biografia Jean-Luca Melenchona<\/span><\/h2>\n\n\n\n<p><br>Urodzony w Tangerze (Mi\u0119dzynarodowa Strefa Tangeru, dzi\u015b Maroko). Rodzice s\u0105 urz\u0119dnikami pa\u0144stwowymi. W 1962 wraz z matk\u0105 przeprowadzi\u0142 si\u0119 do Francji. Z wykszta\u0142cenia filozof, studiowa\u0142 na uniwersytecie Franche-Comt\u00e9. Uczy\u0142 w szko\u0142ach \u015brednich. Bardzo wcze\u015bnie zaanga\u017cowa\u0142 si\u0119 w radykalny lewicowy ruch m\u0142odzie\u017cowy, by\u0142 cz\u0142onkiem Krajowego Zwi\u0105zku Student\u00f3w Francuskich i bra\u0142 udzia\u0142 w demonstracjach Czerwonego Maja w 1968 r. W ramach francuskiego ruchu trockistowskiego M\u00e9lanchon do\u0142\u0105czy\u0142 do lambertyst\u00f3w, zwolennik\u00f3w Pierre\u2019a Lamberta z Mi\u0119dzynarodow\u0105 Organizacj\u0119 Komunistyczn\u0105. Udzia\u0142 w pracach zwi\u0105zkowych w Besan\u00e7on.<\/p>\n\n\n\n<p>Jednak w 1977 wst\u0105pi\u0142 do Socjalistycznej Partii Francji, zrywaj\u0105c z trockistami. Aktywnie wspiera\u0142 prezydenta Francji Fran\u00e7ois Mitterranda. Od 1988 roku Jean-Luc Melanchon jest wybierany do Rady Narodowej i Biura Krajowego Partii Socjalistycznej. Wraz z lud\u017ami o podobnych pogl\u0105dach zorganizowa\u0142 \u201eLewic\u0119 Socjalistyczn\u0105\u201d (ruch antykapitalistyczny w szeregach Partii Socjalistycznej). W latach 2000-2002 by\u0142 ministrem delegatem ds. szkolnictwa zawodowego w rz\u0105dzie socjalisty Lionela Jospina. By\u0142 senatorem departamentu Eson (1986-2000 i 2004-2010). Pracowa\u0142 tak\u017ce na szczeblu gminnym w wydziale Eson.<\/p>\n\n\n\n<p>W ramach referendum w sprawie przyj\u0119cia Konstytucji Unii Europejskiej wraz z wewn\u0119trznymi nurtami lewicowymi Partii Socjalistycznej i innymi lewicowcami organizacja sprzeciwia\u0142a si\u0119 jej ratyfikacji, natomiast kierownictwo partii opowiada\u0142o si\u0119 za jej ratyfikacj\u0105. Udzia\u0142 w kampanii przeciwko temu, co lewicowi politycy uwa\u017cali za neoliberaln\u0105 konstytucj\u0119 UE, zbli\u017cy\u0142 Melanchona do Francuskiej Partii Komunistycznej i trockist\u00f3w.<\/p>\n\n\n\n<p>W 2008 roku opu\u015bci\u0142 Parti\u0119 Socjalistyczn\u0105 ze wzgl\u0119du na sprzeczno\u015bci z jej kierownictwem (m.in. z S\u00e9gol\u00e8ne Royal), kt\u00f3r\u0105 krytykowa\u0142 za socjalliberalny kurs i odej\u015bcie od idei lewicowych. Zainicjowa\u0142 utworzenie \u201ePartii Lewicy\u201d (na wz\u00f3r niemieckiej \u201elewicy\u201d z nawi\u0105zaniem do idei Jeana Jaur\u00e8sa); zosta\u0142 jego pierwszym prezydentem. W pracach nad jego powstaniem bra\u0142 tak\u017ce udzia\u0142 jego kolega Mark Dole. W 2010 roku partii wsp\u00f3\u0142przewodniczy\u0142 lider wewn\u0119trznej frakcji Partii Zielonych, kt\u00f3ry sam odszed\u0142 z partii \u2013 Martin Billard. W 2009 roku zosta\u0142 wybrany na pos\u0142a do Parlamentu Europejskiego z listy ugrupowania Europejska Zjednoczona Lewica\/Lewica-Zieloni P\u00f3\u0142noc. Partia Lewicy nale\u017cy do koalicji Frontu Lewicy; Melanchon jest jednym z jej wsp\u00f3\u0142przewodnicz\u0105cych.<\/p>\n\n\n\n<h2 class=\"wp-block-heading\"><span id=\"participation-aux-elections-presidentielles-de-2012-de-jean-luc-melenchon\">Udzia\u0142 w wyborach prezydenckich 2012 Jean-Luc M\u00e9lenchon<\/span><\/h2>\n\n\n\n<p><br>W miar\u0119 zbli\u017cania si\u0119 wybor\u00f3w prezydenckich w 2012 roku Francuska Partia Komunistyczna zamierza\u0142a przedstawi\u0107 w\u0142asnego kandydata (najprawdopodobniej Alaina Boqueta). Jednak podczas swojego kongresu, kt\u00f3ry odby\u0142 si\u0119 w dniach 16\u201318 czerwca 2011 r., Jean-Luc Melanchon zebra\u0142 59,12 % g\u0142os\u00f3w cz\u0142onk\u00f3w kongresu i zosta\u0142 zg\u0142oszony jako kandydat (w wyborach uczestniczyli tak\u017ce cz\u0142onkowie innych partii nale\u017c\u0105cych do Frontu Lewicowego Tym samym sta\u0142 si\u0119 jedynym kandydatem tego sojuszu) Wed\u0142ug wynik\u00f3w sonda\u017cy przeprowadzonych w 2012 roku, przed wyborami, ocena Melanchona kszta\u0142towa\u0142a si\u0119 na poziomie 6 do 15 %. Wed\u0142ug niekt\u00f3rych sonda\u017cy w trakcie kampanii prezydenckiej awansowa\u0142 z pi\u0105tej na trzeci\u0105 pozycj\u0119 w\u015br\u00f3d wyborc\u00f3w gotowych odda\u0107 g\u0142os na Melanchona, wyprzedzaj\u0105c tym samym Marine Le Pen i Fran\u00e7ois Bayrou.<\/p>\n\n\n\n<p>G\u0142\u00f3wnym elementem jego programu by\u0142o proklamowanie \u201esz\u00f3stej Republiki Francuskiej\u201d poprzez modyfikacj\u0119 francuskiej konstytucji. W swoich przem\u00f3wieniach wielokrotnie nawi\u0105zywa\u0142 do historii Rewolucji Francuskiej i Komuny Paryskiej. Wezwa\u0142 swoich zwolennik\u00f3w do pokojowej rewolucji \u201eobywatelskiej\u201d \u2013 zamachu stanu, na kt\u00f3rego czele stoi nie klasa robotnicza, ale wszyscy obywatele kibicuj\u0105cy swojemu krajowi.<\/p>\n\n\n\n<p>Wed\u0142ug wynik\u00f3w pierwszej tury M\u00e9lanchon uzyska\u0142 3 985 089 g\u0142os\u00f3w (11,1 % w og\u00f3lnej liczbie wyborc\u00f3w), zajmuj\u0105c tym samym czwarte miejsce. To znacznie wi\u0119cej ni\u017c kandydatka Partii Komunistycznej w 2007 roku \u2013 Marie-Georges Buffet (jej wynik wyni\u00f3s\u0142 1,93% g\u0142os\u00f3w).<\/p>\n\n\n\n<p>W drugiej turze Melanchon popar\u0142 kandydatur\u0119 Fran\u00e7ois Hollande&#039;a, mimo \u017ce w 2008 roku z powodu sprzeczno\u015bci z nim opu\u015bci\u0142 Parti\u0119 Socjalistyczn\u0105. 6 maja 2012 roku Hollande zosta\u0142 wybrany na prezydenta Francji.<\/p>\n\n\n\n<p>Inne zaj\u0119cia<br>W 2012 roku pr\u00f3bowa\u0142 zosta\u0107 cz\u0142onkiem francuskiego Zgromadzenia Narodowego z 11. okr\u0119gu wyborczego departamentu Pas-de-Calais z listy \u201eFrontu Lewicowego\u201d w celu aresztowania liderki Frontu Narodowego Marine Le Pen, kt\u00f3ra by\u0142a bieganie tam. Jednak w pierwszej turze wybor\u00f3w zdoby\u0142 21,48 % g\u0142os\u00f3w i zaj\u0105\u0142 trzecie miejsce, przegrywaj\u0105c zar\u00f3wno z Marine Le Pen (42,36 % g\u0142os\u00f3w), jak i Philippe&#039;em.<\/p>\n\n\n\n<p><\/p>\n\n\n\n<p>Kemel, kandydat socjalist\u00f3w (23,5% g\u0142os\u00f3w). Tym samym Melanchon nie m\u00f3g\u0142 uzyska\u0107 prawa do ubiegania si\u0119 o mandat pos\u0142a.<\/p>\n\n\n\n<h2 class=\"wp-block-heading\"><span id=\"participation-a-l8217election-presidentielle-de-2017-de-jean-luc-melenchon\">Udzia\u0142 w wyborach prezydenckich Jeana-Luca M\u00e9lenchona w 2017 r<\/span><\/h2>\n\n\n\n<p><br>W lutym 2016 roku Melanchon og\u0142osi\u0142 zamiar wzi\u0119cia udzia\u0142u w kampanii prezydenckiej 2017. Odmawiaj\u0105c udzia\u0142u w organizowanych przez Parti\u0119 Socjalistyczn\u0105 \u201elewicowych prawyborach\u201d, sta\u0142 si\u0119 kandydatem powsta\u0142ego w tym samym czasie ruchu \u201eNiepokonana Francja\u201d. Jego program opiera\u0142 si\u0119 na tezach z 2012 roku, z kilkoma zmianami: utworzeniem VI Republiki (tj. przyj\u0119ciem nowej konstytucji), redystrybucj\u0105 maj\u0105tku (na\u0142o\u017ceniem podatk\u00f3w na dodatkowe dochody od nadwy\u017cek dochod\u00f3w czy obni\u017ceniem tydzie\u0144 pracy do 32 godzin), obni\u017cenie wieku emerytalnego do 60 lat, wyj\u015bcie Francji z Unii Europejskiej i NATO. Melanchon sformu\u0142owa\u0142 swoje pogl\u0105dy w ksi\u0105\u017cce \u201eL\u2019avenir en commun\u201d (\u201eWsp\u00f3lna przysz\u0142o\u015b\u0107\u201d), rozprowadzanej w nak\u0142adzie 200 000 egzemplarzy.<\/p>\n\n\n\n<p>Wed\u0142ug Le Figaro program Melanchona, kt\u00f3ry przewiduje zwi\u0119kszenie wydatk\u00f3w bud\u017cetowych o 270 miliard\u00f3w euro i podwy\u017ck\u0119 podatk\u00f3w o 120 miliard\u00f3w euro, wyd\u0142u\u017cenie corocznego p\u0142atnego urlopu do sze\u015bciu tygodni (jego d\u0142ugo\u015b\u0107 w 2017 roku wynosi pi\u0119\u0107 tygodni), a tak\u017ce jak konfiskata wszelkich dochod\u00f3w przekraczaj\u0105cych 400 tys. euro rocznie, inspirowana ideami takich polityk\u00f3w jak by\u0142y prezydent Wenezueli Hugo Chavez.<\/p>\n\n\n\n<p>W dniu 4 kwietnia 2017 roku zorganizowano telewizyjn\u0105 debat\u0119 z udzia\u0142em wszystkich jedenastu kandydat\u00f3w na prezydenta Francji, kt\u00f3rej zwyci\u0119zc\u0105 rewelacyjnie zosta\u0142 Melanchon \u2013 jego wyst\u0105pienie zosta\u0142o uznane za najbardziej przekonuj\u0105ce przez 25% spo\u015br\u00f3d ankietowanych (Macron otrzyma\u0142 wsparcie od 21%, Fillona \u2013 15%). Co wi\u0119cej, jak wynika z badania socjologicznego przeprowadzonego po debacie, M\u00e9lanchon z poparciem 21% znalaz\u0142 si\u0119 na drugim miejscu w\u015br\u00f3d najbardziej prawdopodobnych zwyci\u0119zc\u00f3w pierwszej tury wybor\u00f3w \u2013 po Macronie (27%) i przed Fillonem (20%).<\/p>\n\n\n\n<p>W kwietniu 2017 wyrobi\u0142 sobie mark\u0119, wykorzystuj\u0105c najnowsze technologie kampanii wyborczej \u2013 radio internetowe, a nawet w\u0142asne holograficzne obrazy podczas wiec\u00f3w w Nantes, Clermont-Ferrand, Montpellier, Grenoble, Nancy i La R\u00e9union.<\/p>\n\n\n\n<p>20 kwietnia 2017 roku szereg wybitnych postaci ameryka\u0144skiej kultury \u2013 Danny Glover, filozof Noam Chomsky, dramatopisarka i feministka Eve Ensler, aktor Mark Ruffalo, Nancy Fraser i Oliver Stone opublikowa\u0142o petycj\u0119 wzywaj\u0105c\u0105 Francuz\u00f3w, aby \u201enie powtarzali vs tragedia Trumpa\u201d, czyli \u201enie zmuszajcie francuskich wyborc\u00f3w do wyboru mi\u0119dzy liberalizmem korporacyjnego establishmentu a ksenofobicznym prawicowym populizmem\u201d, ale \u201ezjednoczcie si\u0119 w pierwszej turze wybor\u00f3w prezydenckich wok\u00f3\u0142 lewicowego kandydata z najwi\u0119ksze poparcie wyborc\u00f3w. Autorzy petycji wymienili tak\u017ce tego kandydata \u2013 Melanchona.<\/p>\n\n\n\n<p>23 kwietnia 2017 r. uzyska\u0142 poparcie 19,58 wyborc\u00f3w % (7 060 885 os\u00f3b) w pierwszej turze g\u0142osowania, zajmuj\u0105c czwarte miejsce w\u015br\u00f3d jedenastu kandydat\u00f3w i tym samym nie przechodz\u0105c do drugiej tury. Najlepszymi wynikami okaza\u0142y si\u0119 wyniki M\u00e9lenchona w regionach zamorskich: zwyci\u0119\u017cy\u0142 na Reunion (24,53 %), w Gujanie (24,7 %), w Saint-Pierre i Miquelon (ponad 35 % wobec 17,9 % dla zwyci\u0119zcy pierwszej rundy w skali kraju \u2013 Emmanuel Macron) i Martynika (27,3%).<\/p>\n\n\n\n<p>Inne dzia\u0142ania (od 2017)<br>W wyborach do parlamentu we Francji jego partia zdoby\u0142a 17 z 577 mandat\u00f3w, zajmuj\u0105c czwarte miejsce pod wzgl\u0119dem liczby pos\u0142\u00f3w. On sam zosta\u0142 wybrany na pos\u0142a do jednej z gmin Marsylii.<\/p>\n\n\n\n<p>16 pa\u017adziernika 2018 r. w ramach \u015bledztwa w sprawie oskar\u017ce\u0144 o fikcyjne zatrudnianie asystent\u00f3w parlamentarnych i naruszenie zasad finansowania kampanii wyborczej przeprowadzono przeszukanie domu w pobli\u017cu M\u00e9lenchon oraz kilku budynk\u00f3w \u201eNiepokonanej Francji\u201d, podczas kt\u00f3rego dosz\u0142o do star\u0107 mi\u0119dzy dzia\u0142aczami. oraz funkcjonariusze organ\u00f3w \u015bcigania. W dniu 20 wrze\u015bnia 2019 roku s\u0105d w Bobigny skaza\u0142 Melanchona na trzy miesi\u0105ce pozbawienia wolno\u015bci w zawieszeniu oraz kar\u0119 grzywny w wysoko\u015bci 8 tys. euro za utrudnianie wymiaru sprawiedliwo\u015bci i bunt, a pi\u0119ciu pozosta\u0142ych oskar\u017conych na kary grzywny w wysoko\u015bci od 2 tys. do 10 tys. euro (rozprawa tocz\u0105ca si\u0119 dwa dni \u2013 19 i 20 wrze\u015bnia, a Melanchon od razu nazwa\u0142 to prze\u015bladowaniami politycznymi).<\/p>\n\n\n\n<p><\/p>\n\n\n\n<p class=\"has-text-align-center unibet\" style=\"font-size:25px\"><mark style=\"background-color:rgba(0, 0, 0, 0);color:#0d7a12\" class=\"has-inline-color\"><strong><a href=\"https:\/\/parier-presidentielle.com\/pl\/recommends\/unibet\/\">Bonus 150 \u20ac oferowany w Unibet<br>Tw\u00f3j pierwszy zak\u0142ad polityczny lub sportowy: Kliknij tutaj<\/a><\/strong><\/mark><\/p>\n\n\n\n<p><\/p>\n\n\n<div class=\"wp-block-image\">\n<figure class=\"aligncenter is-resized wp-duotone-000097-ff4747-1\"><img decoding=\"async\" loading=\"lazy\" src=\"https:\/\/parier-presidentielle.com\/wp-content\/uploads\/2021\/09\/election-standard-scale-4_00x-gigapixel-1024x623.jpg\" alt=\"Wybory 2022\" style=\"width:256px;height:156px\" width=\"256\" height=\"156\"\/><\/figure><\/div>\n\n\n<p><br><\/p>\n\n\n\n<p><strong>Parier-presidentielle pomaga dokona\u0107 wyboru mi\u0119dzy r\u00f3\u017cnymi<a href=\"https:\/\/parier-presidentielle.com\/pl\/\"> Bukmacherzy Bwin, Unibet, Betclic obstawiaj\u0105 przysz\u0142ego ameryka\u0144skiego prezydenta w 2024 roku<\/a> : <\/strong><br><a href=\"https:\/\/parier-presidentielle.com\/pl\/unibet-policy-wybory-2022\/\">Bukmacher Prezydencki Unibet<\/a> : Szczeg\u00f3\u0142owy i bezp\u0142atny przewodnik, jak postawi\u0107 sw\u00f3j pierwszy zak\u0142ad online ze wszystkimi kursami i jak skorzysta\u0107 z oferowanego bonusu!<\/p>\n\n\n\n<p>Podobnie jak inne strony z zak\u0142adami online: <a href=\"https:\/\/parier-presidentielle.com\/pl\/unibet-policy-wybory-2022\/\">Bwin<\/a>, <a href=\"https:\/\/parier-presidentielle.com\/pl\/netbet-paris-politics-wybory-2022\/\">NetBet<\/a>, <a href=\"https:\/\/parier-presidentielle.com\/pl\/betclic-prezydencki-2022\/\">Betclic<\/a>, <a href=\"https:\/\/parier-presidentielle.com\/pl\/winmax-policy-wybory-2022\/\">Winamax<\/a>, Parions Sport, Zebet, Betway, Francja-Pari, Vbet, Cloudbet, 1Xbit, 1xbet, Betfair, Betwinner\u2026<\/p>\n\n\n\n<div class=\"wp-block-columns is-layout-flex wp-container-6 wp-block-columns-is-layout-flex\">\n<div class=\"wp-block-column is-layout-flow wp-block-column-is-layout-flow\" style=\"flex-basis:33.33%\">\n<p>W\u0142a\u015bnie przeczyta\u0142e\u015b nasz plik:<\/p>\n<\/div>\n\n\n\n<div class=\"wp-block-column is-layout-flow wp-block-column-is-layout-flow\" style=\"flex-basis:33.33%\">\n<div class=\"wp-block-group is-layout-flow wp-block-group-is-layout-flow\"><div class=\"wp-block-group__inner-container\"><h4 class=\"has-text-align-center wp-block-post-title\"><span id=\"parier-sur-lelection-de-jean-luc-melenchon\"><a href=\"https:\/\/parier-presidentielle.com\/pl\/melenchon-wybory\/\" target=\"_self\" >Postaw na wyb\u00f3r Jean-Luc M\u00e9lenchon<\/a><\/span><\/h4><\/div><\/div>\n<\/div>\n\n\n\n<div class=\"wp-block-column is-layout-flow wp-block-column-is-layout-flow\" style=\"flex-basis:33.33%\">\n<p class=\"has-text-align-right\">Czytaj dalej z naszymi innymi ekskluzywnymi plikami,<\/p>\n<\/div>\n<\/div>\n\n\n\n<h3 class=\"wp-block-heading\" id=\"tous-les-pronostics-sondage-et-cotes-pour-parier-sur-le-futur-vainqueur-de-l-election-presidentielle-2022\"><span id=\"tous-les-pronostics-sondage-et-cotes-pour-parier-sur-le-futur-vainqueur-de-l8217election-presidentielle-2024\">Wszystkie prognozy, ankiety i kursy, kt\u00f3re mo\u017cna obstawi\u0107 na przysz\u0142ego zwyci\u0119zc\u0119 wybor\u00f3w prezydenckich w 2024 r.:<\/span><\/h3>\n\n\n\n<ul>\n<li><a href=\"https:\/\/parier-presidentielle.com\/pl\/macron-elekcja\/\">Postaw na Emmanuela Macrona z Unibet, Betclic, Bwin<\/a> : ulubieniec sonda\u017cy i prognoz <\/li>\n\n\n\n<li><a href=\"https:\/\/parier-presidentielle.com\/pl\/marine-le-pen-wybory\/\">Marine Le Pen: Jej kursy i jak obstawia\u0107 u bukmacher\u00f3w<\/a>: Challenger wed\u0142ug Unibet<\/li>\n<\/ul>\n\n\n\n<p><\/p>\n\n\n\n<center><script type=\"text\/javascript\" charset=\"utf-8\" src=\"https:\/\/www.gambling-affiliation.com\/cpm\/v=AmIMTDSs92QY6b0MzDMvM5laCjJ-ZlA-1oQ-7tKsi.w_GA7331V2\"><\/script><\/center>\n\n\n\n<h3 class=\"wp-block-heading\"><span id=\"donald-trump-vs-joe-biden-la-video-qui-lance-les-paris-en-ligne-sur-l8217election-politique-de-2024\">Donald Trump kontra Joe Biden: film rozpoczynaj\u0105cy obstawianie zak\u0142ad\u00f3w online na wybory polityczne w 2024 r<\/span><\/h3>\n\n\n\n<figure class=\"wp-block-embed is-type-video is-provider-youtube wp-block-embed-youtube wp-embed-aspect-16-9 wp-has-aspect-ratio\"><div class=\"wp-block-embed__wrapper\">\n<iframe loading=\"lazy\" title=\"By\u0142y prezydent Donald Trump og\u0142asza ofert\u0119 Bia\u0142ego Domu na rok 2024 #Short\" width=\"640\" height=\"360\" src=\"https:\/\/www.youtube.com\/embed\/hZykPRVe4Ag?feature=oembed\" frameborder=\"0\" allow=\"accelerometer; autoplay; clipboard-write; encrypted-media; gyroscope; picture-in-picture; web-share\" allowfullscreen><\/iframe>\n<\/div><\/figure>\n\n\n<div class=\"wp-block-image\">\n<figure class=\"aligncenter size-medium\"><a href=\"https:\/\/parier-presidentielle.com\/pl\/recommends\/unibet\/\" target=\"_blank\" rel=\"noopener\"><img decoding=\"async\" loading=\"lazy\" width=\"300\" height=\"169\" src=\"https:\/\/parier-presidentielle.com\/wp-content\/uploads\/2022\/04\/unibet-300x169.jpg\" alt=\"\" class=\"wp-image-1252\" srcset=\"https:\/\/parier-presidentielle.com\/wp-content\/uploads\/2022\/04\/unibet-300x169.jpg 300w, https:\/\/parier-presidentielle.com\/wp-content\/uploads\/2022\/04\/unibet-1024x576.jpg 1024w, https:\/\/parier-presidentielle.com\/wp-content\/uploads\/2022\/04\/unibet-768x432.jpg 768w, https:\/\/parier-presidentielle.com\/wp-content\/uploads\/2022\/04\/unibet-18x10.jpg 18w, https:\/\/parier-presidentielle.com\/wp-content\/uploads\/2022\/04\/unibet.jpg 1280w\" sizes=\"(max-width: 300px) 100vw, 300px\" \/><\/a><\/figure><\/div>\n\n\n<p>Znajd\u017a Wiki, najwa\u017cniejsze wiadomo\u015bci polityczne na temat konopi indyjskich i ich legalnych pochodnych: <strong>HHC, H4cbd, Thcp, Thcv, HSD, HHCPO, C4B<\/strong><\/p>\n<div id=\"toc_container\" class=\"no_bullets\"><p class=\"toc_title\">Spis tre\u015bci<\/p><ul class=\"toc_list\"><li><\/li><li><\/li><li><\/li><li><ul><li><ul><li><\/li><\/ul><\/li><li><\/li><li><\/li><\/ul><\/li><\/ul><\/div>","protected":false},"excerpt":{"rendered":"<p>Kursy i przewidywania dla kandydata Jean-Luca M\u00e9lenchona: Zak\u0142ady online dotycz\u0105ce polityki i przysz\u0142ego prezydenta Francji w 2022 r. Jean-Luc M\u00e9lenchon (fr. Jean-Luc M\u00e9lenchon, IPA (fr.):; B., Tanger) \u2013 francuska lewica -skrzyd\u0142owy m\u0105\u017c stanu i polityk, dziennikarz. Minister szkolnictwa zawodowego w rz\u0105dzie Lionela Jospina w 2000 r.\u2026<\/p>","protected":false},"author":1,"featured_media":0,"parent":0,"menu_order":0,"comment_status":"closed","ping_status":"closed","template":"page-nosidebar.php","meta":{"footnotes":""},"yoast_head":"<!-- This site is optimized with the Yoast SEO Premium plugin v21.0 (Yoast SEO v21.0) - https:\/\/yoast.com\/wordpress\/plugins\/seo\/ -->\n<title>Parier sur l\u2019\u00e9lection de Jean-Luc M\u00e9lenchon - Finale Coupe du Monde FIFA<\/title>\n<meta name=\"description\" content=\"Pariez sur M\u00e9lenchon pour l&#039;\u00e9lection 2022 : Cliquez Ici et Gagnez Gros! Pronostics ,Comparaison des Bookmakers et des meilleurs Cotes.\" \/>\n<meta name=\"robots\" content=\"index, follow, max-snippet:-1, max-image-preview:large, max-video-preview:-1\" \/>\n<link rel=\"canonical\" href=\"https:\/\/parier-presidentielle.com\/pl\/melenchon-wybory\/\" \/>\n<meta property=\"og:locale\" content=\"pl_PL\" \/>\n<meta property=\"og:type\" content=\"article\" \/>\n<meta property=\"og:title\" content=\"Parier sur l\u2019\u00e9lection de Jean-Luc M\u00e9lenchon\" \/>\n<meta property=\"og:description\" content=\"Pariez sur M\u00e9lenchon pour l&#039;\u00e9lection 2022 : Cliquez Ici et Gagnez Gros! Pronostics ,Comparaison des Bookmakers et des meilleurs Cotes.\" \/>\n<meta property=\"og:url\" content=\"https:\/\/parier-presidentielle.com\/pl\/melenchon-wybory\/\" \/>\n<meta property=\"og:site_name\" content=\"Parier Pr\u00e9sidentielle\" \/>\n<meta property=\"article:modified_time\" content=\"2021-09-14T13:59:08+00:00\" \/>\n<meta name=\"twitter:card\" content=\"summary_large_image\" \/>\n<meta name=\"twitter:label1\" content=\"Szacowany czas czytania\" \/>\n\t<meta name=\"twitter:data1\" content=\"7 minut\" \/>\n<script type=\"application\/ld+json\" class=\"yoast-schema-graph\">{\"@context\":\"https:\/\/schema.org\",\"@graph\":[{\"@type\":\"WebPage\",\"@id\":\"https:\/\/parier-presidentielle.com\/melenchon-election\/\",\"url\":\"https:\/\/parier-presidentielle.com\/melenchon-election\/\",\"name\":\"Parier sur l\u2019\u00e9lection de Jean-Luc M\u00e9lenchon - Finale Coupe du Monde FIFA\",\"isPartOf\":{\"@id\":\"https:\/\/parier-presidentielle.com\/#website\"},\"datePublished\":\"2021-09-14T11:02:49+00:00\",\"dateModified\":\"2021-09-14T13:59:08+00:00\",\"description\":\"Pariez sur M\u00e9lenchon pour l'\u00e9lection 2022 : Cliquez Ici et Gagnez Gros! Pronostics ,Comparaison des Bookmakers et des meilleurs Cotes.\",\"breadcrumb\":{\"@id\":\"https:\/\/parier-presidentielle.com\/melenchon-election\/#breadcrumb\"},\"inLanguage\":\"pl-PL\",\"potentialAction\":[{\"@type\":\"ReadAction\",\"target\":[\"https:\/\/parier-presidentielle.com\/melenchon-election\/\"]}]},{\"@type\":\"BreadcrumbList\",\"@id\":\"https:\/\/parier-presidentielle.com\/melenchon-election\/#breadcrumb\",\"itemListElement\":[{\"@type\":\"ListItem\",\"position\":1,\"name\":\"Accueil\",\"item\":\"https:\/\/parier-presidentielle.com\/\"},{\"@type\":\"ListItem\",\"position\":2,\"name\":\"Parier sur l\u2019\u00e9lection de Jean-Luc M\u00e9lenchon\"}]},{\"@type\":\"WebSite\",\"@id\":\"https:\/\/parier-presidentielle.com\/#website\",\"url\":\"https:\/\/parier-presidentielle.com\/\",\"name\":\"Parier Pr\u00e9sidentielle\",\"description\":\"Paris, Pronostics, Wiki sur la Politique, les Elections Am\u00e9ricaines: Joe Biden, Donald Trump avec les Bookmakers en ligne Unibet, Bwin, Betclic, Winamax\",\"potentialAction\":[{\"@type\":\"SearchAction\",\"target\":{\"@type\":\"EntryPoint\",\"urlTemplate\":\"https:\/\/parier-presidentielle.com\/?s={search_term_string}\"},\"query-input\":\"required name=search_term_string\"}],\"inLanguage\":\"pl-PL\"}]}<\/script>\n<!-- \/ Yoast SEO Premium plugin. -->","yoast_head_json":{"title":"Parier sur l\u2019\u00e9lection de Jean-Luc M\u00e9lenchon - Finale Coupe du Monde FIFA","description":"Pariez sur M\u00e9lenchon pour l'\u00e9lection 2022 : Cliquez Ici et Gagnez Gros! Pronostics ,Comparaison des Bookmakers et des meilleurs Cotes.","robots":{"index":"index","follow":"follow","max-snippet":"max-snippet:-1","max-image-preview":"max-image-preview:large","max-video-preview":"max-video-preview:-1"},"canonical":"https:\/\/parier-presidentielle.com\/pl\/melenchon-wybory\/","og_locale":"pl_PL","og_type":"article","og_title":"Parier sur l\u2019\u00e9lection de Jean-Luc M\u00e9lenchon","og_description":"Pariez sur M\u00e9lenchon pour l'\u00e9lection 2022 : Cliquez Ici et Gagnez Gros! Pronostics ,Comparaison des Bookmakers et des meilleurs Cotes.","og_url":"https:\/\/parier-presidentielle.com\/pl\/melenchon-wybory\/","og_site_name":"Parier Pr\u00e9sidentielle","article_modified_time":"2021-09-14T13:59:08+00:00","twitter_card":"summary_large_image","twitter_misc":{"Szacowany czas czytania":"7 minut"},"schema":{"@context":"https:\/\/schema.org","@graph":[{"@type":"WebPage","@id":"https:\/\/parier-presidentielle.com\/melenchon-election\/","url":"https:\/\/parier-presidentielle.com\/melenchon-election\/","name":"Parier sur l\u2019\u00e9lection de Jean-Luc M\u00e9lenchon - Finale Coupe du Monde FIFA","isPartOf":{"@id":"https:\/\/parier-presidentielle.com\/#website"},"datePublished":"2021-09-14T11:02:49+00:00","dateModified":"2021-09-14T13:59:08+00:00","description":"Pariez sur M\u00e9lenchon pour l'\u00e9lection 2022 : Cliquez Ici et Gagnez Gros! Pronostics ,Comparaison des Bookmakers et des meilleurs Cotes.","breadcrumb":{"@id":"https:\/\/parier-presidentielle.com\/melenchon-election\/#breadcrumb"},"inLanguage":"pl-PL","potentialAction":[{"@type":"ReadAction","target":["https:\/\/parier-presidentielle.com\/melenchon-election\/"]}]},{"@type":"BreadcrumbList","@id":"https:\/\/parier-presidentielle.com\/melenchon-election\/#breadcrumb","itemListElement":[{"@type":"ListItem","position":1,"name":"Accueil","item":"https:\/\/parier-presidentielle.com\/"},{"@type":"ListItem","position":2,"name":"Parier sur l\u2019\u00e9lection de Jean-Luc M\u00e9lenchon"}]},{"@type":"WebSite","@id":"https:\/\/parier-presidentielle.com\/#website","url":"https:\/\/parier-presidentielle.com\/","name":"Parier Pr\u00e9sidentielle","description":"Paris, Pronostics, Wiki sur la Politique, les Elections Am\u00e9ricaines: Joe Biden, Donald Trump avec les Bookmakers en ligne Unibet, Bwin, Betclic, Winamax","potentialAction":[{"@type":"SearchAction","target":{"@type":"EntryPoint","urlTemplate":"https:\/\/parier-presidentielle.com\/?s={search_term_string}"},"query-input":"required name=search_term_string"}],"inLanguage":"pl-PL"}]}},"_links":{"self":[{"href":"https:\/\/parier-presidentielle.com\/pl\/wp-json\/wp\/v2\/pages\/212"}],"collection":[{"href":"https:\/\/parier-presidentielle.com\/pl\/wp-json\/wp\/v2\/pages"}],"about":[{"href":"https:\/\/parier-presidentielle.com\/pl\/wp-json\/wp\/v2\/types\/page"}],"author":[{"embeddable":true,"href":"https:\/\/parier-presidentielle.com\/pl\/wp-json\/wp\/v2\/users\/1"}],"replies":[{"embeddable":true,"href":"https:\/\/parier-presidentielle.com\/pl\/wp-json\/wp\/v2\/comments?post=212"}],"version-history":[{"count":4,"href":"https:\/\/parier-presidentielle.com\/pl\/wp-json\/wp\/v2\/pages\/212\/revisions"}],"predecessor-version":[{"id":234,"href":"https:\/\/parier-presidentielle.com\/pl\/wp-json\/wp\/v2\/pages\/212\/revisions\/234"}],"wp:attachment":[{"href":"https:\/\/parier-presidentielle.com\/pl\/wp-json\/wp\/v2\/media?parent=212"}],"curies":[{"name":"wp","href":"https:\/\/api.w.org\/{rel}","templated":true}]}}