{"id":235,"date":"2021-09-14T16:33:07","date_gmt":"2021-09-14T14:33:07","guid":{"rendered":"https:\/\/parier-presidentielle.com\/?page_id=235"},"modified":"2022-12-16T18:12:01","modified_gmt":"2022-12-16T17:12:01","slug":"betclic-presidentielle-2022","status":"publish","type":"page","link":"https:\/\/parier-presidentielle.com\/pl\/betclic-prezydencki-2022\/","title":{"rendered":"Betclic: Postaw na wybory prezydenckie 2022"},"content":{"rendered":"<div class=\"wp-block-columns is-layout-flex wp-container-4 wp-block-columns-is-layout-flex\">\n<div class=\"wp-block-column is-layout-flow wp-block-column-is-layout-flow\" style=\"flex-basis:100%\">\n<div class=\"wp-block-columns is-layout-flex wp-container-2 wp-block-columns-is-layout-flex\">\n<div class=\"wp-block-column is-layout-flow wp-block-column-is-layout-flow\" style=\"flex-basis:100%\">\n<center><script type=\"text\/javascript\" charset=\"utf-8\" src=\"https:\/\/www.gambling-affiliation.com\/cpm\/v=AmIMTDSs92QY6b0MzDMvM5laCjJ-ZlA-1oQ-7tKsi.w_GA7331V2\"><\/script><\/center>\n\n\n\n<p><\/p>\n\n\n\n<div class=\"wp-block-image is-style-default\"><figure class=\"aligncenter size-medium\"><a href=\"https:\/\/parier-presidentielle.com\/pl\/recommends\/unibet-logo\/\" target=\"_blank\" rel=\"no follow noopener\"><img decoding=\"async\" loading=\"lazy\" width=\"300\" height=\"169\" src=\"https:\/\/parier-presidentielle.com\/wp-content\/uploads\/2022\/04\/unibet-300x169.jpg\" alt=\"\" class=\"wp-image-1252\" srcset=\"https:\/\/parier-presidentielle.com\/wp-content\/uploads\/2022\/04\/unibet-300x169.jpg 300w, https:\/\/parier-presidentielle.com\/wp-content\/uploads\/2022\/04\/unibet-1024x576.jpg 1024w, https:\/\/parier-presidentielle.com\/wp-content\/uploads\/2022\/04\/unibet-768x432.jpg 768w, https:\/\/parier-presidentielle.com\/wp-content\/uploads\/2022\/04\/unibet-18x10.jpg 18w, https:\/\/parier-presidentielle.com\/wp-content\/uploads\/2022\/04\/unibet.jpg 1280w\" sizes=\"(max-width: 300px) 100vw, 300px\" \/><\/a><\/figure><\/div>\n<\/div>\n<\/div>\n<\/div>\n<\/div>\n\n\n\n<h2 class=\"wp-block-heading\" id=\"le-meilleur-bookmaker-de-france-betclic\"><span id=\"le-bookmaker-betclic-et-la-politique-francaise\">Bukmacher Betclic i francuska polityka!?<\/span><\/h2>\n\n\n\n<h3 class=\"wp-block-heading\" id=\"parier-sur-l-election-presidentielle-2022-c-est-possible-avec-un-seul-site-de-paris-en-ligne-en-france-et-ca-tombe-car-c-est-aussi-le-meilleur-et-le-plus-sur-betclic\"><span id=\"parier-sur-l8217election-presidentielle-2022-n8217est-plus-possible-avec-le-site-de-paris-betclic-en-france-mais-seulement-avec-unibet\">Obstawianie wybor\u00f3w prezydenckich 2022 nie jest ju\u017c mo\u017cliwe w serwisie bukmacherskim Betclic we Francji, a jedynie w Unibecie!<\/span><\/h3>\n\n\n\n<p><strong>Betclic <\/strong>niestety nie oferuje ju\u017c Pary\u017ca na temat polityki francuskiej, ale na szcz\u0119\u015bcie nadal mo\u017cna obstawia\u0107 zak\u0142ady u innych bukmacher\u00f3w ni\u017c Betclic: <strong>Unibet<\/strong>! Dlatego zesp\u00f3\u0142 Parier-Pr\u00e9sidentielle poleca lidera rynku, kt\u00f3ry oferuje bonus i jeszcze ciekawsze kursy: <\/p>\n\n\n\n<p class=\"has-text-align-center unibet has-medium-font-size\"><a href=\"https:\/\/parier-presidentielle.com\/pl\/recommends\/unibet-text-betclic\/\"><strong>Bonus 150 \u20ac oferowany w Unibet dla Twojego pierwszego Pary\u017ca: Kliknij tutaj<\/strong><\/a><\/p>\n\n\n\n<p> Znajd\u017a nasze poradniki i prognozy bukmachera w naszych specjalnych plikach: <\/p>\n\n\n\n<ul>\n<li><strong><a href=\"https:\/\/parier-presidentielle.com\/pl\/unibet-policy-wybory-2022\/\">Unibet: Przewodnik bukmachera po prezydenckim 2022<\/a><\/strong><\/li>\n\n\n\n<li><a href=\"https:\/\/parier-presidentielle.com\/pl\/bukmacherzy-macron-le-pen\/\"><strong>Przewodnik i prognozy dla zak\u0142ad\u00f3w na drug\u0105 rund\u0119 Macron \u2013 Le Pen<\/strong><\/a><\/li>\n<\/ul>\n\n\n\n<p>Betclic: W obliczu Bwin i Unibet<\/p>\n\n\n\n<p>Zak\u0142ady na polityk\u0119 nie tylko urozmaic\u0105 Twoje wybory, ale tak\u017ce mog\u0105 Ci du\u017co zap\u0142aci\u0107! Tak wi\u0119c na tej stronie znajdziesz wszystkie informacje, jak postawi\u0107 sw\u00f3j pierwszy zak\u0142ad, z francuskim odno\u015bnikiem w grach online, bukmacherem Betclic. A tak\u017ce wszystkie szanse i nasze prognozy na te wybory w 2022 roku.<\/p>\n\n\n\n<p class=\"has-text-align-center\"><strong>Dlatego te\u017c informacje, kursy i porady zawarte poni\u017cej s\u0105 ju\u017c nieaktualne i dost\u0119pne jedynie w formie archiwum, je\u015bli chcesz obstawia\u0107 drug\u0105 rund\u0119: zwr\u00f3\u0107 si\u0119 do lidera <a href=\"https:\/\/parier-presidentielle.com\/pl\/unibet-policy-wybory-2022\/\">Pary\u017c przed wyborami w Unibecie<\/a><\/strong><\/p>\n\n\n\n<p><\/p>\n\n\n\n<p><\/p>\n\n\n\n<p><\/p>\n\n\n\n<p><\/p>\n\n\n\n<p class=\"has-text-align-center\">Archiwa <\/p>\n\n\n\n<h2 class=\"wp-block-heading\" id=\"les-cotes-des-candidats-du-bookmaker-sur-betclic\"><span id=\"les-cotes-des-candidats-du-bookmaker-sur-betclic\">Kursy kandydat\u00f3w bukmachera na Betclic <\/span><\/h2>\n\n\n\n<p>Zacznijmy od przyjrzenia si\u0119 ocenom r\u00f3\u017cnych postaci politycznych: <\/p>\n\n\n\n<ul>\n<li>Emmanuel Macron <strong>1,58<\/strong><\/li>\n\n\n\n<li>Marine Le Pen <strong>4,00<\/strong><\/li>\n\n\n\n<li>Jean-Luc Melenchon <strong>15<\/strong><\/li>\n\n\n\n<li>Edward Filip <strong>17<\/strong><\/li>\n\n\n\n<li>Xavier-Bertrand <strong>17<\/strong><\/li>\n\n\n\n<li>Anna Hidalgo <strong>22<\/strong><\/li>\n\n\n\n<li>Laurent Wauquiez <strong>25<\/strong><\/li>\n\n\n\n<li>Nicolas Sarkozy <strong>25<\/strong><\/li>\n\n\n\n<li>Francois Barouin <strong>28<\/strong><\/li>\n\n\n\n<li>Nicolas Dupont-Aignan <strong>30<\/strong><\/li>\n\n\n\n<li>Bernard Cazeneuve <strong>65<\/strong><\/li>\n\n\n\n<li>Benoit Hamon <strong>65<\/strong><\/li>\n\n\n\n<li>John Lassalle <strong>100<\/strong><\/li>\n\n\n\n<li>Fran\u00e7ois Hollande <strong>100<\/strong><\/li>\n<\/ul>\n\n\n<div class=\"wp-block-image\">\n<figure class=\"aligncenter size-large is-resized\"><img decoding=\"async\" loading=\"lazy\" src=\"https:\/\/parier-presidentielle.com\/wp-content\/uploads\/2021\/09\/image-4-1024x872.png\" alt=\"Szanse kandydat\u00f3w na bukmachera Betclic w wyborach prezydenckich 2022\" class=\"wp-image-329\" width=\"768\" height=\"654\" srcset=\"https:\/\/parier-presidentielle.com\/wp-content\/uploads\/2021\/09\/image-4-1024x872.png 1024w, https:\/\/parier-presidentielle.com\/wp-content\/uploads\/2021\/09\/image-4-300x255.png 300w, https:\/\/parier-presidentielle.com\/wp-content\/uploads\/2021\/09\/image-4-768x654.png 768w, https:\/\/parier-presidentielle.com\/wp-content\/uploads\/2021\/09\/image-4.png 1118w\" sizes=\"(max-width: 768px) 100vw, 768px\" \/><\/figure><\/div>\n\n\n<h2 class=\"wp-block-heading\" id=\"l-analyse-des-cotes-de-betclic\"><span id=\"l8217analyse-des-cotes-de-betclic\">Analiza kurs\u00f3w Betclic<\/span><\/h2>\n\n\n\n<p>Ocena Emmanuela Macrona wynosi <strong>1,58<\/strong> przeciwko Marine Le Pen <strong>4,00<\/strong>, Na pierwszy rzut oka obstawianie na kandydata Rassemblement National mo\u017ce wydawa\u0107 si\u0119 interesuj\u0105ce, bo szanse s\u0105 wi\u0119ksze, ale trzeba liczy\u0107 si\u0119 z tym, \u017ce pomimo lat czy to ojca, czy c\u00f3rki zawsze tracili i \u017ce niezale\u017cnie od kandydata prawo lub \u015brodek...<br>Wszystkie instytuty wyborcze podaj\u0105 aktualnego prezydenta w drugiej turze i zwyci\u0119zc\u0119 fina\u0142u. <\/p>\n\n\n\n<p>w konsekwencji <a href=\"https:\/\/parier-presidentielle.com\/pl\/macron-elekcja\/\">obstawiajcie zwyci\u0119stwo Emmanuela Macrona<\/a> w wyborach prezydenckich to najlepszy wyb\u00f3r! Obstawiaj\u0105c zak\u0142ady u bukmachera Betclic, zyskujesz tak\u017ce specjaln\u0105 ofert\u0119 bonusow\u0105 w wysoko\u015bci 100 \u20ac, ale tylko na sport, dlatego polecamy Bwin i Unibet!<\/p>\n\n\n\n<p><br><br><\/p>\n\n\n\n<h2 class=\"wp-block-heading\" id=\"betclic-origine-et-paris-politique\"><span id=\"betclic-origine-et-paris-politique\">Betclic: Pochodzenie i zak\u0142ady polityczne<\/span><\/h2>\n\n\n\n<p>Betclic to francuska firma zajmuj\u0105ca si\u0119 hazardem online. Za\u0142o\u017cona w Londynie w 2005 roku, z siedzib\u0105 na Malcie, zarz\u0105d znajduje si\u0119 w Bordeaux. Na rynku francuskim firma posiada licencje na obstawianie zak\u0142ad\u00f3w sportowych, wy\u015bcig\u00f3w i pokera online.<br><\/p>\n\n\n\n<p>Historia Betclic<br><strong>Betclic <\/strong>zosta\u0142a za\u0142o\u017cona w Londynie przez Nicolasa Bero w 2005 roku z jednym pracownikiem i inwestycj\u0105 o warto\u015bci 3 milion\u00f3w euro. W 2008 roku Mangas Gaming kupi\u0142 od w\u0142a\u015bciciela 75 udzia\u0142\u00f3w % w Betclic za 50 milion\u00f3w euro, a w 2009 roku SBM naby\u0142 50 udzia\u0142\u00f3w % w sp\u00f3\u0142ce. W 2010 roku og\u0142oszono, \u017ce Betclic posiada\u0142 od 35 do 40% rynku francuskiego i by\u0142 najwi\u0119kszym bukmacherem w kraju. Podczas Euro 2012 Betclic przyj\u0105\u0142 2 miliony zak\u0142ad\u00f3w na zawody sportowe, zarabiaj\u0105c 12 milion\u00f3w euro. 31 maja 2016 r. Betclic po\u0142\u0105czy\u0142 si\u0119 z firm\u0105 pokerow\u0105 online Everest Poker. W pa\u017adzierniku 2016 roku przenie\u015bli swoje biura z Londynu i Pary\u017ca do Bordeaux. We wrze\u015bniu 2018 roku Betclic uzyska\u0142 licencj\u0119 na dzia\u0142alno\u015b\u0107 w Polsce.<\/p>\n\n\n\n<h2 class=\"wp-block-heading\" id=\"partenariat-et-legitimite-pour-parier-en-2022\"><span id=\"partenariat-et-legitimite-pour-parier-en-2022\">Partnerstwo i zasadno\u015b\u0107 obstawiania w 2022 r.<\/span><\/h2>\n\n\n\n<p>Pierwszym sponsorem sportowym Betclic by\u0142 Olympique Lyonnais w 2009 roku, kt\u00f3ry reklamowa\u0142 firm\u0119 na koszulkach na sezon 2010-11. W latach 2010\u20132012 firma Betclic sponsorowa\u0142a odzie\u017c takich dru\u017cyn jak Olympique Marsylia i Juventus. Podobnie w 2018 roku og\u0142oszono partnerstwo z klubem rugby Bordeaux Beggle Rugby Club. Dzi\u0119ki nowej licencji na prac\u0119 w Polsce uzyskanej w 2018 roku Betclic podpisa\u0142 latem 2019 roku umowy sponsorskie z mistrzami Polski w pi\u0142ce no\u017cnej Piastem i klubem zdobywc\u00f3w Pucharu Polski Lechi\u0105. Je\u015bli wi\u0119c Betclic jest wiod\u0105cym bukmacherem w zakresie zak\u0142ad\u00f3w sportowych, to niestety nie ma w swojej ofercie oferty na wybory prezydenckie w 2022 r. <a href=\"https:\/\/parier-presidentielle.com\/pl\/\">postaw na Macrona lub Lepen <\/a>konieczne b\u0119dzie zdanie Bwin lub Unibet!<\/p>\n\n\n\n<p><\/p>\n\n\n\n<p class=\"has-text-align-center unibet\" style=\"font-size:25px\"><mark style=\"background-color:rgba(0, 0, 0, 0);color:#0d7a12\" class=\"has-inline-color\"><strong><a href=\"https:\/\/parier-presidentielle.com\/pl\/recommends\/unibet\/\">Bonus 150 \u20ac oferowany w Unibet<br>Tw\u00f3j pierwszy zak\u0142ad polityczny lub sportowy: Kliknij tutaj<\/a><\/strong><\/mark><\/p>\n\n\n\n<p><\/p>\n\n\n<div class=\"wp-block-image\">\n<figure class=\"aligncenter is-resized wp-duotone-000097-ff4747-5\"><img decoding=\"async\" loading=\"lazy\" src=\"https:\/\/parier-presidentielle.com\/wp-content\/uploads\/2021\/09\/election-standard-scale-4_00x-gigapixel-1024x623.jpg\" alt=\"Wybory 2022\" style=\"width:256px;height:156px\" width=\"256\" height=\"156\"\/><\/figure><\/div>\n\n\n<p><br><\/p>\n\n\n\n<p><strong>Parier-presidentielle pomaga dokona\u0107 wyboru mi\u0119dzy r\u00f3\u017cnymi<a href=\"https:\/\/parier-presidentielle.com\/pl\/\"> Bukmacherzy Bwin, Unibet, Betclic obstawiaj\u0105 przysz\u0142ego ameryka\u0144skiego prezydenta w 2024 roku<\/a> : <\/strong><br><a href=\"https:\/\/parier-presidentielle.com\/pl\/unibet-policy-wybory-2022\/\">Bukmacher Prezydencki Unibet<\/a> : Szczeg\u00f3\u0142owy i bezp\u0142atny przewodnik, jak postawi\u0107 sw\u00f3j pierwszy zak\u0142ad online ze wszystkimi kursami i jak skorzysta\u0107 z oferowanego bonusu!<\/p>\n\n\n\n<p>Podobnie jak inne strony z zak\u0142adami online: <a href=\"https:\/\/parier-presidentielle.com\/pl\/unibet-policy-wybory-2022\/\">Bwin<\/a>, <a href=\"https:\/\/parier-presidentielle.com\/pl\/netbet-paris-politics-wybory-2022\/\">NetBet<\/a>, <a href=\"https:\/\/parier-presidentielle.com\/pl\/betclic-prezydencki-2022\/\">Betclic<\/a>, <a href=\"https:\/\/parier-presidentielle.com\/pl\/winmax-policy-wybory-2022\/\">Winamax<\/a>, Parions Sport, Zebet, Betway, Francja-Pari, Vbet, Cloudbet, 1Xbit, 1xbet, Betfair, Betwinner\u2026<\/p>\n\n\n\n<div class=\"wp-block-columns is-layout-flex wp-container-10 wp-block-columns-is-layout-flex\">\n<div class=\"wp-block-column is-layout-flow wp-block-column-is-layout-flow\" style=\"flex-basis:33.33%\">\n<p>W\u0142a\u015bnie przeczyta\u0142e\u015b nasz plik:<\/p>\n<\/div>\n\n\n\n<div class=\"wp-block-column is-layout-flow wp-block-column-is-layout-flow\" style=\"flex-basis:33.33%\">\n<div class=\"wp-block-group is-layout-flow wp-block-group-is-layout-flow\"><div class=\"wp-block-group__inner-container\"><h4 class=\"has-text-align-center wp-block-post-title\"><span id=\"betclic-parier-sur-lelection-presidentielle-2022\"><a href=\"https:\/\/parier-presidentielle.com\/pl\/betclic-prezydencki-2022\/\" target=\"_self\" >Betclic: Postaw na wybory prezydenckie 2022<\/a><\/span><\/h4><\/div><\/div>\n<\/div>\n\n\n\n<div class=\"wp-block-column is-layout-flow wp-block-column-is-layout-flow\" style=\"flex-basis:33.33%\">\n<p class=\"has-text-align-right\">Czytaj dalej z naszymi innymi ekskluzywnymi plikami,<\/p>\n<\/div>\n<\/div>\n\n\n\n<h3 class=\"wp-block-heading\" id=\"tous-les-pronostics-sondage-et-cotes-pour-parier-sur-le-futur-vainqueur-de-l-election-presidentielle-2022\"><span id=\"tous-les-pronostics-sondage-et-cotes-pour-parier-sur-le-futur-vainqueur-de-l8217election-presidentielle-2024\">Wszystkie prognozy, ankiety i kursy, kt\u00f3re mo\u017cna obstawi\u0107 na przysz\u0142ego zwyci\u0119zc\u0119 wybor\u00f3w prezydenckich w 2024 r.:<\/span><\/h3>\n\n\n\n<ul>\n<li><a href=\"https:\/\/parier-presidentielle.com\/pl\/macron-elekcja\/\">Postaw na Emmanuela Macrona z Unibet, Betclic, Bwin<\/a> : ulubieniec sonda\u017cy i prognoz <\/li>\n\n\n\n<li><a href=\"https:\/\/parier-presidentielle.com\/pl\/marine-le-pen-wybory\/\">Marine Le Pen: Jej kursy i jak obstawia\u0107 u bukmacher\u00f3w<\/a>: Challenger wed\u0142ug Unibet<\/li>\n<\/ul>\n\n\n\n<p><\/p>\n\n\n\n<center><script type=\"text\/javascript\" charset=\"utf-8\" src=\"https:\/\/www.gambling-affiliation.com\/cpm\/v=AmIMTDSs92QY6b0MzDMvM5laCjJ-ZlA-1oQ-7tKsi.w_GA7331V2\"><\/script><\/center>\n\n\n\n<h3 class=\"wp-block-heading\"><span id=\"donald-trump-vs-joe-biden-la-video-qui-lance-les-paris-en-ligne-sur-l8217election-politique-de-2024\">Donald Trump kontra Joe Biden: film rozpoczynaj\u0105cy obstawianie zak\u0142ad\u00f3w online na wybory polityczne w 2024 r<\/span><\/h3>\n\n\n\n<figure class=\"wp-block-embed is-type-video is-provider-youtube wp-block-embed-youtube wp-embed-aspect-16-9 wp-has-aspect-ratio\"><div class=\"wp-block-embed__wrapper\">\n<iframe loading=\"lazy\" title=\"By\u0142y prezydent Donald Trump og\u0142asza ofert\u0119 Bia\u0142ego Domu na rok 2024 #Short\" width=\"640\" height=\"360\" src=\"https:\/\/www.youtube.com\/embed\/hZykPRVe4Ag?feature=oembed\" frameborder=\"0\" allow=\"accelerometer; autoplay; clipboard-write; encrypted-media; gyroscope; picture-in-picture; web-share\" allowfullscreen><\/iframe>\n<\/div><\/figure>\n\n\n<div class=\"wp-block-image\">\n<figure class=\"aligncenter size-medium\"><a href=\"https:\/\/parier-presidentielle.com\/pl\/recommends\/unibet\/\" target=\"_blank\" rel=\"noopener\"><img decoding=\"async\" loading=\"lazy\" width=\"300\" height=\"169\" src=\"https:\/\/parier-presidentielle.com\/wp-content\/uploads\/2022\/04\/unibet-300x169.jpg\" alt=\"\" class=\"wp-image-1252\" srcset=\"https:\/\/parier-presidentielle.com\/wp-content\/uploads\/2022\/04\/unibet-300x169.jpg 300w, https:\/\/parier-presidentielle.com\/wp-content\/uploads\/2022\/04\/unibet-1024x576.jpg 1024w, https:\/\/parier-presidentielle.com\/wp-content\/uploads\/2022\/04\/unibet-768x432.jpg 768w, https:\/\/parier-presidentielle.com\/wp-content\/uploads\/2022\/04\/unibet-18x10.jpg 18w, https:\/\/parier-presidentielle.com\/wp-content\/uploads\/2022\/04\/unibet.jpg 1280w\" sizes=\"(max-width: 300px) 100vw, 300px\" \/><\/a><\/figure><\/div>\n\n\n<p>Znajd\u017a Wiki, najwa\u017cniejsze wiadomo\u015bci polityczne na temat konopi indyjskich i ich legalnych pochodnych: <strong>HHC, H4cbd, Thcp, Thcv, HSD, HHCPO, C4B<\/strong><\/p>\n\n\n\n<p>s\u0142owa kluczowe strony: Betclick, Bet click, kursy, prognozy<\/p>\n<div id=\"toc_container\" class=\"no_bullets\"><p class=\"toc_title\">Spis tre\u015bci<\/p><ul class=\"toc_list\"><li><ul><li><\/li><\/ul><\/li><li><\/li><li><\/li><li><\/li><li><ul><li><ul><li><\/li><\/ul><\/li><li><\/li><li><\/li><\/ul><\/li><\/ul><\/div>","protected":false},"excerpt":{"rendered":"<p>Bukmacher Betclic i francuska polityka!? Obstawianie wybor\u00f3w prezydenckich 2022 nie jest ju\u017c mo\u017cliwe w serwisie bukmacherskim Betclic we Francji, a jedynie w Unibecie! Betclic niestety nie oferuje ju\u017c Pary\u017ca na temat polityki francuskiej, ale na szcz\u0119\u015bcie nadal mo\u017cna obstawia\u0107 zak\u0142ady u innego bukmachera ni\u017c Betclic: Unibet! Zatem zesp\u00f3\u0142...<\/p>","protected":false},"author":1,"featured_media":0,"parent":0,"menu_order":0,"comment_status":"closed","ping_status":"closed","template":"page-nosidebar.php","meta":{"footnotes":""},"yoast_head":"<!-- This site is optimized with the Yoast SEO Premium plugin v21.0 (Yoast SEO v21.0) - https:\/\/yoast.com\/wordpress\/plugins\/seo\/ -->\n<title>Betclic : Parier sur l\u2019\u00e9lection Pr\u00e9sidentielle 2022 - Finale Coupe du Monde FIFA<\/title>\n<meta name=\"description\" content=\"Parier avec Betclic 100\u20ac offert pour votre 1er Pari sur la Politique, le Sport! Guide du Bookmaker pour profiter du Bonus de bienvenue...\" \/>\n<meta name=\"robots\" content=\"index, follow, max-snippet:-1, max-image-preview:large, max-video-preview:-1\" \/>\n<link rel=\"canonical\" href=\"https:\/\/parier-presidentielle.com\/pl\/betclic-prezydencki-2022\/\" \/>\n<meta property=\"og:locale\" content=\"pl_PL\" \/>\n<meta property=\"og:type\" content=\"article\" \/>\n<meta property=\"og:title\" content=\"Betclic : Parier sur l\u2019\u00e9lection Pr\u00e9sidentielle 2022\" \/>\n<meta property=\"og:description\" content=\"Parier avec Betclic 100\u20ac offert pour votre 1er Pari sur la Politique, le Sport! Guide du Bookmaker pour profiter du Bonus de bienvenue...\" \/>\n<meta property=\"og:url\" content=\"https:\/\/parier-presidentielle.com\/pl\/betclic-prezydencki-2022\/\" \/>\n<meta property=\"og:site_name\" content=\"Parier Pr\u00e9sidentielle\" \/>\n<meta property=\"article:modified_time\" content=\"2022-12-16T17:12:01+00:00\" \/>\n<meta property=\"og:image\" content=\"https:\/\/parier-presidentielle.com\/wp-content\/uploads\/2021\/09\/image-4-1024x872.png\" \/>\n<meta name=\"twitter:card\" content=\"summary_large_image\" \/>\n<meta name=\"twitter:label1\" content=\"Szacowany czas czytania\" \/>\n\t<meta name=\"twitter:data1\" content=\"5 minut\" \/>\n<script type=\"application\/ld+json\" class=\"yoast-schema-graph\">{\"@context\":\"https:\/\/schema.org\",\"@graph\":[{\"@type\":\"WebPage\",\"@id\":\"https:\/\/parier-presidentielle.com\/betclic-presidentielle-2022\/\",\"url\":\"https:\/\/parier-presidentielle.com\/betclic-presidentielle-2022\/\",\"name\":\"Betclic : Parier sur l\u2019\u00e9lection Pr\u00e9sidentielle 2022 - Finale Coupe du Monde FIFA\",\"isPartOf\":{\"@id\":\"https:\/\/parier-presidentielle.com\/#website\"},\"datePublished\":\"2021-09-14T14:33:07+00:00\",\"dateModified\":\"2022-12-16T17:12:01+00:00\",\"description\":\"Parier avec Betclic 100\u20ac offert pour votre 1er Pari sur la Politique, le Sport! Guide du Bookmaker pour profiter du Bonus de bienvenue...\",\"breadcrumb\":{\"@id\":\"https:\/\/parier-presidentielle.com\/betclic-presidentielle-2022\/#breadcrumb\"},\"inLanguage\":\"pl-PL\",\"potentialAction\":[{\"@type\":\"ReadAction\",\"target\":[\"https:\/\/parier-presidentielle.com\/betclic-presidentielle-2022\/\"]}]},{\"@type\":\"BreadcrumbList\",\"@id\":\"https:\/\/parier-presidentielle.com\/betclic-presidentielle-2022\/#breadcrumb\",\"itemListElement\":[{\"@type\":\"ListItem\",\"position\":1,\"name\":\"Accueil\",\"item\":\"https:\/\/parier-presidentielle.com\/\"},{\"@type\":\"ListItem\",\"position\":2,\"name\":\"Betclic : Parier sur l\u2019\u00e9lection Pr\u00e9sidentielle 2022\"}]},{\"@type\":\"WebSite\",\"@id\":\"https:\/\/parier-presidentielle.com\/#website\",\"url\":\"https:\/\/parier-presidentielle.com\/\",\"name\":\"Parier Pr\u00e9sidentielle\",\"description\":\"Paris, Pronostics, Wiki sur la Politique, les Elections Am\u00e9ricaines: Joe Biden, Donald Trump avec les Bookmakers en ligne Unibet, Bwin, Betclic, Winamax\",\"potentialAction\":[{\"@type\":\"SearchAction\",\"target\":{\"@type\":\"EntryPoint\",\"urlTemplate\":\"https:\/\/parier-presidentielle.com\/?s={search_term_string}\"},\"query-input\":\"required name=search_term_string\"}],\"inLanguage\":\"pl-PL\"}]}<\/script>\n<!-- \/ Yoast SEO Premium plugin. -->","yoast_head_json":{"title":"Betclic : Parier sur l\u2019\u00e9lection Pr\u00e9sidentielle 2022 - Finale Coupe du Monde FIFA","description":"Parier avec Betclic 100\u20ac offert pour votre 1er Pari sur la Politique, le Sport! Guide du Bookmaker pour profiter du Bonus de bienvenue...","robots":{"index":"index","follow":"follow","max-snippet":"max-snippet:-1","max-image-preview":"max-image-preview:large","max-video-preview":"max-video-preview:-1"},"canonical":"https:\/\/parier-presidentielle.com\/pl\/betclic-prezydencki-2022\/","og_locale":"pl_PL","og_type":"article","og_title":"Betclic : Parier sur l\u2019\u00e9lection Pr\u00e9sidentielle 2022","og_description":"Parier avec Betclic 100\u20ac offert pour votre 1er Pari sur la Politique, le Sport! Guide du Bookmaker pour profiter du Bonus de bienvenue...","og_url":"https:\/\/parier-presidentielle.com\/pl\/betclic-prezydencki-2022\/","og_site_name":"Parier Pr\u00e9sidentielle","article_modified_time":"2022-12-16T17:12:01+00:00","og_image":[{"url":"https:\/\/parier-presidentielle.com\/wp-content\/uploads\/2021\/09\/image-4-1024x872.png"}],"twitter_card":"summary_large_image","twitter_misc":{"Szacowany czas czytania":"5 minut"},"schema":{"@context":"https:\/\/schema.org","@graph":[{"@type":"WebPage","@id":"https:\/\/parier-presidentielle.com\/betclic-presidentielle-2022\/","url":"https:\/\/parier-presidentielle.com\/betclic-presidentielle-2022\/","name":"Betclic : Parier sur l\u2019\u00e9lection Pr\u00e9sidentielle 2022 - Finale Coupe du Monde FIFA","isPartOf":{"@id":"https:\/\/parier-presidentielle.com\/#website"},"datePublished":"2021-09-14T14:33:07+00:00","dateModified":"2022-12-16T17:12:01+00:00","description":"Parier avec Betclic 100\u20ac offert pour votre 1er Pari sur la Politique, le Sport! Guide du Bookmaker pour profiter du Bonus de bienvenue...","breadcrumb":{"@id":"https:\/\/parier-presidentielle.com\/betclic-presidentielle-2022\/#breadcrumb"},"inLanguage":"pl-PL","potentialAction":[{"@type":"ReadAction","target":["https:\/\/parier-presidentielle.com\/betclic-presidentielle-2022\/"]}]},{"@type":"BreadcrumbList","@id":"https:\/\/parier-presidentielle.com\/betclic-presidentielle-2022\/#breadcrumb","itemListElement":[{"@type":"ListItem","position":1,"name":"Accueil","item":"https:\/\/parier-presidentielle.com\/"},{"@type":"ListItem","position":2,"name":"Betclic : Parier sur l\u2019\u00e9lection Pr\u00e9sidentielle 2022"}]},{"@type":"WebSite","@id":"https:\/\/parier-presidentielle.com\/#website","url":"https:\/\/parier-presidentielle.com\/","name":"Parier Pr\u00e9sidentielle","description":"Paris, Pronostics, Wiki sur la Politique, les Elections Am\u00e9ricaines: Joe Biden, Donald Trump avec les Bookmakers en ligne Unibet, Bwin, Betclic, Winamax","potentialAction":[{"@type":"SearchAction","target":{"@type":"EntryPoint","urlTemplate":"https:\/\/parier-presidentielle.com\/?s={search_term_string}"},"query-input":"required name=search_term_string"}],"inLanguage":"pl-PL"}]}},"_links":{"self":[{"href":"https:\/\/parier-presidentielle.com\/pl\/wp-json\/wp\/v2\/pages\/235"}],"collection":[{"href":"https:\/\/parier-presidentielle.com\/pl\/wp-json\/wp\/v2\/pages"}],"about":[{"href":"https:\/\/parier-presidentielle.com\/pl\/wp-json\/wp\/v2\/types\/page"}],"author":[{"embeddable":true,"href":"https:\/\/parier-presidentielle.com\/pl\/wp-json\/wp\/v2\/users\/1"}],"replies":[{"embeddable":true,"href":"https:\/\/parier-presidentielle.com\/pl\/wp-json\/wp\/v2\/comments?post=235"}],"version-history":[{"count":39,"href":"https:\/\/parier-presidentielle.com\/pl\/wp-json\/wp\/v2\/pages\/235\/revisions"}],"predecessor-version":[{"id":1825,"href":"https:\/\/parier-presidentielle.com\/pl\/wp-json\/wp\/v2\/pages\/235\/revisions\/1825"}],"wp:attachment":[{"href":"https:\/\/parier-presidentielle.com\/pl\/wp-json\/wp\/v2\/media?parent=235"}],"curies":[{"name":"wp","href":"https:\/\/api.w.org\/{rel}","templated":true}]}}