{"id":24,"date":"2021-08-31T11:54:03","date_gmt":"2021-08-31T09:54:03","guid":{"rendered":"http:\/\/parier-presidentielle.com\/?page_id=24"},"modified":"2023-09-12T23:05:44","modified_gmt":"2023-09-12T21:05:44","slug":"parier-sur-lelection-presidentielle-de-2022-politique-paris","status":"publish","type":"page","link":"https:\/\/parier-presidentielle.com\/pl\/","title":{"rendered":"Obstawiaj polityk\u0119 i wybory u najlepszych bukmacher\u00f3w: Unibet, Bwin"},"content":{"rendered":"<div class=\"wp-block-group is-layout-flow wp-block-group-is-layout-flow\"><div class=\"wp-block-group__inner-container\">\n<div class=\"wp-block-columns is-layout-flex wp-container-3 wp-block-columns-is-layout-flex\">\n<div class=\"wp-block-column is-layout-flow wp-block-column-is-layout-flow\" style=\"flex-basis:100%\">\n<div class=\"wp-block-group alignwide is-layout-flow wp-block-group-is-layout-flow\"><div class=\"wp-block-group__inner-container\">\n<div class=\"wp-block-media-text alignwide is-stacked-on-mobile is-vertically-aligned-top\" style=\"grid-template-columns:35% auto\"><figure class=\"wp-block-media-text__media\"><img decoding=\"async\" loading=\"lazy\" width=\"1024\" height=\"711\" src=\"https:\/\/parier-presidentielle.com\/wp-content\/uploads\/2022\/12\/biden-vs-trump-1024x711.jpeg\" alt=\"\" class=\"wp-image-1865 size-full\" srcset=\"https:\/\/parier-presidentielle.com\/wp-content\/uploads\/2022\/12\/biden-vs-trump-1024x711.jpeg 1024w, https:\/\/parier-presidentielle.com\/wp-content\/uploads\/2022\/12\/biden-vs-trump-300x208.jpeg 300w, https:\/\/parier-presidentielle.com\/wp-content\/uploads\/2022\/12\/biden-vs-trump-768x533.jpeg 768w, https:\/\/parier-presidentielle.com\/wp-content\/uploads\/2022\/12\/biden-vs-trump-1536x1066.jpeg 1536w, https:\/\/parier-presidentielle.com\/wp-content\/uploads\/2022\/12\/biden-vs-trump-2048x1422.jpeg 2048w, https:\/\/parier-presidentielle.com\/wp-content\/uploads\/2022\/12\/biden-vs-trump-18x12.jpeg 18w\" sizes=\"(max-width: 1024px) 100vw, 1024px\" \/><\/figure><div class=\"wp-block-media-text__content\">\n<p style=\"font-size:18px\"><strong>Bet Presidential to strona referencyjna, kt\u00f3ra poprowadzi Ci\u0119 podczas pierwszego zak\u0142adu u bukmacher\u00f3w: Unibet, Betclic, Bwin\u2026 na temat polityki oraz francuskich, ameryka\u0144skich i mi\u0119dzynarodowych wybor\u00f3w prezydenckich<\/strong>.<br><br><strong>Przewodnik i bonusy do zak\u0142ad\u00f3w na przysz\u0142ego prezydenta Stan\u00f3w Zjednoczonych i zwyci\u0119zc\u0119 drugiej rundy: Joe Biden<\/strong> <strong>Macron czy Donald Trump!<\/strong><\/p>\n<\/div><\/div>\n<\/div><\/div>\n<\/div>\n<\/div>\n<\/div><\/div>\n\n\n\n<div class=\"wp-block-group is-layout-flow wp-block-group-is-layout-flow\"><div class=\"wp-block-group__inner-container\">\n<div class=\"wp-block-columns is-layout-flex wp-container-8 wp-block-columns-is-layout-flex\">\n<div class=\"wp-block-column is-layout-flow wp-block-column-is-layout-flow\" style=\"flex-basis:100%\">\n<div class=\"wp-block-columns is-layout-flex wp-container-6 wp-block-columns-is-layout-flex\">\n<div class=\"wp-block-column is-layout-flow wp-block-column-is-layout-flow\" style=\"flex-basis:100%\">\n<center><script type=\"text\/javascript\" charset=\"utf-8\" src=\"https:\/\/www.gambling-affiliation.com\/cpm\/v=AmIMTDSs92QY6b0MzDMvM5laCjJ-ZlA-1oQ-7tKsi.w_GA7331V2\"><\/script><\/center>\n\n\n\n<p><\/p>\n\n\n\n<div class=\"wp-block-image is-style-default\"><figure class=\"aligncenter size-medium\"><a href=\"https:\/\/parier-presidentielle.com\/pl\/recommends\/unibet-logo\/\" target=\"_blank\" rel=\"no follow noopener\"><img decoding=\"async\" loading=\"lazy\" width=\"300\" height=\"169\" src=\"https:\/\/parier-presidentielle.com\/wp-content\/uploads\/2022\/04\/unibet-300x169.jpg\" alt=\"\" class=\"wp-image-1252\" srcset=\"https:\/\/parier-presidentielle.com\/wp-content\/uploads\/2022\/04\/unibet-300x169.jpg 300w, https:\/\/parier-presidentielle.com\/wp-content\/uploads\/2022\/04\/unibet-1024x576.jpg 1024w, https:\/\/parier-presidentielle.com\/wp-content\/uploads\/2022\/04\/unibet-768x432.jpg 768w, https:\/\/parier-presidentielle.com\/wp-content\/uploads\/2022\/04\/unibet-18x10.jpg 18w, https:\/\/parier-presidentielle.com\/wp-content\/uploads\/2022\/04\/unibet.jpg 1280w\" sizes=\"(max-width: 300px) 100vw, 300px\" \/><\/a><\/figure><\/div>\n<\/div>\n<\/div>\n<\/div>\n<\/div>\n\n\n\n<h2 class=\"wp-block-heading\"><span id=\"guide-et-bonus-pour-parier-sur-le-futur-president-des-etats-unis-joe-biden-ou-donald-trump\">Przewodnik i bonus do obstawiania przysz\u0142ego prezydenta Stan\u00f3w Zjednoczonych: Joe Bidena lub Donalda Trumpa <\/span><\/h2>\n\n\n\n<p>Wybory prezydenckie w Stanach Zjednoczonych przyci\u0105gaj\u0105 uwag\u0119 ca\u0142ego \u015bwiata, poniewa\u017c wyb\u00f3r kolejnego prezydenta jest wa\u017cnym wydarzeniem, kt\u00f3re mo\u017ce mie\u0107 znacz\u0105cy wp\u0142yw na przysz\u0142o\u015b\u0107 kraju. W 2020 roku jest <strong>Joe Biden<\/strong> kt\u00f3ry zosta\u0142 wybrany na prezydenta, ko\u0144cz\u0105c er\u0119 <strong>atut<\/strong> i wnosz\u0105c nowe \u017cycie do ameryka\u0144skiej polityki. Nie oznacza to jednak, \u017ce bukmacherzy nie maj\u0105 kurs\u00f3w na najbli\u017csze wybory prezydenckie, zw\u0142aszcza te z 2024 roku. Wiele internetowych serwis\u00f3w bukmacherskich, takich jak Unibet, Betclic czy Bwin, oferuje kursy na r\u00f3\u017cnych kandydat\u00f3w na prezydenta, w tym na Joe Bidena i Donalda Trumpa.<\/p>\n\n\n\n<h2 class=\"wp-block-heading\"><span id=\"voici-donc-un-guide-pour-vous-aider-a-parier-sur-le-futur-president-des-etats-unis\">Oto przewodnik, kt\u00f3ry pomo\u017ce Ci postawi\u0107 na przysz\u0142ego prezydenta Stan\u00f3w Zjednoczonych:<\/span><\/h2>\n\n\n\n<p><strong>Poznaj r\u00f3\u017cnych kandydat\u00f3w i ich zasady<\/strong> Wa\u017cne jest, aby przed podj\u0119ciem decyzji dotycz\u0105cej zak\u0142ad\u00f3w zapozna\u0107 si\u0119 z r\u00f3\u017cnymi kandydatami i ich polityk\u0105. Pozwoli ci to lepiej zrozumie\u0107 ich stanowisko w kluczowych kwestiach i czy jest zgodne z twoimi w\u0142asnymi warto\u015bciami i przekonaniami. <strong>Sprawd\u017a kursy oferowane przez bukmacher\u00f3w<\/strong> Bukmacherzy zwykle oferuj\u0105 kursy na r\u00f3\u017cnych kandydat\u00f3w na prezydenta. Kursy te wskazuj\u0105 prawdopodobie\u0144stwo wygrania wybor\u00f3w przez ka\u017cdego kandydata i opieraj\u0105 si\u0119 na sonda\u017cach, analizach politycznych i stanie gospodarki, a tak\u017ce innych czynnikach, kt\u00f3re mog\u0105 mie\u0107 wp\u0142yw na ostateczny wynik. <strong>Obstawiaj odpowiedzialnie<\/strong> Nale\u017cy pami\u0119ta\u0107, \u017ce obstawianie wybor\u00f3w prezydenckich mo\u017ce by\u0107 ryzykowne i zawsze nale\u017cy obstawia\u0107 odpowiedzialnie. Upewnij si\u0119, \u017ce obstawiasz tylko tyle, ile mo\u017cesz przegra\u0107, i trzymaj si\u0119 limit\u00f3w zak\u0142ad\u00f3w okre\u015blonych przez ka\u017cdego bukmachera. <strong>\u015aled\u017a wydarzenia polityczne i sonda\u017ce<\/strong> Wa\u017cne jest, aby by\u0107 na bie\u017c\u0105co z najnowszymi wydarzeniami i \u015bledzi\u0107 wydarzenia polityczne oraz sonda\u017ce<\/p>\n\n\n\n<ul><li><a href=\"https:\/\/thcp.wiki\/pl\/wiadomosci-thcp\/thcv-i-ulaskawienie-marihuany\/\">Zielona substancja THCV i zwalczanie konopi indyjskich<\/a><\/li><li><a href=\"https:\/\/thcp.wiki\/pl\/wiadomosci-thcp\/ukryte-cuda-konopi-thcp-thcv\/\">Ukryte cuda konopi: THCP, THCV<\/a><\/li><li><a href=\"https:\/\/thcp.wiki\/pl\/wiadomosci-thcp\/thcp-thcv-ukryte-korzysci-reformy-konopi-indyjskiej\/\">THCP, THCV: Ukryte korzy\u015bci z reformy konopi indyjskich<\/a><\/li><\/ul>\n\n\n\n<p>Obstawianie przysz\u0142ego prezydenta u w\u0142a\u015bciwego bukmachera (Bwin, Unibet, Betclic\u2026) mo\u017ce wi\u0119c bardzo si\u0119 op\u0142aci\u0107, poniewa\u017c sonda\u017ce lub opinie polityczne cz\u0119sto okazuj\u0105 si\u0119 myl\u0105ce! Aby wi\u0119c dobrze obstawia\u0107 i wygrywa\u0107, znajd\u017a nasze bezp\u0142atne pliki na naszej ekskluzywnej stronie dotycz\u0105cej wybor\u00f3w prezydenckich  <\/p>\n\n\n\n<h3 class=\"wp-block-heading\"><span id=\"les-specificite-du-paris-politique\">Specyfika politycznego Pary\u017ca<\/span><\/h3>\n\n\n\n<p>Pierwszym krokiem jest zrozumienie, jak dzia\u0142aj\u0105 zak\u0142ady. Najcz\u0119stsze zak\u0142ady dotycz\u0105 tego, kt\u00f3rzy kandydaci maj\u0105 najwi\u0119ksze szanse na wygranie wybor\u00f3w. Mo\u017cesz postawi\u0107 na ulubionego kandydata (tego, kt\u00f3ry Twoim zdaniem wygra) lub s\u0142abszego (tego, kt\u00f3ry nie jest faworytem).<\/p>\n\n\n\n<p>Je\u015bli postawisz na faworyta, w przypadku wygranej otrzymasz niewielk\u0105 sum\u0119 pieni\u0119dzy, poniewa\u017c jest bardzo prawdopodobne, \u017ce ten kandydat zostanie wybrany. Je\u015bli postawisz na s\u0142abszego, otrzymasz wi\u0119cej pieni\u0119dzy, je\u015bli wygra, poniewa\u017c taka mo\u017cliwo\u015b\u0107 jest mniej prawdopodobna. Dobra wiadomo\u015b\u0107 Unibet oferuje zwrot do 150 \u20ac za pierwszy zak\u0142ad, dzi\u0119ki czemu ryzyko pozostaje ograniczone!<\/p>\n\n\n\n<h2 class=\"wp-block-heading\" id=\"fdquelle-est-le-meilleur-site-de-paris-en-ligne-bookmaker-pour-la-politique\"><span id=\"quelle-est-le-meilleur-site-de-paris-en-ligne-bookmaker-pour-la-politique\">Jaka jest najlepsza strona z zak\u0142adami online \/ bukmacherami dla polityki?<\/span><\/h2>\n\n\n\n<p><\/p>\n\n\n\n<p>Podobnie jak zak\u0142ady sportowe, obstawianie polityki jest teraz mo\u017cliwe, zw\u0142aszcza bukmacherzy oferuj\u0105 interesuj\u0105ce kursy, aby przyci\u0105gn\u0105\u0107 nowych graczy i obstawiaj\u0105cych!  <br>Dokonaj wyboru mi\u0119dzy r\u00f3\u017cnymi bukmacherami, aby obstawia\u0107 przysz\u0142ego prezydenta Francji w 2022 roku: <\/p>\n\n\n\n<ul>\n<li><mark style=\"background-color:rgba(0, 0, 0, 0);color:#0d7a12\" class=\"has-inline-color\"><strong>Unibet: Najlepsze kursy i bonusy od bukmachera, kt\u00f3rego polecamy<\/strong><\/mark>!<\/li>\n\n\n\n<li>Bwin: najstarszy serwis bukmacherski<\/li>\n\n\n\n<li>Betclic: pretendent<\/li>\n\n\n\n<li>NetBet: nowy dzieciak w bloku<\/li>\n\n\n\n<li>Winamax: Odniesienie w pokerze<\/li>\n\n\n\n<li>1xBit: Orygina\u0142 jako jedyny oferuje gr\u0119 i wygrywanie w Bitcoin<\/li>\n\n\n\n<li><a href=\"https:\/\/wikihhc.com\/\">HHC <\/a>: wiki referencyjne HHC<\/li>\n<\/ul>\n\n\n\n<h2 class=\"wp-block-heading\" id=\"comment-realiser-son-premier-paris-en-ligne\"><span id=\"comment-realiser-son-premier-paris-en-ligne\">Jak postawi\u0107 sw\u00f3j pierwszy zak\u0142ad online?<\/span><\/h2>\n\n\n\n<p>Znajd\u017a nasz bezp\u0142atny przewodnik, jak krok po kroku zacz\u0105\u0107 z zak\u0142adami online, korzystaj\u0105c z najlepszych witryn i aplikacji bukmacher\u00f3w online. Wszystkie wybrze\u017ca i nasze prognozy dotycz\u0105ce wy\u015bcigu w Elys\u00e9e.<\/p>\n\n\n\n<p class=\"has-text-align-center unibet\" style=\"font-size:25px\"><mark style=\"background-color:rgba(0, 0, 0, 0);color:#0d7a12\" class=\"has-inline-color\"><strong><a href=\"https:\/\/parier-presidentielle.com\/pl\/recommends\/unibet-text\/\">Bonus 100 \u20ac oferowany w Unibet <br>Tw\u00f3j pierwszy zak\u0142ad online: Kliknij tutaj<\/a><\/strong><\/mark><\/p>\n\n\n\n<h2 class=\"wp-block-heading\" id=\"les-candidats-2022-a-la-presidentielle\"><span id=\"les-candidats-2022-a-la-presidentielle\">Kandydaci na prezydenta 2022 r.<\/span><\/h2>\n\n\n\n<p>Druga runda odb\u0119dzie si\u0119 w niedziel\u0119 24 kwietnia 2022 roku po zaskakuj\u0105cej pierwszej rundzie 10 kwietnia! <br>Sonda\u017ce zmieniaj\u0105 sytuacj\u0119 co tydzie\u0144 w zale\u017cno\u015bci od bie\u017c\u0105cych wydarze\u0144 i innych zwrot\u00f3w akcji, takich jak wojna na Ukrainie, kt\u00f3ra zmieni\u0142a kursy Macrona w\u015br\u00f3d bukmacher\u00f3w, znajd\u017a wszystkie prognozy i kursy dla bukmacher\u00f3w Bwin, Unibet, Betclic za darmo do obstawiania online na przysz\u0142y zwyci\u0119zca wybor\u00f3w prezydenckich w 2022 r. finali\u015bci drugiej tury:<br>Emmanuel Macron (Republika w marcu), Marine Le Pen (Rajd Krajowy)<\/p>\n\n\n\n<p>Oraz instrukcje g\u0142osowania dla przegrywaj\u0105cych kandydat\u00f3w i innych polityk\u00f3w: Val\u00e9rie P\u00e9cresse (Les R\u00e9publicains), Anne Hidalgo (Partia Socjalistyczna), Jean-Luc M\u00e9lenchon (La France insoumise), Yannick Jadot (Europe-\u00c9cologie-Les Verts) i kandydaci z zewn\u0105trz:<br>Christiane Taubira, \u00c9douard Philippe, Nicolas Dupont-Aignan, Nicolas Sarkozy, Benoit Hamon, Fran\u00e7ois Fillon, S\u00e9gol\u00e8ne Royal, Fran\u00e7ois Asselineau (UPR), Fran\u00e7ois Hollande i dziennikarz Eric Zemmour.<\/p>\n\n\n\n<p>Co politycy my\u015bl\u0105 o konopiach indyjskich? : <a href=\"https:\/\/thcv.wiki\/\">thcv<\/a>, <a href=\"https:\/\/h4cbd.wiki\/\">H4CBD<\/a>, <a href=\"https:\/\/h4cbd.wiki\/\">THCP<\/a>&#8230;<\/p>\n\n\n\n<ul><li><a href=\"https:\/\/wiki-cannabis.com\/pl\/aktualnosci\/odkryj-sekrety-konopi-hhc-h4cbd-thcp-hhcp-o\/\">Typowe kategorie: HHC, H4CBD, THCP, HHCP-O<\/a><\/li><li><a href=\"https:\/\/wiki-cannabis.com\/pl\/aktualnosci\/odkrycie-cbd-to-zielona-rewolucja-w-imperium-trawki\/\">Odkrycie H4CBD, THCP, HHC: rewolucja w imperium chwast\u00f3w<\/a><\/li><li><a href=\"https:\/\/wiki-cannabis.com\/pl\/aktualnosci\/konopie-indyjskie-i-nowe-cbd-h4cbd-thcp-hhc\/\">Konopie indyjskie i nowe CBD: H4CBD, THCP, HHC<\/a><\/li><\/ul>\n\n\n\n<h2 class=\"wp-block-heading\"><span id=\"les-dossiers-de-parier-presidentiellecom\"><br>Pliki Parier-Pr\u00e9sidentielle.com<\/span><\/h2>\n\n\n\n<h2 class=\"wp-block-heading\"><span id=\"i\"> <\/span><\/h2>\n\n\n\n<h3 class=\"wp-block-heading\"><span id=\"selection-des-meilleurs-bookmakers\">Wyb\u00f3r najlepszych bukmacher\u00f3w<\/span><\/h3>\n\n\n\n<ul>\n<li><strong><a href=\"https:\/\/parier-presidentielle.com\/pl\/unibet-policy-wybory-2022\/\">Unibet: Zak\u0142ady online na wybory prezydenckie<\/a><\/strong><\/li>\n\n\n\n<li><a href=\"https:\/\/parier-presidentielle.com\/pl\/bwin-policy-wybory-2022\/\"><strong>Bwin <\/strong>: Bukmacher postawi na wybory prezydenckie 2022<\/a>\n<ul>\n<li><a href=\"https:\/\/parier-presidentielle.com\/pl\/bwin-obstawianie-polityki\/\">Bwin: obstawianie polityki<\/a><\/li>\n<\/ul>\n<\/li>\n\n\n\n<li><a href=\"https:\/\/parier-presidentielle.com\/pl\/betclic-prezydencki-2022\/\">Betclic: Postaw na wybory prezydenckie 2022<\/a><\/li>\n\n\n\n<li><a href=\"https:\/\/parier-presidentielle.com\/pl\/netbet-paris-politics-wybory-2022\/\">NetBet: Bukmacher<\/a><\/li>\n\n\n\n<li><a href=\"https:\/\/parier-presidentielle.com\/pl\/1xbit-polityka\/\">1xBit: Graj w kryptowalucie<\/a><\/li>\n\n\n\n<li>Betway<\/li>\n<\/ul>\n\n\n\n<h3 class=\"wp-block-heading\"><span id=\"comparatif-des-site-de-paris\">Por\u00f3wnanie serwis\u00f3w bukmacherskich<\/span><\/h3>\n\n\n\n<ul>\n<li><a href=\"https:\/\/parier-presidentielle.com\/pl\/bukmacher-wyborczy-polityka-2022\/\">Bukmacher: Co najlepiej postawi\u0107 na polityk\u0119 i wybory prezydenckie w 2022 roku?<\/a><\/li>\n\n\n\n<li><a href=\"https:\/\/parier-presidentielle.com\/pl\/bukmacherzy-macron-le-pen\/\">Kursy bukmacher\u00f3w na polityczny fina\u0142 meczu Macron \u2013 Le Pen<\/a><\/li>\n<\/ul>\n\n\n\n<h3 class=\"wp-block-heading\"><span id=\"les-candidats-toutes-les-cotes-sondages-et-nos-pronotics\">Kandydaci: wszystkie kursy, ankiety i nasze przewidywania<\/span><\/h3>\n\n\n\n<ul>\n<li><a href=\"https:\/\/parier-presidentielle.com\/pl\/macron-elekcja\/\">Emmanuel Macron faworytem wybor\u00f3w<\/a><\/li>\n\n\n\n<li><a href=\"https:\/\/parier-presidentielle.com\/pl\/marine-le-pen-wybory\/\">Pary\u017c w sprawie wybor\u00f3w Marine Le Pen<\/a><\/li>\n\n\n\n<li><a href=\"https:\/\/parier-presidentielle.com\/pl\/bukmacher-macron-le-pen\/\">Macron \u2013 Le Pen: Bukmacherzy podaj\u0105 swoje kursy<\/a><\/li>\n\n\n\n<li><a href=\"https:\/\/parier-presidentielle.com\/pl\/plan\/\">Mapa strony<\/a><\/li>\n<\/ul>\n<\/div><\/div>\n\n\n\n<p class=\"has-text-align-center\" style=\"font-size:25px\"><\/p>\n\n\n\n\n<div class=\"wp-block-image\">\n<figure class=\"aligncenter size-large is-resized wp-duotone-000097-ff4747-10\"><img decoding=\"async\" loading=\"lazy\" src=\"https:\/\/parier-presidentielle.com\/wp-content\/uploads\/2021\/09\/election-standard-scale-4_00x-gigapixel-1024x623.jpg\" alt=\"\" class=\"wp-image-188\" style=\"width:256px;height:156px\" width=\"256\" height=\"156\" srcset=\"https:\/\/parier-presidentielle.com\/wp-content\/uploads\/2021\/09\/election-standard-scale-4_00x-gigapixel-1024x623.jpg 1024w, https:\/\/parier-presidentielle.com\/wp-content\/uploads\/2021\/09\/election-standard-scale-4_00x-gigapixel-300x182.jpg 300w, https:\/\/parier-presidentielle.com\/wp-content\/uploads\/2021\/09\/election-standard-scale-4_00x-gigapixel-768x467.jpg 768w, https:\/\/parier-presidentielle.com\/wp-content\/uploads\/2021\/09\/election-standard-scale-4_00x-gigapixel-1536x934.jpg 1536w, https:\/\/parier-presidentielle.com\/wp-content\/uploads\/2021\/09\/election-standard-scale-4_00x-gigapixel-2048x1245.jpg 2048w\" sizes=\"(max-width: 256px) 100vw, 256px\" \/><\/figure><\/div><div id=\"toc_container\" class=\"no_bullets\"><p class=\"toc_title\">Spis tre\u015bci<\/p><ul class=\"toc_list\"><li><\/li><li><ul><li><\/li><\/ul><\/li><li><\/li><li><\/li><li><\/li><li><\/li><li><ul><li><\/li><li><\/li><li><\/li><\/ul><\/li><\/ul><\/div>","protected":false},"excerpt":{"rendered":"<p>Bet Presidential to strona referencyjna, kt\u00f3ra poprowadzi Ci\u0119 podczas pierwszego zak\u0142adu u bukmacher\u00f3w: Unibet, Betclic, Bwin\u2026 na temat polityki oraz francuskich, ameryka\u0144skich i mi\u0119dzynarodowych wybor\u00f3w prezydenckich. Poradnik i bonus do zak\u0142ad\u00f3w na przysz\u0142ego prezydenta Stan\u00f3w Zjednoczonych i zwyci\u0119zc\u0119 drugiej rundy: Joe Biden Macron czy Donald\u2026<\/p>","protected":false},"author":1,"featured_media":0,"parent":0,"menu_order":0,"comment_status":"closed","ping_status":"closed","template":"page-nosidebar.php","meta":{"footnotes":""},"yoast_head":"<!-- This site is optimized with the Yoast SEO Premium plugin v21.0 (Yoast SEO v21.0) - https:\/\/yoast.com\/wordpress\/plugins\/seo\/ -->\n<title>Parier Politique &amp; Elections : Cotes &amp; Bonus des Bookmakers<\/title>\n<meta name=\"description\" content=\"Pariez sur toutes les \u00e9lections Am\u00e9ricaines, Fran\u00e7aises : Guide des Bookmakers, Pronostics, 100\u20ac de Bonus Exclusif offert ici !\" \/>\n<meta name=\"robots\" content=\"index, follow, max-snippet:-1, max-image-preview:large, max-video-preview:-1\" \/>\n<link rel=\"canonical\" href=\"https:\/\/parier-presidentielle.com\/pl\/\" \/>\n<meta property=\"og:locale\" content=\"pl_PL\" \/>\n<meta property=\"og:type\" content=\"article\" \/>\n<meta property=\"og:title\" content=\"Parier sur la Politique et les Elections avec les meilleurs Bookmakers : Unibet, Bwin\" \/>\n<meta property=\"og:description\" content=\"Pariez sur toutes les \u00e9lections Am\u00e9ricaines, Fran\u00e7aises : Guide des Bookmakers, Pronostics, 100\u20ac de Bonus Exclusif offert ici !\" \/>\n<meta property=\"og:url\" content=\"https:\/\/parier-presidentielle.com\/pl\/\" \/>\n<meta property=\"og:site_name\" content=\"Parier Pr\u00e9sidentielle\" \/>\n<meta property=\"article:modified_time\" content=\"2023-09-12T21:05:44+00:00\" \/>\n<meta property=\"og:image\" content=\"https:\/\/parier-presidentielle.com\/wp-content\/uploads\/2022\/12\/biden-vs-trump-1024x711.jpeg\" \/>\n<meta name=\"twitter:card\" content=\"summary_large_image\" \/>\n<meta name=\"twitter:label1\" content=\"Szacowany czas czytania\" \/>\n\t<meta name=\"twitter:data1\" content=\"6 minut\" \/>\n<script type=\"application\/ld+json\" class=\"yoast-schema-graph\">{\"@context\":\"https:\/\/schema.org\",\"@graph\":[{\"@type\":\"WebPage\",\"@id\":\"https:\/\/parier-presidentielle.com\/\",\"url\":\"https:\/\/parier-presidentielle.com\/\",\"name\":\"Parier Politique & Elections : Cotes & Bonus des Bookmakers\",\"isPartOf\":{\"@id\":\"https:\/\/parier-presidentielle.com\/#website\"},\"datePublished\":\"2021-08-31T09:54:03+00:00\",\"dateModified\":\"2023-09-12T21:05:44+00:00\",\"description\":\"Pariez sur toutes les \u00e9lections Am\u00e9ricaines, Fran\u00e7aises : Guide des Bookmakers, Pronostics, 100\u20ac de Bonus Exclusif offert ici !\",\"breadcrumb\":{\"@id\":\"https:\/\/parier-presidentielle.com\/#breadcrumb\"},\"inLanguage\":\"pl-PL\",\"potentialAction\":[{\"@type\":\"ReadAction\",\"target\":[\"https:\/\/parier-presidentielle.com\/\"]}]},{\"@type\":\"BreadcrumbList\",\"@id\":\"https:\/\/parier-presidentielle.com\/#breadcrumb\",\"itemListElement\":[{\"@type\":\"ListItem\",\"position\":1,\"name\":\"Accueil\",\"item\":\"https:\/\/parier-presidentielle.com\/\"},{\"@type\":\"ListItem\",\"position\":2,\"name\":\"Parier sur la Politique et les Elections avec les meilleurs Bookmakers : Unibet, Bwin\"}]},{\"@type\":\"WebSite\",\"@id\":\"https:\/\/parier-presidentielle.com\/#website\",\"url\":\"https:\/\/parier-presidentielle.com\/\",\"name\":\"Parier Pr\u00e9sidentielle\",\"description\":\"Paris, Pronostics, Wiki sur la Politique, les Elections Am\u00e9ricaines: Joe Biden, Donald Trump avec les Bookmakers en ligne Unibet, Bwin, Betclic, Winamax\",\"potentialAction\":[{\"@type\":\"SearchAction\",\"target\":{\"@type\":\"EntryPoint\",\"urlTemplate\":\"https:\/\/parier-presidentielle.com\/?s={search_term_string}\"},\"query-input\":\"required name=search_term_string\"}],\"inLanguage\":\"pl-PL\"}]}<\/script>\n<!-- \/ Yoast SEO Premium plugin. -->","yoast_head_json":{"title":"Parier Politique & Elections : Cotes & Bonus des Bookmakers","description":"Pariez sur toutes les \u00e9lections Am\u00e9ricaines, Fran\u00e7aises : Guide des Bookmakers, Pronostics, 100\u20ac de Bonus Exclusif offert ici !","robots":{"index":"index","follow":"follow","max-snippet":"max-snippet:-1","max-image-preview":"max-image-preview:large","max-video-preview":"max-video-preview:-1"},"canonical":"https:\/\/parier-presidentielle.com\/pl\/","og_locale":"pl_PL","og_type":"article","og_title":"Parier sur la Politique et les Elections avec les meilleurs Bookmakers : Unibet, Bwin","og_description":"Pariez sur toutes les \u00e9lections Am\u00e9ricaines, Fran\u00e7aises : Guide des Bookmakers, Pronostics, 100\u20ac de Bonus Exclusif offert ici !","og_url":"https:\/\/parier-presidentielle.com\/pl\/","og_site_name":"Parier Pr\u00e9sidentielle","article_modified_time":"2023-09-12T21:05:44+00:00","og_image":[{"url":"https:\/\/parier-presidentielle.com\/wp-content\/uploads\/2022\/12\/biden-vs-trump-1024x711.jpeg"}],"twitter_card":"summary_large_image","twitter_misc":{"Szacowany czas czytania":"6 minut"},"schema":{"@context":"https:\/\/schema.org","@graph":[{"@type":"WebPage","@id":"https:\/\/parier-presidentielle.com\/","url":"https:\/\/parier-presidentielle.com\/","name":"Parier Politique & Elections : Cotes & Bonus des Bookmakers","isPartOf":{"@id":"https:\/\/parier-presidentielle.com\/#website"},"datePublished":"2021-08-31T09:54:03+00:00","dateModified":"2023-09-12T21:05:44+00:00","description":"Pariez sur toutes les \u00e9lections Am\u00e9ricaines, Fran\u00e7aises : Guide des Bookmakers, Pronostics, 100\u20ac de Bonus Exclusif offert ici !","breadcrumb":{"@id":"https:\/\/parier-presidentielle.com\/#breadcrumb"},"inLanguage":"pl-PL","potentialAction":[{"@type":"ReadAction","target":["https:\/\/parier-presidentielle.com\/"]}]},{"@type":"BreadcrumbList","@id":"https:\/\/parier-presidentielle.com\/#breadcrumb","itemListElement":[{"@type":"ListItem","position":1,"name":"Accueil","item":"https:\/\/parier-presidentielle.com\/"},{"@type":"ListItem","position":2,"name":"Parier sur la Politique et les Elections avec les meilleurs Bookmakers : Unibet, Bwin"}]},{"@type":"WebSite","@id":"https:\/\/parier-presidentielle.com\/#website","url":"https:\/\/parier-presidentielle.com\/","name":"Parier Pr\u00e9sidentielle","description":"Paris, Pronostics, Wiki sur la Politique, les Elections Am\u00e9ricaines: Joe Biden, Donald Trump avec les Bookmakers en ligne Unibet, Bwin, Betclic, Winamax","potentialAction":[{"@type":"SearchAction","target":{"@type":"EntryPoint","urlTemplate":"https:\/\/parier-presidentielle.com\/?s={search_term_string}"},"query-input":"required name=search_term_string"}],"inLanguage":"pl-PL"}]}},"_links":{"self":[{"href":"https:\/\/parier-presidentielle.com\/pl\/wp-json\/wp\/v2\/pages\/24"}],"collection":[{"href":"https:\/\/parier-presidentielle.com\/pl\/wp-json\/wp\/v2\/pages"}],"about":[{"href":"https:\/\/parier-presidentielle.com\/pl\/wp-json\/wp\/v2\/types\/page"}],"author":[{"embeddable":true,"href":"https:\/\/parier-presidentielle.com\/pl\/wp-json\/wp\/v2\/users\/1"}],"replies":[{"embeddable":true,"href":"https:\/\/parier-presidentielle.com\/pl\/wp-json\/wp\/v2\/comments?post=24"}],"version-history":[{"count":194,"href":"https:\/\/parier-presidentielle.com\/pl\/wp-json\/wp\/v2\/pages\/24\/revisions"}],"predecessor-version":[{"id":2483,"href":"https:\/\/parier-presidentielle.com\/pl\/wp-json\/wp\/v2\/pages\/24\/revisions\/2483"}],"wp:attachment":[{"href":"https:\/\/parier-presidentielle.com\/pl\/wp-json\/wp\/v2\/media?parent=24"}],"curies":[{"name":"wp","href":"https:\/\/api.w.org\/{rel}","templated":true}]}}