{"id":255,"date":"2021-09-14T16:48:34","date_gmt":"2021-09-14T14:48:34","guid":{"rendered":"https:\/\/parier-presidentielle.com\/?page_id=255"},"modified":"2022-04-14T15:41:15","modified_gmt":"2022-04-14T13:41:15","slug":"netbet-paris-politique-election-2022","status":"publish","type":"page","link":"https:\/\/parier-presidentielle.com\/pl\/netbet-paris-politics-wybory-2022\/","title":{"rendered":"NetBet: Zak\u0142ady na polityk\u0119 i wybory prezydenckie w 2022 r."},"content":{"rendered":"<p> <\/p>\n\n\n\n<a href=\"https:\/\/banners.livepartners.com\/click.php?z=151480\" target=\"_blank\" rel=\"noopener\"><img decoding=\"async\" loading=\"lazy\" src=\"https:\/\/banners.livepartners.com\/view.php?z=151480\" border=\"0\" width=\"728\" height=\"90\"><\/a>\n\n\n\n\n\n<h2 class=\"wp-block-heading\" id=\"quelle-est-l-offre-du-bookmaker-netbet-2022\"><span id=\"quelle-est-l8217offre-du-bookmaker-netbet-2022\">Jaka jest oferta bukmachera NetBet 2022?<\/span><\/h2>\n\n\n\n<p class=\"has-text-align-left\">Netbet oferuje obecnie najlepszy bonus do obstawiania 100 \u20ac online!<br>Aby uzyska\u0107 dost\u0119p do tego bonusu, po prostu przejd\u017a przez nasz link partnerski:<\/p>\n\n\n\n<h2 class=\"has-text-align-center wp-block-heading\" id=\"100-offerts-sur-votre-1er-pari-cliquez-ici\"><span id=\"100e-offerts-sur-votre-1er-pari-cliquez-ici\"><br><a href=\"https:\/\/banners.livepartners.com\/click.php?z=151505\" target=\"_blank\" rel=\"noreferrer noopener nofollow\">100 \u20ac oferowane na Tw\u00f3j pierwszy zak\u0142ad! Kliknij tutaj<\/a><\/span><\/h2>\n\n\n\n<h3 class=\"wp-block-heading\"><span id=\"i\"><br><\/span><\/h3>\n\n\n\n<h2 class=\"wp-block-heading\" id=\"netbet\"><span id=\"netbet\">NetBet<\/span><\/h2>\n\n\n\n<p><br>NetBet to operator gier online, kt\u00f3rego w\u0142a\u015bcicielem jest NetBet Enterprises Ltd. Platforma oferuje zak\u0142ady sportowe na \u017cywo i na \u017cywo, zak\u0142ady na wirtualne mecze i mi\u0119dzynarodowe loterie, kasyno online, poker online i platform\u0119 kasyna na \u017cywo. Firma dzia\u0142a na kilku rynkach, w tym w Rumunii, Wielkiej Brytanii, Niemczech, Irlandii i Ameryce Po\u0142udniowej, Japonii i wielu innych. NetBet jest dost\u0119pny w j\u0119zyku angielskim, niemieckim, japo\u0144skim, hiszpa\u0144skim, w\u0142oskim, francuskim, greckim, rumu\u0144skim, portugalskim i fi\u0144skim. NetBet ma siedzib\u0119 na Malcie i biura w Wielkiej Brytanii, Francji, Rumunii i Stanach Zjednoczonych. Obecnie zatrudnia oko\u0142o 500 pracownik\u00f3w.<\/p>\n\n\n\n<p>NetBet posiada europejsk\u0105 licencj\u0119 na Malcie od 2006 roku. NetBet posiada licencj\u0119 wydan\u0105 przez brytyjsk\u0105 Komisj\u0119 ds. hazardu nr 3637 oraz licencj\u0119 w Irlandii, Nigerii, Meksyku i Grecji. Pod mark\u0105 NetBet Enterprises dzia\u0142aj\u0105 tak\u017ce kasyna internetowe we W\u0142oszech i Francji. R\u00f3wnie\u017c NetBet uzyska\u0142 licencj\u0119 na prowadzenie dzia\u0142alno\u015bci w Rumunii w 2015 roku, staj\u0105c si\u0119 jedn\u0105 z pierwszych 3 witryn oferuj\u0105cych hazard online w Rumunii.<\/p>\n\n\n\n<p>NetBet Sport oferuje zak\u0142ady sportowe online przed i na \u017cywo. Gracze maj\u0105 r\u00f3wnie\u017c mo\u017cliwo\u015b\u0107 obstawiania zak\u0142ad\u00f3w na eSporty na niekt\u00f3re specjalne rynki, kt\u00f3re obejmuj\u0105 polityk\u0119 i nagrody w filmach i telewizji. Aby zapewni\u0107 dok\u0142adne i losowe wyniki 100% dla wszystkich gier, NetBet u\u017cywa osobno dw\u00f3ch generator\u00f3w liczb losowych: generatora ISAAC i generatora szumu. Tak wi\u0119c w 2018 r. wsp\u00f3\u0142czynnik zwrotu RTP dla gracza wyni\u00f3s\u0142 96,65 %.<\/p>\n\n\n\n<p><\/p>\n\n\n\n<h2 class=\"wp-block-heading\" id=\"histoire-du-bookmaker\"><span id=\"histoire-du-bookmaker\">Historia bukmachera<\/span><\/h2>\n\n\n\n<p><br>Firma Cosmo Gaming zosta\u0142a za\u0142o\u017cona w lipcu 2006 roku i rozpocz\u0119\u0142a dzia\u0142alno\u015b\u0107 w lipcu 2007 roku. W marcu 2017 roku zmieni\u0142a nazw\u0119 z Cosmo Gaming Company na NetBet Enterprises Limited. W sierpniu 2013 roku dostawca gier iSoftBet podpisa\u0142 wy\u0142\u0105czn\u0105 umow\u0119 z SBTech na \u015bwiadczenie us\u0142ug zak\u0142ad\u00f3w sportowych na \u017cywo na na stronie NetBet.<\/p>\n\n\n\n<p>Podczas UEFA Euro 2016 NetBet uruchomi\u0142 Mistrzostwa Wielokulturowe. W tym samym roku NetBet podpisa\u0142 sze\u015bcioletni kontrakt z dostawc\u0105 gier Playtech. Niniejsza umowa przewiduje dystrybucj\u0119 ekskluzywnych tre\u015bci Playtech na platformie NetBet.<\/p>\n\n\n\n<p>Podczas Mistrzostw \u015awiata 2018 firma NetBet Sport wprowadzi\u0142a nowy dodatek do serii \u201eMulticultural\u201d pod nazw\u0105 Puchar Multikultury.<\/p>\n\n\n\n<p>W 2018 roku Iron Dog Studio uruchomi\u0142o ca\u0142y pakiet gier w NetBet Casino dzi\u0119ki integracji u\u0142atwionej przez dostawc\u0119 NetBet iSoftBet.<\/p>\n\n\n\n<p>W 2019 roku NetBet opublikowa\u0142 interaktywn\u0105 map\u0119, na kt\u00f3rej \u015bledzone s\u0105 wszystkie filmy i anegdoty zwi\u0105zane z postaci\u0105 Jamesa Bonda.<\/p>\n\n\n\n<p>W 2020 roku NetBet opublikowa\u0142 badanie przeprowadzone przez Blue Claw na temat potencjalnych kar, jakie mog\u0105 spotka\u0107 producent\u00f3w samochod\u00f3w, je\u015bli nie osi\u0105gn\u0105 cel\u00f3w emisji gaz\u00f3w cieplarnianych wyznaczonych przez Uni\u0119 Europejsk\u0105 na rok 2021.<br><\/p>\n\n\n\n<h3 class=\"wp-block-heading\" id=\"les-partenariats\"><span id=\"les-partenariats\">Zwi\u0105zki partnerskie <\/span><\/h3>\n\n\n\n<p>NetBet by\u0142 oficjalnym sponsorem lub partnerem kilku dru\u017cyn sportowych, takich jak OGC Nice w 2014 r., AS Saint-Etienne i Hamilton Academical w 2016 r.<\/p>\n\n\n\n<p><\/p>\n\n\n\n<ul><li>W 2015 roku Netbet podpisa\u0142 kontrakt na reklam\u0119 stadionu z West Bromwich Albion Football Club.<\/li><li>W 2017 r. NetBet sponsorowa\u0142 Falemi Nana Intercartiere Cup, najwa\u017cniejszy amatorski turniej pi\u0142ki no\u017cnej w Rumunii.<\/li><li>W 2017 roku NetBet by\u0142 z odkrywc\u0105 Danielem Cinghe\u0105, kiedy zdobywa\u0142 najbardziej imponuj\u0105ce szczyty Ameryki Po\u0142udniowej.<\/li><li>W marcu 2018 r. NetBet by\u0142 sponsorem 3. edycji DanceMasters, kt\u00f3ra odby\u0142a si\u0119 w Bukareszcie.<\/li><li>W maju 2018 r. NetBet przez dwa dni sponsorowa\u0142 wy\u015bcigi na torze wy\u015bcigowym Goodwood Racecourse.<\/li><li>W dniu 5 czerwca 2018 r. firma NetBet by\u0142a sponsorem czterech wy\u015bcig\u00f3w na torze wy\u015bcigowym Fontwell Park.<\/li><li>W dniu 9 czerwca 2018 r. NetBet sponsorowa\u0142 imprez\u0119 boksersk\u0105 na go\u0142e pi\u0119\u015bci BKB11 w The O2.<\/li><li>21 lipca 2018 r. NetBet sponsorowa\u0142 kolejn\u0105 walk\u0119 o boks na go\u0142e pi\u0119\u015bci w Cwmbran.<\/li><li>W dniu 22 sierpnia 2018 r. firma NetBet by\u0142a sponsorem Ladies Night na torze wy\u015bcigowym Fontwell Park.<\/li><li>4 wrze\u015bnia 2018 r. firma NetBet sponsorowa\u0142a kolejny dzie\u0144 wy\u015bcig\u00f3w na torze wy\u015bcigowym Goodwood.<\/li><li>17 listopada 2019 r. NetBet sponsorowa\u0142 Corsorul Marathon 15 listopada w Braszowie.<\/li><\/ul>\n\n\n\n<p>Wreszcie w 2020 r. NetBet podpisa\u0142 umowy sponsorskie z dwiema za\u0142ogami rajdowymi zg\u0142oszonymi do krajowych mistrzostw rajdowych. Dwie sponsorowane za\u0142ogi sk\u0142adaj\u0105 si\u0119 z kierowcy Dana G\u00eertofana i nawigatora Tudora M\u00e2rza na Skodzie R5, odpowiednio kierowcy R\u0103zvana Trisnevschi i nawigatora Traiana-Codruta Arsenescu.<\/p>\n\n\n\n<p>Kampanie reklamowe dla taks\u00f3wek i autobus\u00f3w<br>W 2019 roku NetBet uruchomi\u0142 dwie mobilne kampanie reklamowe dla autobus\u00f3w i taks\u00f3wek. Kampania dostosowa\u0142a logo marki NetBet, autobusy i 750 samochod\u00f3w Black Cab, kt\u00f3re \u015bciga\u0142y si\u0119 po ulicach Londynu.<\/p>\n\n\n\n<p>Ambasadorowie<br>Alexandre Ruiz jest francuskim dziennikarzem sportowym pracuj\u0105cym dla beIn Sports. Od 2014 roku jest ambasadorem NetBet FR.<\/p>\n\n\n\n<p>Daniel Bravo by\u0142 francuskim pi\u0142karzem, kt\u00f3ry gra\u0142 w Paris Saint-Germain, AS Monaco i Olympique Marsylia. W latach 2012-2014 pe\u0142ni\u0142 funkcj\u0119 ambasadora NetBet FR.<\/p>\n\n\n\n<p>Dan Petrescu by\u0142 pierwszym ambasadorem NetBet w Rumunii.<\/p>\n\n\n\n<p>Niekt\u00f3re produkty<br>G\u0142\u00f3wne produkty NetBet to NetBet Casino, NetBet Live, NetBet Vegas, NetBet Loto i NetBet Poker. Kasyno oferuje ponad 1500 automat\u00f3w do gier, gry karciane i gry sto\u0142owe.<\/p>\n\n\n\n<p>NetBet Sport oferuje zak\u0142ady sportowe online przed i na \u017cywo. Ponadto gracze maj\u0105 r\u00f3wnie\u017c mo\u017cliwo\u015b\u0107 obstawiania zak\u0142ad\u00f3w na eSporty na niekt\u00f3re specjalne rynki, kt\u00f3re obejmuj\u0105 polityk\u0119 i nagrody w filmach i telewizji.<\/p>\n\n\n\n<p>Niekt\u00f3re z najpopularniejszych gier automatowych to Starburst (NetEnt), Gonzo&#039;s Quest (NetEnt) i Kto chce zosta\u0107 milionerem (NYX) i tak dalej.<\/p>\n\n\n\n<p>Nagrody<br>W 2015 roku NetBet zdoby\u0142 nagrod\u0119 \u201eNajlepsza witryna relacji z klientami\u201d podczas gali wr\u0119czenia nagr\u00f3d magazynu Casino Life &amp; Business.<\/p>\n\n\n\n<p>W 2016 roku podczas ceremonii wr\u0119czenia nagr\u00f3d Central and Eastern European Gaming Conference Awards (CEEGA) NetBet zdoby\u0142 nagrod\u0119 \u201eNajlepszego operatora zak\u0142ad\u00f3w sportowych online\u201d, a jego dostawca, SBTech, zdoby\u0142 nagrod\u0119 \u201eNajlepszego dostawcy zak\u0142ad\u00f3w sportowych\u201d.<\/p>\n\n\n\n<p>W 2016 roku Blueclaw i GIMO zosta\u0142y nominowane do nagr\u00f3d UK Search Awards i Best Use of Search za swoj\u0105 prac\u0119 nad NetBet i Premier League of Nations Multicultural Championships.<\/p>\n\n\n\n<p>W 2017 roku NetBet zosta\u0142 nominowany do nagrody iGB Affiliate Award w kategorii \u201eNajlepszy program partnerski w j\u0119zyku innym ni\u017c angielski\u201d.<\/p>\n\n\n\n<p>W 2019 roku NetBet by\u0142 nominowany do nagrody EGR Awards w kategorii \u201eOperator obs\u0142ugi klienta\u201d.<\/p>\n\n\n\n<p>W latach 2018 i 2019 NetBet otrzyma\u0142 trofeum \u201eNajlepsza platforma kasyna online w Rumunii\u201d podczas gali rozdania nagr\u00f3d Casino Inside.<\/p>\n\n\n\n<p>Odpowiedzialna gra<br>NetBet \u015bci\u015ble wsp\u00f3\u0142pracuje z us\u0142ugami doradczymi dotycz\u0105cymi uzale\u017cnie\u0144 od hazardu i umo\u017cliwia graczom ustalanie limit\u00f3w wp\u0142at, wyp\u0142at i komunikat\u00f3w ostrzegawczych. Na stronie dost\u0119pne s\u0105 tak\u017ce wersje demonstracyjne gier, w kt\u00f3re mo\u017cna gra\u0107 bez obstawiania prawdziwych pieni\u0119dzy. Rejestracja os\u00f3b niepe\u0142noletnich na stronie NetBet jest zabroniona.<\/p>\n\n\n\n<p>NetBet wdro\u017cy\u0142 tak\u017ce narz\u0119dzie do samooceny. Narz\u0119dzie to sk\u0142ada si\u0119 z zestawu 15 pyta\u0144, kt\u00f3re na podstawie odpowiedzi pozwalaj\u0105 graczom oceni\u0107 sw\u00f3j poziom ryzyka. W oparciu o ten poziom ryzyka sugeruje si\u0119 dzia\u0142ania takie jak na\u0142o\u017cenie limit\u00f3w. Dodatkowo, je\u015bli wynik ankiety przeprowadzonej w\u015br\u00f3d klient\u00f3w wskazuje na ryzyko uzale\u017cnienia, do odpowiedzialnego zespo\u0142u ds. gier wysy\u0142any jest alert, kt\u00f3ry wchodzi w interakcj\u0119 z klientem i rozpoczyna monitorowanie jego aktywno\u015bci.<\/p>\n\n\n\n<p><\/p>\n\n\n\n<p class=\"has-text-align-center unibet\" style=\"font-size:25px\"><mark style=\"background-color:rgba(0, 0, 0, 0);color:#0d7a12\" class=\"has-inline-color\"><strong><a href=\"https:\/\/parier-presidentielle.com\/pl\/recommends\/unibet\/\">Bonus 150 \u20ac oferowany w Unibet<br>Tw\u00f3j pierwszy zak\u0142ad polityczny lub sportowy: Kliknij tutaj<\/a><\/strong><\/mark><\/p>\n\n\n\n<p><\/p>\n\n\n<div class=\"wp-block-image\">\n<figure class=\"aligncenter is-resized wp-duotone-000097-ff4747-1\"><img decoding=\"async\" loading=\"lazy\" src=\"https:\/\/parier-presidentielle.com\/wp-content\/uploads\/2021\/09\/election-standard-scale-4_00x-gigapixel-1024x623.jpg\" alt=\"Wybory 2022\" style=\"width:256px;height:156px\" width=\"256\" height=\"156\"\/><\/figure><\/div>\n\n\n<p><br><\/p>\n\n\n\n<p><strong>Parier-presidentielle pomaga dokona\u0107 wyboru mi\u0119dzy r\u00f3\u017cnymi<a href=\"https:\/\/parier-presidentielle.com\/pl\/\"> Bukmacherzy Bwin, Unibet, Betclic obstawiaj\u0105 przysz\u0142ego ameryka\u0144skiego prezydenta w 2024 roku<\/a> : <\/strong><br><a href=\"https:\/\/parier-presidentielle.com\/pl\/unibet-policy-wybory-2022\/\">Bukmacher Prezydencki Unibet<\/a> : Szczeg\u00f3\u0142owy i bezp\u0142atny przewodnik, jak postawi\u0107 sw\u00f3j pierwszy zak\u0142ad online ze wszystkimi kursami i jak skorzysta\u0107 z oferowanego bonusu!<\/p>\n\n\n\n<p>Podobnie jak inne strony z zak\u0142adami online: <a href=\"https:\/\/parier-presidentielle.com\/pl\/unibet-policy-wybory-2022\/\">Bwin<\/a>, <a href=\"https:\/\/parier-presidentielle.com\/pl\/netbet-paris-politics-wybory-2022\/\">NetBet<\/a>, <a href=\"https:\/\/parier-presidentielle.com\/pl\/betclic-prezydencki-2022\/\">Betclic<\/a>, <a href=\"https:\/\/parier-presidentielle.com\/pl\/winmax-policy-wybory-2022\/\">Winamax<\/a>, Parions Sport, Zebet, Betway, Francja-Pari, Vbet, Cloudbet, 1Xbit, 1xbet, Betfair, Betwinner\u2026<\/p>\n\n\n\n<div class=\"wp-block-columns is-layout-flex wp-container-6 wp-block-columns-is-layout-flex\">\n<div class=\"wp-block-column is-layout-flow wp-block-column-is-layout-flow\" style=\"flex-basis:33.33%\">\n<p>W\u0142a\u015bnie przeczyta\u0142e\u015b nasz plik:<\/p>\n<\/div>\n\n\n\n<div class=\"wp-block-column is-layout-flow wp-block-column-is-layout-flow\" style=\"flex-basis:33.33%\">\n<div class=\"wp-block-group is-layout-flow wp-block-group-is-layout-flow\"><div class=\"wp-block-group__inner-container\"><h4 class=\"has-text-align-center wp-block-post-title\"><span id=\"netbet-parier-sur-la-politique-et-l8217election-presidentielle-2022\"><a href=\"https:\/\/parier-presidentielle.com\/pl\/netbet-paris-politics-wybory-2022\/\" target=\"_self\" >NetBet: Zak\u0142ady na polityk\u0119 i wybory prezydenckie w 2022 r.<\/a><\/span><\/h4><\/div><\/div>\n<\/div>\n\n\n\n<div class=\"wp-block-column is-layout-flow wp-block-column-is-layout-flow\" style=\"flex-basis:33.33%\">\n<p class=\"has-text-align-right\">Czytaj dalej z naszymi innymi ekskluzywnymi plikami,<\/p>\n<\/div>\n<\/div>\n\n\n\n<h3 class=\"wp-block-heading\" id=\"tous-les-pronostics-sondage-et-cotes-pour-parier-sur-le-futur-vainqueur-de-l-election-presidentielle-2022\"><span id=\"tous-les-pronostics-sondage-et-cotes-pour-parier-sur-le-futur-vainqueur-de-l8217election-presidentielle-2024\">Wszystkie prognozy, ankiety i kursy, kt\u00f3re mo\u017cna obstawi\u0107 na przysz\u0142ego zwyci\u0119zc\u0119 wybor\u00f3w prezydenckich w 2024 r.:<\/span><\/h3>\n\n\n\n<ul>\n<li><a href=\"https:\/\/parier-presidentielle.com\/pl\/macron-elekcja\/\">Postaw na Emmanuela Macrona z Unibet, Betclic, Bwin<\/a> : ulubieniec sonda\u017cy i prognoz <\/li>\n\n\n\n<li><a href=\"https:\/\/parier-presidentielle.com\/pl\/marine-le-pen-wybory\/\">Marine Le Pen: Jej kursy i jak obstawia\u0107 u bukmacher\u00f3w<\/a>: Challenger wed\u0142ug Unibet<\/li>\n<\/ul>\n\n\n\n<p><\/p>\n\n\n\n<center><script type=\"text\/javascript\" charset=\"utf-8\" src=\"https:\/\/www.gambling-affiliation.com\/cpm\/v=AmIMTDSs92QY6b0MzDMvM5laCjJ-ZlA-1oQ-7tKsi.w_GA7331V2\"><\/script><\/center>\n\n\n\n<h3 class=\"wp-block-heading\"><span id=\"donald-trump-vs-joe-biden-la-video-qui-lance-les-paris-en-ligne-sur-l8217election-politique-de-2024\">Donald Trump kontra Joe Biden: film rozpoczynaj\u0105cy obstawianie zak\u0142ad\u00f3w online na wybory polityczne w 2024 r<\/span><\/h3>\n\n\n\n<figure class=\"wp-block-embed is-type-video is-provider-youtube wp-block-embed-youtube wp-embed-aspect-16-9 wp-has-aspect-ratio\"><div class=\"wp-block-embed__wrapper\">\n<iframe loading=\"lazy\" title=\"By\u0142y prezydent Donald Trump og\u0142asza ofert\u0119 Bia\u0142ego Domu na rok 2024 #Short\" width=\"640\" height=\"360\" src=\"https:\/\/www.youtube.com\/embed\/hZykPRVe4Ag?feature=oembed\" frameborder=\"0\" allow=\"accelerometer; autoplay; clipboard-write; encrypted-media; gyroscope; picture-in-picture; web-share\" allowfullscreen><\/iframe>\n<\/div><\/figure>\n\n\n<div class=\"wp-block-image\">\n<figure class=\"aligncenter size-medium\"><a href=\"https:\/\/parier-presidentielle.com\/pl\/recommends\/unibet\/\" target=\"_blank\" rel=\"noopener\"><img decoding=\"async\" loading=\"lazy\" width=\"300\" height=\"169\" src=\"https:\/\/parier-presidentielle.com\/wp-content\/uploads\/2022\/04\/unibet-300x169.jpg\" alt=\"\" class=\"wp-image-1252\" srcset=\"https:\/\/parier-presidentielle.com\/wp-content\/uploads\/2022\/04\/unibet-300x169.jpg 300w, https:\/\/parier-presidentielle.com\/wp-content\/uploads\/2022\/04\/unibet-1024x576.jpg 1024w, https:\/\/parier-presidentielle.com\/wp-content\/uploads\/2022\/04\/unibet-768x432.jpg 768w, https:\/\/parier-presidentielle.com\/wp-content\/uploads\/2022\/04\/unibet-18x10.jpg 18w, https:\/\/parier-presidentielle.com\/wp-content\/uploads\/2022\/04\/unibet.jpg 1280w\" sizes=\"(max-width: 300px) 100vw, 300px\" \/><\/a><\/figure><\/div>\n\n\n<p>Znajd\u017a Wiki, najwa\u017cniejsze wiadomo\u015bci polityczne na temat konopi indyjskich i ich legalnych pochodnych: <strong>HHC, H4cbd, Thcp, Thcv, HSD, HHCPO, C4B<\/strong><\/p>\n\n\n\n<p><br><\/p>\n<div id=\"toc_container\" class=\"no_bullets\"><p class=\"toc_title\">Spis tre\u015bci<\/p><ul class=\"toc_list\"><li><\/li><li><ul><li><\/li><\/ul><\/li><li><\/li><li><ul><li><ul><li><\/li><\/ul><\/li><li><\/li><li><\/li><\/ul><\/li><\/ul><\/div>","protected":false},"excerpt":{"rendered":"<p>Quelle est l&#8217;offre du Bookmaker NetBet 2022? Netbet propose actuellement le meilleur bonus pour parier en ligne 100\u20ac!Pour acc\u00e9der \u00e0 ce bonus il suffit de passer par notre lien partenaire : 100\u20ac offerts sur votre 1er Pari! cliquez ici NetBet NetBet est un op\u00e9rateur de jeux en ligne appartenant \u00e0 NetBet Enterprises Ltd. La plate-forme &#8230;<\/p>","protected":false},"author":1,"featured_media":0,"parent":0,"menu_order":0,"comment_status":"closed","ping_status":"closed","template":"page-nosidebar.php","meta":{"footnotes":""},"yoast_head":"<!-- This site is optimized with the Yoast SEO Premium plugin v21.0 (Yoast SEO v21.0) - https:\/\/yoast.com\/wordpress\/plugins\/seo\/ -->\n<title>NetBet : Parier sur la politique et l&#039;\u00e9lection Pr\u00e9sidentielle 2022 - Finale Coupe du Monde FIFA<\/title>\n<meta name=\"description\" content=\"Parier avec Netbet 100\u20ac offert pour votre 1er Pari sur la Politique, le Sport! Guide du Bookmaker pour profiter du Bonus de bienvenue...\" \/>\n<meta name=\"robots\" content=\"index, follow, max-snippet:-1, max-image-preview:large, max-video-preview:-1\" \/>\n<link rel=\"canonical\" href=\"https:\/\/parier-presidentielle.com\/pl\/netbet-paris-politics-wybory-2022\/\" \/>\n<meta property=\"og:locale\" content=\"pl_PL\" \/>\n<meta property=\"og:type\" content=\"article\" \/>\n<meta property=\"og:title\" content=\"NetBet : Parier sur la politique et l&#039;\u00e9lection Pr\u00e9sidentielle 2022\" \/>\n<meta property=\"og:description\" content=\"Parier avec Netbet 100\u20ac offert pour votre 1er Pari sur la Politique, le Sport! Guide du Bookmaker pour profiter du Bonus de bienvenue...\" \/>\n<meta property=\"og:url\" content=\"https:\/\/parier-presidentielle.com\/pl\/netbet-paris-politics-wybory-2022\/\" \/>\n<meta property=\"og:site_name\" content=\"Parier Pr\u00e9sidentielle\" \/>\n<meta property=\"article:modified_time\" content=\"2022-04-14T13:41:15+00:00\" \/>\n<meta property=\"og:image\" content=\"https:\/\/banners.livepartners.com\/view.php?z=151480\" \/>\n<meta name=\"twitter:card\" content=\"summary_large_image\" \/>\n<meta name=\"twitter:label1\" content=\"Szacowany czas czytania\" \/>\n\t<meta name=\"twitter:data1\" content=\"7 minut\" \/>\n<script type=\"application\/ld+json\" class=\"yoast-schema-graph\">{\"@context\":\"https:\/\/schema.org\",\"@graph\":[{\"@type\":\"WebPage\",\"@id\":\"https:\/\/parier-presidentielle.com\/netbet-paris-politique-election-2022\/\",\"url\":\"https:\/\/parier-presidentielle.com\/netbet-paris-politique-election-2022\/\",\"name\":\"NetBet : Parier sur la politique et l'\u00e9lection Pr\u00e9sidentielle 2022 - Finale Coupe du Monde FIFA\",\"isPartOf\":{\"@id\":\"https:\/\/parier-presidentielle.com\/#website\"},\"datePublished\":\"2021-09-14T14:48:34+00:00\",\"dateModified\":\"2022-04-14T13:41:15+00:00\",\"description\":\"Parier avec Netbet 100\u20ac offert pour votre 1er Pari sur la Politique, le Sport! Guide du Bookmaker pour profiter du Bonus de bienvenue...\",\"breadcrumb\":{\"@id\":\"https:\/\/parier-presidentielle.com\/netbet-paris-politique-election-2022\/#breadcrumb\"},\"inLanguage\":\"pl-PL\",\"potentialAction\":[{\"@type\":\"ReadAction\",\"target\":[\"https:\/\/parier-presidentielle.com\/netbet-paris-politique-election-2022\/\"]}]},{\"@type\":\"BreadcrumbList\",\"@id\":\"https:\/\/parier-presidentielle.com\/netbet-paris-politique-election-2022\/#breadcrumb\",\"itemListElement\":[{\"@type\":\"ListItem\",\"position\":1,\"name\":\"Accueil\",\"item\":\"https:\/\/parier-presidentielle.com\/\"},{\"@type\":\"ListItem\",\"position\":2,\"name\":\"NetBet : Parier sur la politique et l&#8217;\u00e9lection Pr\u00e9sidentielle 2022\"}]},{\"@type\":\"WebSite\",\"@id\":\"https:\/\/parier-presidentielle.com\/#website\",\"url\":\"https:\/\/parier-presidentielle.com\/\",\"name\":\"Parier Pr\u00e9sidentielle\",\"description\":\"Paris, Pronostics, Wiki sur la Politique, les Elections Am\u00e9ricaines: Joe Biden, Donald Trump avec les Bookmakers en ligne Unibet, Bwin, Betclic, Winamax\",\"potentialAction\":[{\"@type\":\"SearchAction\",\"target\":{\"@type\":\"EntryPoint\",\"urlTemplate\":\"https:\/\/parier-presidentielle.com\/?s={search_term_string}\"},\"query-input\":\"required name=search_term_string\"}],\"inLanguage\":\"pl-PL\"}]}<\/script>\n<!-- \/ Yoast SEO Premium plugin. -->","yoast_head_json":{"title":"NetBet : Parier sur la politique et l'\u00e9lection Pr\u00e9sidentielle 2022 - Finale Coupe du Monde FIFA","description":"Parier avec Netbet 100\u20ac offert pour votre 1er Pari sur la Politique, le Sport! Guide du Bookmaker pour profiter du Bonus de bienvenue...","robots":{"index":"index","follow":"follow","max-snippet":"max-snippet:-1","max-image-preview":"max-image-preview:large","max-video-preview":"max-video-preview:-1"},"canonical":"https:\/\/parier-presidentielle.com\/pl\/netbet-paris-politics-wybory-2022\/","og_locale":"pl_PL","og_type":"article","og_title":"NetBet : Parier sur la politique et l'\u00e9lection Pr\u00e9sidentielle 2022","og_description":"Parier avec Netbet 100\u20ac offert pour votre 1er Pari sur la Politique, le Sport! Guide du Bookmaker pour profiter du Bonus de bienvenue...","og_url":"https:\/\/parier-presidentielle.com\/pl\/netbet-paris-politics-wybory-2022\/","og_site_name":"Parier Pr\u00e9sidentielle","article_modified_time":"2022-04-14T13:41:15+00:00","og_image":[{"url":"https:\/\/banners.livepartners.com\/view.php?z=151480"}],"twitter_card":"summary_large_image","twitter_misc":{"Szacowany czas czytania":"7 minut"},"schema":{"@context":"https:\/\/schema.org","@graph":[{"@type":"WebPage","@id":"https:\/\/parier-presidentielle.com\/netbet-paris-politique-election-2022\/","url":"https:\/\/parier-presidentielle.com\/netbet-paris-politique-election-2022\/","name":"NetBet : Parier sur la politique et l'\u00e9lection Pr\u00e9sidentielle 2022 - Finale Coupe du Monde FIFA","isPartOf":{"@id":"https:\/\/parier-presidentielle.com\/#website"},"datePublished":"2021-09-14T14:48:34+00:00","dateModified":"2022-04-14T13:41:15+00:00","description":"Parier avec Netbet 100\u20ac offert pour votre 1er Pari sur la Politique, le Sport! Guide du Bookmaker pour profiter du Bonus de bienvenue...","breadcrumb":{"@id":"https:\/\/parier-presidentielle.com\/netbet-paris-politique-election-2022\/#breadcrumb"},"inLanguage":"pl-PL","potentialAction":[{"@type":"ReadAction","target":["https:\/\/parier-presidentielle.com\/netbet-paris-politique-election-2022\/"]}]},{"@type":"BreadcrumbList","@id":"https:\/\/parier-presidentielle.com\/netbet-paris-politique-election-2022\/#breadcrumb","itemListElement":[{"@type":"ListItem","position":1,"name":"Accueil","item":"https:\/\/parier-presidentielle.com\/"},{"@type":"ListItem","position":2,"name":"NetBet : Parier sur la politique et l&#8217;\u00e9lection Pr\u00e9sidentielle 2022"}]},{"@type":"WebSite","@id":"https:\/\/parier-presidentielle.com\/#website","url":"https:\/\/parier-presidentielle.com\/","name":"Parier Pr\u00e9sidentielle","description":"Paris, Pronostics, Wiki sur la Politique, les Elections Am\u00e9ricaines: Joe Biden, Donald Trump avec les Bookmakers en ligne Unibet, Bwin, Betclic, Winamax","potentialAction":[{"@type":"SearchAction","target":{"@type":"EntryPoint","urlTemplate":"https:\/\/parier-presidentielle.com\/?s={search_term_string}"},"query-input":"required name=search_term_string"}],"inLanguage":"pl-PL"}]}},"_links":{"self":[{"href":"https:\/\/parier-presidentielle.com\/pl\/wp-json\/wp\/v2\/pages\/255"}],"collection":[{"href":"https:\/\/parier-presidentielle.com\/pl\/wp-json\/wp\/v2\/pages"}],"about":[{"href":"https:\/\/parier-presidentielle.com\/pl\/wp-json\/wp\/v2\/types\/page"}],"author":[{"embeddable":true,"href":"https:\/\/parier-presidentielle.com\/pl\/wp-json\/wp\/v2\/users\/1"}],"replies":[{"embeddable":true,"href":"https:\/\/parier-presidentielle.com\/pl\/wp-json\/wp\/v2\/comments?post=255"}],"version-history":[{"count":26,"href":"https:\/\/parier-presidentielle.com\/pl\/wp-json\/wp\/v2\/pages\/255\/revisions"}],"predecessor-version":[{"id":1412,"href":"https:\/\/parier-presidentielle.com\/pl\/wp-json\/wp\/v2\/pages\/255\/revisions\/1412"}],"wp:attachment":[{"href":"https:\/\/parier-presidentielle.com\/pl\/wp-json\/wp\/v2\/media?parent=255"}],"curies":[{"name":"wp","href":"https:\/\/api.w.org\/{rel}","templated":true}]}}