{"id":257,"date":"2021-09-14T16:52:08","date_gmt":"2021-09-14T14:52:08","guid":{"rendered":"https:\/\/parier-presidentielle.com\/?page_id=257"},"modified":"2022-04-24T11:53:58","modified_gmt":"2022-04-24T09:53:58","slug":"winamax-politique-election-2022","status":"publish","type":"page","link":"https:\/\/parier-presidentielle.com\/pl\/winmax-policy-wybory-2022\/","title":{"rendered":"Winamax: Zak\u0142ady na polityk\u0119 i wybory prezydenckie w 2022 r."},"content":{"rendered":"<div class=\"wp-block-columns is-layout-flex wp-container-4 wp-block-columns-is-layout-flex\">\n<div class=\"wp-block-column is-layout-flow wp-block-column-is-layout-flow\" style=\"flex-basis:100%\">\n<div class=\"wp-block-columns is-layout-flex wp-container-2 wp-block-columns-is-layout-flex\">\n<div class=\"wp-block-column is-layout-flow wp-block-column-is-layout-flow\" style=\"flex-basis:100%\">\n<center><script type=\"text\/javascript\" charset=\"utf-8\" src=\"https:\/\/www.gambling-affiliation.com\/cpm\/v=AmIMTDSs92QY6b0MzDMvM5laCjJ-ZlA-1oQ-7tKsi.w_GA7331V2\"><\/script><\/center>\n\n\n\n<p><\/p>\n\n\n\n<div class=\"wp-block-image is-style-default\"><figure class=\"aligncenter size-medium\"><a href=\"https:\/\/parier-presidentielle.com\/pl\/recommends\/unibet-logo\/\" target=\"_blank\" rel=\"no follow noopener\"><img decoding=\"async\" loading=\"lazy\" width=\"300\" height=\"169\" src=\"https:\/\/parier-presidentielle.com\/wp-content\/uploads\/2022\/04\/unibet-300x169.jpg\" alt=\"\" class=\"wp-image-1252\" srcset=\"https:\/\/parier-presidentielle.com\/wp-content\/uploads\/2022\/04\/unibet-300x169.jpg 300w, https:\/\/parier-presidentielle.com\/wp-content\/uploads\/2022\/04\/unibet-1024x576.jpg 1024w, https:\/\/parier-presidentielle.com\/wp-content\/uploads\/2022\/04\/unibet-768x432.jpg 768w, https:\/\/parier-presidentielle.com\/wp-content\/uploads\/2022\/04\/unibet-18x10.jpg 18w, https:\/\/parier-presidentielle.com\/wp-content\/uploads\/2022\/04\/unibet.jpg 1280w\" sizes=\"(max-width: 300px) 100vw, 300px\" \/><\/a><\/figure><\/div>\n<\/div>\n<\/div>\n<\/div>\n<\/div>\n\n\n\n<h2 class=\"wp-block-heading\"><span id=\"pour-le-moment-winamax-ne-propose-pas-de-paris-sur-l8217election\">Na chwil\u0119 obecn\u0105 Winamax nie oferuje zak\u0142ad\u00f3w na wybory! <\/span><\/h2>\n\n\n\n<p class=\"has-text-align-center\">Chcesz postawi\u0107 na przysz\u0142ego prezydenta Francji? Je\u015bli Winamax nie oferuje zak\u0142ad\u00f3w na polityk\u0119 i wybory prezydenckie, jego specjalno\u015bci\u0105 jest poker, ale mo\u017cna obstawia\u0107 u 2 wiod\u0105cych na rynku bukmacher\u00f3w we Francji: <a href=\"https:\/\/parier-presidentielle.com\/pl\/bwin-policy-wybory-2022\/\">Unibet <\/a>oraz <a href=\"https:\/\/parier-presidentielle.com\/pl\/unibet-policy-wybory-2022\/\">Bwin<\/a><\/p>\n\n\n\n<h2 class=\"wp-block-heading\"><span id=\"winamax-en-bref\">Winamax w skr\u00f3cie<\/span><\/h2>\n\n\n\n<p><a href=\"https:\/\/parier-presidentielle.com\/pl\/winmax-policy-wybory-2022\/\">Winamax<\/a>Firma .com LTD zosta\u0142a za\u0142o\u017cona w 1999 roku. Pierwotnie zajmowa\u0142a si\u0119 tworzeniem i dystrybucj\u0105 mened\u017cera pi\u0142karskiego. W 2000 roku inwestorzy prywatni inwestowali m.in. Francusko-szwajcarski przedsi\u0119biorca Robert Louis-Dreyfus zainwestowa\u0142 w firm\u0119 dwa miliony dolar\u00f3w, aby promowa\u0107 jej mi\u0119dzynarodowy rozw\u00f3j. Dreyfus przej\u0105\u0142 w\u0142asno\u015b\u0107 firmy wraz z Alexandre Roosem i Christophe Schamingiem w 2004 roku, kt\u00f3ra od tego momentu skupi\u0142a si\u0119 na oferowaniu zak\u0142ad\u00f3w sportowych we Francji, Niemczech i Anglii. Od maja 2006 roku Winamax oferuje tak\u017ce pokera online. Od czerwca 2018 roku Schaming jest jedynym w\u0142a\u015bcicielem.<\/p>\n\n\n\n<div class=\"wp-block-image\"><figure class=\"aligncenter size-full is-resized\"><img decoding=\"async\" loading=\"lazy\" src=\"https:\/\/parier-presidentielle.com\/wp-content\/uploads\/2022\/03\/winamax-election-presidentielle.jpg\" alt=\"\" class=\"wp-image-1010\" width=\"600\" height=\"300\" srcset=\"https:\/\/parier-presidentielle.com\/wp-content\/uploads\/2022\/03\/winamax-election-presidentielle.jpg 800w, https:\/\/parier-presidentielle.com\/wp-content\/uploads\/2022\/03\/winamax-election-presidentielle-300x150.jpg 300w, https:\/\/parier-presidentielle.com\/wp-content\/uploads\/2022\/03\/winamax-election-presidentielle-768x384.jpg 768w\" sizes=\"(max-width: 600px) 100vw, 600px\" \/><\/figure><\/div>\n\n\n\n<p>Winamax to pierwsza platforma pokerowa online we Francji. W 2016 roku firma osi\u0105gn\u0119\u0142a roczny obr\u00f3t na poziomie ponad 135 milion\u00f3w euro, w 2018 roku obr\u00f3t wyni\u00f3s\u0142 ponad 200 milion\u00f3w euro. Nie oferuje jednak zak\u0142ad\u00f3w na tematy polityczne ani wybory we Francji w 2022 roku.<\/p>\n\n\n\n<h2 class=\"wp-block-heading\"><span id=\"winamax-en-chiffre\">Winamax w liczbach<\/span><\/h2>\n\n\n\n<h3 class=\"wp-block-heading\"><span id=\"poker-et-paris-sportifs\">Poker i zak\u0142ady sportowe<\/span><\/h3>\n\n\n\n<p>Z udzia\u0142em w rynku wynosz\u0105cym 63,7%, Winamax jest wiod\u0105c\u0105 witryn\u0105 pokerow\u0105 we Francji. W lipcu 2018 roku firma wesz\u0142a na rynek hiszpa\u0144ski i na nim si\u0119 rozwija. Dost\u0119pna na PC, Mac i urz\u0105dzenia mobilne, aplikacja Winamax jest pierwsz\u0105 na \u015bwiecie w swojej bran\u017cy: regularnie aktualizowan\u0105 i najlepsz\u0105 aplikacj\u0105 na rynku od 2010 roku. W 2014 roku, z okazji Mistrzostw \u015awiata w Pi\u0142ce No\u017cnej, Winamax otworzy\u0142 swoj\u0105 witryn\u0119 z zak\u0142adami sportowymi i w ten spos\u00f3b by\u0142 w stanie zrobi\u0107 r\u00f3\u017cnic\u0119 na polu konkurencji, w szczeg\u00f3lno\u015bci dzi\u0119ki niecodziennemu humorystycznemu tonowi i najlepszym kursom*.<\/p>\n\n\n\n<h3 class=\"wp-block-heading\"><span id=\"la-plus-grande-communaute-de-jeu-d8217europe\">Najwi\u0119ksza spo\u0142eczno\u015b\u0107 graczy w Europie<\/span><\/h3>\n\n\n\n<p>Duch Winamax jest duchem du\u017cej spo\u0142eczno\u015bci licz\u0105cej ponad 5,9 miliona graczy we Francji i Hiszpanii, a od 2006 roku znajduje cotygodniowe transmisje na forach Wam-Poker, w sieciach spo\u0142eczno\u015bciowych i Winamax TV (sie\u0107 telewizyjna marki oferuj\u0105ca ponad 40 godziny). Obecny na Twitterze, Facebooku, Instagramie i YouTube, Winamax ma setki tysi\u0119cy subskrybent\u00f3w, z kt\u00f3rymi firma na co dzie\u0144 wchodzi w interakcj\u0119 i dostarcza nowe tre\u015bci o charakterze humorystycznym, edukacyjnym i prowokacyjnym. <a href=\"https:\/\/parier-presidentielle.com\/pl\/\">obstawianie polityki<\/a> by\u0107 perfekcyjnym!<\/p>\n\n\n\n<h3 class=\"wp-block-heading\"><span id=\"securite\">Bezpiecze\u0144stwo<\/span><\/h3>\n\n\n\n<p>Jako pierwszy operator zatwierdzony przez Urz\u0105d Regulacji Gier Online (ARJEL, kt\u00f3ry od tego czasu sta\u0142 si\u0119 Krajowym Urz\u0119dem ds. Gier) w czerwcu 2010 r., Winamax gwarantuje swoim graczom maksymalne bezpiecze\u0144stwo, od \u015brodk\u00f3w zdeponowanych na koncie po ochron\u0119 przed oszustwami zwi\u0105zanymi z machni\u0119ciem karty i integralno\u015bci\u0105.<\/p>\n\n\n\n<p class=\"has-text-align-center unibet\" style=\"font-size:25px\"><mark style=\"background-color:rgba(0, 0, 0, 0);color:#0d7a12\" class=\"has-inline-color\"><strong><a href=\"https:\/\/parier-presidentielle.com\/pl\/recommends\/unibet\/\">Bonus 150 \u20ac oferowany w Unibet<br>Tw\u00f3j pierwszy zak\u0142ad polityczny lub sportowy: Kliknij tutaj<\/a><\/strong><\/mark><\/p>\n\n\n\n<p><\/p>\n\n\n<div class=\"wp-block-image\">\n<figure class=\"aligncenter is-resized wp-duotone-000097-ff4747-5\"><img decoding=\"async\" loading=\"lazy\" src=\"https:\/\/parier-presidentielle.com\/wp-content\/uploads\/2021\/09\/election-standard-scale-4_00x-gigapixel-1024x623.jpg\" alt=\"Wybory 2022\" style=\"width:256px;height:156px\" width=\"256\" height=\"156\"\/><\/figure><\/div>\n\n\n<p><br><\/p>\n\n\n\n<p><strong>Parier-presidentielle pomaga dokona\u0107 wyboru mi\u0119dzy r\u00f3\u017cnymi<a href=\"https:\/\/parier-presidentielle.com\/pl\/\"> Bukmacherzy Bwin, Unibet, Betclic obstawiaj\u0105 przysz\u0142ego ameryka\u0144skiego prezydenta w 2024 roku<\/a> : <\/strong><br><a href=\"https:\/\/parier-presidentielle.com\/pl\/unibet-policy-wybory-2022\/\">Bukmacher Prezydencki Unibet<\/a> : Szczeg\u00f3\u0142owy i bezp\u0142atny przewodnik, jak postawi\u0107 sw\u00f3j pierwszy zak\u0142ad online ze wszystkimi kursami i jak skorzysta\u0107 z oferowanego bonusu!<\/p>\n\n\n\n<p>Podobnie jak inne strony z zak\u0142adami online: <a href=\"https:\/\/parier-presidentielle.com\/pl\/unibet-policy-wybory-2022\/\">Bwin<\/a>, <a href=\"https:\/\/parier-presidentielle.com\/pl\/netbet-paris-politics-wybory-2022\/\">NetBet<\/a>, <a href=\"https:\/\/parier-presidentielle.com\/pl\/betclic-prezydencki-2022\/\">Betclic<\/a>, <a href=\"https:\/\/parier-presidentielle.com\/pl\/winmax-policy-wybory-2022\/\">Winamax<\/a>, Parions Sport, Zebet, Betway, Francja-Pari, Vbet, Cloudbet, 1Xbit, 1xbet, Betfair, Betwinner\u2026<\/p>\n\n\n\n<div class=\"wp-block-columns is-layout-flex wp-container-10 wp-block-columns-is-layout-flex\">\n<div class=\"wp-block-column is-layout-flow wp-block-column-is-layout-flow\" style=\"flex-basis:33.33%\">\n<p>W\u0142a\u015bnie przeczyta\u0142e\u015b nasz plik:<\/p>\n<\/div>\n\n\n\n<div class=\"wp-block-column is-layout-flow wp-block-column-is-layout-flow\" style=\"flex-basis:33.33%\">\n<div class=\"wp-block-group is-layout-flow wp-block-group-is-layout-flow\"><div class=\"wp-block-group__inner-container\"><h4 class=\"has-text-align-center wp-block-post-title\"><span id=\"winamax-parier-sur-la-politique-et-l8217election-presidentielle-2022\"><a href=\"https:\/\/parier-presidentielle.com\/pl\/winmax-policy-wybory-2022\/\" target=\"_self\" >Winamax: Zak\u0142ady na polityk\u0119 i wybory prezydenckie w 2022 r.<\/a><\/span><\/h4><\/div><\/div>\n<\/div>\n\n\n\n<div class=\"wp-block-column is-layout-flow wp-block-column-is-layout-flow\" style=\"flex-basis:33.33%\">\n<p class=\"has-text-align-right\">Czytaj dalej z naszymi innymi ekskluzywnymi plikami,<\/p>\n<\/div>\n<\/div>\n\n\n\n<h3 class=\"wp-block-heading\" id=\"tous-les-pronostics-sondage-et-cotes-pour-parier-sur-le-futur-vainqueur-de-l-election-presidentielle-2022\"><span id=\"tous-les-pronostics-sondage-et-cotes-pour-parier-sur-le-futur-vainqueur-de-l8217election-presidentielle-2024\">Wszystkie prognozy, ankiety i kursy, kt\u00f3re mo\u017cna obstawi\u0107 na przysz\u0142ego zwyci\u0119zc\u0119 wybor\u00f3w prezydenckich w 2024 r.:<\/span><\/h3>\n\n\n\n<ul>\n<li><a href=\"https:\/\/parier-presidentielle.com\/pl\/macron-elekcja\/\">Postaw na Emmanuela Macrona z Unibet, Betclic, Bwin<\/a> : ulubieniec sonda\u017cy i prognoz <\/li>\n\n\n\n<li><a href=\"https:\/\/parier-presidentielle.com\/pl\/marine-le-pen-wybory\/\">Marine Le Pen: Jej kursy i jak obstawia\u0107 u bukmacher\u00f3w<\/a>: Challenger wed\u0142ug Unibet<\/li>\n<\/ul>\n\n\n\n<p><\/p>\n\n\n\n<center><script type=\"text\/javascript\" charset=\"utf-8\" src=\"https:\/\/www.gambling-affiliation.com\/cpm\/v=AmIMTDSs92QY6b0MzDMvM5laCjJ-ZlA-1oQ-7tKsi.w_GA7331V2\"><\/script><\/center>\n\n\n\n<h3 class=\"wp-block-heading\"><span id=\"donald-trump-vs-joe-biden-la-video-qui-lance-les-paris-en-ligne-sur-l8217election-politique-de-2024\">Donald Trump kontra Joe Biden: film rozpoczynaj\u0105cy obstawianie zak\u0142ad\u00f3w online na wybory polityczne w 2024 r<\/span><\/h3>\n\n\n\n<figure class=\"wp-block-embed is-type-video is-provider-youtube wp-block-embed-youtube wp-embed-aspect-16-9 wp-has-aspect-ratio\"><div class=\"wp-block-embed__wrapper\">\n<iframe loading=\"lazy\" title=\"By\u0142y prezydent Donald Trump og\u0142asza ofert\u0119 Bia\u0142ego Domu na rok 2024 #Short\" width=\"640\" height=\"360\" src=\"https:\/\/www.youtube.com\/embed\/hZykPRVe4Ag?feature=oembed\" frameborder=\"0\" allow=\"accelerometer; autoplay; clipboard-write; encrypted-media; gyroscope; picture-in-picture; web-share\" allowfullscreen><\/iframe>\n<\/div><\/figure>\n\n\n<div class=\"wp-block-image\">\n<figure class=\"aligncenter size-medium\"><a href=\"https:\/\/parier-presidentielle.com\/pl\/recommends\/unibet\/\" target=\"_blank\" rel=\"noopener\"><img decoding=\"async\" loading=\"lazy\" width=\"300\" height=\"169\" src=\"https:\/\/parier-presidentielle.com\/wp-content\/uploads\/2022\/04\/unibet-300x169.jpg\" alt=\"\" class=\"wp-image-1252\" srcset=\"https:\/\/parier-presidentielle.com\/wp-content\/uploads\/2022\/04\/unibet-300x169.jpg 300w, https:\/\/parier-presidentielle.com\/wp-content\/uploads\/2022\/04\/unibet-1024x576.jpg 1024w, https:\/\/parier-presidentielle.com\/wp-content\/uploads\/2022\/04\/unibet-768x432.jpg 768w, https:\/\/parier-presidentielle.com\/wp-content\/uploads\/2022\/04\/unibet-18x10.jpg 18w, https:\/\/parier-presidentielle.com\/wp-content\/uploads\/2022\/04\/unibet.jpg 1280w\" sizes=\"(max-width: 300px) 100vw, 300px\" \/><\/a><\/figure><\/div>\n\n\n<p>Znajd\u017a Wiki, najwa\u017cniejsze wiadomo\u015bci polityczne na temat konopi indyjskich i ich legalnych pochodnych: <strong>HHC, H4cbd, Thcp, Thcv, HSD, HHCPO, C4B<\/strong><\/p>\n<div id=\"toc_container\" class=\"no_bullets\"><p class=\"toc_title\">Spis tre\u015bci<\/p><ul class=\"toc_list\"><li><\/li><li><\/li><li><ul><li><\/li><li><\/li><li><ul><li><\/li><\/ul><\/li><li><\/li><li><\/li><\/ul><\/li><\/ul><\/div>","protected":false},"excerpt":{"rendered":"<p>Na chwil\u0119 obecn\u0105 Winamax nie oferuje zak\u0142ad\u00f3w na wybory! Chcesz postawi\u0107 na przysz\u0142ego prezydenta Francji? Je\u015bli Winamax nie oferuje zak\u0142ad\u00f3w na polityk\u0119 i wybory prezydenckie, jego specjalno\u015bci\u0105 jest poker, ale mo\u017cna obstawia\u0107 u dw\u00f3ch wiod\u0105cych na rynku bukmacher\u00f3w we Francji: Unibet\u2026<\/p>","protected":false},"author":1,"featured_media":0,"parent":0,"menu_order":0,"comment_status":"closed","ping_status":"closed","template":"page-nosidebar.php","meta":{"footnotes":""},"yoast_head":"<!-- This site is optimized with the Yoast SEO Premium plugin v21.0 (Yoast SEO v21.0) - https:\/\/yoast.com\/wordpress\/plugins\/seo\/ -->\n<title>Winamax : Parier sur la politique et l&#039;\u00e9lection Pr\u00e9sidentielle 2022 - Finale Coupe du Monde FIFA<\/title>\n<meta name=\"description\" content=\"Parier avec Winamax 100\u20ac offert pour votre 1er Pari sur la Politique, le Sport! Guide du Bookmaker pour profiter du Bonus de bienvenue...\" \/>\n<meta name=\"robots\" content=\"index, follow, max-snippet:-1, max-image-preview:large, max-video-preview:-1\" \/>\n<link rel=\"canonical\" href=\"https:\/\/parier-presidentielle.com\/pl\/winmax-policy-wybory-2022\/\" \/>\n<meta property=\"og:locale\" content=\"pl_PL\" \/>\n<meta property=\"og:type\" content=\"article\" \/>\n<meta property=\"og:title\" content=\"Winamax : Parier sur la politique et l&#039;\u00e9lection Pr\u00e9sidentielle 2022\" \/>\n<meta property=\"og:description\" content=\"Parier avec Winamax 100\u20ac offert pour votre 1er Pari sur la Politique, le Sport! Guide du Bookmaker pour profiter du Bonus de bienvenue...\" \/>\n<meta property=\"og:url\" content=\"https:\/\/parier-presidentielle.com\/pl\/winmax-policy-wybory-2022\/\" \/>\n<meta property=\"og:site_name\" content=\"Parier Pr\u00e9sidentielle\" \/>\n<meta property=\"article:modified_time\" content=\"2022-04-24T09:53:58+00:00\" \/>\n<meta property=\"og:image\" content=\"https:\/\/parier-presidentielle.com\/wp-content\/uploads\/2022\/03\/winamax-election-presidentielle.jpg\" \/>\n<meta name=\"twitter:card\" content=\"summary_large_image\" \/>\n<meta name=\"twitter:label1\" content=\"Szacowany czas czytania\" \/>\n\t<meta name=\"twitter:data1\" content=\"3 minuty\" \/>\n<script type=\"application\/ld+json\" class=\"yoast-schema-graph\">{\"@context\":\"https:\/\/schema.org\",\"@graph\":[{\"@type\":\"WebPage\",\"@id\":\"https:\/\/parier-presidentielle.com\/winamax-politique-election-2022\/\",\"url\":\"https:\/\/parier-presidentielle.com\/winamax-politique-election-2022\/\",\"name\":\"Winamax : Parier sur la politique et l'\u00e9lection Pr\u00e9sidentielle 2022 - Finale Coupe du Monde FIFA\",\"isPartOf\":{\"@id\":\"https:\/\/parier-presidentielle.com\/#website\"},\"datePublished\":\"2021-09-14T14:52:08+00:00\",\"dateModified\":\"2022-04-24T09:53:58+00:00\",\"description\":\"Parier avec Winamax 100\u20ac offert pour votre 1er Pari sur la Politique, le Sport! Guide du Bookmaker pour profiter du Bonus de bienvenue...\",\"breadcrumb\":{\"@id\":\"https:\/\/parier-presidentielle.com\/winamax-politique-election-2022\/#breadcrumb\"},\"inLanguage\":\"pl-PL\",\"potentialAction\":[{\"@type\":\"ReadAction\",\"target\":[\"https:\/\/parier-presidentielle.com\/winamax-politique-election-2022\/\"]}]},{\"@type\":\"BreadcrumbList\",\"@id\":\"https:\/\/parier-presidentielle.com\/winamax-politique-election-2022\/#breadcrumb\",\"itemListElement\":[{\"@type\":\"ListItem\",\"position\":1,\"name\":\"Accueil\",\"item\":\"https:\/\/parier-presidentielle.com\/\"},{\"@type\":\"ListItem\",\"position\":2,\"name\":\"Winamax : Parier sur la politique et l&#8217;\u00e9lection Pr\u00e9sidentielle 2022\"}]},{\"@type\":\"WebSite\",\"@id\":\"https:\/\/parier-presidentielle.com\/#website\",\"url\":\"https:\/\/parier-presidentielle.com\/\",\"name\":\"Parier Pr\u00e9sidentielle\",\"description\":\"Paris, Pronostics, Wiki sur la Politique, les Elections Am\u00e9ricaines: Joe Biden, Donald Trump avec les Bookmakers en ligne Unibet, Bwin, Betclic, Winamax\",\"potentialAction\":[{\"@type\":\"SearchAction\",\"target\":{\"@type\":\"EntryPoint\",\"urlTemplate\":\"https:\/\/parier-presidentielle.com\/?s={search_term_string}\"},\"query-input\":\"required name=search_term_string\"}],\"inLanguage\":\"pl-PL\"}]}<\/script>\n<!-- \/ Yoast SEO Premium plugin. -->","yoast_head_json":{"title":"Winamax : Parier sur la politique et l'\u00e9lection Pr\u00e9sidentielle 2022 - Finale Coupe du Monde FIFA","description":"Parier avec Winamax 100\u20ac offert pour votre 1er Pari sur la Politique, le Sport! Guide du Bookmaker pour profiter du Bonus de bienvenue...","robots":{"index":"index","follow":"follow","max-snippet":"max-snippet:-1","max-image-preview":"max-image-preview:large","max-video-preview":"max-video-preview:-1"},"canonical":"https:\/\/parier-presidentielle.com\/pl\/winmax-policy-wybory-2022\/","og_locale":"pl_PL","og_type":"article","og_title":"Winamax : Parier sur la politique et l'\u00e9lection Pr\u00e9sidentielle 2022","og_description":"Parier avec Winamax 100\u20ac offert pour votre 1er Pari sur la Politique, le Sport! Guide du Bookmaker pour profiter du Bonus de bienvenue...","og_url":"https:\/\/parier-presidentielle.com\/pl\/winmax-policy-wybory-2022\/","og_site_name":"Parier Pr\u00e9sidentielle","article_modified_time":"2022-04-24T09:53:58+00:00","og_image":[{"url":"https:\/\/parier-presidentielle.com\/wp-content\/uploads\/2022\/03\/winamax-election-presidentielle.jpg"}],"twitter_card":"summary_large_image","twitter_misc":{"Szacowany czas czytania":"3 minuty"},"schema":{"@context":"https:\/\/schema.org","@graph":[{"@type":"WebPage","@id":"https:\/\/parier-presidentielle.com\/winamax-politique-election-2022\/","url":"https:\/\/parier-presidentielle.com\/winamax-politique-election-2022\/","name":"Winamax : Parier sur la politique et l'\u00e9lection Pr\u00e9sidentielle 2022 - Finale Coupe du Monde FIFA","isPartOf":{"@id":"https:\/\/parier-presidentielle.com\/#website"},"datePublished":"2021-09-14T14:52:08+00:00","dateModified":"2022-04-24T09:53:58+00:00","description":"Parier avec Winamax 100\u20ac offert pour votre 1er Pari sur la Politique, le Sport! Guide du Bookmaker pour profiter du Bonus de bienvenue...","breadcrumb":{"@id":"https:\/\/parier-presidentielle.com\/winamax-politique-election-2022\/#breadcrumb"},"inLanguage":"pl-PL","potentialAction":[{"@type":"ReadAction","target":["https:\/\/parier-presidentielle.com\/winamax-politique-election-2022\/"]}]},{"@type":"BreadcrumbList","@id":"https:\/\/parier-presidentielle.com\/winamax-politique-election-2022\/#breadcrumb","itemListElement":[{"@type":"ListItem","position":1,"name":"Accueil","item":"https:\/\/parier-presidentielle.com\/"},{"@type":"ListItem","position":2,"name":"Winamax : Parier sur la politique et l&#8217;\u00e9lection Pr\u00e9sidentielle 2022"}]},{"@type":"WebSite","@id":"https:\/\/parier-presidentielle.com\/#website","url":"https:\/\/parier-presidentielle.com\/","name":"Parier Pr\u00e9sidentielle","description":"Paris, Pronostics, Wiki sur la Politique, les Elections Am\u00e9ricaines: Joe Biden, Donald Trump avec les Bookmakers en ligne Unibet, Bwin, Betclic, Winamax","potentialAction":[{"@type":"SearchAction","target":{"@type":"EntryPoint","urlTemplate":"https:\/\/parier-presidentielle.com\/?s={search_term_string}"},"query-input":"required name=search_term_string"}],"inLanguage":"pl-PL"}]}},"_links":{"self":[{"href":"https:\/\/parier-presidentielle.com\/pl\/wp-json\/wp\/v2\/pages\/257"}],"collection":[{"href":"https:\/\/parier-presidentielle.com\/pl\/wp-json\/wp\/v2\/pages"}],"about":[{"href":"https:\/\/parier-presidentielle.com\/pl\/wp-json\/wp\/v2\/types\/page"}],"author":[{"embeddable":true,"href":"https:\/\/parier-presidentielle.com\/pl\/wp-json\/wp\/v2\/users\/1"}],"replies":[{"embeddable":true,"href":"https:\/\/parier-presidentielle.com\/pl\/wp-json\/wp\/v2\/comments?post=257"}],"version-history":[{"count":8,"href":"https:\/\/parier-presidentielle.com\/pl\/wp-json\/wp\/v2\/pages\/257\/revisions"}],"predecessor-version":[{"id":1630,"href":"https:\/\/parier-presidentielle.com\/pl\/wp-json\/wp\/v2\/pages\/257\/revisions\/1630"}],"wp:attachment":[{"href":"https:\/\/parier-presidentielle.com\/pl\/wp-json\/wp\/v2\/media?parent=257"}],"curies":[{"name":"wp","href":"https:\/\/api.w.org\/{rel}","templated":true}]}}