{"id":269,"date":"2021-09-14T17:14:49","date_gmt":"2021-09-14T15:14:49","guid":{"rendered":"https:\/\/parier-presidentielle.com\/?page_id=269"},"modified":"2022-04-22T01:06:24","modified_gmt":"2022-04-21T23:06:24","slug":"bookmaker-election-politique-2022","status":"publish","type":"page","link":"https:\/\/parier-presidentielle.com\/pl\/bukmacher-wyborczy-polityka-2022\/","title":{"rendered":"Bukmacher: Gdzie najlepiej stawia\u0107 zak\u0142ady na polityk\u0119 i wybory prezydenckie w 2022 roku?"},"content":{"rendered":"<div class=\"wp-block-columns is-layout-flex wp-container-4 wp-block-columns-is-layout-flex\">\n<div class=\"wp-block-column is-layout-flow wp-block-column-is-layout-flow\" style=\"flex-basis:100%\">\n<div class=\"wp-block-columns is-layout-flex wp-container-2 wp-block-columns-is-layout-flex\">\n<div class=\"wp-block-column is-layout-flow wp-block-column-is-layout-flow\" style=\"flex-basis:100%\">\n<center><script type=\"text\/javascript\" charset=\"utf-8\" src=\"https:\/\/www.gambling-affiliation.com\/cpm\/v=AmIMTDSs92QY6b0MzDMvM5laCjJ-ZlA-1oQ-7tKsi.w_GA7331V2\"><\/script><\/center>\n\n\n\n<p><\/p>\n\n\n\n<div class=\"wp-block-image is-style-default\"><figure class=\"aligncenter size-medium\"><a href=\"https:\/\/parier-presidentielle.com\/pl\/recommends\/unibet-logo\/\" target=\"_blank\" rel=\"no follow noopener\"><img decoding=\"async\" loading=\"lazy\" width=\"300\" height=\"169\" src=\"https:\/\/parier-presidentielle.com\/wp-content\/uploads\/2022\/04\/unibet-300x169.jpg\" alt=\"\" class=\"wp-image-1252\" srcset=\"https:\/\/parier-presidentielle.com\/wp-content\/uploads\/2022\/04\/unibet-300x169.jpg 300w, https:\/\/parier-presidentielle.com\/wp-content\/uploads\/2022\/04\/unibet-1024x576.jpg 1024w, https:\/\/parier-presidentielle.com\/wp-content\/uploads\/2022\/04\/unibet-768x432.jpg 768w, https:\/\/parier-presidentielle.com\/wp-content\/uploads\/2022\/04\/unibet-18x10.jpg 18w, https:\/\/parier-presidentielle.com\/wp-content\/uploads\/2022\/04\/unibet.jpg 1280w\" sizes=\"(max-width: 300px) 100vw, 300px\" \/><\/a><\/figure><\/div>\n<\/div>\n<\/div>\n<\/div>\n<\/div>\n\n\n\n<h2 class=\"wp-block-heading\"><span id=\"les-bookmakers-unibet-bwin-betclic-le-top-3\">Bukmacherzy Unibet, Bwin, Betclic w pierwszej tr\u00f3jce!<\/span><\/h2>\n\n\n\n<p>Postawi\u0107 na zwyci\u0119zc\u0119 <a href=\"https:\/\/parier-presidentielle.com\/pl\/\">wybory 2022<\/a>, po przetestowaniu dziesi\u0105tek bukmacher\u00f3w okazuje si\u0119, \u017ce Betclic, Unibet, Bwin s\u0105 najlepszymi znajd\u017a nasz ekskluzywny plik, aby postawi\u0107 pierwsze zak\u0142ady na polisie, jak r\u00f3wnie\u017c przez komputer, telefon, a nawet aplikacje:<\/p>\n\n\n\n<p><a href=\"https:\/\/parier-presidentielle.com\/pl\/unibet-policy-wybory-2022\/\">Unibet: Najlepsze kursy na wybory prezydenckie<\/a><br><a href=\"https:\/\/parier-presidentielle.com\/pl\/bwin-policy-wybory-2022\/\">Bwin: Nowo\u015b\u0107 w wyborach 2022<\/a><br><a href=\"https:\/\/parier-presidentielle.com\/pl\/betclic-prezydencki-2022\/\">Betclic: bukmacher pi\u0142karski<\/a><\/p>\n\n\n\n<div class=\"wp-block-image is-style-default wp-duotone-000097-ff4747-5\"><figure class=\"aligncenter size-full is-resized\"><img decoding=\"async\" loading=\"lazy\" src=\"https:\/\/parier-presidentielle.com\/wp-content\/uploads\/2021\/09\/depositphotos_172634272-stock-illustration-bookmakers-men-with-money.jpg\" alt=\"Bukmacherzy i polityka\" class=\"wp-image-279\" width=\"450\" height=\"314\" srcset=\"https:\/\/parier-presidentielle.com\/wp-content\/uploads\/2021\/09\/depositphotos_172634272-stock-illustration-bookmakers-men-with-money.jpg 600w, https:\/\/parier-presidentielle.com\/wp-content\/uploads\/2021\/09\/depositphotos_172634272-stock-illustration-bookmakers-men-with-money-300x210.jpg 300w\" sizes=\"(max-width: 450px) 100vw, 450px\" \/><\/figure><\/div>\n\n\n\n<p>Zak\u0142ady polityczne u bukmacher\u00f3w <a href=\"https:\/\/parier-presidentielle.com\/pl\/betclic-prezydencki-2022\/\">Betclic<\/a>, <a href=\"https:\/\/parier-presidentielle.com\/pl\/unibet-policy-wybory-2022\/\">Unibet<\/a>, <a href=\"https:\/\/parier-presidentielle.com\/pl\/bwin-policy-wybory-2022\/\">Bwin<\/a>, <a href=\"https:\/\/parier-presidentielle.com\/pl\/winmax-policy-wybory-2022\/\">Winamax<\/a>\u2026to ekscytuj\u0105cy i pe\u0142en pasji temat! Poniewa\u017c debaty polityczne we Francji s\u0105 codziennie obecne w mediach i przybieraj\u0105 na sile w miar\u0119 zbli\u017cania si\u0119 wybor\u00f3w.<\/p>\n\n\n\n<p>Zak\u0142ady na wyniki wybor\u00f3w politycznych s\u0105 obecnie dost\u0119pne w Unibet i mo\u017cna je otwiera\u0107 na kilka lat przed dat\u0105 wybor\u00f3w. Rzeczywi\u015bcie, mo\u017cna ju\u017c postawi\u0107 na ameryka\u0144skie wybory prezydenckie w 2024 roku.<\/p>\n\n\n\n<p>Ka\u017cde wybory maj\u0105 swoje w\u0142asne zasady i obstawiaj\u0105cy musz\u0105 by\u0107 w stanie oceni\u0107, co wp\u0142ynie na wynik ka\u017cdego zdarzenia, kt\u00f3re jest stosunkowo wyj\u0105tkowe.<\/p>\n\n\n\n<h3 class=\"wp-block-heading\"><span id=\"facteurs-qui-influencent-un-pari-politique\">Czynniki wp\u0142ywaj\u0105ce na zak\u0142ad polityczny<\/span><\/h3>\n\n\n\n<p>Istnieje kilka czynnik\u00f3w, kt\u00f3re mog\u0105 mie\u0107 wp\u0142yw na wynik. Mo\u017ce to by\u0107 skandal, plotka z obozu przeciwnego, aktualna wiadomo\u015b\u0107, szokuj\u0105ce zdanie, jako\u015b\u0107 lidera, obietnice wyborcze, partia, kt\u00f3ra go wspiera, spos\u00f3b, w jaki media przedstawiaj\u0105 kandydata, si\u0142a przekonania podczas debaty.<\/p>\n\n\n\n<p><\/p>\n\n\n\n<h2 class=\"wp-block-heading\"><span id=\"presentation-de-l8217activite-de-bookmaker\">Prezentacja dzia\u0142alno\u015bci Bukmacherskiej <\/span><\/h2>\n\n\n\n<p>Bukmacher to firma, kt\u00f3rej dzia\u0142alno\u015b\u0107 polega na przyjmowaniu zak\u0142ad\u00f3w na r\u00f3\u017cne nadchodz\u0105ce wydarzenia (najcz\u0119\u015bciej sportowe) z wcze\u015bniej ustalonymi kursami, kt\u00f3re s\u0105 okre\u015blone na podstawie prawdopodobie\u0144stwa, a tak\u017ce na wyp\u0142at\u0119 wygranej. Bukmacherzy Bwin, Unibet\u2026 przyjmuj\u0105 zak\u0142ady na wy\u015bcigi konne i wy\u015bcigi, na wyniki r\u00f3\u017cnych wydarze\u0144 sportowych, politycznych, kulturalnych, finansowych, pogodowych i innych. Dla bukmachera wa\u017cne jest, aby potrafi\u0142 dobrze przewidzie\u0107 (samodzielnie lub na podstawie innych przewidywa\u0144) oczekiwane prawdopodobie\u0144stwa zdarze\u0144, na kt\u00f3re przyjmowane s\u0105 zak\u0142ady oraz przysz\u0142\u0105 popularno\u015b\u0107 poszczeg\u00f3lnych zak\u0142ad\u00f3w w\u015br\u00f3d potencjalnych klient\u00f3w.<\/p>\n\n\n\n<h2 class=\"wp-block-heading\"><span id=\"histoire-des-bookmakers\">Historia bukmacher\u00f3w<\/span><\/h2>\n\n\n\n<p>Poprzednikiem zak\u0142ad\u00f3w bukmacherskich by\u0142o losowanie, w kt\u00f3rym najpierw sumowano zak\u0142ady r\u00f3\u017cnych graczy na to samo wydarzenie, a nast\u0119pnie \u0142\u0105czn\u0105 kwot\u0119, z wyj\u0105tkiem pewnego procentu organizacyjnego, dzielono pomi\u0119dzy tych, kt\u00f3rzy odgadli dobry wynik. W przypadku losowa\u0144, w przeciwie\u0144stwie do zak\u0142ad\u00f3w bukmacherskich, organizatorzy nie wymagali przewidywania. Tradycyjnie od niepami\u0119tnych czas\u00f3w miejscem obstawiania zak\u0142ad\u00f3w sportowych by\u0142 tor wy\u015bcigowy. Tak by\u0142o od czas\u00f3w Cesarstwa Rzymskiego. Po pewnym czasie na torze wy\u015bcigowym dodano walki kogut\u00f3w \u2013 rozrywk\u0119 dla plebsu. Jednak dopiero w XIX wieku przedmiotem zak\u0142ad\u00f3w sta\u0142y si\u0119 r\u00f3\u017cne dyscypliny sportowe. Praktyka szybko pokaza\u0142a, \u017ce obstawia\u0107 mo\u017cna wszystko, co biega, skacze, wspina si\u0119 i lata. Najwa\u017cniejsze, \u017ce ten sport ma wielu fan\u00f3w. Zaw\u00f3d bukmachera narodzi\u0142 si\u0119 jako alternatywa dla losowa\u0144. W odr\u00f3\u017cnieniu od loterii tworzenie zak\u0142ad\u00f3w nie wymaga\u0142o rozbudowanej organizacji zbierania zak\u0142ad\u00f3w u jednego kasjera, dlatego by\u0142o stosunkowo \u0142atwe do przeprowadzenia nawet w okresie zakazu loterii i prze\u015bladowa\u0144 tego typu imprez. Mia\u0142o to miejsce w Wielkiej Brytanii, kt\u00f3ra do dzi\u015b zajmuje pierwsze miejsce na \u015bwiecie pod wzgl\u0119dem liczby <a href=\"https:\/\/parier-presidentielle.com\/pl\/bukmacher-wyborczy-polityka-2022\/\">bukmacherzy <\/a>i liczba obstawiaj\u0105cych.<\/p>\n\n\n\n<p><\/p>\n\n\n\n<h3 class=\"has-text-align-center wp-block-heading\"><span id=\"dossier-special-bookmaker-unibet-bwin-mondial-quatar\"><br>Specjalny plik bukmacherski Unibet Bwin &amp; Mondial Qatar <\/span><\/h3>\n\n\n\n<p>Zr\u00f3b sw\u00f3j pierwszy zak\u0142ad online na Polityk\u0119 i wszystkie sporty dzi\u0119ki naszym plikom na r\u00f3\u017cnych stronach: Betclic, Winamax, Unibet, Betclic: <\/p>\n\n\n\n<p>Za pomoc\u0105 bukmacher\u00f3w internetowych, takich jak Bwin, Unibet i Betclic, mo\u017cesz uzyska\u0107 dost\u0119p do r\u00f3\u017cnych rynk\u00f3w zak\u0142ad\u00f3w na turniej, co da ci szans\u0119 na du\u017ce wygrane. Podsumowuj\u0105c, francuska dru\u017cyna mo\u017ce by\u0107 jedn\u0105 z dru\u017cyn, kt\u00f3re warto ogl\u0105da\u0107 podczas Mistrzostw \u015awiata 2022 Fili\u017canka. Z pomoc\u0105 bukmacher\u00f3w internetowych, takich jak Bwin, Unibet i Betclic, mo\u017cesz zbiera\u0107 informacje na temat Portugalii i dokonywa\u0107 \u015bwiadomych zak\u0142ad\u00f3w na jej wyniki w tym turnieju. Dlaczego wi\u0119c nie skorzysta\u0107 z szansy na potencjalne skorzystanie z sukcesu Francji w 2022 roku?<\/p>\n\n\n\n<p><\/p>\n\n\n\n<p class=\"has-text-align-center unibet\" style=\"font-size:25px\"><mark style=\"background-color:rgba(0, 0, 0, 0);color:#0d7a12\" class=\"has-inline-color\"><strong><a href=\"https:\/\/parier-presidentielle.com\/pl\/recommends\/unibet\/\">Bonus 150 \u20ac oferowany w Unibet<br>Tw\u00f3j pierwszy zak\u0142ad polityczny lub sportowy: Kliknij tutaj<\/a><\/strong><\/mark><\/p>\n\n\n\n<p><\/p>\n\n\n<div class=\"wp-block-image\">\n<figure class=\"aligncenter is-resized wp-duotone-000097-ff4747-6\"><img decoding=\"async\" loading=\"lazy\" src=\"https:\/\/parier-presidentielle.com\/wp-content\/uploads\/2021\/09\/election-standard-scale-4_00x-gigapixel-1024x623.jpg\" alt=\"Wybory 2022\" style=\"width:256px;height:156px\" width=\"256\" height=\"156\"\/><\/figure><\/div>\n\n\n<p><br><\/p>\n\n\n\n<p><strong>Parier-presidentielle pomaga dokona\u0107 wyboru mi\u0119dzy r\u00f3\u017cnymi<a href=\"https:\/\/parier-presidentielle.com\/pl\/\"> Bukmacherzy Bwin, Unibet, Betclic obstawiaj\u0105 przysz\u0142ego ameryka\u0144skiego prezydenta w 2024 roku<\/a> : <\/strong><br><a href=\"https:\/\/parier-presidentielle.com\/pl\/unibet-policy-wybory-2022\/\">Bukmacher Prezydencki Unibet<\/a> : Szczeg\u00f3\u0142owy i bezp\u0142atny przewodnik, jak postawi\u0107 sw\u00f3j pierwszy zak\u0142ad online ze wszystkimi kursami i jak skorzysta\u0107 z oferowanego bonusu!<\/p>\n\n\n\n<p>Podobnie jak inne strony z zak\u0142adami online: <a href=\"https:\/\/parier-presidentielle.com\/pl\/unibet-policy-wybory-2022\/\">Bwin<\/a>, <a href=\"https:\/\/parier-presidentielle.com\/pl\/netbet-paris-politics-wybory-2022\/\">NetBet<\/a>, <a href=\"https:\/\/parier-presidentielle.com\/pl\/betclic-prezydencki-2022\/\">Betclic<\/a>, <a href=\"https:\/\/parier-presidentielle.com\/pl\/winmax-policy-wybory-2022\/\">Winamax<\/a>, Parions Sport, Zebet, Betway, Francja-Pari, Vbet, Cloudbet, 1Xbit, 1xbet, Betfair, Betwinner\u2026<\/p>\n\n\n\n<div class=\"wp-block-columns is-layout-flex wp-container-11 wp-block-columns-is-layout-flex\">\n<div class=\"wp-block-column is-layout-flow wp-block-column-is-layout-flow\" style=\"flex-basis:33.33%\">\n<p>W\u0142a\u015bnie przeczyta\u0142e\u015b nasz plik:<\/p>\n<\/div>\n\n\n\n<div class=\"wp-block-column is-layout-flow wp-block-column-is-layout-flow\" style=\"flex-basis:33.33%\">\n<div class=\"wp-block-group is-layout-flow wp-block-group-is-layout-flow\"><div class=\"wp-block-group__inner-container\"><h4 class=\"has-text-align-center wp-block-post-title\"><span id=\"bookmaker-quelle-est-le-meilleur-pour-parier-sur-la-politique-et-l8217election-presidentielle-de-2022\"><a href=\"https:\/\/parier-presidentielle.com\/pl\/bukmacher-wyborczy-polityka-2022\/\" target=\"_self\" >Bukmacher: Gdzie najlepiej stawia\u0107 zak\u0142ady na polityk\u0119 i wybory prezydenckie w 2022 roku?<\/a><\/span><\/h4><\/div><\/div>\n<\/div>\n\n\n\n<div class=\"wp-block-column is-layout-flow wp-block-column-is-layout-flow\" style=\"flex-basis:33.33%\">\n<p class=\"has-text-align-right\">Czytaj dalej z naszymi innymi ekskluzywnymi plikami,<\/p>\n<\/div>\n<\/div>\n\n\n\n<h3 class=\"wp-block-heading\" id=\"tous-les-pronostics-sondage-et-cotes-pour-parier-sur-le-futur-vainqueur-de-l-election-presidentielle-2022\"><span id=\"tous-les-pronostics-sondage-et-cotes-pour-parier-sur-le-futur-vainqueur-de-l8217election-presidentielle-2024\">Wszystkie prognozy, ankiety i kursy, kt\u00f3re mo\u017cna obstawi\u0107 na przysz\u0142ego zwyci\u0119zc\u0119 wybor\u00f3w prezydenckich w 2024 r.:<\/span><\/h3>\n\n\n\n<ul>\n<li><a href=\"https:\/\/parier-presidentielle.com\/pl\/macron-elekcja\/\">Postaw na Emmanuela Macrona z Unibet, Betclic, Bwin<\/a> : ulubieniec sonda\u017cy i prognoz <\/li>\n\n\n\n<li><a href=\"https:\/\/parier-presidentielle.com\/pl\/marine-le-pen-wybory\/\">Marine Le Pen: Jej kursy i jak obstawia\u0107 u bukmacher\u00f3w<\/a>: Challenger wed\u0142ug Unibet<\/li>\n<\/ul>\n\n\n\n<p><\/p>\n\n\n\n<center><script type=\"text\/javascript\" charset=\"utf-8\" src=\"https:\/\/www.gambling-affiliation.com\/cpm\/v=AmIMTDSs92QY6b0MzDMvM5laCjJ-ZlA-1oQ-7tKsi.w_GA7331V2\"><\/script><\/center>\n\n\n\n<h3 class=\"wp-block-heading\"><span id=\"donald-trump-vs-joe-biden-la-video-qui-lance-les-paris-en-ligne-sur-l8217election-politique-de-2024\">Donald Trump kontra Joe Biden: film rozpoczynaj\u0105cy obstawianie zak\u0142ad\u00f3w online na wybory polityczne w 2024 r<\/span><\/h3>\n\n\n\n<figure class=\"wp-block-embed is-type-video is-provider-youtube wp-block-embed-youtube wp-embed-aspect-16-9 wp-has-aspect-ratio\"><div class=\"wp-block-embed__wrapper\">\n<iframe loading=\"lazy\" title=\"By\u0142y prezydent Donald Trump og\u0142asza ofert\u0119 Bia\u0142ego Domu na rok 2024 #Short\" width=\"640\" height=\"360\" src=\"https:\/\/www.youtube.com\/embed\/hZykPRVe4Ag?feature=oembed\" frameborder=\"0\" allow=\"accelerometer; autoplay; clipboard-write; encrypted-media; gyroscope; picture-in-picture; web-share\" allowfullscreen><\/iframe>\n<\/div><\/figure>\n\n\n<div class=\"wp-block-image\">\n<figure class=\"aligncenter size-medium\"><a href=\"https:\/\/parier-presidentielle.com\/pl\/recommends\/unibet\/\" target=\"_blank\" rel=\"noopener\"><img decoding=\"async\" loading=\"lazy\" width=\"300\" height=\"169\" src=\"https:\/\/parier-presidentielle.com\/wp-content\/uploads\/2022\/04\/unibet-300x169.jpg\" alt=\"\" class=\"wp-image-1252\" srcset=\"https:\/\/parier-presidentielle.com\/wp-content\/uploads\/2022\/04\/unibet-300x169.jpg 300w, https:\/\/parier-presidentielle.com\/wp-content\/uploads\/2022\/04\/unibet-1024x576.jpg 1024w, https:\/\/parier-presidentielle.com\/wp-content\/uploads\/2022\/04\/unibet-768x432.jpg 768w, https:\/\/parier-presidentielle.com\/wp-content\/uploads\/2022\/04\/unibet-18x10.jpg 18w, https:\/\/parier-presidentielle.com\/wp-content\/uploads\/2022\/04\/unibet.jpg 1280w\" sizes=\"(max-width: 300px) 100vw, 300px\" \/><\/a><\/figure><\/div>\n\n\n<p>Znajd\u017a Wiki, najwa\u017cniejsze wiadomo\u015bci polityczne na temat konopi indyjskich i ich legalnych pochodnych: <strong>HHC, H4cbd, Thcp, Thcv, HSD, HHCPO, C4B<\/strong><\/p>\n<div id=\"toc_container\" class=\"no_bullets\"><p class=\"toc_title\">Spis tre\u015bci<\/p><ul class=\"toc_list\"><li><ul><li><\/li><\/ul><\/li><li><\/li><li><ul><li><ul><li><\/li><\/ul><\/li><li><\/li><li><\/li><\/ul><\/li><\/ul><\/div>","protected":false},"excerpt":{"rendered":"<p>Bukmacherzy Unibet, Bwin, Betclic w pierwszej tr\u00f3jce! Aby postawi\u0107 na zwyci\u0119zc\u0119 wybor\u00f3w 2022, po przetestowaniu dziesi\u0105tek bukmacher\u00f3w okazuje si\u0119, \u017ce Betclic, Unibet, Bwin s\u0105 najlepszymi znajd\u017a nasz ekskluzywny plik, aby obstawia\u0107 pierwsze zak\u0142ady polityczne, a tak\u017ce przez komputer, telefon, a nawet aplikacje: \u2026<\/p>","protected":false},"author":1,"featured_media":0,"parent":0,"menu_order":0,"comment_status":"closed","ping_status":"closed","template":"page-nosidebar.php","meta":{"footnotes":""},"yoast_head":"<!-- This site is optimized with the Yoast SEO Premium plugin v21.0 (Yoast SEO v21.0) - https:\/\/yoast.com\/wordpress\/plugins\/seo\/ -->\n<title>Bookmaker : Quelle est le meilleur pour parier sur la politique et l&#039;\u00e9lection pr\u00e9sidentielle de 2022? - Finale Coupe du Monde FIFA<\/title>\n<meta name=\"description\" content=\"Comparatif des bookmakers : Unibet, Bwin, Betclic! Qui propose les meilleurs cotes, bonus, pour la Politique et tous les sports?\" \/>\n<meta name=\"robots\" content=\"index, follow, max-snippet:-1, max-image-preview:large, max-video-preview:-1\" \/>\n<link rel=\"canonical\" href=\"https:\/\/parier-presidentielle.com\/pl\/bukmacher-wyborczy-polityka-2022\/\" \/>\n<meta property=\"og:locale\" content=\"pl_PL\" \/>\n<meta property=\"og:type\" content=\"article\" \/>\n<meta property=\"og:title\" content=\"Bookmaker : Quelle est le meilleur pour parier sur la politique et l&#039;\u00e9lection pr\u00e9sidentielle de 2022?\" \/>\n<meta property=\"og:description\" content=\"Comparatif des bookmakers : Unibet, Bwin, Betclic! Qui propose les meilleurs cotes, bonus, pour la Politique et tous les sports?\" \/>\n<meta property=\"og:url\" content=\"https:\/\/parier-presidentielle.com\/pl\/bukmacher-wyborczy-polityka-2022\/\" \/>\n<meta property=\"og:site_name\" content=\"Parier Pr\u00e9sidentielle\" \/>\n<meta property=\"article:modified_time\" content=\"2022-04-21T23:06:24+00:00\" \/>\n<meta property=\"og:image\" content=\"https:\/\/parier-presidentielle.com\/wp-content\/uploads\/2021\/09\/depositphotos_172634272-stock-illustration-bookmakers-men-with-money.jpg\" \/>\n<meta name=\"twitter:card\" content=\"summary_large_image\" \/>\n<meta name=\"twitter:label1\" content=\"Szacowany czas czytania\" \/>\n\t<meta name=\"twitter:data1\" content=\"4 minuty\" \/>\n<script type=\"application\/ld+json\" class=\"yoast-schema-graph\">{\"@context\":\"https:\/\/schema.org\",\"@graph\":[{\"@type\":\"WebPage\",\"@id\":\"https:\/\/parier-presidentielle.com\/bookmaker-election-politique-2022\/\",\"url\":\"https:\/\/parier-presidentielle.com\/bookmaker-election-politique-2022\/\",\"name\":\"Bookmaker : Quelle est le meilleur pour parier sur la politique et l'\u00e9lection pr\u00e9sidentielle de 2022? - Finale Coupe du Monde FIFA\",\"isPartOf\":{\"@id\":\"https:\/\/parier-presidentielle.com\/#website\"},\"datePublished\":\"2021-09-14T15:14:49+00:00\",\"dateModified\":\"2022-04-21T23:06:24+00:00\",\"description\":\"Comparatif des bookmakers : Unibet, Bwin, Betclic! Qui propose les meilleurs cotes, bonus, pour la Politique et tous les sports?\",\"breadcrumb\":{\"@id\":\"https:\/\/parier-presidentielle.com\/bookmaker-election-politique-2022\/#breadcrumb\"},\"inLanguage\":\"pl-PL\",\"potentialAction\":[{\"@type\":\"ReadAction\",\"target\":[\"https:\/\/parier-presidentielle.com\/bookmaker-election-politique-2022\/\"]}]},{\"@type\":\"BreadcrumbList\",\"@id\":\"https:\/\/parier-presidentielle.com\/bookmaker-election-politique-2022\/#breadcrumb\",\"itemListElement\":[{\"@type\":\"ListItem\",\"position\":1,\"name\":\"Accueil\",\"item\":\"https:\/\/parier-presidentielle.com\/\"},{\"@type\":\"ListItem\",\"position\":2,\"name\":\"Bookmaker : Quelle est le meilleur pour parier sur la politique et l&#8217;\u00e9lection pr\u00e9sidentielle de 2022?\"}]},{\"@type\":\"WebSite\",\"@id\":\"https:\/\/parier-presidentielle.com\/#website\",\"url\":\"https:\/\/parier-presidentielle.com\/\",\"name\":\"Parier Pr\u00e9sidentielle\",\"description\":\"Paris, Pronostics, Wiki sur la Politique, les Elections Am\u00e9ricaines: Joe Biden, Donald Trump avec les Bookmakers en ligne Unibet, Bwin, Betclic, Winamax\",\"potentialAction\":[{\"@type\":\"SearchAction\",\"target\":{\"@type\":\"EntryPoint\",\"urlTemplate\":\"https:\/\/parier-presidentielle.com\/?s={search_term_string}\"},\"query-input\":\"required name=search_term_string\"}],\"inLanguage\":\"pl-PL\"}]}<\/script>\n<!-- \/ Yoast SEO Premium plugin. -->","yoast_head_json":{"title":"Bookmaker : Quelle est le meilleur pour parier sur la politique et l'\u00e9lection pr\u00e9sidentielle de 2022? - Finale Coupe du Monde FIFA","description":"Comparatif des bookmakers : Unibet, Bwin, Betclic! Qui propose les meilleurs cotes, bonus, pour la Politique et tous les sports?","robots":{"index":"index","follow":"follow","max-snippet":"max-snippet:-1","max-image-preview":"max-image-preview:large","max-video-preview":"max-video-preview:-1"},"canonical":"https:\/\/parier-presidentielle.com\/pl\/bukmacher-wyborczy-polityka-2022\/","og_locale":"pl_PL","og_type":"article","og_title":"Bookmaker : Quelle est le meilleur pour parier sur la politique et l'\u00e9lection pr\u00e9sidentielle de 2022?","og_description":"Comparatif des bookmakers : Unibet, Bwin, Betclic! Qui propose les meilleurs cotes, bonus, pour la Politique et tous les sports?","og_url":"https:\/\/parier-presidentielle.com\/pl\/bukmacher-wyborczy-polityka-2022\/","og_site_name":"Parier Pr\u00e9sidentielle","article_modified_time":"2022-04-21T23:06:24+00:00","og_image":[{"url":"https:\/\/parier-presidentielle.com\/wp-content\/uploads\/2021\/09\/depositphotos_172634272-stock-illustration-bookmakers-men-with-money.jpg"}],"twitter_card":"summary_large_image","twitter_misc":{"Szacowany czas czytania":"4 minuty"},"schema":{"@context":"https:\/\/schema.org","@graph":[{"@type":"WebPage","@id":"https:\/\/parier-presidentielle.com\/bookmaker-election-politique-2022\/","url":"https:\/\/parier-presidentielle.com\/bookmaker-election-politique-2022\/","name":"Bookmaker : Quelle est le meilleur pour parier sur la politique et l'\u00e9lection pr\u00e9sidentielle de 2022? - Finale Coupe du Monde FIFA","isPartOf":{"@id":"https:\/\/parier-presidentielle.com\/#website"},"datePublished":"2021-09-14T15:14:49+00:00","dateModified":"2022-04-21T23:06:24+00:00","description":"Comparatif des bookmakers : Unibet, Bwin, Betclic! Qui propose les meilleurs cotes, bonus, pour la Politique et tous les sports?","breadcrumb":{"@id":"https:\/\/parier-presidentielle.com\/bookmaker-election-politique-2022\/#breadcrumb"},"inLanguage":"pl-PL","potentialAction":[{"@type":"ReadAction","target":["https:\/\/parier-presidentielle.com\/bookmaker-election-politique-2022\/"]}]},{"@type":"BreadcrumbList","@id":"https:\/\/parier-presidentielle.com\/bookmaker-election-politique-2022\/#breadcrumb","itemListElement":[{"@type":"ListItem","position":1,"name":"Accueil","item":"https:\/\/parier-presidentielle.com\/"},{"@type":"ListItem","position":2,"name":"Bookmaker : Quelle est le meilleur pour parier sur la politique et l&#8217;\u00e9lection pr\u00e9sidentielle de 2022?"}]},{"@type":"WebSite","@id":"https:\/\/parier-presidentielle.com\/#website","url":"https:\/\/parier-presidentielle.com\/","name":"Parier Pr\u00e9sidentielle","description":"Paris, Pronostics, Wiki sur la Politique, les Elections Am\u00e9ricaines: Joe Biden, Donald Trump avec les Bookmakers en ligne Unibet, Bwin, Betclic, Winamax","potentialAction":[{"@type":"SearchAction","target":{"@type":"EntryPoint","urlTemplate":"https:\/\/parier-presidentielle.com\/?s={search_term_string}"},"query-input":"required name=search_term_string"}],"inLanguage":"pl-PL"}]}},"_links":{"self":[{"href":"https:\/\/parier-presidentielle.com\/pl\/wp-json\/wp\/v2\/pages\/269"}],"collection":[{"href":"https:\/\/parier-presidentielle.com\/pl\/wp-json\/wp\/v2\/pages"}],"about":[{"href":"https:\/\/parier-presidentielle.com\/pl\/wp-json\/wp\/v2\/types\/page"}],"author":[{"embeddable":true,"href":"https:\/\/parier-presidentielle.com\/pl\/wp-json\/wp\/v2\/users\/1"}],"replies":[{"embeddable":true,"href":"https:\/\/parier-presidentielle.com\/pl\/wp-json\/wp\/v2\/comments?post=269"}],"version-history":[{"count":10,"href":"https:\/\/parier-presidentielle.com\/pl\/wp-json\/wp\/v2\/pages\/269\/revisions"}],"predecessor-version":[{"id":1551,"href":"https:\/\/parier-presidentielle.com\/pl\/wp-json\/wp\/v2\/pages\/269\/revisions\/1551"}],"wp:attachment":[{"href":"https:\/\/parier-presidentielle.com\/pl\/wp-json\/wp\/v2\/media?parent=269"}],"curies":[{"name":"wp","href":"https:\/\/api.w.org\/{rel}","templated":true}]}}