{"id":30,"date":"2021-09-06T22:23:37","date_gmt":"2021-09-06T20:23:37","guid":{"rendered":"https:\/\/parier-presidentielle.com\/?page_id=30"},"modified":"2022-04-24T18:08:09","modified_gmt":"2022-04-24T16:08:09","slug":"macron-le-pen-bookmaker","status":"publish","type":"page","link":"https:\/\/parier-presidentielle.com\/pl\/bukmacher-macron-le-pen\/","title":{"rendered":"Macron \u2013 Le Pen: Bukmacherzy podaj\u0105 swoje szanse na drug\u0105 tur\u0119 wybor\u00f3w prezydenckich"},"content":{"rendered":"<div class=\"wp-block-columns is-layout-flex wp-container-4 wp-block-columns-is-layout-flex\">\n<div class=\"wp-block-column is-layout-flow wp-block-column-is-layout-flow\" style=\"flex-basis:100%\">\n<div class=\"wp-block-columns is-layout-flex wp-container-2 wp-block-columns-is-layout-flex\">\n<div class=\"wp-block-column is-layout-flow wp-block-column-is-layout-flow\" style=\"flex-basis:100%\">\n<center><script type=\"text\/javascript\" charset=\"utf-8\" src=\"https:\/\/www.gambling-affiliation.com\/cpm\/v=AmIMTDSs92QY6b0MzDMvM5laCjJ-ZlA-1oQ-7tKsi.w_GA7331V2\"><\/script><\/center>\n\n\n\n<p><\/p>\n\n\n\n<div class=\"wp-block-image is-style-default\"><figure class=\"aligncenter size-medium\"><a href=\"https:\/\/parier-presidentielle.com\/pl\/recommends\/unibet-logo\/\" target=\"_blank\" rel=\"no follow noopener\"><img decoding=\"async\" loading=\"lazy\" width=\"300\" height=\"169\" src=\"https:\/\/parier-presidentielle.com\/wp-content\/uploads\/2022\/04\/unibet-300x169.jpg\" alt=\"\" class=\"wp-image-1252\" srcset=\"https:\/\/parier-presidentielle.com\/wp-content\/uploads\/2022\/04\/unibet-300x169.jpg 300w, https:\/\/parier-presidentielle.com\/wp-content\/uploads\/2022\/04\/unibet-1024x576.jpg 1024w, https:\/\/parier-presidentielle.com\/wp-content\/uploads\/2022\/04\/unibet-768x432.jpg 768w, https:\/\/parier-presidentielle.com\/wp-content\/uploads\/2022\/04\/unibet-18x10.jpg 18w, https:\/\/parier-presidentielle.com\/wp-content\/uploads\/2022\/04\/unibet.jpg 1280w\" sizes=\"(max-width: 300px) 100vw, 300px\" \/><\/a><\/figure><\/div>\n<\/div>\n<\/div>\n<\/div>\n<\/div>\n\n\n\n<h2 class=\"wp-block-heading\"><span id=\"emmanuel-macron-gagnant-de-la-presidentielle-face-a-marine-le-pen\">Emmanuel Macron wygrywa wybory prezydenckie z Marine Le Pen?<\/span><\/h2>\n\n\n\n<p>Bukmacherzy lub strony bukmacherskie oferuj\u0105 teraz zak\u0142ady online na zwyci\u0119zc\u0119 wybor\u00f3w prezydenckich w 2022 roku. <strong>We Francji mo\u017cna obstawia\u0107 polityk\u0119 tylko w Unibet.<\/strong> Oznacza to, \u017ce do ostatniej chwili przed og\u0142oszeniem wyniku wybor\u00f3w mo\u017cna obstawia\u0107 zwyci\u0119stwo lub pora\u017ck\u0119 jednego z dw\u00f3ch kandydat\u00f3w. <br>Przez \u201ezwyci\u0119stwo\u201d rozumiemy zwyci\u0119stwo w pierwszej rundzie lub zwyci\u0119stwo w obu rundach (druga runda odbywa si\u0119 dwa tygodnie po pierwszej). Szanse zmieniaj\u0105 si\u0119 w czasie w zale\u017cno\u015bci od tego, jak daleko jeste\u015bmy od dnia wybor\u00f3w, ale tak\u017ce w zale\u017cno\u015bci od prawdopodobie\u0144stwa zwyci\u0119stwa wed\u0142ug sonda\u017cy.<\/p>\n\n\n\n<p>Druga runda odb\u0119dzie si\u0119 24 kwietnia 2022 roku. Pierwsze miejsce zaj\u0119li Emmanuel Macron i Marine Le Pen.<br>Ankieterzy przewidywali bardzo zaci\u0119t\u0105 drug\u0105 tur\u0119, z 55% dla Macrona i 45% dla Le Pen. R\u00f3\u017cnica jest tak ma\u0142a, \u017ce zwyci\u0119stwo w t\u0119 czy w drug\u0105 stron\u0119 mie\u015bci si\u0119 w marginesie b\u0142\u0119du sonda\u017cy. Jest wi\u0119c w ka\u017cdym razie znacznie bli\u017cej ni\u017c w 2017 r., kiedy Macron pokona\u0142 Le Pen wi\u0119kszo\u015bci\u0105 66,1 % g\u0142os\u00f3w.<\/p>\n\n\n\n<h3 class=\"wp-block-heading\"><span id=\"les-cotes-d8217unibet-pour-le-second-tour\">Kursy Unibet na drug\u0105 rund\u0119<\/span><\/h3>\n\n\n\n<figure class=\"wp-block-image size-large is-resized\"><img decoding=\"async\" loading=\"lazy\" src=\"https:\/\/parier-presidentielle.com\/wp-content\/uploads\/2022\/04\/unibet-cote-macron-le-pen-2022-1024x202.jpg\" alt=\"Kursy Unibet na drug\u0105 rund\u0119\" class=\"wp-image-1473\" width=\"768\" height=\"152\" srcset=\"https:\/\/parier-presidentielle.com\/wp-content\/uploads\/2022\/04\/unibet-cote-macron-le-pen-2022-1024x202.jpg 1024w, https:\/\/parier-presidentielle.com\/wp-content\/uploads\/2022\/04\/unibet-cote-macron-le-pen-2022-300x59.jpg 300w, https:\/\/parier-presidentielle.com\/wp-content\/uploads\/2022\/04\/unibet-cote-macron-le-pen-2022-768x152.jpg 768w, https:\/\/parier-presidentielle.com\/wp-content\/uploads\/2022\/04\/unibet-cote-macron-le-pen-2022-1536x303.jpg 1536w, https:\/\/parier-presidentielle.com\/wp-content\/uploads\/2022\/04\/unibet-cote-macron-le-pen-2022-2048x404.jpg 2048w, https:\/\/parier-presidentielle.com\/wp-content\/uploads\/2022\/04\/unibet-cote-macron-le-pen-2022-18x4.jpg 18w\" sizes=\"(max-width: 768px) 100vw, 768px\" \/><\/figure>\n\n\n\n<p><\/p>\n\n\n\n<h3 class=\"wp-block-heading\" id=\"comment-realiser-son-1-pari-avec-bwin-c\"><span id=\"comment-realiser-son-1er-pari-avec-unibet\">Jak postawi\u0107 sw\u00f3j pierwszy zak\u0142ad w Unibet?<\/span><\/h3>\n\n\n\n<p id=\"comment-realiser-son-1-pari-avec-bwin-c\">Tak jak mo\u017cna obstawia\u0107 zwyci\u0119stwo swojej ulubionej dru\u017cyny pi\u0142karskiej, tak te\u017c mo\u017cna obstawi\u0107 zwyci\u0119zc\u0119 wy\u015bcigu do Pa\u0142acu Elizejskiego \u2013 jest to szybkie i proste!<\/p>\n\n\n\n<ol><li>Wybierz Kandydata, na kt\u00f3rego chcesz postawi\u0107:<br> w naszym przyk\u0142adzie jest to Marine le Pen!<br><\/li><li>Wska\u017c stawk\u0119, kt\u00f3r\u0105 chcesz postawi\u0107,<br>100\u20ac w naszej symulacji<br><\/li><li>A teraz to koniec!<br>Na naszym zrzucie ekranu kurs wynosi 501, a stawka 10 \u20ac w przypadku zwyci\u0119stwa wygrywasz 575 \u20ac!<\/li><\/ol>\n\n\n\n<p><\/p>\n\n\n\n<div class=\"wp-block-image\"><figure class=\"aligncenter size-full is-resized\"><img decoding=\"async\" loading=\"lazy\" src=\"https:\/\/parier-presidentielle.com\/wp-content\/uploads\/2022\/04\/unibet-parier-cote-macron-le-pen-2022.jpg\" alt=\"\" class=\"wp-image-1476\" width=\"464\" height=\"277\"\/><\/figure><\/div>\n\n\n\n<p class=\"has-text-align-center unibet\" style=\"font-size:25px\"><mark style=\"background-color:rgba(0, 0, 0, 0);color:#0d7a12\" class=\"has-inline-color\"><strong><a href=\"https:\/\/parier-presidentielle.com\/pl\/recommends\/unibet-text\/\">Bonus 100 \u20ac oferowany w Unibet <br>Tw\u00f3j pierwszy zak\u0142ad online: Kliknij tutaj<\/a><\/strong><\/mark><\/p>\n\n\n\n<h2 class=\"wp-block-heading\"><span id=\"emmanuel-macron-ou-marine-le-pen-avec-qui-parier-sur-la-presidentielle\">Emmanuel Macron czy Marine Le Pen z kim postawi\u0107 na wybory prezydenckie?<\/span><\/h2>\n\n\n\n<p>W tym artykule przedstawimy Pa\u0144stwu zasady obstawiania polityki, nast\u0119pnie przeanalizujemy 2 kandydat\u00f3w i r\u00f3\u017cne mo\u017cliwe zak\u0142ady na to wydarzenie drugiej tury wybor\u00f3w prezydenckich 2022 we Francji. Obstawianie wybor\u00f3w prezydenckich we Francji w 2022 r. mo\u017ce by\u0107 bardzo ekscytuj\u0105ce, podobnie jak ka\u017cde inne wydarzenie sportowe. W tym celu niezb\u0119dna jest znajomo\u015b\u0107 bohater\u00f3w i ich szans.<br><br>Zamiar g\u0142osowania w pierwszej turze wybor\u00f3w prezydenckich znalaz\u0142 odzwierciedlenie we wtorek w nowym sonda\u017cu 2022 przeprowadzonym przez Instytut Elabe. Podczas rosyjskiej inwazji na Ukrain\u0119 wzros\u0142a aprobata Emmanuela Macrona, przy zdecydowanej wi\u0119kszo\u015bci kandydata na prezydenta. <br><\/p>\n\n\n\n<div class=\"wp-block-image wp-duotone-000097-ff4747-5\"><figure class=\"aligncenter size-full is-resized\"><img decoding=\"async\" loading=\"lazy\" src=\"https:\/\/parier-presidentielle.com\/wp-content\/uploads\/2022\/03\/macron-le-pen-bookmaker.jpg\" alt=\"\" class=\"wp-image-1024\" width=\"600\" height=\"338\" srcset=\"https:\/\/parier-presidentielle.com\/wp-content\/uploads\/2022\/03\/macron-le-pen-bookmaker.jpg 800w, https:\/\/parier-presidentielle.com\/wp-content\/uploads\/2022\/03\/macron-le-pen-bookmaker-300x169.jpg 300w, https:\/\/parier-presidentielle.com\/wp-content\/uploads\/2022\/03\/macron-le-pen-bookmaker-768x432.jpg 768w\" sizes=\"(max-width: 600px) 100vw, 600px\" \/><\/figure><\/div>\n\n\n\n<p>Wed\u0142ug nowego sonda\u017cu Opinia 2022, przeprowadzonego przez Instytut Elabe i opublikowanego we wtorek wieczorem, liczba kandydat\u00f3w na prezydenta skupiaj\u0105cych si\u0119 przede wszystkim na wojnie na Ukrainie wzros\u0142a o 8,5 pkt. proc. w por\u00f3wnaniu z ubieg\u0142ym tygodniem. Zamiar g\u0142osowania g\u0142owy pa\u0144stwa w pierwszej turze g\u0142osowania wynosi obecnie 33,5% w por\u00f3wnaniu z 25% w zesz\u0142ym tygodniu.<\/p>\n\n\n\n<p class=\"has-text-align-center unibet\" style=\"font-size:25px\"><mark style=\"background-color:rgba(0, 0, 0, 0);color:#0d7a12\" class=\"has-inline-color\"><strong><a href=\"https:\/\/parier-presidentielle.com\/pl\/recommends\/unibet-text\/\">Bonus 100 \u20ac oferowany w Unibet <br>Tw\u00f3j pierwszy zak\u0142ad online: Kliknij tutaj<\/a><\/strong><\/mark><\/p>\n\n\n\n<h2 class=\"wp-block-heading\"><span id=\"l8217ecart-au-second-tour-se-creuse-en-cas-de-duel-macron-le-pen\">Przewaga w drugiej turze pog\u0142\u0119bia si\u0119 w przypadku pojedynku Macron-Le Pen<\/span><\/h2>\n\n\n\n<p><br>W drugiej turze, je\u015bli w drugiej turze zwyci\u0119\u017cy Macron-Le Pen, przepa\u015b\u0107 mi\u0119dzy obydwoma kandydatami si\u0119 powi\u0119kszy. Na obecn\u0105 g\u0142ow\u0119 pa\u0144stwa g\u0142osowa\u0142o 61% ankietowanych, co oznacza wzrost o 3,5% w por\u00f3wnaniu z zesz\u0142ym tygodniem.<\/p>\n\n\n\n<p><br>Jednak w ci\u0105gu ostatnich trzech lat, szczeg\u00f3lnie w zwi\u0105zku z Brexitem i wyborami w USA, Wielka Brytania i wiele innych kraj\u00f3w sta\u0142y si\u0119 fanami zak\u0142ad\u00f3w online na tematy polityczne. Ca\u0142y \u015bwiat obstawia wi\u0119c wynik wybor\u00f3w prezydenckich we Francji. \u201eZwykle podczas wybor\u00f3w tylko kilka os\u00f3b obstawia\u0142o francusk\u0105 polityk\u0119, kilka tysi\u0119cy euro. Tam postawiono ju\u017c 350 000 euro. Marion le Pen b\u0119dzie dla nas katastrof\u0105. <a href=\"https:\/\/parier-presidentielle.com\/pl\/macron-elekcja\/\"><strong>Emmanuel Macron<\/strong><\/a>zarobimy mn\u00f3stwo pieni\u0119dzy\u201d \u2013 wyja\u015bni\u0142 bukmacher William Hill. <\/p>\n\n\n\n<p>Dla graczy Marine Le Pen jest s\u0142absz\u0105 dru\u017cyn\u0105, jej szanse wynosz\u0105 4 do 1. Oznacza to, \u017ce je\u015bli postawisz 5000 funt\u00f3w na jej zwyci\u0119stwo, a ona wygra, wygrasz 20 000 funt\u00f3w.<\/p>\n\n\n\n<h2 class=\"wp-block-heading\"><span id=\"les-societes-de-paris-sportifs-parient-sur-l8217election-presidentielle-francaise-le-premier-et-le-second-tour\"><strong>Firmy bukmacherskie obstawiaj\u0105 wybory prezydenckie we Francji w pierwszej i drugiej turze!<\/strong><\/span><\/h2>\n\n\n\n<p>Wybory prezydenckie we Francji wyzwalaj\u0105 pasj\u0119 po drugiej stronie cie\u015bniny, gdzie szanse s\u0105 otwarte... <br>Netbet znajduje si\u0119 w ekskluzywnej dzielnicy Londynu i jest jedn\u0105 z wiod\u0105cych firm bukmacherskich online, takich jak Betclic, Unibet, Winamax. Ten bukmacher dzia\u0142aj\u0105cy w Wielkiej Brytanii od 1934 roku: oferuje wy\u015bcigi konne, wy\u015bcigi chart\u00f3w i najwa\u017cniejsze wydarzenia sportowe w 2350 lokalizacjach bukmacherskich w Wielkiej Brytanii. <\/p>\n\n\n\n<p><br><\/p>\n\n\n\n<p><\/p>\n\n\n\n<h3 class=\"has-text-align-center wp-block-heading\"><span id=\"dossier-special-bookmaker-unibet-bwin-mondial-quatar\"><br>Specjalny plik bukmacherski Unibet Bwin &amp; Mondial Qatar <\/span><\/h3>\n\n\n\n<p>Zr\u00f3b sw\u00f3j pierwszy zak\u0142ad online na Polityk\u0119 i wszystkie sporty dzi\u0119ki naszym plikom na r\u00f3\u017cnych stronach: Betclic, Winamax, Unibet, Betclic: <\/p>\n\n\n\n<p>Za pomoc\u0105 bukmacher\u00f3w internetowych, takich jak Bwin, Unibet i Betclic, mo\u017cesz uzyska\u0107 dost\u0119p do r\u00f3\u017cnych rynk\u00f3w zak\u0142ad\u00f3w na turniej, co da ci szans\u0119 na du\u017ce wygrane. Podsumowuj\u0105c, francuska dru\u017cyna mo\u017ce by\u0107 jedn\u0105 z dru\u017cyn, kt\u00f3re warto ogl\u0105da\u0107 podczas Mistrzostw \u015awiata 2022 Fili\u017canka. Z pomoc\u0105 bukmacher\u00f3w internetowych, takich jak Bwin, Unibet i Betclic, mo\u017cesz zbiera\u0107 informacje na temat Portugalii i dokonywa\u0107 \u015bwiadomych zak\u0142ad\u00f3w na jej wyniki w tym turnieju. Dlaczego wi\u0119c nie skorzysta\u0107 z szansy na potencjalne skorzystanie z sukcesu Francji w 2022 roku?<\/p>\n\n\n\n<p><\/p>\n\n\n\n<p class=\"has-text-align-center unibet\" style=\"font-size:25px\"><mark style=\"background-color:rgba(0, 0, 0, 0);color:#0d7a12\" class=\"has-inline-color\"><strong><a href=\"https:\/\/parier-presidentielle.com\/pl\/recommends\/unibet\/\">Bonus 150 \u20ac oferowany w Unibet<br>Tw\u00f3j pierwszy zak\u0142ad polityczny lub sportowy: Kliknij tutaj<\/a><\/strong><\/mark><\/p>\n\n\n\n<p><\/p>\n\n\n<div class=\"wp-block-image\">\n<figure class=\"aligncenter is-resized wp-duotone-000097-ff4747-6\"><img decoding=\"async\" loading=\"lazy\" src=\"https:\/\/parier-presidentielle.com\/wp-content\/uploads\/2021\/09\/election-standard-scale-4_00x-gigapixel-1024x623.jpg\" alt=\"Wybory 2022\" style=\"width:256px;height:156px\" width=\"256\" height=\"156\"\/><\/figure><\/div>\n\n\n<p><br><\/p>\n\n\n\n<p><strong>Parier-presidentielle pomaga dokona\u0107 wyboru mi\u0119dzy r\u00f3\u017cnymi<a href=\"https:\/\/parier-presidentielle.com\/pl\/\"> Bukmacherzy Bwin, Unibet, Betclic obstawiaj\u0105 przysz\u0142ego ameryka\u0144skiego prezydenta w 2024 roku<\/a> : <\/strong><br><a href=\"https:\/\/parier-presidentielle.com\/pl\/unibet-policy-wybory-2022\/\">Bukmacher Prezydencki Unibet<\/a> : Szczeg\u00f3\u0142owy i bezp\u0142atny przewodnik, jak postawi\u0107 sw\u00f3j pierwszy zak\u0142ad online ze wszystkimi kursami i jak skorzysta\u0107 z oferowanego bonusu!<\/p>\n\n\n\n<p>Podobnie jak inne strony z zak\u0142adami online: <a href=\"https:\/\/parier-presidentielle.com\/pl\/unibet-policy-wybory-2022\/\">Bwin<\/a>, <a href=\"https:\/\/parier-presidentielle.com\/pl\/netbet-paris-politics-wybory-2022\/\">NetBet<\/a>, <a href=\"https:\/\/parier-presidentielle.com\/pl\/betclic-prezydencki-2022\/\">Betclic<\/a>, <a href=\"https:\/\/parier-presidentielle.com\/pl\/winmax-policy-wybory-2022\/\">Winamax<\/a>, Parions Sport, Zebet, Betway, Francja-Pari, Vbet, Cloudbet, 1Xbit, 1xbet, Betfair, Betwinner\u2026<\/p>\n\n\n\n<div class=\"wp-block-columns is-layout-flex wp-container-11 wp-block-columns-is-layout-flex\">\n<div class=\"wp-block-column is-layout-flow wp-block-column-is-layout-flow\" style=\"flex-basis:33.33%\">\n<p>W\u0142a\u015bnie przeczyta\u0142e\u015b nasz plik:<\/p>\n<\/div>\n\n\n\n<div class=\"wp-block-column is-layout-flow wp-block-column-is-layout-flow\" style=\"flex-basis:33.33%\">\n<div class=\"wp-block-group is-layout-flow wp-block-group-is-layout-flow\"><div class=\"wp-block-group__inner-container\"><h4 class=\"has-text-align-center wp-block-post-title\"><span id=\"macron-8211-le-pen-les-bookmakers-donnent-leur-cotes-pour-le-second-tour-de-l8217election-presidentielle\"><a href=\"https:\/\/parier-presidentielle.com\/pl\/bukmacher-macron-le-pen\/\" target=\"_self\" >Macron \u2013 Le Pen: Bukmacherzy podaj\u0105 swoje szanse na drug\u0105 tur\u0119 wybor\u00f3w prezydenckich<\/a><\/span><\/h4><\/div><\/div>\n<\/div>\n\n\n\n<div class=\"wp-block-column is-layout-flow wp-block-column-is-layout-flow\" style=\"flex-basis:33.33%\">\n<p class=\"has-text-align-right\">Czytaj dalej z naszymi innymi ekskluzywnymi plikami,<\/p>\n<\/div>\n<\/div>\n\n\n\n<h3 class=\"wp-block-heading\" id=\"tous-les-pronostics-sondage-et-cotes-pour-parier-sur-le-futur-vainqueur-de-l-election-presidentielle-2022\"><span id=\"tous-les-pronostics-sondage-et-cotes-pour-parier-sur-le-futur-vainqueur-de-l8217election-presidentielle-2024\">Wszystkie prognozy, ankiety i kursy, kt\u00f3re mo\u017cna obstawi\u0107 na przysz\u0142ego zwyci\u0119zc\u0119 wybor\u00f3w prezydenckich w 2024 r.:<\/span><\/h3>\n\n\n\n<ul>\n<li><a href=\"https:\/\/parier-presidentielle.com\/pl\/macron-elekcja\/\">Postaw na Emmanuela Macrona z Unibet, Betclic, Bwin<\/a> : ulubieniec sonda\u017cy i prognoz <\/li>\n\n\n\n<li><a href=\"https:\/\/parier-presidentielle.com\/pl\/marine-le-pen-wybory\/\">Marine Le Pen: Jej kursy i jak obstawia\u0107 u bukmacher\u00f3w<\/a>: Challenger wed\u0142ug Unibet<\/li>\n<\/ul>\n\n\n\n<p><\/p>\n\n\n\n<center><script type=\"text\/javascript\" charset=\"utf-8\" src=\"https:\/\/www.gambling-affiliation.com\/cpm\/v=AmIMTDSs92QY6b0MzDMvM5laCjJ-ZlA-1oQ-7tKsi.w_GA7331V2\"><\/script><\/center>\n\n\n\n<h3 class=\"wp-block-heading\"><span id=\"donald-trump-vs-joe-biden-la-video-qui-lance-les-paris-en-ligne-sur-l8217election-politique-de-2024\">Donald Trump kontra Joe Biden: film rozpoczynaj\u0105cy obstawianie zak\u0142ad\u00f3w online na wybory polityczne w 2024 r<\/span><\/h3>\n\n\n\n<figure class=\"wp-block-embed is-type-video is-provider-youtube wp-block-embed-youtube wp-embed-aspect-16-9 wp-has-aspect-ratio\"><div class=\"wp-block-embed__wrapper\">\n<iframe loading=\"lazy\" title=\"By\u0142y prezydent Donald Trump og\u0142asza ofert\u0119 Bia\u0142ego Domu na rok 2024 #Short\" width=\"640\" height=\"360\" src=\"https:\/\/www.youtube.com\/embed\/hZykPRVe4Ag?feature=oembed\" frameborder=\"0\" allow=\"accelerometer; autoplay; clipboard-write; encrypted-media; gyroscope; picture-in-picture; web-share\" allowfullscreen><\/iframe>\n<\/div><\/figure>\n\n\n<div class=\"wp-block-image\">\n<figure class=\"aligncenter size-medium\"><a href=\"https:\/\/parier-presidentielle.com\/pl\/recommends\/unibet\/\" target=\"_blank\" rel=\"noopener\"><img decoding=\"async\" loading=\"lazy\" width=\"300\" height=\"169\" src=\"https:\/\/parier-presidentielle.com\/wp-content\/uploads\/2022\/04\/unibet-300x169.jpg\" alt=\"\" class=\"wp-image-1252\" srcset=\"https:\/\/parier-presidentielle.com\/wp-content\/uploads\/2022\/04\/unibet-300x169.jpg 300w, https:\/\/parier-presidentielle.com\/wp-content\/uploads\/2022\/04\/unibet-1024x576.jpg 1024w, https:\/\/parier-presidentielle.com\/wp-content\/uploads\/2022\/04\/unibet-768x432.jpg 768w, https:\/\/parier-presidentielle.com\/wp-content\/uploads\/2022\/04\/unibet-18x10.jpg 18w, https:\/\/parier-presidentielle.com\/wp-content\/uploads\/2022\/04\/unibet.jpg 1280w\" sizes=\"(max-width: 300px) 100vw, 300px\" \/><\/a><\/figure><\/div>\n\n\n<p>Znajd\u017a Wiki, najwa\u017cniejsze wiadomo\u015bci polityczne na temat konopi indyjskich i ich legalnych pochodnych: <strong>HHC, H4cbd, Thcp, Thcv, HSD, HHCPO, C4B<\/strong><\/p>\n<div id=\"toc_container\" class=\"no_bullets\"><p class=\"toc_title\">Spis tre\u015bci<\/p><ul class=\"toc_list\"><li><ul><li><\/li><li><\/li><\/ul><\/li><li><\/li><li><\/li><li><ul><li><ul><li><\/li><\/ul><\/li><li><\/li><li><\/li><\/ul><\/li><\/ul><\/div>","protected":false},"excerpt":{"rendered":"<p>Emmanuel Macron gagnant de la pr\u00e9sidentielle face \u00e0 Marine Le Pen? Les bookmakers ou sites de paris proposent d\u00e9sormais de parier en ligne se le vainqueur de l&#8217;\u00e9lection pr\u00e9sidentielle de 2022. En France il est possible de parier seulement avec Unibet sur la politique. Cela signifie que vous pouvez parier sur leur victoire ou leur &#8230;<\/p>","protected":false},"author":1,"featured_media":0,"parent":0,"menu_order":0,"comment_status":"closed","ping_status":"closed","template":"page-nosidebar.php","meta":{"footnotes":""},"yoast_head":"<!-- This site is optimized with the Yoast SEO Premium plugin v21.0 (Yoast SEO v21.0) - https:\/\/yoast.com\/wordpress\/plugins\/seo\/ -->\n<title>Macron - Le Pen : les Bookmakers donnent leur Cotes pour le Second tour de l&#039;\u00e9lection pr\u00e9sidentielle - Finale Coupe du Monde FIFA<\/title>\n<meta name=\"description\" content=\"Les cotes des bookmakers pour parier sur le second tour Macron - Le Pen\" \/>\n<meta name=\"robots\" content=\"index, follow, max-snippet:-1, max-image-preview:large, max-video-preview:-1\" \/>\n<link rel=\"canonical\" href=\"https:\/\/parier-presidentielle.com\/pl\/bukmacher-macron-le-pen\/\" \/>\n<meta property=\"og:locale\" content=\"pl_PL\" \/>\n<meta property=\"og:type\" content=\"article\" \/>\n<meta property=\"og:title\" content=\"Macron - Le Pen : les Bookmakers donnent leur Cotes pour le Second tour de l&#039;\u00e9lection pr\u00e9sidentielle\" \/>\n<meta property=\"og:description\" content=\"Les cotes des bookmakers pour parier sur le second tour Macron - Le Pen\" \/>\n<meta property=\"og:url\" content=\"https:\/\/parier-presidentielle.com\/pl\/bukmacher-macron-le-pen\/\" \/>\n<meta property=\"og:site_name\" content=\"Parier Pr\u00e9sidentielle\" \/>\n<meta property=\"article:modified_time\" content=\"2022-04-24T16:08:09+00:00\" \/>\n<meta property=\"og:image\" content=\"https:\/\/parier-presidentielle.com\/wp-content\/uploads\/2022\/04\/unibet-cote-macron-le-pen-2022-1024x202.jpg\" \/>\n<meta name=\"twitter:card\" content=\"summary_large_image\" \/>\n<meta name=\"twitter:label1\" content=\"Szacowany czas czytania\" \/>\n\t<meta name=\"twitter:data1\" content=\"5 minut\" \/>\n<script type=\"application\/ld+json\" class=\"yoast-schema-graph\">{\"@context\":\"https:\/\/schema.org\",\"@graph\":[{\"@type\":\"WebPage\",\"@id\":\"https:\/\/parier-presidentielle.com\/macron-le-pen-bookmaker\/\",\"url\":\"https:\/\/parier-presidentielle.com\/macron-le-pen-bookmaker\/\",\"name\":\"Macron - Le Pen : les Bookmakers donnent leur Cotes pour le Second tour de l'\u00e9lection pr\u00e9sidentielle - Finale Coupe du Monde FIFA\",\"isPartOf\":{\"@id\":\"https:\/\/parier-presidentielle.com\/#website\"},\"datePublished\":\"2021-09-06T20:23:37+00:00\",\"dateModified\":\"2022-04-24T16:08:09+00:00\",\"description\":\"Les cotes des bookmakers pour parier sur le second tour Macron - Le Pen\",\"breadcrumb\":{\"@id\":\"https:\/\/parier-presidentielle.com\/macron-le-pen-bookmaker\/#breadcrumb\"},\"inLanguage\":\"pl-PL\",\"potentialAction\":[{\"@type\":\"ReadAction\",\"target\":[\"https:\/\/parier-presidentielle.com\/macron-le-pen-bookmaker\/\"]}]},{\"@type\":\"BreadcrumbList\",\"@id\":\"https:\/\/parier-presidentielle.com\/macron-le-pen-bookmaker\/#breadcrumb\",\"itemListElement\":[{\"@type\":\"ListItem\",\"position\":1,\"name\":\"Accueil\",\"item\":\"https:\/\/parier-presidentielle.com\/\"},{\"@type\":\"ListItem\",\"position\":2,\"name\":\"Macron &#8211; Le Pen : les Bookmakers donnent leur Cotes pour le Second tour de l&#8217;\u00e9lection pr\u00e9sidentielle\"}]},{\"@type\":\"WebSite\",\"@id\":\"https:\/\/parier-presidentielle.com\/#website\",\"url\":\"https:\/\/parier-presidentielle.com\/\",\"name\":\"Parier Pr\u00e9sidentielle\",\"description\":\"Paris, Pronostics, Wiki sur la Politique, les Elections Am\u00e9ricaines: Joe Biden, Donald Trump avec les Bookmakers en ligne Unibet, Bwin, Betclic, Winamax\",\"potentialAction\":[{\"@type\":\"SearchAction\",\"target\":{\"@type\":\"EntryPoint\",\"urlTemplate\":\"https:\/\/parier-presidentielle.com\/?s={search_term_string}\"},\"query-input\":\"required name=search_term_string\"}],\"inLanguage\":\"pl-PL\"}]}<\/script>\n<!-- \/ Yoast SEO Premium plugin. -->","yoast_head_json":{"title":"Macron - Le Pen : les Bookmakers donnent leur Cotes pour le Second tour de l'\u00e9lection pr\u00e9sidentielle - Finale Coupe du Monde FIFA","description":"Les cotes des bookmakers pour parier sur le second tour Macron - Le Pen","robots":{"index":"index","follow":"follow","max-snippet":"max-snippet:-1","max-image-preview":"max-image-preview:large","max-video-preview":"max-video-preview:-1"},"canonical":"https:\/\/parier-presidentielle.com\/pl\/bukmacher-macron-le-pen\/","og_locale":"pl_PL","og_type":"article","og_title":"Macron - Le Pen : les Bookmakers donnent leur Cotes pour le Second tour de l'\u00e9lection pr\u00e9sidentielle","og_description":"Les cotes des bookmakers pour parier sur le second tour Macron - Le Pen","og_url":"https:\/\/parier-presidentielle.com\/pl\/bukmacher-macron-le-pen\/","og_site_name":"Parier Pr\u00e9sidentielle","article_modified_time":"2022-04-24T16:08:09+00:00","og_image":[{"url":"https:\/\/parier-presidentielle.com\/wp-content\/uploads\/2022\/04\/unibet-cote-macron-le-pen-2022-1024x202.jpg"}],"twitter_card":"summary_large_image","twitter_misc":{"Szacowany czas czytania":"5 minut"},"schema":{"@context":"https:\/\/schema.org","@graph":[{"@type":"WebPage","@id":"https:\/\/parier-presidentielle.com\/macron-le-pen-bookmaker\/","url":"https:\/\/parier-presidentielle.com\/macron-le-pen-bookmaker\/","name":"Macron - Le Pen : les Bookmakers donnent leur Cotes pour le Second tour de l'\u00e9lection pr\u00e9sidentielle - Finale Coupe du Monde FIFA","isPartOf":{"@id":"https:\/\/parier-presidentielle.com\/#website"},"datePublished":"2021-09-06T20:23:37+00:00","dateModified":"2022-04-24T16:08:09+00:00","description":"Les cotes des bookmakers pour parier sur le second tour Macron - Le Pen","breadcrumb":{"@id":"https:\/\/parier-presidentielle.com\/macron-le-pen-bookmaker\/#breadcrumb"},"inLanguage":"pl-PL","potentialAction":[{"@type":"ReadAction","target":["https:\/\/parier-presidentielle.com\/macron-le-pen-bookmaker\/"]}]},{"@type":"BreadcrumbList","@id":"https:\/\/parier-presidentielle.com\/macron-le-pen-bookmaker\/#breadcrumb","itemListElement":[{"@type":"ListItem","position":1,"name":"Accueil","item":"https:\/\/parier-presidentielle.com\/"},{"@type":"ListItem","position":2,"name":"Macron &#8211; Le Pen : les Bookmakers donnent leur Cotes pour le Second tour de l&#8217;\u00e9lection pr\u00e9sidentielle"}]},{"@type":"WebSite","@id":"https:\/\/parier-presidentielle.com\/#website","url":"https:\/\/parier-presidentielle.com\/","name":"Parier Pr\u00e9sidentielle","description":"Paris, Pronostics, Wiki sur la Politique, les Elections Am\u00e9ricaines: Joe Biden, Donald Trump avec les Bookmakers en ligne Unibet, Bwin, Betclic, Winamax","potentialAction":[{"@type":"SearchAction","target":{"@type":"EntryPoint","urlTemplate":"https:\/\/parier-presidentielle.com\/?s={search_term_string}"},"query-input":"required name=search_term_string"}],"inLanguage":"pl-PL"}]}},"_links":{"self":[{"href":"https:\/\/parier-presidentielle.com\/pl\/wp-json\/wp\/v2\/pages\/30"}],"collection":[{"href":"https:\/\/parier-presidentielle.com\/pl\/wp-json\/wp\/v2\/pages"}],"about":[{"href":"https:\/\/parier-presidentielle.com\/pl\/wp-json\/wp\/v2\/types\/page"}],"author":[{"embeddable":true,"href":"https:\/\/parier-presidentielle.com\/pl\/wp-json\/wp\/v2\/users\/1"}],"replies":[{"embeddable":true,"href":"https:\/\/parier-presidentielle.com\/pl\/wp-json\/wp\/v2\/comments?post=30"}],"version-history":[{"count":16,"href":"https:\/\/parier-presidentielle.com\/pl\/wp-json\/wp\/v2\/pages\/30\/revisions"}],"predecessor-version":[{"id":1649,"href":"https:\/\/parier-presidentielle.com\/pl\/wp-json\/wp\/v2\/pages\/30\/revisions\/1649"}],"wp:attachment":[{"href":"https:\/\/parier-presidentielle.com\/pl\/wp-json\/wp\/v2\/media?parent=30"}],"curies":[{"name":"wp","href":"https:\/\/api.w.org\/{rel}","templated":true}]}}