{"id":31,"date":"2021-09-06T22:20:59","date_gmt":"2021-09-06T20:20:59","guid":{"rendered":"https:\/\/parier-presidentielle.com\/?page_id=31"},"modified":"2022-04-26T15:43:52","modified_gmt":"2022-04-26T13:43:52","slug":"macron-election","status":"publish","type":"page","link":"https:\/\/parier-presidentielle.com\/pl\/macron-elekcja\/","title":{"rendered":"Postaw na wyb\u00f3r Emmanuela Macrona"},"content":{"rendered":"<div class=\"wp-block-columns is-layout-flex wp-container-4 wp-block-columns-is-layout-flex\">\n<div class=\"wp-block-column is-layout-flow wp-block-column-is-layout-flow\" style=\"flex-basis:100%\">\n<div class=\"wp-block-columns is-layout-flex wp-container-2 wp-block-columns-is-layout-flex\">\n<div class=\"wp-block-column is-layout-flow wp-block-column-is-layout-flow\" style=\"flex-basis:100%\">\n<center><script type=\"text\/javascript\" charset=\"utf-8\" src=\"https:\/\/www.gambling-affiliation.com\/cpm\/v=AmIMTDSs92QY6b0MzDMvM5laCjJ-ZlA-1oQ-7tKsi.w_GA7331V2\"><\/script><\/center>\n\n\n\n<p><\/p>\n\n\n\n<div class=\"wp-block-image is-style-default\"><figure class=\"aligncenter size-medium\"><a href=\"https:\/\/parier-presidentielle.com\/pl\/recommends\/unibet-logo\/\" target=\"_blank\" rel=\"no follow noopener\"><img decoding=\"async\" loading=\"lazy\" width=\"300\" height=\"169\" src=\"https:\/\/parier-presidentielle.com\/wp-content\/uploads\/2022\/04\/unibet-300x169.jpg\" alt=\"\" class=\"wp-image-1252\" srcset=\"https:\/\/parier-presidentielle.com\/wp-content\/uploads\/2022\/04\/unibet-300x169.jpg 300w, https:\/\/parier-presidentielle.com\/wp-content\/uploads\/2022\/04\/unibet-1024x576.jpg 1024w, https:\/\/parier-presidentielle.com\/wp-content\/uploads\/2022\/04\/unibet-768x432.jpg 768w, https:\/\/parier-presidentielle.com\/wp-content\/uploads\/2022\/04\/unibet-18x10.jpg 18w, https:\/\/parier-presidentielle.com\/wp-content\/uploads\/2022\/04\/unibet.jpg 1280w\" sizes=\"(max-width: 300px) 100vw, 300px\" \/><\/a><\/figure><\/div>\n<\/div>\n<\/div>\n<\/div>\n<\/div>\n\n\n\n<h2 class=\"wp-block-heading\"><span id=\"cote-et-pronostics-pour-le-candidat-emmanuel-macron-paris-en-ligne-sur-la-politique-et-le-futur-president-de-la-france-de-2022\">Szanse i przewidywania dla kandydata Emmanuela Macrona:<br>Zak\u0142ady online na polityk\u0119 i przysz\u0142ego prezydenta Francji w 2022 r.<br><\/span><\/h2>\n\n\n\n<div class=\"wp-block-image wp-duotone-000097-ff4747-5\"><figure class=\"aligncenter size-full is-resized\"><img decoding=\"async\" loading=\"lazy\" src=\"https:\/\/parier-presidentielle.com\/wp-content\/uploads\/2021\/09\/6TNLTJIHZ5EAXMULO2IZVXGGGA.jpg\" alt=\"Kandydat Emmanuel Macron\" class=\"wp-image-388\" width=\"456\" height=\"284\" srcset=\"https:\/\/parier-presidentielle.com\/wp-content\/uploads\/2021\/09\/6TNLTJIHZ5EAXMULO2IZVXGGGA.jpg 932w, https:\/\/parier-presidentielle.com\/wp-content\/uploads\/2021\/09\/6TNLTJIHZ5EAXMULO2IZVXGGGA-300x187.jpg 300w, https:\/\/parier-presidentielle.com\/wp-content\/uploads\/2021\/09\/6TNLTJIHZ5EAXMULO2IZVXGGGA-768x480.jpg 768w\" sizes=\"(max-width: 456px) 100vw, 456px\" \/><\/figure><\/div>\n\n\n\n<h3 class=\"wp-block-heading\" id=\"comment-realiser-son-1-pari-avec-bwin-c\"><span id=\"comment-realiser-son-1er-pari-sur-macron-avec-unibet\">Jak postawi\u0107 sw\u00f3j pierwszy zak\u0142ad na Macrona w Unibet?<\/span><\/h3>\n\n\n\n<p id=\"comment-realiser-son-1-pari-avec-bwin-c\">Tak jak mo\u017cna obstawia\u0107 zwyci\u0119stwo swojej ulubionej dru\u017cyny pi\u0142karskiej, tak te\u017c mo\u017cna obstawi\u0107 zwyci\u0119zc\u0119 wy\u015bcigu do Pa\u0142acu Elizejskiego \u2013 jest to szybkie i proste!<\/p>\n\n\n\n<ol><li>Wybierz Kandydata, na kt\u00f3rego chcesz postawi\u0107:<br> w naszym przyk\u0142adzie jest to Emmanuel Macron!<br><\/li><li>Wska\u017c stawk\u0119, kt\u00f3r\u0105 chcesz postawi\u0107:<br>100\u20ac w naszej symulacji<br><\/li><li>A teraz to koniec!<br>Na naszym zrzucie ekranu kurs wynosi 1,14, a stawka 100 \u20ac. W przypadku zwyci\u0119stwa wygrywasz 114 \u20ac!<\/li><\/ol>\n\n\n\n<p><\/p>\n\n\n\n<div class=\"wp-block-image\"><figure class=\"aligncenter size-large is-resized\"><img decoding=\"async\" loading=\"lazy\" src=\"https:\/\/parier-presidentielle.com\/wp-content\/uploads\/2022\/04\/unibet-parier-cote-macron-2022-1024x606.jpg\" alt=\"\" class=\"wp-image-1521\" width=\"768\" height=\"455\" srcset=\"https:\/\/parier-presidentielle.com\/wp-content\/uploads\/2022\/04\/unibet-parier-cote-macron-2022-1024x606.jpg 1024w, https:\/\/parier-presidentielle.com\/wp-content\/uploads\/2022\/04\/unibet-parier-cote-macron-2022-300x178.jpg 300w, https:\/\/parier-presidentielle.com\/wp-content\/uploads\/2022\/04\/unibet-parier-cote-macron-2022-768x455.jpg 768w, https:\/\/parier-presidentielle.com\/wp-content\/uploads\/2022\/04\/unibet-parier-cote-macron-2022-18x12.jpg 18w, https:\/\/parier-presidentielle.com\/wp-content\/uploads\/2022\/04\/unibet-parier-cote-macron-2022.jpg 1247w\" sizes=\"(max-width: 768px) 100vw, 768px\" \/><\/figure><\/div>\n\n\n\n<p class=\"has-text-align-center unibet\" style=\"font-size:25px\"><mark style=\"background-color:rgba(0, 0, 0, 0);color:#0d7a12\" class=\"has-inline-color\"><strong><a href=\"https:\/\/parier-presidentielle.com\/pl\/recommends\/unibet-text\/\">Bonus 100 \u20ac oferowany w Unibet <br>Tw\u00f3j pierwszy zak\u0142ad online: Kliknij tutaj<\/a><\/strong><\/mark><\/p>\n\n\n\n<h2 class=\"wp-block-heading\"><span id=\"pourquoi-parier-avec-les-bookmakers-unibet-bwin-betclic-sur-la-victoire-du-candidat-emmanuel-macron-pour-le-second-tour\">Po co stawia\u0107 z bukmacherami: Unibet, Bwin, Betclic na zwyci\u0119stwo kandydata Emmanuela Macrona w drugiej turze?<\/span><\/h2>\n\n\n\n<p><strong>Nie przegap swojej szansy, o wyborze zadecyduje kilka punkt\u00f3w, a Ty mo\u017cesz j\u0105 wykorzysta\u0107 i wygra\u0107 du\u017co pieni\u0119dzy!<\/strong><\/p>\n\n\n\n<p>S\u0142owa kluczowe strony: <br><br><br> \u201eRipoliner la fa\u00e7ade\u201d, \u201eFinito\u201d i \u201eC\u2019est pas G\u00e9rard Majax\u201d debata mi\u0119dzy dwoma zwrotami z nowymi wyra\u017ceniami,)<\/p>\n\n\n\n<p>Szanse na to, kto wygra wybory prezydenckie w 2022 r., wskazuj\u0105 na bardzo zaci\u0119ty wy\u015bcig pomi\u0119dzy Emmanuelem Macronem a Marine Le Pen. Zalecamy obstawianie obecnego prezydenta!<br>Dobra wiadomo\u015b\u0107 jest taka, \u017ce nawet je\u015bli postawisz na Marine le Pen i podejmiesz wi\u0119ksze ryzyko, aby skorzysta\u0107 z lepszych kurs\u00f3w, bukmacher unibet zwr\u00f3ci Ci kwot\u0119 za pierwszy zak\u0142ad!<\/p>\n\n\n\n<p><\/p>\n\n\n\n<p>Wybory prezydenckie: strony z zak\u0142adami oferuj\u0105 dobre kursy na Marine Le Pen.<\/p>\n\n\n\n<p>Por\u00f3wnanie kurs\u00f3w bukmacher\u00f3w pokazuje, \u017ce konkurencja mi\u0119dzy Emmanuelem Macronem i Marine Le Pen jest zaci\u0119ta. Mo\u017cesz zatem dokonywa\u0107 swoich przewidywa\u0144, obstawiaj\u0105c online na Bwin, Unibet lub Betclic w\u015br\u00f3d innych bukmacher\u00f3w nasz wyb\u00f3r, aby znale\u017a\u0107 wszystkie najlepsze strony bukmacherskie do obstawiania sportu i polityki.<\/p>\n\n\n\n<h2 class=\"wp-block-heading\"><span id=\"emmanuel-macron-son-histoire-pour-mieux-parier-avant-le-second-tour-face-a-marine-le-pen\">Emmanuel Macron swoj\u0105 histori\u0119, aby lepiej postawi\u0107 przed drug\u0105 rund\u0105 przeciwko Marine Le Pen<\/span><\/h2>\n\n\n\n<p><\/p>\n\n\n\n<p>Emmanuel Jean-Michel Fr\u00e9d\u00e9ric Macron (francuski:; urodzony 21 grudnia 1977) to francuski polityk, kt\u00f3ry pe\u0142ni funkcj\u0119 prezydenta Francji od 14 maja 2017 r.<\/p>\n\n\n\n<p>Urodzony w Amiens Macron studiowa\u0142 filozofi\u0119 na uniwersytecie Paris Nanterre, p\u00f3\u017aniej uzyska\u0142 tytu\u0142 magistra spraw publicznych w Sciences Po i uko\u0144czy\u0142 \u00c9cole Nationale d&#039;administration w 2004 r. Pracowa\u0142 jako starszy urz\u0119dnik pa\u0144stwowy w Generalnym Inspektoracie Finans\u00f3w, a nast\u0119pnie zosta\u0142 bankier inwestycyjny w Rothschild &amp; Co.<\/p>\n\n\n\n<p>Macron zosta\u0142 mianowany zast\u0119pc\u0105 sekretarza generalnego przez prezydenta Fran\u00e7ois Hollande&#039;a wkr\u00f3tce po jego wyborze w maju 2012 r., co czyni Macrona jednym z g\u0142\u00f3wnych doradc\u00f3w Hollande&#039;a. Nast\u0119pnie w sierpniu 2014 r. zosta\u0142 powo\u0142any do francuskiego gabinetu na stanowisko Ministra Gospodarki, Przemys\u0142u i Cyfryzacji przez premiera Manuela Vallsa. Na tym stanowisku Macron by\u0142 or\u0119downikiem szeregu reform przyjaznych biznesowi. Zrezygnowa\u0142 z cz\u0142onkostwa w rz\u0105dzie w sierpniu 2016 r., rozpoczynaj\u0105c kampani\u0119 przed wyborami prezydenckimi we Francji w 2017 r. Cho\u0107 Macron by\u0142 cz\u0142onkiem Partii Socjalistycznej w latach 2006\u20132009, ubiega\u0142 si\u0119 o urz\u0105d pod sztandarem La R\u00e9publique en marche!, centrowej i centrowej proeuropejski ruch polityczny, kt\u00f3ry za\u0142o\u017cy\u0142 w kwietniu 2016 r.<\/p>\n\n\n\n<p>Cz\u0119\u015bciowo dzi\u0119ki aferze Fillona Macron zwyci\u0119\u017cy\u0142 w pierwszej turze i 7 maja 2017 r. zosta\u0142 wybrany na prezydenta Francji w drugiej turze, zdobywaj\u0105c 66,1% g\u0142os\u00f3w, pokonuj\u0105c Marine Le Pen. W wieku 39 lat Macron zosta\u0142 najm\u0142odszym prezydentem w historii Francji. Premierem mianowa\u0142 \u00c9douarda Philippe\u2019a, a miesi\u0105c p\u00f3\u017aniej w wyborach do parlamentu we Francji w 2017 r. partia Macrona, przemianowana na La R\u00e9publique en Marche (LREM), zdoby\u0142a wi\u0119kszo\u015b\u0107 w Zgromadzeniu Narodowym. Podczas swojej prezydentury Macron nadzorowa\u0142 kilka reform prawa pracy i podatk\u00f3w. Sprzeciw wobec jego reform, zw\u0142aszcza proponowanego podatku paliwowego, osi\u0105gn\u0105\u0142 punkt kulminacyjny w protestach \u201e\u017c\u00f3\u0142tych kamizelek\u201d w 2018 r. i innych demonstracjach. W 2020 r. po rezygnacji Philippe&#039;a mianowa\u0142 Jeana Castexa na stanowisko premiera. Od 2020 r. kieruje bie\u017c\u0105cymi reakcjami Francji na pandemi\u0119 Covid-19 i wdra\u017caniem szczepie\u0144.<br><\/p>\n\n\n\n<h2 class=\"wp-block-heading\"><span id=\"i\"><br><\/span><\/h2>\n\n\n\n<p class=\"has-text-align-center unibet\" style=\"font-size:25px\"><mark style=\"background-color:rgba(0, 0, 0, 0);color:#0d7a12\" class=\"has-inline-color\"><strong><a href=\"https:\/\/parier-presidentielle.com\/pl\/recommends\/unibet\/\">Bonus 150 \u20ac oferowany w Unibet<br>Tw\u00f3j pierwszy zak\u0142ad polityczny lub sportowy: Kliknij tutaj<\/a><\/strong><\/mark><\/p>\n\n\n\n<p><\/p>\n\n\n<div class=\"wp-block-image\">\n<figure class=\"aligncenter is-resized wp-duotone-000097-ff4747-6\"><img decoding=\"async\" loading=\"lazy\" src=\"https:\/\/parier-presidentielle.com\/wp-content\/uploads\/2021\/09\/election-standard-scale-4_00x-gigapixel-1024x623.jpg\" alt=\"Wybory 2022\" style=\"width:256px;height:156px\" width=\"256\" height=\"156\"\/><\/figure><\/div>\n\n\n<p><br><\/p>\n\n\n\n<p><strong>Parier-presidentielle pomaga dokona\u0107 wyboru mi\u0119dzy r\u00f3\u017cnymi<a href=\"https:\/\/parier-presidentielle.com\/pl\/\"> Bukmacherzy Bwin, Unibet, Betclic obstawiaj\u0105 przysz\u0142ego ameryka\u0144skiego prezydenta w 2024 roku<\/a> : <\/strong><br><a href=\"https:\/\/parier-presidentielle.com\/pl\/unibet-policy-wybory-2022\/\">Bukmacher Prezydencki Unibet<\/a> : Szczeg\u00f3\u0142owy i bezp\u0142atny przewodnik, jak postawi\u0107 sw\u00f3j pierwszy zak\u0142ad online ze wszystkimi kursami i jak skorzysta\u0107 z oferowanego bonusu!<\/p>\n\n\n\n<p>Podobnie jak inne strony z zak\u0142adami online: <a href=\"https:\/\/parier-presidentielle.com\/pl\/unibet-policy-wybory-2022\/\">Bwin<\/a>, <a href=\"https:\/\/parier-presidentielle.com\/pl\/netbet-paris-politics-wybory-2022\/\">NetBet<\/a>, <a href=\"https:\/\/parier-presidentielle.com\/pl\/betclic-prezydencki-2022\/\">Betclic<\/a>, <a href=\"https:\/\/parier-presidentielle.com\/pl\/winmax-policy-wybory-2022\/\">Winamax<\/a>, Parions Sport, Zebet, Betway, Francja-Pari, Vbet, Cloudbet, 1Xbit, 1xbet, Betfair, Betwinner\u2026<\/p>\n\n\n\n<div class=\"wp-block-columns is-layout-flex wp-container-11 wp-block-columns-is-layout-flex\">\n<div class=\"wp-block-column is-layout-flow wp-block-column-is-layout-flow\" style=\"flex-basis:33.33%\">\n<p>W\u0142a\u015bnie przeczyta\u0142e\u015b nasz plik:<\/p>\n<\/div>\n\n\n\n<div class=\"wp-block-column is-layout-flow wp-block-column-is-layout-flow\" style=\"flex-basis:33.33%\">\n<div class=\"wp-block-group is-layout-flow wp-block-group-is-layout-flow\"><div class=\"wp-block-group__inner-container\"><h4 class=\"has-text-align-center wp-block-post-title\"><span id=\"parier-sur-l8217election-d8217emmanuel-macron\"><a href=\"https:\/\/parier-presidentielle.com\/pl\/macron-elekcja\/\" target=\"_self\" >Postaw na wyb\u00f3r Emmanuela Macrona<\/a><\/span><\/h4><\/div><\/div>\n<\/div>\n\n\n\n<div class=\"wp-block-column is-layout-flow wp-block-column-is-layout-flow\" style=\"flex-basis:33.33%\">\n<p class=\"has-text-align-right\">Czytaj dalej z naszymi innymi ekskluzywnymi plikami,<\/p>\n<\/div>\n<\/div>\n\n\n\n<h3 class=\"wp-block-heading\" id=\"tous-les-pronostics-sondage-et-cotes-pour-parier-sur-le-futur-vainqueur-de-l-election-presidentielle-2022\"><span id=\"tous-les-pronostics-sondage-et-cotes-pour-parier-sur-le-futur-vainqueur-de-l8217election-presidentielle-2024\">Wszystkie prognozy, ankiety i kursy, kt\u00f3re mo\u017cna obstawi\u0107 na przysz\u0142ego zwyci\u0119zc\u0119 wybor\u00f3w prezydenckich w 2024 r.:<\/span><\/h3>\n\n\n\n<ul>\n<li><a href=\"https:\/\/parier-presidentielle.com\/pl\/macron-elekcja\/\">Postaw na Emmanuela Macrona z Unibet, Betclic, Bwin<\/a> : ulubieniec sonda\u017cy i prognoz <\/li>\n\n\n\n<li><a href=\"https:\/\/parier-presidentielle.com\/pl\/marine-le-pen-wybory\/\">Marine Le Pen: Jej kursy i jak obstawia\u0107 u bukmacher\u00f3w<\/a>: Challenger wed\u0142ug Unibet<\/li>\n<\/ul>\n\n\n\n<p><\/p>\n\n\n\n<center><script type=\"text\/javascript\" charset=\"utf-8\" src=\"https:\/\/www.gambling-affiliation.com\/cpm\/v=AmIMTDSs92QY6b0MzDMvM5laCjJ-ZlA-1oQ-7tKsi.w_GA7331V2\"><\/script><\/center>\n\n\n\n<h3 class=\"wp-block-heading\"><span id=\"donald-trump-vs-joe-biden-la-video-qui-lance-les-paris-en-ligne-sur-l8217election-politique-de-2024\">Donald Trump kontra Joe Biden: film rozpoczynaj\u0105cy obstawianie zak\u0142ad\u00f3w online na wybory polityczne w 2024 r<\/span><\/h3>\n\n\n\n<figure class=\"wp-block-embed is-type-video is-provider-youtube wp-block-embed-youtube wp-embed-aspect-16-9 wp-has-aspect-ratio\"><div class=\"wp-block-embed__wrapper\">\n<iframe loading=\"lazy\" title=\"By\u0142y prezydent Donald Trump og\u0142asza ofert\u0119 Bia\u0142ego Domu na rok 2024 #Short\" width=\"640\" height=\"360\" src=\"https:\/\/www.youtube.com\/embed\/hZykPRVe4Ag?feature=oembed\" frameborder=\"0\" allow=\"accelerometer; autoplay; clipboard-write; encrypted-media; gyroscope; picture-in-picture; web-share\" allowfullscreen><\/iframe>\n<\/div><\/figure>\n\n\n<div class=\"wp-block-image\">\n<figure class=\"aligncenter size-medium\"><a href=\"https:\/\/parier-presidentielle.com\/pl\/recommends\/unibet\/\" target=\"_blank\" rel=\"noopener\"><img decoding=\"async\" loading=\"lazy\" width=\"300\" height=\"169\" src=\"https:\/\/parier-presidentielle.com\/wp-content\/uploads\/2022\/04\/unibet-300x169.jpg\" alt=\"\" class=\"wp-image-1252\" srcset=\"https:\/\/parier-presidentielle.com\/wp-content\/uploads\/2022\/04\/unibet-300x169.jpg 300w, https:\/\/parier-presidentielle.com\/wp-content\/uploads\/2022\/04\/unibet-1024x576.jpg 1024w, https:\/\/parier-presidentielle.com\/wp-content\/uploads\/2022\/04\/unibet-768x432.jpg 768w, https:\/\/parier-presidentielle.com\/wp-content\/uploads\/2022\/04\/unibet-18x10.jpg 18w, https:\/\/parier-presidentielle.com\/wp-content\/uploads\/2022\/04\/unibet.jpg 1280w\" sizes=\"(max-width: 300px) 100vw, 300px\" \/><\/a><\/figure><\/div>\n\n\n<p>Znajd\u017a Wiki, najwa\u017cniejsze wiadomo\u015bci polityczne na temat konopi indyjskich i ich legalnych pochodnych: <strong>HHC, H4cbd, Thcp, Thcv, HSD, HHCPO, C4B<\/strong><\/p>\n\n\n\n<p>S\u0142owa kluczowe strony: <br><br><br>#Macron2022, Pary\u017c Emanuel Macron, bukmacher 2022,   <br>Zwyci\u0119zca francuskich wybor\u00f3w, ankiet i ocen sportowych makrona mcfly&#039;ego i carlito, \u201eRipoliner la fa\u00e7ade\u201d, \u201eFinito\u201d i \u201eC&#039;est pas G\u00e9rard Majax\u201d debata mi\u0119dzy dwiema rundami z nowymi wyra\u017ceniami,)<\/p>\n<div id=\"toc_container\" class=\"no_bullets\"><p class=\"toc_title\">Spis tre\u015bci<\/p><ul class=\"toc_list\"><li><ul><li><\/li><\/ul><\/li><li><\/li><li><\/li><li><ul><li><ul><li><\/li><\/ul><\/li><li><\/li><li><\/li><\/ul><\/li><\/ul><\/div>","protected":false},"excerpt":{"rendered":"<p>Kursy i prognozy dla kandydata Emmanuela Macrona: Zak\u0142ady online na polityk\u0119 i przysz\u0142ego prezydenta Francji w 2022 roku Jak postawi\u0107 sw\u00f3j pierwszy zak\u0142ad na Macrona z Unibet? Tak jak mo\u017cna obstawia\u0107 zwyci\u0119stwo ulubionej dru\u017cyny pi\u0142karskiej, tak mo\u017cna obstawia\u0107 zwyci\u0119zc\u0119\u2026<\/p>","protected":false},"author":1,"featured_media":0,"parent":0,"menu_order":0,"comment_status":"closed","ping_status":"closed","template":"page-nosidebar.php","meta":{"footnotes":""},"yoast_head":"<!-- This site is optimized with the Yoast SEO Premium plugin v21.0 (Yoast SEO v21.0) - https:\/\/yoast.com\/wordpress\/plugins\/seo\/ -->\n<title>Parier sur l&#039;\u00e9lection d&#039;Emmanuel Macron - Finale Coupe du Monde FIFA<\/title>\n<meta name=\"description\" content=\"Pariez sur Emmanuel Macron pour l&#039;\u00c9lection 2022 : Cliquez Ici et Gagnez Gros! Pronostics ,Comparaison des Bookmakers et des meilleurs Cotes.\" \/>\n<meta name=\"robots\" content=\"index, follow, max-snippet:-1, max-image-preview:large, max-video-preview:-1\" \/>\n<link rel=\"canonical\" href=\"https:\/\/parier-presidentielle.com\/pl\/macron-elekcja\/\" \/>\n<meta property=\"og:locale\" content=\"pl_PL\" \/>\n<meta property=\"og:type\" content=\"article\" \/>\n<meta property=\"og:title\" content=\"Parier sur l&#039;\u00e9lection d&#039;Emmanuel Macron\" \/>\n<meta property=\"og:description\" content=\"Pariez sur Emmanuel Macron pour l&#039;\u00c9lection 2022 : Cliquez Ici et Gagnez Gros! Pronostics ,Comparaison des Bookmakers et des meilleurs Cotes.\" \/>\n<meta property=\"og:url\" content=\"https:\/\/parier-presidentielle.com\/pl\/macron-elekcja\/\" \/>\n<meta property=\"og:site_name\" content=\"Parier Pr\u00e9sidentielle\" \/>\n<meta property=\"article:modified_time\" content=\"2022-04-26T13:43:52+00:00\" \/>\n<meta property=\"og:image\" content=\"https:\/\/parier-presidentielle.com\/wp-content\/uploads\/2021\/09\/6TNLTJIHZ5EAXMULO2IZVXGGGA.jpg\" \/>\n<meta name=\"twitter:card\" content=\"summary_large_image\" \/>\n<meta name=\"twitter:label1\" content=\"Szacowany czas czytania\" \/>\n\t<meta name=\"twitter:data1\" content=\"5 minut\" \/>\n<script type=\"application\/ld+json\" class=\"yoast-schema-graph\">{\"@context\":\"https:\/\/schema.org\",\"@graph\":[{\"@type\":\"WebPage\",\"@id\":\"https:\/\/parier-presidentielle.com\/macron-election\/\",\"url\":\"https:\/\/parier-presidentielle.com\/macron-election\/\",\"name\":\"Parier sur l'\u00e9lection d'Emmanuel Macron - Finale Coupe du Monde FIFA\",\"isPartOf\":{\"@id\":\"https:\/\/parier-presidentielle.com\/#website\"},\"datePublished\":\"2021-09-06T20:20:59+00:00\",\"dateModified\":\"2022-04-26T13:43:52+00:00\",\"description\":\"Pariez sur Emmanuel Macron pour l'\u00c9lection 2022 : Cliquez Ici et Gagnez Gros! Pronostics ,Comparaison des Bookmakers et des meilleurs Cotes.\",\"breadcrumb\":{\"@id\":\"https:\/\/parier-presidentielle.com\/macron-election\/#breadcrumb\"},\"inLanguage\":\"pl-PL\",\"potentialAction\":[{\"@type\":\"ReadAction\",\"target\":[\"https:\/\/parier-presidentielle.com\/macron-election\/\"]}]},{\"@type\":\"BreadcrumbList\",\"@id\":\"https:\/\/parier-presidentielle.com\/macron-election\/#breadcrumb\",\"itemListElement\":[{\"@type\":\"ListItem\",\"position\":1,\"name\":\"Accueil\",\"item\":\"https:\/\/parier-presidentielle.com\/\"},{\"@type\":\"ListItem\",\"position\":2,\"name\":\"Parier sur l&#8217;\u00e9lection d&#8217;Emmanuel Macron\"}]},{\"@type\":\"WebSite\",\"@id\":\"https:\/\/parier-presidentielle.com\/#website\",\"url\":\"https:\/\/parier-presidentielle.com\/\",\"name\":\"Parier Pr\u00e9sidentielle\",\"description\":\"Paris, Pronostics, Wiki sur la Politique, les Elections Am\u00e9ricaines: Joe Biden, Donald Trump avec les Bookmakers en ligne Unibet, Bwin, Betclic, Winamax\",\"potentialAction\":[{\"@type\":\"SearchAction\",\"target\":{\"@type\":\"EntryPoint\",\"urlTemplate\":\"https:\/\/parier-presidentielle.com\/?s={search_term_string}\"},\"query-input\":\"required name=search_term_string\"}],\"inLanguage\":\"pl-PL\"}]}<\/script>\n<!-- \/ Yoast SEO Premium plugin. -->","yoast_head_json":{"title":"Parier sur l'\u00e9lection d'Emmanuel Macron - Finale Coupe du Monde FIFA","description":"Pariez sur Emmanuel Macron pour l'\u00c9lection 2022 : Cliquez Ici et Gagnez Gros! Pronostics ,Comparaison des Bookmakers et des meilleurs Cotes.","robots":{"index":"index","follow":"follow","max-snippet":"max-snippet:-1","max-image-preview":"max-image-preview:large","max-video-preview":"max-video-preview:-1"},"canonical":"https:\/\/parier-presidentielle.com\/pl\/macron-elekcja\/","og_locale":"pl_PL","og_type":"article","og_title":"Parier sur l'\u00e9lection d'Emmanuel Macron","og_description":"Pariez sur Emmanuel Macron pour l'\u00c9lection 2022 : Cliquez Ici et Gagnez Gros! Pronostics ,Comparaison des Bookmakers et des meilleurs Cotes.","og_url":"https:\/\/parier-presidentielle.com\/pl\/macron-elekcja\/","og_site_name":"Parier Pr\u00e9sidentielle","article_modified_time":"2022-04-26T13:43:52+00:00","og_image":[{"url":"https:\/\/parier-presidentielle.com\/wp-content\/uploads\/2021\/09\/6TNLTJIHZ5EAXMULO2IZVXGGGA.jpg"}],"twitter_card":"summary_large_image","twitter_misc":{"Szacowany czas czytania":"5 minut"},"schema":{"@context":"https:\/\/schema.org","@graph":[{"@type":"WebPage","@id":"https:\/\/parier-presidentielle.com\/macron-election\/","url":"https:\/\/parier-presidentielle.com\/macron-election\/","name":"Parier sur l'\u00e9lection d'Emmanuel Macron - Finale Coupe du Monde FIFA","isPartOf":{"@id":"https:\/\/parier-presidentielle.com\/#website"},"datePublished":"2021-09-06T20:20:59+00:00","dateModified":"2022-04-26T13:43:52+00:00","description":"Pariez sur Emmanuel Macron pour l'\u00c9lection 2022 : Cliquez Ici et Gagnez Gros! Pronostics ,Comparaison des Bookmakers et des meilleurs Cotes.","breadcrumb":{"@id":"https:\/\/parier-presidentielle.com\/macron-election\/#breadcrumb"},"inLanguage":"pl-PL","potentialAction":[{"@type":"ReadAction","target":["https:\/\/parier-presidentielle.com\/macron-election\/"]}]},{"@type":"BreadcrumbList","@id":"https:\/\/parier-presidentielle.com\/macron-election\/#breadcrumb","itemListElement":[{"@type":"ListItem","position":1,"name":"Accueil","item":"https:\/\/parier-presidentielle.com\/"},{"@type":"ListItem","position":2,"name":"Parier sur l&#8217;\u00e9lection d&#8217;Emmanuel Macron"}]},{"@type":"WebSite","@id":"https:\/\/parier-presidentielle.com\/#website","url":"https:\/\/parier-presidentielle.com\/","name":"Parier Pr\u00e9sidentielle","description":"Paris, Pronostics, Wiki sur la Politique, les Elections Am\u00e9ricaines: Joe Biden, Donald Trump avec les Bookmakers en ligne Unibet, Bwin, Betclic, Winamax","potentialAction":[{"@type":"SearchAction","target":{"@type":"EntryPoint","urlTemplate":"https:\/\/parier-presidentielle.com\/?s={search_term_string}"},"query-input":"required name=search_term_string"}],"inLanguage":"pl-PL"}]}},"_links":{"self":[{"href":"https:\/\/parier-presidentielle.com\/pl\/wp-json\/wp\/v2\/pages\/31"}],"collection":[{"href":"https:\/\/parier-presidentielle.com\/pl\/wp-json\/wp\/v2\/pages"}],"about":[{"href":"https:\/\/parier-presidentielle.com\/pl\/wp-json\/wp\/v2\/types\/page"}],"author":[{"embeddable":true,"href":"https:\/\/parier-presidentielle.com\/pl\/wp-json\/wp\/v2\/users\/1"}],"replies":[{"embeddable":true,"href":"https:\/\/parier-presidentielle.com\/pl\/wp-json\/wp\/v2\/comments?post=31"}],"version-history":[{"count":15,"href":"https:\/\/parier-presidentielle.com\/pl\/wp-json\/wp\/v2\/pages\/31\/revisions"}],"predecessor-version":[{"id":1532,"href":"https:\/\/parier-presidentielle.com\/pl\/wp-json\/wp\/v2\/pages\/31\/revisions\/1532"}],"wp:attachment":[{"href":"https:\/\/parier-presidentielle.com\/pl\/wp-json\/wp\/v2\/media?parent=31"}],"curies":[{"name":"wp","href":"https:\/\/api.w.org\/{rel}","templated":true}]}}