{"id":41,"date":"2021-09-06T23:23:21","date_gmt":"2021-09-06T21:23:21","guid":{"rendered":"https:\/\/parier-presidentielle.com\/?page_id=41"},"modified":"2022-04-24T08:46:18","modified_gmt":"2022-04-24T06:46:18","slug":"marine-le-pen-election","status":"publish","type":"page","link":"https:\/\/parier-presidentielle.com\/pl\/marine-le-pen-wybory\/","title":{"rendered":"Postaw na wybory Marine Le Pen"},"content":{"rendered":"<div class=\"wp-block-columns is-layout-flex wp-container-4 wp-block-columns-is-layout-flex\">\n<div class=\"wp-block-column is-layout-flow wp-block-column-is-layout-flow\" style=\"flex-basis:100%\">\n<div class=\"wp-block-columns is-layout-flex wp-container-2 wp-block-columns-is-layout-flex\">\n<div class=\"wp-block-column is-layout-flow wp-block-column-is-layout-flow\" style=\"flex-basis:100%\">\n<center><script type=\"text\/javascript\" charset=\"utf-8\" src=\"https:\/\/www.gambling-affiliation.com\/cpm\/v=AmIMTDSs92QY6b0MzDMvM5laCjJ-ZlA-1oQ-7tKsi.w_GA7331V2\"><\/script><\/center>\n\n\n\n<p><\/p>\n\n\n\n<div class=\"wp-block-image is-style-default\"><figure class=\"aligncenter size-medium\"><a href=\"https:\/\/parier-presidentielle.com\/pl\/recommends\/unibet-logo\/\" target=\"_blank\" rel=\"no follow noopener\"><img decoding=\"async\" loading=\"lazy\" width=\"300\" height=\"169\" src=\"https:\/\/parier-presidentielle.com\/wp-content\/uploads\/2022\/04\/unibet-300x169.jpg\" alt=\"\" class=\"wp-image-1252\" srcset=\"https:\/\/parier-presidentielle.com\/wp-content\/uploads\/2022\/04\/unibet-300x169.jpg 300w, https:\/\/parier-presidentielle.com\/wp-content\/uploads\/2022\/04\/unibet-1024x576.jpg 1024w, https:\/\/parier-presidentielle.com\/wp-content\/uploads\/2022\/04\/unibet-768x432.jpg 768w, https:\/\/parier-presidentielle.com\/wp-content\/uploads\/2022\/04\/unibet-18x10.jpg 18w, https:\/\/parier-presidentielle.com\/wp-content\/uploads\/2022\/04\/unibet.jpg 1280w\" sizes=\"(max-width: 300px) 100vw, 300px\" \/><\/a><\/figure><\/div>\n<\/div>\n<\/div>\n<\/div>\n<\/div>\n\n\n\n<h2 class=\"wp-block-heading\"><span id=\"cote-et-pronostics-pour-le-candidat-marine-le-penparis-en-ligne-sur-la-politique-et-le-futur-president-de-la-france-de-2022\">Kursy i przewidywania dla kandydatki Marine Le Pen:<br>Zak\u0142ady online na polityk\u0119 i przysz\u0142ego prezydenta Francji w 2022 r.<br><\/span><\/h2>\n\n\n\n<h3 class=\"wp-block-heading\" id=\"comment-realiser-son-1-pari-avec-bwin-c\"><span id=\"comment-realiser-son-1er-pari-sur-marine-le-pen-avec-unibet\">Jak postawi\u0107 sw\u00f3j pierwszy zak\u0142ad na Marine Le Pen z Unibet?<\/span><\/h3>\n\n\n\n<p id=\"comment-realiser-son-1-pari-avec-bwin-c\">Tak jak mo\u017cna obstawia\u0107 zwyci\u0119stwo swojej ulubionej dru\u017cyny pi\u0142karskiej, tak te\u017c mo\u017cna obstawi\u0107 zwyci\u0119zc\u0119 wy\u015bcigu do Pa\u0142acu Elizejskiego \u2013 jest to szybkie i proste!<\/p>\n\n\n\n<ol><li>Wybierz Kandydata, na kt\u00f3rego chcesz postawi\u0107:<br> w naszym przyk\u0142adzie jest to Marine Le Pen!<br><\/li><li>Wska\u017c stawk\u0119, kt\u00f3r\u0105 chcesz postawi\u0107:<br>100\u20ac w naszej symulacji<br><\/li><li>A teraz to koniec!<br>Na naszym zrzucie ekranu kurs wynosi 13, a stawka 10 \u20ac. W przypadku zwyci\u0119stwa wygrywasz 130 \u20ac!<\/li><\/ol>\n\n\n\n<p><\/p>\n\n\n\n<div class=\"wp-block-image\"><figure class=\"aligncenter size-large is-resized\"><img decoding=\"async\" loading=\"lazy\" src=\"https:\/\/parier-presidentielle.com\/wp-content\/uploads\/2022\/04\/unibet-parier-cote-marine-le-pen-2022-1024x612.jpg\" alt=\"\" class=\"wp-image-1582\" width=\"512\" height=\"306\" srcset=\"https:\/\/parier-presidentielle.com\/wp-content\/uploads\/2022\/04\/unibet-parier-cote-marine-le-pen-2022-1024x612.jpg 1024w, https:\/\/parier-presidentielle.com\/wp-content\/uploads\/2022\/04\/unibet-parier-cote-marine-le-pen-2022-300x179.jpg 300w, https:\/\/parier-presidentielle.com\/wp-content\/uploads\/2022\/04\/unibet-parier-cote-marine-le-pen-2022-768x459.jpg 768w, https:\/\/parier-presidentielle.com\/wp-content\/uploads\/2022\/04\/unibet-parier-cote-marine-le-pen-2022-18x12.jpg 18w, https:\/\/parier-presidentielle.com\/wp-content\/uploads\/2022\/04\/unibet-parier-cote-marine-le-pen-2022.jpg 1240w\" sizes=\"(max-width: 512px) 100vw, 512px\" \/><\/figure><\/div>\n\n\n\n<h2 class=\"wp-block-heading\"><span id=\"pourquoi-parier-avec-les-bookmakers-unibet-bwin-betclic-sur-la-victoire-du-candidat-emmanuel-macron-pour-le-second-tour\">Po co stawia\u0107 z bukmacherami: Unibet, Bwin, Betclic na zwyci\u0119stwo kandydata Emmanuela Macrona w drugiej turze?<\/span><\/h2>\n\n\n\n<p><strong>Nie przegap swojej szansy, o wyborach zadecyduje kilka punkt\u00f3w, a Ty mo\u017cesz to wykorzysta\u0107 i wygra\u0107 du\u017co pieni\u0119dzy, bo sonda\u017ce wypad\u0142y bardzo \u017ale!<\/strong><br>Ponadto Unibet jest jedynym bukmacherem, kt\u00f3ry zwraca Ci a\u017c do 150 \u20ac za pierwszy zak\u0142ad!<\/p>\n\n\n\n<p class=\"has-text-align-center unibet\" style=\"font-size:25px\"><mark style=\"background-color:rgba(0, 0, 0, 0);color:#0d7a12\" class=\"has-inline-color\"><strong><a href=\"https:\/\/parier-presidentielle.com\/pl\/recommends\/unibet-text\/\">Bonus 100 \u20ac oferowany w Unibet <br>Tw\u00f3j pierwszy zak\u0142ad online: Kliknij tutaj<\/a><\/strong><\/mark><\/p>\n\n\n\n<h2 class=\"wp-block-heading\"><span id=\"cote-et-pronostics-pour-la-candidate-marine-le-pen-paris-en-ligne-sur-la-politique-et-le-futur-president-de-la-france-de-2022\"><br><br>Kursy i prognozy dla kandydatki Marine Le Pen: zak\u0142ady online na polityk\u0119 i przysz\u0142ego prezydenta Francji w 2022 r.<\/span><\/h2>\n\n\n\n<p>Marion Anne Perrine \u201eMarine\u201d Le Pen (ur. 5 sierpnia 1968) to francuska prawniczka i polityk, od 2011 roku przewodnicz\u0105ca Zgromadzenia Narodowego (dawniej Frontu Narodowego). By\u0142a pos\u0142ank\u0105 Zgromadzenia Narodowego podczas 11. kadencji -de-Calais od 2017 r.<\/p>\n\n\n\n<p>&nbsp;<\/p>\n\n\n\n<div class=\"wp-block-image wp-duotone-000097-ff4747-5\"><figure class=\"aligncenter is-resized\"><img decoding=\"async\" loading=\"lazy\" src=\"https:\/\/parier-presidentielle.com\/wp-content\/uploads\/2021\/09\/Avec-la-presidentielle-en-vue-Marine-Le-Pen-planifie-son-depart-de-la-presidence-du-Rassemblement-national-1024x512.jpg\" alt=\"Kandydat Marine Le Pen\" width=\"512\" height=\"256\"\/><\/figure><\/div>\n\n\n\n<p>Jest najm\u0142odsz\u0105 c\u00f3rk\u0105 by\u0142ego lidera partii Jean-Marie Le Pena i ciotk\u0105 by\u0142ej pos\u0142anki FN Marion Mar\u00e9chal. Le Pen do\u0142\u0105czy\u0142a do FN w 1986 r. Zosta\u0142a wybrana radn\u0105 regionaln\u0105 Nord-Pas-de-Calais (1998-2004; 2010-2015), \u00cele-de-France (2004-2010) i Hauts-de-France. (2015-obecnie), pose\u0142 do Parlamentu Europejskiego (2004-2017), a tak\u017ce radny gminy H\u00e9nin-Beaumont (2008-2011). Kierownictwo FN obj\u0119\u0142a w 2011 r., zdobywaj\u0105c 67,6% g\u0142os\u00f3w, pokonuj\u0105c Bruno Gollnischa i zast\u0119puj\u0105c swojego ojca, kt\u00f3ry by\u0142 przewodnicz\u0105cym partii od jej powstania w 1972 r. W 2012 r. zaj\u0119\u0142a w wyborach prezydenckich trzecie miejsce z 17,91 TP4T g\u0142os\u00f3w, za Fran\u00e7ois Hollandem i Nicolasem Sarkozym. Zg\u0142osi\u0142a drug\u0105 kandydatur\u0119 na prezydenta w wyborach w 2017 r. W pierwszej turze wybor\u00f3w zaj\u0119\u0142a drugie miejsce z 21,3 % g\u0142os\u00f3w i zmierzy\u0142a si\u0119 z Emmanuelem Macronem z centrowego ugrupowania En Marche! w drugiej turze g\u0142osowania. 7 maja 2017 roku ust\u0105pi\u0142a po otrzymaniu oko\u0142o 33,91% g\u0142os\u00f3w w drugiej turze. W 2020 roku og\u0142osi\u0142a swoj\u0105 trzeci\u0105 kandydatur\u0119 na prezydenta w wyborach w 2022 roku.<\/p>\n\n\n\n<h2 class=\"wp-block-heading\"><span id=\"l8217histoire-politique-de-marine-le-pen\"><br>Historia polityczna Marine Le Pen <\/span><\/h2>\n\n\n\n<p>Opisywana jako bardziej umiarkowana ni\u017c jej ojciec nacjonalista, Le Pen przewodzi\u0142a ruchowi maj\u0105cemu na celu \u201edemonizacj\u0119 Frontu Narodowego\u201d w celu z\u0142agodzenia jego wizerunku, w oparciu o odnowione stanowiska i odnowione zespo\u0142y, a tak\u017ce wydalenie kontrowersyjnych cz\u0142onk\u00f3w oskar\u017conych o rasizm, antysemityzm, lub petainizm. 20 sierpnia 2015 roku wyrzuci\u0142a ojca z partii po jego kolejnych kontrowersyjnych wypowiedziach. Z\u0142agodzi\u0142a tak\u017ce niekt\u00f3re stanowiska polityki partii, opowiadaj\u0105c si\u0119 za zwi\u0105zkami cywilnymi dla par os\u00f3b tej samej p\u0142ci zamiast wcze\u015bniejszego sprzeciwu swojej partii wobec prawnego uznania zwi\u0105zk\u00f3w partnerskich os\u00f3b tej samej p\u0142ci, akceptuj\u0105c bezwarunkow\u0105 aborcj\u0119 i usuwaj\u0105c kar\u0119 \u015bmierci ze swojego programu. Jako zagorza\u0142a przeciwniczka Stan\u00f3w Zjednoczonych i NATO, d\u0105\u017cy do usuni\u0119cia Francji z ich stref wp\u0142yw\u00f3w.<\/p>\n\n\n\n<p>Le Pen zosta\u0142a uznana przez magazyn Time za jedn\u0105 ze 100 najbardziej wp\u0142ywowych os\u00f3b na \u015bwiecie w latach 2011 i 2015. W 2016 roku wed\u0142ug Politico znalaz\u0142a si\u0119 na drugiej pozycji w\u015br\u00f3d najbardziej wp\u0142ywowych eurodeputowanych w Parlamencie Europejskim, po Przewodnicz\u0105cym Parlamentu Europejskiego Martinie Schulzu .<\/p>\n\n\n<ul class=\"wp-block-latest-posts__list wp-block-latest-posts\"><li><a class=\"wp-block-latest-posts__post-title\" href=\"https:\/\/parier-presidentielle.com\/pl\/wybory-prezydenckie-2022-gracze-na-swiecie-obstawiaja-druga-runda\/\">Wybory prezydenckie 2022: Obstawiaj\u0105cy na ca\u0142ym \u015bwiecie Postaw na drug\u0105 rund\u0119!<\/a><\/li>\n<li><a class=\"wp-block-latest-posts__post-title\" href=\"https:\/\/parier-presidentielle.com\/pl\/francuskie-wybory-ktorzy-sa-kandydaci\/\">Wybory we Francji: Kim s\u0105 kandydaci?<\/a><\/li>\n<li><a class=\"wp-block-latest-posts__post-title\" href=\"https:\/\/parier-presidentielle.com\/pl\/ankieta-macron-bookers\/\">Macron ulubieniec bukmacher\u00f3w po wojnie na Ukrainie<\/a><\/li>\n<\/ul>\n\n\n<p>&nbsp;<\/p>\n\n\n\n<h2 class=\"wp-block-heading\"><span id=\"nbsp\">&nbsp;<\/span><\/h2>\n\n\n\n<p class=\"has-text-align-center unibet\" style=\"font-size:25px\"><mark style=\"background-color:rgba(0, 0, 0, 0);color:#0d7a12\" class=\"has-inline-color\"><strong><a href=\"https:\/\/parier-presidentielle.com\/pl\/recommends\/unibet\/\">Bonus 150 \u20ac oferowany w Unibet<br>Tw\u00f3j pierwszy zak\u0142ad polityczny lub sportowy: Kliknij tutaj<\/a><\/strong><\/mark><\/p>\n\n\n\n<p><\/p>\n\n\n<div class=\"wp-block-image\">\n<figure class=\"aligncenter is-resized wp-duotone-000097-ff4747-6\"><img decoding=\"async\" loading=\"lazy\" src=\"https:\/\/parier-presidentielle.com\/wp-content\/uploads\/2021\/09\/election-standard-scale-4_00x-gigapixel-1024x623.jpg\" alt=\"Wybory 2022\" style=\"width:256px;height:156px\" width=\"256\" height=\"156\"\/><\/figure><\/div>\n\n\n<p><br><\/p>\n\n\n\n<p><strong>Parier-presidentielle pomaga dokona\u0107 wyboru mi\u0119dzy r\u00f3\u017cnymi<a href=\"https:\/\/parier-presidentielle.com\/pl\/\"> Bukmacherzy Bwin, Unibet, Betclic obstawiaj\u0105 przysz\u0142ego ameryka\u0144skiego prezydenta w 2024 roku<\/a> : <\/strong><br><a href=\"https:\/\/parier-presidentielle.com\/pl\/unibet-policy-wybory-2022\/\">Bukmacher Prezydencki Unibet<\/a> : Szczeg\u00f3\u0142owy i bezp\u0142atny przewodnik, jak postawi\u0107 sw\u00f3j pierwszy zak\u0142ad online ze wszystkimi kursami i jak skorzysta\u0107 z oferowanego bonusu!<\/p>\n\n\n\n<p>Podobnie jak inne strony z zak\u0142adami online: <a href=\"https:\/\/parier-presidentielle.com\/pl\/unibet-policy-wybory-2022\/\">Bwin<\/a>, <a href=\"https:\/\/parier-presidentielle.com\/pl\/netbet-paris-politics-wybory-2022\/\">NetBet<\/a>, <a href=\"https:\/\/parier-presidentielle.com\/pl\/betclic-prezydencki-2022\/\">Betclic<\/a>, <a href=\"https:\/\/parier-presidentielle.com\/pl\/winmax-policy-wybory-2022\/\">Winamax<\/a>, Parions Sport, Zebet, Betway, Francja-Pari, Vbet, Cloudbet, 1Xbit, 1xbet, Betfair, Betwinner\u2026<\/p>\n\n\n\n<div class=\"wp-block-columns is-layout-flex wp-container-11 wp-block-columns-is-layout-flex\">\n<div class=\"wp-block-column is-layout-flow wp-block-column-is-layout-flow\" style=\"flex-basis:33.33%\">\n<p>W\u0142a\u015bnie przeczyta\u0142e\u015b nasz plik:<\/p>\n<\/div>\n\n\n\n<div class=\"wp-block-column is-layout-flow wp-block-column-is-layout-flow\" style=\"flex-basis:33.33%\">\n<div class=\"wp-block-group is-layout-flow wp-block-group-is-layout-flow\"><div class=\"wp-block-group__inner-container\"><h4 class=\"has-text-align-center wp-block-post-title\"><span id=\"parier-sur-l8217election-de-marine-le-pen\"><a href=\"https:\/\/parier-presidentielle.com\/pl\/marine-le-pen-wybory\/\" target=\"_self\" >Postaw na wybory Marine Le Pen<\/a><\/span><\/h4><\/div><\/div>\n<\/div>\n\n\n\n<div class=\"wp-block-column is-layout-flow wp-block-column-is-layout-flow\" style=\"flex-basis:33.33%\">\n<p class=\"has-text-align-right\">Czytaj dalej z naszymi innymi ekskluzywnymi plikami,<\/p>\n<\/div>\n<\/div>\n\n\n\n<h3 class=\"wp-block-heading\" id=\"tous-les-pronostics-sondage-et-cotes-pour-parier-sur-le-futur-vainqueur-de-l-election-presidentielle-2022\"><span id=\"tous-les-pronostics-sondage-et-cotes-pour-parier-sur-le-futur-vainqueur-de-l8217election-presidentielle-2024\">Wszystkie prognozy, ankiety i kursy, kt\u00f3re mo\u017cna obstawi\u0107 na przysz\u0142ego zwyci\u0119zc\u0119 wybor\u00f3w prezydenckich w 2024 r.:<\/span><\/h3>\n\n\n\n<ul>\n<li><a href=\"https:\/\/parier-presidentielle.com\/pl\/macron-elekcja\/\">Postaw na Emmanuela Macrona z Unibet, Betclic, Bwin<\/a> : ulubieniec sonda\u017cy i prognoz <\/li>\n\n\n\n<li><a href=\"https:\/\/parier-presidentielle.com\/pl\/marine-le-pen-wybory\/\">Marine Le Pen: Jej kursy i jak obstawia\u0107 u bukmacher\u00f3w<\/a>: Challenger wed\u0142ug Unibet<\/li>\n<\/ul>\n\n\n\n<p><\/p>\n\n\n\n<center><script type=\"text\/javascript\" charset=\"utf-8\" src=\"https:\/\/www.gambling-affiliation.com\/cpm\/v=AmIMTDSs92QY6b0MzDMvM5laCjJ-ZlA-1oQ-7tKsi.w_GA7331V2\"><\/script><\/center>\n\n\n\n<h3 class=\"wp-block-heading\"><span id=\"donald-trump-vs-joe-biden-la-video-qui-lance-les-paris-en-ligne-sur-l8217election-politique-de-2024\">Donald Trump kontra Joe Biden: film rozpoczynaj\u0105cy obstawianie zak\u0142ad\u00f3w online na wybory polityczne w 2024 r<\/span><\/h3>\n\n\n\n<figure class=\"wp-block-embed is-type-video is-provider-youtube wp-block-embed-youtube wp-embed-aspect-16-9 wp-has-aspect-ratio\"><div class=\"wp-block-embed__wrapper\">\n<iframe loading=\"lazy\" title=\"By\u0142y prezydent Donald Trump og\u0142asza ofert\u0119 Bia\u0142ego Domu na rok 2024 #Short\" width=\"640\" height=\"360\" src=\"https:\/\/www.youtube.com\/embed\/hZykPRVe4Ag?feature=oembed\" frameborder=\"0\" allow=\"accelerometer; autoplay; clipboard-write; encrypted-media; gyroscope; picture-in-picture; web-share\" allowfullscreen><\/iframe>\n<\/div><\/figure>\n\n\n<div class=\"wp-block-image\">\n<figure class=\"aligncenter size-medium\"><a href=\"https:\/\/parier-presidentielle.com\/pl\/recommends\/unibet\/\" target=\"_blank\" rel=\"noopener\"><img decoding=\"async\" loading=\"lazy\" width=\"300\" height=\"169\" src=\"https:\/\/parier-presidentielle.com\/wp-content\/uploads\/2022\/04\/unibet-300x169.jpg\" alt=\"\" class=\"wp-image-1252\" srcset=\"https:\/\/parier-presidentielle.com\/wp-content\/uploads\/2022\/04\/unibet-300x169.jpg 300w, https:\/\/parier-presidentielle.com\/wp-content\/uploads\/2022\/04\/unibet-1024x576.jpg 1024w, https:\/\/parier-presidentielle.com\/wp-content\/uploads\/2022\/04\/unibet-768x432.jpg 768w, https:\/\/parier-presidentielle.com\/wp-content\/uploads\/2022\/04\/unibet-18x10.jpg 18w, https:\/\/parier-presidentielle.com\/wp-content\/uploads\/2022\/04\/unibet.jpg 1280w\" sizes=\"(max-width: 300px) 100vw, 300px\" \/><\/a><\/figure><\/div>\n\n\n<p>Znajd\u017a Wiki, najwa\u017cniejsze wiadomo\u015bci polityczne na temat konopi indyjskich i ich legalnych pochodnych: <strong>HHC, H4cbd, Thcp, Thcv, HSD, HHCPO, C4B<\/strong><\/p>\n\n\n\n<p>S\u0142owa kluczowe strony: <br>#Marine2022, Paris Marine Le Pen, Bukmacher 2022, <br>Zwyci\u0119zca wybor\u00f3w we Francji, #LePen2022 Sonda\u017c i ocena sportowa<\/p>\n<div id=\"toc_container\" class=\"no_bullets\"><p class=\"toc_title\">Spis tre\u015bci<\/p><ul class=\"toc_list\"><li><ul><li><\/li><\/ul><\/li><li><\/li><li><\/li><li><\/li><li><ul><li><ul><li><\/li><\/ul><\/li><li><\/li><li><\/li><\/ul><\/li><\/ul><\/div>","protected":false},"excerpt":{"rendered":"<p>Cote et pronostics pour le candidat Marine Le Pen:Paris en ligne sur la politique et le futur pr\u00e9sident de la France de 2022 Comment r\u00e9aliser son 1er pari sur Marine Le Pen avec Unibet? Tout comme vous pouvez parier sur la victoire de votre \u00e9quipe de foot pr\u00e9f\u00e9r\u00e9, il est possible de parier sur le \u2026 <a href=\"https:\/\/parier-presidentielle.com\/pl\/marine-le-pen-wybory\/\" rel=\"noopener noreferrer\">Czytaj wi\u0119cej<\/a>.<\/p>","protected":false},"author":1,"featured_media":0,"parent":0,"menu_order":0,"comment_status":"closed","ping_status":"closed","template":"page-nosidebar.php","meta":{"footnotes":""},"yoast_head":"<!-- This site is optimized with the Yoast SEO Premium plugin v21.0 (Yoast SEO v21.0) - https:\/\/yoast.com\/wordpress\/plugins\/seo\/ -->\n<title>Parier sur l&#039;\u00e9lection de Marine Le Pen - Finale Coupe du Monde FIFA<\/title>\n<meta name=\"description\" content=\"Pariez sur Marine Le Pen pour l&#039;Election 2022 : Cliquez Ici et Gagnez Gros! Pronostics ,Comparaison des Bookmakers et des meilleurs Cotes.\" \/>\n<meta name=\"robots\" content=\"index, follow, max-snippet:-1, max-image-preview:large, max-video-preview:-1\" \/>\n<link rel=\"canonical\" href=\"https:\/\/parier-presidentielle.com\/pl\/marine-le-pen-wybory\/\" \/>\n<meta property=\"og:locale\" content=\"pl_PL\" \/>\n<meta property=\"og:type\" content=\"article\" \/>\n<meta property=\"og:title\" content=\"Parier sur l&#039;\u00e9lection de Marine Le Pen\" \/>\n<meta property=\"og:description\" content=\"Pariez sur Marine Le Pen pour l&#039;Election 2022 : Cliquez Ici et Gagnez Gros! Pronostics ,Comparaison des Bookmakers et des meilleurs Cotes.\" \/>\n<meta property=\"og:url\" content=\"https:\/\/parier-presidentielle.com\/pl\/marine-le-pen-wybory\/\" \/>\n<meta property=\"og:site_name\" content=\"Parier Pr\u00e9sidentielle\" \/>\n<meta property=\"article:modified_time\" content=\"2022-04-24T06:46:18+00:00\" \/>\n<meta property=\"og:image\" content=\"https:\/\/parier-presidentielle.com\/wp-content\/uploads\/2022\/04\/unibet-parier-cote-marine-le-pen-2022-1024x612.jpg\" \/>\n<meta name=\"twitter:card\" content=\"summary_large_image\" \/>\n<meta name=\"twitter:label1\" content=\"Szacowany czas czytania\" \/>\n\t<meta name=\"twitter:data1\" content=\"4 minuty\" \/>\n<script type=\"application\/ld+json\" class=\"yoast-schema-graph\">{\"@context\":\"https:\/\/schema.org\",\"@graph\":[{\"@type\":\"WebPage\",\"@id\":\"https:\/\/parier-presidentielle.com\/marine-le-pen-election\/\",\"url\":\"https:\/\/parier-presidentielle.com\/marine-le-pen-election\/\",\"name\":\"Parier sur l'\u00e9lection de Marine Le Pen - Finale Coupe du Monde FIFA\",\"isPartOf\":{\"@id\":\"https:\/\/parier-presidentielle.com\/#website\"},\"datePublished\":\"2021-09-06T21:23:21+00:00\",\"dateModified\":\"2022-04-24T06:46:18+00:00\",\"description\":\"Pariez sur Marine Le Pen pour l'Election 2022 : Cliquez Ici et Gagnez Gros! Pronostics ,Comparaison des Bookmakers et des meilleurs Cotes.\",\"breadcrumb\":{\"@id\":\"https:\/\/parier-presidentielle.com\/marine-le-pen-election\/#breadcrumb\"},\"inLanguage\":\"pl-PL\",\"potentialAction\":[{\"@type\":\"ReadAction\",\"target\":[\"https:\/\/parier-presidentielle.com\/marine-le-pen-election\/\"]}]},{\"@type\":\"BreadcrumbList\",\"@id\":\"https:\/\/parier-presidentielle.com\/marine-le-pen-election\/#breadcrumb\",\"itemListElement\":[{\"@type\":\"ListItem\",\"position\":1,\"name\":\"Accueil\",\"item\":\"https:\/\/parier-presidentielle.com\/\"},{\"@type\":\"ListItem\",\"position\":2,\"name\":\"Parier sur l&#8217;\u00e9lection de Marine Le Pen\"}]},{\"@type\":\"WebSite\",\"@id\":\"https:\/\/parier-presidentielle.com\/#website\",\"url\":\"https:\/\/parier-presidentielle.com\/\",\"name\":\"Parier Pr\u00e9sidentielle\",\"description\":\"Paris, Pronostics, Wiki sur la Politique, les Elections Am\u00e9ricaines: Joe Biden, Donald Trump avec les Bookmakers en ligne Unibet, Bwin, Betclic, Winamax\",\"potentialAction\":[{\"@type\":\"SearchAction\",\"target\":{\"@type\":\"EntryPoint\",\"urlTemplate\":\"https:\/\/parier-presidentielle.com\/?s={search_term_string}\"},\"query-input\":\"required name=search_term_string\"}],\"inLanguage\":\"pl-PL\"}]}<\/script>\n<!-- \/ Yoast SEO Premium plugin. -->","yoast_head_json":{"title":"Parier sur l'\u00e9lection de Marine Le Pen - Finale Coupe du Monde FIFA","description":"Pariez sur Marine Le Pen pour l'Election 2022 : Cliquez Ici et Gagnez Gros! Pronostics ,Comparaison des Bookmakers et des meilleurs Cotes.","robots":{"index":"index","follow":"follow","max-snippet":"max-snippet:-1","max-image-preview":"max-image-preview:large","max-video-preview":"max-video-preview:-1"},"canonical":"https:\/\/parier-presidentielle.com\/pl\/marine-le-pen-wybory\/","og_locale":"pl_PL","og_type":"article","og_title":"Parier sur l'\u00e9lection de Marine Le Pen","og_description":"Pariez sur Marine Le Pen pour l'Election 2022 : Cliquez Ici et Gagnez Gros! Pronostics ,Comparaison des Bookmakers et des meilleurs Cotes.","og_url":"https:\/\/parier-presidentielle.com\/pl\/marine-le-pen-wybory\/","og_site_name":"Parier Pr\u00e9sidentielle","article_modified_time":"2022-04-24T06:46:18+00:00","og_image":[{"url":"https:\/\/parier-presidentielle.com\/wp-content\/uploads\/2022\/04\/unibet-parier-cote-marine-le-pen-2022-1024x612.jpg"}],"twitter_card":"summary_large_image","twitter_misc":{"Szacowany czas czytania":"4 minuty"},"schema":{"@context":"https:\/\/schema.org","@graph":[{"@type":"WebPage","@id":"https:\/\/parier-presidentielle.com\/marine-le-pen-election\/","url":"https:\/\/parier-presidentielle.com\/marine-le-pen-election\/","name":"Parier sur l'\u00e9lection de Marine Le Pen - Finale Coupe du Monde FIFA","isPartOf":{"@id":"https:\/\/parier-presidentielle.com\/#website"},"datePublished":"2021-09-06T21:23:21+00:00","dateModified":"2022-04-24T06:46:18+00:00","description":"Pariez sur Marine Le Pen pour l'Election 2022 : Cliquez Ici et Gagnez Gros! Pronostics ,Comparaison des Bookmakers et des meilleurs Cotes.","breadcrumb":{"@id":"https:\/\/parier-presidentielle.com\/marine-le-pen-election\/#breadcrumb"},"inLanguage":"pl-PL","potentialAction":[{"@type":"ReadAction","target":["https:\/\/parier-presidentielle.com\/marine-le-pen-election\/"]}]},{"@type":"BreadcrumbList","@id":"https:\/\/parier-presidentielle.com\/marine-le-pen-election\/#breadcrumb","itemListElement":[{"@type":"ListItem","position":1,"name":"Accueil","item":"https:\/\/parier-presidentielle.com\/"},{"@type":"ListItem","position":2,"name":"Parier sur l&#8217;\u00e9lection de Marine Le Pen"}]},{"@type":"WebSite","@id":"https:\/\/parier-presidentielle.com\/#website","url":"https:\/\/parier-presidentielle.com\/","name":"Parier Pr\u00e9sidentielle","description":"Paris, Pronostics, Wiki sur la Politique, les Elections Am\u00e9ricaines: Joe Biden, Donald Trump avec les Bookmakers en ligne Unibet, Bwin, Betclic, Winamax","potentialAction":[{"@type":"SearchAction","target":{"@type":"EntryPoint","urlTemplate":"https:\/\/parier-presidentielle.com\/?s={search_term_string}"},"query-input":"required name=search_term_string"}],"inLanguage":"pl-PL"}]}},"_links":{"self":[{"href":"https:\/\/parier-presidentielle.com\/pl\/wp-json\/wp\/v2\/pages\/41"}],"collection":[{"href":"https:\/\/parier-presidentielle.com\/pl\/wp-json\/wp\/v2\/pages"}],"about":[{"href":"https:\/\/parier-presidentielle.com\/pl\/wp-json\/wp\/v2\/types\/page"}],"author":[{"embeddable":true,"href":"https:\/\/parier-presidentielle.com\/pl\/wp-json\/wp\/v2\/users\/1"}],"replies":[{"embeddable":true,"href":"https:\/\/parier-presidentielle.com\/pl\/wp-json\/wp\/v2\/comments?post=41"}],"version-history":[{"count":19,"href":"https:\/\/parier-presidentielle.com\/pl\/wp-json\/wp\/v2\/pages\/41\/revisions"}],"predecessor-version":[{"id":1588,"href":"https:\/\/parier-presidentielle.com\/pl\/wp-json\/wp\/v2\/pages\/41\/revisions\/1588"}],"wp:attachment":[{"href":"https:\/\/parier-presidentielle.com\/pl\/wp-json\/wp\/v2\/media?parent=41"}],"curies":[{"name":"wp","href":"https:\/\/api.w.org\/{rel}","templated":true}]}}