{"id":422,"date":"2022-01-11T22:54:26","date_gmt":"2022-01-11T21:54:26","guid":{"rendered":"https:\/\/parier-presidentielle.com\/?page_id=422"},"modified":"2022-04-24T09:32:12","modified_gmt":"2022-04-24T07:32:12","slug":"valerie-pecresse-election","status":"publish","type":"page","link":"https:\/\/parier-presidentielle.com\/pl\/valerie-pecresse-wybory\/","title":{"rendered":"Postaw na wybory Val\u00e9rie P\u00e9cresse"},"content":{"rendered":"<h2 class=\"wp-block-heading\"><span id=\"cote-et-pronostics-pour-la-candidate-ump-valerie-pecresse-paris-en-ligne-sur-la-politique-et-la-future-presidente-de-la-france-de-2022\">Kursy i przewidywania dla kandydatki UMP Val\u00e9rie P\u00e9cresse:<br>Zak\u0142ady online na polityk\u0119 i przysz\u0142ego prezydenta Francji w 2022 r.<br><br><\/span><\/h2>\n\n\n\n<div class=\"wp-block-image wp-duotone-000097-ff4747-1\"><figure class=\"aligncenter size-large is-resized\"><img decoding=\"async\" loading=\"lazy\" src=\"https:\/\/parier-presidentielle.com\/wp-content\/uploads\/2022\/01\/valerie-pecresse-1024x512.jpeg\" alt=\"Valerie Pecresse\" class=\"wp-image-427\" width=\"526\" height=\"262\" srcset=\"https:\/\/parier-presidentielle.com\/wp-content\/uploads\/2022\/01\/valerie-pecresse-1024x512.jpeg 1024w, https:\/\/parier-presidentielle.com\/wp-content\/uploads\/2022\/01\/valerie-pecresse-300x150.jpeg 300w, https:\/\/parier-presidentielle.com\/wp-content\/uploads\/2022\/01\/valerie-pecresse-768x384.jpeg 768w, https:\/\/parier-presidentielle.com\/wp-content\/uploads\/2022\/01\/valerie-pecresse.jpeg 1440w\" sizes=\"(max-width: 526px) 100vw, 526px\" \/><\/figure><\/div>\n\n\n\n<p><br>Wybory prezydenckie w 2022 r. s\u0105 ju\u017c w centrum uwagi. To b\u0119dzie test na \u201enow\u0105 normalno\u015b\u0107\u201d. Od pocz\u0105tku kryzysu zdrowotnego Francuzi nie mieli jeszcze mo\u017cliwo\u015bci g\u0142osowania. B\u0119d\u0105 musieli dostosowa\u0107 si\u0119 do nowych sposob\u00f3w g\u0142osowania, zdalnie i w maseczkach. Wybory prezydenckie s\u0105 zawsze wa\u017cnym wydarzeniem we Francji, dlatego warto \u015bledzi\u0107 sonda\u017ce i obstawia\u0107, kt\u00f3ry kandydat ma najwi\u0119ksze szanse na zast\u0105pienie Macrona.<\/p>\n\n\n\n<p>W tym roku na starcie stoi wielu kandydat\u00f3w. Niekt\u00f3re s\u0105 lepiej znane ni\u017c inne. Na przyk\u0142ad stawianie na Val\u00e9rie P\u00e9cresse jest bezpiecznym zak\u0142adem, poniewa\u017c jest ona w polityce od dawna i ma swoich zwolennik\u00f3w. By\u0142a burmistrzem Wersalu od 2002 do 2016 roku, a nast\u0119pnie prezydentem \u00cele-de-France do 2020 roku.<\/p>\n\n\n\n<p>Prezydencki 2022: notatki i przepowiednie Val\u00e9rie P\u00e9cresse<\/p>\n\n\n\n<p>Val\u00e9rie P\u00e9cresse podj\u0119\u0142a decyzj\u0119 o kandydowaniu na prezydenta po tym, jak w swojej karierze nale\u017ca\u0142a do kilku partii politycznych: UDF, UMP, a nast\u0119pnie Les R\u00e9publicains. Wesz\u0142a w sk\u0142ad rz\u0105du Nicolasa Sarkozy&#039;ego, kiedy w 2007 roku zosta\u0142 on prezydentem Francji. W 2017 roku otwarcie wspiera\u0142a Emmanuela Macrona podczas kampanii prezydenckiej.<\/p>\n\n\n\n<h2 class=\"wp-block-heading\"><span id=\"biographie-de-valerie-pecresse-pour-bien-parier\"> <br>Biografia Val\u00e9rie P\u00e9cresse na dobry zak\u0142ad!<\/span><\/h2>\n\n\n\n<p><\/p>\n\n\n\n<p><strong>Valerie P\u00e9cresse<\/strong>\u00a0urodzona Val\u00e9rie Roux (Neuilly-sur-Seine, 14 lipca 1967) to francuski polityk. Obecnie jest przewodnicz\u0105c\u0105 rady regionalnej Ile de France.<\/p>\n\n\n\n<p>4 grudnia 2021 roku zosta\u0142a wybrana przez Parti\u0119 Republika\u0144sk\u0105 kandydatk\u0105 w wyborach prezydenckich we Francji w 2022 roku, zdobywaj\u0105c 61 g\u0142os\u00f3w % wobec 39 g\u0142os\u00f3w % uzyskanych przez Erica Ciottiego w drugiej turze prawybor\u00f3w.<\/p>\n\n\n\n<h2 class=\"wp-block-heading\"><span id=\"biographie\">Biografia<\/span><\/h2>\n\n\n\n<p>Od 1992 r. audytor Rady Stanu, by\u0142a doradc\u0105 Jacques\u2019a Chiraca i przez sze\u015b\u0107 lat wyk\u0142ada\u0142a na Wydziale Instytutu Studi\u00f3w Politycznych w Pary\u017cu. W wyborach do organ\u00f3w legislacyjnych w 2002 r. zosta\u0142 wybrany na pos\u0142a z ramienia Yvelines, a w latach 2007 i 2012 wybiera\u0142 go ponownie. Minister Szkolnictwa Wy\u017cszego i Bada\u0144 Naukowych w latach 2007\u20132011 kierowa\u0142 reform\u0105 autonomii uniwersytet\u00f3w i by\u0142 liderem listy UMP w wyborach regionalnych w regionie Ile-de-France w 2010 r. W latach 2011-2012 by\u0142a ministrem bud\u017cetu, rachunk\u00f3w publicznych i reformy pa\u0144stwa oraz rzecznikiem rz\u0105du. W grudniu 2014 roku zosta\u0142a koordynatork\u0105 wybor\u00f3w regionalnych w 2015 roku i stan\u0119\u0142a na czele listy partii Les R\u00e9publicains dla regionu Ile-de-France, kt\u00f3r\u0105 wygra\u0142a w drugiej turze z kandydatem socjalisty Claudem Bartolone.<\/p>\n\n\n\n<p>By\u0142 cz\u0142onkiem Unii na rzecz Ruchu Ludowego (UMP) od 2002 do 2015 roku i Partii Republika\u0144skiej (LR) do 5 czerwca 2019 roku, kiedy to og\u0142osi\u0142, \u017ce odchodzi z partii po pora\u017cce w wyborach europejskich. (8,5% g\u0142os\u00f3w) i rezygnacj\u0119 Laurenta Wauquieza. Nast\u0119pnie P\u00e9cresse wyrazi\u0142 ch\u0119\u0107 \u201e&nbsp;&nbsp;<em>odbudowa\u0107 prawic\u0119, zagro\u017con\u0105 wygini\u0119ciem<\/em>&nbsp;&quot; ale z &quot;&nbsp;<em>powierzchowno\u015b\u0107<\/em>&nbsp;\u201e, prowadz\u0105c sw\u00f3j w\u0142asny&nbsp;<em>B\u0105d\u017amy swobodnym ruchem<\/em>&nbsp;!.<\/p>\n\n\n\n<h3 class=\"wp-block-heading\"><span id=\"candidat-aux-elections-presidentielles-de-2022\">Kandydat na wybory prezydenckie w 2022 r.<\/span><\/h3>\n\n\n\n<p>22 lipca 2021 roku Val\u00e9rie P\u00e9cresse og\u0142osi\u0142a swoj\u0105 kandydatur\u0119 do prawybor\u00f3w w wyborach prezydenckich w 2022 roku, deklaruj\u0105c, \u017ce chce \u201eprzywr\u00f3ci\u0107 francusk\u0105 dum\u0119\u201d i \u201eprzywr\u00f3ci\u0107 porz\u0105dek we Francji\u201d. Kandydatka do Kongresu Republikan\u00f3w w celu wyznaczenia kandydata partii na prezydenta, wznowi\u0142a legitymacj\u0119 partyjn\u0105 w pa\u017adzierniku 2021 roku. 2 grudnia w pierwszej turze prawybor\u00f3w do Kongresu zaj\u0105\u0142 drugie miejsce, zdobywaj\u0105c 25 g\u0142os\u00f3w %, mniej ni\u017c jeden punkt za Erikiem Ciottim (25,59 %). Po og\u0142oszeniu wynik\u00f3w pierwszej tury przed drug\u0105 tur\u0105 uzyska\u0142 poparcie Xaviera Bertranda, Michela Barniera i Philippe Juvina. W drugiej turze zorganizowanej 4 grudnia 2021 roku zosta\u0142a wybrana kandydatk\u0105 we francuskich wyborach prezydenckich w 2022 roku przez Parti\u0119 Republika\u0144sk\u0105, z 61% w por\u00f3wnaniu z 39% osi\u0105gni\u0119tym przez Erica Ciottiego.<\/p>\n\n\n\n<h2 class=\"wp-block-heading\"><span id=\"positions-politiques\">Stanowiska polityczne<\/span><\/h2>\n\n\n\n<p>Opowiadaj\u0105c si\u0119 za liberalizmem gospodarczym, w sierpniu 2021 roku twierdzi\u0142, \u017ce to \u201edwie trzecie Merkel, jedna trzecia Thatcher\u201d.<\/p>\n\n\n\n<p>W obliczu zbli\u017caj\u0105cych si\u0119 wybor\u00f3w prezydenckich w 2022 r. obieca\u0142 ograniczenie wydatk\u00f3w publicznych i podatk\u00f3w poprzez cztery g\u0142\u00f3wne reformy: likwidacj\u0119 150 tys. stanowisk pracy w administracji publicznej, przej\u015bcie na emerytur\u0119 w wieku 65 lat, zmniejszenie zasi\u0142k\u00f3w dla bezrobotnych i oddzielenie od pa\u0144stwa. z konkurencyjnymi sp\u00f3\u0142kami, w kt\u00f3rych jest udzia\u0142owcem mniejszo\u015bciowym.<\/p>\n\n\n\n<p>W przeciwie\u0144stwie do projektu ustawy o ma\u0142\u017ce\u0144stwach os\u00f3b tej samej p\u0142ci we Francji, w latach 2012\u20132013 bra\u0142a udzia\u0142 w r\u00f3\u017cnych demonstracjach przeciwko ma\u0142\u017ce\u0144stwom os\u00f3b tej samej p\u0142ci i rodzicielstwu os\u00f3b tej samej p\u0142ci, kt\u00f3rym w szczeg\u00f3lno\u015bci przewodniczy\u0142 La Manif pour tous. MA<\/p>\n\n\n\n<p>W 2021 roku opowiada\u0142 si\u0119 za bardziej restrykcyjnym podej\u015bciem do kwestii imigracji, nazywaj\u0105c j\u0105 \u201ewielkim wyzwaniem dla spo\u0142ecze\u0144stwa\u201d. W szczeg\u00f3lno\u015bci proponuje ustanowienie maksymalnych rocznych pu\u0142ap\u00f3w imigracji oraz bardziej rygorystyczne warunki wydawania dokumentu pobytowego, takie jak posiadanie \u201ewystarczaj\u0105cych \u015brodk\u00f3w\u201d (kt\u00f3rych wysoko\u015b\u0107 wzros\u0142aby o 25 %), \u201eznajomo\u015b\u0107 j\u0119zyka francuskiego\u201d oraz \u201eszacunek dla sekularyzmu i warto\u015bci Rzeczypospolitej\u201d. Wreszcie chce pan wykluczy\u0107 osoby, kt\u00f3re mieszka\u0142y we Francji kr\u00f3cej ni\u017c pi\u0119\u0107 lat, z system\u00f3w pomocy spo\u0142ecznej.<\/p>\n\n\n\n<p><\/p>\n\n\n\n<p><\/p>\n<div id=\"toc_container\" class=\"no_bullets\"><p class=\"toc_title\">Spis tre\u015bci<\/p><ul class=\"toc_list\"><li><\/li><li><\/li><li><ul><li><\/li><\/ul><\/li><li><\/li><\/ul><\/div>","protected":false},"excerpt":{"rendered":"<p>Cote et pronostics pour la candidate UMP Val\u00e9rie P\u00e9cresse :Paris en ligne sur la politique et la future pr\u00e9sidente de la France de 2022 Les \u00e9lections pr\u00e9sidentielles de 2022 sont d\u00e9j\u00e0 sous le feu des projecteurs. Il s&#8217;agira d&#8217;un test pour la &#8220;nouvelle normalit\u00e9&#8221;. Les Fran\u00e7ais n&#8217;ont pas encore eu l&#8217;occasion de voter depuis le &#8230;<\/p>","protected":false},"author":1,"featured_media":0,"parent":0,"menu_order":0,"comment_status":"closed","ping_status":"closed","template":"page-nosidebar.php","meta":{"footnotes":""},"yoast_head":"<!-- This site is optimized with the Yoast SEO Premium plugin v21.0 (Yoast SEO v21.0) - https:\/\/yoast.com\/wordpress\/plugins\/seo\/ -->\n<title>Parier sur l\u2019\u00e9lection de Val\u00e9rie P\u00e9cresse - Finale Coupe du Monde FIFA<\/title>\n<meta name=\"description\" content=\"Pariez sur P\u00e9cresse pour l&#039;\u00e9lection 2022 : Cliquez Ici et Gagnez Gros! Pronostics ,Comparaison des Bookmakers et des meilleurs Cotes.\" \/>\n<meta name=\"robots\" content=\"index, follow, max-snippet:-1, max-image-preview:large, max-video-preview:-1\" \/>\n<link rel=\"canonical\" href=\"https:\/\/parier-presidentielle.com\/pl\/valerie-pecresse-wybory\/\" \/>\n<meta property=\"og:locale\" content=\"pl_PL\" \/>\n<meta property=\"og:type\" content=\"article\" \/>\n<meta property=\"og:title\" content=\"Parier sur l\u2019\u00e9lection de Val\u00e9rie P\u00e9cresse\" \/>\n<meta property=\"og:description\" content=\"Pariez sur P\u00e9cresse pour l&#039;\u00e9lection 2022 : Cliquez Ici et Gagnez Gros! Pronostics ,Comparaison des Bookmakers et des meilleurs Cotes.\" \/>\n<meta property=\"og:url\" content=\"https:\/\/parier-presidentielle.com\/pl\/valerie-pecresse-wybory\/\" \/>\n<meta property=\"og:site_name\" content=\"Parier Pr\u00e9sidentielle\" \/>\n<meta property=\"article:modified_time\" content=\"2022-04-24T07:32:12+00:00\" \/>\n<meta property=\"og:image\" content=\"https:\/\/parier-presidentielle.com\/wp-content\/uploads\/2022\/01\/valerie-pecresse-1024x512.jpeg\" \/>\n<meta name=\"twitter:card\" content=\"summary_large_image\" \/>\n<meta name=\"twitter:label1\" content=\"Szacowany czas czytania\" \/>\n\t<meta name=\"twitter:data1\" content=\"5 minut\" \/>\n<script type=\"application\/ld+json\" class=\"yoast-schema-graph\">{\"@context\":\"https:\/\/schema.org\",\"@graph\":[{\"@type\":\"WebPage\",\"@id\":\"https:\/\/parier-presidentielle.com\/valerie-pecresse-election\/\",\"url\":\"https:\/\/parier-presidentielle.com\/valerie-pecresse-election\/\",\"name\":\"Parier sur l\u2019\u00e9lection de Val\u00e9rie P\u00e9cresse - Finale Coupe du Monde FIFA\",\"isPartOf\":{\"@id\":\"https:\/\/parier-presidentielle.com\/#website\"},\"datePublished\":\"2022-01-11T21:54:26+00:00\",\"dateModified\":\"2022-04-24T07:32:12+00:00\",\"description\":\"Pariez sur P\u00e9cresse pour l'\u00e9lection 2022 : Cliquez Ici et Gagnez Gros! Pronostics ,Comparaison des Bookmakers et des meilleurs Cotes.\",\"breadcrumb\":{\"@id\":\"https:\/\/parier-presidentielle.com\/valerie-pecresse-election\/#breadcrumb\"},\"inLanguage\":\"pl-PL\",\"potentialAction\":[{\"@type\":\"ReadAction\",\"target\":[\"https:\/\/parier-presidentielle.com\/valerie-pecresse-election\/\"]}]},{\"@type\":\"BreadcrumbList\",\"@id\":\"https:\/\/parier-presidentielle.com\/valerie-pecresse-election\/#breadcrumb\",\"itemListElement\":[{\"@type\":\"ListItem\",\"position\":1,\"name\":\"Accueil\",\"item\":\"https:\/\/parier-presidentielle.com\/\"},{\"@type\":\"ListItem\",\"position\":2,\"name\":\"Parier sur l\u2019\u00e9lection de Val\u00e9rie P\u00e9cresse\"}]},{\"@type\":\"WebSite\",\"@id\":\"https:\/\/parier-presidentielle.com\/#website\",\"url\":\"https:\/\/parier-presidentielle.com\/\",\"name\":\"Parier Pr\u00e9sidentielle\",\"description\":\"Paris, Pronostics, Wiki sur la Politique, les Elections Am\u00e9ricaines: Joe Biden, Donald Trump avec les Bookmakers en ligne Unibet, Bwin, Betclic, Winamax\",\"potentialAction\":[{\"@type\":\"SearchAction\",\"target\":{\"@type\":\"EntryPoint\",\"urlTemplate\":\"https:\/\/parier-presidentielle.com\/?s={search_term_string}\"},\"query-input\":\"required name=search_term_string\"}],\"inLanguage\":\"pl-PL\"}]}<\/script>\n<!-- \/ Yoast SEO Premium plugin. -->","yoast_head_json":{"title":"Parier sur l\u2019\u00e9lection de Val\u00e9rie P\u00e9cresse - Finale Coupe du Monde FIFA","description":"Pariez sur P\u00e9cresse pour l'\u00e9lection 2022 : Cliquez Ici et Gagnez Gros! Pronostics ,Comparaison des Bookmakers et des meilleurs Cotes.","robots":{"index":"index","follow":"follow","max-snippet":"max-snippet:-1","max-image-preview":"max-image-preview:large","max-video-preview":"max-video-preview:-1"},"canonical":"https:\/\/parier-presidentielle.com\/pl\/valerie-pecresse-wybory\/","og_locale":"pl_PL","og_type":"article","og_title":"Parier sur l\u2019\u00e9lection de Val\u00e9rie P\u00e9cresse","og_description":"Pariez sur P\u00e9cresse pour l'\u00e9lection 2022 : Cliquez Ici et Gagnez Gros! Pronostics ,Comparaison des Bookmakers et des meilleurs Cotes.","og_url":"https:\/\/parier-presidentielle.com\/pl\/valerie-pecresse-wybory\/","og_site_name":"Parier Pr\u00e9sidentielle","article_modified_time":"2022-04-24T07:32:12+00:00","og_image":[{"url":"https:\/\/parier-presidentielle.com\/wp-content\/uploads\/2022\/01\/valerie-pecresse-1024x512.jpeg"}],"twitter_card":"summary_large_image","twitter_misc":{"Szacowany czas czytania":"5 minut"},"schema":{"@context":"https:\/\/schema.org","@graph":[{"@type":"WebPage","@id":"https:\/\/parier-presidentielle.com\/valerie-pecresse-election\/","url":"https:\/\/parier-presidentielle.com\/valerie-pecresse-election\/","name":"Parier sur l\u2019\u00e9lection de Val\u00e9rie P\u00e9cresse - Finale Coupe du Monde FIFA","isPartOf":{"@id":"https:\/\/parier-presidentielle.com\/#website"},"datePublished":"2022-01-11T21:54:26+00:00","dateModified":"2022-04-24T07:32:12+00:00","description":"Pariez sur P\u00e9cresse pour l'\u00e9lection 2022 : Cliquez Ici et Gagnez Gros! Pronostics ,Comparaison des Bookmakers et des meilleurs Cotes.","breadcrumb":{"@id":"https:\/\/parier-presidentielle.com\/valerie-pecresse-election\/#breadcrumb"},"inLanguage":"pl-PL","potentialAction":[{"@type":"ReadAction","target":["https:\/\/parier-presidentielle.com\/valerie-pecresse-election\/"]}]},{"@type":"BreadcrumbList","@id":"https:\/\/parier-presidentielle.com\/valerie-pecresse-election\/#breadcrumb","itemListElement":[{"@type":"ListItem","position":1,"name":"Accueil","item":"https:\/\/parier-presidentielle.com\/"},{"@type":"ListItem","position":2,"name":"Parier sur l\u2019\u00e9lection de Val\u00e9rie P\u00e9cresse"}]},{"@type":"WebSite","@id":"https:\/\/parier-presidentielle.com\/#website","url":"https:\/\/parier-presidentielle.com\/","name":"Parier Pr\u00e9sidentielle","description":"Paris, Pronostics, Wiki sur la Politique, les Elections Am\u00e9ricaines: Joe Biden, Donald Trump avec les Bookmakers en ligne Unibet, Bwin, Betclic, Winamax","potentialAction":[{"@type":"SearchAction","target":{"@type":"EntryPoint","urlTemplate":"https:\/\/parier-presidentielle.com\/?s={search_term_string}"},"query-input":"required name=search_term_string"}],"inLanguage":"pl-PL"}]}},"_links":{"self":[{"href":"https:\/\/parier-presidentielle.com\/pl\/wp-json\/wp\/v2\/pages\/422"}],"collection":[{"href":"https:\/\/parier-presidentielle.com\/pl\/wp-json\/wp\/v2\/pages"}],"about":[{"href":"https:\/\/parier-presidentielle.com\/pl\/wp-json\/wp\/v2\/types\/page"}],"author":[{"embeddable":true,"href":"https:\/\/parier-presidentielle.com\/pl\/wp-json\/wp\/v2\/users\/1"}],"replies":[{"embeddable":true,"href":"https:\/\/parier-presidentielle.com\/pl\/wp-json\/wp\/v2\/comments?post=422"}],"version-history":[{"count":7,"href":"https:\/\/parier-presidentielle.com\/pl\/wp-json\/wp\/v2\/pages\/422\/revisions"}],"predecessor-version":[{"id":1598,"href":"https:\/\/parier-presidentielle.com\/pl\/wp-json\/wp\/v2\/pages\/422\/revisions\/1598"}],"wp:attachment":[{"href":"https:\/\/parier-presidentielle.com\/pl\/wp-json\/wp\/v2\/media?parent=422"}],"curies":[{"name":"wp","href":"https:\/\/api.w.org\/{rel}","templated":true}]}}