{"id":525,"date":"2022-02-17T17:17:02","date_gmt":"2022-02-17T16:17:02","guid":{"rendered":"https:\/\/parier-presidentielle.com\/?page_id=525"},"modified":"2022-04-12T00:47:22","modified_gmt":"2022-04-11T22:47:22","slug":"1xbit-politique","status":"publish","type":"page","link":"https:\/\/parier-presidentielle.com\/pl\/1xbit-polityka\/","title":{"rendered":"1xBit: obstawia\u0107 polityk\u0119 w Bitcoin"},"content":{"rendered":"<h2 class=\"wp-block-heading\"><span id=\"1xbit-analyse-du-nouveaux-bookmaker-specialise-en-bitcoin\">1xbit: Analiza nowego bukmachera specjalizuj\u0105cego si\u0119 w Bitcoin<\/span><\/h2>\n\n\n\n<p>1xBit to w rzeczywisto\u015bci najbardziej innowacyjna strona z zak\u0142adami sportowymi\/gamingami na mi\u0119dzynarodowej scenie <strong>jako jedyny umo\u017cliwia wp\u0142aty i wyp\u0142aty wy\u0142\u0105cznie za po\u015brednictwem kryptowalut<\/strong>, to z pewno\u015bci\u0105 nowo\u015b\u0107, kt\u00f3ra wstrz\u0105sn\u0119\u0142a \u015bwiatem gier online. <br>Dzi\u0119ki tej metodzie p\u0142atno\u015bci platforma nie wymaga \u017cadnej specjalnej licencji do dzia\u0142ania na rynku, ale poniewa\u017c bukmacher jest uwa\u017cany za bezpieczny, poniewa\u017c jest cz\u0119\u015bci\u0105 grupy \u201e1X Corp NV\u201d. W\u0142a\u015bciciel najs\u0142ynniejszego serwisu internetowego 1xBet z mi\u0119dzynarodow\u0105 licencj\u0105 wydan\u0105 na mocy prawa Curacao i tysi\u0119cy o\u015brodk\u00f3w bukmacherskich w ca\u0142ej Europie, ponadto w ostatnich latach rozwin\u0105\u0142 tak\u017ce znaczn\u0105 przestrze\u0144 dzi\u0119ki sponsoringowi kilku \u015bwiatowej klasy dru\u017cyn pi\u0142karskich.<\/p>\n\n\n\n<div class=\"wp-block-image\"><figure class=\"aligncenter size-large is-resized\"><img decoding=\"async\" loading=\"lazy\" src=\"https:\/\/parier-presidentielle.com\/wp-content\/uploads\/2022\/04\/1xBit-pour-parier-sur-la-politique-en-bitcoin-1024x546.jpg\" alt=\"1xbit do obstawiania polityki w bitcoinie\" class=\"wp-image-1223\" width=\"768\" height=\"410\" srcset=\"https:\/\/parier-presidentielle.com\/wp-content\/uploads\/2022\/04\/1xBit-pour-parier-sur-la-politique-en-bitcoin-1024x546.jpg 1024w, https:\/\/parier-presidentielle.com\/wp-content\/uploads\/2022\/04\/1xBit-pour-parier-sur-la-politique-en-bitcoin-300x160.jpg 300w, https:\/\/parier-presidentielle.com\/wp-content\/uploads\/2022\/04\/1xBit-pour-parier-sur-la-politique-en-bitcoin-768x410.jpg 768w, https:\/\/parier-presidentielle.com\/wp-content\/uploads\/2022\/04\/1xBit-pour-parier-sur-la-politique-en-bitcoin-1536x819.jpg 1536w, https:\/\/parier-presidentielle.com\/wp-content\/uploads\/2022\/04\/1xBit-pour-parier-sur-la-politique-en-bitcoin-2048x1092.jpg 2048w, https:\/\/parier-presidentielle.com\/wp-content\/uploads\/2022\/04\/1xBit-pour-parier-sur-la-politique-en-bitcoin-18x10.jpg 18w\" sizes=\"(max-width: 768px) 100vw, 768px\" \/><\/figure><\/div>\n\n\n\n<p>Wracaj\u0105c do 1xBit, mo\u017cemy powiedzie\u0107, \u017ce je\u015bli chodzi o zak\u0142ady sportowe, jest to wyb\u00f3r wielu graczy, poniewa\u017c oferuje szerok\u0105 gam\u0119 typ\u00f3w zak\u0142ad\u00f3w z kursami znacznie powy\u017cej \u015bredniej, a tak\u017ce oferuje doskona\u0142\u0105 sekcj\u0119 dedykowan\u0105 wydarzeniom na \u017cywo. Bardzo \u0142atwy w obs\u0142udze, nawet ci, kt\u00f3rzy nie s\u0105 zbyt zaznajomieni ze sportem, mog\u0105 poczu\u0107 emocje, dzi\u0119ki stale aktualizowanemu serwisowi statystyk, sugestiom gier do rozegrania i mo\u017cliwo\u015bci rozmawiania w czasie rzeczywistym z innymi graczami.inni gracze, je\u015bli s\u0105 po\u0142\u0105czeni do serwisu. Wszystkie te innowacje sprawiaj\u0105, \u017ce jest to jedna z najlepszych stron do obstawiania zak\u0142ad\u00f3w.1xBit umo\u017cliwia tak\u017ce \u015bledzenie wielu wydarze\u0144 na \u017cywo, wystarczy mie\u0107 pieni\u0105dze na swoim koncie do gry!<\/p>\n\n\n\n<h2 class=\"wp-block-heading\"><span id=\"comment-s8217inscrire-sur-1xbit-et-parier-sur-la-presidentielle\">Jak zarejestrowa\u0107 si\u0119 na 1xbit i obstawia\u0107 wybory prezydenckie<\/span><\/h2>\n\n\n\n<p>Kolejn\u0105 nowo\u015bci\u0105, kt\u00f3ra z pewno\u015bci\u0105 przyci\u0105gnie graczy, jest rejestracja <strong>bardzo szybko i ca\u0142kowicie anonimowo<\/strong> na stronie tak naprawd\u0119 tylko w kryptowalutach, bez przesy\u0142ania dokument\u00f3w i danych osobowych, a jedynie e-mail lub numer telefonu kom\u00f3rkowego\u2026 aby si\u0119 wkr\u00f3tce zarejestrowa\u0107, operacja wp\u0142aty b\u0119dzie ca\u0142kowicie anonimowa, z pe\u0142nym poszanowaniem prywatno\u015bci klienta.<\/p>\n\n\n\n<h2 class=\"wp-block-heading\"><span id=\"bonus-de-bienvenue\">bonus powitalny<\/span><\/h2>\n\n\n\n<p>Podobnie jak wszystkie inne strony bukmacherskie, 1xBit oferuje nowym klientom bonus powitalny do 100% w wysoko\u015bci 7 BTC przy pierwszym depozycie. Oferowany bonus powitalny obowi\u0105zuje zar\u00f3wno w zak\u0142adach sportowych, jak i w kasynie politycznym. Aby w pe\u0142ni skorzysta\u0107 z tej promocji, zalecamy zapoznanie si\u0119 z jej regulaminem po rejestracji.<\/p>\n\n\n\n<p>Oto najwa\u017cniejsze punkty wyja\u015bnione przez nasz zesp\u00f3\u0142:<\/p>\n\n\n\n<p><\/p>\n\n\n\n<p>Aby postawi\u0107 zak\u0142ad, aby otrzyma\u0107 bonus, zak\u0142ad musi mie\u0107 kurs 1,60, bez gier kasynowych i 1xbit, wystarczy postawi\u0107 dowoln\u0105 kwot\u0119.<\/p>\n\n\n\n<p><\/p>\n\n\n\n<p>Postaw na polityk\u0119, ale tak\u017ce na kasyno: gry, automaty do gry\u2026<\/p>\n\n\n\n<p>Kalendarz sportowy nie ogranicza si\u0119 do \u015bwiata pi\u0142ki no\u017cnej, ale pozwala tak\u017ce obstawia\u0107 wiele innych sport\u00f3w, a tak\u017ce posiada sekcj\u0119 po\u015bwi\u0119con\u0105 zak\u0142adom wirtualnym i sekcj\u0119 po\u015bwi\u0119con\u0105 e-sportom, dzi\u0119ki czemu mo\u017cesz wybiera\u0107 z szerokiego \u015bwiata z Pary\u017ca.<\/p>\n\n\n\n<p>Istnieje r\u00f3wnie\u017c sekcja Kasyno, w kt\u00f3rej znajdziesz niezliczone gry, w tym fantastyczne automaty, a tak\u017ce fantastyczne jackpoty i bonusy.<\/p>\n\n\n\n<p>Je\u015bli chodzi o sekcj\u0119 dotycz\u0105c\u0105 zak\u0142ad\u00f3w lub sportu, 1xbit oferuje tradycyjne platformy (bardzo podobne do Melbet, 1xbet i 22Bet). Jednak wra\u017cenia z gry s\u0105 bardzo przyjemne, a list\u0119 sport\u00f3w znajdziesz na pasku bocznym po\u015brodku listy gier z kursami i rodzajami zak\u0142ad\u00f3w.<\/p>\n\n\n\n<p><strong>Jedn\u0105 z mocnych stron tego bukmachera jest harmonogram, fakt, \u017ce 1xBit oferuje ogromne kursy,<\/strong> czy to lokalne turnieje, czy mi\u0119dzynarodowe imprezy sportowe, nie s\u0105 one nawet konkurencyjne, ale wysokie w por\u00f3wnaniu z zawodami.<\/p>\n\n\n\n<p>Kolejnym wspomnianym wcze\u015bniej punktem jest strona 1xbit Sport, kt\u00f3ra oferuje ciekawe opcje, takie jak:<\/p>\n\n\n\n<p>Wydarzenia lub turnieje dnia: 1xbit wybiera najwa\u017cniejsze wydarzenia dnia i zaprasza swoich klient\u00f3w do stawiania zak\u0142ad\u00f3w w zamian za oferowanie ka\u017cdego dnia innej promocji. (Minimalny zak\u0142ad to 2 Mbt).<\/p>\n\n\n\n<p>Postaw zak\u0142ad na swoj\u0105 dru\u017cyn\u0119 narodow\u0105: 1xbet wykorzystuje Tw\u00f3j adres IP, aby pokaza\u0107 Ci sporty z Twojego kraju lub dru\u017cyn\u0119 narodow\u0105 na stronie g\u0142\u00f3wnej wszystkich wspieranych dyscyplin sportowych, takich jak pi\u0142ka no\u017cna, tenis, golf lub inne zawody.<\/p>\n\n\n\n<p>Obstawiaj najlepsze turnieje: Ta opcja jest bardzo przydatna, wy\u015bwietla jednym klikni\u0119ciem najlepszy mecz ligowy dnia z najwy\u017cszymi kursami.<\/p>\n\n\n\n<p>Zak\u0142ady na polityk\u0119: Jest to prawdopodobnie jeden z niewielu bukmacher\u00f3w w Internecie, kt\u00f3ry oferuje tego typu gry, oferuj\u0105c r\u00f3\u017cne opcje zak\u0142ad\u00f3w na sytuacj\u0119 polityczn\u0105 we wszystkich krajach na ca\u0142ym \u015bwiecie. Postaw na to, kto zostanie nowym prezydentem Francji lub USA<\/p>\n\n\n\n<p><\/p>\n\n\n\n<h2 class=\"wp-block-heading\"><span id=\"service-clients\">Obs\u0142uga klienta <\/span><\/h2>\n\n\n\n<p><br>Strona jest w pe\u0142ni dost\u0119pna dla swoich klient\u00f3w, dlatego oferuje wsparcie 24\/7 za po\u015brednictwem czatu na \u017cywo lub poczty elektronicznej. Bonusy wyp\u0142acane s\u0105 bardzo szybko, w rzeczywisto\u015bci s\u0105 wyp\u0142acane nie p\u00f3\u017aniej ni\u017c 30 minut po zako\u0144czeniu zak\u0142adu. Dost\u0119pne metody to: czat na \u017cywo, e-mail i numery telefon\u00f3w, a tak\u017ce wsparcie za po\u015brednictwem sieci spo\u0142eczno\u015bciowych (1xBit na Twitterze, 1xBit na Instagramie, 1xBit na kanale YouTube, 1xBit na Telegramie).<\/p>\n\n\n\n<p>Dodatkowo 1xbit oferuje r\u00f3wnie\u017c blog firmowy, kt\u00f3ry dostarcza ciekawych wiadomo\u015bci i informacji o bonusach.<\/p>\n\n\n\n<h2 class=\"wp-block-heading\"><span id=\"conclusion-sur-le-bookmaker-1xbit\">Wniosek dotycz\u0105cy bukmachera 1xbit<\/span><\/h2>\n\n\n\n<p>Ta strona jest oryginalna! Je\u015bli chcesz odwiedzi\u0107 witryn\u0119, w kt\u00f3rej mo\u017cesz obstawia\u0107 prawie wiele dyscyplin sportowych lub innych rodzaj\u00f3w gier, ten bukmacher jest dla Ciebie. 1xBit.com spe\u0142ni\u0142 nasze oczekiwania i nasz zesp\u00f3\u0142 zdecydowa\u0142 si\u0119 przyzna\u0107 mu 5 gwiazdek, poniewa\u017c oferuje doskona\u0142e wra\u017cenia z gry. Nie zapominajmy te\u017c o sekcji kasyn, jest bardzo dobrze wykonana, oferuje ponad 3000 automat\u00f3w do gier, automat\u00f3w do gry i wiele kart Gry. Jedyn\u0105 wad\u0105, jak\u0105 znale\u017ali\u015bmy, by\u0142o to, \u017ce nie akceptuj\u0105 kart kredytowych i przelew\u00f3w bankowych online.<\/p>\n\n\n\n<h3 class=\"wp-block-heading\"><span id=\"en-resume\"><br><strong>W podsumowaniu<\/strong><\/span><\/h3>\n\n\n\n<p>Korzy\u015b\u0107<\/p>\n\n\n\n<ul><li>Jedyna strona z zak\u0142adami sportowymi, kt\u00f3ra akceptuje bitcoiny<\/li><li>Gry na \u017cywo i mn\u00f3stwo automat\u00f3w do gier.<\/li><li>Du\u017ce promocje i bonusy<\/li><li>Darmowe wp\u0142aty i wyp\u0142aty<\/li><\/ul>\n\n\n\n<p><br>Wada<\/p>\n\n\n\n<ul><li>Nie ma innych opcji bankowych ni\u017c kryptowaluty.<\/li><li>Strona wymaga pewnych zmian ergonomicznych<\/li><\/ul>\n\n\n\n<p class=\"has-text-align-center unibet\" style=\"font-size:25px\"><mark style=\"background-color:rgba(0, 0, 0, 0);color:#0d7a12\" class=\"has-inline-color\"><strong><a href=\"https:\/\/parier-presidentielle.com\/pl\/recommends\/unibet\/\">Bonus 150 \u20ac oferowany w Unibet<br>Tw\u00f3j pierwszy zak\u0142ad polityczny lub sportowy: Kliknij tutaj<\/a><\/strong><\/mark><\/p>\n\n\n\n<p><\/p>\n\n\n<div class=\"wp-block-image\">\n<figure class=\"aligncenter is-resized wp-duotone-000097-ff4747-1\"><img decoding=\"async\" loading=\"lazy\" src=\"https:\/\/parier-presidentielle.com\/wp-content\/uploads\/2021\/09\/election-standard-scale-4_00x-gigapixel-1024x623.jpg\" alt=\"Wybory 2022\" style=\"width:256px;height:156px\" width=\"256\" height=\"156\"\/><\/figure><\/div>\n\n\n<p><br><\/p>\n\n\n\n<p><strong>Parier-presidentielle pomaga dokona\u0107 wyboru mi\u0119dzy r\u00f3\u017cnymi<a href=\"https:\/\/parier-presidentielle.com\/pl\/\"> Bukmacherzy Bwin, Unibet, Betclic obstawiaj\u0105 przysz\u0142ego ameryka\u0144skiego prezydenta w 2024 roku<\/a> : <\/strong><br><a href=\"https:\/\/parier-presidentielle.com\/pl\/unibet-policy-wybory-2022\/\">Bukmacher Prezydencki Unibet<\/a> : Szczeg\u00f3\u0142owy i bezp\u0142atny przewodnik, jak postawi\u0107 sw\u00f3j pierwszy zak\u0142ad online ze wszystkimi kursami i jak skorzysta\u0107 z oferowanego bonusu!<\/p>\n\n\n\n<p>Podobnie jak inne strony z zak\u0142adami online: <a href=\"https:\/\/parier-presidentielle.com\/pl\/unibet-policy-wybory-2022\/\">Bwin<\/a>, <a href=\"https:\/\/parier-presidentielle.com\/pl\/netbet-paris-politics-wybory-2022\/\">NetBet<\/a>, <a href=\"https:\/\/parier-presidentielle.com\/pl\/betclic-prezydencki-2022\/\">Betclic<\/a>, <a href=\"https:\/\/parier-presidentielle.com\/pl\/winmax-policy-wybory-2022\/\">Winamax<\/a>, Parions Sport, Zebet, Betway, Francja-Pari, Vbet, Cloudbet, 1Xbit, 1xbet, Betfair, Betwinner\u2026<\/p>\n\n\n\n<div class=\"wp-block-columns is-layout-flex wp-container-6 wp-block-columns-is-layout-flex\">\n<div class=\"wp-block-column is-layout-flow wp-block-column-is-layout-flow\" style=\"flex-basis:33.33%\">\n<p>W\u0142a\u015bnie przeczyta\u0142e\u015b nasz plik:<\/p>\n<\/div>\n\n\n\n<div class=\"wp-block-column is-layout-flow wp-block-column-is-layout-flow\" style=\"flex-basis:33.33%\">\n<div class=\"wp-block-group is-layout-flow wp-block-group-is-layout-flow\"><div class=\"wp-block-group__inner-container\"><h4 class=\"has-text-align-center wp-block-post-title\"><span id=\"1xbit-pour-parier-sur-la-politique-en-bitcoin\"><a href=\"https:\/\/parier-presidentielle.com\/pl\/1xbit-polityka\/\" target=\"_self\" >1xBit: obstawia\u0107 polityk\u0119 w Bitcoin<\/a><\/span><\/h4><\/div><\/div>\n<\/div>\n\n\n\n<div class=\"wp-block-column is-layout-flow wp-block-column-is-layout-flow\" style=\"flex-basis:33.33%\">\n<p class=\"has-text-align-right\">Czytaj dalej z naszymi innymi ekskluzywnymi plikami,<\/p>\n<\/div>\n<\/div>\n\n\n\n<h3 class=\"wp-block-heading\" id=\"tous-les-pronostics-sondage-et-cotes-pour-parier-sur-le-futur-vainqueur-de-l-election-presidentielle-2022\"><span id=\"tous-les-pronostics-sondage-et-cotes-pour-parier-sur-le-futur-vainqueur-de-l8217election-presidentielle-2024\">Wszystkie prognozy, ankiety i kursy, kt\u00f3re mo\u017cna obstawi\u0107 na przysz\u0142ego zwyci\u0119zc\u0119 wybor\u00f3w prezydenckich w 2024 r.:<\/span><\/h3>\n\n\n\n<ul>\n<li><a href=\"https:\/\/parier-presidentielle.com\/pl\/macron-elekcja\/\">Postaw na Emmanuela Macrona z Unibet, Betclic, Bwin<\/a> : ulubieniec sonda\u017cy i prognoz <\/li>\n\n\n\n<li><a href=\"https:\/\/parier-presidentielle.com\/pl\/marine-le-pen-wybory\/\">Marine Le Pen: Jej kursy i jak obstawia\u0107 u bukmacher\u00f3w<\/a>: Challenger wed\u0142ug Unibet<\/li>\n<\/ul>\n\n\n\n<p><\/p>\n\n\n\n<center><script type=\"text\/javascript\" charset=\"utf-8\" src=\"https:\/\/www.gambling-affiliation.com\/cpm\/v=AmIMTDSs92QY6b0MzDMvM5laCjJ-ZlA-1oQ-7tKsi.w_GA7331V2\"><\/script><\/center>\n\n\n\n<h3 class=\"wp-block-heading\"><span id=\"donald-trump-vs-joe-biden-la-video-qui-lance-les-paris-en-ligne-sur-l8217election-politique-de-2024\">Donald Trump kontra Joe Biden: film rozpoczynaj\u0105cy obstawianie zak\u0142ad\u00f3w online na wybory polityczne w 2024 r<\/span><\/h3>\n\n\n\n<figure class=\"wp-block-embed is-type-video is-provider-youtube wp-block-embed-youtube wp-embed-aspect-16-9 wp-has-aspect-ratio\"><div class=\"wp-block-embed__wrapper\">\n<iframe loading=\"lazy\" title=\"By\u0142y prezydent Donald Trump og\u0142asza ofert\u0119 Bia\u0142ego Domu na rok 2024 #Short\" width=\"640\" height=\"360\" src=\"https:\/\/www.youtube.com\/embed\/hZykPRVe4Ag?feature=oembed\" frameborder=\"0\" allow=\"accelerometer; autoplay; clipboard-write; encrypted-media; gyroscope; picture-in-picture; web-share\" allowfullscreen><\/iframe>\n<\/div><\/figure>\n\n\n<div class=\"wp-block-image\">\n<figure class=\"aligncenter size-medium\"><a href=\"https:\/\/parier-presidentielle.com\/pl\/recommends\/unibet\/\" target=\"_blank\" rel=\"noopener\"><img decoding=\"async\" loading=\"lazy\" width=\"300\" height=\"169\" src=\"https:\/\/parier-presidentielle.com\/wp-content\/uploads\/2022\/04\/unibet-300x169.jpg\" alt=\"\" class=\"wp-image-1252\" srcset=\"https:\/\/parier-presidentielle.com\/wp-content\/uploads\/2022\/04\/unibet-300x169.jpg 300w, https:\/\/parier-presidentielle.com\/wp-content\/uploads\/2022\/04\/unibet-1024x576.jpg 1024w, https:\/\/parier-presidentielle.com\/wp-content\/uploads\/2022\/04\/unibet-768x432.jpg 768w, https:\/\/parier-presidentielle.com\/wp-content\/uploads\/2022\/04\/unibet-18x10.jpg 18w, https:\/\/parier-presidentielle.com\/wp-content\/uploads\/2022\/04\/unibet.jpg 1280w\" sizes=\"(max-width: 300px) 100vw, 300px\" \/><\/a><\/figure><\/div>\n\n\n<p>Znajd\u017a Wiki, najwa\u017cniejsze wiadomo\u015bci polityczne na temat konopi indyjskich i ich legalnych pochodnych: <strong>HHC, H4cbd, Thcp, Thcv, HSD, HHCPO, C4B<\/strong><\/p>\n<div id=\"toc_container\" class=\"no_bullets\"><p class=\"toc_title\">Spis tre\u015bci<\/p><ul class=\"toc_list\"><li><\/li><li><\/li><li><\/li><li><\/li><li><ul><li><ul><li><\/li><\/ul><\/li><li><\/li><li><\/li><\/ul><\/li><\/ul><\/div>","protected":false},"excerpt":{"rendered":"<p>1xbit: Analiza nowego bukmachera specjalizuj\u0105cego si\u0119 w Bitcoinie 1xBit to najbardziej innowacyjna strona po\u015bwi\u0119cona sportowi\/gierom w Pary\u017cu na scenie mi\u0119dzynarodowej, w rzeczywisto\u015bci jako jedyna umo\u017cliwia wp\u0142aty i wyp\u0142aty wy\u0142\u0105cznie za po\u015brednictwem kryptowalut. To zdecydowanie nowo\u015b\u0107, kt\u00f3ra wstrz\u0105sn\u0119\u0142a \u015bwiat gier online. Z powodu \u2026<\/p>","protected":false},"author":1,"featured_media":0,"parent":0,"menu_order":0,"comment_status":"closed","ping_status":"closed","template":"page-nosidebar.php","meta":{"footnotes":""},"yoast_head":"<!-- This site is optimized with the Yoast SEO Premium plugin v21.0 (Yoast SEO v21.0) - https:\/\/yoast.com\/wordpress\/plugins\/seo\/ -->\n<title>1xBit : Pour parier sur la Politique en Bitcoin - Finale Coupe du Monde FIFA<\/title>\n<meta name=\"description\" content=\"Parier avec 1xBit : 7 BTC offert pour votre 1er Pari sur la Politique, le Sport! Guide du Bookmaker pour profiter du Bonus de bienvenue...\" \/>\n<meta name=\"robots\" content=\"index, follow, max-snippet:-1, max-image-preview:large, max-video-preview:-1\" \/>\n<link rel=\"canonical\" href=\"https:\/\/parier-presidentielle.com\/pl\/1xbit-polityka\/\" \/>\n<meta property=\"og:locale\" content=\"pl_PL\" \/>\n<meta property=\"og:type\" content=\"article\" \/>\n<meta property=\"og:title\" content=\"1xBit : Pour parier sur la Politique en Bitcoin\" \/>\n<meta property=\"og:description\" content=\"Parier avec 1xBit : 7 BTC offert pour votre 1er Pari sur la Politique, le Sport! Guide du Bookmaker pour profiter du Bonus de bienvenue...\" \/>\n<meta property=\"og:url\" content=\"https:\/\/parier-presidentielle.com\/pl\/1xbit-polityka\/\" \/>\n<meta property=\"og:site_name\" content=\"Parier Pr\u00e9sidentielle\" \/>\n<meta property=\"article:modified_time\" content=\"2022-04-11T22:47:22+00:00\" \/>\n<meta property=\"og:image\" content=\"https:\/\/parier-presidentielle.com\/wp-content\/uploads\/2022\/04\/1xBit-pour-parier-sur-la-politique-en-bitcoin-1024x546.jpg\" \/>\n<meta name=\"twitter:card\" content=\"summary_large_image\" \/>\n<meta name=\"twitter:label1\" content=\"Szacowany czas czytania\" \/>\n\t<meta name=\"twitter:data1\" content=\"6 minut\" \/>\n<script type=\"application\/ld+json\" class=\"yoast-schema-graph\">{\"@context\":\"https:\/\/schema.org\",\"@graph\":[{\"@type\":\"WebPage\",\"@id\":\"https:\/\/parier-presidentielle.com\/1xbit-politique\/\",\"url\":\"https:\/\/parier-presidentielle.com\/1xbit-politique\/\",\"name\":\"1xBit : Pour parier sur la Politique en Bitcoin - Finale Coupe du Monde FIFA\",\"isPartOf\":{\"@id\":\"https:\/\/parier-presidentielle.com\/#website\"},\"datePublished\":\"2022-02-17T16:17:02+00:00\",\"dateModified\":\"2022-04-11T22:47:22+00:00\",\"description\":\"Parier avec 1xBit : 7 BTC offert pour votre 1er Pari sur la Politique, le Sport! Guide du Bookmaker pour profiter du Bonus de bienvenue...\",\"breadcrumb\":{\"@id\":\"https:\/\/parier-presidentielle.com\/1xbit-politique\/#breadcrumb\"},\"inLanguage\":\"pl-PL\",\"potentialAction\":[{\"@type\":\"ReadAction\",\"target\":[\"https:\/\/parier-presidentielle.com\/1xbit-politique\/\"]}]},{\"@type\":\"BreadcrumbList\",\"@id\":\"https:\/\/parier-presidentielle.com\/1xbit-politique\/#breadcrumb\",\"itemListElement\":[{\"@type\":\"ListItem\",\"position\":1,\"name\":\"Accueil\",\"item\":\"https:\/\/parier-presidentielle.com\/\"},{\"@type\":\"ListItem\",\"position\":2,\"name\":\"1xBit : Pour parier sur la Politique en Bitcoin\"}]},{\"@type\":\"WebSite\",\"@id\":\"https:\/\/parier-presidentielle.com\/#website\",\"url\":\"https:\/\/parier-presidentielle.com\/\",\"name\":\"Parier Pr\u00e9sidentielle\",\"description\":\"Paris, Pronostics, Wiki sur la Politique, les Elections Am\u00e9ricaines: Joe Biden, Donald Trump avec les Bookmakers en ligne Unibet, Bwin, Betclic, Winamax\",\"potentialAction\":[{\"@type\":\"SearchAction\",\"target\":{\"@type\":\"EntryPoint\",\"urlTemplate\":\"https:\/\/parier-presidentielle.com\/?s={search_term_string}\"},\"query-input\":\"required name=search_term_string\"}],\"inLanguage\":\"pl-PL\"}]}<\/script>\n<!-- \/ Yoast SEO Premium plugin. -->","yoast_head_json":{"title":"1xBit : Pour parier sur la Politique en Bitcoin - Finale Coupe du Monde FIFA","description":"Parier avec 1xBit : 7 BTC offert pour votre 1er Pari sur la Politique, le Sport! Guide du Bookmaker pour profiter du Bonus de bienvenue...","robots":{"index":"index","follow":"follow","max-snippet":"max-snippet:-1","max-image-preview":"max-image-preview:large","max-video-preview":"max-video-preview:-1"},"canonical":"https:\/\/parier-presidentielle.com\/pl\/1xbit-polityka\/","og_locale":"pl_PL","og_type":"article","og_title":"1xBit : Pour parier sur la Politique en Bitcoin","og_description":"Parier avec 1xBit : 7 BTC offert pour votre 1er Pari sur la Politique, le Sport! Guide du Bookmaker pour profiter du Bonus de bienvenue...","og_url":"https:\/\/parier-presidentielle.com\/pl\/1xbit-polityka\/","og_site_name":"Parier Pr\u00e9sidentielle","article_modified_time":"2022-04-11T22:47:22+00:00","og_image":[{"url":"https:\/\/parier-presidentielle.com\/wp-content\/uploads\/2022\/04\/1xBit-pour-parier-sur-la-politique-en-bitcoin-1024x546.jpg"}],"twitter_card":"summary_large_image","twitter_misc":{"Szacowany czas czytania":"6 minut"},"schema":{"@context":"https:\/\/schema.org","@graph":[{"@type":"WebPage","@id":"https:\/\/parier-presidentielle.com\/1xbit-politique\/","url":"https:\/\/parier-presidentielle.com\/1xbit-politique\/","name":"1xBit : Pour parier sur la Politique en Bitcoin - Finale Coupe du Monde FIFA","isPartOf":{"@id":"https:\/\/parier-presidentielle.com\/#website"},"datePublished":"2022-02-17T16:17:02+00:00","dateModified":"2022-04-11T22:47:22+00:00","description":"Parier avec 1xBit : 7 BTC offert pour votre 1er Pari sur la Politique, le Sport! Guide du Bookmaker pour profiter du Bonus de bienvenue...","breadcrumb":{"@id":"https:\/\/parier-presidentielle.com\/1xbit-politique\/#breadcrumb"},"inLanguage":"pl-PL","potentialAction":[{"@type":"ReadAction","target":["https:\/\/parier-presidentielle.com\/1xbit-politique\/"]}]},{"@type":"BreadcrumbList","@id":"https:\/\/parier-presidentielle.com\/1xbit-politique\/#breadcrumb","itemListElement":[{"@type":"ListItem","position":1,"name":"Accueil","item":"https:\/\/parier-presidentielle.com\/"},{"@type":"ListItem","position":2,"name":"1xBit : Pour parier sur la Politique en Bitcoin"}]},{"@type":"WebSite","@id":"https:\/\/parier-presidentielle.com\/#website","url":"https:\/\/parier-presidentielle.com\/","name":"Parier Pr\u00e9sidentielle","description":"Paris, Pronostics, Wiki sur la Politique, les Elections Am\u00e9ricaines: Joe Biden, Donald Trump avec les Bookmakers en ligne Unibet, Bwin, Betclic, Winamax","potentialAction":[{"@type":"SearchAction","target":{"@type":"EntryPoint","urlTemplate":"https:\/\/parier-presidentielle.com\/?s={search_term_string}"},"query-input":"required name=search_term_string"}],"inLanguage":"pl-PL"}]}},"_links":{"self":[{"href":"https:\/\/parier-presidentielle.com\/pl\/wp-json\/wp\/v2\/pages\/525"}],"collection":[{"href":"https:\/\/parier-presidentielle.com\/pl\/wp-json\/wp\/v2\/pages"}],"about":[{"href":"https:\/\/parier-presidentielle.com\/pl\/wp-json\/wp\/v2\/types\/page"}],"author":[{"embeddable":true,"href":"https:\/\/parier-presidentielle.com\/pl\/wp-json\/wp\/v2\/users\/1"}],"replies":[{"embeddable":true,"href":"https:\/\/parier-presidentielle.com\/pl\/wp-json\/wp\/v2\/comments?post=525"}],"version-history":[{"count":8,"href":"https:\/\/parier-presidentielle.com\/pl\/wp-json\/wp\/v2\/pages\/525\/revisions"}],"predecessor-version":[{"id":1228,"href":"https:\/\/parier-presidentielle.com\/pl\/wp-json\/wp\/v2\/pages\/525\/revisions\/1228"}],"wp:attachment":[{"href":"https:\/\/parier-presidentielle.com\/pl\/wp-json\/wp\/v2\/media?parent=525"}],"curies":[{"name":"wp","href":"https:\/\/api.w.org\/{rel}","templated":true}]}}