{"id":54,"date":"2021-09-07T00:14:00","date_gmt":"2021-09-06T22:14:00","guid":{"rendered":"https:\/\/parier-presidentielle.com\/?page_id=54"},"modified":"2022-04-24T12:00:40","modified_gmt":"2022-04-24T10:00:40","slug":"bookmakers-election","status":"publish","type":"page","link":"https:\/\/parier-presidentielle.com\/pl\/bukmacherzy-wybory\/","title":{"rendered":"Bukmacherzy a wybory prezydenckie"},"content":{"rendered":"<div class=\"wp-block-columns is-layout-flex wp-container-4 wp-block-columns-is-layout-flex\">\n<div class=\"wp-block-column is-layout-flow wp-block-column-is-layout-flow\" style=\"flex-basis:100%\">\n<div class=\"wp-block-columns is-layout-flex wp-container-2 wp-block-columns-is-layout-flex\">\n<div class=\"wp-block-column is-layout-flow wp-block-column-is-layout-flow\" style=\"flex-basis:100%\">\n<center><script type=\"text\/javascript\" charset=\"utf-8\" src=\"https:\/\/www.gambling-affiliation.com\/cpm\/v=AmIMTDSs92QY6b0MzDMvM5laCjJ-ZlA-1oQ-7tKsi.w_GA7331V2\"><\/script><\/center>\n\n\n\n<p><\/p>\n\n\n\n<div class=\"wp-block-image is-style-default\"><figure class=\"aligncenter size-medium\"><a href=\"https:\/\/parier-presidentielle.com\/pl\/recommends\/unibet-logo\/\" target=\"_blank\" rel=\"no follow noopener\"><img decoding=\"async\" loading=\"lazy\" width=\"300\" height=\"169\" src=\"https:\/\/parier-presidentielle.com\/wp-content\/uploads\/2022\/04\/unibet-300x169.jpg\" alt=\"\" class=\"wp-image-1252\" srcset=\"https:\/\/parier-presidentielle.com\/wp-content\/uploads\/2022\/04\/unibet-300x169.jpg 300w, https:\/\/parier-presidentielle.com\/wp-content\/uploads\/2022\/04\/unibet-1024x576.jpg 1024w, https:\/\/parier-presidentielle.com\/wp-content\/uploads\/2022\/04\/unibet-768x432.jpg 768w, https:\/\/parier-presidentielle.com\/wp-content\/uploads\/2022\/04\/unibet-18x10.jpg 18w, https:\/\/parier-presidentielle.com\/wp-content\/uploads\/2022\/04\/unibet.jpg 1280w\" sizes=\"(max-width: 300px) 100vw, 300px\" \/><\/a><\/figure><\/div>\n<\/div>\n<\/div>\n<\/div>\n<\/div>\n\n\n\n<h2 class=\"wp-block-heading\"><span id=\"les-cote-pour-parier-en-ligne-sur-le-futur-vainqueur-en-france-macron-vs-le-pen\">Kursy na zak\u0142ady online na przysz\u0142ego zwyci\u0119zc\u0119 we Francji Macron vs Le Pen<\/span><\/h2>\n\n\n\n<p>Je\u015bli szukasz strony bukmacherskiej lub w j\u0119zyku angielskim <a href=\"https:\/\/parier-presidentielle.com\/pl\/\">Bukmacher <\/a> na wybory prezydenckie w 2022 r. znajdziesz tutaj najbardziej kompletne i szczeg\u00f3\u0142owe informacje na temat Parier-Pr\u00e9sidentielle!<br>Ponadto znajdziemy wszystkie zak\u0142ady oferowane przez bukmacher\u00f3w, w tym kursy bukmacherskie, wyniki\/trendy na \u017cywo i inne zak\u0142ady inne ni\u017c polityczne, takie jak zak\u0142ady sportowe (pi\u0142ka no\u017cna itp.), a nawet poker.<\/p>\n\n\n\n<p>W tym artykule przedstawimy zasady zak\u0142adu prezydenckiego 2022, a nast\u0119pnie przeanalizujemy kandydat\u00f3w i r\u00f3\u017cne mo\u017cliwe zak\u0142ady na to wydarzenie w drugiej turze wybor\u00f3w prezydenckich we Francji w 2022 roku.<\/p>\n\n\n\n<p>Odkryj wszystkie szanse na wybory prezydenckie w 2022 r. <a href=\"https:\/\/parier-presidentielle.com\/pl\/unibet-policy-wybory-2022\/\">Unibet<\/a> ! Teraz, gdy ju\u017c wiesz wszystko, nie wahaj si\u0119 i udaj si\u0119 do Bwin, Betclic, William Hill, aby dokona\u0107 prognoz!<\/p>\n\n\n\n<p>Ankieterzy przewidywali bardzo zaci\u0119t\u0105 drug\u0105 tur\u0119, z 52% dla Macrona i 48% dla Le Pen. R\u00f3\u017cnica jest tak ma\u0142a, \u017ce zwyci\u0119stwo w t\u0119 czy w drug\u0105 stron\u0119 mie\u015bci si\u0119 w granicach b\u0142\u0119du. Ale w ka\u017cdym razie jest to znacznie bli\u017cej ni\u017c w 2017 r., kiedy Macron pokona\u0142 Le Pen, zdobywaj\u0105c 66,1% g\u0142os\u00f3w.<\/p>\n\n\n\n<p><strong>Kto ma najwi\u0119ksze szanse na wygranie wybor\u00f3w prezydenckich?<\/strong><\/p>\n\n\n\n<p>Emmanuel Macron po kursie 1,14 i Marine Le Pen po kursie 5,3, wi\u0119c zdaniem bukmacher\u00f3w najwi\u0119ksze szanse na wygran\u0105 ma obecny prezydent.<\/p>\n\n\n\n<h2 class=\"wp-block-heading\"><span id=\"une-election-francaise-qui-interesse-le-monde-entier\">Wybory we Francji, kt\u00f3re interesuj\u0105 ca\u0142y \u015bwiat!<\/span><\/h2>\n\n\n\n<p>Druga tura wybor\u00f3w prezydenckich we Francji zafascynowa\u0142a Brytyjczyk\u00f3w. Opr\u00f3cz medi\u00f3w, firmy bukmacherskie online r\u00f3wnie\u017c uwa\u017cnie przygl\u0105da\u0142y si\u0119 najnowszym wydarzeniom we francuskiej kampanii. Ilo\u015b\u0107 zak\u0142ad\u00f3w ustanowi\u0142a rekord. Niezadowolony z obstawiania wy\u015bcig\u00f3w konnych lub gier <a href=\"https:\/\/www.foot-parier.com\/\">pi\u0142ka no\u017cna<\/a>Brytyjczycy mog\u0105 teraz stawia\u0107 na\u2026 <strong>wybory prezydenckie we Francji<\/strong> z ich licznymi bukmacherami. <a href=\"https:\/\/parier-presidentielle.com\/pl\/macron-elekcja\/\">Emmanuel Macron <\/a>Gdzie <a href=\"https:\/\/parier-presidentielle.com\/pl\/marine-le-pen-wybory\/\">Marine Le Pen<\/a>, ten plakat wyra\u017anie fascynuje naszych s\u0105siad\u00f3w po drugiej stronie Cie\u015bniny. W Betclic, jednej z najwi\u0119kszych firm bukmacherskich w Wielkiej Brytanii, lider En Marche! Faworyt jest wy\u0142aniany po kursie 1 z 8. Marine Le Pen jest outsiderem w przedziale od 5 do 1,5 cala, wyja\u015bni\u0142 redakcji TF1 Rupert Adams. <\/p>\n\n\n\n<blockquote class=\"wp-block-quote\"><p><\/p><cite>\u201eNasz najwi\u0119kszy zak\u0142ad to 21 000 euro, co jest bezprecedensowe. \u201e<\/cite><\/blockquote>\n\n\n\n<div class=\"wp-block-image is-style-default wp-duotone-000097-ff4747-5\"><figure class=\"aligncenter size-large is-resized\"><img decoding=\"async\" loading=\"lazy\" src=\"https:\/\/parier-presidentielle.com\/wp-content\/uploads\/2021\/09\/macron-1024x578.jpeg\" alt=\"Macron na wiecu przed wyborami prezydenckimi\" class=\"wp-image-57\" width=\"675\" height=\"381\" srcset=\"https:\/\/parier-presidentielle.com\/wp-content\/uploads\/2021\/09\/macron-1024x578.jpeg 1024w, https:\/\/parier-presidentielle.com\/wp-content\/uploads\/2021\/09\/macron-300x169.jpeg 300w, https:\/\/parier-presidentielle.com\/wp-content\/uploads\/2021\/09\/macron-768x433.jpeg 768w, https:\/\/parier-presidentielle.com\/wp-content\/uploads\/2021\/09\/macron.jpeg 1255w\" sizes=\"(max-width: 675px) 100vw, 675px\" \/><\/figure><\/div>\n\n\n\n<p>Brytyjskie media szeroko informowa\u0142y, \u017ce <a href=\"https:\/\/parier-presidentielle.com\/pl\/\"><strong>wybory francuskie<\/strong><\/a> wydawa\u0142o si\u0119, \u017ce wzbudzi\u0142o prawdziwy entuzjazm. Liczne wydarzenia, takie jak bardzo otwarta ankieta w przeddzie\u0144 pierwszej tury, zwi\u0119kszy\u0142y ich ciekawo\u015b\u0107 dziesi\u0119ciokrotnie. Wszystkie informacje na temat drugiej tury wybor\u00f3w prezydenckich w 2022 r. Wyb\u00f3r Trumpa i brexit pokrzy\u017cowa\u0142y sonda\u017ce, dzi\u0119ki czemu sytuacja we Francji mo\u017ce si\u0119 odnowi\u0107, st\u0105d zainteresowanie<a href=\"https:\/\/parier-presidentielle.com\/pl\/bukmacher-wyborczy-polityka-2022\/\"> postaw na odpowiedniego bukmachera<\/a>\u2026 Nie m\u00f3wi\u0105c ju\u017c o nowym podej\u015bciu do polityki: w tej dziedzinie, podobnie jak w przypadku wydarze\u0144 sportowych, wyniki nigdy nie s\u0105 z g\u00f3ry przes\u0105dzone. Pod tym wzgl\u0119dem zwyci\u0119stwo wybor\u00f3w Donalda Trumpa czy brexit w Stanach Zjednoczonych pokaza\u0142o, \u017ce nigdy nie mo\u017cna wykluczy\u0107 zmian w ostatniej chwili. Co pozostawi\u0142o opini\u0119 publiczn\u0105 i bukmacher\u00f3w w napi\u0119ciu.<\/p>\n\n\n\n<h2 class=\"wp-block-heading\"><span id=\"l8217avis-de-l8217expert-en-paris-sportifs-pour-l8217election\">Opinia eksperta w zakresie zak\u0142ad\u00f3w sportowych na wybory<\/span><\/h2>\n\n\n\n<p>\u201eTe dwie rzeczy zmieni\u0142y sytuacj\u0119\u201d \u2013 podkre\u015bli\u0142a Emmanuelle de France z serwisu <a href=\"https:\/\/parier-presidentielle.com\/pl\/\">Zak\u0142ady prezydenckie: Wybory bukmacherskie we Francji,<\/a> od eksperta w zakresie zak\u0142ad\u00f3w online <strong>Bwin <\/strong>. &quot;Wszystko mo\u017ce si\u0119 zdarzy\u0107. To ju\u017c trzecie wydarzenie polityczne, kt\u00f3re wzbudzi\u0142o tak du\u017ce zainteresowanie\u201d \u2013 powiedzia\u0142a TF1. W przypadku tej grupy bukmacher\u00f3w stawka na mecz Elizejski mo\u017ce przekroczy\u0107 30 milion\u00f3w euro. Wynik jeszcze bardziej zaskakuj\u0105cy ni\u017c w 2012 r., podczas ostatnich wybor\u00f3w prezydenckich we Francji,  <strong>Bwin  <\/strong>nie uzna\u0142 za konieczne otwarcia wydarzenia dla graczy.<\/p>\n\n\n\n<p>Na wszystkie wybory prezydenckie w 2022 r. Unibet udost\u0119pni\u0142 wszystkim swoim graczom wiele zak\u0142ad\u00f3w, w\u015br\u00f3d kt\u00f3rych mo\u017cna postawi\u0107 na zwyci\u0119skiego kandydata w drugiej turze wybor\u00f3w prezydenckich w 2022 r. we Francji.<\/p>\n\n\n\n<p>Od teraz wszystkie kursy na wybory prezydenckie 2022 mo\u017cesz znale\u017a\u0107 dzi\u0119ki Unibet!<\/p>\n\n\n\n<p>Je\u015bli chodzi o Bwin, oferuje kompletn\u0105 ofert\u0119 obstawiania polityki, na przyk\u0142ad na kolejnego prezydenta Francji.<\/p>\n\n\n\n<p>Rzeczywi\u015bcie, wielu graczy ju\u017c postawi\u0142o swoje prognozy dotycz\u0105ce tego przysz\u0142ego wydarzenia, wybieraj\u0105c spo\u015br\u00f3d kandydat\u00f3w, kt\u00f3rzy ju\u017c pojawili si\u0119 w poprzednich sonda\u017cach.<\/p>\n\n\n\n<p>Mo\u017cesz obstawia\u0107 Marine Le Pen (5.30 na Bwin), Emmanuel Macron (1.14 na Bwin), Jean-Luc M\u00e9lenchon (15.00 na Bwin), Beno\u00eet Hamon (50.00 na Bwin) lub nawet Fran\u00e7ois Baroin (67,00 na Bwin).<\/p>\n\n\n\n<p>Wszystkie kursy na wybory prezydenckie 2022 znajdziesz w Unibecie! Skoro ju\u017c wiesz ju\u017c wszystko, nie wahaj si\u0119 i przejd\u017a do bwin, aby dokona\u0107 przewidywa\u0144!<\/p>\n\n\n\n<p><\/p>\n\n\n\n<h3 class=\"has-text-align-center wp-block-heading\"><span id=\"dossier-special-bookmaker-unibet-bwin-mondial-quatar\"><br>Specjalny plik bukmacherski Unibet Bwin &amp; Mondial Qatar <\/span><\/h3>\n\n\n\n<p>Zr\u00f3b sw\u00f3j pierwszy zak\u0142ad online na Polityk\u0119 i wszystkie sporty dzi\u0119ki naszym plikom na r\u00f3\u017cnych stronach: Betclic, Winamax, Unibet, Betclic: <\/p>\n\n\n\n<p>Za pomoc\u0105 bukmacher\u00f3w internetowych, takich jak Bwin, Unibet i Betclic, mo\u017cesz uzyska\u0107 dost\u0119p do r\u00f3\u017cnych rynk\u00f3w zak\u0142ad\u00f3w na turniej, co da ci szans\u0119 na du\u017ce wygrane. Podsumowuj\u0105c, francuska dru\u017cyna mo\u017ce by\u0107 jedn\u0105 z dru\u017cyn, kt\u00f3re warto ogl\u0105da\u0107 podczas Mistrzostw \u015awiata 2022 Fili\u017canka. Z pomoc\u0105 bukmacher\u00f3w internetowych, takich jak Bwin, Unibet i Betclic, mo\u017cesz zbiera\u0107 informacje na temat Portugalii i dokonywa\u0107 \u015bwiadomych zak\u0142ad\u00f3w na jej wyniki w tym turnieju. Dlaczego wi\u0119c nie skorzysta\u0107 z szansy na potencjalne skorzystanie z sukcesu Francji w 2022 roku?<\/p>\n\n\n\n<p><\/p>\n\n\n\n<p class=\"has-text-align-center unibet\" style=\"font-size:25px\"><mark style=\"background-color:rgba(0, 0, 0, 0);color:#0d7a12\" class=\"has-inline-color\"><strong><a href=\"https:\/\/parier-presidentielle.com\/pl\/recommends\/unibet\/\">Bonus 150 \u20ac oferowany w Unibet<br>Tw\u00f3j pierwszy zak\u0142ad polityczny lub sportowy: Kliknij tutaj<\/a><\/strong><\/mark><\/p>\n\n\n\n<p><\/p>\n\n\n<div class=\"wp-block-image\">\n<figure class=\"aligncenter is-resized wp-duotone-000097-ff4747-6\"><img decoding=\"async\" loading=\"lazy\" src=\"https:\/\/parier-presidentielle.com\/wp-content\/uploads\/2021\/09\/election-standard-scale-4_00x-gigapixel-1024x623.jpg\" alt=\"Wybory 2022\" style=\"width:256px;height:156px\" width=\"256\" height=\"156\"\/><\/figure><\/div>\n\n\n<p><br><\/p>\n\n\n\n<p><strong>Parier-presidentielle pomaga dokona\u0107 wyboru mi\u0119dzy r\u00f3\u017cnymi<a href=\"https:\/\/parier-presidentielle.com\/pl\/\"> Bukmacherzy Bwin, Unibet, Betclic obstawiaj\u0105 przysz\u0142ego ameryka\u0144skiego prezydenta w 2024 roku<\/a> : <\/strong><br><a href=\"https:\/\/parier-presidentielle.com\/pl\/unibet-policy-wybory-2022\/\">Bukmacher Prezydencki Unibet<\/a> : Szczeg\u00f3\u0142owy i bezp\u0142atny przewodnik, jak postawi\u0107 sw\u00f3j pierwszy zak\u0142ad online ze wszystkimi kursami i jak skorzysta\u0107 z oferowanego bonusu!<\/p>\n\n\n\n<p>Podobnie jak inne strony z zak\u0142adami online: <a href=\"https:\/\/parier-presidentielle.com\/pl\/unibet-policy-wybory-2022\/\">Bwin<\/a>, <a href=\"https:\/\/parier-presidentielle.com\/pl\/netbet-paris-politics-wybory-2022\/\">NetBet<\/a>, <a href=\"https:\/\/parier-presidentielle.com\/pl\/betclic-prezydencki-2022\/\">Betclic<\/a>, <a href=\"https:\/\/parier-presidentielle.com\/pl\/winmax-policy-wybory-2022\/\">Winamax<\/a>, Parions Sport, Zebet, Betway, Francja-Pari, Vbet, Cloudbet, 1Xbit, 1xbet, Betfair, Betwinner\u2026<\/p>\n\n\n\n<div class=\"wp-block-columns is-layout-flex wp-container-11 wp-block-columns-is-layout-flex\">\n<div class=\"wp-block-column is-layout-flow wp-block-column-is-layout-flow\" style=\"flex-basis:33.33%\">\n<p>W\u0142a\u015bnie przeczyta\u0142e\u015b nasz plik:<\/p>\n<\/div>\n\n\n\n<div class=\"wp-block-column is-layout-flow wp-block-column-is-layout-flow\" style=\"flex-basis:33.33%\">\n<div class=\"wp-block-group is-layout-flow wp-block-group-is-layout-flow\"><div class=\"wp-block-group__inner-container\"><h4 class=\"has-text-align-center wp-block-post-title\"><span id=\"les-bookmakers-et-l8217election-presidentielle\"><a href=\"https:\/\/parier-presidentielle.com\/pl\/bukmacherzy-wybory\/\" target=\"_self\" >Bukmacherzy a wybory prezydenckie<\/a><\/span><\/h4><\/div><\/div>\n<\/div>\n\n\n\n<div class=\"wp-block-column is-layout-flow wp-block-column-is-layout-flow\" style=\"flex-basis:33.33%\">\n<p class=\"has-text-align-right\">Czytaj dalej z naszymi innymi ekskluzywnymi plikami,<\/p>\n<\/div>\n<\/div>\n\n\n\n<h3 class=\"wp-block-heading\" id=\"tous-les-pronostics-sondage-et-cotes-pour-parier-sur-le-futur-vainqueur-de-l-election-presidentielle-2022\"><span id=\"tous-les-pronostics-sondage-et-cotes-pour-parier-sur-le-futur-vainqueur-de-l8217election-presidentielle-2024\">Wszystkie prognozy, ankiety i kursy, kt\u00f3re mo\u017cna obstawi\u0107 na przysz\u0142ego zwyci\u0119zc\u0119 wybor\u00f3w prezydenckich w 2024 r.:<\/span><\/h3>\n\n\n\n<ul>\n<li><a href=\"https:\/\/parier-presidentielle.com\/pl\/macron-elekcja\/\">Postaw na Emmanuela Macrona z Unibet, Betclic, Bwin<\/a> : ulubieniec sonda\u017cy i prognoz <\/li>\n\n\n\n<li><a href=\"https:\/\/parier-presidentielle.com\/pl\/marine-le-pen-wybory\/\">Marine Le Pen: Jej kursy i jak obstawia\u0107 u bukmacher\u00f3w<\/a>: Challenger wed\u0142ug Unibet<\/li>\n<\/ul>\n\n\n\n<p><\/p>\n\n\n\n<center><script type=\"text\/javascript\" charset=\"utf-8\" src=\"https:\/\/www.gambling-affiliation.com\/cpm\/v=AmIMTDSs92QY6b0MzDMvM5laCjJ-ZlA-1oQ-7tKsi.w_GA7331V2\"><\/script><\/center>\n\n\n\n<h3 class=\"wp-block-heading\"><span id=\"donald-trump-vs-joe-biden-la-video-qui-lance-les-paris-en-ligne-sur-l8217election-politique-de-2024\">Donald Trump kontra Joe Biden: film rozpoczynaj\u0105cy obstawianie zak\u0142ad\u00f3w online na wybory polityczne w 2024 r<\/span><\/h3>\n\n\n\n<figure class=\"wp-block-embed is-type-video is-provider-youtube wp-block-embed-youtube wp-embed-aspect-16-9 wp-has-aspect-ratio\"><div class=\"wp-block-embed__wrapper\">\n<iframe loading=\"lazy\" title=\"By\u0142y prezydent Donald Trump og\u0142asza ofert\u0119 Bia\u0142ego Domu na rok 2024 #Short\" width=\"640\" height=\"360\" src=\"https:\/\/www.youtube.com\/embed\/hZykPRVe4Ag?feature=oembed\" frameborder=\"0\" allow=\"accelerometer; autoplay; clipboard-write; encrypted-media; gyroscope; picture-in-picture; web-share\" allowfullscreen><\/iframe>\n<\/div><\/figure>\n\n\n<div class=\"wp-block-image\">\n<figure class=\"aligncenter size-medium\"><a href=\"https:\/\/parier-presidentielle.com\/pl\/recommends\/unibet\/\" target=\"_blank\" rel=\"noopener\"><img decoding=\"async\" loading=\"lazy\" width=\"300\" height=\"169\" src=\"https:\/\/parier-presidentielle.com\/wp-content\/uploads\/2022\/04\/unibet-300x169.jpg\" alt=\"\" class=\"wp-image-1252\" srcset=\"https:\/\/parier-presidentielle.com\/wp-content\/uploads\/2022\/04\/unibet-300x169.jpg 300w, https:\/\/parier-presidentielle.com\/wp-content\/uploads\/2022\/04\/unibet-1024x576.jpg 1024w, https:\/\/parier-presidentielle.com\/wp-content\/uploads\/2022\/04\/unibet-768x432.jpg 768w, https:\/\/parier-presidentielle.com\/wp-content\/uploads\/2022\/04\/unibet-18x10.jpg 18w, https:\/\/parier-presidentielle.com\/wp-content\/uploads\/2022\/04\/unibet.jpg 1280w\" sizes=\"(max-width: 300px) 100vw, 300px\" \/><\/a><\/figure><\/div>\n\n\n<p>Znajd\u017a Wiki, najwa\u017cniejsze wiadomo\u015bci polityczne na temat konopi indyjskich i ich legalnych pochodnych: <strong>HHC, H4cbd, Thcp, Thcv, HSD, HHCPO, C4B<\/strong><\/p>\n\n\n\n<p><\/p>\n\n\n\n<p><\/p>\n<div id=\"toc_container\" class=\"no_bullets\"><p class=\"toc_title\">Spis tre\u015bci<\/p><ul class=\"toc_list\"><li><\/li><li><\/li><li><ul><li><ul><li><\/li><\/ul><\/li><li><\/li><li><\/li><\/ul><\/li><\/ul><\/div>","protected":false},"excerpt":{"rendered":"<p>Les cote pour parier en ligne sur le futur Vainqueur en France Macron vs Le Pen Si vous \u00eates \u00e0 la recherche d&#8217;un site de paris ou en anglais Bookmaker pour la pr\u00e9sidentielle 2022, vous trouverez ici les informations les plus compl\u00e8tes et d\u00e9taill\u00e9es sur Parier-Pr\u00e9sidentielle!De plus, on y retrouve tous les paris propos\u00e9s par &#8230;<\/p>","protected":false},"author":1,"featured_media":0,"parent":0,"menu_order":0,"comment_status":"closed","ping_status":"closed","template":"page-nosidebar.php","meta":{"footnotes":""},"yoast_head":"<!-- This site is optimized with the Yoast SEO Premium plugin v21.0 (Yoast SEO v21.0) - https:\/\/yoast.com\/wordpress\/plugins\/seo\/ -->\n<title>Les Bookmakers et l&#039;\u00e9lection Pr\u00e9sidentielle - Finale Coupe du Monde FIFA<\/title>\n<meta name=\"description\" content=\"Les cote des sites de paris sur le futur Vainqueur en France Macron vs Le Pen\" \/>\n<meta name=\"robots\" content=\"index, follow, max-snippet:-1, max-image-preview:large, max-video-preview:-1\" \/>\n<link rel=\"canonical\" href=\"https:\/\/parier-presidentielle.com\/pl\/bukmacherzy-wybory\/\" \/>\n<meta property=\"og:locale\" content=\"pl_PL\" \/>\n<meta property=\"og:type\" content=\"article\" \/>\n<meta property=\"og:title\" content=\"Les Bookmakers et l&#039;\u00e9lection Pr\u00e9sidentielle\" \/>\n<meta property=\"og:description\" content=\"Les cote des sites de paris sur le futur Vainqueur en France Macron vs Le Pen\" \/>\n<meta property=\"og:url\" content=\"https:\/\/parier-presidentielle.com\/pl\/bukmacherzy-wybory\/\" \/>\n<meta property=\"og:site_name\" content=\"Parier Pr\u00e9sidentielle\" \/>\n<meta property=\"article:modified_time\" content=\"2022-04-24T10:00:40+00:00\" \/>\n<meta property=\"og:image\" content=\"https:\/\/parier-presidentielle.com\/wp-content\/uploads\/2021\/09\/macron-1024x578.jpeg\" \/>\n<meta name=\"twitter:card\" content=\"summary_large_image\" \/>\n<meta name=\"twitter:label1\" content=\"Szacowany czas czytania\" \/>\n\t<meta name=\"twitter:data1\" content=\"5 minut\" \/>\n<script type=\"application\/ld+json\" class=\"yoast-schema-graph\">{\"@context\":\"https:\/\/schema.org\",\"@graph\":[{\"@type\":\"WebPage\",\"@id\":\"https:\/\/parier-presidentielle.com\/bookmakers-election\/\",\"url\":\"https:\/\/parier-presidentielle.com\/bookmakers-election\/\",\"name\":\"Les Bookmakers et l'\u00e9lection Pr\u00e9sidentielle - Finale Coupe du Monde FIFA\",\"isPartOf\":{\"@id\":\"https:\/\/parier-presidentielle.com\/#website\"},\"datePublished\":\"2021-09-06T22:14:00+00:00\",\"dateModified\":\"2022-04-24T10:00:40+00:00\",\"description\":\"Les cote des sites de paris sur le futur Vainqueur en France Macron vs Le Pen\",\"breadcrumb\":{\"@id\":\"https:\/\/parier-presidentielle.com\/bookmakers-election\/#breadcrumb\"},\"inLanguage\":\"pl-PL\",\"potentialAction\":[{\"@type\":\"ReadAction\",\"target\":[\"https:\/\/parier-presidentielle.com\/bookmakers-election\/\"]}]},{\"@type\":\"BreadcrumbList\",\"@id\":\"https:\/\/parier-presidentielle.com\/bookmakers-election\/#breadcrumb\",\"itemListElement\":[{\"@type\":\"ListItem\",\"position\":1,\"name\":\"Accueil\",\"item\":\"https:\/\/parier-presidentielle.com\/\"},{\"@type\":\"ListItem\",\"position\":2,\"name\":\"Les Bookmakers et l&#8217;\u00e9lection Pr\u00e9sidentielle\"}]},{\"@type\":\"WebSite\",\"@id\":\"https:\/\/parier-presidentielle.com\/#website\",\"url\":\"https:\/\/parier-presidentielle.com\/\",\"name\":\"Parier Pr\u00e9sidentielle\",\"description\":\"Paris, Pronostics, Wiki sur la Politique, les Elections Am\u00e9ricaines: Joe Biden, Donald Trump avec les Bookmakers en ligne Unibet, Bwin, Betclic, Winamax\",\"potentialAction\":[{\"@type\":\"SearchAction\",\"target\":{\"@type\":\"EntryPoint\",\"urlTemplate\":\"https:\/\/parier-presidentielle.com\/?s={search_term_string}\"},\"query-input\":\"required name=search_term_string\"}],\"inLanguage\":\"pl-PL\"}]}<\/script>\n<!-- \/ Yoast SEO Premium plugin. -->","yoast_head_json":{"title":"Les Bookmakers et l'\u00e9lection Pr\u00e9sidentielle - Finale Coupe du Monde FIFA","description":"Les cote des sites de paris sur le futur Vainqueur en France Macron vs Le Pen","robots":{"index":"index","follow":"follow","max-snippet":"max-snippet:-1","max-image-preview":"max-image-preview:large","max-video-preview":"max-video-preview:-1"},"canonical":"https:\/\/parier-presidentielle.com\/pl\/bukmacherzy-wybory\/","og_locale":"pl_PL","og_type":"article","og_title":"Les Bookmakers et l'\u00e9lection Pr\u00e9sidentielle","og_description":"Les cote des sites de paris sur le futur Vainqueur en France Macron vs Le Pen","og_url":"https:\/\/parier-presidentielle.com\/pl\/bukmacherzy-wybory\/","og_site_name":"Parier Pr\u00e9sidentielle","article_modified_time":"2022-04-24T10:00:40+00:00","og_image":[{"url":"https:\/\/parier-presidentielle.com\/wp-content\/uploads\/2021\/09\/macron-1024x578.jpeg"}],"twitter_card":"summary_large_image","twitter_misc":{"Szacowany czas czytania":"5 minut"},"schema":{"@context":"https:\/\/schema.org","@graph":[{"@type":"WebPage","@id":"https:\/\/parier-presidentielle.com\/bookmakers-election\/","url":"https:\/\/parier-presidentielle.com\/bookmakers-election\/","name":"Les Bookmakers et l'\u00e9lection Pr\u00e9sidentielle - Finale Coupe du Monde FIFA","isPartOf":{"@id":"https:\/\/parier-presidentielle.com\/#website"},"datePublished":"2021-09-06T22:14:00+00:00","dateModified":"2022-04-24T10:00:40+00:00","description":"Les cote des sites de paris sur le futur Vainqueur en France Macron vs Le Pen","breadcrumb":{"@id":"https:\/\/parier-presidentielle.com\/bookmakers-election\/#breadcrumb"},"inLanguage":"pl-PL","potentialAction":[{"@type":"ReadAction","target":["https:\/\/parier-presidentielle.com\/bookmakers-election\/"]}]},{"@type":"BreadcrumbList","@id":"https:\/\/parier-presidentielle.com\/bookmakers-election\/#breadcrumb","itemListElement":[{"@type":"ListItem","position":1,"name":"Accueil","item":"https:\/\/parier-presidentielle.com\/"},{"@type":"ListItem","position":2,"name":"Les Bookmakers et l&#8217;\u00e9lection Pr\u00e9sidentielle"}]},{"@type":"WebSite","@id":"https:\/\/parier-presidentielle.com\/#website","url":"https:\/\/parier-presidentielle.com\/","name":"Parier Pr\u00e9sidentielle","description":"Paris, Pronostics, Wiki sur la Politique, les Elections Am\u00e9ricaines: Joe Biden, Donald Trump avec les Bookmakers en ligne Unibet, Bwin, Betclic, Winamax","potentialAction":[{"@type":"SearchAction","target":{"@type":"EntryPoint","urlTemplate":"https:\/\/parier-presidentielle.com\/?s={search_term_string}"},"query-input":"required name=search_term_string"}],"inLanguage":"pl-PL"}]}},"_links":{"self":[{"href":"https:\/\/parier-presidentielle.com\/pl\/wp-json\/wp\/v2\/pages\/54"}],"collection":[{"href":"https:\/\/parier-presidentielle.com\/pl\/wp-json\/wp\/v2\/pages"}],"about":[{"href":"https:\/\/parier-presidentielle.com\/pl\/wp-json\/wp\/v2\/types\/page"}],"author":[{"embeddable":true,"href":"https:\/\/parier-presidentielle.com\/pl\/wp-json\/wp\/v2\/users\/1"}],"replies":[{"embeddable":true,"href":"https:\/\/parier-presidentielle.com\/pl\/wp-json\/wp\/v2\/comments?post=54"}],"version-history":[{"count":26,"href":"https:\/\/parier-presidentielle.com\/pl\/wp-json\/wp\/v2\/pages\/54\/revisions"}],"predecessor-version":[{"id":1634,"href":"https:\/\/parier-presidentielle.com\/pl\/wp-json\/wp\/v2\/pages\/54\/revisions\/1634"}],"wp:attachment":[{"href":"https:\/\/parier-presidentielle.com\/pl\/wp-json\/wp\/v2\/media?parent=54"}],"curies":[{"name":"wp","href":"https:\/\/api.w.org\/{rel}","templated":true}]}}