{"id":557,"date":"2022-02-21T12:38:33","date_gmt":"2022-02-21T11:38:33","guid":{"rendered":"https:\/\/parier-presidentielle.com\/?page_id=557"},"modified":"2022-10-27T08:34:43","modified_gmt":"2022-10-27T06:34:43","slug":"bwin-paris-sur-la-politique","status":"publish","type":"page","link":"https:\/\/parier-presidentielle.com\/pl\/bwin-obstawianie-polityki\/","title":{"rendered":"Bwin: obstawianie polityki"},"content":{"rendered":"<h2 class=\"wp-block-heading\" id=\"l-integralite-des-cotes-de-bwin-france-usa\"><span id=\"l8217integralite-des-cotes-de-bwin-pour-les-elections-en-france-usa8230\">Pe\u0142ne kursy Bwin na wybory we Francji, USA\u2026<\/span><\/h2>\n\n\n\n<p>Je\u015bli Bwin jest jednym z lider\u00f3w Zak\u0142ad\u00f3w Sportowych, jest r\u00f3wnie\u017c najlepszym bukmacherem w dziedzinie zak\u0142ad\u00f3w politycznych i wybor\u00f3w prezydenckich, poniewa\u017c oferuje najwi\u0119cej zak\u0142ad\u00f3w na francuskie \u017cycie polityczne, a tak\u017ce ameryka\u0144skie, brytyjskie (premiera)\u2026<br><\/p>\n\n\n<div class=\"wp-block-image\">\n<figure class=\"aligncenter size-medium is-resized\"><img decoding=\"async\" src=\"https:\/\/parier-presidentielle.com\/wp-content\/uploads\/2022\/02\/bwin-elections-300x175.png\" alt=\"\" class=\"wp-image-559\" width=\"500\" srcset=\"https:\/\/parier-presidentielle.com\/wp-content\/uploads\/2022\/02\/bwin-elections-300x175.png 300w, https:\/\/parier-presidentielle.com\/wp-content\/uploads\/2022\/02\/bwin-elections-1024x597.png 1024w, https:\/\/parier-presidentielle.com\/wp-content\/uploads\/2022\/02\/bwin-elections-768x448.png 768w, https:\/\/parier-presidentielle.com\/wp-content\/uploads\/2022\/02\/bwin-elections-1536x896.png 1536w, https:\/\/parier-presidentielle.com\/wp-content\/uploads\/2022\/02\/bwin-elections.png 1961w\" sizes=\"(max-width: 300px) 100vw, 300px\" \/><\/figure><\/div>\n\n\n<h3 class=\"wp-block-heading\" id=\"prochain-candidat-a-la-cour-supreme-des-etats-unis-les-cotes-de-bwin\"><span id=\"i\"><br><\/span><\/h3>\n\n\n\n<p>W miar\u0119 zbli\u017cania si\u0119 wybor\u00f3w prezydenckich Bwin oferuje obstawianie wybor\u00f3w. Bwin to bukmacher specjalizuj\u0105cy si\u0119 w zak\u0142adach sportowych online i zak\u0142adach na \u017cywo. Francja wybra\u0142a Prezydenta Republiki 24 kwietnia 2022 r.<\/p>\n\n\n\n<p><strong>Postaw na nast\u0119pne wybory<\/strong><\/p>\n\n\n\n<p>Kolejnym wa\u017cnym wydarzeniem politycznym b\u0119d\u0105 wybory prezydenckie we Francji. w drugiej turze, kt\u00f3ra odb\u0119dzie si\u0119 24 kwietnia 2022 r., dost\u0119pne s\u0105 dwa rodzaje zak\u0142ad\u00f3w dotycz\u0105cych polityki: kto zostanie prezydentem-elektem po wyborach? Ale tak\u017ce kt\u00f3ra partia uzyska bezwzgl\u0119dn\u0105 wi\u0119kszo\u015b\u0107 w Zgromadzeniu Narodowym?<\/p>\n\n\n\n<p>Bwin wskazuje, \u017ce w ostatnich latach obstawianie nabra\u0142o nowego wymiaru. Rzeczywi\u015bcie, wielu polityk\u00f3w by\u0142o w stanie wykorzysta\u0107 tego rodzaju zak\u0142ad, aby przekaza\u0107 swoje przes\u0142anie. Co wi\u0119cej, niekt\u00f3rzy kandydaci twierdzili nawet, \u017ce wygrali jeszcze przed zamkni\u0119ciem lokali wyborczych! Kr\u00f3tko m\u00f3wi\u0105c, zak\u0142ady sta\u0142y si\u0119 integraln\u0105 cz\u0119\u015bci\u0105 ka\u017cdego wa\u017cnego wydarzenia politycznego. Uwa\u017camy to za prawdziwy przejaw demokratycznego zaanga\u017cowania.<\/p>\n\n\n\n<p>Pod tym wzgl\u0119dem zwyci\u0119stwo Emmanuela Macrona znacznie pobudzi\u0142o zainteresowanie obstawianiem polityki. A je\u015bli chcesz wiedzie\u0107 wszystko o francuskiej polityce i wyborach (prezydenckich, legislacyjnych lub lokalnych), to dobrze trafi\u0142e\u015b! Bukmacherzy dostarczaj\u0105 wszelkich mo\u017cliwych informacji: sonda\u017cy, kurs\u00f3w, ale tak\u017ce porad i prognoz na ka\u017cde wybory.<\/p>\n\n\n\n<h3 class=\"wp-block-heading\" id=\"prochain-candidat-a-la-cour-supreme-des-etats-unis-les-cotes-de-bwin\"><span id=\"prochain-candidat-a-la-cour-supreme-des-etats-unis-les-cotes-de-bwin\"><a href=\"https:\/\/parier-presidentielle.com\/pl\/paryz-kandydat-sad-najwyzszy-stany-zjednoczone\/\">Nast\u0119pny kandydat do S\u0105du Najwy\u017cszego Stan\u00f3w Zjednoczonych, szanse Bwin<\/a><\/span><\/h3>\n\n\n\n<p id=\"prochain-candidat-a-la-cour-supreme-des-etats-unis01-04-2022-23-00\">Dzie\u0144 wybor\u00f3w. 01.04.2022 23:00<br><strong>Kto b\u0119dzie kolejnym kandydatem do S\u0105du Najwy\u017cszego Stan\u00f3w Zjednoczonych?<\/strong> <br>Znajd\u017a wszystkie kursy Bwin, aby postawi\u0107 na kandydat\u00f3w: <br>Ketanji Brown Jackson, Julianna Michelle Childs, Leondra Kruger\u2026<br><\/p>\n\n\n\n<h3 class=\"wp-block-heading\" id=\"prochaine-election-presidentielle-en-france-les-cotes-de-bwin\"><span id=\"prochaine-election-presidentielle-en-france-les-cotes-de-bwin\"><a href=\"https:\/\/parier-presidentielle.com\/pl\/bwin-policy-wybory-2022\/\">Kolejne wybory prezydenckie we Francji, szanse na Bwin<\/a><\/span><\/h3>\n\n\n\n<p>Dzie\u0144 wybor\u00f3w. 14.05.2022 12:00<br><strong>Kto b\u0119dzie nast\u0119pnym prezydentem Republiki Francuskiej?<\/strong> <br>Znajd\u017a wszystkie kursy Bwin, aby postawi\u0107 na kandydat\u00f3w: <br><a href=\"https:\/\/parier-presidentielle.com\/pl\/macron-elekcja\/\">Emmanuel Macron<\/a>, Valerie P\u00e9cresse, Anne Hidalgo, <a href=\"https:\/\/parier-presidentielle.com\/pl\/marine-le-pen-wybory\/\">Marine Le Pen<\/a>, Jean-Luc Melenchon, <a href=\"https:\/\/parier-presidentielle.com\/pl\/zemour-wybory\/\">Eric Zemmour<\/a><br><\/p>\n\n\n\n<h3 class=\"wp-block-heading\" id=\"election-presidentielle-americaine-2024-les-cotes-de-bwin\"><span id=\"election-presidentielle-americaine-2024-les-cotes-de-bwin\"><br>Wybory prezydenckie w USA 2024, kursy Bwin<\/span><\/h3>\n\n\n\n<p>05\/11\/2024 22:00<br>Znajd\u017a wszystkie kursy Bwin, aby postawi\u0107 na kandydat\u00f3w: <br>Donald Trump, Joe Biden, Kamala Harris, Pete Buttigieg, Tucker Carlson, Elizabeth Warren, Hillary Clinton,<br>Alexandria Ocasio-Cortez, Marco Rubio, Ted Cruz, Mike Pompeo, Mitt Romney\u2026<\/p>\n\n\n\n<h3 class=\"wp-block-heading\" id=\"prochain-premier-ministre-du-royaume-uni-les-cotes-de-bwin\"><span id=\"prochain-premier-ministre-du-royaume-uni-les-cotes-de-bwin\"><br><br>Kolejny premier Wielkiej Brytanii, oceny Bwin<\/span><\/h3>\n\n\n\n<p><br>01\/01\/2025 10:00<br><\/p>\n\n\n\n<h2 class=\"wp-block-heading\" id=\"sondage-trahison-les-specificite-du-paris-politique\"><span id=\"sondage-trahison-les-specificite-du-paris-politique\">Ankieta, zdrada: specyfika politycznego Pary\u017ca<\/span><\/h2>\n\n\n\n<p><br>Zak\u0142ady z g\u00f3ry mog\u0105 si\u0119 bardzo op\u0142aci\u0107: poniewa\u017c zak\u0142ady na wyniki wybor\u00f3w politycznych s\u0105 dost\u0119pne na <a href=\"https:\/\/parier-presidentielle.com\/pl\/bwin-policy-wybory-2022\/\"><strong>Bwin<\/strong><\/a> i mo\u017ce rozpocz\u0105\u0107 si\u0119 na lata przed dniem wybor\u00f3w. Ka\u017cde wybory maj\u0105 swoje niespodzianki, a obstawiaj\u0105cy musz\u0105 by\u0107 w stanie oceni\u0107, co wp\u0142ywa na ostatecznego zwyci\u0119zc\u0119. Ostatnie wybory we Francji i Stanach Zjednoczonych za ka\u017cdym razem pokrzy\u017cowa\u0142y wiele prognoz, wprowadzaj\u0105c zwroty akcji i zmiany w ostatniej chwili!<\/p>\n\n\n\n<h3 class=\"wp-block-heading\" id=\"facteurs-affectant-les-paris-politiques\"><span id=\"facteurs-affectant-les-paris-politiques\"> <br>Czynniki wp\u0142ywaj\u0105ce na zak\u0142ady polityczne <\/span><\/h3>\n\n\n\n<p>Na wynik mo\u017ce mie\u0107 wp\u0142yw kilka czynnik\u00f3w. Mo\u017ce to by\u0107 skandal, pog\u0142oski z obozu opozycji, bie\u017c\u0105ce wydarzenia, szokuj\u0105cy wyrok, jako\u015b\u0107 przyw\u00f3dc\u00f3w, obietnice wyborcze, partia, kt\u00f3ra ich wspiera, spos\u00f3b, w jaki media przedstawiaj\u0105 kandydat\u00f3w, si\u0142a wiary w debat\u0119.<\/p>\n\n\n\n<h3 class=\"wp-block-heading\" id=\"parier-sur-la-prochaine-election\"><span id=\"parier-sur-la-prochaine-election-avec-bwin\"><br>Postaw na nast\u0119pne wybory z Bwin<\/span><\/h3>\n\n\n\n<p>Kolejnym wa\u017cnym wydarzeniem politycznym b\u0119d\u0105 wybory prezydenckie we Francji (wszystkie zak\u0142ady padaj\u0105 na wybory prezydenckie we Francji). Cho\u0107 pierwsza tura odb\u0119dzie si\u0119 10 kwietnia 2022 r., a druga 24 kwietnia 2022 r., mo\u017cliwe s\u0105 dwa rodzaje zak\u0142ad\u00f3w politycznych: kto przejdzie do drugiej tury i kto zostanie prezydentem-elektem po zako\u0144czeniu g\u0142osowania?<br>Pod koniec 2022 roku w Brazylii odb\u0119d\u0105 si\u0119 wybory prezydenckie. Kolejnymi wa\u017cnymi wydarzeniami b\u0119d\u0105 wybory prezydenckie w USA w 2024 r. i nast\u0119pny premier Wielkiej Brytanii w styczniu 2025 r. Obstaw na naszej stronie, kt\u00f3ra strona Partii Demokratycznej lub Republika\u0144skiej wygra wybory prezydenckie w USA.<\/p>\n<div id=\"toc_container\" class=\"no_bullets\"><p class=\"toc_title\">Spis tre\u015bci<\/p><ul class=\"toc_list\"><li><ul><li><\/li><li><\/li><li><\/li><li><\/li><li><\/li><\/ul><\/li><li><ul><li><\/li><li><\/li><\/ul><\/li><\/ul><\/div>","protected":false},"excerpt":{"rendered":"<p>L&#8217;int\u00e9gralit\u00e9 des cotes de Bwin pour les \u00e9lections en France, Usa&#8230; Si Bwin est un des leaders du Paris Sportif il est \u00e9galement le meilleur bookmaker dans le domaine du Pari Politique et des \u00c9lections pr\u00e9sidentielles car il propose le plus de pari aussi bien sur la vie politique Fran\u00e7aise que celle Am\u00e9ricaine, Britannique ( &#8230;<\/p>","protected":false},"author":1,"featured_media":0,"parent":0,"menu_order":0,"comment_status":"closed","ping_status":"closed","template":"page-nosidebar.php","meta":{"footnotes":""},"yoast_head":"<!-- This site is optimized with the Yoast SEO Premium plugin v21.0 (Yoast SEO v21.0) - https:\/\/yoast.com\/wordpress\/plugins\/seo\/ -->\n<title>Bwin : Paris sur la Politique - Finale Coupe du Monde FIFA<\/title>\n<meta name=\"description\" content=\"Parier sur les \u00e9lections Fran\u00e7aise, Am\u00e9ricaine avec le meilleur Bookmaker : Bwin. Int\u00e9gralit\u00e9 des cotes et pronostics pour Parier sur la Politique.\" \/>\n<meta name=\"robots\" content=\"index, follow, max-snippet:-1, max-image-preview:large, max-video-preview:-1\" \/>\n<link rel=\"canonical\" href=\"https:\/\/parier-presidentielle.com\/pl\/bwin-obstawianie-polityki\/\" \/>\n<meta property=\"og:locale\" content=\"pl_PL\" \/>\n<meta property=\"og:type\" content=\"article\" \/>\n<meta property=\"og:title\" content=\"Bwin : Paris sur la Politique\" \/>\n<meta property=\"og:description\" content=\"Parier sur les \u00e9lections Fran\u00e7aise, Am\u00e9ricaine avec le meilleur Bookmaker : Bwin. Int\u00e9gralit\u00e9 des cotes et pronostics pour Parier sur la Politique.\" \/>\n<meta property=\"og:url\" content=\"https:\/\/parier-presidentielle.com\/pl\/bwin-obstawianie-polityki\/\" \/>\n<meta property=\"og:site_name\" content=\"Parier Pr\u00e9sidentielle\" \/>\n<meta property=\"article:modified_time\" content=\"2022-10-27T06:34:43+00:00\" \/>\n<meta property=\"og:image\" content=\"https:\/\/parier-presidentielle.com\/wp-content\/uploads\/2022\/02\/bwin-elections-300x175.png\" \/>\n<meta name=\"twitter:card\" content=\"summary_large_image\" \/>\n<meta name=\"twitter:label1\" content=\"Szacowany czas czytania\" \/>\n\t<meta name=\"twitter:data1\" content=\"4 minuty\" \/>\n<script type=\"application\/ld+json\" class=\"yoast-schema-graph\">{\"@context\":\"https:\/\/schema.org\",\"@graph\":[{\"@type\":\"WebPage\",\"@id\":\"https:\/\/parier-presidentielle.com\/bwin-paris-sur-la-politique\/\",\"url\":\"https:\/\/parier-presidentielle.com\/bwin-paris-sur-la-politique\/\",\"name\":\"Bwin : Paris sur la Politique - Finale Coupe du Monde FIFA\",\"isPartOf\":{\"@id\":\"https:\/\/parier-presidentielle.com\/#website\"},\"datePublished\":\"2022-02-21T11:38:33+00:00\",\"dateModified\":\"2022-10-27T06:34:43+00:00\",\"description\":\"Parier sur les \u00e9lections Fran\u00e7aise, Am\u00e9ricaine avec le meilleur Bookmaker : Bwin. Int\u00e9gralit\u00e9 des cotes et pronostics pour Parier sur la Politique.\",\"breadcrumb\":{\"@id\":\"https:\/\/parier-presidentielle.com\/bwin-paris-sur-la-politique\/#breadcrumb\"},\"inLanguage\":\"pl-PL\",\"potentialAction\":[{\"@type\":\"ReadAction\",\"target\":[\"https:\/\/parier-presidentielle.com\/bwin-paris-sur-la-politique\/\"]}]},{\"@type\":\"BreadcrumbList\",\"@id\":\"https:\/\/parier-presidentielle.com\/bwin-paris-sur-la-politique\/#breadcrumb\",\"itemListElement\":[{\"@type\":\"ListItem\",\"position\":1,\"name\":\"Accueil\",\"item\":\"https:\/\/parier-presidentielle.com\/\"},{\"@type\":\"ListItem\",\"position\":2,\"name\":\"Bwin : Paris sur la Politique\"}]},{\"@type\":\"WebSite\",\"@id\":\"https:\/\/parier-presidentielle.com\/#website\",\"url\":\"https:\/\/parier-presidentielle.com\/\",\"name\":\"Parier Pr\u00e9sidentielle\",\"description\":\"Paris, Pronostics, Wiki sur la Politique, les Elections Am\u00e9ricaines: Joe Biden, Donald Trump avec les Bookmakers en ligne Unibet, Bwin, Betclic, Winamax\",\"potentialAction\":[{\"@type\":\"SearchAction\",\"target\":{\"@type\":\"EntryPoint\",\"urlTemplate\":\"https:\/\/parier-presidentielle.com\/?s={search_term_string}\"},\"query-input\":\"required name=search_term_string\"}],\"inLanguage\":\"pl-PL\"}]}<\/script>\n<!-- \/ Yoast SEO Premium plugin. -->","yoast_head_json":{"title":"Bwin : Paris sur la Politique - Finale Coupe du Monde FIFA","description":"Parier sur les \u00e9lections Fran\u00e7aise, Am\u00e9ricaine avec le meilleur Bookmaker : Bwin. Int\u00e9gralit\u00e9 des cotes et pronostics pour Parier sur la Politique.","robots":{"index":"index","follow":"follow","max-snippet":"max-snippet:-1","max-image-preview":"max-image-preview:large","max-video-preview":"max-video-preview:-1"},"canonical":"https:\/\/parier-presidentielle.com\/pl\/bwin-obstawianie-polityki\/","og_locale":"pl_PL","og_type":"article","og_title":"Bwin : Paris sur la Politique","og_description":"Parier sur les \u00e9lections Fran\u00e7aise, Am\u00e9ricaine avec le meilleur Bookmaker : Bwin. Int\u00e9gralit\u00e9 des cotes et pronostics pour Parier sur la Politique.","og_url":"https:\/\/parier-presidentielle.com\/pl\/bwin-obstawianie-polityki\/","og_site_name":"Parier Pr\u00e9sidentielle","article_modified_time":"2022-10-27T06:34:43+00:00","og_image":[{"url":"https:\/\/parier-presidentielle.com\/wp-content\/uploads\/2022\/02\/bwin-elections-300x175.png"}],"twitter_card":"summary_large_image","twitter_misc":{"Szacowany czas czytania":"4 minuty"},"schema":{"@context":"https:\/\/schema.org","@graph":[{"@type":"WebPage","@id":"https:\/\/parier-presidentielle.com\/bwin-paris-sur-la-politique\/","url":"https:\/\/parier-presidentielle.com\/bwin-paris-sur-la-politique\/","name":"Bwin : Paris sur la Politique - Finale Coupe du Monde FIFA","isPartOf":{"@id":"https:\/\/parier-presidentielle.com\/#website"},"datePublished":"2022-02-21T11:38:33+00:00","dateModified":"2022-10-27T06:34:43+00:00","description":"Parier sur les \u00e9lections Fran\u00e7aise, Am\u00e9ricaine avec le meilleur Bookmaker : Bwin. Int\u00e9gralit\u00e9 des cotes et pronostics pour Parier sur la Politique.","breadcrumb":{"@id":"https:\/\/parier-presidentielle.com\/bwin-paris-sur-la-politique\/#breadcrumb"},"inLanguage":"pl-PL","potentialAction":[{"@type":"ReadAction","target":["https:\/\/parier-presidentielle.com\/bwin-paris-sur-la-politique\/"]}]},{"@type":"BreadcrumbList","@id":"https:\/\/parier-presidentielle.com\/bwin-paris-sur-la-politique\/#breadcrumb","itemListElement":[{"@type":"ListItem","position":1,"name":"Accueil","item":"https:\/\/parier-presidentielle.com\/"},{"@type":"ListItem","position":2,"name":"Bwin : Paris sur la Politique"}]},{"@type":"WebSite","@id":"https:\/\/parier-presidentielle.com\/#website","url":"https:\/\/parier-presidentielle.com\/","name":"Parier Pr\u00e9sidentielle","description":"Paris, Pronostics, Wiki sur la Politique, les Elections Am\u00e9ricaines: Joe Biden, Donald Trump avec les Bookmakers en ligne Unibet, Bwin, Betclic, Winamax","potentialAction":[{"@type":"SearchAction","target":{"@type":"EntryPoint","urlTemplate":"https:\/\/parier-presidentielle.com\/?s={search_term_string}"},"query-input":"required name=search_term_string"}],"inLanguage":"pl-PL"}]}},"_links":{"self":[{"href":"https:\/\/parier-presidentielle.com\/pl\/wp-json\/wp\/v2\/pages\/557"}],"collection":[{"href":"https:\/\/parier-presidentielle.com\/pl\/wp-json\/wp\/v2\/pages"}],"about":[{"href":"https:\/\/parier-presidentielle.com\/pl\/wp-json\/wp\/v2\/types\/page"}],"author":[{"embeddable":true,"href":"https:\/\/parier-presidentielle.com\/pl\/wp-json\/wp\/v2\/users\/1"}],"replies":[{"embeddable":true,"href":"https:\/\/parier-presidentielle.com\/pl\/wp-json\/wp\/v2\/comments?post=557"}],"version-history":[{"count":24,"href":"https:\/\/parier-presidentielle.com\/pl\/wp-json\/wp\/v2\/pages\/557\/revisions"}],"predecessor-version":[{"id":1684,"href":"https:\/\/parier-presidentielle.com\/pl\/wp-json\/wp\/v2\/pages\/557\/revisions\/1684"}],"wp:attachment":[{"href":"https:\/\/parier-presidentielle.com\/pl\/wp-json\/wp\/v2\/media?parent=557"}],"curies":[{"name":"wp","href":"https:\/\/api.w.org\/{rel}","templated":true}]}}