{"id":576,"date":"2022-02-21T13:37:39","date_gmt":"2022-02-21T12:37:39","guid":{"rendered":"https:\/\/parier-presidentielle.com\/?page_id=576"},"modified":"2022-02-24T17:52:41","modified_gmt":"2022-02-24T16:52:41","slug":"paris-candidate-cour-supreme-etats-unis","status":"publish","type":"page","link":"https:\/\/parier-presidentielle.com\/pl\/paryz-kandydat-sad-najwyzszy-stany-zjednoczone\/","title":{"rendered":"Zak\u0142ady na kandydata do S\u0105du Najwy\u017cszego Stan\u00f3w Zjednoczonych"},"content":{"rendered":"<div class=\"wp-block-image\"><figure class=\"aligncenter size-large is-resized\"><img decoding=\"async\" loading=\"lazy\" src=\"https:\/\/parier-presidentielle.com\/wp-content\/uploads\/2022\/02\/candidat-a-la-cour-supreme-des-etats-unis-1024x576.jpg\" alt=\"Zak\u0142ady na kandydata do S\u0105du Najwy\u017cszego Stan\u00f3w Zjednoczonych\" class=\"wp-image-605\" width=\"512\" height=\"288\" srcset=\"https:\/\/parier-presidentielle.com\/wp-content\/uploads\/2022\/02\/candidat-a-la-cour-supreme-des-etats-unis-1024x576.jpg 1024w, https:\/\/parier-presidentielle.com\/wp-content\/uploads\/2022\/02\/candidat-a-la-cour-supreme-des-etats-unis-300x169.jpg 300w, https:\/\/parier-presidentielle.com\/wp-content\/uploads\/2022\/02\/candidat-a-la-cour-supreme-des-etats-unis-768x432.jpg 768w, https:\/\/parier-presidentielle.com\/wp-content\/uploads\/2022\/02\/candidat-a-la-cour-supreme-des-etats-unis-1536x864.jpg 1536w, https:\/\/parier-presidentielle.com\/wp-content\/uploads\/2022\/02\/candidat-a-la-cour-supreme-des-etats-unis-2048x1152.jpg 2048w\" sizes=\"(max-width: 512px) 100vw, 512px\" \/><\/figure><\/div>\n\n\n\n<p><\/p>\n\n\n\n<h2 class=\"wp-block-heading\" id=\"qui-sera-le-prochain-candidat-a-la-cour-supreme-des-etats-unis\"><span id=\"qui-sera-le-prochain-candidat-a-la-cour-supreme-des-etats-unis\">Kto b\u0119dzie kolejnym kandydatem do S\u0105du Najwy\u017cszego Stan\u00f3w Zjednoczonych? <\/span><\/h2>\n\n\n\n<h3 class=\"wp-block-heading\" id=\"les-cotes-de-bwin\"><span id=\"les-cotes-de-bwin\">Kursy Bwin<\/span><\/h3>\n\n\n\n<div class=\"wp-block-columns is-layout-flex wp-container-3 wp-block-columns-is-layout-flex\">\n<div class=\"wp-block-column is-layout-flow wp-block-column-is-layout-flow\" style=\"flex-basis:50%\">\n<ul><li>Ketanji Brown Jackson 1.40 <\/li><li>Julianna Michelle Childs 3.50 <\/li><li>Leondra Kruger 7.00 <\/li><li>Wilhelmina Wright 21.00 <\/li><li>Candance Jackson-Akiwumi 26,00<\/li><li>Leslie Abrams Gardner 34,00 <\/li><li>Ojetta Thompson 34,00 <\/li><\/ul>\n<\/div>\n\n\n\n<div class=\"wp-block-column is-layout-flow wp-block-column-is-layout-flow\" style=\"flex-basis:50%\">\n<ul id=\"block-ddd26370-54c6-4d08-b7e1-9017713db613\"><li>Sherrylyn al 34.00<\/li><li>Tiffany Cunningham 34.00<\/li><li>Anita Earls 51,00<\/li><li>Eunice Lee 51,00<\/li><li>Kamala Harris 51,00<\/li><li>Hillary Clinton 101,00<\/li><\/ul>\n<\/div>\n<\/div>\n\n\n\n<div class=\"wp-block-image\"><figure class=\"aligncenter size-full is-resized\"><img decoding=\"async\" loading=\"lazy\" src=\"https:\/\/parier-presidentielle.com\/wp-content\/uploads\/2022\/02\/bwin-candidate-a-la-cour-supreme-des-etats-unis.png\" alt=\"Szanse Bwin na kolejnego kandydata do S\u0105du Najwy\u017cszego USA \" class=\"wp-image-622\" width=\"730\" height=\"535\" srcset=\"https:\/\/parier-presidentielle.com\/wp-content\/uploads\/2022\/02\/bwin-candidate-a-la-cour-supreme-des-etats-unis.png 973w, https:\/\/parier-presidentielle.com\/wp-content\/uploads\/2022\/02\/bwin-candidate-a-la-cour-supreme-des-etats-unis-300x220.png 300w, https:\/\/parier-presidentielle.com\/wp-content\/uploads\/2022\/02\/bwin-candidate-a-la-cour-supreme-des-etats-unis-768x563.png 768w\" sizes=\"(max-width: 730px) 100vw, 730px\" \/><\/figure><\/div>\n\n\n\n<p><\/p>\n\n\n\n<h3 class=\"wp-block-heading\" id=\"analyse-et-pronostics\"><span id=\"analyse-et-pronostics\">Analizy i Prognozy<\/span><\/h3>\n\n\n\n<p>Po analizie bie\u017c\u0105cych wydarze\u0144 wydaje si\u0119 to oczywiste <strong>Ketanji Brown Jackson <\/strong>jest wyra\u017anie naszym faworytem w\u015br\u00f3d wszystkich kandydat\u00f3w<br><\/p>\n\n\n\n<h3 class=\"wp-block-heading\" id=\"comment-realiser-son-1-pari-avec-bwin-c\"><span id=\"comment-realiser-son-1er-pari-avec-bwin-sur-un-candidat-a-la-cour-supreme-des-etats-unis\">Jak postawi\u0107 pierwszy zak\u0142ad z Bwin na kandydata do S\u0105du Najwy\u017cszego Stan\u00f3w Zjednoczonych?<\/span><\/h3>\n\n\n\n<p id=\"comment-realiser-son-1-pari-avec-bwin-c\">Tak jak mo\u017cesz obstawia\u0107 zwyci\u0119stwo swojej ulubionej dru\u017cyny pi\u0142karskiej, tak u bukmachera Bwin mo\u017cna obstawia\u0107 zwyci\u0119zc\u0119 wybor\u00f3w do S\u0105du Najwy\u017cszego Stan\u00f3w Zjednoczonych: jest to proste i szybkie!<\/p>\n\n\n\n<ol><li>Wybierz Kandydata, na kt\u00f3rego chcesz postawi\u0107:<br>w naszym przyk\u0142adzie jest to Kamala Harris!<br><\/li><li>Wska\u017c stawk\u0119, kt\u00f3r\u0105 chcesz postawi\u0107,<br>10\u20ac w naszej symulacji<br><\/li><li>A teraz to koniec!<br>Na naszym zrzucie ekranu szanse wynosz\u0105 51, a zak\u0142ad 10 \u20ac w przypadku zwyci\u0119stwa <strong>wygrywasz 510 \u20ac!<\/strong><\/li><\/ol>\n\n\n\n<div class=\"wp-block-image\"><figure class=\"aligncenter size-large is-resized\"><img decoding=\"async\" loading=\"lazy\" src=\"https:\/\/parier-presidentielle.com\/wp-content\/uploads\/2022\/02\/bwin-paris-candidate-a-la-cour-supreme-des-etats-unis-737x1024.png\" alt=\"jak postawi\u0107 z bwin na kolejnego kandydata do S\u0105du Najwy\u017cszego Stan\u00f3w Zjednoczonych? \" class=\"wp-image-625\" width=\"369\" height=\"512\" srcset=\"https:\/\/parier-presidentielle.com\/wp-content\/uploads\/2022\/02\/bwin-paris-candidate-a-la-cour-supreme-des-etats-unis-737x1024.png 737w, https:\/\/parier-presidentielle.com\/wp-content\/uploads\/2022\/02\/bwin-paris-candidate-a-la-cour-supreme-des-etats-unis-216x300.png 216w, https:\/\/parier-presidentielle.com\/wp-content\/uploads\/2022\/02\/bwin-paris-candidate-a-la-cour-supreme-des-etats-unis-768x1068.png 768w, https:\/\/parier-presidentielle.com\/wp-content\/uploads\/2022\/02\/bwin-paris-candidate-a-la-cour-supreme-des-etats-unis.png 833w\" sizes=\"(max-width: 369px) 100vw, 369px\" \/><\/figure><\/div>\n\n\n\n<p><\/p>\n\n\n\n<h2 class=\"wp-block-heading\" id=\"l-actualite-des-candidats-cour-supreme-des-etats-unis\"><span id=\"l8217actualite-des-candidats-de-la-cour-supreme-des-etats-unis\">Wiadomo\u015bci od kandydat\u00f3w do S\u0105du Najwy\u017cszego Stan\u00f3w Zjednoczonych<\/span><\/h2>\n\n\n\n<h3 class=\"wp-block-heading\" id=\"le-depart-du-juge-stephen-breyer\"><span id=\"le-depart-du-juge-stephen-breyer\">Odej\u015bcie s\u0119dziego Stephena Breyera<\/span><\/h3>\n\n\n\n<p class=\"has-text-align-left\">S\u0119dzia S\u0105du Najwy\u017cszego Stephen Breyer (83 l.) ust\u0119puje ze stanowiska, toruj\u0105c prezydentowi Joe Bidenowi drog\u0119 do wyboru kolejnego s\u0119dziego S\u0105du Najwy\u017cszego. Gdy tylko ta wiadomo\u015b\u0107 si\u0119 rozesz\u0142a, europejscy bukmacherzy Bwin, Unibet\u2026 obstawiali potencjalnych kandydat\u00f3w, kt\u00f3rych uwa\u017cali za najbardziej prawdopodobnych kandydat\u00f3w na Bidena. <\/p>\n\n\n\n<h3 class=\"wp-block-heading\" id=\"les-cotes-des-bookmakers\"><span id=\"les-cotes-des-bookmakers\">Kursy bukmacherskie<\/span><\/h3>\n\n\n\n<p>Poni\u017cej szczeg\u00f3\u0142owo opisujemy najnowsze kursy, ich znaczenie dla szans na wygran\u0105 ka\u017cdego uczestnika oraz wp\u0142yw najnowszych wiadomo\u015bci na rynek zak\u0142ad\u00f3w. Aby umie\u015bci\u0107 szanse kolejnych kandydat\u00f3w do S\u0105du Najwy\u017cszego w kontek\u015bcie, podajemy domniemane prawdopodobie\u0144stwa, a tak\u017ce szanse, \u017ce ka\u017cdy z kandydat\u00f3w zostanie kolejnym s\u0119dzi\u0105 S\u0105du Najwy\u017cszego.<br>Wyja\u015bnienie kurs\u00f3w S\u0105du Najwy\u017cszego Bwin: Kurs Ketanjiego Browna Jacksona wynosi 1,40, co czyni go faworytem w por\u00f3wnaniu z innymi powa\u017cnymi kandydatami, kt\u00f3rymi s\u0105 s\u0119dziowie J. Michelle Childs (+175), Leondra Kruger (+600) i Candance Jackson-Akiwumi (+2000). Justice Childs pokona\u0142 Justice Kruger w rankingu Ladbrokes i zaj\u0105\u0142 drugie miejsce. Serwis Ladbrokes opublikowa\u0142 oceny dziewi\u0119ciu innych prominentnych kobiet, w tym dw\u00f3ch notabliek: wiceprezydent Kamali Harris (+5 000) i by\u0142ej sekretarz stanu Hillary Clinton (+10 000). EmpireStakes.com b\u0119dzie aktualizowa\u0107 t\u0119 stron\u0119 w miar\u0119 potrzeb Ladbrokes News i zmian kurs\u00f3w do czasu przedstawienia nominacji przez prezydenta Bidena.<\/p>\n\n\n\n<h3 class=\"wp-block-heading\" id=\"une-annonce-attendus\"><span id=\"une-annonce-attendus\">Oczekiwane og\u0142oszenie<\/span><\/h3>\n\n\n\n<p> O S\u0105dzie Najwy\u017cszym zn\u00f3w zrobi\u0142o si\u0119 g\u0142o\u015bno, odk\u0105d 27 stycznia s\u0119dzia S\u0105du Najwy\u017cszego Stephen Breyer (83 l.) oficjalnie og\u0142osi\u0142 odej\u015bcie na emerytur\u0119, kiedy do\u0142\u0105czy\u0142 do prezydenta Joe Bidena w Bia\u0142ym Domu. Biden rozpocznie teraz wyb\u00f3r kolejnego s\u0119dziego S\u0105du Najwy\u017cszego, k\u0142ad\u0105c podwaliny pod realizacj\u0119 obietnicy wyborczej dotycz\u0105cej mianowania pierwszej czarnej kobiety do S\u0105du Najwy\u017cszego. Prezydent potwierdzi\u0142 to zobowi\u0105zanie 27 stycznia, nazywaj\u0105c takie historyczne spotkanie \u201eju\u017c sp\u00f3\u017anionym\u201d. Biden zbli\u017ca si\u0119 do w\u0142asnego terminu zg\u0142aszania kandydat\u00f3w \u201edo ko\u0144ca lutego\u201d. Wed\u0142ug CNN proces selekcji potencjalnych kandydat\u00f3w nabiera tempa. Wed\u0142ug doniesie\u0144 Biden sp\u0119dzi\u0142 kilka nocy na przegl\u0105daniu szafek na dokumenty zwi\u0105zanych z wcze\u015bniejszymi potencjalnymi projektami spraw. Nast\u0119pc\u0119 Breyera musi zatwierdzi\u0107 Senat. W Senacie panuje obecnie podzia\u0142 50 do 50 pomi\u0119dzy Demokrat\u00f3w i Republikan\u00f3w, ale technicznie rzecz bior\u0105c, Demokraci maj\u0105 wi\u0119kszo\u015b\u0107, poniewa\u017c wiceprezydent Kamala Harris mo\u017ce zerwa\u0107 wszelkie powi\u0105zania z jej g\u0142osem. Breyer jest drugim najd\u0142u\u017cej urz\u0119duj\u0105cym s\u0119dzi\u0105. Jego emerytura rozpocznie si\u0119 na pocz\u0105tku lata, pod koniec obecnej kadencji: kto wie, czy nie postawi online na swojego nast\u0119pc\u0119, jak to si\u0119 m\u00f3wi \u201eTylko w Ameryce\u201d!<\/p>\n\n\n\n<p class=\"has-text-align-center unibet\" style=\"font-size:25px\"><mark style=\"background-color:rgba(0, 0, 0, 0);color:#0d7a12\" class=\"has-inline-color\"><strong><a href=\"https:\/\/parier-presidentielle.com\/pl\/recommends\/unibet\/\">Bonus 150 \u20ac oferowany w Unibet<br>Tw\u00f3j pierwszy zak\u0142ad polityczny lub sportowy: Kliknij tutaj<\/a><\/strong><\/mark><\/p>\n\n\n\n<p><\/p>\n\n\n<div class=\"wp-block-image\">\n<figure class=\"aligncenter is-resized wp-duotone-000097-ff4747-4\"><img decoding=\"async\" loading=\"lazy\" src=\"https:\/\/parier-presidentielle.com\/wp-content\/uploads\/2021\/09\/election-standard-scale-4_00x-gigapixel-1024x623.jpg\" alt=\"Wybory 2022\" style=\"width:256px;height:156px\" width=\"256\" height=\"156\"\/><\/figure><\/div>\n\n\n<p><br><\/p>\n\n\n\n<p><strong>Parier-presidentielle pomaga dokona\u0107 wyboru mi\u0119dzy r\u00f3\u017cnymi<a href=\"https:\/\/parier-presidentielle.com\/pl\/\"> Bukmacherzy Bwin, Unibet, Betclic obstawiaj\u0105 przysz\u0142ego ameryka\u0144skiego prezydenta w 2024 roku<\/a> : <\/strong><br><a href=\"https:\/\/parier-presidentielle.com\/pl\/unibet-policy-wybory-2022\/\">Bukmacher Prezydencki Unibet<\/a> : Szczeg\u00f3\u0142owy i bezp\u0142atny przewodnik, jak postawi\u0107 sw\u00f3j pierwszy zak\u0142ad online ze wszystkimi kursami i jak skorzysta\u0107 z oferowanego bonusu!<\/p>\n\n\n\n<p>Podobnie jak inne strony z zak\u0142adami online: <a href=\"https:\/\/parier-presidentielle.com\/pl\/unibet-policy-wybory-2022\/\">Bwin<\/a>, <a href=\"https:\/\/parier-presidentielle.com\/pl\/netbet-paris-politics-wybory-2022\/\">NetBet<\/a>, <a href=\"https:\/\/parier-presidentielle.com\/pl\/betclic-prezydencki-2022\/\">Betclic<\/a>, <a href=\"https:\/\/parier-presidentielle.com\/pl\/winmax-policy-wybory-2022\/\">Winamax<\/a>, Parions Sport, Zebet, Betway, Francja-Pari, Vbet, Cloudbet, 1Xbit, 1xbet, Betfair, Betwinner\u2026<\/p>\n\n\n\n<div class=\"wp-block-columns is-layout-flex wp-container-9 wp-block-columns-is-layout-flex\">\n<div class=\"wp-block-column is-layout-flow wp-block-column-is-layout-flow\" style=\"flex-basis:33.33%\">\n<p>W\u0142a\u015bnie przeczyta\u0142e\u015b nasz plik:<\/p>\n<\/div>\n\n\n\n<div class=\"wp-block-column is-layout-flow wp-block-column-is-layout-flow\" style=\"flex-basis:33.33%\">\n<div class=\"wp-block-group is-layout-flow wp-block-group-is-layout-flow\"><div class=\"wp-block-group__inner-container\"><h4 class=\"has-text-align-center wp-block-post-title\"><span id=\"paris-sur-la-candidate-a-la-cour-supreme-des-etats-unis\"><a href=\"https:\/\/parier-presidentielle.com\/pl\/paryz-kandydat-sad-najwyzszy-stany-zjednoczone\/\" target=\"_self\" >Zak\u0142ady na kandydata do S\u0105du Najwy\u017cszego Stan\u00f3w Zjednoczonych<\/a><\/span><\/h4><\/div><\/div>\n<\/div>\n\n\n\n<div class=\"wp-block-column is-layout-flow wp-block-column-is-layout-flow\" style=\"flex-basis:33.33%\">\n<p class=\"has-text-align-right\">Czytaj dalej z naszymi innymi ekskluzywnymi plikami,<\/p>\n<\/div>\n<\/div>\n\n\n\n<h3 class=\"wp-block-heading\" id=\"tous-les-pronostics-sondage-et-cotes-pour-parier-sur-le-futur-vainqueur-de-l-election-presidentielle-2022\"><span id=\"tous-les-pronostics-sondage-et-cotes-pour-parier-sur-le-futur-vainqueur-de-l8217election-presidentielle-2024\">Wszystkie prognozy, ankiety i kursy, kt\u00f3re mo\u017cna obstawi\u0107 na przysz\u0142ego zwyci\u0119zc\u0119 wybor\u00f3w prezydenckich w 2024 r.:<\/span><\/h3>\n\n\n\n<ul>\n<li><a href=\"https:\/\/parier-presidentielle.com\/pl\/macron-elekcja\/\">Postaw na Emmanuela Macrona z Unibet, Betclic, Bwin<\/a> : ulubieniec sonda\u017cy i prognoz <\/li>\n\n\n\n<li><a href=\"https:\/\/parier-presidentielle.com\/pl\/marine-le-pen-wybory\/\">Marine Le Pen: Jej kursy i jak obstawia\u0107 u bukmacher\u00f3w<\/a>: Challenger wed\u0142ug Unibet<\/li>\n<\/ul>\n\n\n\n<p><\/p>\n\n\n\n<center><script type=\"text\/javascript\" charset=\"utf-8\" src=\"https:\/\/www.gambling-affiliation.com\/cpm\/v=AmIMTDSs92QY6b0MzDMvM5laCjJ-ZlA-1oQ-7tKsi.w_GA7331V2\"><\/script><\/center>\n\n\n\n<h3 class=\"wp-block-heading\"><span id=\"donald-trump-vs-joe-biden-la-video-qui-lance-les-paris-en-ligne-sur-l8217election-politique-de-2024\">Donald Trump kontra Joe Biden: film rozpoczynaj\u0105cy obstawianie zak\u0142ad\u00f3w online na wybory polityczne w 2024 r<\/span><\/h3>\n\n\n\n<figure class=\"wp-block-embed is-type-video is-provider-youtube wp-block-embed-youtube wp-embed-aspect-16-9 wp-has-aspect-ratio\"><div class=\"wp-block-embed__wrapper\">\n<iframe loading=\"lazy\" title=\"By\u0142y prezydent Donald Trump og\u0142asza ofert\u0119 Bia\u0142ego Domu na rok 2024 #Short\" width=\"640\" height=\"360\" src=\"https:\/\/www.youtube.com\/embed\/hZykPRVe4Ag?feature=oembed\" frameborder=\"0\" allow=\"accelerometer; autoplay; clipboard-write; encrypted-media; gyroscope; picture-in-picture; web-share\" allowfullscreen><\/iframe>\n<\/div><\/figure>\n\n\n<div class=\"wp-block-image\">\n<figure class=\"aligncenter size-medium\"><a href=\"https:\/\/parier-presidentielle.com\/pl\/recommends\/unibet\/\" target=\"_blank\" rel=\"noopener\"><img decoding=\"async\" loading=\"lazy\" width=\"300\" height=\"169\" src=\"https:\/\/parier-presidentielle.com\/wp-content\/uploads\/2022\/04\/unibet-300x169.jpg\" alt=\"\" class=\"wp-image-1252\" srcset=\"https:\/\/parier-presidentielle.com\/wp-content\/uploads\/2022\/04\/unibet-300x169.jpg 300w, https:\/\/parier-presidentielle.com\/wp-content\/uploads\/2022\/04\/unibet-1024x576.jpg 1024w, https:\/\/parier-presidentielle.com\/wp-content\/uploads\/2022\/04\/unibet-768x432.jpg 768w, https:\/\/parier-presidentielle.com\/wp-content\/uploads\/2022\/04\/unibet-18x10.jpg 18w, https:\/\/parier-presidentielle.com\/wp-content\/uploads\/2022\/04\/unibet.jpg 1280w\" sizes=\"(max-width: 300px) 100vw, 300px\" \/><\/a><\/figure><\/div>\n\n\n<p>Znajd\u017a Wiki, najwa\u017cniejsze wiadomo\u015bci polityczne na temat konopi indyjskich i ich legalnych pochodnych: <strong>HHC, H4cbd, Thcp, Thcv, HSD, HHCPO, C4B<\/strong><\/p>\n<div id=\"toc_container\" class=\"no_bullets\"><p class=\"toc_title\">Spis tre\u015bci<\/p><ul class=\"toc_list\"><li><ul><li><\/li><li><\/li><li><\/li><\/ul><\/li><li><ul><li><\/li><li><\/li><li><ul><li><\/li><\/ul><\/li><li><\/li><li><\/li><\/ul><\/li><\/ul><\/div>","protected":false},"excerpt":{"rendered":"<p>Kto b\u0119dzie kolejnym kandydatem do S\u0105du Najwy\u017cszego Stan\u00f3w Zjednoczonych? Bwin Ketanji Brown Jackson 1,40 Julianna Michelle Childs 3,50 Leondra Kruger 7,00 Wilhelmina Wright 21,00 Candance Jackson-Akiwumi 26,00 Leslie Abrams Gardner 34,00 Ojetta Thompson 34,00 Sherrilyn al 34,00 Tiffany Cunningham 34,00 Anita Earls 51,00 Eunice Lee 51,0 \u2026<\/p>","protected":false},"author":1,"featured_media":0,"parent":0,"menu_order":0,"comment_status":"closed","ping_status":"closed","template":"page-nosidebar.php","meta":{"footnotes":""},"yoast_head":"<!-- This site is optimized with the Yoast SEO Premium plugin v21.0 (Yoast SEO v21.0) - https:\/\/yoast.com\/wordpress\/plugins\/seo\/ -->\n<title>Paris sur la Candidate \u00e0 la cour Supr\u00eame des Etats-Unis - Finale Coupe du Monde FIFA<\/title>\n<meta name=\"description\" content=\"Parier sur la Politique : Qui sera le prochain candidat \u00e0 la Cour Supr\u00eame des \u00c9tats-Unis ?\" \/>\n<meta name=\"robots\" content=\"index, follow, max-snippet:-1, max-image-preview:large, max-video-preview:-1\" \/>\n<link rel=\"canonical\" href=\"https:\/\/parier-presidentielle.com\/pl\/paryz-kandydat-sad-najwyzszy-stany-zjednoczone\/\" \/>\n<meta property=\"og:locale\" content=\"pl_PL\" \/>\n<meta property=\"og:type\" content=\"article\" \/>\n<meta property=\"og:title\" content=\"Paris sur la Candidate \u00e0 la cour Supr\u00eame des Etats-Unis\" \/>\n<meta property=\"og:description\" content=\"Parier sur la Politique : Qui sera le prochain candidat \u00e0 la Cour Supr\u00eame des \u00c9tats-Unis ?\" \/>\n<meta property=\"og:url\" content=\"https:\/\/parier-presidentielle.com\/pl\/paryz-kandydat-sad-najwyzszy-stany-zjednoczone\/\" \/>\n<meta property=\"og:site_name\" content=\"Parier Pr\u00e9sidentielle\" \/>\n<meta property=\"article:modified_time\" content=\"2022-02-24T16:52:41+00:00\" \/>\n<meta property=\"og:image\" content=\"https:\/\/parier-presidentielle.com\/wp-content\/uploads\/2022\/02\/candidat-a-la-cour-supreme-des-etats-unis-1024x576.jpg\" \/>\n<meta name=\"twitter:card\" content=\"summary_large_image\" \/>\n<meta name=\"twitter:label1\" content=\"Szacowany czas czytania\" \/>\n\t<meta name=\"twitter:data1\" content=\"4 minuty\" \/>\n<script type=\"application\/ld+json\" class=\"yoast-schema-graph\">{\"@context\":\"https:\/\/schema.org\",\"@graph\":[{\"@type\":\"WebPage\",\"@id\":\"https:\/\/parier-presidentielle.com\/paris-candidate-cour-supreme-etats-unis\/\",\"url\":\"https:\/\/parier-presidentielle.com\/paris-candidate-cour-supreme-etats-unis\/\",\"name\":\"Paris sur la Candidate \u00e0 la cour Supr\u00eame des Etats-Unis - Finale Coupe du Monde FIFA\",\"isPartOf\":{\"@id\":\"https:\/\/parier-presidentielle.com\/#website\"},\"datePublished\":\"2022-02-21T12:37:39+00:00\",\"dateModified\":\"2022-02-24T16:52:41+00:00\",\"description\":\"Parier sur la Politique : Qui sera le prochain candidat \u00e0 la Cour Supr\u00eame des \u00c9tats-Unis ?\",\"breadcrumb\":{\"@id\":\"https:\/\/parier-presidentielle.com\/paris-candidate-cour-supreme-etats-unis\/#breadcrumb\"},\"inLanguage\":\"pl-PL\",\"potentialAction\":[{\"@type\":\"ReadAction\",\"target\":[\"https:\/\/parier-presidentielle.com\/paris-candidate-cour-supreme-etats-unis\/\"]}]},{\"@type\":\"BreadcrumbList\",\"@id\":\"https:\/\/parier-presidentielle.com\/paris-candidate-cour-supreme-etats-unis\/#breadcrumb\",\"itemListElement\":[{\"@type\":\"ListItem\",\"position\":1,\"name\":\"Accueil\",\"item\":\"https:\/\/parier-presidentielle.com\/\"},{\"@type\":\"ListItem\",\"position\":2,\"name\":\"Paris sur la Candidate \u00e0 la cour Supr\u00eame des Etats-Unis\"}]},{\"@type\":\"WebSite\",\"@id\":\"https:\/\/parier-presidentielle.com\/#website\",\"url\":\"https:\/\/parier-presidentielle.com\/\",\"name\":\"Parier Pr\u00e9sidentielle\",\"description\":\"Paris, Pronostics, Wiki sur la Politique, les Elections Am\u00e9ricaines: Joe Biden, Donald Trump avec les Bookmakers en ligne Unibet, Bwin, Betclic, Winamax\",\"potentialAction\":[{\"@type\":\"SearchAction\",\"target\":{\"@type\":\"EntryPoint\",\"urlTemplate\":\"https:\/\/parier-presidentielle.com\/?s={search_term_string}\"},\"query-input\":\"required name=search_term_string\"}],\"inLanguage\":\"pl-PL\"}]}<\/script>\n<!-- \/ Yoast SEO Premium plugin. -->","yoast_head_json":{"title":"Paris sur la Candidate \u00e0 la cour Supr\u00eame des Etats-Unis - Finale Coupe du Monde FIFA","description":"Parier sur la Politique : Qui sera le prochain candidat \u00e0 la Cour Supr\u00eame des \u00c9tats-Unis ?","robots":{"index":"index","follow":"follow","max-snippet":"max-snippet:-1","max-image-preview":"max-image-preview:large","max-video-preview":"max-video-preview:-1"},"canonical":"https:\/\/parier-presidentielle.com\/pl\/paryz-kandydat-sad-najwyzszy-stany-zjednoczone\/","og_locale":"pl_PL","og_type":"article","og_title":"Paris sur la Candidate \u00e0 la cour Supr\u00eame des Etats-Unis","og_description":"Parier sur la Politique : Qui sera le prochain candidat \u00e0 la Cour Supr\u00eame des \u00c9tats-Unis ?","og_url":"https:\/\/parier-presidentielle.com\/pl\/paryz-kandydat-sad-najwyzszy-stany-zjednoczone\/","og_site_name":"Parier Pr\u00e9sidentielle","article_modified_time":"2022-02-24T16:52:41+00:00","og_image":[{"url":"https:\/\/parier-presidentielle.com\/wp-content\/uploads\/2022\/02\/candidat-a-la-cour-supreme-des-etats-unis-1024x576.jpg"}],"twitter_card":"summary_large_image","twitter_misc":{"Szacowany czas czytania":"4 minuty"},"schema":{"@context":"https:\/\/schema.org","@graph":[{"@type":"WebPage","@id":"https:\/\/parier-presidentielle.com\/paris-candidate-cour-supreme-etats-unis\/","url":"https:\/\/parier-presidentielle.com\/paris-candidate-cour-supreme-etats-unis\/","name":"Paris sur la Candidate \u00e0 la cour Supr\u00eame des Etats-Unis - Finale Coupe du Monde FIFA","isPartOf":{"@id":"https:\/\/parier-presidentielle.com\/#website"},"datePublished":"2022-02-21T12:37:39+00:00","dateModified":"2022-02-24T16:52:41+00:00","description":"Parier sur la Politique : Qui sera le prochain candidat \u00e0 la Cour Supr\u00eame des \u00c9tats-Unis ?","breadcrumb":{"@id":"https:\/\/parier-presidentielle.com\/paris-candidate-cour-supreme-etats-unis\/#breadcrumb"},"inLanguage":"pl-PL","potentialAction":[{"@type":"ReadAction","target":["https:\/\/parier-presidentielle.com\/paris-candidate-cour-supreme-etats-unis\/"]}]},{"@type":"BreadcrumbList","@id":"https:\/\/parier-presidentielle.com\/paris-candidate-cour-supreme-etats-unis\/#breadcrumb","itemListElement":[{"@type":"ListItem","position":1,"name":"Accueil","item":"https:\/\/parier-presidentielle.com\/"},{"@type":"ListItem","position":2,"name":"Paris sur la Candidate \u00e0 la cour Supr\u00eame des Etats-Unis"}]},{"@type":"WebSite","@id":"https:\/\/parier-presidentielle.com\/#website","url":"https:\/\/parier-presidentielle.com\/","name":"Parier Pr\u00e9sidentielle","description":"Paris, Pronostics, Wiki sur la Politique, les Elections Am\u00e9ricaines: Joe Biden, Donald Trump avec les Bookmakers en ligne Unibet, Bwin, Betclic, Winamax","potentialAction":[{"@type":"SearchAction","target":{"@type":"EntryPoint","urlTemplate":"https:\/\/parier-presidentielle.com\/?s={search_term_string}"},"query-input":"required name=search_term_string"}],"inLanguage":"pl-PL"}]}},"_links":{"self":[{"href":"https:\/\/parier-presidentielle.com\/pl\/wp-json\/wp\/v2\/pages\/576"}],"collection":[{"href":"https:\/\/parier-presidentielle.com\/pl\/wp-json\/wp\/v2\/pages"}],"about":[{"href":"https:\/\/parier-presidentielle.com\/pl\/wp-json\/wp\/v2\/types\/page"}],"author":[{"embeddable":true,"href":"https:\/\/parier-presidentielle.com\/pl\/wp-json\/wp\/v2\/users\/1"}],"replies":[{"embeddable":true,"href":"https:\/\/parier-presidentielle.com\/pl\/wp-json\/wp\/v2\/comments?post=576"}],"version-history":[{"count":25,"href":"https:\/\/parier-presidentielle.com\/pl\/wp-json\/wp\/v2\/pages\/576\/revisions"}],"predecessor-version":[{"id":1682,"href":"https:\/\/parier-presidentielle.com\/pl\/wp-json\/wp\/v2\/pages\/576\/revisions\/1682"}],"wp:attachment":[{"href":"https:\/\/parier-presidentielle.com\/pl\/wp-json\/wp\/v2\/media?parent=576"}],"curies":[{"name":"wp","href":"https:\/\/api.w.org\/{rel}","templated":true}]}}