{"id":68,"date":"2021-09-07T09:24:43","date_gmt":"2021-09-07T07:24:43","guid":{"rendered":"https:\/\/parier-presidentielle.com\/?page_id=68"},"modified":"2022-03-09T10:41:39","modified_gmt":"2022-03-09T09:41:39","slug":"emmanuel-macron-marine-le-pen-eric-zemmour-sondage","status":"publish","type":"page","link":"https:\/\/parier-presidentielle.com\/pl\/emmanuel-macron-marine-le-pen-eric-zemmour-ankieta\/","title":{"rendered":"Wybory prezydenckie 2022: Wed\u0142ug sonda\u017cy Emmanuel Macron i Marine Le Pen b\u0119d\u0105 w drugiej turze"},"content":{"rendered":"<p><\/p>\n\n\n\n<p><\/p>\n\n\n\n<h2 class=\"wp-block-heading\"><span id=\"d8217apres-les-sondages-emmanuel-macron-et-marine-le-pen-seront-a-l8217election-presidentielle-de-2022-et-s8217affronteront-au-second-tour-quels-que-soient-les-autres-candidats-dont-eric-zemmour\">Wed\u0142ug sonda\u017cy Emmanuel Macron i Marine Le Pen wystartuj\u0105 w wyborach prezydenckich w 2022 roku i zmierz\u0105 si\u0119 ze sob\u0105 w drugiej turze, niezale\u017cnie od pozosta\u0142ych kandydat\u00f3w, w tym Erica Zemmoura. <\/span><\/h2>\n\n\n\n<p>Wed\u0142ug sonda\u017cu Ipsos opublikowanego dla Franceinfo w pi\u0105tek 3 wrze\u015bnia, do pierwszej tury wybor\u00f3w prezydenckich, kt\u00f3ra odb\u0119dzie si\u0119 10 kwietnia 2022 roku, pozosta\u0142o siedem miesi\u0119cy. Pod wzgl\u0119dem intencji wyborczych nadal prym wiod\u0105 Emmanuel Macron i Marine Le Pen. W zale\u017cno\u015bci od okoliczno\u015bci ust\u0119puj\u0105ca g\u0142owa pa\u0144stwa uzyskiwa\u0142a od 24 do 26 g\u0142os\u00f3w %, a Przewodnicz\u0105cy Zgromadzenia Narodowego od 19 do 23 g\u0142os\u00f3w %.<br>Przetestowano sze\u015b\u0107 r\u00f3\u017cnych hipotez, w zale\u017cno\u015bci od kandydat\u00f3w popieranych przez Parti\u0119 Republika\u0144sk\u0105 i kandydatur\u0119 Erica Zemmoura.<\/p>\n\n\n\n<div class=\"wp-block-image wp-duotone-000097-ff4747-1\"><figure class=\"aligncenter size-large is-resized\"><img decoding=\"async\" loading=\"lazy\" src=\"https:\/\/parier-presidentielle.com\/wp-content\/uploads\/2021\/09\/macron-le-pen-1024x576.jpg\" alt=\"Spotkanie z Macronem i Le Pen\" class=\"wp-image-135\" width=\"559\" height=\"314\" srcset=\"https:\/\/parier-presidentielle.com\/wp-content\/uploads\/2021\/09\/macron-le-pen-1024x576.jpg 1024w, https:\/\/parier-presidentielle.com\/wp-content\/uploads\/2021\/09\/macron-le-pen-300x169.jpg 300w, https:\/\/parier-presidentielle.com\/wp-content\/uploads\/2021\/09\/macron-le-pen-768x432.jpg 768w, https:\/\/parier-presidentielle.com\/wp-content\/uploads\/2021\/09\/macron-le-pen.jpg 1350w\" sizes=\"(max-width: 559px) 100vw, 559px\" \/><\/figure><\/div>\n\n\n\n<p><\/p>\n\n\n\n<h2 class=\"wp-block-heading\"><span id=\"sondages-et-cote-tres-basse-pour-les-autres-candidats\">Ankiety i bardzo niska ocena dla pozosta\u0142ych Kandydat\u00f3w<\/span><\/h2>\n\n\n\n<p><br>Republikanie Bertrand, P\u00e9cresse i Barnier reprezentuj\u0105 od 11% do 17%<br>\u201eMarine Le Pen kontroluje teraz mo\u017cliwo\u015b\u0107 wej\u015bcia do drugiej tury, ale jej poziom spad\u0142. Jak wynika z analizy Brice\u2019a Teinturiera, g\u0142\u00f3wnego przedstawiciela Ipsos France. Mo\u017cemy gra\u0107 trzema, cho\u0107 Republikanie ich jeszcze nie wybrali. . Jak b\u0119d\u0105 nominowa\u0107 swoich kandydat\u00f3w? Rzeczywi\u015bcie, we wszystkich badanych hipotezach kandydaci prawicy zajmowali trzecie miejsce pod wzgl\u0119dem intencji g\u0142osowania. Wed\u0142ug kandydatury Erica Zemmoura Xavier Bertrand otrzyma\u0142 od 15 do 17 % g\u0142os\u00f3w, Val\u00e9rie P\u00e9cresse od 14 do 16 %, a Michel Barnier od 11 do 13 %. Brice Teinturier o\u015bwiadczy\u0142, \u017ce przed Michelem Barnierem \u201er\u00f3\u017cnica mi\u0119dzy Xavierem Bertrandem a Val\u00e9rie P\u00e9cresse znacznie si\u0119 zaw\u0119zi\u0142a\u201d. \u201eNic nie jest decyduj\u0105ce, nawet je\u015bli opinie wskazuj\u0105, \u017ce Xavier Bertrand ma przewag\u0119\u201d. Te trzy osobowo\u015bci zosta\u0142y faktycznie przetestowane w\u015br\u00f3d sympatyk\u00f3w LR-UDI, a prawybory Partii Republika\u0144skiej w dalszym ci\u0105gu nie potwierdzi\u0142y, \u017ce nominowano w\u0142a\u015bciwego kandydata. Tym samym Xavier Bertrand otrzyma\u0142 pozytywne opinie od prawicy 39 %, Val\u00e9rie P\u00e9cresse 29 % i Michela Barniera 22 %. Tylko 29 zwolennik\u00f3w % popiera prawybory tej organizacji. 41% zgadzaj\u0105 si\u0119 z rozwi\u0105zaniem polegaj\u0105cym na wyborze swoich kandydat\u00f3w \u201ew ramach Zgromadzenia Og\u00f3lnego\u201d, skupiaj\u0105cego \u201eprzyw\u00f3dc\u00f3w prawicy\u201d.<\/p>\n\n\n\n<p>W przypadku aplikacji, <a href=\"https:\/\/parier-presidentielle.com\/pl\/zemour-wybory\/\">Eric Zemmour<\/a> zebrano od 8 do 8,5% zamiar\u00f3w g\u0142osowania. Zdaniem generalnego przedstawiciela Ipsos, wynik \u201enie mo\u017cna lekcewa\u017cy\u0107\u201d, ale to \u201eniewiele si\u0119 zmieni\u0142o\u201d, bo wyborcy w debacie \u201emaj\u0105 tyle samo atak\u00f3w na RN, co na LR\u201d.<\/p>\n\n\n\n<h2 class=\"wp-block-heading\"><span id=\"un-taux-de-participation-record-pour-la-campagne-2022\">Rekordowy udzia\u0142 w kampanii 2022<\/span><\/h2>\n\n\n\n<p><\/p>\n\n\n\n<p>Prawie siedmiu na dziesi\u0119ciu Francuz\u00f3w uwa\u017ca, \u017ce b\u0119dzie g\u0142osowa\u0107. Wed\u0142ug sonda\u017cu Ipsos-Sopra Steria przeprowadzonego na franceinfo i Le Parisien\/Aujourd&#039;hui we Francji. \u201eBez pozycji si\u0142y Yannick Jadot prowadzi o 10 %, ale tylko przed 9 % Anne Hidalgo i 8 % do 8,5 % Jeana-Luca M\u00e9lenchona\u201d \u2013 analizowa\u0142 Brice Teinturier. Wed\u0142ug niego \u201ewyniki kandydat\u00f3w na ekolog\u00f3w s\u0105 r\u00f3wne lub wy\u017csze od wynik\u00f3w socjalist\u00f3w, nie jest to bez znaczenia\u201d. W Europie, a nast\u0119pnie w wyborach samorz\u0105dowych i regionalnych tendencja ta zdaje si\u0119 potwierdza\u0107!<\/p>\n\n\n\n<p><\/p>\n\n\n\n<h3 class=\"has-text-align-center wp-block-heading\"><span id=\"dossier-special-bookmaker-unibet-bwin-mondial-quatar\"><br>Specjalny plik bukmacherski Unibet Bwin &amp; Mondial Qatar <\/span><\/h3>\n\n\n\n<p>Zr\u00f3b sw\u00f3j pierwszy zak\u0142ad online na Polityk\u0119 i wszystkie sporty dzi\u0119ki naszym plikom na r\u00f3\u017cnych stronach: Betclic, Winamax, Unibet, Betclic: <\/p>\n\n\n\n<p>Za pomoc\u0105 bukmacher\u00f3w internetowych, takich jak Bwin, Unibet i Betclic, mo\u017cesz uzyska\u0107 dost\u0119p do r\u00f3\u017cnych rynk\u00f3w zak\u0142ad\u00f3w na turniej, co da ci szans\u0119 na du\u017ce wygrane. Podsumowuj\u0105c, francuska dru\u017cyna mo\u017ce by\u0107 jedn\u0105 z dru\u017cyn, kt\u00f3re warto ogl\u0105da\u0107 podczas Mistrzostw \u015awiata 2022 Fili\u017canka. Z pomoc\u0105 bukmacher\u00f3w internetowych, takich jak Bwin, Unibet i Betclic, mo\u017cesz zbiera\u0107 informacje na temat Portugalii i dokonywa\u0107 \u015bwiadomych zak\u0142ad\u00f3w na jej wyniki w tym turnieju. Dlaczego wi\u0119c nie skorzysta\u0107 z szansy na potencjalne skorzystanie z sukcesu Francji w 2022 roku?<\/p>\n\n\n\n<p class=\"has-text-align-center unibet\" style=\"font-size:25px\"><mark style=\"background-color:rgba(0, 0, 0, 0);color:#0d7a12\" class=\"has-inline-color\"><strong><a href=\"https:\/\/parier-presidentielle.com\/pl\/recommends\/unibet\/\">Bonus 150 \u20ac oferowany w Unibet<br>Tw\u00f3j pierwszy zak\u0142ad polityczny lub sportowy: Kliknij tutaj<\/a><\/strong><\/mark><\/p>\n\n\n\n<p><\/p>\n\n\n<div class=\"wp-block-image\">\n<figure class=\"aligncenter is-resized wp-duotone-000097-ff4747-2\"><img decoding=\"async\" loading=\"lazy\" src=\"https:\/\/parier-presidentielle.com\/wp-content\/uploads\/2021\/09\/election-standard-scale-4_00x-gigapixel-1024x623.jpg\" alt=\"Wybory 2022\" style=\"width:256px;height:156px\" width=\"256\" height=\"156\"\/><\/figure><\/div>\n\n\n<p><br><\/p>\n\n\n\n<p><strong>Parier-presidentielle pomaga dokona\u0107 wyboru mi\u0119dzy r\u00f3\u017cnymi<a href=\"https:\/\/parier-presidentielle.com\/pl\/\"> Bukmacherzy Bwin, Unibet, Betclic obstawiaj\u0105 przysz\u0142ego ameryka\u0144skiego prezydenta w 2024 roku<\/a> : <\/strong><br><a href=\"https:\/\/parier-presidentielle.com\/pl\/unibet-policy-wybory-2022\/\">Bukmacher Prezydencki Unibet<\/a> : Szczeg\u00f3\u0142owy i bezp\u0142atny przewodnik, jak postawi\u0107 sw\u00f3j pierwszy zak\u0142ad online ze wszystkimi kursami i jak skorzysta\u0107 z oferowanego bonusu!<\/p>\n\n\n\n<p>Podobnie jak inne strony z zak\u0142adami online: <a href=\"https:\/\/parier-presidentielle.com\/pl\/unibet-policy-wybory-2022\/\">Bwin<\/a>, <a href=\"https:\/\/parier-presidentielle.com\/pl\/netbet-paris-politics-wybory-2022\/\">NetBet<\/a>, <a href=\"https:\/\/parier-presidentielle.com\/pl\/betclic-prezydencki-2022\/\">Betclic<\/a>, <a href=\"https:\/\/parier-presidentielle.com\/pl\/winmax-policy-wybory-2022\/\">Winamax<\/a>, Parions Sport, Zebet, Betway, Francja-Pari, Vbet, Cloudbet, 1Xbit, 1xbet, Betfair, Betwinner\u2026<\/p>\n\n\n\n<div class=\"wp-block-columns is-layout-flex wp-container-7 wp-block-columns-is-layout-flex\">\n<div class=\"wp-block-column is-layout-flow wp-block-column-is-layout-flow\" style=\"flex-basis:33.33%\">\n<p>W\u0142a\u015bnie przeczyta\u0142e\u015b nasz plik:<\/p>\n<\/div>\n\n\n\n<div class=\"wp-block-column is-layout-flow wp-block-column-is-layout-flow\" style=\"flex-basis:33.33%\">\n<div class=\"wp-block-group is-layout-flow wp-block-group-is-layout-flow\"><div class=\"wp-block-group__inner-container\"><h4 class=\"has-text-align-center wp-block-post-title\"><span id=\"election-presidentielle-2022-selon-les-sondages-emmanuel-macron-et-marine-le-pen-seront-au-second-tour\"><a href=\"https:\/\/parier-presidentielle.com\/pl\/emmanuel-macron-marine-le-pen-eric-zemmour-ankieta\/\" target=\"_self\" >Wybory prezydenckie 2022: Wed\u0142ug sonda\u017cy Emmanuel Macron i Marine Le Pen b\u0119d\u0105 w drugiej turze<\/a><\/span><\/h4><\/div><\/div>\n<\/div>\n\n\n\n<div class=\"wp-block-column is-layout-flow wp-block-column-is-layout-flow\" style=\"flex-basis:33.33%\">\n<p class=\"has-text-align-right\">Czytaj dalej z naszymi innymi ekskluzywnymi plikami,<\/p>\n<\/div>\n<\/div>\n\n\n\n<h3 class=\"wp-block-heading\" id=\"tous-les-pronostics-sondage-et-cotes-pour-parier-sur-le-futur-vainqueur-de-l-election-presidentielle-2022\"><span id=\"tous-les-pronostics-sondage-et-cotes-pour-parier-sur-le-futur-vainqueur-de-l8217election-presidentielle-2024\">Wszystkie prognozy, ankiety i kursy, kt\u00f3re mo\u017cna obstawi\u0107 na przysz\u0142ego zwyci\u0119zc\u0119 wybor\u00f3w prezydenckich w 2024 r.:<\/span><\/h3>\n\n\n\n<ul>\n<li><a href=\"https:\/\/parier-presidentielle.com\/pl\/macron-elekcja\/\">Postaw na Emmanuela Macrona z Unibet, Betclic, Bwin<\/a> : ulubieniec sonda\u017cy i prognoz <\/li>\n\n\n\n<li><a href=\"https:\/\/parier-presidentielle.com\/pl\/marine-le-pen-wybory\/\">Marine Le Pen: Jej kursy i jak obstawia\u0107 u bukmacher\u00f3w<\/a>: Challenger wed\u0142ug Unibet<\/li>\n<\/ul>\n\n\n\n<p><\/p>\n\n\n\n<center><script type=\"text\/javascript\" charset=\"utf-8\" src=\"https:\/\/www.gambling-affiliation.com\/cpm\/v=AmIMTDSs92QY6b0MzDMvM5laCjJ-ZlA-1oQ-7tKsi.w_GA7331V2\"><\/script><\/center>\n\n\n\n<h3 class=\"wp-block-heading\"><span id=\"donald-trump-vs-joe-biden-la-video-qui-lance-les-paris-en-ligne-sur-l8217election-politique-de-2024\">Donald Trump kontra Joe Biden: film rozpoczynaj\u0105cy obstawianie zak\u0142ad\u00f3w online na wybory polityczne w 2024 r<\/span><\/h3>\n\n\n\n<figure class=\"wp-block-embed is-type-video is-provider-youtube wp-block-embed-youtube wp-embed-aspect-16-9 wp-has-aspect-ratio\"><div class=\"wp-block-embed__wrapper\">\n<iframe loading=\"lazy\" title=\"By\u0142y prezydent Donald Trump og\u0142asza ofert\u0119 Bia\u0142ego Domu na rok 2024 #Short\" width=\"640\" height=\"360\" src=\"https:\/\/www.youtube.com\/embed\/hZykPRVe4Ag?feature=oembed\" frameborder=\"0\" allow=\"accelerometer; autoplay; clipboard-write; encrypted-media; gyroscope; picture-in-picture; web-share\" allowfullscreen><\/iframe>\n<\/div><\/figure>\n\n\n<div class=\"wp-block-image\">\n<figure class=\"aligncenter size-medium\"><a href=\"https:\/\/parier-presidentielle.com\/pl\/recommends\/unibet\/\" target=\"_blank\" rel=\"noopener\"><img decoding=\"async\" loading=\"lazy\" width=\"300\" height=\"169\" src=\"https:\/\/parier-presidentielle.com\/wp-content\/uploads\/2022\/04\/unibet-300x169.jpg\" alt=\"\" class=\"wp-image-1252\" srcset=\"https:\/\/parier-presidentielle.com\/wp-content\/uploads\/2022\/04\/unibet-300x169.jpg 300w, https:\/\/parier-presidentielle.com\/wp-content\/uploads\/2022\/04\/unibet-1024x576.jpg 1024w, https:\/\/parier-presidentielle.com\/wp-content\/uploads\/2022\/04\/unibet-768x432.jpg 768w, https:\/\/parier-presidentielle.com\/wp-content\/uploads\/2022\/04\/unibet-18x10.jpg 18w, https:\/\/parier-presidentielle.com\/wp-content\/uploads\/2022\/04\/unibet.jpg 1280w\" sizes=\"(max-width: 300px) 100vw, 300px\" \/><\/a><\/figure><\/div>\n\n\n<p>Znajd\u017a Wiki, najwa\u017cniejsze wiadomo\u015bci polityczne na temat konopi indyjskich i ich legalnych pochodnych: <strong>HHC, H4cbd, Thcp, Thcv, HSD, HHCPO, C4B<\/strong><\/p>\n<div id=\"toc_container\" class=\"no_bullets\"><p class=\"toc_title\">Spis tre\u015bci<\/p><ul class=\"toc_list\"><li><\/li><li><\/li><li><ul><li><ul><li><\/li><\/ul><\/li><li><\/li><li><\/li><\/ul><\/li><\/ul><\/div>","protected":false},"excerpt":{"rendered":"<p>D&#8217;apr\u00e8s les sondages Emmanuel Macron et Marine Le Pen seront \u00e0 l&#8217;\u00e9lection pr\u00e9sidentielle de 2022 et s&#8217;affronteront au second tour, quels que soient les autres candidats, dont Eric Zemmour. Selon le sondage Ipsos publi\u00e9 pour Franceinfo vendredi 3 septembre, il reste sept mois avant le premier tour de la pr\u00e9sidentielle du 10 avril 2022. Emmanuel &#8230;<\/p>","protected":false},"author":1,"featured_media":0,"parent":0,"menu_order":0,"comment_status":"closed","ping_status":"closed","template":"page-nosidebar.php","meta":{"footnotes":""},"yoast_head":"<!-- This site is optimized with the Yoast SEO Premium plugin v21.0 (Yoast SEO v21.0) - https:\/\/yoast.com\/wordpress\/plugins\/seo\/ -->\n<title>Macron devant Le Pen : Selon les Sondages et Bookmakers pour l&#039;Election 2022<\/title>\n<meta name=\"description\" content=\"D\u2019apr\u00e8s les sondages Emmanuel Macron et Marine Le Pen seront \u00e0 l\u2019\u00e9lection pr\u00e9sidentielle de 2022 et s\u2019affronteront au second tour,...\" \/>\n<meta name=\"robots\" content=\"index, follow, max-snippet:-1, max-image-preview:large, max-video-preview:-1\" \/>\n<link rel=\"canonical\" href=\"https:\/\/parier-presidentielle.com\/pl\/emmanuel-macron-marine-le-pen-eric-zemmour-ankieta\/\" \/>\n<meta property=\"og:locale\" content=\"pl_PL\" \/>\n<meta property=\"og:type\" content=\"article\" \/>\n<meta property=\"og:title\" content=\"Election Pr\u00e9sidentielle 2022 : Selon les sondages, Emmanuel Macron et Marine Le Pen seront au second tour\" \/>\n<meta property=\"og:description\" content=\"D\u2019apr\u00e8s les sondages Emmanuel Macron et Marine Le Pen seront \u00e0 l\u2019\u00e9lection pr\u00e9sidentielle de 2022 et s\u2019affronteront au second tour,...\" \/>\n<meta property=\"og:url\" content=\"https:\/\/parier-presidentielle.com\/pl\/emmanuel-macron-marine-le-pen-eric-zemmour-ankieta\/\" \/>\n<meta property=\"og:site_name\" content=\"Parier Pr\u00e9sidentielle\" \/>\n<meta property=\"article:modified_time\" content=\"2022-03-09T09:41:39+00:00\" \/>\n<meta property=\"og:image\" content=\"https:\/\/parier-presidentielle.com\/wp-content\/uploads\/2021\/09\/macron-le-pen-1024x576.jpg\" \/>\n<meta name=\"twitter:card\" content=\"summary_large_image\" \/>\n<meta name=\"twitter:label1\" content=\"Szacowany czas czytania\" \/>\n\t<meta name=\"twitter:data1\" content=\"3 minuty\" \/>\n<script type=\"application\/ld+json\" class=\"yoast-schema-graph\">{\"@context\":\"https:\/\/schema.org\",\"@graph\":[{\"@type\":\"WebPage\",\"@id\":\"https:\/\/parier-presidentielle.com\/emmanuel-macron-marine-le-pen-eric-zemmour-sondage\/\",\"url\":\"https:\/\/parier-presidentielle.com\/emmanuel-macron-marine-le-pen-eric-zemmour-sondage\/\",\"name\":\"Macron devant Le Pen : Selon les Sondages et Bookmakers pour l'Election 2022\",\"isPartOf\":{\"@id\":\"https:\/\/parier-presidentielle.com\/#website\"},\"datePublished\":\"2021-09-07T07:24:43+00:00\",\"dateModified\":\"2022-03-09T09:41:39+00:00\",\"description\":\"D\u2019apr\u00e8s les sondages Emmanuel Macron et Marine Le Pen seront \u00e0 l\u2019\u00e9lection pr\u00e9sidentielle de 2022 et s\u2019affronteront au second tour,...\",\"breadcrumb\":{\"@id\":\"https:\/\/parier-presidentielle.com\/emmanuel-macron-marine-le-pen-eric-zemmour-sondage\/#breadcrumb\"},\"inLanguage\":\"pl-PL\",\"potentialAction\":[{\"@type\":\"ReadAction\",\"target\":[\"https:\/\/parier-presidentielle.com\/emmanuel-macron-marine-le-pen-eric-zemmour-sondage\/\"]}]},{\"@type\":\"BreadcrumbList\",\"@id\":\"https:\/\/parier-presidentielle.com\/emmanuel-macron-marine-le-pen-eric-zemmour-sondage\/#breadcrumb\",\"itemListElement\":[{\"@type\":\"ListItem\",\"position\":1,\"name\":\"Accueil\",\"item\":\"https:\/\/parier-presidentielle.com\/\"},{\"@type\":\"ListItem\",\"position\":2,\"name\":\"Election Pr\u00e9sidentielle 2022 : Selon les sondages, Emmanuel Macron et Marine Le Pen seront au second tour\"}]},{\"@type\":\"WebSite\",\"@id\":\"https:\/\/parier-presidentielle.com\/#website\",\"url\":\"https:\/\/parier-presidentielle.com\/\",\"name\":\"Parier Pr\u00e9sidentielle\",\"description\":\"Paris, Pronostics, Wiki sur la Politique, les Elections Am\u00e9ricaines: Joe Biden, Donald Trump avec les Bookmakers en ligne Unibet, Bwin, Betclic, Winamax\",\"potentialAction\":[{\"@type\":\"SearchAction\",\"target\":{\"@type\":\"EntryPoint\",\"urlTemplate\":\"https:\/\/parier-presidentielle.com\/?s={search_term_string}\"},\"query-input\":\"required name=search_term_string\"}],\"inLanguage\":\"pl-PL\"}]}<\/script>\n<!-- \/ Yoast SEO Premium plugin. -->","yoast_head_json":{"title":"Macron devant Le Pen : Selon les Sondages et Bookmakers pour l'Election 2022","description":"D\u2019apr\u00e8s les sondages Emmanuel Macron et Marine Le Pen seront \u00e0 l\u2019\u00e9lection pr\u00e9sidentielle de 2022 et s\u2019affronteront au second tour,...","robots":{"index":"index","follow":"follow","max-snippet":"max-snippet:-1","max-image-preview":"max-image-preview:large","max-video-preview":"max-video-preview:-1"},"canonical":"https:\/\/parier-presidentielle.com\/pl\/emmanuel-macron-marine-le-pen-eric-zemmour-ankieta\/","og_locale":"pl_PL","og_type":"article","og_title":"Election Pr\u00e9sidentielle 2022 : Selon les sondages, Emmanuel Macron et Marine Le Pen seront au second tour","og_description":"D\u2019apr\u00e8s les sondages Emmanuel Macron et Marine Le Pen seront \u00e0 l\u2019\u00e9lection pr\u00e9sidentielle de 2022 et s\u2019affronteront au second tour,...","og_url":"https:\/\/parier-presidentielle.com\/pl\/emmanuel-macron-marine-le-pen-eric-zemmour-ankieta\/","og_site_name":"Parier Pr\u00e9sidentielle","article_modified_time":"2022-03-09T09:41:39+00:00","og_image":[{"url":"https:\/\/parier-presidentielle.com\/wp-content\/uploads\/2021\/09\/macron-le-pen-1024x576.jpg"}],"twitter_card":"summary_large_image","twitter_misc":{"Szacowany czas czytania":"3 minuty"},"schema":{"@context":"https:\/\/schema.org","@graph":[{"@type":"WebPage","@id":"https:\/\/parier-presidentielle.com\/emmanuel-macron-marine-le-pen-eric-zemmour-sondage\/","url":"https:\/\/parier-presidentielle.com\/emmanuel-macron-marine-le-pen-eric-zemmour-sondage\/","name":"Macron devant Le Pen : Selon les Sondages et Bookmakers pour l'Election 2022","isPartOf":{"@id":"https:\/\/parier-presidentielle.com\/#website"},"datePublished":"2021-09-07T07:24:43+00:00","dateModified":"2022-03-09T09:41:39+00:00","description":"D\u2019apr\u00e8s les sondages Emmanuel Macron et Marine Le Pen seront \u00e0 l\u2019\u00e9lection pr\u00e9sidentielle de 2022 et s\u2019affronteront au second tour,...","breadcrumb":{"@id":"https:\/\/parier-presidentielle.com\/emmanuel-macron-marine-le-pen-eric-zemmour-sondage\/#breadcrumb"},"inLanguage":"pl-PL","potentialAction":[{"@type":"ReadAction","target":["https:\/\/parier-presidentielle.com\/emmanuel-macron-marine-le-pen-eric-zemmour-sondage\/"]}]},{"@type":"BreadcrumbList","@id":"https:\/\/parier-presidentielle.com\/emmanuel-macron-marine-le-pen-eric-zemmour-sondage\/#breadcrumb","itemListElement":[{"@type":"ListItem","position":1,"name":"Accueil","item":"https:\/\/parier-presidentielle.com\/"},{"@type":"ListItem","position":2,"name":"Election Pr\u00e9sidentielle 2022 : Selon les sondages, Emmanuel Macron et Marine Le Pen seront au second tour"}]},{"@type":"WebSite","@id":"https:\/\/parier-presidentielle.com\/#website","url":"https:\/\/parier-presidentielle.com\/","name":"Parier Pr\u00e9sidentielle","description":"Paris, Pronostics, Wiki sur la Politique, les Elections Am\u00e9ricaines: Joe Biden, Donald Trump avec les Bookmakers en ligne Unibet, Bwin, Betclic, Winamax","potentialAction":[{"@type":"SearchAction","target":{"@type":"EntryPoint","urlTemplate":"https:\/\/parier-presidentielle.com\/?s={search_term_string}"},"query-input":"required name=search_term_string"}],"inLanguage":"pl-PL"}]}},"_links":{"self":[{"href":"https:\/\/parier-presidentielle.com\/pl\/wp-json\/wp\/v2\/pages\/68"}],"collection":[{"href":"https:\/\/parier-presidentielle.com\/pl\/wp-json\/wp\/v2\/pages"}],"about":[{"href":"https:\/\/parier-presidentielle.com\/pl\/wp-json\/wp\/v2\/types\/page"}],"author":[{"embeddable":true,"href":"https:\/\/parier-presidentielle.com\/pl\/wp-json\/wp\/v2\/users\/1"}],"replies":[{"embeddable":true,"href":"https:\/\/parier-presidentielle.com\/pl\/wp-json\/wp\/v2\/comments?post=68"}],"version-history":[{"count":11,"href":"https:\/\/parier-presidentielle.com\/pl\/wp-json\/wp\/v2\/pages\/68\/revisions"}],"predecessor-version":[{"id":1002,"href":"https:\/\/parier-presidentielle.com\/pl\/wp-json\/wp\/v2\/pages\/68\/revisions\/1002"}],"wp:attachment":[{"href":"https:\/\/parier-presidentielle.com\/pl\/wp-json\/wp\/v2\/media?parent=68"}],"curies":[{"name":"wp","href":"https:\/\/api.w.org\/{rel}","templated":true}]}}