{"id":898,"date":"2022-03-07T13:10:43","date_gmt":"2022-03-07T12:10:43","guid":{"rendered":"https:\/\/parier-presidentielle.com\/?page_id=898"},"modified":"2023-09-23T21:23:58","modified_gmt":"2023-09-23T19:23:58","slug":"plan","status":"publish","type":"page","link":"https:\/\/parier-presidentielle.com\/pl\/plan\/","title":{"rendered":"Mapy witryn Parier-Presidentielle.com"},"content":{"rendered":"<div class=\"wp-block-group is-layout-flow wp-block-group-is-layout-flow\"><div class=\"wp-block-group__inner-container\">\n<div class=\"wp-block-group is-layout-flow wp-block-group-is-layout-flow\"><div class=\"wp-block-group__inner-container\">\n<p>Witamy w mapie witryny! Znajd\u017a wszystkie linki do swojego Pary\u017ca na temat polityki, dzi\u0119ki czemu b\u0119dziesz mie\u0107 ca\u0142\u0105 wiedz\u0119 potrzebn\u0105 do obstawiania zak\u0142ad\u00f3w po raz pierwszy. Tak jak b\u0119dziesz m\u00f3g\u0142 \u015bledzi\u0107 wszystkie kursy we wszystkich wyborach: francuskich, ameryka\u0144skich\u2026<br><br><br>Francuska wersja Parier-Presidentielle.com:<br><a href=\"https:\/\/parier-presidentielle.com\/pl\/\">Zak\u0142ady prezydenckie: przewodnik po obstawianiu wybor\u00f3w w USA w 2024 roku<\/a><br>Angielska wersja Parier-Presidentielle.com:<br><a href=\"https:\/\/parier-presidentielle.com\/en\/\">Przewodnik dotycz\u0105cy zak\u0142ad\u00f3w na wybory prezydenckie w USA w 2024 r<\/a><\/p>\n\n\n\n<p>Hiszpa\u0144ska wersja Parier-Presidentielle.com: <br><a href=\"https:\/\/parier-presidentielle.com\/es\/\">Apuesta de Elecciones Presidenciales Francia Politica<\/a><\/p>\n<\/div><\/div>\n<\/div><\/div>\n\n\n\n<div class=\"wp-block-group is-layout-flow wp-block-group-is-layout-flow\"><div class=\"wp-block-group__inner-container\">\n<p><\/p>\n<\/div><\/div>\n\n\n\n<div class=\"wsp-container\"><h2 class=\"wsp-pages-title\"><span id=\"pages\">Strony<\/span><\/h2>\n<ul class=\"wsp-pages-list\">\n<li class=\"page_item page-item-525\"><a href=\"https:\/\/parier-presidentielle.com\/pl\/1xbit-polityka\/\">1xBit: obstawia\u0107 polityk\u0119 w Bitcoin<\/a><\/li>\n<li class=\"page_item page-item-1789\"><a href=\"https:\/\/parier-presidentielle.com\/pl\/argentyna-francja-final-cup-2022-unibet-bwin\/\">Argentyna \u2013 Francja: Fina\u0142 Mistrzostw \u015awiata 2022<\/a><\/li>\n<li class=\"page_item page-item-163\"><a href=\"https:\/\/parier-presidentielle.com\/pl\/bukmacherzy-asselineau\/\">Bukmacherzy Asselineau: zak\u0142ady, kursy i prognozy<\/a><\/li>\n<li class=\"page_item page-item-121\"><a href=\"https:\/\/parier-presidentielle.com\/pl\/asselineau-bookmaker-unibet-bwin\/\">Asselineau i wybory prezydenckie wed\u0142ug Les Bookmakers Bwin, Unibet<\/a><\/li>\n<li class=\"page_item page-item-709\"><a href=\"https:\/\/parier-presidentielle.com\/pl\/betclic-amerykanskie-wybory-2024\/\">Betclic: Obstaw wybory prezydenckie w USA w 2024 roku<\/a><\/li>\n<li class=\"page_item page-item-235\"><a href=\"https:\/\/parier-presidentielle.com\/pl\/betclic-prezydencki-2022\/\">Betclic: Postaw na wybory prezydenckie 2022<\/a><\/li>\n<li class=\"page_item page-item-269\"><a href=\"https:\/\/parier-presidentielle.com\/pl\/bukmacher-wyborczy-polityka-2022\/\">Bukmacher: Gdzie najlepiej stawia\u0107 zak\u0142ady na polityk\u0119 i wybory prezydenckie w 2022 roku?<\/a><\/li>\n<li class=\"page_item page-item-195\"><a href=\"https:\/\/parier-presidentielle.com\/pl\/bukmacher-polityka\/\">Bukmacher i polityka: Pary\u017c o francuskich wyborach<\/a><\/li>\n<li class=\"page_item page-item-250\"><a href=\"https:\/\/parier-presidentielle.com\/pl\/bwin-policy-wybory-2022\/\">Bwin: bukmacher obstawiaj\u0105cy wybory prezydenckie w 2022 r.<\/a><\/li>\n<li class=\"page_item page-item-557\"><a href=\"https:\/\/parier-presidentielle.com\/pl\/bwin-obstawianie-polityki\/\">Bwin: obstawianie polityki<\/a><\/li>\n<li class=\"page_item page-item-68\"><a href=\"https:\/\/parier-presidentielle.com\/pl\/emmanuel-macron-marine-le-pen-eric-zemmour-ankieta\/\">Wybory prezydenckie 2022: Wed\u0142ug sonda\u017cy Emmanuel Macron i Marine Le Pen b\u0119d\u0105 w drugiej turze<\/a><\/li>\n<li class=\"page_item page-item-1946\"><a href=\"https:\/\/parier-presidentielle.com\/pl\/joe-biden-cannabis-hhc\/\">Joe Biden i rynek konopi indyjskich, HHC<\/a><\/li>\n<li class=\"page_item page-item-1956\"><a href=\"https:\/\/parier-presidentielle.com\/pl\/donald-trump-na-rynku-cannabis-i-hhc\/\">Wp\u0142yw Donalda Trumpa na rynek konopi indyjskich i HHC<\/a><\/li>\n<li class=\"page_item page-item-951\"><a href=\"https:\/\/parier-presidentielle.com\/pl\/bukmacherzy-ankiety-wybory-prezydenckie\/\">Bukmacherzy: bardziej wiarygodni ni\u017c sonda\u017ce w wyborach prezydenckich<\/a><\/li>\n<li class=\"page_item page-item-54\"><a href=\"https:\/\/parier-presidentielle.com\/pl\/bukmacherzy-wybory\/\">Bukmacherzy a wybory prezydenckie<\/a><\/li>\n<li class=\"page_item page-item-208\"><a href=\"https:\/\/parier-presidentielle.com\/pl\/bukmacherzy-macron-le-pen\/\">Kursy bukmacher\u00f3w: Unibet, Bwin, Betclic postawi\u0105 na drug\u0105 rund\u0119 Macron \u2013 Le Pen<\/a><\/li>\n<li class=\"page_item page-item-1671\"><a href=\"https:\/\/parier-presidentielle.com\/pl\/kursy-bukmacherzy-druga-runda-brazylijskie-wybory-lula-bolsonaro\/\">Kursy bukmacherskie na drug\u0105 tur\u0119 wybor\u00f3w w Brazylii pomi\u0119dzy Lul\u0105 a Bolsonaro<\/a><\/li>\n<li class=\"page_item page-item-30\"><a href=\"https:\/\/parier-presidentielle.com\/pl\/bukmacher-macron-le-pen\/\">Macron \u2013 Le Pen: Bukmacherzy podaj\u0105 swoje szanse na drug\u0105 tur\u0119 wybor\u00f3w prezydenckich<\/a><\/li>\n<li class=\"page_item page-item-255\"><a href=\"https:\/\/parier-presidentielle.com\/pl\/netbet-paris-politics-wybory-2022\/\">NetBet: Zak\u0142ady na polityk\u0119 i wybory prezydenckie w 2022 r.<\/a><\/li>\n<li class=\"page_item page-item-1738\"><a href=\"https:\/\/parier-presidentielle.com\/pl\/unibet-bet-mistrzostwa-swiata-2022\/\">Obstawiaj z Unibet na Mistrzostwa \u015awiata 2022<\/a><\/li>\n<li class=\"page_item page-item-31\"><a href=\"https:\/\/parier-presidentielle.com\/pl\/macron-elekcja\/\">Postaw na wyb\u00f3r Emmanuela Macrona<\/a><\/li>\n<li class=\"page_item page-item-38\"><a href=\"https:\/\/parier-presidentielle.com\/pl\/zemour-wybory\/\">Postaw na wybory Erica Zemmour<\/a><\/li>\n<li class=\"page_item page-item-41\"><a href=\"https:\/\/parier-presidentielle.com\/pl\/marine-le-pen-wybory\/\">Postaw na wybory Marine Le Pen<\/a><\/li>\n<li class=\"page_item page-item-281\"><a href=\"https:\/\/parier-presidentielle.com\/pl\/anne-hidalgo-wybory-2022\/\">Postaw na wybory Anne Hidalgo 2022<\/a><\/li>\n<li class=\"page_item page-item-157\"><a href=\"https:\/\/parier-presidentielle.com\/pl\/asselineau-wybory\/\">Postaw na wybory Fran\u00e7ois Asselineau<\/a><\/li>\n<li class=\"page_item page-item-212\"><a href=\"https:\/\/parier-presidentielle.com\/pl\/melenchon-wybory\/\">Postaw na wyb\u00f3r Jean-Luc M\u00e9lenchon<\/a><\/li>\n<li class=\"page_item page-item-422\"><a href=\"https:\/\/parier-presidentielle.com\/pl\/valerie-pecresse-wybory\/\">Postaw na wybory Val\u00e9rie P\u00e9cresse<\/a><\/li>\n<li class=\"page_item page-item-24\"><a href=\"https:\/\/parier-presidentielle.com\/pl\/\">Obstawiaj polityk\u0119 i wybory u najlepszych bukmacher\u00f3w: Unibet, Bwin<\/a><\/li>\n<li class=\"page_item page-item-576\"><a href=\"https:\/\/parier-presidentielle.com\/pl\/paryz-kandydat-sad-najwyzszy-stany-zjednoczone\/\">Zak\u0142ady na kandydata do S\u0105du Najwy\u017cszego Stan\u00f3w Zjednoczonych<\/a><\/li>\n<li class=\"page_item page-item-898\"><a href=\"https:\/\/parier-presidentielle.com\/pl\/plan\/\">Mapy witryn Parier-Presidentielle.com<\/a><\/li>\n<li class=\"page_item page-item-2\"><a href=\"https:\/\/parier-presidentielle.com\/pl\/unibet-policy-wybory-2022\/\">Unibet: Zak\u0142ady online na wybory prezydenckie w 2022 r.<\/a><\/li>\n<li class=\"page_item page-item-1962\"><a href=\"https:\/\/parier-presidentielle.com\/pl\/vladimir-putin-jaka-opinia-na-rynku-cannabis-i-hhc\/\">W\u0142adimir Putin jakie zdanie na temat rynku konopi i HHC?<\/a><\/li>\n<li class=\"page_item page-item-1459\"><a href=\"https:\/\/parier-presidentielle.com\/pl\/william-hill-prezydent\/\">William Hill: angielski bukmacher dla zak\u0142ad\u00f3w na francuskie wybory prezydenckie 2022<\/a><\/li>\n<li class=\"page_item page-item-257\"><a href=\"https:\/\/parier-presidentielle.com\/pl\/winmax-policy-wybory-2022\/\">Winamax: Zak\u0142ady na polityk\u0119 i wybory prezydenckie w 2022 r.<\/a><\/li>\n<\/ul>\n<h2 class=\"wsp-posts-title\"><span id=\"posts-by-category\">Posty wed\u0142ug kategorii<\/span><\/h2>\n<ul class=\"wsp-posts-list\">\n\t<li><strong class=\"wsp-category-title\">Kategoria: <a href=\"https:\/\/parier-presidentielle.com\/pl\/category\/niesklasyfikowane\/\">Niesklasyfikowane<\/a><\/strong>\n<ul class=\"wsp-posts-list\">\t\t<li class=\"wsp-post\"><a href=\"https:\/\/parier-presidentielle.com\/pl\/wybory-prezydenckie-2022-gracze-na-swiecie-obstawiaja-druga-runda\/\">Wybory prezydenckie 2022: Obstawiaj\u0105cy na ca\u0142ym \u015bwiecie Postaw na drug\u0105 rund\u0119!<\/a><\/li>\n\t\t<li class=\"wsp-post\"><a href=\"https:\/\/parier-presidentielle.com\/pl\/francuskie-wybory-ktorzy-sa-kandydaci\/\">Wybory we Francji: Kim s\u0105 kandydaci?<\/a><\/li>\n\t\t<li class=\"wsp-post\"><a href=\"https:\/\/parier-presidentielle.com\/pl\/ankieta-macron-bookers\/\">Macron ulubieniec bukmacher\u00f3w po wojnie na Ukrainie<\/a><\/li>\n<\/ul><\/li>\n<\/ul>\n<h2 class=\"wsp-admin_menus-title\"><span id=\"admin-menus\">Menu administratora<\/span><\/h2>\n<ul class=\"wsp-admin_menus-list\">\n<li><a href=\"https:\/\/parier-presidentielle.com\/pl\/admin_menu\/mon-menu\/\">Moje menu<\/a><\/li>\n<\/ul>\n<h2 class=\"wsp-admin_toolbars-title\"><span id=\"admin-toolbars\">Paski narz\u0119dzi administratora<\/span><\/h2>\n<ul class=\"wsp-admin_toolbars-list\">\n<li><a href=\"https:\/\/parier-presidentielle.com\/pl\/admin_toolbar\/back-end\/\">Ty\u0142 i prz\u00f3d<\/a><\/li>\n<\/ul>\n<h2 class=\"wsp-hide_plugins-title\"><span id=\"hide-plugins\">Ukryj wtyczki<\/span><\/h2>\n<ul class=\"wsp-hide_plugins-list\">\n<li><a href=\"https:\/\/parier-presidentielle.com\/pl\/hide_plugin\/hide-plugin\/\">Ukryj wtyczk\u0119<\/a><\/li>\n<\/ul>\n<\/div>\n\n\n\n<p><\/p>\n<div id=\"toc_container\" class=\"no_bullets\"><p class=\"toc_title\">Spis tre\u015bci<\/p><ul class=\"toc_list\"><li><\/li><li><\/li><li><\/li><li><\/li><li><\/li><\/ul><\/div>","protected":false},"excerpt":{"rendered":"<p>Witamy w mapie witryny! Znajd\u017a wszystkie linki do swojego Pary\u017ca na temat polityki, aby zdoby\u0107 ca\u0142\u0105 wiedz\u0119 potrzebn\u0105 do obstawiania zak\u0142ad\u00f3w po raz pierwszy. Tak jak b\u0119dziesz m\u00f3g\u0142 \u015bledzi\u0107 wszystkie kursy na wszystkie wybory: francuskie, ameryka\u0144skie\u2026 Francuska wersja Parier-Presidentielle.com: Parier-Presidentielle: przewodnik po zak\u0142adach\u2026<\/p>","protected":false},"author":1,"featured_media":0,"parent":0,"menu_order":0,"comment_status":"closed","ping_status":"closed","template":"page-nosidebar.php","meta":{"footnotes":""},"yoast_head":"<!-- This site is optimized with the Yoast SEO Premium plugin v21.0 (Yoast SEO v21.0) - https:\/\/yoast.com\/wordpress\/plugins\/seo\/ -->\n<title>Plans du site de Parier-Presidentielle.com - Finale Coupe du Monde FIFA<\/title>\n<meta name=\"description\" content=\"Int\u00e9gralit\u00e9 et guide du site\" \/>\n<meta name=\"robots\" content=\"index, follow, max-snippet:-1, max-image-preview:large, max-video-preview:-1\" \/>\n<link rel=\"canonical\" href=\"https:\/\/parier-presidentielle.com\/pl\/plan\/\" \/>\n<meta property=\"og:locale\" content=\"pl_PL\" \/>\n<meta property=\"og:type\" content=\"article\" \/>\n<meta property=\"og:title\" content=\"Plans du site de Parier-Presidentielle.com\" \/>\n<meta property=\"og:description\" content=\"Int\u00e9gralit\u00e9 et guide du site\" \/>\n<meta property=\"og:url\" content=\"https:\/\/parier-presidentielle.com\/pl\/plan\/\" \/>\n<meta property=\"og:site_name\" content=\"Parier Pr\u00e9sidentielle\" \/>\n<meta property=\"article:modified_time\" content=\"2023-09-23T19:23:58+00:00\" \/>\n<meta name=\"twitter:card\" content=\"summary_large_image\" \/>\n<meta name=\"twitter:label1\" content=\"Szacowany czas czytania\" \/>\n\t<meta name=\"twitter:data1\" content=\"1 minuta\" \/>\n<script type=\"application\/ld+json\" class=\"yoast-schema-graph\">{\"@context\":\"https:\/\/schema.org\",\"@graph\":[{\"@type\":\"WebPage\",\"@id\":\"https:\/\/parier-presidentielle.com\/plan\/\",\"url\":\"https:\/\/parier-presidentielle.com\/plan\/\",\"name\":\"Plans du site de Parier-Presidentielle.com - Finale Coupe du Monde FIFA\",\"isPartOf\":{\"@id\":\"https:\/\/parier-presidentielle.com\/#website\"},\"datePublished\":\"2022-03-07T12:10:43+00:00\",\"dateModified\":\"2023-09-23T19:23:58+00:00\",\"description\":\"Int\u00e9gralit\u00e9 et guide du site\",\"breadcrumb\":{\"@id\":\"https:\/\/parier-presidentielle.com\/plan\/#breadcrumb\"},\"inLanguage\":\"pl-PL\",\"potentialAction\":[{\"@type\":\"ReadAction\",\"target\":[\"https:\/\/parier-presidentielle.com\/plan\/\"]}]},{\"@type\":\"BreadcrumbList\",\"@id\":\"https:\/\/parier-presidentielle.com\/plan\/#breadcrumb\",\"itemListElement\":[{\"@type\":\"ListItem\",\"position\":1,\"name\":\"Accueil\",\"item\":\"https:\/\/parier-presidentielle.com\/\"},{\"@type\":\"ListItem\",\"position\":2,\"name\":\"Plans du site de Parier-Presidentielle.com\"}]},{\"@type\":\"WebSite\",\"@id\":\"https:\/\/parier-presidentielle.com\/#website\",\"url\":\"https:\/\/parier-presidentielle.com\/\",\"name\":\"Parier Pr\u00e9sidentielle\",\"description\":\"Paris, Pronostics, Wiki sur la Politique, les Elections Am\u00e9ricaines: Joe Biden, Donald Trump avec les Bookmakers en ligne Unibet, Bwin, Betclic, Winamax\",\"potentialAction\":[{\"@type\":\"SearchAction\",\"target\":{\"@type\":\"EntryPoint\",\"urlTemplate\":\"https:\/\/parier-presidentielle.com\/?s={search_term_string}\"},\"query-input\":\"required name=search_term_string\"}],\"inLanguage\":\"pl-PL\"}]}<\/script>\n<!-- \/ Yoast SEO Premium plugin. -->","yoast_head_json":{"title":"Plans du site de Parier-Presidentielle.com - Finale Coupe du Monde FIFA","description":"Int\u00e9gralit\u00e9 et guide du site","robots":{"index":"index","follow":"follow","max-snippet":"max-snippet:-1","max-image-preview":"max-image-preview:large","max-video-preview":"max-video-preview:-1"},"canonical":"https:\/\/parier-presidentielle.com\/pl\/plan\/","og_locale":"pl_PL","og_type":"article","og_title":"Plans du site de Parier-Presidentielle.com","og_description":"Int\u00e9gralit\u00e9 et guide du site","og_url":"https:\/\/parier-presidentielle.com\/pl\/plan\/","og_site_name":"Parier Pr\u00e9sidentielle","article_modified_time":"2023-09-23T19:23:58+00:00","twitter_card":"summary_large_image","twitter_misc":{"Szacowany czas czytania":"1 minuta"},"schema":{"@context":"https:\/\/schema.org","@graph":[{"@type":"WebPage","@id":"https:\/\/parier-presidentielle.com\/plan\/","url":"https:\/\/parier-presidentielle.com\/plan\/","name":"Plans du site de Parier-Presidentielle.com - Finale Coupe du Monde FIFA","isPartOf":{"@id":"https:\/\/parier-presidentielle.com\/#website"},"datePublished":"2022-03-07T12:10:43+00:00","dateModified":"2023-09-23T19:23:58+00:00","description":"Int\u00e9gralit\u00e9 et guide du site","breadcrumb":{"@id":"https:\/\/parier-presidentielle.com\/plan\/#breadcrumb"},"inLanguage":"pl-PL","potentialAction":[{"@type":"ReadAction","target":["https:\/\/parier-presidentielle.com\/plan\/"]}]},{"@type":"BreadcrumbList","@id":"https:\/\/parier-presidentielle.com\/plan\/#breadcrumb","itemListElement":[{"@type":"ListItem","position":1,"name":"Accueil","item":"https:\/\/parier-presidentielle.com\/"},{"@type":"ListItem","position":2,"name":"Plans du site de Parier-Presidentielle.com"}]},{"@type":"WebSite","@id":"https:\/\/parier-presidentielle.com\/#website","url":"https:\/\/parier-presidentielle.com\/","name":"Parier Pr\u00e9sidentielle","description":"Paris, Pronostics, Wiki sur la Politique, les Elections Am\u00e9ricaines: Joe Biden, Donald Trump avec les Bookmakers en ligne Unibet, Bwin, Betclic, Winamax","potentialAction":[{"@type":"SearchAction","target":{"@type":"EntryPoint","urlTemplate":"https:\/\/parier-presidentielle.com\/?s={search_term_string}"},"query-input":"required name=search_term_string"}],"inLanguage":"pl-PL"}]}},"_links":{"self":[{"href":"https:\/\/parier-presidentielle.com\/pl\/wp-json\/wp\/v2\/pages\/898"}],"collection":[{"href":"https:\/\/parier-presidentielle.com\/pl\/wp-json\/wp\/v2\/pages"}],"about":[{"href":"https:\/\/parier-presidentielle.com\/pl\/wp-json\/wp\/v2\/types\/page"}],"author":[{"embeddable":true,"href":"https:\/\/parier-presidentielle.com\/pl\/wp-json\/wp\/v2\/users\/1"}],"replies":[{"embeddable":true,"href":"https:\/\/parier-presidentielle.com\/pl\/wp-json\/wp\/v2\/comments?post=898"}],"version-history":[{"count":12,"href":"https:\/\/parier-presidentielle.com\/pl\/wp-json\/wp\/v2\/pages\/898\/revisions"}],"predecessor-version":[{"id":2564,"href":"https:\/\/parier-presidentielle.com\/pl\/wp-json\/wp\/v2\/pages\/898\/revisions\/2564"}],"wp:attachment":[{"href":"https:\/\/parier-presidentielle.com\/pl\/wp-json\/wp\/v2\/media?parent=898"}],"curies":[{"name":"wp","href":"https:\/\/api.w.org\/{rel}","templated":true}]}}