{"id":951,"date":"2022-03-08T15:51:23","date_gmt":"2022-03-08T14:51:23","guid":{"rendered":"https:\/\/parier-presidentielle.com\/?page_id=951"},"modified":"2022-03-30T23:38:42","modified_gmt":"2022-03-30T21:38:42","slug":"bookmakers-sondages-election-presidentielle","status":"publish","type":"page","link":"https:\/\/parier-presidentielle.com\/pl\/bukmacherzy-ankiety-wybory-prezydenckie\/","title":{"rendered":"Bukmacherzy: bardziej wiarygodni ni\u017c sonda\u017ce w wyborach prezydenckich"},"content":{"rendered":"<h2 class=\"wp-block-heading\"><span id=\"le-paradoxe-des-sondages-politiques\">Paradoks sonda\u017cy politycznych<\/span><\/h2>\n\n\n\n<p><br><em>Im wi\u0119cej os\u00f3b dowiedzia\u0142o si\u0119 o technikach ankietowania i by\u0142o nara\u017conych na wyniki, tym bardziej wyniki stawa\u0142y si\u0119 stronnicze. Czemu?<\/em><\/p>\n\n\n\n<figure class=\"wp-block-image size-large wp-duotone-000096-rgba2557171051-1\"><img decoding=\"async\" loading=\"lazy\" width=\"1024\" height=\"545\" src=\"https:\/\/parier-presidentielle.com\/wp-content\/uploads\/2022\/03\/bookmakers-sondages-election-presidentielle-1024x545.jpg\" alt=\"\" class=\"wp-image-965\" srcset=\"https:\/\/parier-presidentielle.com\/wp-content\/uploads\/2022\/03\/bookmakers-sondages-election-presidentielle-1024x545.jpg 1024w, https:\/\/parier-presidentielle.com\/wp-content\/uploads\/2022\/03\/bookmakers-sondages-election-presidentielle-300x160.jpg 300w, https:\/\/parier-presidentielle.com\/wp-content\/uploads\/2022\/03\/bookmakers-sondages-election-presidentielle-768x409.jpg 768w, https:\/\/parier-presidentielle.com\/wp-content\/uploads\/2022\/03\/bookmakers-sondages-election-presidentielle-1536x818.jpg 1536w, https:\/\/parier-presidentielle.com\/wp-content\/uploads\/2022\/03\/bookmakers-sondages-election-presidentielle-2048x1091.jpg 2048w\" sizes=\"(max-width: 1024px) 100vw, 1024px\" \/><\/figure>\n\n\n\n<p>Mimo swojej d\u0142ugiej historii sonda\u017ce przedwyborcze maj\u0105 jedn\u0105 zasadnicz\u0105 wad\u0119: respondenci maj\u0105 woln\u0105 wol\u0119 do k\u0142amstwa, zmiany zdania i oszukiwania w poprzednich g\u0142osowaniach. Niedawne przyk\u0142ady z Wielkiej Brytanii i Stan\u00f3w Zjednoczonych pokazuj\u0105, \u017ce du\u017ca cz\u0119\u015b\u0107 populacji albo nie jest reprezentowana w badanej pr\u00f3bie, a przez to trudna do skorygowania, albo zmienia zamiary wyborcze w ostatniej chwili, w zale\u017cno\u015bci od czynnik\u00f3w bezpo\u015brednich lub dobrowolnych (badanie oparte na faktach). na statystycznych badaniach reprezentacyjnych utrudnia \u015bledzenie przyczyny tej zmiany). Co bardzo wyra\u017anie wida\u0107 podczas tych wybor\u00f3w, liczba wyborc\u00f3w jest rekordowa!<\/p>\n\n\n\n<div class=\"wp-block-columns is-layout-flex wp-container-5 wp-block-columns-is-layout-flex\">\n<div class=\"wp-block-column is-layout-flow wp-block-column-is-layout-flow\" style=\"flex-basis:100%\">\n<div class=\"wp-block-columns is-layout-flex wp-container-3 wp-block-columns-is-layout-flex\">\n<div class=\"wp-block-column is-layout-flow wp-block-column-is-layout-flow\" style=\"flex-basis:100%\">\n<center><script type=\"text\/javascript\" charset=\"utf-8\" src=\"https:\/\/www.gambling-affiliation.com\/cpm\/v=AmIMTDSs92QY6b0MzDMvM5laCjJ-ZlA-1oQ-7tKsi.w_GA7331V2\"><\/script><\/center>\n\n\n\n<p><\/p>\n\n\n\n<div class=\"wp-block-image is-style-default\"><figure class=\"aligncenter size-medium\"><a href=\"https:\/\/parier-presidentielle.com\/pl\/recommends\/unibet-logo\/\" target=\"_blank\" rel=\"no follow noopener\"><img decoding=\"async\" loading=\"lazy\" width=\"300\" height=\"169\" src=\"https:\/\/parier-presidentielle.com\/wp-content\/uploads\/2022\/04\/unibet-300x169.jpg\" alt=\"\" class=\"wp-image-1252\" srcset=\"https:\/\/parier-presidentielle.com\/wp-content\/uploads\/2022\/04\/unibet-300x169.jpg 300w, https:\/\/parier-presidentielle.com\/wp-content\/uploads\/2022\/04\/unibet-1024x576.jpg 1024w, https:\/\/parier-presidentielle.com\/wp-content\/uploads\/2022\/04\/unibet-768x432.jpg 768w, https:\/\/parier-presidentielle.com\/wp-content\/uploads\/2022\/04\/unibet-18x10.jpg 18w, https:\/\/parier-presidentielle.com\/wp-content\/uploads\/2022\/04\/unibet.jpg 1280w\" sizes=\"(max-width: 300px) 100vw, 300px\" \/><\/a><\/figure><\/div>\n<\/div>\n<\/div>\n<\/div>\n<\/div>\n\n\n\n<p>A je\u015bli zbyt wiele ankiet sprawi, \u017ce stan\u0105 si\u0119 przestarza\u0142e? A gdyby\u015bmy mieli do czynienia z paradoksem, kt\u00f3ry okre\u015bli\u0142bym nast\u0119puj\u0105co:<strong> Im wi\u0119cej os\u00f3b rozumie techniki ankietowania i ma kontakt z wynikami, tym bardziej wyniki s\u0105 stronnicze\u201d<\/strong> ?<br>Co nie jest prawd\u0105 <a href=\"https:\/\/parier-presidentielle.com\/pl\/bukmacherzy-ankiety-wybory-prezydenckie\/\">bukmacherzy<\/a> na przyk\u0142ad Unibet, <a href=\"https:\/\/parier-presidentielle.com\/pl\/bwin-policy-wybory-2022\/\">Bwin<\/a>, Betclic\u2026<\/p>\n\n\n\n<div class=\"flourish-embed flourish-chart\" data-src=\"visualisation\/8788732\"><script src=\"https:\/\/public.flourish.studio\/resources\/embed.js\"><\/script><\/div>\n\n\n\n<h2 class=\"wp-block-heading\"><span id=\"les-sondages-politique-face-aux-opinions-et-bulle-informative\">Sonda\u017ce polityczne a opinie i ba\u0144ka informacyjna<\/span><\/h2>\n\n\n\n<p>Co wi\u0119cej, ci\u0105g\u0142e publikowanie i rozpowszechnianie bada\u0144 opinii publicznej w ca\u0142ym kraju koliduje z dwoma oddzia\u0142uj\u0105cymi na siebie zjawiskami psychologicznymi: b\u0142\u0105d potwierdzenia oznacza, \u017ce kto\u015b ma tendencj\u0119 do preferowania informacji w kierunku swoich my\u015bli i za\u0142o\u017ce\u0144; jednocze\u015bnie przefiltrowane ba\u0144ki informacyjne prowadz\u0105 do tego, \u017ce preferuje On ma podobne \u017ar\u00f3d\u0142a informacji i dlatego sk\u0142onny jest si\u0119 z nim zgadza\u0107 (czy to znajomi na portalach spo\u0142eczno\u015bciowych, czy te\u017c wybieraj\u0105c \u017ar\u00f3d\u0142a tradycyjnych informacji, znanych opinii publicznej z ich linii redakcyjnych).<\/p>\n\n\n\n<p>W obliczu niepewno\u015bci i stronniczych pr\u00f3bek, narz\u0119dzia prognozowania inne ni\u017c <a href=\"https:\/\/parier-presidentielle.com\/pl\/bukmacherzy-ankiety-wybory-prezydenckie\/\">Ankiety <\/a>mo\u017ce si\u0119 pojawi\u0107 i my\u015bl\u0119, \u017ce najodpowiedniejszy jest ten, kt\u00f3ry rok temu wydawa\u0142 mi si\u0119 niestosowny: hazard online w witrynach takich jak Unibet, Bwin, Betclic.<\/p>\n\n\n\n<h3 class=\"wp-block-heading\"><span id=\"les-elections-presidentielles-c8217est-comme-le-pmu\">Wybory prezydenckie s\u0105 jak PMU <\/span><\/h3>\n\n\n\n<p>Pierwszy <a href=\"https:\/\/parier-presidentielle.com\/pl\/\">obstawianie wybor\u00f3w <\/a>wygl\u0105da jak to, co widzisz na torze wy\u015bcigowym. Ka\u017cdy kandydat ma rang\u0119, kt\u00f3ra stale si\u0119 zmienia. Obliczaj\u0105 to eksperci korzystaj\u0105cy z komputer\u00f3w, kt\u00f3rzy potrafi\u0105 uwzgl\u0119dni\u0107 w swoich obliczeniach badania opinii publicznej, czynniki spo\u0142eczno-ekonomiczne, ostatnie wydarzenia, wyniki poprzednich konsultacji i kwestie ju\u017c uwzgl\u0119dnione.<\/p>\n\n\n\n<p><\/p>\n\n\n\n<p>Na przyk\u0142ad, je\u015bli gracz postawi t\u0119 kwot\u0119 tego wieczoru, zostanie wybrany wieczorem 10 kwietnia i przywr\u00f3ci swoj\u0105 pocz\u0105tkow\u0105 stawk\u0119, zwi\u0119kszaj\u0105c swoj\u0105 kwot\u0119 w przybli\u017ceniu (od 5\/6 do 11\/10, w zale\u017cno\u015bci od strony) . Oczywi\u015bcie, je\u015bli nie zostanie prezydentem, na pewno przegra pocz\u0105tkowy zak\u0142ad. Bior\u0105c pod uwag\u0119 t\u0119 tabel\u0119, je\u015bli Nicolas Dupont-Aignan wygra, bardzo szcz\u0119\u015bliwa lub bardzo wizjonerska osoba mo\u017ce wygra\u0107 a\u017c do 1000-krotno\u015bci swojej stawki.<\/p>\n\n\n\n<p>W rezultacie bukmacherzy b\u0119d\u0105 musieli wybra\u0107 pomi\u0119dzy zwi\u0119kszeniem kurs\u00f3w, aby przyci\u0105gn\u0105\u0107 potencjalnych graczy do swoich witryn, a obni\u017ceniem kurs\u00f3w, aby nie przep\u0142aci\u0107 zwyci\u0119zcy i zachowa\u0107 wygran\u0105. Mechanizm ma zatem tendencj\u0119 do samoregulacji, dlatego w tej tabeli widzimy konsensus co do wynik\u00f3w, r\u00f3\u017cnica pomi\u0119dzy trzema najwy\u017cej ocenionymi kandydatami jest znikoma, dlatego bukmacherzy Unibet, Bwin, Betclic konkuruj\u0105 ofertami reklamowymi i dzia\u0142aniami promocyjnymi pomi\u0119dzy ich.<\/p>\n\n\n\n<p><\/p>\n\n\n\n<h3 class=\"wp-block-heading\"><span id=\"un-bon-parieur-c8217est-un-bon-trader\">Dobry gracz to dobry trader<\/span><\/h3>\n\n\n\n<p>Drugi zak\u0142ad, kt\u00f3ry znalaz\u0142em, jest podobny do dzia\u0142ania gie\u0142dy. Ta witryna jest rynkiem, na kt\u00f3rym mo\u017cna handlowa\u0107 produktami, kt\u00f3re dzia\u0142aj\u0105 jak akcje. Produkt \u201eTak\u201d zostanie wyp\u0142acony w wiecz\u00f3r wyborczy w wysoko\u015bci 1 $, je\u015bli kandydat, kt\u00f3ry reprezentuje, wygra wybory, w przeciwnym razie 0. I odwrotnie, produkt \u201eNie\u201d zostanie wyp\u0142acony w wysoko\u015bci 1 $, je\u015bli przegra, i b\u0119dzie bezwarto\u015bciowy, je\u015bli wygra. Dlatego jego cena mo\u017ce waha\u0107 si\u0119 w granicach od 0 $ do 1 $, wyra\u017cona w centach. W tym przypadku obstawiaj\u0105cy sam ustala cen\u0119. Je\u017celi inwestor posiada akcje kandydata i uwa\u017ca, \u017ce nie zostanie on wybrany, mo\u017ce je sprzeda\u0107 innej osobie, o ile cena ich sprzeda\u017cy i zakupu b\u0119dzie por\u00f3wnywalna. Je\u015bli jednak wszyscy sprzedaj\u0105cy b\u0119d\u0105 chcieli ceny, kt\u00f3rej kupuj\u0105cy nie b\u0119d\u0105 sk\u0142onni zap\u0142aci\u0107, transakcja nie dojdzie do skutku. <strong>Tak wi\u0119c wy\u015bwietlane kursy s\u0105 cen\u0105 ostatniej transakcji, a zatem reprezentuj\u0105 konsensus rynkowy co do prawdopodobie\u0144stwa wygranej dla tego lub innego kandydata.<\/strong>  <\/p>\n\n\n\n<p>W rezultacie obstawiaj\u0105cy mog\u0105 odnotowa\u0107 zyski lub straty na d\u0142ugo przed wyborami. Kupuj\u0105c akcje Yes tego kandydata 5 lutego i sprzedaj\u0105c je 21 lutego, uzyska\u0142bym oko\u0142o dwukrotnie wi\u0119kszy udzia\u0142 pocz\u0105tkowy, nawet ignoruj\u0105c wynik z 7 maja. Mo\u017cemy zatem gra\u0107 w gry, przewiduj\u0105c wynik ko\u0144cowy lub po prostu przewiduj\u0105c trendy w danym okresie. <\/p>\n\n\n\n<h2 class=\"wp-block-heading\"><span id=\"mieux-que-les-sondages-vouloir-gagner-son-paris-permet-de-trouver-le-vainqueur-final-de-l8217election-presidentielle\">Lepsza od sonda\u017cy ch\u0119\u0107 wygrania swojego Pary\u017ca pozwala na wy\u0142onienie ostatecznego zwyci\u0119zcy wybor\u00f3w prezydenckich <\/span><\/h2>\n\n\n\n<p>W obu przypadkach rozwa\u017cono uprzedzenia psychologiczne zwi\u0105zane z ankiet\u0105 i jej wynikami, poniewa\u017c uczestnicy nie byli zainteresowani obstawianiem wyniku, jakiego chcieli, ale wyniku, kt\u00f3ry wed\u0142ug nich mia\u0142 nast\u0105pi\u0107. Dlatego system przewidywania oparty na chciwo\u015bci wydaje si\u0119 mniej podatny na manipulacje, czy to dobrowolne, czy mimowolne, a obstawiaj\u0105cy nie s\u0105 zainteresowani graniem w t\u0119 gr\u0119. Jednak to rodzi trudne pytanie etyczne, za kt\u00f3re trzeba p\u0142aci\u0107 za swoj\u0105 opini\u0119\u2026.<\/p>\n\n\n\n<p class=\"has-text-align-center unibet\" style=\"font-size:25px\"><mark style=\"background-color:rgba(0, 0, 0, 0);color:#0d7a12\" class=\"has-inline-color\"><strong><a href=\"https:\/\/parier-presidentielle.com\/pl\/recommends\/unibet\/\">Bonus 150 \u20ac oferowany w Unibet<br>Tw\u00f3j pierwszy zak\u0142ad polityczny lub sportowy: Kliknij tutaj<\/a><\/strong><\/mark><\/p>\n\n\n\n<p><\/p>\n\n\n<div class=\"wp-block-image\">\n<figure class=\"aligncenter is-resized wp-duotone-000097-ff4747-6\"><img decoding=\"async\" loading=\"lazy\" src=\"https:\/\/parier-presidentielle.com\/wp-content\/uploads\/2021\/09\/election-standard-scale-4_00x-gigapixel-1024x623.jpg\" alt=\"Wybory 2022\" style=\"width:256px;height:156px\" width=\"256\" height=\"156\"\/><\/figure><\/div>\n\n\n<p><br><\/p>\n\n\n\n<p><strong>Parier-presidentielle pomaga dokona\u0107 wyboru mi\u0119dzy r\u00f3\u017cnymi<a href=\"https:\/\/parier-presidentielle.com\/pl\/\"> Bukmacherzy Bwin, Unibet, Betclic obstawiaj\u0105 przysz\u0142ego ameryka\u0144skiego prezydenta w 2024 roku<\/a> : <\/strong><br><a href=\"https:\/\/parier-presidentielle.com\/pl\/unibet-policy-wybory-2022\/\">Bukmacher Prezydencki Unibet<\/a> : Szczeg\u00f3\u0142owy i bezp\u0142atny przewodnik, jak postawi\u0107 sw\u00f3j pierwszy zak\u0142ad online ze wszystkimi kursami i jak skorzysta\u0107 z oferowanego bonusu!<\/p>\n\n\n\n<p>Podobnie jak inne strony z zak\u0142adami online: <a href=\"https:\/\/parier-presidentielle.com\/pl\/unibet-policy-wybory-2022\/\">Bwin<\/a>, <a href=\"https:\/\/parier-presidentielle.com\/pl\/netbet-paris-politics-wybory-2022\/\">NetBet<\/a>, <a href=\"https:\/\/parier-presidentielle.com\/pl\/betclic-prezydencki-2022\/\">Betclic<\/a>, <a href=\"https:\/\/parier-presidentielle.com\/pl\/winmax-policy-wybory-2022\/\">Winamax<\/a>, Parions Sport, Zebet, Betway, Francja-Pari, Vbet, Cloudbet, 1Xbit, 1xbet, Betfair, Betwinner\u2026<\/p>\n\n\n\n<div class=\"wp-block-columns is-layout-flex wp-container-11 wp-block-columns-is-layout-flex\">\n<div class=\"wp-block-column is-layout-flow wp-block-column-is-layout-flow\" style=\"flex-basis:33.33%\">\n<p>W\u0142a\u015bnie przeczyta\u0142e\u015b nasz plik:<\/p>\n<\/div>\n\n\n\n<div class=\"wp-block-column is-layout-flow wp-block-column-is-layout-flow\" style=\"flex-basis:33.33%\">\n<div class=\"wp-block-group is-layout-flow wp-block-group-is-layout-flow\"><div class=\"wp-block-group__inner-container\"><h4 class=\"has-text-align-center wp-block-post-title\"><span id=\"les-bookmakers-plus-fiable-que-les-sondages-pour-l8217election-presidentielle\"><a href=\"https:\/\/parier-presidentielle.com\/pl\/bukmacherzy-ankiety-wybory-prezydenckie\/\" target=\"_self\" >Bukmacherzy: bardziej wiarygodni ni\u017c sonda\u017ce w wyborach prezydenckich<\/a><\/span><\/h4><\/div><\/div>\n<\/div>\n\n\n\n<div class=\"wp-block-column is-layout-flow wp-block-column-is-layout-flow\" style=\"flex-basis:33.33%\">\n<p class=\"has-text-align-right\">Czytaj dalej z naszymi innymi ekskluzywnymi plikami,<\/p>\n<\/div>\n<\/div>\n\n\n\n<h3 class=\"wp-block-heading\" id=\"tous-les-pronostics-sondage-et-cotes-pour-parier-sur-le-futur-vainqueur-de-l-election-presidentielle-2022\"><span id=\"tous-les-pronostics-sondage-et-cotes-pour-parier-sur-le-futur-vainqueur-de-l8217election-presidentielle-2024\">Wszystkie prognozy, ankiety i kursy, kt\u00f3re mo\u017cna obstawi\u0107 na przysz\u0142ego zwyci\u0119zc\u0119 wybor\u00f3w prezydenckich w 2024 r.:<\/span><\/h3>\n\n\n\n<ul>\n<li><a href=\"https:\/\/parier-presidentielle.com\/pl\/macron-elekcja\/\">Postaw na Emmanuela Macrona z Unibet, Betclic, Bwin<\/a> : ulubieniec sonda\u017cy i prognoz <\/li>\n\n\n\n<li><a href=\"https:\/\/parier-presidentielle.com\/pl\/marine-le-pen-wybory\/\">Marine Le Pen: Jej kursy i jak obstawia\u0107 u bukmacher\u00f3w<\/a>: Challenger wed\u0142ug Unibet<\/li>\n<\/ul>\n\n\n\n<p><\/p>\n\n\n\n<center><script type=\"text\/javascript\" charset=\"utf-8\" src=\"https:\/\/www.gambling-affiliation.com\/cpm\/v=AmIMTDSs92QY6b0MzDMvM5laCjJ-ZlA-1oQ-7tKsi.w_GA7331V2\"><\/script><\/center>\n\n\n\n<h3 class=\"wp-block-heading\"><span id=\"donald-trump-vs-joe-biden-la-video-qui-lance-les-paris-en-ligne-sur-l8217election-politique-de-2024\">Donald Trump kontra Joe Biden: film rozpoczynaj\u0105cy obstawianie zak\u0142ad\u00f3w online na wybory polityczne w 2024 r<\/span><\/h3>\n\n\n\n<figure class=\"wp-block-embed is-type-video is-provider-youtube wp-block-embed-youtube wp-embed-aspect-16-9 wp-has-aspect-ratio\"><div class=\"wp-block-embed__wrapper\">\n<iframe loading=\"lazy\" title=\"By\u0142y prezydent Donald Trump og\u0142asza ofert\u0119 Bia\u0142ego Domu na rok 2024 #Short\" width=\"640\" height=\"360\" src=\"https:\/\/www.youtube.com\/embed\/hZykPRVe4Ag?feature=oembed\" frameborder=\"0\" allow=\"accelerometer; autoplay; clipboard-write; encrypted-media; gyroscope; picture-in-picture; web-share\" allowfullscreen><\/iframe>\n<\/div><\/figure>\n\n\n<div class=\"wp-block-image\">\n<figure class=\"aligncenter size-medium\"><a href=\"https:\/\/parier-presidentielle.com\/pl\/recommends\/unibet\/\" target=\"_blank\" rel=\"noopener\"><img decoding=\"async\" loading=\"lazy\" width=\"300\" height=\"169\" src=\"https:\/\/parier-presidentielle.com\/wp-content\/uploads\/2022\/04\/unibet-300x169.jpg\" alt=\"\" class=\"wp-image-1252\" srcset=\"https:\/\/parier-presidentielle.com\/wp-content\/uploads\/2022\/04\/unibet-300x169.jpg 300w, https:\/\/parier-presidentielle.com\/wp-content\/uploads\/2022\/04\/unibet-1024x576.jpg 1024w, https:\/\/parier-presidentielle.com\/wp-content\/uploads\/2022\/04\/unibet-768x432.jpg 768w, https:\/\/parier-presidentielle.com\/wp-content\/uploads\/2022\/04\/unibet-18x10.jpg 18w, https:\/\/parier-presidentielle.com\/wp-content\/uploads\/2022\/04\/unibet.jpg 1280w\" sizes=\"(max-width: 300px) 100vw, 300px\" \/><\/a><\/figure><\/div>\n\n\n<p>Znajd\u017a Wiki, najwa\u017cniejsze wiadomo\u015bci polityczne na temat konopi indyjskich i ich legalnych pochodnych: <strong>HHC, H4cbd, Thcp, Thcv, HSD, HHCPO, C4B<\/strong><\/p>\n\n\n\n<p><\/p>\n<div id=\"toc_container\" class=\"no_bullets\"><p class=\"toc_title\">Spis tre\u015bci<\/p><ul class=\"toc_list\"><li><\/li><li><ul><li><\/li><li><\/li><\/ul><\/li><li><ul><li><ul><li><\/li><\/ul><\/li><li><\/li><li><\/li><\/ul><\/li><\/ul><\/div>","protected":false},"excerpt":{"rendered":"<p>Le Paradoxe des sondages politiques Plus les gens apprenaient les techniques de sondage et \u00e9taient expos\u00e9s aux r\u00e9sultats, plus les r\u00e9sultats devenaient biais\u00e9s. Pourquoi? Malgr\u00e9 leur longue histoire, les sondages pr\u00e9\u00e9lectoraux ont un d\u00e9faut majeur\u00a0: les r\u00e9pondants ont le libre arbitre de mentir, de changer d&#8217;avis et de tricher sur les bulletins de vote pass\u00e9s. &#8230;<\/p>","protected":false},"author":1,"featured_media":0,"parent":0,"menu_order":0,"comment_status":"closed","ping_status":"closed","template":"page-nosidebar.php","meta":{"footnotes":""},"yoast_head":"<!-- This site is optimized with the Yoast SEO Premium plugin v21.0 (Yoast SEO v21.0) - https:\/\/yoast.com\/wordpress\/plugins\/seo\/ -->\n<title>Les Bookmakers : plus fiable que les Sondages pour l&#039;\u00e9lection pr\u00e9sidentielle - Finale Coupe du Monde FIFA<\/title>\n<meta name=\"description\" content=\"Les cotes des bookmakers sont plus fiable que les sondage pour la Politique : Pourquoi et comment en profiter?\" \/>\n<meta name=\"robots\" content=\"index, follow, max-snippet:-1, max-image-preview:large, max-video-preview:-1\" \/>\n<link rel=\"canonical\" href=\"https:\/\/parier-presidentielle.com\/pl\/bukmacherzy-ankiety-wybory-prezydenckie\/\" \/>\n<meta property=\"og:locale\" content=\"pl_PL\" \/>\n<meta property=\"og:type\" content=\"article\" \/>\n<meta property=\"og:title\" content=\"Les Bookmakers : plus fiable que les Sondages pour l&#039;\u00e9lection pr\u00e9sidentielle\" \/>\n<meta property=\"og:description\" content=\"Les cotes des bookmakers sont plus fiable que les sondage pour la Politique : Pourquoi et comment en profiter?\" \/>\n<meta property=\"og:url\" content=\"https:\/\/parier-presidentielle.com\/pl\/bukmacherzy-ankiety-wybory-prezydenckie\/\" \/>\n<meta property=\"og:site_name\" content=\"Parier Pr\u00e9sidentielle\" \/>\n<meta property=\"article:modified_time\" content=\"2022-03-30T21:38:42+00:00\" \/>\n<meta property=\"og:image\" content=\"https:\/\/parier-presidentielle.com\/wp-content\/uploads\/2022\/03\/bookmakers-sondages-election-presidentielle-1024x545.jpg\" \/>\n<meta name=\"twitter:card\" content=\"summary_large_image\" \/>\n<meta name=\"twitter:label1\" content=\"Szacowany czas czytania\" \/>\n\t<meta name=\"twitter:data1\" content=\"5 minut\" \/>\n<script type=\"application\/ld+json\" class=\"yoast-schema-graph\">{\"@context\":\"https:\/\/schema.org\",\"@graph\":[{\"@type\":\"WebPage\",\"@id\":\"https:\/\/parier-presidentielle.com\/bookmakers-sondages-election-presidentielle\/\",\"url\":\"https:\/\/parier-presidentielle.com\/bookmakers-sondages-election-presidentielle\/\",\"name\":\"Les Bookmakers : plus fiable que les Sondages pour l'\u00e9lection pr\u00e9sidentielle - Finale Coupe du Monde FIFA\",\"isPartOf\":{\"@id\":\"https:\/\/parier-presidentielle.com\/#website\"},\"datePublished\":\"2022-03-08T14:51:23+00:00\",\"dateModified\":\"2022-03-30T21:38:42+00:00\",\"description\":\"Les cotes des bookmakers sont plus fiable que les sondage pour la Politique : Pourquoi et comment en profiter?\",\"breadcrumb\":{\"@id\":\"https:\/\/parier-presidentielle.com\/bookmakers-sondages-election-presidentielle\/#breadcrumb\"},\"inLanguage\":\"pl-PL\",\"potentialAction\":[{\"@type\":\"ReadAction\",\"target\":[\"https:\/\/parier-presidentielle.com\/bookmakers-sondages-election-presidentielle\/\"]}]},{\"@type\":\"BreadcrumbList\",\"@id\":\"https:\/\/parier-presidentielle.com\/bookmakers-sondages-election-presidentielle\/#breadcrumb\",\"itemListElement\":[{\"@type\":\"ListItem\",\"position\":1,\"name\":\"Accueil\",\"item\":\"https:\/\/parier-presidentielle.com\/\"},{\"@type\":\"ListItem\",\"position\":2,\"name\":\"Les Bookmakers : plus fiable que les Sondages pour l&rsquo;\u00e9lection pr\u00e9sidentielle\"}]},{\"@type\":\"WebSite\",\"@id\":\"https:\/\/parier-presidentielle.com\/#website\",\"url\":\"https:\/\/parier-presidentielle.com\/\",\"name\":\"Parier Pr\u00e9sidentielle\",\"description\":\"Paris, Pronostics, Wiki sur la Politique, les Elections Am\u00e9ricaines: Joe Biden, Donald Trump avec les Bookmakers en ligne Unibet, Bwin, Betclic, Winamax\",\"potentialAction\":[{\"@type\":\"SearchAction\",\"target\":{\"@type\":\"EntryPoint\",\"urlTemplate\":\"https:\/\/parier-presidentielle.com\/?s={search_term_string}\"},\"query-input\":\"required name=search_term_string\"}],\"inLanguage\":\"pl-PL\"}]}<\/script>\n<!-- \/ Yoast SEO Premium plugin. -->","yoast_head_json":{"title":"Les Bookmakers : plus fiable que les Sondages pour l'\u00e9lection pr\u00e9sidentielle - Finale Coupe du Monde FIFA","description":"Les cotes des bookmakers sont plus fiable que les sondage pour la Politique : Pourquoi et comment en profiter?","robots":{"index":"index","follow":"follow","max-snippet":"max-snippet:-1","max-image-preview":"max-image-preview:large","max-video-preview":"max-video-preview:-1"},"canonical":"https:\/\/parier-presidentielle.com\/pl\/bukmacherzy-ankiety-wybory-prezydenckie\/","og_locale":"pl_PL","og_type":"article","og_title":"Les Bookmakers : plus fiable que les Sondages pour l'\u00e9lection pr\u00e9sidentielle","og_description":"Les cotes des bookmakers sont plus fiable que les sondage pour la Politique : Pourquoi et comment en profiter?","og_url":"https:\/\/parier-presidentielle.com\/pl\/bukmacherzy-ankiety-wybory-prezydenckie\/","og_site_name":"Parier Pr\u00e9sidentielle","article_modified_time":"2022-03-30T21:38:42+00:00","og_image":[{"url":"https:\/\/parier-presidentielle.com\/wp-content\/uploads\/2022\/03\/bookmakers-sondages-election-presidentielle-1024x545.jpg"}],"twitter_card":"summary_large_image","twitter_misc":{"Szacowany czas czytania":"5 minut"},"schema":{"@context":"https:\/\/schema.org","@graph":[{"@type":"WebPage","@id":"https:\/\/parier-presidentielle.com\/bookmakers-sondages-election-presidentielle\/","url":"https:\/\/parier-presidentielle.com\/bookmakers-sondages-election-presidentielle\/","name":"Les Bookmakers : plus fiable que les Sondages pour l'\u00e9lection pr\u00e9sidentielle - Finale Coupe du Monde FIFA","isPartOf":{"@id":"https:\/\/parier-presidentielle.com\/#website"},"datePublished":"2022-03-08T14:51:23+00:00","dateModified":"2022-03-30T21:38:42+00:00","description":"Les cotes des bookmakers sont plus fiable que les sondage pour la Politique : Pourquoi et comment en profiter?","breadcrumb":{"@id":"https:\/\/parier-presidentielle.com\/bookmakers-sondages-election-presidentielle\/#breadcrumb"},"inLanguage":"pl-PL","potentialAction":[{"@type":"ReadAction","target":["https:\/\/parier-presidentielle.com\/bookmakers-sondages-election-presidentielle\/"]}]},{"@type":"BreadcrumbList","@id":"https:\/\/parier-presidentielle.com\/bookmakers-sondages-election-presidentielle\/#breadcrumb","itemListElement":[{"@type":"ListItem","position":1,"name":"Accueil","item":"https:\/\/parier-presidentielle.com\/"},{"@type":"ListItem","position":2,"name":"Les Bookmakers : plus fiable que les Sondages pour l&rsquo;\u00e9lection pr\u00e9sidentielle"}]},{"@type":"WebSite","@id":"https:\/\/parier-presidentielle.com\/#website","url":"https:\/\/parier-presidentielle.com\/","name":"Parier Pr\u00e9sidentielle","description":"Paris, Pronostics, Wiki sur la Politique, les Elections Am\u00e9ricaines: Joe Biden, Donald Trump avec les Bookmakers en ligne Unibet, Bwin, Betclic, Winamax","potentialAction":[{"@type":"SearchAction","target":{"@type":"EntryPoint","urlTemplate":"https:\/\/parier-presidentielle.com\/?s={search_term_string}"},"query-input":"required name=search_term_string"}],"inLanguage":"pl-PL"}]}},"_links":{"self":[{"href":"https:\/\/parier-presidentielle.com\/pl\/wp-json\/wp\/v2\/pages\/951"}],"collection":[{"href":"https:\/\/parier-presidentielle.com\/pl\/wp-json\/wp\/v2\/pages"}],"about":[{"href":"https:\/\/parier-presidentielle.com\/pl\/wp-json\/wp\/v2\/types\/page"}],"author":[{"embeddable":true,"href":"https:\/\/parier-presidentielle.com\/pl\/wp-json\/wp\/v2\/users\/1"}],"replies":[{"embeddable":true,"href":"https:\/\/parier-presidentielle.com\/pl\/wp-json\/wp\/v2\/comments?post=951"}],"version-history":[{"count":10,"href":"https:\/\/parier-presidentielle.com\/pl\/wp-json\/wp\/v2\/pages\/951\/revisions"}],"predecessor-version":[{"id":1111,"href":"https:\/\/parier-presidentielle.com\/pl\/wp-json\/wp\/v2\/pages\/951\/revisions\/1111"}],"wp:attachment":[{"href":"https:\/\/parier-presidentielle.com\/pl\/wp-json\/wp\/v2\/media?parent=951"}],"curies":[{"name":"wp","href":"https:\/\/api.w.org\/{rel}","templated":true}]}}