{"id":1459,"date":"2022-04-19T13:25:07","date_gmt":"2022-04-19T11:25:07","guid":{"rendered":"https:\/\/parier-presidentielle.com\/?page_id=1459"},"modified":"2023-09-23T17:06:55","modified_gmt":"2023-09-23T15:06:55","slug":"william-hill-presidentielle","status":"publish","type":"page","link":"https:\/\/parier-presidentielle.com\/pt\/william-hill-presidencial\/","title":{"rendered":"William Hill: casa de apostas inglesa apostar\u00e1 nas elei\u00e7\u00f5es presidenciais francesas de 2022"},"content":{"rendered":"<p>com quem apostar? William Hill \u00e9 claro<\/p>\n\n\n\n<h2 class=\"wp-block-heading\" id=\"h-parier-l-election-president-2022-avec-le-site-de-paris-en-ligne-william-hill\"><span id=\"parier-l8217election-president-2022-avec-le-site-de-paris-en-ligne-william-hill\">Aposte nas elei\u00e7\u00f5es presidenciais de 2022 com o site de apostas online William Hill<\/span><\/h2>\n\n\n\n<h4 class=\"wp-block-heading has-text-align-center has-large-font-size\" id=\"h-20-offert-pour-parier-avec-william-hill\"><span id=\"20e-offert-pour-parier-avec-william-hill\"><a href=\"https:\/\/parier-presidentielle.com\/pt\/recommends\/william-hill-text\/\">\u20ac 20 gr\u00e1tis para apostas com William Hill<\/a><\/span><\/h4>\n\n\n\n<figure class=\"wp-block-image size-large\"><img decoding=\"async\" loading=\"lazy\" width=\"1024\" height=\"265\" src=\"https:\/\/parier-presidentielle.com\/wp-content\/uploads\/2022\/04\/william-hill-macron-le-pen-presidentielle-1024x265.jpg\" alt=\"William Hill aposta em Macron le pen para elei\u00e7\u00f5es presidenciais de 2022\" class=\"wp-image-1464\" srcset=\"https:\/\/parier-presidentielle.com\/wp-content\/uploads\/2022\/04\/william-hill-macron-le-pen-presidentielle-1024x265.jpg 1024w, https:\/\/parier-presidentielle.com\/wp-content\/uploads\/2022\/04\/william-hill-macron-le-pen-presidentielle-300x78.jpg 300w, https:\/\/parier-presidentielle.com\/wp-content\/uploads\/2022\/04\/william-hill-macron-le-pen-presidentielle-768x199.jpg 768w, https:\/\/parier-presidentielle.com\/wp-content\/uploads\/2022\/04\/william-hill-macron-le-pen-presidentielle-1536x398.jpg 1536w, https:\/\/parier-presidentielle.com\/wp-content\/uploads\/2022\/04\/william-hill-macron-le-pen-presidentielle-2048x530.jpg 2048w, https:\/\/parier-presidentielle.com\/wp-content\/uploads\/2022\/04\/william-hill-macron-le-pen-presidentielle-18x5.jpg 18w\" sizes=\"(max-width: 1024px) 100vw, 1024px\" \/><\/figure>\n\n\n\n<p><br>As probabilidades de William Hill d\u00e3o ao atual presidente Emmanuel Macron em 1,10 contra Marine Le Pen em 7,50, ent\u00e3o estas s\u00e3o as melhores probabilidades em compara\u00e7\u00e3o com outras casas de apostas <a href=\"https:\/\/parier-presidentielle.com\/pt\/unibet-politica-eleicao-2022\/\">Unibet<\/a>, <a href=\"https:\/\/parier-presidentielle.com\/pt\/betclic-presidencial-2022\/\">Betclic<\/a>, <a href=\"https:\/\/parier-presidentielle.com\/pt\/bwin-politica-eleicao-2022\/\">Bwin<\/a>. Da mesma forma, as probabilidades s\u00e3o, na verdade, muito semelhantes \u00e0s que eram antes do primeiro turno de vota\u00e7\u00e3o.<\/p>\n\n\n\n<p>N\u00e3o \u00e9 de estranhar que a William Hill tenha sido a primeira casa de apostas a abrir apostas no resultado das elei\u00e7\u00f5es em Fran\u00e7a, segundo as quais agora oferecem a quem queira apostar nas elei\u00e7\u00f5es presidenciais. Primeiro, restavam dois candidatos nas suas previs\u00f5es, o que lhes permitiu decidir quem ser\u00e1 eleito presidente.<\/p>\n\n\n\n<p>As elei\u00e7\u00f5es francesas foram uma das mais acompanhadas juntamente com as elei\u00e7\u00f5es de 2017 at\u00e9 agora e foram acompanhadas de perto por apostadores desportivos e pol\u00edticos de todo o mundo.<\/p>\n\n\n\n<p>Com o mercado flutuando fortemente ao longo deste ano, n\u00e3o \u00e9 nenhuma surpresa que a Paddy Power tenha decidido reduzir suas chances de Emmanuel Macron ser eleito presidente de 1\/10 para 1\/12 e pagar antecipadamente todas as apostas feitas nele.<\/p>\n\n\n\n<p>\u00c9 uma hist\u00f3ria semelhante com a Ladbrokes, que passou de 1\/8 para 1\/10 para Macron, enquanto reduzia a sua margem de vit\u00f3ria de 12 % para 7 %.<\/p>\n\n\n\n<p><\/p>\n\n\n\n<p>An\u00e1lise da casa de apostas William Hill para apostar no segundo turno das elei\u00e7\u00f5es presidenciais<\/p>\n\n\n\n<p>As probabilidades da Unibet d\u00e3o ao atual presidente Emmanuel Macron 1,65 e Marine Le Pen a 6, portanto estas s\u00e3o as melhores probabilidades em compara\u00e7\u00e3o com outras casas de apostas.<\/p>\n\n\n\n<p>O candidato de En Marche! \u00e9 um favorito \u00f3bvio porque \u00e9 prov\u00e1vel que desta vez consiga vencer o primeiro turno das elei\u00e7\u00f5es com mais de 25% de votos.<\/p>\n\n\n\n<p>O mesmo n\u00e3o pode ser dito de sua advers\u00e1ria Marine Le Pen, que tem boas chances de vencer o primeiro turno, mas dificilmente conseguir\u00e1 vencer o segundo turno.<\/p>\n\n\n\n<p>Todas as pesquisas mostram que a candidata da Frente Nacional tem boas chances de vencer no primeiro turno, mas no segundo turno enfrentar\u00e1 um advers\u00e1rio que receber\u00e1 quase todos os votos de partidos que n\u00e3o apoiam ideias de extrema direita.<\/p>\n\n\n\n<p>A situa\u00e7\u00e3o continua cr\u00edtica, especialmente em Fran\u00e7a, onde h\u00e1 pouco mais de um ano houve um ataque terrorista contra um jornal sat\u00edrico Charlie Hebdo, e depois disso, em Novembro de 2015, houve outro ataque em Paris por extremistas do Estado Isl\u00e2mico (EI).<\/p>\n\n\n\n<p>A William Hill, a casa de apostas brit\u00e2nica, foi a primeira a publicar as suas probabilidades para a segunda volta das elei\u00e7\u00f5es presidenciais em Fran\u00e7a.<\/p>\n\n\n\n<p>William Hill tem Macron em 6\/5 e Le Pen em 4\/6.<\/p>\n\n\n\n<p>Betfred oferece 7\/10 em Macron e 11\/10 em Le Pen.<\/p>\n\n\n\n<p>A Ladbrokes d\u00e1 probabilidades de 10\/11 para Macron e 5\/6 para Le Pen.<\/p>\n\n\n\n<p>Paddy Power tamb\u00e9m tem chances de 10\/11 em Macron e 5\/6 em Le Pen.<\/p>\n\n\n\n<p>William Hill, as melhores probabilidades para apostar em pol\u00edtica<\/p>\n\n\n\n<p>A casa de apostas online brit\u00e2nica William Hill \u00e9 uma das mais bem-sucedidas do setor, tendo sido fundada em 1934. Esta empresa tem mais de 2.300 escrit\u00f3rios no Reino Unido e tamb\u00e9m est\u00e1 presente em Espanha e It\u00e1lia. Dizemos isto porque a William Hill opera em Fran\u00e7a desde 2012, com uma plataforma online que oferece aos seus utilizadores apostas desportivas ao vivo com excelentes probabilidades, bem como uma grande variedade de jogos de casino. Al\u00e9m de tudo isso, a William Hill tamb\u00e9m \u00e9 um \u00f3timo lugar para apostar na pol\u00edtica, principalmente no que diz respeito \u00e0s elei\u00e7\u00f5es presidenciais francesas. O site permite que voc\u00ea fa\u00e7a suas previs\u00f5es comparando as probabilidades de outras casas de apostas.<\/p>\n\n\n\n<p>A William Hill \u00e9 uma casa de apostas confi\u00e1vel que oferece aos seus jogadores probabilidades e promo\u00e7\u00f5es muito boas quando apostam em pol\u00edtica ou qualquer outra coisa. \u00c9 extremamente f\u00e1cil de usar e n\u00e3o requer experi\u00eancia ou conhecimento t\u00e9cnico para come\u00e7ar a apostar.<\/p>\n\n\n\n<p>Marine Le Pen nomeou um novo primeiro-ministro numa tentativa de relan\u00e7ar a sua vacilante campanha presidencial.<\/p>\n\n\n\n<p><\/p>\n\n\n\n<p>As suas hip\u00f3teses de vit\u00f3ria foram ainda mais prejudicadas pela revela\u00e7\u00e3o de sexta-feira de que utilizou fundos do Parlamento Europeu para pagar um assessor que trabalhava para o partido no seu pa\u00eds.<\/p>\n\n\n\n<p>Ela tamb\u00e9m est\u00e1 sob investiga\u00e7\u00e3o por suposto peculato durante seu per\u00edodo como deputada ao Parlamento Europeu.<\/p>\n\n\n\n<p class=\"has-text-align-center unibet\" style=\"font-size:25px\"><mark style=\"background-color:rgba(0, 0, 0, 0);color:#0d7a12\" class=\"has-inline-color\"><strong><a href=\"https:\/\/parier-presidentielle.com\/pt\/recommends\/unibet\/\">B\u00f4nus de 150\u20ac oferecido com Unibet<br>Para sua primeira aposta pol\u00edtica ou esportiva: Clique aqui<\/a><\/strong><\/mark><\/p>\n\n\n\n<p><\/p>\n\n\n<div class=\"wp-block-image\">\n<figure class=\"aligncenter is-resized wp-duotone-000097-ff4747-1\"><img decoding=\"async\" loading=\"lazy\" src=\"https:\/\/parier-presidentielle.com\/wp-content\/uploads\/2021\/09\/election-standard-scale-4_00x-gigapixel-1024x623.jpg\" alt=\"Elei\u00e7\u00f5es 2022\" style=\"width:256px;height:156px\" width=\"256\" height=\"156\"\/><\/figure><\/div>\n\n\n<p><br><\/p>\n\n\n\n<p><strong>Parier-presidencial ajuda voc\u00ea a fazer sua escolha entre os diferentes<a href=\"https:\/\/parier-presidentielle.com\/pt\/\"> Casas de apostas Bwin, Unibet e Betclic apostar\u00e3o no futuro presidente americano em 2024<\/a> : <\/strong><br><a href=\"https:\/\/parier-presidentielle.com\/pt\/unibet-politica-eleicao-2022\/\">Casa de apostas presidencial Unibet<\/a> : Guia detalhado e gratuito para fazer sua primeira aposta online com todas as probabilidades e como aproveitar o b\u00f4nus oferecido!<\/p>\n\n\n\n<p>Bem como outros sites online de Paris: <a href=\"https:\/\/parier-presidentielle.com\/pt\/unibet-politica-eleicao-2022\/\">Bwin<\/a>, <a href=\"https:\/\/parier-presidentielle.com\/pt\/netbet-paris-politica-eleicao-2022\/\">NetBet<\/a>, <a href=\"https:\/\/parier-presidentielle.com\/pt\/betclic-presidencial-2022\/\">Betclic<\/a>, <a href=\"https:\/\/parier-presidentielle.com\/pt\/winamax-politica-eleicao-2022\/\">Winamax<\/a>, Parions Sport, Zebet,Betway, Fran\u00e7a-Pari,Vbet, Cloudbet, 1Xbit, 1xbet, Betfair, Betwinner\u2026<\/p>\n\n\n\n<div class=\"wp-block-columns is-layout-flex wp-container-6 wp-block-columns-is-layout-flex\">\n<div class=\"wp-block-column is-layout-flow wp-block-column-is-layout-flow\" style=\"flex-basis:33.33%\">\n<p>Voc\u00ea acabou de ler nosso arquivo:<\/p>\n<\/div>\n\n\n\n<div class=\"wp-block-column is-layout-flow wp-block-column-is-layout-flow\" style=\"flex-basis:33.33%\">\n<div class=\"wp-block-group is-layout-flow wp-block-group-is-layout-flow\"><div class=\"wp-block-group__inner-container\"><h4 class=\"has-text-align-center wp-block-post-title\"><span id=\"william-hill-bookmaker-anglais-pour-parier-sur-l8217election-presidentielle-francaise-2022\"><a href=\"https:\/\/parier-presidentielle.com\/pt\/william-hill-presidencial\/\" target=\"_self\" >William Hill: casa de apostas inglesa apostar\u00e1 nas elei\u00e7\u00f5es presidenciais francesas de 2022<\/a><\/span><\/h4><\/div><\/div>\n<\/div>\n\n\n\n<div class=\"wp-block-column is-layout-flow wp-block-column-is-layout-flow\" style=\"flex-basis:33.33%\">\n<p class=\"has-text-align-right\">Continue lendo com nossos outros arquivos exclusivos,<\/p>\n<\/div>\n<\/div>\n\n\n\n<h3 class=\"wp-block-heading\" id=\"tous-les-pronostics-sondage-et-cotes-pour-parier-sur-le-futur-vainqueur-de-l-election-presidentielle-2022\"><span id=\"tous-les-pronostics-sondage-et-cotes-pour-parier-sur-le-futur-vainqueur-de-l8217election-presidentielle-2024\">Todas as previs\u00f5es, pesquisas e probabilidades para apostar no futuro vencedor das elei\u00e7\u00f5es presidenciais de 2024:<\/span><\/h3>\n\n\n\n<ul>\n<li><a href=\"https:\/\/parier-presidentielle.com\/pt\/eleicao-macron\/\">Aposte em Emmanuel Macron com Unibet, Betclic, Bwin<\/a> : O favorito em enquetes e previs\u00f5es <\/li>\n\n\n\n<li><a href=\"https:\/\/parier-presidentielle.com\/pt\/eleicao-de-marine-le-pen\/\">Marine Le Pen: Suas probabilidades e como apostar nas casas de apostas<\/a>: O desafiante de acordo com a Unibet<\/li>\n<\/ul>\n\n\n\n<p><\/p>\n\n\n\n<center><script type=\"text\/javascript\" charset=\"utf-8\" src=\"https:\/\/www.gambling-affiliation.com\/cpm\/v=AmIMTDSs92QY6b0MzDMvM5laCjJ-ZlA-1oQ-7tKsi.w_GA7331V2\"><\/script><\/center>\n\n\n\n<h3 class=\"wp-block-heading\"><span id=\"donald-trump-vs-joe-biden-la-video-qui-lance-les-paris-en-ligne-sur-l8217election-politique-de-2024\">Donald Trump vs Joe Biden: O v\u00eddeo que lan\u00e7a apostas online nas elei\u00e7\u00f5es pol\u00edticas de 2024<\/span><\/h3>\n\n\n\n<figure class=\"wp-block-embed is-type-video is-provider-youtube wp-block-embed-youtube wp-embed-aspect-16-9 wp-has-aspect-ratio\"><div class=\"wp-block-embed__wrapper\">\n<iframe loading=\"lazy\" title=\"Ex-presidente Donald Trump lan\u00e7a candidatura \u00e0 Casa Branca para 2024 #Short\" width=\"640\" height=\"360\" src=\"https:\/\/www.youtube.com\/embed\/hZykPRVe4Ag?feature=oembed\" frameborder=\"0\" allow=\"accelerometer; autoplay; clipboard-write; encrypted-media; gyroscope; picture-in-picture; web-share\" allowfullscreen><\/iframe>\n<\/div><\/figure>\n\n\n<div class=\"wp-block-image\">\n<figure class=\"aligncenter size-medium\"><a href=\"https:\/\/parier-presidentielle.com\/pt\/recommends\/unibet\/\" target=\"_blank\" rel=\"noopener\"><img decoding=\"async\" loading=\"lazy\" width=\"300\" height=\"169\" src=\"https:\/\/parier-presidentielle.com\/wp-content\/uploads\/2022\/04\/unibet-300x169.jpg\" alt=\"\" class=\"wp-image-1252\" srcset=\"https:\/\/parier-presidentielle.com\/wp-content\/uploads\/2022\/04\/unibet-300x169.jpg 300w, https:\/\/parier-presidentielle.com\/wp-content\/uploads\/2022\/04\/unibet-1024x576.jpg 1024w, https:\/\/parier-presidentielle.com\/wp-content\/uploads\/2022\/04\/unibet-768x432.jpg 768w, https:\/\/parier-presidentielle.com\/wp-content\/uploads\/2022\/04\/unibet-18x10.jpg 18w, https:\/\/parier-presidentielle.com\/wp-content\/uploads\/2022\/04\/unibet.jpg 1280w\" sizes=\"(max-width: 300px) 100vw, 300px\" \/><\/a><\/figure><\/div>\n\n\n<p>Encontre o Wiki, as not\u00edcias pol\u00edticas essenciais sobre a Cannabis e seus derivados legais: <strong>HHC, H4cbd, Thcp, Thcv, HSD, HHCPO, C4B<\/strong><\/p>\n<div id=\"toc_container\" class=\"no_bullets\"><p class=\"toc_title\">Conte\u00fado<\/p><ul class=\"toc_list\"><li><ul><li><ul><li><\/li><li><\/li><\/ul><\/li><li><\/li><li><\/li><\/ul><\/li><\/ul><\/div>","protected":false},"excerpt":{"rendered":"<p>avec qui parier? William Hill of course Parier l&#8217;\u00e9lection pr\u00e9sident 2022 avec le site de paris en ligne William Hill 20\u20ac Offert pour Parier avec William Hill Les cotes de William Hill donnent l&#8217;actuel pr\u00e9sident Emmanuel Macron \u00e0 1,10 contre Marine Le Pen \u00e0 7.50, ce sont donc les meilleures cotes par rapport aux autres &#8230;<\/p>","protected":false},"author":1,"featured_media":0,"parent":0,"menu_order":0,"comment_status":"closed","ping_status":"closed","template":"page-nosidebar.php","meta":{"footnotes":""},"yoast_head":"<!-- This site is optimized with the Yoast SEO Premium plugin v21.0 (Yoast SEO v21.0) - https:\/\/yoast.com\/wordpress\/plugins\/seo\/ -->\n<title>William Hill : Bookmaker Anglais pour Parier sur l&#039;election presidentielle fran\u00e7aise 2022 - Finale Coupe du Monde FIFA<\/title>\n<meta name=\"robots\" content=\"index, follow, max-snippet:-1, max-image-preview:large, max-video-preview:-1\" \/>\n<link rel=\"canonical\" href=\"https:\/\/parier-presidentielle.com\/pt\/william-hill-presidencial\/\" \/>\n<meta property=\"og:locale\" content=\"pt_PT\" \/>\n<meta property=\"og:type\" content=\"article\" \/>\n<meta property=\"og:title\" content=\"William Hill : Bookmaker Anglais pour Parier sur l&#039;election presidentielle fran\u00e7aise 2022\" \/>\n<meta property=\"og:description\" content=\"avec qui parier? William Hill of course Parier l&#8217;\u00e9lection pr\u00e9sident 2022 avec le site de paris en ligne William Hill 20\u20ac Offert pour Parier avec William Hill Les cotes de William Hill donnent l&#8217;actuel pr\u00e9sident Emmanuel Macron \u00e0 1,10 contre Marine Le Pen \u00e0 7.50, ce sont donc les meilleures cotes par rapport aux autres ...\" \/>\n<meta property=\"og:url\" content=\"https:\/\/parier-presidentielle.com\/pt\/william-hill-presidencial\/\" \/>\n<meta property=\"og:site_name\" content=\"Parier Pr\u00e9sidentielle\" \/>\n<meta property=\"article:modified_time\" content=\"2023-09-23T15:06:55+00:00\" \/>\n<meta property=\"og:image\" content=\"https:\/\/parier-presidentielle.com\/wp-content\/uploads\/2022\/04\/william-hill-macron-le-pen-presidentielle-1024x265.jpg\" \/>\n<meta name=\"twitter:card\" content=\"summary_large_image\" \/>\n<meta name=\"twitter:label1\" content=\"Est. reading time\" \/>\n\t<meta name=\"twitter:data1\" content=\"4 minutos\" \/>\n<script type=\"application\/ld+json\" class=\"yoast-schema-graph\">{\"@context\":\"https:\/\/schema.org\",\"@graph\":[{\"@type\":\"WebPage\",\"@id\":\"https:\/\/parier-presidentielle.com\/william-hill-presidentielle\/\",\"url\":\"https:\/\/parier-presidentielle.com\/william-hill-presidentielle\/\",\"name\":\"William Hill : Bookmaker Anglais pour Parier sur l'election presidentielle fran\u00e7aise 2022 - Finale Coupe du Monde FIFA\",\"isPartOf\":{\"@id\":\"https:\/\/parier-presidentielle.com\/#website\"},\"datePublished\":\"2022-04-19T11:25:07+00:00\",\"dateModified\":\"2023-09-23T15:06:55+00:00\",\"breadcrumb\":{\"@id\":\"https:\/\/parier-presidentielle.com\/william-hill-presidentielle\/#breadcrumb\"},\"inLanguage\":\"pt-PT\",\"potentialAction\":[{\"@type\":\"ReadAction\",\"target\":[\"https:\/\/parier-presidentielle.com\/william-hill-presidentielle\/\"]}]},{\"@type\":\"BreadcrumbList\",\"@id\":\"https:\/\/parier-presidentielle.com\/william-hill-presidentielle\/#breadcrumb\",\"itemListElement\":[{\"@type\":\"ListItem\",\"position\":1,\"name\":\"Accueil\",\"item\":\"https:\/\/parier-presidentielle.com\/\"},{\"@type\":\"ListItem\",\"position\":2,\"name\":\"William Hill : Bookmaker Anglais pour Parier sur l&#8217;election presidentielle fran\u00e7aise 2022\"}]},{\"@type\":\"WebSite\",\"@id\":\"https:\/\/parier-presidentielle.com\/#website\",\"url\":\"https:\/\/parier-presidentielle.com\/\",\"name\":\"Parier Pr\u00e9sidentielle\",\"description\":\"Paris, Pronostics, Wiki sur la Politique, les Elections Am\u00e9ricaines: Joe Biden, Donald Trump avec les Bookmakers en ligne Unibet, Bwin, Betclic, Winamax\",\"potentialAction\":[{\"@type\":\"SearchAction\",\"target\":{\"@type\":\"EntryPoint\",\"urlTemplate\":\"https:\/\/parier-presidentielle.com\/?s={search_term_string}\"},\"query-input\":\"required name=search_term_string\"}],\"inLanguage\":\"pt-PT\"}]}<\/script>\n<!-- \/ Yoast SEO Premium plugin. -->","yoast_head_json":{"title":"William Hill : Bookmaker Anglais pour Parier sur l'election presidentielle fran\u00e7aise 2022 - Finale Coupe du Monde FIFA","robots":{"index":"index","follow":"follow","max-snippet":"max-snippet:-1","max-image-preview":"max-image-preview:large","max-video-preview":"max-video-preview:-1"},"canonical":"https:\/\/parier-presidentielle.com\/pt\/william-hill-presidencial\/","og_locale":"pt_PT","og_type":"article","og_title":"William Hill : Bookmaker Anglais pour Parier sur l'election presidentielle fran\u00e7aise 2022","og_description":"avec qui parier? William Hill of course Parier l&#8217;\u00e9lection pr\u00e9sident 2022 avec le site de paris en ligne William Hill 20\u20ac Offert pour Parier avec William Hill Les cotes de William Hill donnent l&#8217;actuel pr\u00e9sident Emmanuel Macron \u00e0 1,10 contre Marine Le Pen \u00e0 7.50, ce sont donc les meilleures cotes par rapport aux autres ...","og_url":"https:\/\/parier-presidentielle.com\/pt\/william-hill-presidencial\/","og_site_name":"Parier Pr\u00e9sidentielle","article_modified_time":"2023-09-23T15:06:55+00:00","og_image":[{"url":"https:\/\/parier-presidentielle.com\/wp-content\/uploads\/2022\/04\/william-hill-macron-le-pen-presidentielle-1024x265.jpg"}],"twitter_card":"summary_large_image","twitter_misc":{"Est. reading time":"4 minutos"},"schema":{"@context":"https:\/\/schema.org","@graph":[{"@type":"WebPage","@id":"https:\/\/parier-presidentielle.com\/william-hill-presidentielle\/","url":"https:\/\/parier-presidentielle.com\/william-hill-presidentielle\/","name":"William Hill : Bookmaker Anglais pour Parier sur l'election presidentielle fran\u00e7aise 2022 - Finale Coupe du Monde FIFA","isPartOf":{"@id":"https:\/\/parier-presidentielle.com\/#website"},"datePublished":"2022-04-19T11:25:07+00:00","dateModified":"2023-09-23T15:06:55+00:00","breadcrumb":{"@id":"https:\/\/parier-presidentielle.com\/william-hill-presidentielle\/#breadcrumb"},"inLanguage":"pt-PT","potentialAction":[{"@type":"ReadAction","target":["https:\/\/parier-presidentielle.com\/william-hill-presidentielle\/"]}]},{"@type":"BreadcrumbList","@id":"https:\/\/parier-presidentielle.com\/william-hill-presidentielle\/#breadcrumb","itemListElement":[{"@type":"ListItem","position":1,"name":"Accueil","item":"https:\/\/parier-presidentielle.com\/"},{"@type":"ListItem","position":2,"name":"William Hill : Bookmaker Anglais pour Parier sur l&#8217;election presidentielle fran\u00e7aise 2022"}]},{"@type":"WebSite","@id":"https:\/\/parier-presidentielle.com\/#website","url":"https:\/\/parier-presidentielle.com\/","name":"Parier Pr\u00e9sidentielle","description":"Paris, Pronostics, Wiki sur la Politique, les Elections Am\u00e9ricaines: Joe Biden, Donald Trump avec les Bookmakers en ligne Unibet, Bwin, Betclic, Winamax","potentialAction":[{"@type":"SearchAction","target":{"@type":"EntryPoint","urlTemplate":"https:\/\/parier-presidentielle.com\/?s={search_term_string}"},"query-input":"required name=search_term_string"}],"inLanguage":"pt-PT"}]}},"_links":{"self":[{"href":"https:\/\/parier-presidentielle.com\/pt\/wp-json\/wp\/v2\/pages\/1459"}],"collection":[{"href":"https:\/\/parier-presidentielle.com\/pt\/wp-json\/wp\/v2\/pages"}],"about":[{"href":"https:\/\/parier-presidentielle.com\/pt\/wp-json\/wp\/v2\/types\/page"}],"author":[{"embeddable":true,"href":"https:\/\/parier-presidentielle.com\/pt\/wp-json\/wp\/v2\/users\/1"}],"replies":[{"embeddable":true,"href":"https:\/\/parier-presidentielle.com\/pt\/wp-json\/wp\/v2\/comments?post=1459"}],"version-history":[{"count":32,"href":"https:\/\/parier-presidentielle.com\/pt\/wp-json\/wp\/v2\/pages\/1459\/revisions"}],"predecessor-version":[{"id":2561,"href":"https:\/\/parier-presidentielle.com\/pt\/wp-json\/wp\/v2\/pages\/1459\/revisions\/2561"}],"wp:attachment":[{"href":"https:\/\/parier-presidentielle.com\/pt\/wp-json\/wp\/v2\/media?parent=1459"}],"curies":[{"name":"wp","href":"https:\/\/api.w.org\/{rel}","templated":true}]}}