{"id":1671,"date":"2022-10-26T14:33:37","date_gmt":"2022-10-26T12:33:37","guid":{"rendered":"https:\/\/parier-presidentielle.com\/?page_id=1671"},"modified":"2022-10-26T21:53:57","modified_gmt":"2022-10-26T19:53:57","slug":"cotes-bookmakers-second-tour-elections-bresiliennes-lula-bolsonaro","status":"publish","type":"page","link":"https:\/\/parier-presidentielle.com\/pt\/probabilidades-casas-de-segundo-turno-eleicoes-brasileiras-lula-bolsonaro\/","title":{"rendered":"Probabilidades das casas de apostas para o segundo turno das elei\u00e7\u00f5es brasileiras entre Lula e Bolsonaro"},"content":{"rendered":"<figure class=\"wp-block-image size-large is-style-default\"><img decoding=\"async\" loading=\"lazy\" width=\"1024\" height=\"512\" src=\"https:\/\/parier-presidentielle.com\/wp-content\/uploads\/2022\/10\/lula-bolsonaro-1024x512.jpg\" alt=\"O ex-presidente brasileiro concorrendo \u00e0 reelei\u00e7\u00e3o Luiz In\u00e1cio Lula da Silva, \u00e0 esquerda, aparece em S\u00e3o Paulo, Brasil, 3 de julho de 2022, e o presidente brasileiro Jair Bolsonaro, \u00e0 direita, participa de uma reuni\u00e3o em 9 de junho de 2022 em Los Angeles. Os brasileiros v\u00e3o \u00e0s urnas em outubro e ter\u00e3o a escolha entre reeleger Bolsonaro ou trazer de volta o ex-presidente Lula.\" class=\"wp-image-1675\" srcset=\"https:\/\/parier-presidentielle.com\/wp-content\/uploads\/2022\/10\/lula-bolsonaro-1024x512.jpg 1024w, https:\/\/parier-presidentielle.com\/wp-content\/uploads\/2022\/10\/lula-bolsonaro-300x150.jpg 300w, https:\/\/parier-presidentielle.com\/wp-content\/uploads\/2022\/10\/lula-bolsonaro-768x384.jpg 768w, https:\/\/parier-presidentielle.com\/wp-content\/uploads\/2022\/10\/lula-bolsonaro-18x9.jpg 18w, https:\/\/parier-presidentielle.com\/wp-content\/uploads\/2022\/10\/lula-bolsonaro.jpg 1440w\" sizes=\"(max-width: 1024px) 100vw, 1024px\" \/><\/figure>\n\n\n\n<p><\/p>\n\n\n\n<h2 class=\"wp-block-heading\">Aposte na vit\u00f3ria no segundo turno de Lula ou Bolsonaro<\/h2>\n\n\n\n<p><br>Durante essas elei\u00e7\u00f5es, diversas casas de apostas online cadastradas no exterior permitiram que as pessoas apostassem valores que acreditavam que determinado candidato venceria nas elei\u00e7\u00f5es presidenciais brasileiras e, se acertassem, poderiam obter um retorno financeiro sobre o valor apostado. Uma vez que os fundos destas empresas est\u00e3o em risco, os seus c\u00e1lculos de retornos de apostas s\u00e3o complexos e t\u00eam em conta v\u00e1rios factores que podem minimizar as perdas.<\/p>\n\n\n\n<p>VEJA realizou um levantamento com seis empresas de jogos com a ajuda do professor F\u00e1bio Machado, chefe do departamento de estat\u00edstica do Instituto de Matem\u00e1tica e Estat\u00edstica da USP, e os dados est\u00e3o dispon\u00edveis no site desta quarta-feira, das 5h \u00e0s 11h, mostrando o percentual de a chance aproximada de cada candidato. Isso mostra que, em m\u00e9dia, eles acham que Luiz In\u00e1cio Lula da Silva tem 69,3 % de chance de vencer o segundo turno, enquanto Jair Bolsonaro tem 30,6 % de chance de vencer o segundo turno.<\/p>\n\n\n\n<p>Os cassinos usam um m\u00e9todo de c\u00e1lculo de apostas que chamam de probabilidades, que nada mais \u00e9 do que um m\u00faltiplo que afeta o valor da aposta quando voc\u00ea acerta a bola. Na Unibet por exemplo, por cada 1 euro apostado na vit\u00f3ria do candidato Lula, o apostador ganha 1,33 euros se vencer as elei\u00e7\u00f5es e 3,25 euros no caso de uma aposta e de Bolsonaro, o que significa que a casa de apostas considera o acontecimento como mais prov\u00e1vel .<\/p>\n\n\n\n<p>\u201cA matem\u00e1tica das casas de apostas tamb\u00e9m envolve interpreta\u00e7\u00e3o, que est\u00e1 entre a matem\u00e1tica e as adivinha\u00e7\u00f5es, mas envolve o seu dinheiro, por isso tentam aproximar o valor da realidade. A l\u00f3gica dos jogadores e o entusiasmo dos cidad\u00e3os mostram isso diferente\u201d, disse Machado.<\/p>\n\n\n\n<h2 class=\"wp-block-heading\">Probabilidades das casas de apostas <\/h2>\n\n\n\n<p>As casas n\u00e3o especificaram como suas classifica\u00e7\u00f5es foram calculadas, portanto, para a pesquisa VEJA, foram feitas previs\u00f5es aproximadas com base nos n\u00fameros dispon\u00edveis em cada local. \u201cA estat\u00edstica funciona com valores de probabilidade de 0 a 1. As chances de vit\u00f3ria de um candidato s\u00e3o o inverso das probabilidades, por isso divido o n\u00famero \u201cum\u201d por um valor \u201c\u00edmpar\u201d. No primeiro exemplo, dois candidatos A soma \u00e9 1,059. Em muitos casos, esse excedente de 0,059 \u00e9 chamado de Juice, ou quanto a casa ganhou nas apostas\u201d, disse Machado. \u201cPara encontrar as porcentagens, peguei o desempenho da casa e desenvolvi uma regra de tr\u00eas para ver como os resultados de cada candidato correspondiam<\/p>","protected":false},"excerpt":{"rendered":"<p>Parier sur la victoire au second tour de Lula ou Bolsonaro Au cours de ces \u00e9lections, plusieurs bookmakers en ligne enregistr\u00e9s \u00e0 l&#8217;\u00e9tranger ont permis aux gens de parier des montants qu&#8217;ils pensaient qu&#8217;un certain candidat gagnerait \u00e0 l&#8217;\u00e9lection pr\u00e9sidentielle br\u00e9silienne, et s&#8217;ils avaient raison, pourraient gagner un retour financier sur le montant mis\u00e9. \u00c9tant &#8230;<\/p>","protected":false},"author":1,"featured_media":0,"parent":0,"menu_order":0,"comment_status":"closed","ping_status":"closed","template":"page-nosidebar.php","meta":{"footnotes":""},"yoast_head":"<!-- This site is optimized with the Yoast SEO Premium plugin v21.0 (Yoast SEO v21.0) - https:\/\/yoast.com\/wordpress\/plugins\/seo\/ -->\n<title>Les cotes des bookmakers pour le 2e tour des \u00e9lections br\u00e9siliennes entre Lula et Bolsonaro - Finale Coupe du Monde FIFA<\/title>\n<meta name=\"robots\" content=\"index, follow, max-snippet:-1, max-image-preview:large, max-video-preview:-1\" \/>\n<link rel=\"canonical\" href=\"https:\/\/parier-presidentielle.com\/pt\/probabilidades-casas-de-segundo-turno-eleicoes-brasileiras-lula-bolsonaro\/\" \/>\n<meta property=\"og:locale\" content=\"pt_PT\" \/>\n<meta property=\"og:type\" content=\"article\" \/>\n<meta property=\"og:title\" content=\"Les cotes des bookmakers pour le 2e tour des \u00e9lections br\u00e9siliennes entre Lula et Bolsonaro\" \/>\n<meta property=\"og:description\" content=\"Parier sur la victoire au second tour de Lula ou Bolsonaro Au cours de ces \u00e9lections, plusieurs bookmakers en ligne enregistr\u00e9s \u00e0 l&#8217;\u00e9tranger ont permis aux gens de parier des montants qu&#8217;ils pensaient qu&#8217;un certain candidat gagnerait \u00e0 l&#8217;\u00e9lection pr\u00e9sidentielle br\u00e9silienne, et s&#8217;ils avaient raison, pourraient gagner un retour financier sur le montant mis\u00e9. \u00c9tant ...\" \/>\n<meta property=\"og:url\" content=\"https:\/\/parier-presidentielle.com\/pt\/probabilidades-casas-de-segundo-turno-eleicoes-brasileiras-lula-bolsonaro\/\" \/>\n<meta property=\"og:site_name\" content=\"Parier Pr\u00e9sidentielle\" \/>\n<meta property=\"article:modified_time\" content=\"2022-10-26T19:53:57+00:00\" \/>\n<meta property=\"og:image\" content=\"https:\/\/parier-presidentielle.com\/wp-content\/uploads\/2022\/10\/lula-bolsonaro-1024x512.jpg\" \/>\n<meta name=\"twitter:card\" content=\"summary_large_image\" \/>\n<meta name=\"twitter:label1\" content=\"Est. reading time\" \/>\n\t<meta name=\"twitter:data1\" content=\"2 minutos\" \/>\n<script type=\"application\/ld+json\" class=\"yoast-schema-graph\">{\"@context\":\"https:\/\/schema.org\",\"@graph\":[{\"@type\":\"WebPage\",\"@id\":\"https:\/\/parier-presidentielle.com\/cotes-bookmakers-second-tour-elections-bresiliennes-lula-bolsonaro\/\",\"url\":\"https:\/\/parier-presidentielle.com\/cotes-bookmakers-second-tour-elections-bresiliennes-lula-bolsonaro\/\",\"name\":\"Les cotes des bookmakers pour le 2e tour des \u00e9lections br\u00e9siliennes entre Lula et Bolsonaro - Finale Coupe du Monde FIFA\",\"isPartOf\":{\"@id\":\"https:\/\/parier-presidentielle.com\/#website\"},\"datePublished\":\"2022-10-26T12:33:37+00:00\",\"dateModified\":\"2022-10-26T19:53:57+00:00\",\"breadcrumb\":{\"@id\":\"https:\/\/parier-presidentielle.com\/cotes-bookmakers-second-tour-elections-bresiliennes-lula-bolsonaro\/#breadcrumb\"},\"inLanguage\":\"pt-PT\",\"potentialAction\":[{\"@type\":\"ReadAction\",\"target\":[\"https:\/\/parier-presidentielle.com\/cotes-bookmakers-second-tour-elections-bresiliennes-lula-bolsonaro\/\"]}]},{\"@type\":\"BreadcrumbList\",\"@id\":\"https:\/\/parier-presidentielle.com\/cotes-bookmakers-second-tour-elections-bresiliennes-lula-bolsonaro\/#breadcrumb\",\"itemListElement\":[{\"@type\":\"ListItem\",\"position\":1,\"name\":\"Accueil\",\"item\":\"https:\/\/parier-presidentielle.com\/\"},{\"@type\":\"ListItem\",\"position\":2,\"name\":\"Les cotes des bookmakers pour le 2e tour des \u00e9lections br\u00e9siliennes entre Lula et Bolsonaro\"}]},{\"@type\":\"WebSite\",\"@id\":\"https:\/\/parier-presidentielle.com\/#website\",\"url\":\"https:\/\/parier-presidentielle.com\/\",\"name\":\"Parier Pr\u00e9sidentielle\",\"description\":\"Paris, Pronostics, Wiki sur la Politique, les Elections Am\u00e9ricaines: Joe Biden, Donald Trump avec les Bookmakers en ligne Unibet, Bwin, Betclic, Winamax\",\"potentialAction\":[{\"@type\":\"SearchAction\",\"target\":{\"@type\":\"EntryPoint\",\"urlTemplate\":\"https:\/\/parier-presidentielle.com\/?s={search_term_string}\"},\"query-input\":\"required name=search_term_string\"}],\"inLanguage\":\"pt-PT\"}]}<\/script>\n<!-- \/ Yoast SEO Premium plugin. -->","yoast_head_json":{"title":"Les cotes des bookmakers pour le 2e tour des \u00e9lections br\u00e9siliennes entre Lula et Bolsonaro - Finale Coupe du Monde FIFA","robots":{"index":"index","follow":"follow","max-snippet":"max-snippet:-1","max-image-preview":"max-image-preview:large","max-video-preview":"max-video-preview:-1"},"canonical":"https:\/\/parier-presidentielle.com\/pt\/probabilidades-casas-de-segundo-turno-eleicoes-brasileiras-lula-bolsonaro\/","og_locale":"pt_PT","og_type":"article","og_title":"Les cotes des bookmakers pour le 2e tour des \u00e9lections br\u00e9siliennes entre Lula et Bolsonaro","og_description":"Parier sur la victoire au second tour de Lula ou Bolsonaro Au cours de ces \u00e9lections, plusieurs bookmakers en ligne enregistr\u00e9s \u00e0 l&#8217;\u00e9tranger ont permis aux gens de parier des montants qu&#8217;ils pensaient qu&#8217;un certain candidat gagnerait \u00e0 l&#8217;\u00e9lection pr\u00e9sidentielle br\u00e9silienne, et s&#8217;ils avaient raison, pourraient gagner un retour financier sur le montant mis\u00e9. \u00c9tant ...","og_url":"https:\/\/parier-presidentielle.com\/pt\/probabilidades-casas-de-segundo-turno-eleicoes-brasileiras-lula-bolsonaro\/","og_site_name":"Parier Pr\u00e9sidentielle","article_modified_time":"2022-10-26T19:53:57+00:00","og_image":[{"url":"https:\/\/parier-presidentielle.com\/wp-content\/uploads\/2022\/10\/lula-bolsonaro-1024x512.jpg"}],"twitter_card":"summary_large_image","twitter_misc":{"Est. reading time":"2 minutos"},"schema":{"@context":"https:\/\/schema.org","@graph":[{"@type":"WebPage","@id":"https:\/\/parier-presidentielle.com\/cotes-bookmakers-second-tour-elections-bresiliennes-lula-bolsonaro\/","url":"https:\/\/parier-presidentielle.com\/cotes-bookmakers-second-tour-elections-bresiliennes-lula-bolsonaro\/","name":"Les cotes des bookmakers pour le 2e tour des \u00e9lections br\u00e9siliennes entre Lula et Bolsonaro - Finale Coupe du Monde FIFA","isPartOf":{"@id":"https:\/\/parier-presidentielle.com\/#website"},"datePublished":"2022-10-26T12:33:37+00:00","dateModified":"2022-10-26T19:53:57+00:00","breadcrumb":{"@id":"https:\/\/parier-presidentielle.com\/cotes-bookmakers-second-tour-elections-bresiliennes-lula-bolsonaro\/#breadcrumb"},"inLanguage":"pt-PT","potentialAction":[{"@type":"ReadAction","target":["https:\/\/parier-presidentielle.com\/cotes-bookmakers-second-tour-elections-bresiliennes-lula-bolsonaro\/"]}]},{"@type":"BreadcrumbList","@id":"https:\/\/parier-presidentielle.com\/cotes-bookmakers-second-tour-elections-bresiliennes-lula-bolsonaro\/#breadcrumb","itemListElement":[{"@type":"ListItem","position":1,"name":"Accueil","item":"https:\/\/parier-presidentielle.com\/"},{"@type":"ListItem","position":2,"name":"Les cotes des bookmakers pour le 2e tour des \u00e9lections br\u00e9siliennes entre Lula et Bolsonaro"}]},{"@type":"WebSite","@id":"https:\/\/parier-presidentielle.com\/#website","url":"https:\/\/parier-presidentielle.com\/","name":"Parier Pr\u00e9sidentielle","description":"Paris, Pronostics, Wiki sur la Politique, les Elections Am\u00e9ricaines: Joe Biden, Donald Trump avec les Bookmakers en ligne Unibet, Bwin, Betclic, Winamax","potentialAction":[{"@type":"SearchAction","target":{"@type":"EntryPoint","urlTemplate":"https:\/\/parier-presidentielle.com\/?s={search_term_string}"},"query-input":"required name=search_term_string"}],"inLanguage":"pt-PT"}]}},"_links":{"self":[{"href":"https:\/\/parier-presidentielle.com\/pt\/wp-json\/wp\/v2\/pages\/1671"}],"collection":[{"href":"https:\/\/parier-presidentielle.com\/pt\/wp-json\/wp\/v2\/pages"}],"about":[{"href":"https:\/\/parier-presidentielle.com\/pt\/wp-json\/wp\/v2\/types\/page"}],"author":[{"embeddable":true,"href":"https:\/\/parier-presidentielle.com\/pt\/wp-json\/wp\/v2\/users\/1"}],"replies":[{"embeddable":true,"href":"https:\/\/parier-presidentielle.com\/pt\/wp-json\/wp\/v2\/comments?post=1671"}],"version-history":[{"count":4,"href":"https:\/\/parier-presidentielle.com\/pt\/wp-json\/wp\/v2\/pages\/1671\/revisions"}],"predecessor-version":[{"id":1681,"href":"https:\/\/parier-presidentielle.com\/pt\/wp-json\/wp\/v2\/pages\/1671\/revisions\/1681"}],"wp:attachment":[{"href":"https:\/\/parier-presidentielle.com\/pt\/wp-json\/wp\/v2\/media?parent=1671"}],"curies":[{"name":"wp","href":"https:\/\/api.w.org\/{rel}","templated":true}]}}