{"id":1946,"date":"2023-03-20T16:35:45","date_gmt":"2023-03-20T15:35:45","guid":{"rendered":"https:\/\/parier-presidentielle.com\/?page_id=1946"},"modified":"2023-06-02T11:23:14","modified_gmt":"2023-06-02T09:23:14","slug":"joe-biden-cannabis-hhc","status":"publish","type":"page","link":"https:\/\/parier-presidentielle.com\/pt\/joe-biden-cannabis-hhc\/","title":{"rendered":"Joe Biden e o mercado de cannabis, HHC"},"content":{"rendered":"<h2 class=\"wp-block-heading\"><span id=\"l8217arrivee-de-joe-biden-sur-le-marche-du-cannabis-et-de-l8217hhc-aux-etats-unis-un-nouvel-espoir-pour-les-consommateurs-et-les-entrepreneurs\">A chegada de Joe Biden ao mercado de cannabis e HHC nos Estados Unidos: uma nova esperan\u00e7a para consumidores e empreendedores<\/span><\/h2>\n\n\n\n<p>O mercado de cannabis e canabin\u00f3ides como <a href=\"https:\/\/wikihhc.com\/\">HHC<\/a> tem visto um crescimento explosivo nos Estados Unidos nos \u00faltimos anos. Cada vez mais estados est\u00e3o a legalizar o uso recreativo ou terap\u00eautico da cannabis, e cada vez mais consumidores recorrem a produtos canabin\u00f3ides para tratar uma variedade de condi\u00e7\u00f5es. No entanto, as leis federais sobre can\u00e1bis dos EUA permanecem pouco claras e restritivas, limitando o acesso dos empres\u00e1rios e dos consumidores aos benef\u00edcios deste mercado em expans\u00e3o.<\/p>\n\n\n\n<p>No entanto, com a chegada de Joe Biden como Presidente dos Estados Unidos, as coisas podem mudar para o mercado de cannabis e canabin\u00f3ides. O presidente Biden disse que apoia a legaliza\u00e7\u00e3o da cannabis para fins m\u00e9dicos, mas n\u00e3o apoia a legaliza\u00e7\u00e3o para uso recreativo. No entanto, a sua administra\u00e7\u00e3o j\u00e1 tomou medidas para permitir a investiga\u00e7\u00e3o de canabin\u00f3ides, o que poderia ser um primeiro passo para uma legaliza\u00e7\u00e3o mais ampla.<\/p>\n\n\n\n<h2 class=\"wp-block-heading\"><span id=\"la-legalisation-du-cannabis-un-enjeu-economique\">A legaliza\u00e7\u00e3o da cannabis: uma quest\u00e3o econ\u00f3mica<\/span><\/h2>\n\n\n\n<p>A legaliza\u00e7\u00e3o da cannabis para fins m\u00e9dicos e recreativos \u00e9 uma quest\u00e3o econ\u00f3mica importante para os Estados Unidos. Na verdade, a produ\u00e7\u00e3o, distribui\u00e7\u00e3o e venda de cannabis pode gerar receitas significativas para os estados, ao mesmo tempo que cria empregos e estimula a economia local.<\/p>\n\n\n\n<h2 class=\"wp-block-heading\"><span id=\"les-obstacles-a-la-legalisation\">Obst\u00e1culos \u00e0 legaliza\u00e7\u00e3o<\/span><\/h2>\n\n\n\n<p>No entanto, a legaliza\u00e7\u00e3o da cannabis enfrenta muitos obst\u00e1culos nos Estados Unidos. As leis federais sobre a can\u00e1bis permanecem pouco claras e restritivas, dificultando o crescimento dos seus neg\u00f3cios pelos empres\u00e1rios e o acesso dos consumidores a produtos seguros e de qualidade. Al\u00e9m disso, a estigmatiza\u00e7\u00e3o da cannabis na sociedade americana pode dificultar a aceita\u00e7\u00e3o da legaliza\u00e7\u00e3o pelas autoridades e pelos eleitores.<\/p>\n\n\n\n<h2 class=\"wp-block-heading\"><span id=\"les-avantages-potentiels-de-la-legalisation\">Os benef\u00edcios potenciais da legaliza\u00e7\u00e3o<\/span><\/h2>\n\n\n\n<p>Apesar destes obst\u00e1culos, a legaliza\u00e7\u00e3o da cannabis e dos canabin\u00f3ides poder\u00e1 trazer muitos benef\u00edcios aos consumidores e empres\u00e1rios nos Estados Unidos. Os produtos canabinoides podem ajudar a tratar doen\u00e7as como dor cr\u00f4nica, ansiedade, depress\u00e3o e ins\u00f4nia, o que pode melhorar a qualidade de vida de milh\u00f5es de americanos. Al\u00e9m disso, a legaliza\u00e7\u00e3o poderia criar empregos no sector da cannabis e estimular a economia local.<\/p>\n\n\n\n<h2 class=\"wp-block-heading\"><span id=\"la-position-de-joe-biden\">A posi\u00e7\u00e3o de Joe Biden<\/span><\/h2>\n\n\n\n<p>A posi\u00e7\u00e3o de Joe Biden sobre a legaliza\u00e7\u00e3o da cannabis e dos canabin\u00f3ides \u00e9 complexa. Embora apoie a legaliza\u00e7\u00e3o para fins m\u00e9dicos, ele n\u00e3o se pronunciou a favor da legaliza\u00e7\u00e3o para fins recreativos. No entanto, a sua administra\u00e7\u00e3o j\u00e1 tomou medidas para permitir a investiga\u00e7\u00e3o de canabinoides, o que poder\u00e1 ser um sinal positivo para os defensores de uma legaliza\u00e7\u00e3o mais ampla.<\/p>\n\n\n\n<p>Al\u00e9m disso, Joe Biden tamb\u00e9m expressou apoio \u00e0 elimina\u00e7\u00e3o de registos criminais relacionados com a cannabis, o que poderia ajudar as pessoas que foram injustamente condenadas por crimes relacionados com a cannabis a limpar os seus registos e ter a oportunidade de come\u00e7ar de novo.<\/p>\n\n\n\n<h2 class=\"wp-block-heading\"><span id=\"l8217hhc-un-nouvel-espoir-pour-les-consommateurs\">HHC: nova esperan\u00e7a para os consumidores<\/span><\/h2>\n\n\n\n<p>Al\u00e9m da legaliza\u00e7\u00e3o da cannabis, a chegada de Joe Biden ao mercado de canabin\u00f3ides nos Estados Unidos tamb\u00e9m poder\u00e1 oferecer novas oportunidades aos consumidores gra\u00e7as ao surgimento do HHC, ou delta-8-tetrahidrocanabinol.<\/p>\n\n\n\n<p>O HHC \u00e9 um canabin\u00f3ide derivado da cannabis que tem efeitos semelhantes ao THC, mas \u00e9 legal em muitos estados onde a cannabis \u00e9 proibida. Os consumidores podem, portanto, desfrutar dos benef\u00edcios do HHC sem se preocuparem com quest\u00f5es legais relacionadas com a cannabis.<\/p>\n\n\n\n<h2 class=\"wp-block-heading\"><span id=\"les-entrepreneurs-prets-a-saisir-les-opportunites\">Empreendedores prontos para aproveitar oportunidades<\/span><\/h2>\n\n\n\n<p>Os empres\u00e1rios do mercado de canabin\u00f3ides tamb\u00e9m est\u00e3o prontos para aproveitar as oportunidades oferecidas pela chegada de Joe Biden ao mercado. Muitas empresas j\u00e1 est\u00e3o trabalhando em produtos baseados em<a href=\"https:\/\/wikihhc.com\/france\/fleurs-hhc\/\"> de HHC como flores <\/a>, e alguns at\u00e9 come\u00e7aram a recorrer \u00e0 produ\u00e7\u00e3o de cannabis legalizada para fins medicinais.<\/p>\n\n\n\n<h2 class=\"wp-block-heading\"><span id=\"conclusion-un-nouvel-espoir-pour-les-consommateurs-et-les-entrepreneurs\">Conclus\u00e3o: nova esperan\u00e7a para consumidores e empreendedores<\/span><\/h2>\n\n\n\n<p>A chegada de Joe Biden ao mercado de cannabis e canabin\u00f3ides nos Estados Unidos oferece uma nova esperan\u00e7a para consumidores e empres\u00e1rios. Embora a posi\u00e7\u00e3o de Joe Biden sobre a legaliza\u00e7\u00e3o da cannabis recreativa n\u00e3o seja clara, as suas a\u00e7\u00f5es a favor da investiga\u00e7\u00e3o de canabin\u00f3ides e a elimina\u00e7\u00e3o de registos criminais relacionados com a cannabis s\u00e3o sinais positivos para os apoiantes da legaliza\u00e7\u00e3o. Muitos sites oferecem descontos em <a href=\"https:\/\/wikihhc.com\/site\/weecl\/code-promo-coupon-bon-de-reduction-weecl\/\">CBD e HHC como Weecl com c\u00f3digos promocionais<\/a>.<\/p>\n\n\n\n<p>Al\u00e9m disso, o surgimento do HHC proporciona novas oportunidades para consumidores e empres\u00e1rios, permitindo que os consumidores desfrutem dos benef\u00edcios dos canabin\u00f3ides sem os problemas legais associados \u00e0 cannabis.<\/p>\n\n\n\n<figure class=\"wp-block-embed is-type-video is-provider-youtube wp-block-embed-youtube wp-embed-aspect-16-9 wp-has-aspect-ratio\"><div class=\"wp-block-embed__wrapper\">\n<iframe loading=\"lazy\" title=\"Estados Unidos: Joe Biden perdoa milhares de americanos condenados por porte de maconha\" width=\"640\" height=\"360\" src=\"https:\/\/www.youtube.com\/embed\/EmSpSXaJnlY?feature=oembed\" frameborder=\"0\" allow=\"accelerometer; autoplay; clipboard-write; encrypted-media; gyroscope; picture-in-picture; web-share\" allowfullscreen><\/iframe>\n<\/div><\/figure>\n<div id=\"toc_container\" class=\"no_bullets\"><p class=\"toc_title\">Conte\u00fado<\/p><ul class=\"toc_list\"><li><\/li><li><\/li><li><\/li><li><\/li><li><\/li><li><\/li><li><\/li><li><\/li><\/ul><\/div>","protected":false},"excerpt":{"rendered":"<p>L&#8217;arriv\u00e9e de Joe Biden sur le march\u00e9 du cannabis et de l&#8217;HHC aux \u00c9tats-Unis : Un nouvel espoir pour les consommateurs et les entrepreneurs Le march\u00e9 du cannabis et des cannabino\u00efdes comme HHC a connu une croissance explosive aux \u00c9tats-Unis ces derni\u00e8res ann\u00e9es . De plus en plus d&#8217;\u00c9tats l\u00e9galisent l&#8217;usage r\u00e9cr\u00e9atif ou th\u00e9rapeutique du &#8230;<\/p>","protected":false},"author":1,"featured_media":1955,"parent":0,"menu_order":0,"comment_status":"closed","ping_status":"closed","template":"page-nosidebar.php","meta":{"footnotes":""},"yoast_head":"<!-- This site is optimized with the Yoast SEO Premium plugin v21.0 (Yoast SEO v21.0) - https:\/\/yoast.com\/wordpress\/plugins\/seo\/ -->\n<title>Joe Biden et le march\u00e9 du Cannabis, HHC - Finale Coupe du Monde FIFA<\/title>\n<meta name=\"robots\" content=\"index, follow, max-snippet:-1, max-image-preview:large, max-video-preview:-1\" \/>\n<link rel=\"canonical\" href=\"https:\/\/parier-presidentielle.com\/pt\/joe-biden-cannabis-hhc\/\" \/>\n<meta property=\"og:locale\" content=\"pt_PT\" \/>\n<meta property=\"og:type\" content=\"article\" \/>\n<meta property=\"og:title\" content=\"Joe Biden et le march\u00e9 du Cannabis, HHC\" \/>\n<meta property=\"og:description\" content=\"L&#8217;arriv\u00e9e de Joe Biden sur le march\u00e9 du cannabis et de l&#8217;HHC aux \u00c9tats-Unis : Un nouvel espoir pour les consommateurs et les entrepreneurs Le march\u00e9 du cannabis et des cannabino\u00efdes comme HHC a connu une croissance explosive aux \u00c9tats-Unis ces derni\u00e8res ann\u00e9es . De plus en plus d&#8217;\u00c9tats l\u00e9galisent l&#8217;usage r\u00e9cr\u00e9atif ou th\u00e9rapeutique du ...\" \/>\n<meta property=\"og:url\" content=\"https:\/\/parier-presidentielle.com\/pt\/joe-biden-cannabis-hhc\/\" \/>\n<meta property=\"og:site_name\" content=\"Parier Pr\u00e9sidentielle\" \/>\n<meta property=\"article:modified_time\" content=\"2023-06-02T09:23:14+00:00\" \/>\n<meta property=\"og:image\" content=\"https:\/\/parier-presidentielle.com\/wp-content\/uploads\/2023\/03\/joe-biden-hhc-1-scaled.jpg\" \/>\n\t<meta property=\"og:image:width\" content=\"2560\" \/>\n\t<meta property=\"og:image:height\" content=\"1440\" \/>\n\t<meta property=\"og:image:type\" content=\"image\/jpeg\" \/>\n<meta name=\"twitter:card\" content=\"summary_large_image\" \/>\n<meta name=\"twitter:label1\" content=\"Est. reading time\" \/>\n\t<meta name=\"twitter:data1\" content=\"4 minutos\" \/>\n<script type=\"application\/ld+json\" class=\"yoast-schema-graph\">{\"@context\":\"https:\/\/schema.org\",\"@graph\":[{\"@type\":\"WebPage\",\"@id\":\"https:\/\/parier-presidentielle.com\/joe-biden-cannabis-hhc\/\",\"url\":\"https:\/\/parier-presidentielle.com\/joe-biden-cannabis-hhc\/\",\"name\":\"Joe Biden et le march\u00e9 du Cannabis, HHC - Finale Coupe du Monde FIFA\",\"isPartOf\":{\"@id\":\"https:\/\/parier-presidentielle.com\/#website\"},\"datePublished\":\"2023-03-20T15:35:45+00:00\",\"dateModified\":\"2023-06-02T09:23:14+00:00\",\"breadcrumb\":{\"@id\":\"https:\/\/parier-presidentielle.com\/joe-biden-cannabis-hhc\/#breadcrumb\"},\"inLanguage\":\"pt-PT\",\"potentialAction\":[{\"@type\":\"ReadAction\",\"target\":[\"https:\/\/parier-presidentielle.com\/joe-biden-cannabis-hhc\/\"]}]},{\"@type\":\"BreadcrumbList\",\"@id\":\"https:\/\/parier-presidentielle.com\/joe-biden-cannabis-hhc\/#breadcrumb\",\"itemListElement\":[{\"@type\":\"ListItem\",\"position\":1,\"name\":\"Accueil\",\"item\":\"https:\/\/parier-presidentielle.com\/\"},{\"@type\":\"ListItem\",\"position\":2,\"name\":\"Joe Biden et le march\u00e9 du Cannabis, HHC\"}]},{\"@type\":\"WebSite\",\"@id\":\"https:\/\/parier-presidentielle.com\/#website\",\"url\":\"https:\/\/parier-presidentielle.com\/\",\"name\":\"Parier Pr\u00e9sidentielle\",\"description\":\"Paris, Pronostics, Wiki sur la Politique, les Elections Am\u00e9ricaines: Joe Biden, Donald Trump avec les Bookmakers en ligne Unibet, Bwin, Betclic, Winamax\",\"potentialAction\":[{\"@type\":\"SearchAction\",\"target\":{\"@type\":\"EntryPoint\",\"urlTemplate\":\"https:\/\/parier-presidentielle.com\/?s={search_term_string}\"},\"query-input\":\"required name=search_term_string\"}],\"inLanguage\":\"pt-PT\"}]}<\/script>\n<!-- \/ Yoast SEO Premium plugin. -->","yoast_head_json":{"title":"Joe Biden et le march\u00e9 du Cannabis, HHC - Finale Coupe du Monde FIFA","robots":{"index":"index","follow":"follow","max-snippet":"max-snippet:-1","max-image-preview":"max-image-preview:large","max-video-preview":"max-video-preview:-1"},"canonical":"https:\/\/parier-presidentielle.com\/pt\/joe-biden-cannabis-hhc\/","og_locale":"pt_PT","og_type":"article","og_title":"Joe Biden et le march\u00e9 du Cannabis, HHC","og_description":"L&#8217;arriv\u00e9e de Joe Biden sur le march\u00e9 du cannabis et de l&#8217;HHC aux \u00c9tats-Unis : Un nouvel espoir pour les consommateurs et les entrepreneurs Le march\u00e9 du cannabis et des cannabino\u00efdes comme HHC a connu une croissance explosive aux \u00c9tats-Unis ces derni\u00e8res ann\u00e9es . De plus en plus d&#8217;\u00c9tats l\u00e9galisent l&#8217;usage r\u00e9cr\u00e9atif ou th\u00e9rapeutique du ...","og_url":"https:\/\/parier-presidentielle.com\/pt\/joe-biden-cannabis-hhc\/","og_site_name":"Parier Pr\u00e9sidentielle","article_modified_time":"2023-06-02T09:23:14+00:00","og_image":[{"width":2560,"height":1440,"url":"https:\/\/parier-presidentielle.com\/wp-content\/uploads\/2023\/03\/joe-biden-hhc-1-scaled.jpg","type":"image\/jpeg"}],"twitter_card":"summary_large_image","twitter_misc":{"Est. reading time":"4 minutos"},"schema":{"@context":"https:\/\/schema.org","@graph":[{"@type":"WebPage","@id":"https:\/\/parier-presidentielle.com\/joe-biden-cannabis-hhc\/","url":"https:\/\/parier-presidentielle.com\/joe-biden-cannabis-hhc\/","name":"Joe Biden et le march\u00e9 du Cannabis, HHC - Finale Coupe du Monde FIFA","isPartOf":{"@id":"https:\/\/parier-presidentielle.com\/#website"},"datePublished":"2023-03-20T15:35:45+00:00","dateModified":"2023-06-02T09:23:14+00:00","breadcrumb":{"@id":"https:\/\/parier-presidentielle.com\/joe-biden-cannabis-hhc\/#breadcrumb"},"inLanguage":"pt-PT","potentialAction":[{"@type":"ReadAction","target":["https:\/\/parier-presidentielle.com\/joe-biden-cannabis-hhc\/"]}]},{"@type":"BreadcrumbList","@id":"https:\/\/parier-presidentielle.com\/joe-biden-cannabis-hhc\/#breadcrumb","itemListElement":[{"@type":"ListItem","position":1,"name":"Accueil","item":"https:\/\/parier-presidentielle.com\/"},{"@type":"ListItem","position":2,"name":"Joe Biden et le march\u00e9 du Cannabis, HHC"}]},{"@type":"WebSite","@id":"https:\/\/parier-presidentielle.com\/#website","url":"https:\/\/parier-presidentielle.com\/","name":"Parier Pr\u00e9sidentielle","description":"Paris, Pronostics, Wiki sur la Politique, les Elections Am\u00e9ricaines: Joe Biden, Donald Trump avec les Bookmakers en ligne Unibet, Bwin, Betclic, Winamax","potentialAction":[{"@type":"SearchAction","target":{"@type":"EntryPoint","urlTemplate":"https:\/\/parier-presidentielle.com\/?s={search_term_string}"},"query-input":"required name=search_term_string"}],"inLanguage":"pt-PT"}]}},"_links":{"self":[{"href":"https:\/\/parier-presidentielle.com\/pt\/wp-json\/wp\/v2\/pages\/1946"}],"collection":[{"href":"https:\/\/parier-presidentielle.com\/pt\/wp-json\/wp\/v2\/pages"}],"about":[{"href":"https:\/\/parier-presidentielle.com\/pt\/wp-json\/wp\/v2\/types\/page"}],"author":[{"embeddable":true,"href":"https:\/\/parier-presidentielle.com\/pt\/wp-json\/wp\/v2\/users\/1"}],"replies":[{"embeddable":true,"href":"https:\/\/parier-presidentielle.com\/pt\/wp-json\/wp\/v2\/comments?post=1946"}],"version-history":[{"count":5,"href":"https:\/\/parier-presidentielle.com\/pt\/wp-json\/wp\/v2\/pages\/1946\/revisions"}],"predecessor-version":[{"id":2000,"href":"https:\/\/parier-presidentielle.com\/pt\/wp-json\/wp\/v2\/pages\/1946\/revisions\/2000"}],"wp:featuredmedia":[{"embeddable":true,"href":"https:\/\/parier-presidentielle.com\/pt\/wp-json\/wp\/v2\/media\/1955"}],"wp:attachment":[{"href":"https:\/\/parier-presidentielle.com\/pt\/wp-json\/wp\/v2\/media?parent=1946"}],"curies":[{"name":"wp","href":"https:\/\/api.w.org\/{rel}","templated":true}]}}