{"id":1956,"date":"2023-03-20T17:03:39","date_gmt":"2023-03-20T16:03:39","guid":{"rendered":"https:\/\/parier-presidentielle.com\/?page_id=1956"},"modified":"2023-06-02T11:27:55","modified_gmt":"2023-06-02T09:27:55","slug":"donald-trump-sur-le-marche-du-cannabis-et-du-hhc","status":"publish","type":"page","link":"https:\/\/parier-presidentielle.com\/pt\/donald-trump-no-mercado-de-cannabis-e-hhc\/","title":{"rendered":"O impacto de Donald Trump no mercado de Cannabis e HHC"},"content":{"rendered":"<p>Desde a posse de Donald Trump como Presidente dos Estados Unidos em 2016, a cannabis e a ind\u00fastria da cannabis <a href=\"https:\/\/wikihhc.com\/en\/\" target=\"_blank\" rel=\"noreferrer noopener\">HHC<\/a> (Canabinoide derivado do c\u00e2nhamo) tem evolu\u00eddo constantemente. As declara\u00e7\u00f5es do presidente e as pol\u00edticas implementadas tiveram um impacto significativo neste mercado em crescimento. Neste artigo, exploraremos as principais decis\u00f5es tomadas por Trump e como elas influenciam o futuro da ind\u00fastria de cannabis e HHC. Muitos sites oferecem descontos em <a href=\"https:\/\/wikihhc.com\/site\/weecl\/code-promo-coupon-bon-de-reduction-weecl\/\">CBD e HHC como Weecl com c\u00f3digos promocionais<\/a>.<\/p>\n\n\n\n<h2 class=\"wp-block-heading\"><span id=\"la-position-initiale-de-trump-sur-le-cannabis\">A posi\u00e7\u00e3o inicial de Trump sobre a cannabis<\/span><\/h2>\n\n\n\n<p>Durante a sua campanha eleitoral de 2016, Donald Trump assumiu uma posi\u00e7\u00e3o bastante vaga sobre a quest\u00e3o da cannabis. Ele disse que a quest\u00e3o deveria ser resolvida por cada estado e que n\u00e3o se opunha ao uso medicinal da cannabis. No entanto, tamb\u00e9m expressou preocupa\u00e7\u00e3o com o aumento do consumo de cannabis entre os jovens e os potenciais efeitos negativos na sa\u00fade p\u00fablica.<\/p>\n\n\n\n<h2 class=\"wp-block-heading\"><span id=\"la-nomination-de-jeff-sessions\">A nomea\u00e7\u00e3o de Jeff Sessions<\/span><\/h2>\n\n\n\n<p>Uma das primeiras decis\u00f5es de Trump em rela\u00e7\u00e3o \u00e0 cannabis foi a nomea\u00e7\u00e3o de Jeff Sessions como procurador-geral. Sessions era conhecido pela sua firme oposi\u00e7\u00e3o \u00e0 can\u00e1bis e pela sua posi\u00e7\u00e3o de que a can\u00e1bis era \u201cperigosa\u201d e deveria ser \u201cevitada a todo o custo\u201d. Esta nomea\u00e7\u00e3o causou preocupa\u00e7\u00e3o na ind\u00fastria da cannabis e dos HHC, e muitos temeram que isso levasse a um aumento da repress\u00e3o \u00e0s empresas de cannabis.<\/p>\n\n\n\n<h2 class=\"wp-block-heading\"><span id=\"le-rescrit-de-cole\">Rescrito de Cole<\/span><\/h2>\n\n\n\n<p>Outra decis\u00e3o importante de Trump foi a revoga\u00e7\u00e3o da decis\u00e3o Cole em 2018. A decis\u00e3o foi implementada pela administra\u00e7\u00e3o Obama em 2013 para fornecer orienta\u00e7\u00e3o aos promotores federais sobre como lidar com as leis sobre cannabis em estados que legalizaram a cannabis para fins m\u00e9dicos e recreativos. . A revoga\u00e7\u00e3o desta decis\u00e3o foi vista como um grande rev\u00e9s para a ind\u00fastria da cannabis e dos HHC, e levantou preocupa\u00e7\u00f5es sobre o aumento da fiscaliza\u00e7\u00e3o da cannabis a n\u00edvel federal.<\/p>\n\n\n\n<h2 class=\"wp-block-heading\"><span id=\"le-farm-bill-de-2018\">A Lei Agr\u00edcola de 2018<\/span><\/h2>\n\n\n\n<p>Apesar dos contratempos, a ind\u00fastria de HHC obteve um sucesso significativo em 2018 com a Farm Bill. Esta lei legalizou o cultivo, produ\u00e7\u00e3o e venda de c\u00e2nhamo industrial, definido como cannabis contendo menos de 0,3 % THC, em todo o pa\u00eds. A medida foi bem recebida pela ind\u00fastria de HHC, que h\u00e1 muito procurava legalizar o cultivo de c\u00e2nhamo para a sua produ\u00e7\u00e3o de CBD.<\/p>\n\n\n\n<h2 class=\"wp-block-heading\"><span id=\"la-pandemie-de-covid-19\">A pandemia de COVID-19<\/span><\/h2>\n\n\n\n<p>A pandemia da COVID-19 tamb\u00e9m teve um impacto significativo na ind\u00fastria da can\u00e1bis e dos HHC. Sendo um setor essencial, muitos dispens\u00e1rios e empresas de cannabis continuaram a funcionar apesar do encerramento de empresas noutros setores. No entanto, a pandemia tamb\u00e9m levou a um decl\u00ednio na procura de produtos de cannabis, especialmente entre os consumidores.<\/p>\n\n\n\n<p>entusiastas recreativos. As restri\u00e7\u00f5es de viagem tamb\u00e9m afetaram as cadeias de abastecimento da ind\u00fastria de cannabis e HHC, levando a interrup\u00e7\u00f5es na produ\u00e7\u00e3o e distribui\u00e7\u00e3o.<\/p>\n\n\n\n<h2 class=\"wp-block-heading\"><span id=\"l8217avenir-de-l8217industrie-du-cannabis-et-du-hhc-sous-l8217administration-biden\">O futuro da ind\u00fastria de cannabis e HHC sob a administra\u00e7\u00e3o Biden<\/span><\/h2>\n\n\n\n<p>Com a posse de Joe Biden em janeiro de 2021, <a href=\"https:\/\/wikihhc.com\/site\/\">a ind\u00fastria de cannabis e HHC <\/a>estava ansioso por uma mudan\u00e7a de dire\u00e7\u00e3o nas pol\u00edticas implementadas sob a administra\u00e7\u00e3o Trump. Biden expressou apoio \u00e0 legaliza\u00e7\u00e3o do uso m\u00e9dico de cannabis e \u00e0 elimina\u00e7\u00e3o da pena obrigat\u00f3ria para crimes relacionados \u00e0 cannabis. No entanto, ele tamb\u00e9m disse que apoiaria a actual classifica\u00e7\u00e3o da cannabis como uma subst\u00e2ncia da Lista I, o que significa que \u00e9 considerada como tendo um elevado potencial de abuso e sem uso m\u00e9dico v\u00e1lido.<\/p>\n\n\n\n<p>Apesar da incerteza sobre o futuro da ind\u00fastria da cannabis e dos HHC sob a administra\u00e7\u00e3o Biden, a ind\u00fastria permanece em constante evolu\u00e7\u00e3o e continua a crescer. Os estados continuam a legalizar a cannabis para fins m\u00e9dicos e recreativos, e est\u00e3o a ser criadas novas empresas de HHC para satisfazer a crescente procura de produtos de CBD. A ind\u00fastria da cannabis e dos HHC continua a ser um setor em crescimento, com muitas oportunidades para empreendedores e investidores.<\/p>\n\n\n\n<p>Em conclus\u00e3o, o impacto de Donald Trump na ind\u00fastria da cannabis e dos HHC tem sido significativo, mas permanecem incertezas quanto ao futuro desta ind\u00fastria sob a administra\u00e7\u00e3o Biden. Apesar disso, a ind\u00fastria continua a crescer e evoluir, proporcionando in\u00fameras oportunidades para empresas e investidores.<\/p>\n\n\n\n<p><\/p>\n\n\n\n<figure class=\"wp-block-embed is-type-video is-provider-youtube wp-block-embed-youtube wp-embed-aspect-16-9 wp-has-aspect-ratio\"><div class=\"wp-block-embed__wrapper\">\n<iframe loading=\"lazy\" title=\"Vit\u00f3ria de Trump: perto do fim da proibi\u00e7\u00e3o da cannabis? - RTL - RTL\" width=\"640\" height=\"360\" src=\"https:\/\/www.youtube.com\/embed\/j5oDI7O_byY?feature=oembed\" frameborder=\"0\" allow=\"accelerometer; autoplay; clipboard-write; encrypted-media; gyroscope; picture-in-picture; web-share\" allowfullscreen><\/iframe>\n<\/div><\/figure>\n\n\n\n<p>Perguntas frequentes:<\/p>\n\n\n\n<ol>\n<li>O que \u00e9 HHC? HHC (canabin\u00f3ide derivado do c\u00e2nhamo) \u00e9 um composto canabin\u00f3ide derivado do c\u00e2nhamo industrial, contendo menos de 0,3 % THC.<\/li>\n\n\n\n<li>Quais estados dos EUA legalizaram a cannabis? At\u00e9 o momento, 36 estados dos EUA legalizaram a cannabis para fins m\u00e9dicos e 15 estados legalizaram a cannabis para uso recreativo.<\/li>\n\n\n\n<li>Qual \u00e9 o impacto da classifica\u00e7\u00e3o da cannabis como uma subst\u00e2ncia da Lista I? A classifica\u00e7\u00e3o da can\u00e1bis como subst\u00e2ncia da Lista I significa que \u00e9 considerada como tendo um elevado potencial de abuso e sem utiliza\u00e7\u00e3o m\u00e9dica v\u00e1lida, dificultando aos investigadores a realiza\u00e7\u00e3o de estudos sobre as suas propriedades medicinais.<\/li>\n\n\n\n<li>Quais s\u00e3o as interrup\u00e7\u00f5es na produ\u00e7\u00e3o de cannabis causadas pela pandemia de COVID-19? A pandemia de COVID-19 provocou perturba\u00e7\u00f5es nas cadeias de abastecimento da ind\u00fastria da can\u00e1bis e dos HHC, provocando atrasos na produ\u00e7\u00e3o e na distribui\u00e7\u00e3o.<\/li>\n<\/ol>\n<div id=\"toc_container\" class=\"no_bullets\"><p class=\"toc_title\">Conte\u00fado<\/p><ul class=\"toc_list\"><li><\/li><li><\/li><li><\/li><li><\/li><li><\/li><li><\/li><\/ul><\/div>","protected":false},"excerpt":{"rendered":"<p>Depuis l&#8217;investiture de Donald Trump \u00e0 la pr\u00e9sidence des \u00c9tats-Unis en 2016, l&#8217;industrie du cannabis et du HHC (Hemp-derived Cannabinoid) a \u00e9t\u00e9 en constante \u00e9volution. Les d\u00e9clarations du pr\u00e9sident et les politiques mises en place ont eu un impact significatif sur ce march\u00e9 en pleine expansion. Dans cet article, nous allons explorer les d\u00e9cisions cl\u00e9s &#8230;<\/p>","protected":false},"author":1,"featured_media":1959,"parent":0,"menu_order":0,"comment_status":"closed","ping_status":"closed","template":"page-nosidebar.php","meta":{"footnotes":""},"yoast_head":"<!-- This site is optimized with the Yoast SEO Premium plugin v21.0 (Yoast SEO v21.0) - https:\/\/yoast.com\/wordpress\/plugins\/seo\/ -->\n<title>L&#039;impact de Donald Trump sur le march\u00e9 du Cannabis et du HHC - Finale Coupe du Monde FIFA<\/title>\n<meta name=\"robots\" content=\"index, follow, max-snippet:-1, max-image-preview:large, max-video-preview:-1\" \/>\n<link rel=\"canonical\" href=\"https:\/\/parier-presidentielle.com\/pt\/donald-trump-no-mercado-de-cannabis-e-hhc\/\" \/>\n<meta property=\"og:locale\" content=\"pt_PT\" \/>\n<meta property=\"og:type\" content=\"article\" \/>\n<meta property=\"og:title\" content=\"L&#039;impact de Donald Trump sur le march\u00e9 du Cannabis et du HHC\" \/>\n<meta property=\"og:description\" content=\"Depuis l&#8217;investiture de Donald Trump \u00e0 la pr\u00e9sidence des \u00c9tats-Unis en 2016, l&#8217;industrie du cannabis et du HHC (Hemp-derived Cannabinoid) a \u00e9t\u00e9 en constante \u00e9volution. Les d\u00e9clarations du pr\u00e9sident et les politiques mises en place ont eu un impact significatif sur ce march\u00e9 en pleine expansion. Dans cet article, nous allons explorer les d\u00e9cisions cl\u00e9s ...\" \/>\n<meta property=\"og:url\" content=\"https:\/\/parier-presidentielle.com\/pt\/donald-trump-no-mercado-de-cannabis-e-hhc\/\" \/>\n<meta property=\"og:site_name\" content=\"Parier Pr\u00e9sidentielle\" \/>\n<meta property=\"article:modified_time\" content=\"2023-06-02T09:27:55+00:00\" \/>\n<meta property=\"og:image\" content=\"https:\/\/parier-presidentielle.com\/wp-content\/uploads\/2023\/03\/donald-trump-hhc-scaled.jpg\" \/>\n\t<meta property=\"og:image:width\" content=\"2560\" \/>\n\t<meta property=\"og:image:height\" content=\"1440\" \/>\n\t<meta property=\"og:image:type\" content=\"image\/jpeg\" \/>\n<meta name=\"twitter:card\" content=\"summary_large_image\" \/>\n<meta name=\"twitter:label1\" content=\"Est. reading time\" \/>\n\t<meta name=\"twitter:data1\" content=\"5 minutos\" \/>\n<script type=\"application\/ld+json\" class=\"yoast-schema-graph\">{\"@context\":\"https:\/\/schema.org\",\"@graph\":[{\"@type\":\"WebPage\",\"@id\":\"https:\/\/parier-presidentielle.com\/donald-trump-sur-le-marche-du-cannabis-et-du-hhc\/\",\"url\":\"https:\/\/parier-presidentielle.com\/donald-trump-sur-le-marche-du-cannabis-et-du-hhc\/\",\"name\":\"L'impact de Donald Trump sur le march\u00e9 du Cannabis et du HHC - Finale Coupe du Monde FIFA\",\"isPartOf\":{\"@id\":\"https:\/\/parier-presidentielle.com\/#website\"},\"datePublished\":\"2023-03-20T16:03:39+00:00\",\"dateModified\":\"2023-06-02T09:27:55+00:00\",\"breadcrumb\":{\"@id\":\"https:\/\/parier-presidentielle.com\/donald-trump-sur-le-marche-du-cannabis-et-du-hhc\/#breadcrumb\"},\"inLanguage\":\"pt-PT\",\"potentialAction\":[{\"@type\":\"ReadAction\",\"target\":[\"https:\/\/parier-presidentielle.com\/donald-trump-sur-le-marche-du-cannabis-et-du-hhc\/\"]}]},{\"@type\":\"BreadcrumbList\",\"@id\":\"https:\/\/parier-presidentielle.com\/donald-trump-sur-le-marche-du-cannabis-et-du-hhc\/#breadcrumb\",\"itemListElement\":[{\"@type\":\"ListItem\",\"position\":1,\"name\":\"Accueil\",\"item\":\"https:\/\/parier-presidentielle.com\/\"},{\"@type\":\"ListItem\",\"position\":2,\"name\":\"L&#8217;impact de Donald Trump sur le march\u00e9 du Cannabis et du HHC\"}]},{\"@type\":\"WebSite\",\"@id\":\"https:\/\/parier-presidentielle.com\/#website\",\"url\":\"https:\/\/parier-presidentielle.com\/\",\"name\":\"Parier Pr\u00e9sidentielle\",\"description\":\"Paris, Pronostics, Wiki sur la Politique, les Elections Am\u00e9ricaines: Joe Biden, Donald Trump avec les Bookmakers en ligne Unibet, Bwin, Betclic, Winamax\",\"potentialAction\":[{\"@type\":\"SearchAction\",\"target\":{\"@type\":\"EntryPoint\",\"urlTemplate\":\"https:\/\/parier-presidentielle.com\/?s={search_term_string}\"},\"query-input\":\"required name=search_term_string\"}],\"inLanguage\":\"pt-PT\"}]}<\/script>\n<!-- \/ Yoast SEO Premium plugin. -->","yoast_head_json":{"title":"L'impact de Donald Trump sur le march\u00e9 du Cannabis et du HHC - Finale Coupe du Monde FIFA","robots":{"index":"index","follow":"follow","max-snippet":"max-snippet:-1","max-image-preview":"max-image-preview:large","max-video-preview":"max-video-preview:-1"},"canonical":"https:\/\/parier-presidentielle.com\/pt\/donald-trump-no-mercado-de-cannabis-e-hhc\/","og_locale":"pt_PT","og_type":"article","og_title":"L'impact de Donald Trump sur le march\u00e9 du Cannabis et du HHC","og_description":"Depuis l&#8217;investiture de Donald Trump \u00e0 la pr\u00e9sidence des \u00c9tats-Unis en 2016, l&#8217;industrie du cannabis et du HHC (Hemp-derived Cannabinoid) a \u00e9t\u00e9 en constante \u00e9volution. Les d\u00e9clarations du pr\u00e9sident et les politiques mises en place ont eu un impact significatif sur ce march\u00e9 en pleine expansion. Dans cet article, nous allons explorer les d\u00e9cisions cl\u00e9s ...","og_url":"https:\/\/parier-presidentielle.com\/pt\/donald-trump-no-mercado-de-cannabis-e-hhc\/","og_site_name":"Parier Pr\u00e9sidentielle","article_modified_time":"2023-06-02T09:27:55+00:00","og_image":[{"width":2560,"height":1440,"url":"https:\/\/parier-presidentielle.com\/wp-content\/uploads\/2023\/03\/donald-trump-hhc-scaled.jpg","type":"image\/jpeg"}],"twitter_card":"summary_large_image","twitter_misc":{"Est. reading time":"5 minutos"},"schema":{"@context":"https:\/\/schema.org","@graph":[{"@type":"WebPage","@id":"https:\/\/parier-presidentielle.com\/donald-trump-sur-le-marche-du-cannabis-et-du-hhc\/","url":"https:\/\/parier-presidentielle.com\/donald-trump-sur-le-marche-du-cannabis-et-du-hhc\/","name":"L'impact de Donald Trump sur le march\u00e9 du Cannabis et du HHC - Finale Coupe du Monde FIFA","isPartOf":{"@id":"https:\/\/parier-presidentielle.com\/#website"},"datePublished":"2023-03-20T16:03:39+00:00","dateModified":"2023-06-02T09:27:55+00:00","breadcrumb":{"@id":"https:\/\/parier-presidentielle.com\/donald-trump-sur-le-marche-du-cannabis-et-du-hhc\/#breadcrumb"},"inLanguage":"pt-PT","potentialAction":[{"@type":"ReadAction","target":["https:\/\/parier-presidentielle.com\/donald-trump-sur-le-marche-du-cannabis-et-du-hhc\/"]}]},{"@type":"BreadcrumbList","@id":"https:\/\/parier-presidentielle.com\/donald-trump-sur-le-marche-du-cannabis-et-du-hhc\/#breadcrumb","itemListElement":[{"@type":"ListItem","position":1,"name":"Accueil","item":"https:\/\/parier-presidentielle.com\/"},{"@type":"ListItem","position":2,"name":"L&#8217;impact de Donald Trump sur le march\u00e9 du Cannabis et du HHC"}]},{"@type":"WebSite","@id":"https:\/\/parier-presidentielle.com\/#website","url":"https:\/\/parier-presidentielle.com\/","name":"Parier Pr\u00e9sidentielle","description":"Paris, Pronostics, Wiki sur la Politique, les Elections Am\u00e9ricaines: Joe Biden, Donald Trump avec les Bookmakers en ligne Unibet, Bwin, Betclic, Winamax","potentialAction":[{"@type":"SearchAction","target":{"@type":"EntryPoint","urlTemplate":"https:\/\/parier-presidentielle.com\/?s={search_term_string}"},"query-input":"required name=search_term_string"}],"inLanguage":"pt-PT"}]}},"_links":{"self":[{"href":"https:\/\/parier-presidentielle.com\/pt\/wp-json\/wp\/v2\/pages\/1956"}],"collection":[{"href":"https:\/\/parier-presidentielle.com\/pt\/wp-json\/wp\/v2\/pages"}],"about":[{"href":"https:\/\/parier-presidentielle.com\/pt\/wp-json\/wp\/v2\/types\/page"}],"author":[{"embeddable":true,"href":"https:\/\/parier-presidentielle.com\/pt\/wp-json\/wp\/v2\/users\/1"}],"replies":[{"embeddable":true,"href":"https:\/\/parier-presidentielle.com\/pt\/wp-json\/wp\/v2\/comments?post=1956"}],"version-history":[{"count":4,"href":"https:\/\/parier-presidentielle.com\/pt\/wp-json\/wp\/v2\/pages\/1956\/revisions"}],"predecessor-version":[{"id":2001,"href":"https:\/\/parier-presidentielle.com\/pt\/wp-json\/wp\/v2\/pages\/1956\/revisions\/2001"}],"wp:featuredmedia":[{"embeddable":true,"href":"https:\/\/parier-presidentielle.com\/pt\/wp-json\/wp\/v2\/media\/1959"}],"wp:attachment":[{"href":"https:\/\/parier-presidentielle.com\/pt\/wp-json\/wp\/v2\/media?parent=1956"}],"curies":[{"name":"wp","href":"https:\/\/api.w.org\/{rel}","templated":true}]}}