{"id":212,"date":"2021-09-14T13:02:49","date_gmt":"2021-09-14T11:02:49","guid":{"rendered":"https:\/\/parier-presidentielle.com\/?page_id=212"},"modified":"2021-09-14T15:59:08","modified_gmt":"2021-09-14T13:59:08","slug":"melenchon-election","status":"publish","type":"page","link":"https:\/\/parier-presidentielle.com\/pt\/eleicao-de-melenchon\/","title":{"rendered":"Aposte na elei\u00e7\u00e3o de Jean-Luc M\u00e9lenchon"},"content":{"rendered":"<h2 class=\"wp-block-heading\" id=\"block-f005be1c-8637-4455-a388-e82bafcaf460\"><span id=\"cote-et-pronostics-pour-le-candidat-jean-luc-melenchon-paris-en-ligne-sur-la-politique-et-le-futur-president-de-la-france-de-2022\">Probabilidades e previs\u00f5es para o candidato Jean-Luc M\u00e9lenchon:<br>Apostas online sobre pol\u00edtica e o futuro presidente da Fran\u00e7a em 2022<\/span><\/h2>\n\n\n\n<p><\/p>\n\n\n\n<p><\/p>\n\n\n\n<p>Jean-Luc M\u00e9lenchon (fr. Jean-Luc M\u00e9lenchon, IPA (fr.):; B., T\u00e2nger) \u2013 estadista e pol\u00edtico de esquerda franc\u00eas, jornalista. Ministro da Educa\u00e7\u00e3o Profissional no governo de Lionel Jospin de 2000 a 2002. Membro do Senado franc\u00eas pelo departamento de Eson (1986-2000; 2004-2010). Deputado ao Parlamento Europeu de 2009 a 2017 (Fac\u00e7\u00e3o da Esquerda Unit\u00e1ria Europeia\/Esquerda-Norte Verde). Um dos fundadores e presidentes do \u201cPartido de Esquerda\u201d. Desde 2017 \u2013 Membro da Assembleia Nacional Francesa pelo partido \u201cFran\u00e7a Invicta\u201d.<\/p>\n\n\n\n<h2 class=\"wp-block-heading\"><span id=\"biographie-de-jean-luc-melenchon\">Biografia de Jean-Luc M\u00e9lenchon<\/span><\/h2>\n\n\n\n<p><br>Nasceu em T\u00e2nger (Zona Internacional de T\u00e2nger, hoje Marrocos). Os pais s\u00e3o funcion\u00e1rios p\u00fablicos. Em 1962 mudou-se para Fran\u00e7a com a m\u00e3e. Fil\u00f3sofo de forma\u00e7\u00e3o, estudou na Universidade de Franche-Comt\u00e9. Ele lecionou em escolas secund\u00e1rias. Ele esteve envolvido desde muito cedo no movimento juvenil de esquerda radical, foi membro da Uni\u00e3o Nacional dos Estudantes Franceses e participou das manifesta\u00e7\u00f5es do Maio Vermelho de 1968. Dentro do movimento trotskista franc\u00eas, M\u00e9lanchon juntou-se aos Lambertistas, seguidores de Pierre Lambert de a Organiza\u00e7\u00e3o Comunista Internacional. Participa\u00e7\u00e3o em trabalhos sindicais em Besan\u00e7on.<\/p>\n\n\n\n<p>Por\u00e9m, em 1977 ingressou no Partido Socialista da Fran\u00e7a, rompendo com os trotskistas. Ele apoiou ativamente o presidente franc\u00eas Fran\u00e7ois Mitterrand. Desde 1988, Jean-Luc Melanchon foi eleito para o Conselho Nacional e para o Gabinete Nacional do Partido Socialista. Juntamente com pessoas com ideias semelhantes, ele organizou a \u201cEsquerda Socialista\u201d (movimento anticapitalista dentro das fileiras do Partido Socialista). De 2000 a 2002, foi Ministro Delegado para a Educa\u00e7\u00e3o Profissional no governo do socialista Lionel Jospin. Foi senador pelo departamento de Eson (1986-2000 e 2004-2010). Ele tamb\u00e9m trabalhou em n\u00edvel municipal no departamento de Eson.<\/p>\n\n\n\n<p>No \u00e2mbito do referendo sobre a ado\u00e7\u00e3o da Constitui\u00e7\u00e3o da Uni\u00e3o Europeia, juntamente com correntes internas de esquerda do Partido Socialista e outros esquerdistas, a organiza\u00e7\u00e3o op\u00f4s-se \u00e0 sua ratifica\u00e7\u00e3o, enquanto a lideran\u00e7a do partido defendeu a sua ratifica\u00e7\u00e3o. Participar na campanha contra o que os pol\u00edticos de esquerda viam como a Constitui\u00e7\u00e3o neoliberal da UE aproximou Melanchon do Partido Comunista Franc\u00eas e dos trotskistas.<\/p>\n\n\n\n<p>Em 2008 deixou o Partido Socialista devido a contradi\u00e7\u00f5es com a sua lideran\u00e7a (incluindo S\u00e9gol\u00e8ne Royal), a quem criticou pelo rumo social-liberal e pelo afastamento das ideias de esquerda. Iniciou a cria\u00e7\u00e3o do \u201cPartido de Esquerda\u201d (no modelo das \u201cesquerdas\u201d alem\u00e3s com refer\u00eancia \u00e0s ideias de Jean Jaur\u00e8s); tornou-se seu primeiro presidente. Seu colega Mark Dole tamb\u00e9m participou dos trabalhos de sua cria\u00e7\u00e3o. Em 2010, o partido foi co-presidido pelo l\u00edder da fac\u00e7\u00e3o interna do Partido Verde, que deixou o partido \u2013 Martin Billard. Em 2009, foi eleito eurodeputado na lista do grupo Esquerda Unit\u00e1ria Europeia\/Esquerda-Verdes Norte. O Partido de Esquerda participa na coliga\u00e7\u00e3o Frente de Esquerda; Melanchon \u00e9 um de seus copresidentes.<\/p>\n\n\n\n<h2 class=\"wp-block-heading\"><span id=\"participation-aux-elections-presidentielles-de-2012-de-jean-luc-melenchon\">Participa\u00e7\u00e3o nas elei\u00e7\u00f5es presidenciais de 2012 de Jean-Luc M\u00e9lenchon<\/span><\/h2>\n\n\n\n<p><br>\u00c0 medida que as elei\u00e7\u00f5es presidenciais de 2012 se aproximavam, o Partido Comunista Franc\u00eas pretendia apresentar o seu pr\u00f3prio candidato (provavelmente Alain Boquet). No entanto, durante o seu congresso, realizado de 16 a 18 de junho de 2011, Jean-Luc Melanchon obteve 59,12 % dos votos dos congressistas e foi designado candidato (participaram membros de outros partidos pertencentes \u00e0 Frente de Esquerda Assim, tornou-se o \u00fanico candidato desta alian\u00e7a) De acordo com os resultados das pesquisas realizadas em 2012, antes das elei\u00e7\u00f5es, a classifica\u00e7\u00e3o de Melanchon era de 6 a 15 %. Ao longo da campanha presidencial, segundo algumas sondagens, conseguiu passar da quinta para a terceira posi\u00e7\u00e3o entre os eleitores dispostos a votar em Melanchon, ultrapassando assim Marine Le Pen e Fran\u00e7ois Bayrou.<\/p>\n\n\n\n<p>A principal caracter\u00edstica do seu programa foi a proclama\u00e7\u00e3o da &quot;Sexta Rep\u00fablica Francesa&quot; atrav\u00e9s da altera\u00e7\u00e3o da constitui\u00e7\u00e3o francesa. Em seus discursos, ele mencionou repetidamente a hist\u00f3ria da Revolu\u00e7\u00e3o Francesa e da Comuna de Paris. Ele apelou aos seus apoiantes para uma revolu\u00e7\u00e3o \u201ccivil\u201d pac\u00edfica \u2013 um golpe de Estado, que seja liderado n\u00e3o pela classe trabalhadora, mas por todos os cidad\u00e3os que torcem pelo seu pa\u00eds.<\/p>\n\n\n\n<p>De acordo com os resultados do primeiro turno, M\u00e9lanchon obteve 3.985.089 votos (11,1 % do total de eleitores), ficando assim em quarto lugar. Isto \u00e9 significativamente mais do que o da candidata do Partido Comunista em 2007 \u2013 Marie-Georges Buffet (o seu resultado foi 1.93% dos votos).<\/p>\n\n\n\n<p>No segundo turno, Melanchon apoiou a candidatura de Fran\u00e7ois Hollande, apesar de, devido a contradi\u00e7\u00f5es com ele, ter deixado o Partido Socialista em 2008. Em 6 de maio de 2012, Hollande foi eleito Presidente da Fran\u00e7a.<\/p>\n\n\n\n<p>Outras atividades<br>Ele tentou se tornar membro da Assembleia Nacional Francesa em 2012 pelo 11\u00ba distrito eleitoral do departamento de Pas-de-Calais na lista da &quot;Frente de Esquerda&quot; para prender a l\u00edder da Frente Nacional, Marine Le Pen, que foi correndo para l\u00e1. Por\u00e9m, no primeiro turno das elei\u00e7\u00f5es, obteve 21,48 % dos votos e ficou em terceiro lugar, perdendo tanto para Marine Le Pen (42,36 % dos votos) quanto para Philippe.<\/p>\n\n\n\n<p><\/p>\n\n\n\n<p>Kemel, o candidato socialista (23,51 votos TP4T). Assim, Melanchon n\u00e3o conseguiu obter o direito de concorrer ao mandato de deputado.<\/p>\n\n\n\n<h2 class=\"wp-block-heading\"><span id=\"participation-a-l8217election-presidentielle-de-2017-de-jean-luc-melenchon\">Participa\u00e7\u00e3o nas elei\u00e7\u00f5es presidenciais de 2017 de Jean-Luc M\u00e9lenchon<\/span><\/h2>\n\n\n\n<p><br>Em fevereiro de 2016, Melanchon anunciou a sua inten\u00e7\u00e3o de participar na campanha presidencial de 2017. Recusando-se a participar nas \u201cprim\u00e1rias de esquerda\u201d, organizadas pelo Partido Socialista, tornou-se candidato pelo movimento \u201cFran\u00e7a Invicta\u201d criado na mesma altura. O seu programa baseou-se nas suas teses de 2012 com algumas altera\u00e7\u00f5es: o estabelecimento da Sexta Rep\u00fablica (ou seja, a adop\u00e7\u00e3o de uma nova Constitui\u00e7\u00e3o), a redistribui\u00e7\u00e3o da riqueza (a imposi\u00e7\u00e3o de impostos sobre o rendimento adicional sobre o rendimento excedent\u00e1rio, ou a redu\u00e7\u00e3o do semana de trabalho para 32 horas), a redu\u00e7\u00e3o da idade de reforma para 60 anos, a sa\u00edda da Fran\u00e7a da Uni\u00e3o Europeia e da NATO. Melanchon formulou seus pontos de vista no livro \u201cL\u2019avenir en commun\u201d (\u201cFuturo Comum\u201d), distribu\u00eddo em 200.000 exemplares.<\/p>\n\n\n\n<p>Segundo o Le Figaro, o programa de Melanchon, que prev\u00ea um aumento das despesas or\u00e7amentais de 270 mil milh\u00f5es de euros e aumentos de impostos de 120 mil milh\u00f5es de euros, um aumento das f\u00e9rias anuais remuneradas para seis semanas (a sua dura\u00e7\u00e3o em 2017 \u00e9 de cinco semanas), tamb\u00e9m como o confisco de todos os rendimentos superiores a 400 mil euros por ano, inspirado nas ideias de pol\u00edticos como o ex-presidente venezuelano Hugo Ch\u00e1vez.<\/p>\n\n\n\n<p>Em 4 de abril de 2017, foi organizado um debate televisionado com a participa\u00e7\u00e3o de todos os onze candidatos presidenciais da Fran\u00e7a, cujo vencedor foi sensacionalmente Melanchon \u2013 seu discurso foi reconhecido como o mais convincente por 25% dos entrevistados (Macron recebeu apoio de 21%, Fillon \u2013 15%). Al\u00e9m disso, de acordo com os resultados de um estudo sociol\u00f3gico realizado ap\u00f3s o debate, M\u00e9lanchon com o apoio do 21% ficou em segundo lugar entre os mais prov\u00e1veis vencedores da primeira volta das elei\u00e7\u00f5es \u2013 depois de Macron (27%) e \u00e0 frente de Fillon (20%).<\/p>\n\n\n\n<p>Em abril de 2017, destacou-se pela utiliza\u00e7\u00e3o das mais recentes tecnologias de campanha eleitoral \u2013 web r\u00e1dio e at\u00e9 as suas pr\u00f3prias imagens hologr\u00e1ficas durante com\u00edcios em Nantes, Clermont-Ferrand, Montpellier, Grenoble, Nancy e Reuni\u00e3o.<\/p>\n\n\n\n<p>Em 20 de abril de 2017, v\u00e1rias figuras proeminentes da cultura americana \u2013 Danny Glover, o fil\u00f3sofo Noam Chomsky, a dramaturga e feminista Eve Ensler, o ator Mark Ruffalo, Nancy Fraser e Oliver Stone publicaram uma peti\u00e7\u00e3o instando os franceses a \u201cn\u00e3o repetirem o Clinton\u201d. contra a trag\u00e9dia de Trump\u201d, ou seja, \u201cn\u00e3o for\u00e7ar os eleitores franceses a escolher entre o liberalismo do establishment corporativo e o populismo xen\u00f3fobo de direita\u201d, mas \u201cunir-nos na primeira volta das elei\u00e7\u00f5es presidenciais em torno do candidato de esquerda com o maior apoio dos eleitores. Os autores da peti\u00e7\u00e3o tamb\u00e9m nomearam este candidato \u2013 Melanchon.<\/p>\n\n\n\n<p>Em 23 de abril de 2017, recebeu o apoio de 19,58 eleitores do % (7.060.885 pessoas) no primeiro turno de vota\u00e7\u00e3o, ficando em quarto lugar entre onze candidatos e assim n\u00e3o chegando ao segundo turno. Os melhores resultados acabaram por ser os resultados de M\u00e9lenchon nas regi\u00f5es ultramarinas: venceu na Reuni\u00e3o (24,53 %), na Guiana (24,7 %), em Saint-Pierre e Miquelon (mais de 35 % contra 17,9 % para o vencedor da primeira rodada \u00e0 escala nacional \u2013 Emmanuel Macron) e Martinica (27.3%).<\/p>\n\n\n\n<p>Outras atividades (desde 2017)<br>Nas elei\u00e7\u00f5es legislativas em Fran\u00e7a, o seu partido conquistou 17 lugares em 577, tornando-se o quarto em n\u00famero de deputados. Ele pr\u00f3prio foi eleito deputado por uma das comunas de Marselha.<\/p>\n\n\n\n<p>Em 16 de outubro de 2018, a casa perto de M\u00e9lenchon e v\u00e1rios edif\u00edcios da \u201cFran\u00e7a Invicta\u201d foram revistados no \u00e2mbito da investiga\u00e7\u00e3o sobre acusa\u00e7\u00f5es de contrata\u00e7\u00e3o fict\u00edcia de assistentes parlamentares e viola\u00e7\u00e3o das regras de financiamento de campanhas, durante as quais ocorreram confrontos entre activistas. e funcion\u00e1rios respons\u00e1veis pela aplica\u00e7\u00e3o da lei. Em 20 de setembro de 2019, o tribunal de Bobigny condenou Melanchon a tr\u00eas meses de pris\u00e3o suspensa e a uma multa de 8 mil euros por obstru\u00e7\u00e3o \u00e0 justi\u00e7a e rebeli\u00e3o, e outros cinco arguidos foram condenados a uma multa de 2 mil a 10 mil euros (julgamento realizado dois dias \u2013 19 e 20 de setembro, e Melanchon imediatamente chamou isso de persegui\u00e7\u00e3o pol\u00edtica).<\/p>\n\n\n\n<p><\/p>\n\n\n\n<p class=\"has-text-align-center unibet\" style=\"font-size:25px\"><mark style=\"background-color:rgba(0, 0, 0, 0);color:#0d7a12\" class=\"has-inline-color\"><strong><a href=\"https:\/\/parier-presidentielle.com\/pt\/recommends\/unibet\/\">B\u00f4nus de 150\u20ac oferecido com Unibet<br>Para sua primeira aposta pol\u00edtica ou esportiva: Clique aqui<\/a><\/strong><\/mark><\/p>\n\n\n\n<p><\/p>\n\n\n<div class=\"wp-block-image\">\n<figure class=\"aligncenter is-resized wp-duotone-000097-ff4747-1\"><img decoding=\"async\" loading=\"lazy\" src=\"https:\/\/parier-presidentielle.com\/wp-content\/uploads\/2021\/09\/election-standard-scale-4_00x-gigapixel-1024x623.jpg\" alt=\"Elei\u00e7\u00f5es 2022\" style=\"width:256px;height:156px\" width=\"256\" height=\"156\"\/><\/figure><\/div>\n\n\n<p><br><\/p>\n\n\n\n<p><strong>Parier-presidencial ajuda voc\u00ea a fazer sua escolha entre os diferentes<a href=\"https:\/\/parier-presidentielle.com\/pt\/\"> Casas de apostas Bwin, Unibet e Betclic apostar\u00e3o no futuro presidente americano em 2024<\/a> : <\/strong><br><a href=\"https:\/\/parier-presidentielle.com\/pt\/unibet-politica-eleicao-2022\/\">Casa de apostas presidencial Unibet<\/a> : Guia detalhado e gratuito para fazer sua primeira aposta online com todas as probabilidades e como aproveitar o b\u00f4nus oferecido!<\/p>\n\n\n\n<p>Bem como outros sites online de Paris: <a href=\"https:\/\/parier-presidentielle.com\/pt\/unibet-politica-eleicao-2022\/\">Bwin<\/a>, <a href=\"https:\/\/parier-presidentielle.com\/pt\/netbet-paris-politica-eleicao-2022\/\">NetBet<\/a>, <a href=\"https:\/\/parier-presidentielle.com\/pt\/betclic-presidencial-2022\/\">Betclic<\/a>, <a href=\"https:\/\/parier-presidentielle.com\/pt\/winamax-politica-eleicao-2022\/\">Winamax<\/a>, Parions Sport, Zebet,Betway, Fran\u00e7a-Pari,Vbet, Cloudbet, 1Xbit, 1xbet, Betfair, Betwinner\u2026<\/p>\n\n\n\n<div class=\"wp-block-columns is-layout-flex wp-container-6 wp-block-columns-is-layout-flex\">\n<div class=\"wp-block-column is-layout-flow wp-block-column-is-layout-flow\" style=\"flex-basis:33.33%\">\n<p>Voc\u00ea acabou de ler nosso arquivo:<\/p>\n<\/div>\n\n\n\n<div class=\"wp-block-column is-layout-flow wp-block-column-is-layout-flow\" style=\"flex-basis:33.33%\">\n<div class=\"wp-block-group is-layout-flow wp-block-group-is-layout-flow\"><div class=\"wp-block-group__inner-container\"><h4 class=\"has-text-align-center wp-block-post-title\"><span id=\"parier-sur-lelection-de-jean-luc-melenchon\"><a href=\"https:\/\/parier-presidentielle.com\/pt\/eleicao-de-melenchon\/\" target=\"_self\" >Aposte na elei\u00e7\u00e3o de Jean-Luc M\u00e9lenchon<\/a><\/span><\/h4><\/div><\/div>\n<\/div>\n\n\n\n<div class=\"wp-block-column is-layout-flow wp-block-column-is-layout-flow\" style=\"flex-basis:33.33%\">\n<p class=\"has-text-align-right\">Continue lendo com nossos outros arquivos exclusivos,<\/p>\n<\/div>\n<\/div>\n\n\n\n<h3 class=\"wp-block-heading\" id=\"tous-les-pronostics-sondage-et-cotes-pour-parier-sur-le-futur-vainqueur-de-l-election-presidentielle-2022\"><span id=\"tous-les-pronostics-sondage-et-cotes-pour-parier-sur-le-futur-vainqueur-de-l8217election-presidentielle-2024\">Todas as previs\u00f5es, pesquisas e probabilidades para apostar no futuro vencedor das elei\u00e7\u00f5es presidenciais de 2024:<\/span><\/h3>\n\n\n\n<ul>\n<li><a href=\"https:\/\/parier-presidentielle.com\/pt\/eleicao-macron\/\">Aposte em Emmanuel Macron com Unibet, Betclic, Bwin<\/a> : O favorito em enquetes e previs\u00f5es <\/li>\n\n\n\n<li><a href=\"https:\/\/parier-presidentielle.com\/pt\/eleicao-de-marine-le-pen\/\">Marine Le Pen: Suas probabilidades e como apostar nas casas de apostas<\/a>: O desafiante de acordo com a Unibet<\/li>\n<\/ul>\n\n\n\n<p><\/p>\n\n\n\n<center><script type=\"text\/javascript\" charset=\"utf-8\" src=\"https:\/\/www.gambling-affiliation.com\/cpm\/v=AmIMTDSs92QY6b0MzDMvM5laCjJ-ZlA-1oQ-7tKsi.w_GA7331V2\"><\/script><\/center>\n\n\n\n<h3 class=\"wp-block-heading\"><span id=\"donald-trump-vs-joe-biden-la-video-qui-lance-les-paris-en-ligne-sur-l8217election-politique-de-2024\">Donald Trump vs Joe Biden: O v\u00eddeo que lan\u00e7a apostas online nas elei\u00e7\u00f5es pol\u00edticas de 2024<\/span><\/h3>\n\n\n\n<figure class=\"wp-block-embed is-type-video is-provider-youtube wp-block-embed-youtube wp-embed-aspect-16-9 wp-has-aspect-ratio\"><div class=\"wp-block-embed__wrapper\">\n<iframe loading=\"lazy\" title=\"Ex-presidente Donald Trump lan\u00e7a candidatura \u00e0 Casa Branca para 2024 #Short\" width=\"640\" height=\"360\" src=\"https:\/\/www.youtube.com\/embed\/hZykPRVe4Ag?feature=oembed\" frameborder=\"0\" allow=\"accelerometer; autoplay; clipboard-write; encrypted-media; gyroscope; picture-in-picture; web-share\" allowfullscreen><\/iframe>\n<\/div><\/figure>\n\n\n<div class=\"wp-block-image\">\n<figure class=\"aligncenter size-medium\"><a href=\"https:\/\/parier-presidentielle.com\/pt\/recommends\/unibet\/\" target=\"_blank\" rel=\"noopener\"><img decoding=\"async\" loading=\"lazy\" width=\"300\" height=\"169\" src=\"https:\/\/parier-presidentielle.com\/wp-content\/uploads\/2022\/04\/unibet-300x169.jpg\" alt=\"\" class=\"wp-image-1252\" srcset=\"https:\/\/parier-presidentielle.com\/wp-content\/uploads\/2022\/04\/unibet-300x169.jpg 300w, https:\/\/parier-presidentielle.com\/wp-content\/uploads\/2022\/04\/unibet-1024x576.jpg 1024w, https:\/\/parier-presidentielle.com\/wp-content\/uploads\/2022\/04\/unibet-768x432.jpg 768w, https:\/\/parier-presidentielle.com\/wp-content\/uploads\/2022\/04\/unibet-18x10.jpg 18w, https:\/\/parier-presidentielle.com\/wp-content\/uploads\/2022\/04\/unibet.jpg 1280w\" sizes=\"(max-width: 300px) 100vw, 300px\" \/><\/a><\/figure><\/div>\n\n\n<p>Encontre o Wiki, as not\u00edcias pol\u00edticas essenciais sobre a Cannabis e seus derivados legais: <strong>HHC, H4cbd, Thcp, Thcv, HSD, HHCPO, C4B<\/strong><\/p>\n<div id=\"toc_container\" class=\"no_bullets\"><p class=\"toc_title\">Conte\u00fado<\/p><ul class=\"toc_list\"><li><\/li><li><\/li><li><\/li><li><ul><li><ul><li><\/li><\/ul><\/li><li><\/li><li><\/li><\/ul><\/li><\/ul><\/div>","protected":false},"excerpt":{"rendered":"<p>Cote et pronostics pour le candidat Jean-Luc M\u00e9lenchon :Paris en ligne sur la politique et le futur pr\u00e9sident de la France de 2022 Jean-Luc M\u00e9lenchon (fr. Jean-Luc M\u00e9lenchon, IPA (fr.):; B., Tanger) &#8211; Homme d&#8217;\u00c9tat et homme politique fran\u00e7ais de gauche, journaliste. Ministre d\u00e9l\u00e9gu\u00e9e \u00e0 l&#8217;Enseignement professionnel dans le gouvernement de Lionel Jospin de 2000 &#8230;<\/p>","protected":false},"author":1,"featured_media":0,"parent":0,"menu_order":0,"comment_status":"closed","ping_status":"closed","template":"page-nosidebar.php","meta":{"footnotes":""},"yoast_head":"<!-- This site is optimized with the Yoast SEO Premium plugin v21.0 (Yoast SEO v21.0) - https:\/\/yoast.com\/wordpress\/plugins\/seo\/ -->\n<title>Parier sur l\u2019\u00e9lection de Jean-Luc M\u00e9lenchon - Finale Coupe du Monde FIFA<\/title>\n<meta name=\"description\" content=\"Pariez sur M\u00e9lenchon pour l&#039;\u00e9lection 2022 : Cliquez Ici et Gagnez Gros! Pronostics ,Comparaison des Bookmakers et des meilleurs Cotes.\" \/>\n<meta name=\"robots\" content=\"index, follow, max-snippet:-1, max-image-preview:large, max-video-preview:-1\" \/>\n<link rel=\"canonical\" href=\"https:\/\/parier-presidentielle.com\/pt\/eleicao-de-melenchon\/\" \/>\n<meta property=\"og:locale\" content=\"pt_PT\" \/>\n<meta property=\"og:type\" content=\"article\" \/>\n<meta property=\"og:title\" content=\"Parier sur l\u2019\u00e9lection de Jean-Luc M\u00e9lenchon\" \/>\n<meta property=\"og:description\" content=\"Pariez sur M\u00e9lenchon pour l&#039;\u00e9lection 2022 : Cliquez Ici et Gagnez Gros! Pronostics ,Comparaison des Bookmakers et des meilleurs Cotes.\" \/>\n<meta property=\"og:url\" content=\"https:\/\/parier-presidentielle.com\/pt\/eleicao-de-melenchon\/\" \/>\n<meta property=\"og:site_name\" content=\"Parier Pr\u00e9sidentielle\" \/>\n<meta property=\"article:modified_time\" content=\"2021-09-14T13:59:08+00:00\" \/>\n<meta name=\"twitter:card\" content=\"summary_large_image\" \/>\n<meta name=\"twitter:label1\" content=\"Est. reading time\" \/>\n\t<meta name=\"twitter:data1\" content=\"7 minutos\" \/>\n<script type=\"application\/ld+json\" class=\"yoast-schema-graph\">{\"@context\":\"https:\/\/schema.org\",\"@graph\":[{\"@type\":\"WebPage\",\"@id\":\"https:\/\/parier-presidentielle.com\/melenchon-election\/\",\"url\":\"https:\/\/parier-presidentielle.com\/melenchon-election\/\",\"name\":\"Parier sur l\u2019\u00e9lection de Jean-Luc M\u00e9lenchon - Finale Coupe du Monde FIFA\",\"isPartOf\":{\"@id\":\"https:\/\/parier-presidentielle.com\/#website\"},\"datePublished\":\"2021-09-14T11:02:49+00:00\",\"dateModified\":\"2021-09-14T13:59:08+00:00\",\"description\":\"Pariez sur M\u00e9lenchon pour l'\u00e9lection 2022 : Cliquez Ici et Gagnez Gros! Pronostics ,Comparaison des Bookmakers et des meilleurs Cotes.\",\"breadcrumb\":{\"@id\":\"https:\/\/parier-presidentielle.com\/melenchon-election\/#breadcrumb\"},\"inLanguage\":\"pt-PT\",\"potentialAction\":[{\"@type\":\"ReadAction\",\"target\":[\"https:\/\/parier-presidentielle.com\/melenchon-election\/\"]}]},{\"@type\":\"BreadcrumbList\",\"@id\":\"https:\/\/parier-presidentielle.com\/melenchon-election\/#breadcrumb\",\"itemListElement\":[{\"@type\":\"ListItem\",\"position\":1,\"name\":\"Accueil\",\"item\":\"https:\/\/parier-presidentielle.com\/\"},{\"@type\":\"ListItem\",\"position\":2,\"name\":\"Parier sur l\u2019\u00e9lection de Jean-Luc M\u00e9lenchon\"}]},{\"@type\":\"WebSite\",\"@id\":\"https:\/\/parier-presidentielle.com\/#website\",\"url\":\"https:\/\/parier-presidentielle.com\/\",\"name\":\"Parier Pr\u00e9sidentielle\",\"description\":\"Paris, Pronostics, Wiki sur la Politique, les Elections Am\u00e9ricaines: Joe Biden, Donald Trump avec les Bookmakers en ligne Unibet, Bwin, Betclic, Winamax\",\"potentialAction\":[{\"@type\":\"SearchAction\",\"target\":{\"@type\":\"EntryPoint\",\"urlTemplate\":\"https:\/\/parier-presidentielle.com\/?s={search_term_string}\"},\"query-input\":\"required name=search_term_string\"}],\"inLanguage\":\"pt-PT\"}]}<\/script>\n<!-- \/ Yoast SEO Premium plugin. -->","yoast_head_json":{"title":"Parier sur l\u2019\u00e9lection de Jean-Luc M\u00e9lenchon - Finale Coupe du Monde FIFA","description":"Pariez sur M\u00e9lenchon pour l'\u00e9lection 2022 : Cliquez Ici et Gagnez Gros! Pronostics ,Comparaison des Bookmakers et des meilleurs Cotes.","robots":{"index":"index","follow":"follow","max-snippet":"max-snippet:-1","max-image-preview":"max-image-preview:large","max-video-preview":"max-video-preview:-1"},"canonical":"https:\/\/parier-presidentielle.com\/pt\/eleicao-de-melenchon\/","og_locale":"pt_PT","og_type":"article","og_title":"Parier sur l\u2019\u00e9lection de Jean-Luc M\u00e9lenchon","og_description":"Pariez sur M\u00e9lenchon pour l'\u00e9lection 2022 : Cliquez Ici et Gagnez Gros! Pronostics ,Comparaison des Bookmakers et des meilleurs Cotes.","og_url":"https:\/\/parier-presidentielle.com\/pt\/eleicao-de-melenchon\/","og_site_name":"Parier Pr\u00e9sidentielle","article_modified_time":"2021-09-14T13:59:08+00:00","twitter_card":"summary_large_image","twitter_misc":{"Est. reading time":"7 minutos"},"schema":{"@context":"https:\/\/schema.org","@graph":[{"@type":"WebPage","@id":"https:\/\/parier-presidentielle.com\/melenchon-election\/","url":"https:\/\/parier-presidentielle.com\/melenchon-election\/","name":"Parier sur l\u2019\u00e9lection de Jean-Luc M\u00e9lenchon - Finale Coupe du Monde FIFA","isPartOf":{"@id":"https:\/\/parier-presidentielle.com\/#website"},"datePublished":"2021-09-14T11:02:49+00:00","dateModified":"2021-09-14T13:59:08+00:00","description":"Pariez sur M\u00e9lenchon pour l'\u00e9lection 2022 : Cliquez Ici et Gagnez Gros! Pronostics ,Comparaison des Bookmakers et des meilleurs Cotes.","breadcrumb":{"@id":"https:\/\/parier-presidentielle.com\/melenchon-election\/#breadcrumb"},"inLanguage":"pt-PT","potentialAction":[{"@type":"ReadAction","target":["https:\/\/parier-presidentielle.com\/melenchon-election\/"]}]},{"@type":"BreadcrumbList","@id":"https:\/\/parier-presidentielle.com\/melenchon-election\/#breadcrumb","itemListElement":[{"@type":"ListItem","position":1,"name":"Accueil","item":"https:\/\/parier-presidentielle.com\/"},{"@type":"ListItem","position":2,"name":"Parier sur l\u2019\u00e9lection de Jean-Luc M\u00e9lenchon"}]},{"@type":"WebSite","@id":"https:\/\/parier-presidentielle.com\/#website","url":"https:\/\/parier-presidentielle.com\/","name":"Parier Pr\u00e9sidentielle","description":"Paris, Pronostics, Wiki sur la Politique, les Elections Am\u00e9ricaines: Joe Biden, Donald Trump avec les Bookmakers en ligne Unibet, Bwin, Betclic, Winamax","potentialAction":[{"@type":"SearchAction","target":{"@type":"EntryPoint","urlTemplate":"https:\/\/parier-presidentielle.com\/?s={search_term_string}"},"query-input":"required name=search_term_string"}],"inLanguage":"pt-PT"}]}},"_links":{"self":[{"href":"https:\/\/parier-presidentielle.com\/pt\/wp-json\/wp\/v2\/pages\/212"}],"collection":[{"href":"https:\/\/parier-presidentielle.com\/pt\/wp-json\/wp\/v2\/pages"}],"about":[{"href":"https:\/\/parier-presidentielle.com\/pt\/wp-json\/wp\/v2\/types\/page"}],"author":[{"embeddable":true,"href":"https:\/\/parier-presidentielle.com\/pt\/wp-json\/wp\/v2\/users\/1"}],"replies":[{"embeddable":true,"href":"https:\/\/parier-presidentielle.com\/pt\/wp-json\/wp\/v2\/comments?post=212"}],"version-history":[{"count":4,"href":"https:\/\/parier-presidentielle.com\/pt\/wp-json\/wp\/v2\/pages\/212\/revisions"}],"predecessor-version":[{"id":234,"href":"https:\/\/parier-presidentielle.com\/pt\/wp-json\/wp\/v2\/pages\/212\/revisions\/234"}],"wp:attachment":[{"href":"https:\/\/parier-presidentielle.com\/pt\/wp-json\/wp\/v2\/media?parent=212"}],"curies":[{"name":"wp","href":"https:\/\/api.w.org\/{rel}","templated":true}]}}