{"id":255,"date":"2021-09-14T16:48:34","date_gmt":"2021-09-14T14:48:34","guid":{"rendered":"https:\/\/parier-presidentielle.com\/?page_id=255"},"modified":"2022-04-14T15:41:15","modified_gmt":"2022-04-14T13:41:15","slug":"netbet-paris-politique-election-2022","status":"publish","type":"page","link":"https:\/\/parier-presidentielle.com\/pt\/netbet-paris-politica-eleicao-2022\/","title":{"rendered":"NetBet: Apostas na pol\u00edtica e nas elei\u00e7\u00f5es presidenciais de 2022"},"content":{"rendered":"<p> <\/p>\n\n\n\n<a href=\"https:\/\/banners.livepartners.com\/click.php?z=151480\" target=\"_blank\" rel=\"noopener\"><img decoding=\"async\" loading=\"lazy\" src=\"https:\/\/banners.livepartners.com\/view.php?z=151480\" border=\"0\" width=\"728\" height=\"90\"><\/a>\n\n\n\n\n\n<h2 class=\"wp-block-heading\" id=\"quelle-est-l-offre-du-bookmaker-netbet-2022\"><span id=\"quelle-est-l8217offre-du-bookmaker-netbet-2022\">Qual \u00e9 a oferta da NetBet Bookmaker 2022?<\/span><\/h2>\n\n\n\n<p class=\"has-text-align-left\">A Netbet oferece atualmente o melhor b\u00f3nus para apostas online de 100\u20ac!<br>Para acessar esse b\u00f4nus, basta acessar nosso link de parceiro:<\/p>\n\n\n\n<h2 class=\"has-text-align-center wp-block-heading\" id=\"100-offerts-sur-votre-1er-pari-cliquez-ici\"><span id=\"100e-offerts-sur-votre-1er-pari-cliquez-ici\"><br><a href=\"https:\/\/banners.livepartners.com\/click.php?z=151505\" target=\"_blank\" rel=\"noreferrer noopener nofollow\">100\u20ac oferecidos na sua primeira aposta! Clique aqui<\/a><\/span><\/h2>\n\n\n\n<h3 class=\"wp-block-heading\"><span id=\"i\"><br><\/span><\/h3>\n\n\n\n<h2 class=\"wp-block-heading\" id=\"netbet\"><span id=\"netbet\">NetBet<\/span><\/h2>\n\n\n\n<p><br>NetBet \u00e9 uma operadora de jogos online de propriedade da NetBet Enterprises Ltd. A plataforma oferece apostas esportivas ao vivo e ao vivo, apostas em jogos virtuais e loterias internacionais, cassino online, p\u00f4quer online e plataforma de cassino ao vivo. A empresa opera em v\u00e1rios mercados, incluindo Rom\u00e9nia, Reino Unido, Alemanha, Irlanda e Am\u00e9rica do Sul, Jap\u00e3o e muitos outros. O NetBet est\u00e1 dispon\u00edvel em ingl\u00eas, alem\u00e3o, japon\u00eas, espanhol, italiano, franc\u00eas, grego, romeno, portugu\u00eas e finland\u00eas. A NetBet est\u00e1 sediada em Malta e possui escrit\u00f3rios no Reino Unido, Fran\u00e7a, Rom\u00eania e Estados Unidos. Atualmente conta com cerca de 500 funcion\u00e1rios.<\/p>\n\n\n\n<p>A NetBet tem uma licen\u00e7a europeia em Malta desde 2006. A NetBet \u00e9 licenciada pela UK Gambling Commission 3637 e est\u00e1 licenciada na Irlanda, Nig\u00e9ria, M\u00e9xico e Gr\u00e9cia. Os cassinos online na It\u00e1lia e na Fran\u00e7a tamb\u00e9m operam sob a marca NetBet Enterprises. Al\u00e9m disso, a NetBet obteve uma licen\u00e7a para operar na Rom\u00e9nia em 2015, tornando-se um dos primeiros 3 sites a oferecer jogos de azar online na Rom\u00e9nia.<\/p>\n\n\n\n<p>O NetBet Sport oferece apostas esportivas online pr\u00e9-ao vivo e ao vivo. Os jogadores tamb\u00e9m t\u00eam a op\u00e7\u00e3o de fazer apostas em eSports para determinados mercados especiais que cobrem pol\u00edtica e pr\u00eamios de filmes e televis\u00e3o. Para garantir resultados 100% precisos e aleat\u00f3rios para todos os jogos, o NetBet usa dois geradores de n\u00fameros aleat\u00f3rios separadamente: o gerador ISAAC e um gerador de ru\u00eddo. Assim, em 2018, o coeficiente de retorno RTP ao jogador foi de 96,65 %.<\/p>\n\n\n\n<p><\/p>\n\n\n\n<h2 class=\"wp-block-heading\" id=\"histoire-du-bookmaker\"><span id=\"histoire-du-bookmaker\">Hist\u00f3ria da casa de apostas<\/span><\/h2>\n\n\n\n<p><br>A Cosmo Gaming foi fundada em julho de 2006 e iniciou suas opera\u00e7\u00f5es em julho de 2007. Ela mudou seu nome de Cosmo Gaming Company para NetBet Enterprises Limited em mar\u00e7o de 2017. Em agosto de 2013, o provedor de jogos iSoftBet assinou um acordo exclusivo com a SBTech para fornecer servi\u00e7os de apostas esportivas ao vivo em o site NetBet.<\/p>\n\n\n\n<p>Durante o UEFA Euro 2016, a NetBet lan\u00e7ou o Campeonato Multicultural. No mesmo ano, a NetBet assinou um contrato de seis anos com a provedora de jogos Playtech. Este contrato prev\u00ea a distribui\u00e7\u00e3o de conte\u00fado exclusivo da Playtech na plataforma NetBet.<\/p>\n\n\n\n<p>Durante a Copa do Mundo de 2018, a NetBet Sport lan\u00e7ou uma nova adi\u00e7\u00e3o \u00e0 s\u00e9rie \u201cmulticultural\u201d sob o nome de Copa Multicultural.<\/p>\n\n\n\n<p>Em 2018, o Iron Dog Studio lan\u00e7ou todo o seu conjunto de jogos no NetBet Casino gra\u00e7as a uma integra\u00e7\u00e3o facilitada pelo provedor NetBet iSoftBet.<\/p>\n\n\n\n<p>Em 2019, o NetBet publicou um mapa interativo que tra\u00e7a todos os filmes e anedotas ligados ao personagem James Bond.<\/p>\n\n\n\n<p>Em 2020, a NetBet publicou um estudo conduzido pela Blue Claw sobre as potenciais multas que os fabricantes de autom\u00f3veis poderiam enfrentar se n\u00e3o cumprirem as metas de carbono estabelecidas pela Uni\u00e3o Europeia para 2021.<br><\/p>\n\n\n\n<h3 class=\"wp-block-heading\" id=\"les-partenariats\"><span id=\"les-partenariats\">Parcerias <\/span><\/h3>\n\n\n\n<p>A NetBet foi patrocinadora ou parceira oficial de diversas equipes esportivas, como OGC Nice em 2014, AS Saint-Etienne e Hamilton Academical em 2016.<\/p>\n\n\n\n<p><\/p>\n\n\n\n<ul><li>Em 2015, a Netbet assinou um acordo de publicidade no est\u00e1dio com o West Bromwich Albion Football Club.<\/li><li>Em 2017, a NetBet patrocinou a Ta\u00e7a Intercartiere Falemi Nana, a competi\u00e7\u00e3o de futebol amador mais importante da Rom\u00e9nia.<\/li><li>Em 2017, o NetBet esteve com o explorador Daniel Cinghea, quando conquistou os picos mais impressionantes da Am\u00e9rica do Sul.<\/li><li>Em mar\u00e7o de 2018, a NetBet patrocinou a 3\u00aa edi\u00e7\u00e3o do DanceMasters que aconteceu em Bucareste.<\/li><li>Em maio de 2018, a NetBet patrocinou as corridas no Hip\u00f3dromo de Goodwood durante dois dias.<\/li><li>Em 5 de junho de 2018, a NetBet patrocinou quatro corridas no Hip\u00f3dromo de Fontwell Park.<\/li><li>Em 9 de junho de 2018, a NetBet patrocinou um evento de boxe sem luvas, BKB11, no The O2.<\/li><li>Em 21 de julho de 2018, a NetBet patrocinou outra luta pelo Bare Knuckle Boxing em Cwmbran.<\/li><li>Em 22 de agosto de 2018, a NetBet patrocinou a Ladies Night no Fontwell Park Racecourse.<\/li><li>Em 4 de setembro de 2018, a NetBet patrocinou mais um dia de corrida no Hip\u00f3dromo de Goodwood.<\/li><li>Em 17 de novembro de 2019, a NetBet patrocinou a maratona de Corsorul em 15 de novembro em Bra\u0219ov.<\/li><\/ul>\n\n\n\n<p>Finalmente, em 2020, a NetBet assinou contratos de patroc\u00ednio com duas equipes de rally inscritas no campeonato nacional de rally. As duas tripula\u00e7\u00f5es patrocinadas s\u00e3o compostas pelo piloto Dan G\u00eertofan e pelo navegador Tudor M\u00e2rza num Skoda R5, respectivamente pelo piloto R\u0103zvan Trisnevschi e pelo navegador Traian-Codrut Arsenescu.<\/p>\n\n\n\n<p>Campanhas publicit\u00e1rias para t\u00e1xis e \u00f4nibus<br>Em 2019, a NetBet lan\u00e7ou duas campanhas publicit\u00e1rias m\u00f3veis para \u00f4nibus e t\u00e1xis. A campanha customizou o logotipo da marca NetBet, \u00f4nibus e 750 carros Black Cab que rodaram pelas ruas de Londres.<\/p>\n\n\n\n<p>Embaixadores<br>Alexandre Ruiz \u00e9 um jornalista esportivo franc\u00eas que trabalha para beIn Sports. Ele \u00e9 embaixador da NetBet FR desde 2014.<\/p>\n\n\n\n<p>Daniel Bravo foi um futebolista franc\u00eas que jogou pelo Paris Saint-Germain, AS Monaco e Olympique de Marseille. Ele atuou como embaixador da NetBet FR durante o per\u00edodo 2012-2014.<\/p>\n\n\n\n<p>Dan Petrescu foi o primeiro embaixador da NetBet Rom\u00eania.<\/p>\n\n\n\n<p>Alguns produtos<br>Os principais produtos da NetBet incluem NetBet Casino, NetBet Live, NetBet Vegas, NetBet Loto e NetBet Poker. O cassino oferece mais de 1.500 ca\u00e7a-n\u00edqueis, jogos de cartas e jogos de mesa.<\/p>\n\n\n\n<p>O NetBet Sport oferece apostas esportivas online pr\u00e9-ao vivo e ao vivo. Al\u00e9m disso, os jogadores tamb\u00e9m t\u00eam a op\u00e7\u00e3o de fazer apostas em eSports para determinados mercados especiais que cobrem pol\u00edtica e pr\u00eamios de filmes e televis\u00e3o.<\/p>\n\n\n\n<p>Alguns dos jogos de slots mais populares s\u00e3o Starburst (NetEnt), Gonzo&#039;s Quest (NetEnt) e Quem Quer Ser Milion\u00e1rio (NYX) e assim por diante.<\/p>\n\n\n\n<p>Pr\u00eamios<br>Em 2015, o NetBet ganhou o pr\u00eamio de \u201cMelhor Site de Relacionamento com o Cliente\u201d na gala de premia\u00e7\u00e3o da revista Casino Life &amp; Business.<\/p>\n\n\n\n<p>Em 2016, nos Pr\u00e9mios da Confer\u00eancia de Jogos da Europa Central e Oriental (CEEGA), a NetBet ganhou o pr\u00e9mio de \u201cMelhor Operador de Apostas Desportivas Online\u201d e o seu fornecedor, SBTech, ganhou o pr\u00e9mio de \u201cMelhor Fornecedor de Apostas Desportivas\u201d.<\/p>\n\n\n\n<p>Em 2016, Blueclaw e GIMO foram nomeados para o UK Search Awards e Best Use of Search por seu trabalho no NetBet Multicultural Championships e na Premier League of Nations.<\/p>\n\n\n\n<p>Em 2017, o NetBet foi indicado para \u201cMelhor Programa de Afiliados N\u00e3o-Ingl\u00eas\u201d no iGB Affiliate Award.<\/p>\n\n\n\n<p>Em 2019, o NetBet foi indicado ao EGR Awards na categoria \u201cOperador de Atendimento ao Cliente\u201d.<\/p>\n\n\n\n<p>Em 2018 e 2019, a NetBet recebeu o trof\u00e9u de \u201cMelhor Plataforma de Cassino Online da Rom\u00eania\u201d na Gala do Casino Inside Awards.<\/p>\n\n\n\n<p>Jogo respons\u00e1vel<br>O NetBet trabalha em estreita colabora\u00e7\u00e3o com servi\u00e7os de aconselhamento sobre depend\u00eancia de jogos de azar e permite que os jogadores estabele\u00e7am limites para dep\u00f3sitos, saques e mensagens de aviso. O site tamb\u00e9m oferece vers\u00f5es demo dos jogos, que podem ser jogados sem apostar dinheiro real. \u00c9 proibido o registro de menores no site NetBet.<\/p>\n\n\n\n<p>O NetBet tamb\u00e9m implementou uma ferramenta de autoavalia\u00e7\u00e3o. Esta ferramenta \u00e9 composta por um conjunto de 15 quest\u00f5es que, com base nas respostas, permitem aos jogadores avaliar o seu n\u00edvel de risco. Com base nesse n\u00edvel de risco, s\u00e3o sugeridas a\u00e7\u00f5es como a imposi\u00e7\u00e3o de limites. Al\u00e9m disso, caso o resultado de uma pesquisa com o cliente apresente riscos de depend\u00eancia, um alerta \u00e9 enviado \u00e0 equipe de jogo respons\u00e1vel, que ir\u00e1 interagir com o cliente e passar a monitorar sua atividade.<\/p>\n\n\n\n<p><\/p>\n\n\n\n<p class=\"has-text-align-center unibet\" style=\"font-size:25px\"><mark style=\"background-color:rgba(0, 0, 0, 0);color:#0d7a12\" class=\"has-inline-color\"><strong><a href=\"https:\/\/parier-presidentielle.com\/pt\/recommends\/unibet\/\">B\u00f4nus de 150\u20ac oferecido com Unibet<br>Para sua primeira aposta pol\u00edtica ou esportiva: Clique aqui<\/a><\/strong><\/mark><\/p>\n\n\n\n<p><\/p>\n\n\n<div class=\"wp-block-image\">\n<figure class=\"aligncenter is-resized wp-duotone-000097-ff4747-1\"><img decoding=\"async\" loading=\"lazy\" src=\"https:\/\/parier-presidentielle.com\/wp-content\/uploads\/2021\/09\/election-standard-scale-4_00x-gigapixel-1024x623.jpg\" alt=\"Elei\u00e7\u00f5es 2022\" style=\"width:256px;height:156px\" width=\"256\" height=\"156\"\/><\/figure><\/div>\n\n\n<p><br><\/p>\n\n\n\n<p><strong>Parier-presidencial ajuda voc\u00ea a fazer sua escolha entre os diferentes<a href=\"https:\/\/parier-presidentielle.com\/pt\/\"> Casas de apostas Bwin, Unibet e Betclic apostar\u00e3o no futuro presidente americano em 2024<\/a> : <\/strong><br><a href=\"https:\/\/parier-presidentielle.com\/pt\/unibet-politica-eleicao-2022\/\">Casa de apostas presidencial Unibet<\/a> : Guia detalhado e gratuito para fazer sua primeira aposta online com todas as probabilidades e como aproveitar o b\u00f4nus oferecido!<\/p>\n\n\n\n<p>Bem como outros sites online de Paris: <a href=\"https:\/\/parier-presidentielle.com\/pt\/unibet-politica-eleicao-2022\/\">Bwin<\/a>, <a href=\"https:\/\/parier-presidentielle.com\/pt\/netbet-paris-politica-eleicao-2022\/\">NetBet<\/a>, <a href=\"https:\/\/parier-presidentielle.com\/pt\/betclic-presidencial-2022\/\">Betclic<\/a>, <a href=\"https:\/\/parier-presidentielle.com\/pt\/winamax-politica-eleicao-2022\/\">Winamax<\/a>, Parions Sport, Zebet,Betway, Fran\u00e7a-Pari,Vbet, Cloudbet, 1Xbit, 1xbet, Betfair, Betwinner\u2026<\/p>\n\n\n\n<div class=\"wp-block-columns is-layout-flex wp-container-6 wp-block-columns-is-layout-flex\">\n<div class=\"wp-block-column is-layout-flow wp-block-column-is-layout-flow\" style=\"flex-basis:33.33%\">\n<p>Voc\u00ea acabou de ler nosso arquivo:<\/p>\n<\/div>\n\n\n\n<div class=\"wp-block-column is-layout-flow wp-block-column-is-layout-flow\" style=\"flex-basis:33.33%\">\n<div class=\"wp-block-group is-layout-flow wp-block-group-is-layout-flow\"><div class=\"wp-block-group__inner-container\"><h4 class=\"has-text-align-center wp-block-post-title\"><span id=\"netbet-parier-sur-la-politique-et-l8217election-presidentielle-2022\"><a href=\"https:\/\/parier-presidentielle.com\/pt\/netbet-paris-politica-eleicao-2022\/\" target=\"_self\" >NetBet: Apostas na pol\u00edtica e nas elei\u00e7\u00f5es presidenciais de 2022<\/a><\/span><\/h4><\/div><\/div>\n<\/div>\n\n\n\n<div class=\"wp-block-column is-layout-flow wp-block-column-is-layout-flow\" style=\"flex-basis:33.33%\">\n<p class=\"has-text-align-right\">Continue lendo com nossos outros arquivos exclusivos,<\/p>\n<\/div>\n<\/div>\n\n\n\n<h3 class=\"wp-block-heading\" id=\"tous-les-pronostics-sondage-et-cotes-pour-parier-sur-le-futur-vainqueur-de-l-election-presidentielle-2022\"><span id=\"tous-les-pronostics-sondage-et-cotes-pour-parier-sur-le-futur-vainqueur-de-l8217election-presidentielle-2024\">Todas as previs\u00f5es, pesquisas e probabilidades para apostar no futuro vencedor das elei\u00e7\u00f5es presidenciais de 2024:<\/span><\/h3>\n\n\n\n<ul>\n<li><a href=\"https:\/\/parier-presidentielle.com\/pt\/eleicao-macron\/\">Aposte em Emmanuel Macron com Unibet, Betclic, Bwin<\/a> : O favorito em enquetes e previs\u00f5es <\/li>\n\n\n\n<li><a href=\"https:\/\/parier-presidentielle.com\/pt\/eleicao-de-marine-le-pen\/\">Marine Le Pen: Suas probabilidades e como apostar nas casas de apostas<\/a>: O desafiante de acordo com a Unibet<\/li>\n<\/ul>\n\n\n\n<p><\/p>\n\n\n\n<center><script type=\"text\/javascript\" charset=\"utf-8\" src=\"https:\/\/www.gambling-affiliation.com\/cpm\/v=AmIMTDSs92QY6b0MzDMvM5laCjJ-ZlA-1oQ-7tKsi.w_GA7331V2\"><\/script><\/center>\n\n\n\n<h3 class=\"wp-block-heading\"><span id=\"donald-trump-vs-joe-biden-la-video-qui-lance-les-paris-en-ligne-sur-l8217election-politique-de-2024\">Donald Trump vs Joe Biden: O v\u00eddeo que lan\u00e7a apostas online nas elei\u00e7\u00f5es pol\u00edticas de 2024<\/span><\/h3>\n\n\n\n<figure class=\"wp-block-embed is-type-video is-provider-youtube wp-block-embed-youtube wp-embed-aspect-16-9 wp-has-aspect-ratio\"><div class=\"wp-block-embed__wrapper\">\n<iframe loading=\"lazy\" title=\"Ex-presidente Donald Trump lan\u00e7a candidatura \u00e0 Casa Branca para 2024 #Short\" width=\"640\" height=\"360\" src=\"https:\/\/www.youtube.com\/embed\/hZykPRVe4Ag?feature=oembed\" frameborder=\"0\" allow=\"accelerometer; autoplay; clipboard-write; encrypted-media; gyroscope; picture-in-picture; web-share\" allowfullscreen><\/iframe>\n<\/div><\/figure>\n\n\n<div class=\"wp-block-image\">\n<figure class=\"aligncenter size-medium\"><a href=\"https:\/\/parier-presidentielle.com\/pt\/recommends\/unibet\/\" target=\"_blank\" rel=\"noopener\"><img decoding=\"async\" loading=\"lazy\" width=\"300\" height=\"169\" src=\"https:\/\/parier-presidentielle.com\/wp-content\/uploads\/2022\/04\/unibet-300x169.jpg\" alt=\"\" class=\"wp-image-1252\" srcset=\"https:\/\/parier-presidentielle.com\/wp-content\/uploads\/2022\/04\/unibet-300x169.jpg 300w, https:\/\/parier-presidentielle.com\/wp-content\/uploads\/2022\/04\/unibet-1024x576.jpg 1024w, https:\/\/parier-presidentielle.com\/wp-content\/uploads\/2022\/04\/unibet-768x432.jpg 768w, https:\/\/parier-presidentielle.com\/wp-content\/uploads\/2022\/04\/unibet-18x10.jpg 18w, https:\/\/parier-presidentielle.com\/wp-content\/uploads\/2022\/04\/unibet.jpg 1280w\" sizes=\"(max-width: 300px) 100vw, 300px\" \/><\/a><\/figure><\/div>\n\n\n<p>Encontre o Wiki, as not\u00edcias pol\u00edticas essenciais sobre a Cannabis e seus derivados legais: <strong>HHC, H4cbd, Thcp, Thcv, HSD, HHCPO, C4B<\/strong><\/p>\n\n\n\n<p><br><\/p>\n<div id=\"toc_container\" class=\"no_bullets\"><p class=\"toc_title\">Conte\u00fado<\/p><ul class=\"toc_list\"><li><\/li><li><ul><li><\/li><\/ul><\/li><li><\/li><li><ul><li><ul><li><\/li><\/ul><\/li><li><\/li><li><\/li><\/ul><\/li><\/ul><\/div>","protected":false},"excerpt":{"rendered":"<p>Qual \u00e9 a oferta da NetBet Bookmaker 2022? A Netbet oferece atualmente o melhor b\u00f3nus para apostas online: 100\u20ac! Para aceder a este b\u00f3nus basta aceder ao nosso link de parceiro: 100\u20ac oferecidos na sua primeira aposta! clique aqui NetBet NetBet \u00e9 uma operadora de jogos online de propriedade da NetBet Enterprises Ltd. A plataforma \u2026<\/p>","protected":false},"author":1,"featured_media":0,"parent":0,"menu_order":0,"comment_status":"closed","ping_status":"closed","template":"page-nosidebar.php","meta":{"footnotes":""},"yoast_head":"<!-- This site is optimized with the Yoast SEO Premium plugin v21.0 (Yoast SEO v21.0) - https:\/\/yoast.com\/wordpress\/plugins\/seo\/ -->\n<title>NetBet : Parier sur la politique et l&#039;\u00e9lection Pr\u00e9sidentielle 2022 - Finale Coupe du Monde FIFA<\/title>\n<meta name=\"description\" content=\"Parier avec Netbet 100\u20ac offert pour votre 1er Pari sur la Politique, le Sport! Guide du Bookmaker pour profiter du Bonus de bienvenue...\" \/>\n<meta name=\"robots\" content=\"index, follow, max-snippet:-1, max-image-preview:large, max-video-preview:-1\" \/>\n<link rel=\"canonical\" href=\"https:\/\/parier-presidentielle.com\/pt\/netbet-paris-politica-eleicao-2022\/\" \/>\n<meta property=\"og:locale\" content=\"pt_PT\" \/>\n<meta property=\"og:type\" content=\"article\" \/>\n<meta property=\"og:title\" content=\"NetBet : Parier sur la politique et l&#039;\u00e9lection Pr\u00e9sidentielle 2022\" \/>\n<meta property=\"og:description\" content=\"Parier avec Netbet 100\u20ac offert pour votre 1er Pari sur la Politique, le Sport! Guide du Bookmaker pour profiter du Bonus de bienvenue...\" \/>\n<meta property=\"og:url\" content=\"https:\/\/parier-presidentielle.com\/pt\/netbet-paris-politica-eleicao-2022\/\" \/>\n<meta property=\"og:site_name\" content=\"Parier Pr\u00e9sidentielle\" \/>\n<meta property=\"article:modified_time\" content=\"2022-04-14T13:41:15+00:00\" \/>\n<meta property=\"og:image\" content=\"https:\/\/banners.livepartners.com\/view.php?z=151480\" \/>\n<meta name=\"twitter:card\" content=\"summary_large_image\" \/>\n<meta name=\"twitter:label1\" content=\"Est. reading time\" \/>\n\t<meta name=\"twitter:data1\" content=\"7 minutos\" \/>\n<script type=\"application\/ld+json\" class=\"yoast-schema-graph\">{\"@context\":\"https:\/\/schema.org\",\"@graph\":[{\"@type\":\"WebPage\",\"@id\":\"https:\/\/parier-presidentielle.com\/netbet-paris-politique-election-2022\/\",\"url\":\"https:\/\/parier-presidentielle.com\/netbet-paris-politique-election-2022\/\",\"name\":\"NetBet : Parier sur la politique et l'\u00e9lection Pr\u00e9sidentielle 2022 - Finale Coupe du Monde FIFA\",\"isPartOf\":{\"@id\":\"https:\/\/parier-presidentielle.com\/#website\"},\"datePublished\":\"2021-09-14T14:48:34+00:00\",\"dateModified\":\"2022-04-14T13:41:15+00:00\",\"description\":\"Parier avec Netbet 100\u20ac offert pour votre 1er Pari sur la Politique, le Sport! Guide du Bookmaker pour profiter du Bonus de bienvenue...\",\"breadcrumb\":{\"@id\":\"https:\/\/parier-presidentielle.com\/netbet-paris-politique-election-2022\/#breadcrumb\"},\"inLanguage\":\"pt-PT\",\"potentialAction\":[{\"@type\":\"ReadAction\",\"target\":[\"https:\/\/parier-presidentielle.com\/netbet-paris-politique-election-2022\/\"]}]},{\"@type\":\"BreadcrumbList\",\"@id\":\"https:\/\/parier-presidentielle.com\/netbet-paris-politique-election-2022\/#breadcrumb\",\"itemListElement\":[{\"@type\":\"ListItem\",\"position\":1,\"name\":\"Accueil\",\"item\":\"https:\/\/parier-presidentielle.com\/\"},{\"@type\":\"ListItem\",\"position\":2,\"name\":\"NetBet : Parier sur la politique et l&#8217;\u00e9lection Pr\u00e9sidentielle 2022\"}]},{\"@type\":\"WebSite\",\"@id\":\"https:\/\/parier-presidentielle.com\/#website\",\"url\":\"https:\/\/parier-presidentielle.com\/\",\"name\":\"Parier Pr\u00e9sidentielle\",\"description\":\"Paris, Pronostics, Wiki sur la Politique, les Elections Am\u00e9ricaines: Joe Biden, Donald Trump avec les Bookmakers en ligne Unibet, Bwin, Betclic, Winamax\",\"potentialAction\":[{\"@type\":\"SearchAction\",\"target\":{\"@type\":\"EntryPoint\",\"urlTemplate\":\"https:\/\/parier-presidentielle.com\/?s={search_term_string}\"},\"query-input\":\"required name=search_term_string\"}],\"inLanguage\":\"pt-PT\"}]}<\/script>\n<!-- \/ Yoast SEO Premium plugin. -->","yoast_head_json":{"title":"NetBet : Parier sur la politique et l'\u00e9lection Pr\u00e9sidentielle 2022 - Finale Coupe du Monde FIFA","description":"Parier avec Netbet 100\u20ac offert pour votre 1er Pari sur la Politique, le Sport! Guide du Bookmaker pour profiter du Bonus de bienvenue...","robots":{"index":"index","follow":"follow","max-snippet":"max-snippet:-1","max-image-preview":"max-image-preview:large","max-video-preview":"max-video-preview:-1"},"canonical":"https:\/\/parier-presidentielle.com\/pt\/netbet-paris-politica-eleicao-2022\/","og_locale":"pt_PT","og_type":"article","og_title":"NetBet : Parier sur la politique et l'\u00e9lection Pr\u00e9sidentielle 2022","og_description":"Parier avec Netbet 100\u20ac offert pour votre 1er Pari sur la Politique, le Sport! Guide du Bookmaker pour profiter du Bonus de bienvenue...","og_url":"https:\/\/parier-presidentielle.com\/pt\/netbet-paris-politica-eleicao-2022\/","og_site_name":"Parier Pr\u00e9sidentielle","article_modified_time":"2022-04-14T13:41:15+00:00","og_image":[{"url":"https:\/\/banners.livepartners.com\/view.php?z=151480"}],"twitter_card":"summary_large_image","twitter_misc":{"Est. reading time":"7 minutos"},"schema":{"@context":"https:\/\/schema.org","@graph":[{"@type":"WebPage","@id":"https:\/\/parier-presidentielle.com\/netbet-paris-politique-election-2022\/","url":"https:\/\/parier-presidentielle.com\/netbet-paris-politique-election-2022\/","name":"NetBet : Parier sur la politique et l'\u00e9lection Pr\u00e9sidentielle 2022 - Finale Coupe du Monde FIFA","isPartOf":{"@id":"https:\/\/parier-presidentielle.com\/#website"},"datePublished":"2021-09-14T14:48:34+00:00","dateModified":"2022-04-14T13:41:15+00:00","description":"Parier avec Netbet 100\u20ac offert pour votre 1er Pari sur la Politique, le Sport! Guide du Bookmaker pour profiter du Bonus de bienvenue...","breadcrumb":{"@id":"https:\/\/parier-presidentielle.com\/netbet-paris-politique-election-2022\/#breadcrumb"},"inLanguage":"pt-PT","potentialAction":[{"@type":"ReadAction","target":["https:\/\/parier-presidentielle.com\/netbet-paris-politique-election-2022\/"]}]},{"@type":"BreadcrumbList","@id":"https:\/\/parier-presidentielle.com\/netbet-paris-politique-election-2022\/#breadcrumb","itemListElement":[{"@type":"ListItem","position":1,"name":"Accueil","item":"https:\/\/parier-presidentielle.com\/"},{"@type":"ListItem","position":2,"name":"NetBet : Parier sur la politique et l&#8217;\u00e9lection Pr\u00e9sidentielle 2022"}]},{"@type":"WebSite","@id":"https:\/\/parier-presidentielle.com\/#website","url":"https:\/\/parier-presidentielle.com\/","name":"Parier Pr\u00e9sidentielle","description":"Paris, Pronostics, Wiki sur la Politique, les Elections Am\u00e9ricaines: Joe Biden, Donald Trump avec les Bookmakers en ligne Unibet, Bwin, Betclic, Winamax","potentialAction":[{"@type":"SearchAction","target":{"@type":"EntryPoint","urlTemplate":"https:\/\/parier-presidentielle.com\/?s={search_term_string}"},"query-input":"required name=search_term_string"}],"inLanguage":"pt-PT"}]}},"_links":{"self":[{"href":"https:\/\/parier-presidentielle.com\/pt\/wp-json\/wp\/v2\/pages\/255"}],"collection":[{"href":"https:\/\/parier-presidentielle.com\/pt\/wp-json\/wp\/v2\/pages"}],"about":[{"href":"https:\/\/parier-presidentielle.com\/pt\/wp-json\/wp\/v2\/types\/page"}],"author":[{"embeddable":true,"href":"https:\/\/parier-presidentielle.com\/pt\/wp-json\/wp\/v2\/users\/1"}],"replies":[{"embeddable":true,"href":"https:\/\/parier-presidentielle.com\/pt\/wp-json\/wp\/v2\/comments?post=255"}],"version-history":[{"count":26,"href":"https:\/\/parier-presidentielle.com\/pt\/wp-json\/wp\/v2\/pages\/255\/revisions"}],"predecessor-version":[{"id":1412,"href":"https:\/\/parier-presidentielle.com\/pt\/wp-json\/wp\/v2\/pages\/255\/revisions\/1412"}],"wp:attachment":[{"href":"https:\/\/parier-presidentielle.com\/pt\/wp-json\/wp\/v2\/media?parent=255"}],"curies":[{"name":"wp","href":"https:\/\/api.w.org\/{rel}","templated":true}]}}