{"id":257,"date":"2021-09-14T16:52:08","date_gmt":"2021-09-14T14:52:08","guid":{"rendered":"https:\/\/parier-presidentielle.com\/?page_id=257"},"modified":"2022-04-24T11:53:58","modified_gmt":"2022-04-24T09:53:58","slug":"winamax-politique-election-2022","status":"publish","type":"page","link":"https:\/\/parier-presidentielle.com\/pt\/winamax-politica-eleicao-2022\/","title":{"rendered":"Winamax: Aposte na pol\u00edtica e nas elei\u00e7\u00f5es presidenciais de 2022"},"content":{"rendered":"<div class=\"wp-block-columns is-layout-flex wp-container-4 wp-block-columns-is-layout-flex\">\n<div class=\"wp-block-column is-layout-flow wp-block-column-is-layout-flow\" style=\"flex-basis:100%\">\n<div class=\"wp-block-columns is-layout-flex wp-container-2 wp-block-columns-is-layout-flex\">\n<div class=\"wp-block-column is-layout-flow wp-block-column-is-layout-flow\" style=\"flex-basis:100%\">\n<center><script type=\"text\/javascript\" charset=\"utf-8\" src=\"https:\/\/www.gambling-affiliation.com\/cpm\/v=AmIMTDSs92QY6b0MzDMvM5laCjJ-ZlA-1oQ-7tKsi.w_GA7331V2\"><\/script><\/center>\n\n\n\n<p><\/p>\n\n\n\n<div class=\"wp-block-image is-style-default\"><figure class=\"aligncenter size-medium\"><a href=\"https:\/\/parier-presidentielle.com\/pt\/recommends\/unibet-logo\/\" target=\"_blank\" rel=\"no follow noopener\"><img decoding=\"async\" loading=\"lazy\" width=\"300\" height=\"169\" src=\"https:\/\/parier-presidentielle.com\/wp-content\/uploads\/2022\/04\/unibet-300x169.jpg\" alt=\"\" class=\"wp-image-1252\" srcset=\"https:\/\/parier-presidentielle.com\/wp-content\/uploads\/2022\/04\/unibet-300x169.jpg 300w, https:\/\/parier-presidentielle.com\/wp-content\/uploads\/2022\/04\/unibet-1024x576.jpg 1024w, https:\/\/parier-presidentielle.com\/wp-content\/uploads\/2022\/04\/unibet-768x432.jpg 768w, https:\/\/parier-presidentielle.com\/wp-content\/uploads\/2022\/04\/unibet-18x10.jpg 18w, https:\/\/parier-presidentielle.com\/wp-content\/uploads\/2022\/04\/unibet.jpg 1280w\" sizes=\"(max-width: 300px) 100vw, 300px\" \/><\/a><\/figure><\/div>\n<\/div>\n<\/div>\n<\/div>\n<\/div>\n\n\n\n<h2 class=\"wp-block-heading\"><span id=\"pour-le-moment-winamax-ne-propose-pas-de-paris-sur-l8217election\">No momento o Winamax n\u00e3o oferece apostas nas elei\u00e7\u00f5es! <\/span><\/h2>\n\n\n\n<p class=\"has-text-align-center\">Quer apostar no futuro presidente da Fran\u00e7a? Se a Winamax n\u00e3o oferece apostas sobre pol\u00edtica e elei\u00e7\u00f5es presidenciais, a sua especialidade \u00e9 o poker, mas \u00e9 poss\u00edvel apostar nas 2 casas de apostas l\u00edderes de mercado em Fran\u00e7a: <a href=\"https:\/\/parier-presidentielle.com\/pt\/bwin-politica-eleicao-2022\/\">Unibet <\/a>E <a href=\"https:\/\/parier-presidentielle.com\/pt\/unibet-politica-eleicao-2022\/\">Bwin<\/a><\/p>\n\n\n\n<h2 class=\"wp-block-heading\"><span id=\"winamax-en-bref\">Winamax em resumo<\/span><\/h2>\n\n\n\n<p><a href=\"https:\/\/parier-presidentielle.com\/pt\/winamax-politica-eleicao-2022\/\">Winamax<\/a>.com LTD foi fundada em 1999. Inicialmente desenvolveu e distribuiu um jogo de gerenciamento de futebol. Em 2000, investidores privados investiram, entre outros. O empres\u00e1rio franco-su\u00ed\u00e7o Robert Louis-Dreyfus investiu dois milh\u00f5es de d\u00f3lares americanos na empresa para promover o seu desenvolvimento internacional. Dreyfus assumiu a propriedade da empresa com Alexandre Roos e Christophe Schaming em 2004, que a partir de ent\u00e3o se concentrou na oferta de apostas desportivas em Fran\u00e7a, Alemanha e Inglaterra. Winamax tamb\u00e9m oferece p\u00f4quer online desde maio de 2006. Schaming \u00e9 o \u00fanico propriet\u00e1rio desde junho de 2018.<\/p>\n\n\n\n<div class=\"wp-block-image\"><figure class=\"aligncenter size-full is-resized\"><img decoding=\"async\" loading=\"lazy\" src=\"https:\/\/parier-presidentielle.com\/wp-content\/uploads\/2022\/03\/winamax-election-presidentielle.jpg\" alt=\"\" class=\"wp-image-1010\" width=\"600\" height=\"300\" srcset=\"https:\/\/parier-presidentielle.com\/wp-content\/uploads\/2022\/03\/winamax-election-presidentielle.jpg 800w, https:\/\/parier-presidentielle.com\/wp-content\/uploads\/2022\/03\/winamax-election-presidentielle-300x150.jpg 300w, https:\/\/parier-presidentielle.com\/wp-content\/uploads\/2022\/03\/winamax-election-presidentielle-768x384.jpg 768w\" sizes=\"(max-width: 600px) 100vw, 600px\" \/><\/figure><\/div>\n\n\n\n<p>Winamax \u00e9 a primeira plataforma de p\u00f4quer online na Fran\u00e7a. Em 2016 a empresa alcan\u00e7ou um volume de neg\u00f3cios anual superior a 135 milh\u00f5es de euros, em 2018 o volume de neg\u00f3cios foi superior a 200 milh\u00f5es de euros. No entanto, n\u00e3o oferece apostas na pol\u00edtica ou nas elei\u00e7\u00f5es francesas de 2022.<\/p>\n\n\n\n<h2 class=\"wp-block-heading\"><span id=\"winamax-en-chiffre\">Winamax em n\u00fameros<\/span><\/h2>\n\n\n\n<h3 class=\"wp-block-heading\"><span id=\"poker-et-paris-sportifs\">P\u00f3quer e apostas desportivas<\/span><\/h3>\n\n\n\n<p>Com uma quota de mercado de 63,7%, Winamax \u00e9 o site de poker l\u00edder em Fran\u00e7a. Em julho de 2018, a empresa entrou no mercado espanhol e est\u00e1 em expans\u00e3o no mercado espanhol. Dispon\u00edvel para PC, Mac e celular, o aplicativo Winamax \u00e9 o primeiro do mundo em sua \u00e1rea: atualizado regularmente e o melhor aplicativo do mercado desde 2010. Em 2014, por ocasi\u00e3o da Copa do Mundo de Futebol, o Winamax abriu seu site de apostas esportivas e conseguiu assim marcar a diferen\u00e7a num campo competitivo, nomeadamente gra\u00e7as ao tom humor\u00edstico exc\u00eantrico e \u00e0s melhores probabilidades*.<\/p>\n\n\n\n<h3 class=\"wp-block-heading\"><span id=\"la-plus-grande-communaute-de-jeu-d8217europe\">A maior comunidade de jogos da Europa<\/span><\/h3>\n\n\n\n<p>O Esp\u00edrito do Winamax \u00e9 o esp\u00edrito de uma grande comunidade de mais de 5,9 milh\u00f5es de jogadores em Fran\u00e7a e Espanha, e desde 2006 encontra transmiss\u00f5es semanais nos f\u00f3runs Wam-Poker, nas redes sociais e na Winamax TV (rede de televis\u00e3o da marca que oferece mais de 40 horas). Presente no Twitter, Facebook, Instagram e YouTube, a Winamax conta com centenas de milhares de assinantes, com os quais a empresa interage diariamente e entrega novos conte\u00fados bem-humorados, educativos e provocativos, bastando <a href=\"https:\/\/parier-presidentielle.com\/pt\/\">apostando em pol\u00edtica<\/a> para ser perfeito!<\/p>\n\n\n\n<h3 class=\"wp-block-heading\"><span id=\"securite\">Seguran\u00e7a<\/span><\/h3>\n\n\n\n<p>Primeiro operador aprovado pela Autoridade Reguladora do Jogo Online (ARJEL, que desde ent\u00e3o se tornou Autoridade Nacional do Jogo) em Junho de 2010, a Winamax garante aos seus jogadores a m\u00e1xima seguran\u00e7a, desde os fundos depositados na conta at\u00e9 \u00e0 protec\u00e7\u00e3o contra fraudes e integridade da passagem do cart\u00e3o.<\/p>\n\n\n\n<p class=\"has-text-align-center unibet\" style=\"font-size:25px\"><mark style=\"background-color:rgba(0, 0, 0, 0);color:#0d7a12\" class=\"has-inline-color\"><strong><a href=\"https:\/\/parier-presidentielle.com\/pt\/recommends\/unibet\/\">B\u00f4nus de 150\u20ac oferecido com Unibet<br>Para sua primeira aposta pol\u00edtica ou esportiva: Clique aqui<\/a><\/strong><\/mark><\/p>\n\n\n\n<p><\/p>\n\n\n<div class=\"wp-block-image\">\n<figure class=\"aligncenter is-resized wp-duotone-000097-ff4747-5\"><img decoding=\"async\" loading=\"lazy\" src=\"https:\/\/parier-presidentielle.com\/wp-content\/uploads\/2021\/09\/election-standard-scale-4_00x-gigapixel-1024x623.jpg\" alt=\"Elei\u00e7\u00f5es 2022\" style=\"width:256px;height:156px\" width=\"256\" height=\"156\"\/><\/figure><\/div>\n\n\n<p><br><\/p>\n\n\n\n<p><strong>Parier-presidencial ajuda voc\u00ea a fazer sua escolha entre os diferentes<a href=\"https:\/\/parier-presidentielle.com\/pt\/\"> Casas de apostas Bwin, Unibet e Betclic apostar\u00e3o no futuro presidente americano em 2024<\/a> : <\/strong><br><a href=\"https:\/\/parier-presidentielle.com\/pt\/unibet-politica-eleicao-2022\/\">Casa de apostas presidencial Unibet<\/a> : Guia detalhado e gratuito para fazer sua primeira aposta online com todas as probabilidades e como aproveitar o b\u00f4nus oferecido!<\/p>\n\n\n\n<p>Bem como outros sites online de Paris: <a href=\"https:\/\/parier-presidentielle.com\/pt\/unibet-politica-eleicao-2022\/\">Bwin<\/a>, <a href=\"https:\/\/parier-presidentielle.com\/pt\/netbet-paris-politica-eleicao-2022\/\">NetBet<\/a>, <a href=\"https:\/\/parier-presidentielle.com\/pt\/betclic-presidencial-2022\/\">Betclic<\/a>, <a href=\"https:\/\/parier-presidentielle.com\/pt\/winamax-politica-eleicao-2022\/\">Winamax<\/a>, Parions Sport, Zebet,Betway, Fran\u00e7a-Pari,Vbet, Cloudbet, 1Xbit, 1xbet, Betfair, Betwinner\u2026<\/p>\n\n\n\n<div class=\"wp-block-columns is-layout-flex wp-container-10 wp-block-columns-is-layout-flex\">\n<div class=\"wp-block-column is-layout-flow wp-block-column-is-layout-flow\" style=\"flex-basis:33.33%\">\n<p>Voc\u00ea acabou de ler nosso arquivo:<\/p>\n<\/div>\n\n\n\n<div class=\"wp-block-column is-layout-flow wp-block-column-is-layout-flow\" style=\"flex-basis:33.33%\">\n<div class=\"wp-block-group is-layout-flow wp-block-group-is-layout-flow\"><div class=\"wp-block-group__inner-container\"><h4 class=\"has-text-align-center wp-block-post-title\"><span id=\"winamax-parier-sur-la-politique-et-l8217election-presidentielle-2022\"><a href=\"https:\/\/parier-presidentielle.com\/pt\/winamax-politica-eleicao-2022\/\" target=\"_self\" >Winamax: Aposte na pol\u00edtica e nas elei\u00e7\u00f5es presidenciais de 2022<\/a><\/span><\/h4><\/div><\/div>\n<\/div>\n\n\n\n<div class=\"wp-block-column is-layout-flow wp-block-column-is-layout-flow\" style=\"flex-basis:33.33%\">\n<p class=\"has-text-align-right\">Continue lendo com nossos outros arquivos exclusivos,<\/p>\n<\/div>\n<\/div>\n\n\n\n<h3 class=\"wp-block-heading\" id=\"tous-les-pronostics-sondage-et-cotes-pour-parier-sur-le-futur-vainqueur-de-l-election-presidentielle-2022\"><span id=\"tous-les-pronostics-sondage-et-cotes-pour-parier-sur-le-futur-vainqueur-de-l8217election-presidentielle-2024\">Todas as previs\u00f5es, pesquisas e probabilidades para apostar no futuro vencedor das elei\u00e7\u00f5es presidenciais de 2024:<\/span><\/h3>\n\n\n\n<ul>\n<li><a href=\"https:\/\/parier-presidentielle.com\/pt\/eleicao-macron\/\">Aposte em Emmanuel Macron com Unibet, Betclic, Bwin<\/a> : O favorito em enquetes e previs\u00f5es <\/li>\n\n\n\n<li><a href=\"https:\/\/parier-presidentielle.com\/pt\/eleicao-de-marine-le-pen\/\">Marine Le Pen: Suas probabilidades e como apostar nas casas de apostas<\/a>: O desafiante de acordo com a Unibet<\/li>\n<\/ul>\n\n\n\n<p><\/p>\n\n\n\n<center><script type=\"text\/javascript\" charset=\"utf-8\" src=\"https:\/\/www.gambling-affiliation.com\/cpm\/v=AmIMTDSs92QY6b0MzDMvM5laCjJ-ZlA-1oQ-7tKsi.w_GA7331V2\"><\/script><\/center>\n\n\n\n<h3 class=\"wp-block-heading\"><span id=\"donald-trump-vs-joe-biden-la-video-qui-lance-les-paris-en-ligne-sur-l8217election-politique-de-2024\">Donald Trump vs Joe Biden: O v\u00eddeo que lan\u00e7a apostas online nas elei\u00e7\u00f5es pol\u00edticas de 2024<\/span><\/h3>\n\n\n\n<figure class=\"wp-block-embed is-type-video is-provider-youtube wp-block-embed-youtube wp-embed-aspect-16-9 wp-has-aspect-ratio\"><div class=\"wp-block-embed__wrapper\">\n<iframe loading=\"lazy\" title=\"Ex-presidente Donald Trump lan\u00e7a candidatura \u00e0 Casa Branca para 2024 #Short\" width=\"640\" height=\"360\" src=\"https:\/\/www.youtube.com\/embed\/hZykPRVe4Ag?feature=oembed\" frameborder=\"0\" allow=\"accelerometer; autoplay; clipboard-write; encrypted-media; gyroscope; picture-in-picture; web-share\" allowfullscreen><\/iframe>\n<\/div><\/figure>\n\n\n<div class=\"wp-block-image\">\n<figure class=\"aligncenter size-medium\"><a href=\"https:\/\/parier-presidentielle.com\/pt\/recommends\/unibet\/\" target=\"_blank\" rel=\"noopener\"><img decoding=\"async\" loading=\"lazy\" width=\"300\" height=\"169\" src=\"https:\/\/parier-presidentielle.com\/wp-content\/uploads\/2022\/04\/unibet-300x169.jpg\" alt=\"\" class=\"wp-image-1252\" srcset=\"https:\/\/parier-presidentielle.com\/wp-content\/uploads\/2022\/04\/unibet-300x169.jpg 300w, https:\/\/parier-presidentielle.com\/wp-content\/uploads\/2022\/04\/unibet-1024x576.jpg 1024w, https:\/\/parier-presidentielle.com\/wp-content\/uploads\/2022\/04\/unibet-768x432.jpg 768w, https:\/\/parier-presidentielle.com\/wp-content\/uploads\/2022\/04\/unibet-18x10.jpg 18w, https:\/\/parier-presidentielle.com\/wp-content\/uploads\/2022\/04\/unibet.jpg 1280w\" sizes=\"(max-width: 300px) 100vw, 300px\" \/><\/a><\/figure><\/div>\n\n\n<p>Encontre o Wiki, as not\u00edcias pol\u00edticas essenciais sobre a Cannabis e seus derivados legais: <strong>HHC, H4cbd, Thcp, Thcv, HSD, HHCPO, C4B<\/strong><\/p>\n<div id=\"toc_container\" class=\"no_bullets\"><p class=\"toc_title\">Conte\u00fado<\/p><ul class=\"toc_list\"><li><\/li><li><\/li><li><ul><li><\/li><li><\/li><li><ul><li><\/li><\/ul><\/li><li><\/li><li><\/li><\/ul><\/li><\/ul><\/div>","protected":false},"excerpt":{"rendered":"<p>Pour le moment Winamax ne propose pas de paris sur l&#8217;\u00e9lection! Vous voulez pariez sur le futur pr\u00e9sident de la France? Si Winamax ne propose de paris sur la politique et la pr\u00e9sidentielle sa sp\u00e9cialit\u00e9 c&#8217;est le poker mais il est possible de parier avec les 2 bookmakers leader du march\u00e9 en France : Unibet &#8230;<\/p>","protected":false},"author":1,"featured_media":0,"parent":0,"menu_order":0,"comment_status":"closed","ping_status":"closed","template":"page-nosidebar.php","meta":{"footnotes":""},"yoast_head":"<!-- This site is optimized with the Yoast SEO Premium plugin v21.0 (Yoast SEO v21.0) - https:\/\/yoast.com\/wordpress\/plugins\/seo\/ -->\n<title>Winamax : Parier sur la politique et l&#039;\u00e9lection Pr\u00e9sidentielle 2022 - Finale Coupe du Monde FIFA<\/title>\n<meta name=\"description\" content=\"Parier avec Winamax 100\u20ac offert pour votre 1er Pari sur la Politique, le Sport! Guide du Bookmaker pour profiter du Bonus de bienvenue...\" \/>\n<meta name=\"robots\" content=\"index, follow, max-snippet:-1, max-image-preview:large, max-video-preview:-1\" \/>\n<link rel=\"canonical\" href=\"https:\/\/parier-presidentielle.com\/pt\/winamax-politica-eleicao-2022\/\" \/>\n<meta property=\"og:locale\" content=\"pt_PT\" \/>\n<meta property=\"og:type\" content=\"article\" \/>\n<meta property=\"og:title\" content=\"Winamax : Parier sur la politique et l&#039;\u00e9lection Pr\u00e9sidentielle 2022\" \/>\n<meta property=\"og:description\" content=\"Parier avec Winamax 100\u20ac offert pour votre 1er Pari sur la Politique, le Sport! Guide du Bookmaker pour profiter du Bonus de bienvenue...\" \/>\n<meta property=\"og:url\" content=\"https:\/\/parier-presidentielle.com\/pt\/winamax-politica-eleicao-2022\/\" \/>\n<meta property=\"og:site_name\" content=\"Parier Pr\u00e9sidentielle\" \/>\n<meta property=\"article:modified_time\" content=\"2022-04-24T09:53:58+00:00\" \/>\n<meta property=\"og:image\" content=\"https:\/\/parier-presidentielle.com\/wp-content\/uploads\/2022\/03\/winamax-election-presidentielle.jpg\" \/>\n<meta name=\"twitter:card\" content=\"summary_large_image\" \/>\n<meta name=\"twitter:label1\" content=\"Est. reading time\" \/>\n\t<meta name=\"twitter:data1\" content=\"3 minutos\" \/>\n<script type=\"application\/ld+json\" class=\"yoast-schema-graph\">{\"@context\":\"https:\/\/schema.org\",\"@graph\":[{\"@type\":\"WebPage\",\"@id\":\"https:\/\/parier-presidentielle.com\/winamax-politique-election-2022\/\",\"url\":\"https:\/\/parier-presidentielle.com\/winamax-politique-election-2022\/\",\"name\":\"Winamax : Parier sur la politique et l'\u00e9lection Pr\u00e9sidentielle 2022 - Finale Coupe du Monde FIFA\",\"isPartOf\":{\"@id\":\"https:\/\/parier-presidentielle.com\/#website\"},\"datePublished\":\"2021-09-14T14:52:08+00:00\",\"dateModified\":\"2022-04-24T09:53:58+00:00\",\"description\":\"Parier avec Winamax 100\u20ac offert pour votre 1er Pari sur la Politique, le Sport! Guide du Bookmaker pour profiter du Bonus de bienvenue...\",\"breadcrumb\":{\"@id\":\"https:\/\/parier-presidentielle.com\/winamax-politique-election-2022\/#breadcrumb\"},\"inLanguage\":\"pt-PT\",\"potentialAction\":[{\"@type\":\"ReadAction\",\"target\":[\"https:\/\/parier-presidentielle.com\/winamax-politique-election-2022\/\"]}]},{\"@type\":\"BreadcrumbList\",\"@id\":\"https:\/\/parier-presidentielle.com\/winamax-politique-election-2022\/#breadcrumb\",\"itemListElement\":[{\"@type\":\"ListItem\",\"position\":1,\"name\":\"Accueil\",\"item\":\"https:\/\/parier-presidentielle.com\/\"},{\"@type\":\"ListItem\",\"position\":2,\"name\":\"Winamax : Parier sur la politique et l&#8217;\u00e9lection Pr\u00e9sidentielle 2022\"}]},{\"@type\":\"WebSite\",\"@id\":\"https:\/\/parier-presidentielle.com\/#website\",\"url\":\"https:\/\/parier-presidentielle.com\/\",\"name\":\"Parier Pr\u00e9sidentielle\",\"description\":\"Paris, Pronostics, Wiki sur la Politique, les Elections Am\u00e9ricaines: Joe Biden, Donald Trump avec les Bookmakers en ligne Unibet, Bwin, Betclic, Winamax\",\"potentialAction\":[{\"@type\":\"SearchAction\",\"target\":{\"@type\":\"EntryPoint\",\"urlTemplate\":\"https:\/\/parier-presidentielle.com\/?s={search_term_string}\"},\"query-input\":\"required name=search_term_string\"}],\"inLanguage\":\"pt-PT\"}]}<\/script>\n<!-- \/ Yoast SEO Premium plugin. -->","yoast_head_json":{"title":"Winamax : Parier sur la politique et l'\u00e9lection Pr\u00e9sidentielle 2022 - Finale Coupe du Monde FIFA","description":"Parier avec Winamax 100\u20ac offert pour votre 1er Pari sur la Politique, le Sport! Guide du Bookmaker pour profiter du Bonus de bienvenue...","robots":{"index":"index","follow":"follow","max-snippet":"max-snippet:-1","max-image-preview":"max-image-preview:large","max-video-preview":"max-video-preview:-1"},"canonical":"https:\/\/parier-presidentielle.com\/pt\/winamax-politica-eleicao-2022\/","og_locale":"pt_PT","og_type":"article","og_title":"Winamax : Parier sur la politique et l'\u00e9lection Pr\u00e9sidentielle 2022","og_description":"Parier avec Winamax 100\u20ac offert pour votre 1er Pari sur la Politique, le Sport! Guide du Bookmaker pour profiter du Bonus de bienvenue...","og_url":"https:\/\/parier-presidentielle.com\/pt\/winamax-politica-eleicao-2022\/","og_site_name":"Parier Pr\u00e9sidentielle","article_modified_time":"2022-04-24T09:53:58+00:00","og_image":[{"url":"https:\/\/parier-presidentielle.com\/wp-content\/uploads\/2022\/03\/winamax-election-presidentielle.jpg"}],"twitter_card":"summary_large_image","twitter_misc":{"Est. reading time":"3 minutos"},"schema":{"@context":"https:\/\/schema.org","@graph":[{"@type":"WebPage","@id":"https:\/\/parier-presidentielle.com\/winamax-politique-election-2022\/","url":"https:\/\/parier-presidentielle.com\/winamax-politique-election-2022\/","name":"Winamax : Parier sur la politique et l'\u00e9lection Pr\u00e9sidentielle 2022 - Finale Coupe du Monde FIFA","isPartOf":{"@id":"https:\/\/parier-presidentielle.com\/#website"},"datePublished":"2021-09-14T14:52:08+00:00","dateModified":"2022-04-24T09:53:58+00:00","description":"Parier avec Winamax 100\u20ac offert pour votre 1er Pari sur la Politique, le Sport! Guide du Bookmaker pour profiter du Bonus de bienvenue...","breadcrumb":{"@id":"https:\/\/parier-presidentielle.com\/winamax-politique-election-2022\/#breadcrumb"},"inLanguage":"pt-PT","potentialAction":[{"@type":"ReadAction","target":["https:\/\/parier-presidentielle.com\/winamax-politique-election-2022\/"]}]},{"@type":"BreadcrumbList","@id":"https:\/\/parier-presidentielle.com\/winamax-politique-election-2022\/#breadcrumb","itemListElement":[{"@type":"ListItem","position":1,"name":"Accueil","item":"https:\/\/parier-presidentielle.com\/"},{"@type":"ListItem","position":2,"name":"Winamax : Parier sur la politique et l&#8217;\u00e9lection Pr\u00e9sidentielle 2022"}]},{"@type":"WebSite","@id":"https:\/\/parier-presidentielle.com\/#website","url":"https:\/\/parier-presidentielle.com\/","name":"Parier Pr\u00e9sidentielle","description":"Paris, Pronostics, Wiki sur la Politique, les Elections Am\u00e9ricaines: Joe Biden, Donald Trump avec les Bookmakers en ligne Unibet, Bwin, Betclic, Winamax","potentialAction":[{"@type":"SearchAction","target":{"@type":"EntryPoint","urlTemplate":"https:\/\/parier-presidentielle.com\/?s={search_term_string}"},"query-input":"required name=search_term_string"}],"inLanguage":"pt-PT"}]}},"_links":{"self":[{"href":"https:\/\/parier-presidentielle.com\/pt\/wp-json\/wp\/v2\/pages\/257"}],"collection":[{"href":"https:\/\/parier-presidentielle.com\/pt\/wp-json\/wp\/v2\/pages"}],"about":[{"href":"https:\/\/parier-presidentielle.com\/pt\/wp-json\/wp\/v2\/types\/page"}],"author":[{"embeddable":true,"href":"https:\/\/parier-presidentielle.com\/pt\/wp-json\/wp\/v2\/users\/1"}],"replies":[{"embeddable":true,"href":"https:\/\/parier-presidentielle.com\/pt\/wp-json\/wp\/v2\/comments?post=257"}],"version-history":[{"count":8,"href":"https:\/\/parier-presidentielle.com\/pt\/wp-json\/wp\/v2\/pages\/257\/revisions"}],"predecessor-version":[{"id":1630,"href":"https:\/\/parier-presidentielle.com\/pt\/wp-json\/wp\/v2\/pages\/257\/revisions\/1630"}],"wp:attachment":[{"href":"https:\/\/parier-presidentielle.com\/pt\/wp-json\/wp\/v2\/media?parent=257"}],"curies":[{"name":"wp","href":"https:\/\/api.w.org\/{rel}","templated":true}]}}