{"id":269,"date":"2021-09-14T17:14:49","date_gmt":"2021-09-14T15:14:49","guid":{"rendered":"https:\/\/parier-presidentielle.com\/?page_id=269"},"modified":"2022-04-22T01:06:24","modified_gmt":"2022-04-21T23:06:24","slug":"bookmaker-election-politique-2022","status":"publish","type":"page","link":"https:\/\/parier-presidentielle.com\/pt\/casa-de-apostas-politica-eleitoral-2022\/","title":{"rendered":"Casa de apostas: Qual o melhor lugar para apostar na pol\u00edtica e nas elei\u00e7\u00f5es presidenciais de 2022?"},"content":{"rendered":"<div class=\"wp-block-columns is-layout-flex wp-container-4 wp-block-columns-is-layout-flex\">\n<div class=\"wp-block-column is-layout-flow wp-block-column-is-layout-flow\" style=\"flex-basis:100%\">\n<div class=\"wp-block-columns is-layout-flex wp-container-2 wp-block-columns-is-layout-flex\">\n<div class=\"wp-block-column is-layout-flow wp-block-column-is-layout-flow\" style=\"flex-basis:100%\">\n<center><script type=\"text\/javascript\" charset=\"utf-8\" src=\"https:\/\/www.gambling-affiliation.com\/cpm\/v=AmIMTDSs92QY6b0MzDMvM5laCjJ-ZlA-1oQ-7tKsi.w_GA7331V2\"><\/script><\/center>\n\n\n\n<p><\/p>\n\n\n\n<div class=\"wp-block-image is-style-default\"><figure class=\"aligncenter size-medium\"><a href=\"https:\/\/parier-presidentielle.com\/pt\/recommends\/unibet-logo\/\" target=\"_blank\" rel=\"no follow noopener\"><img decoding=\"async\" loading=\"lazy\" width=\"300\" height=\"169\" src=\"https:\/\/parier-presidentielle.com\/wp-content\/uploads\/2022\/04\/unibet-300x169.jpg\" alt=\"\" class=\"wp-image-1252\" srcset=\"https:\/\/parier-presidentielle.com\/wp-content\/uploads\/2022\/04\/unibet-300x169.jpg 300w, https:\/\/parier-presidentielle.com\/wp-content\/uploads\/2022\/04\/unibet-1024x576.jpg 1024w, https:\/\/parier-presidentielle.com\/wp-content\/uploads\/2022\/04\/unibet-768x432.jpg 768w, https:\/\/parier-presidentielle.com\/wp-content\/uploads\/2022\/04\/unibet-18x10.jpg 18w, https:\/\/parier-presidentielle.com\/wp-content\/uploads\/2022\/04\/unibet.jpg 1280w\" sizes=\"(max-width: 300px) 100vw, 300px\" \/><\/a><\/figure><\/div>\n<\/div>\n<\/div>\n<\/div>\n<\/div>\n\n\n\n<h2 class=\"wp-block-heading\"><span id=\"les-bookmakers-unibet-bwin-betclic-le-top-3\">Casas de apostas Unibet, Bwin, Betclic entre as 3 primeiras!<\/span><\/h2>\n\n\n\n<p>Para apostar no vencedor de <a href=\"https:\/\/parier-presidentielle.com\/pt\/\">Elei\u00e7\u00f5es de 2022<\/a>, depois de ter testado dezenas de casas de apostas verifica-se que Betclic, Unibet, Bwin s\u00e3o as melhores encontre o nosso ficheiro exclusivo para fazer as suas primeiras apostas em pol\u00edtica tamb\u00e9m pelo seu Computador, Telefone ou mesmo aplica\u00e7\u00f5es:<\/p>\n\n\n\n<p><a href=\"https:\/\/parier-presidentielle.com\/pt\/unibet-politica-eleicao-2022\/\">Unibet: As melhores probabilidades para as elei\u00e7\u00f5es presidenciais<\/a><br><a href=\"https:\/\/parier-presidentielle.com\/pt\/bwin-politica-eleicao-2022\/\">Bwin: A novidade nas elei\u00e7\u00f5es de 2022<\/a><br><a href=\"https:\/\/parier-presidentielle.com\/pt\/betclic-presidencial-2022\/\">Betclic: A casa de apostas de futebol<\/a><\/p>\n\n\n\n<div class=\"wp-block-image is-style-default wp-duotone-000097-ff4747-5\"><figure class=\"aligncenter size-full is-resized\"><img decoding=\"async\" loading=\"lazy\" src=\"https:\/\/parier-presidentielle.com\/wp-content\/uploads\/2021\/09\/depositphotos_172634272-stock-illustration-bookmakers-men-with-money.jpg\" alt=\"Casas de apostas e pol\u00edtica\" class=\"wp-image-279\" width=\"450\" height=\"314\" srcset=\"https:\/\/parier-presidentielle.com\/wp-content\/uploads\/2021\/09\/depositphotos_172634272-stock-illustration-bookmakers-men-with-money.jpg 600w, https:\/\/parier-presidentielle.com\/wp-content\/uploads\/2021\/09\/depositphotos_172634272-stock-illustration-bookmakers-men-with-money-300x210.jpg 300w\" sizes=\"(max-width: 450px) 100vw, 450px\" \/><\/figure><\/div>\n\n\n\n<p>Apostar em pol\u00edtica com casas de apostas <a href=\"https:\/\/parier-presidentielle.com\/pt\/betclic-presidencial-2022\/\">Betclic<\/a>, <a href=\"https:\/\/parier-presidentielle.com\/pt\/unibet-politica-eleicao-2022\/\">Unibet<\/a>, <a href=\"https:\/\/parier-presidentielle.com\/pt\/bwin-politica-eleicao-2022\/\">Bwin<\/a>, <a href=\"https:\/\/parier-presidentielle.com\/pt\/winamax-politica-eleicao-2022\/\">Winamax<\/a>\u2026s\u00e3o um assunto emocionante e apaixonante! Porque os debates pol\u00edticos em Fran\u00e7a est\u00e3o diariamente nos meios de comunica\u00e7\u00e3o social e intensificam-se \u00e0 medida que as elei\u00e7\u00f5es se aproximam.<\/p>\n\n\n\n<p>As apostas nos resultados das elei\u00e7\u00f5es pol\u00edticas est\u00e3o atualmente dispon\u00edveis na Unibet e podem ser abertas v\u00e1rios anos antes da data das elei\u00e7\u00f5es. Na verdade, voc\u00ea j\u00e1 pode apostar nas elei\u00e7\u00f5es presidenciais americanas de 2024.<\/p>\n\n\n\n<p>Cada elei\u00e7\u00e3o tem as suas pr\u00f3prias regras e os apostadores devem ser capazes de julgar o que ir\u00e1 influenciar o resultado de cada evento, que \u00e9 relativamente \u00fanico.<\/p>\n\n\n\n<h3 class=\"wp-block-heading\"><span id=\"facteurs-qui-influencent-un-pari-politique\">Fatores que influenciam uma aposta pol\u00edtica<\/span><\/h3>\n\n\n\n<p>Existem v\u00e1rios fatores que podem influenciar o resultado. Pode ser um esc\u00e2ndalo, um boato do campo advers\u00e1rio, uma not\u00edcia atual, uma frase chocante, a qualidade do l\u00edder, as promessas de campanha, o partido que o apoia, a forma como a m\u00eddia apresenta o candidato, a for\u00e7a da convic\u00e7\u00e3o durante os debates.<\/p>\n\n\n\n<p><\/p>\n\n\n\n<h2 class=\"wp-block-heading\"><span id=\"presentation-de-l8217activite-de-bookmaker\">Apresenta\u00e7\u00e3o da atividade de Casa de Apostas <\/span><\/h2>\n\n\n\n<p>Uma Casa de Apostas \u00e9 uma empresa cuja actividade consiste na aceita\u00e7\u00e3o de apostas em v\u00e1rios eventos futuros (na maioria das vezes desportivos) com probabilidades pr\u00e9-acordadas, que s\u00e3o determinadas pelas probabilidades, bem como no pagamento de ganhos. As casas de apostas Bwin, Unibet\u2026 aceitam apostas em corridas de cavalos e corridas, nos resultados de diversos eventos desportivos, pol\u00edticos, culturais, financeiros, meteorol\u00f3gicos e outros. \u00c9 importante para uma casa de apostas ser capaz de prever bem (de forma independente ou com base noutras previs\u00f5es) as probabilidades esperadas de eventos em que as apostas s\u00e3o aceites e a popularidade futura de v\u00e1rias apostas entre potenciais clientes.<\/p>\n\n\n\n<h2 class=\"wp-block-heading\"><span id=\"histoire-des-bookmakers\">Hist\u00f3ria das casas de apostas<\/span><\/h2>\n\n\n\n<p>O antecessor da casa de apostas foi o sorteio, em que primeiro se somavam as apostas de diferentes jogadores no mesmo evento, e depois o valor total, exceto uma determinada percentagem organizacional, era dividido entre aqueles que adivinhavam o bom resultado. Para os sorteios, ao contr\u00e1rio das apostas, nenhuma previs\u00e3o foi exigida dos organizadores. Tradicionalmente, desde tempos imemoriais, o local onde se faziam as apostas desportivas era o aut\u00f3dromo. Este tem sido o caso desde os tempos do Imp\u00e9rio Romano. Depois de um tempo, a briga de galos foi adicionada \u00e0s pistas de corrida \u2013 entretenimento para a plebe. Mas foi apenas no s\u00e9culo XIX que uma variedade de desportos se tornou objecto de apostas. A pr\u00e1tica mostrou rapidamente que voc\u00ea pode apostar em qualquer coisa que corra, salte, suba e voe. O principal \u00e9 que esse esporte tem muitos adeptos. A profiss\u00e3o de apostador nasceu como alternativa aos sorteios. Ao contr\u00e1rio dos sorteios, a cria\u00e7\u00e3o de apostas n\u00e3o exigia ampla organiza\u00e7\u00e3o de coleta de apostas em um \u00fanico caixa, portanto, era relativamente f\u00e1cil de ser realizada mesmo durante o per\u00edodo de proibi\u00e7\u00e3o de sorteios e persegui\u00e7\u00e3o a tais eventos. Isto aconteceu na Gr\u00e3-Bretanha, que ainda ocupa o primeiro lugar no mundo, tanto em n\u00famero de <a href=\"https:\/\/parier-presidentielle.com\/pt\/casa-de-apostas-politica-eleitoral-2022\/\">casas de apostas <\/a>e em n\u00famero de apostadores.<\/p>\n\n\n\n<p><\/p>\n\n\n\n<h3 class=\"has-text-align-center wp-block-heading\"><span id=\"dossier-special-bookmaker-unibet-bwin-mondial-quatar\"><br>Reportagem Especial Casa de Apostas Unibet Bwin e Mondial Quatar <\/span><\/h3>\n\n\n\n<p>Fa\u00e7a a sua primeira aposta online em Pol\u00edtica e todos os desportos gra\u00e7as aos nossos ficheiros nos diferentes sites: Betclic, Winamax, Unibet, Betclic: <\/p>\n\n\n\n<p>Com a ajuda de casas de apostas online como Bwin, Unibet e Betclic, voc\u00ea pode acessar uma variedade de mercados de apostas para o torneio, dando-lhe a chance de ganhar muito. Concluindo, a sele\u00e7\u00e3o francesa pode ser uma das equipes a serem observadas durante o Mundial de 2022 X\u00edcara. Com a ajuda de casas de apostas online como Bwin, Unibet e Betclic, poder\u00e1 recolher informa\u00e7\u00f5es sobre Portugal e fazer apostas informadas sobre o seu desempenho neste torneio. Ent\u00e3o porque n\u00e3o aproveitar a oportunidade de beneficiar potencialmente do sucesso da Fran\u00e7a em 2022?<\/p>\n\n\n\n<p><\/p>\n\n\n\n<p class=\"has-text-align-center unibet\" style=\"font-size:25px\"><mark style=\"background-color:rgba(0, 0, 0, 0);color:#0d7a12\" class=\"has-inline-color\"><strong><a href=\"https:\/\/parier-presidentielle.com\/pt\/recommends\/unibet\/\">B\u00f4nus de 150\u20ac oferecido com Unibet<br>Para sua primeira aposta pol\u00edtica ou esportiva: Clique aqui<\/a><\/strong><\/mark><\/p>\n\n\n\n<p><\/p>\n\n\n<div class=\"wp-block-image\">\n<figure class=\"aligncenter is-resized wp-duotone-000097-ff4747-6\"><img decoding=\"async\" loading=\"lazy\" src=\"https:\/\/parier-presidentielle.com\/wp-content\/uploads\/2021\/09\/election-standard-scale-4_00x-gigapixel-1024x623.jpg\" alt=\"Elei\u00e7\u00f5es 2022\" style=\"width:256px;height:156px\" width=\"256\" height=\"156\"\/><\/figure><\/div>\n\n\n<p><br><\/p>\n\n\n\n<p><strong>Parier-presidencial ajuda voc\u00ea a fazer sua escolha entre os diferentes<a href=\"https:\/\/parier-presidentielle.com\/pt\/\"> Casas de apostas Bwin, Unibet e Betclic apostar\u00e3o no futuro presidente americano em 2024<\/a> : <\/strong><br><a href=\"https:\/\/parier-presidentielle.com\/pt\/unibet-politica-eleicao-2022\/\">Casa de apostas presidencial Unibet<\/a> : Guia detalhado e gratuito para fazer sua primeira aposta online com todas as probabilidades e como aproveitar o b\u00f4nus oferecido!<\/p>\n\n\n\n<p>Bem como outros sites online de Paris: <a href=\"https:\/\/parier-presidentielle.com\/pt\/unibet-politica-eleicao-2022\/\">Bwin<\/a>, <a href=\"https:\/\/parier-presidentielle.com\/pt\/netbet-paris-politica-eleicao-2022\/\">NetBet<\/a>, <a href=\"https:\/\/parier-presidentielle.com\/pt\/betclic-presidencial-2022\/\">Betclic<\/a>, <a href=\"https:\/\/parier-presidentielle.com\/pt\/winamax-politica-eleicao-2022\/\">Winamax<\/a>, Parions Sport, Zebet,Betway, Fran\u00e7a-Pari,Vbet, Cloudbet, 1Xbit, 1xbet, Betfair, Betwinner\u2026<\/p>\n\n\n\n<div class=\"wp-block-columns is-layout-flex wp-container-11 wp-block-columns-is-layout-flex\">\n<div class=\"wp-block-column is-layout-flow wp-block-column-is-layout-flow\" style=\"flex-basis:33.33%\">\n<p>Voc\u00ea acabou de ler nosso arquivo:<\/p>\n<\/div>\n\n\n\n<div class=\"wp-block-column is-layout-flow wp-block-column-is-layout-flow\" style=\"flex-basis:33.33%\">\n<div class=\"wp-block-group is-layout-flow wp-block-group-is-layout-flow\"><div class=\"wp-block-group__inner-container\"><h4 class=\"has-text-align-center wp-block-post-title\"><span id=\"bookmaker-quelle-est-le-meilleur-pour-parier-sur-la-politique-et-l8217election-presidentielle-de-2022\"><a href=\"https:\/\/parier-presidentielle.com\/pt\/casa-de-apostas-politica-eleitoral-2022\/\" target=\"_self\" >Casa de apostas: Qual o melhor lugar para apostar na pol\u00edtica e nas elei\u00e7\u00f5es presidenciais de 2022?<\/a><\/span><\/h4><\/div><\/div>\n<\/div>\n\n\n\n<div class=\"wp-block-column is-layout-flow wp-block-column-is-layout-flow\" style=\"flex-basis:33.33%\">\n<p class=\"has-text-align-right\">Continue lendo com nossos outros arquivos exclusivos,<\/p>\n<\/div>\n<\/div>\n\n\n\n<h3 class=\"wp-block-heading\" id=\"tous-les-pronostics-sondage-et-cotes-pour-parier-sur-le-futur-vainqueur-de-l-election-presidentielle-2022\"><span id=\"tous-les-pronostics-sondage-et-cotes-pour-parier-sur-le-futur-vainqueur-de-l8217election-presidentielle-2024\">Todas as previs\u00f5es, pesquisas e probabilidades para apostar no futuro vencedor das elei\u00e7\u00f5es presidenciais de 2024:<\/span><\/h3>\n\n\n\n<ul>\n<li><a href=\"https:\/\/parier-presidentielle.com\/pt\/eleicao-macron\/\">Aposte em Emmanuel Macron com Unibet, Betclic, Bwin<\/a> : O favorito em enquetes e previs\u00f5es <\/li>\n\n\n\n<li><a href=\"https:\/\/parier-presidentielle.com\/pt\/eleicao-de-marine-le-pen\/\">Marine Le Pen: Suas probabilidades e como apostar nas casas de apostas<\/a>: O desafiante de acordo com a Unibet<\/li>\n<\/ul>\n\n\n\n<p><\/p>\n\n\n\n<center><script type=\"text\/javascript\" charset=\"utf-8\" src=\"https:\/\/www.gambling-affiliation.com\/cpm\/v=AmIMTDSs92QY6b0MzDMvM5laCjJ-ZlA-1oQ-7tKsi.w_GA7331V2\"><\/script><\/center>\n\n\n\n<h3 class=\"wp-block-heading\"><span id=\"donald-trump-vs-joe-biden-la-video-qui-lance-les-paris-en-ligne-sur-l8217election-politique-de-2024\">Donald Trump vs Joe Biden: O v\u00eddeo que lan\u00e7a apostas online nas elei\u00e7\u00f5es pol\u00edticas de 2024<\/span><\/h3>\n\n\n\n<figure class=\"wp-block-embed is-type-video is-provider-youtube wp-block-embed-youtube wp-embed-aspect-16-9 wp-has-aspect-ratio\"><div class=\"wp-block-embed__wrapper\">\n<iframe loading=\"lazy\" title=\"Ex-presidente Donald Trump lan\u00e7a candidatura \u00e0 Casa Branca para 2024 #Short\" width=\"640\" height=\"360\" src=\"https:\/\/www.youtube.com\/embed\/hZykPRVe4Ag?feature=oembed\" frameborder=\"0\" allow=\"accelerometer; autoplay; clipboard-write; encrypted-media; gyroscope; picture-in-picture; web-share\" allowfullscreen><\/iframe>\n<\/div><\/figure>\n\n\n<div class=\"wp-block-image\">\n<figure class=\"aligncenter size-medium\"><a href=\"https:\/\/parier-presidentielle.com\/pt\/recommends\/unibet\/\" target=\"_blank\" rel=\"noopener\"><img decoding=\"async\" loading=\"lazy\" width=\"300\" height=\"169\" src=\"https:\/\/parier-presidentielle.com\/wp-content\/uploads\/2022\/04\/unibet-300x169.jpg\" alt=\"\" class=\"wp-image-1252\" srcset=\"https:\/\/parier-presidentielle.com\/wp-content\/uploads\/2022\/04\/unibet-300x169.jpg 300w, https:\/\/parier-presidentielle.com\/wp-content\/uploads\/2022\/04\/unibet-1024x576.jpg 1024w, https:\/\/parier-presidentielle.com\/wp-content\/uploads\/2022\/04\/unibet-768x432.jpg 768w, https:\/\/parier-presidentielle.com\/wp-content\/uploads\/2022\/04\/unibet-18x10.jpg 18w, https:\/\/parier-presidentielle.com\/wp-content\/uploads\/2022\/04\/unibet.jpg 1280w\" sizes=\"(max-width: 300px) 100vw, 300px\" \/><\/a><\/figure><\/div>\n\n\n<p>Encontre o Wiki, as not\u00edcias pol\u00edticas essenciais sobre a Cannabis e seus derivados legais: <strong>HHC, H4cbd, Thcp, Thcv, HSD, HHCPO, C4B<\/strong><\/p>\n<div id=\"toc_container\" class=\"no_bullets\"><p class=\"toc_title\">Conte\u00fado<\/p><ul class=\"toc_list\"><li><ul><li><\/li><\/ul><\/li><li><\/li><li><ul><li><ul><li><\/li><\/ul><\/li><li><\/li><li><\/li><\/ul><\/li><\/ul><\/div>","protected":false},"excerpt":{"rendered":"<p>Les Bookmakers Unibet, Bwin, Betclic le top 3! Pour parier sur le vainqueur des \u00e9lections 2022, apr\u00e8s avoir test\u00e9 des dizaines de bookmaker il appara\u00eet que Betclic, Unibet, Bwin sont les meilleurs retrouvez nos dossier exclusif pour r\u00e9aliser votre premier paris sur la politique aussi bien par votre Ordinateur, T\u00e9l\u00e9phone ou m\u00eame les applications : &#8230;<\/p>","protected":false},"author":1,"featured_media":0,"parent":0,"menu_order":0,"comment_status":"closed","ping_status":"closed","template":"page-nosidebar.php","meta":{"footnotes":""},"yoast_head":"<!-- This site is optimized with the Yoast SEO Premium plugin v21.0 (Yoast SEO v21.0) - https:\/\/yoast.com\/wordpress\/plugins\/seo\/ -->\n<title>Bookmaker : Quelle est le meilleur pour parier sur la politique et l&#039;\u00e9lection pr\u00e9sidentielle de 2022? - Finale Coupe du Monde FIFA<\/title>\n<meta name=\"description\" content=\"Comparatif des bookmakers : Unibet, Bwin, Betclic! Qui propose les meilleurs cotes, bonus, pour la Politique et tous les sports?\" \/>\n<meta name=\"robots\" content=\"index, follow, max-snippet:-1, max-image-preview:large, max-video-preview:-1\" \/>\n<link rel=\"canonical\" href=\"https:\/\/parier-presidentielle.com\/pt\/casa-de-apostas-politica-eleitoral-2022\/\" \/>\n<meta property=\"og:locale\" content=\"pt_PT\" \/>\n<meta property=\"og:type\" content=\"article\" \/>\n<meta property=\"og:title\" content=\"Bookmaker : Quelle est le meilleur pour parier sur la politique et l&#039;\u00e9lection pr\u00e9sidentielle de 2022?\" \/>\n<meta property=\"og:description\" content=\"Comparatif des bookmakers : Unibet, Bwin, Betclic! Qui propose les meilleurs cotes, bonus, pour la Politique et tous les sports?\" \/>\n<meta property=\"og:url\" content=\"https:\/\/parier-presidentielle.com\/pt\/casa-de-apostas-politica-eleitoral-2022\/\" \/>\n<meta property=\"og:site_name\" content=\"Parier Pr\u00e9sidentielle\" \/>\n<meta property=\"article:modified_time\" content=\"2022-04-21T23:06:24+00:00\" \/>\n<meta property=\"og:image\" content=\"https:\/\/parier-presidentielle.com\/wp-content\/uploads\/2021\/09\/depositphotos_172634272-stock-illustration-bookmakers-men-with-money.jpg\" \/>\n<meta name=\"twitter:card\" content=\"summary_large_image\" \/>\n<meta name=\"twitter:label1\" content=\"Est. reading time\" \/>\n\t<meta name=\"twitter:data1\" content=\"4 minutos\" \/>\n<script type=\"application\/ld+json\" class=\"yoast-schema-graph\">{\"@context\":\"https:\/\/schema.org\",\"@graph\":[{\"@type\":\"WebPage\",\"@id\":\"https:\/\/parier-presidentielle.com\/bookmaker-election-politique-2022\/\",\"url\":\"https:\/\/parier-presidentielle.com\/bookmaker-election-politique-2022\/\",\"name\":\"Bookmaker : Quelle est le meilleur pour parier sur la politique et l'\u00e9lection pr\u00e9sidentielle de 2022? - Finale Coupe du Monde FIFA\",\"isPartOf\":{\"@id\":\"https:\/\/parier-presidentielle.com\/#website\"},\"datePublished\":\"2021-09-14T15:14:49+00:00\",\"dateModified\":\"2022-04-21T23:06:24+00:00\",\"description\":\"Comparatif des bookmakers : Unibet, Bwin, Betclic! Qui propose les meilleurs cotes, bonus, pour la Politique et tous les sports?\",\"breadcrumb\":{\"@id\":\"https:\/\/parier-presidentielle.com\/bookmaker-election-politique-2022\/#breadcrumb\"},\"inLanguage\":\"pt-PT\",\"potentialAction\":[{\"@type\":\"ReadAction\",\"target\":[\"https:\/\/parier-presidentielle.com\/bookmaker-election-politique-2022\/\"]}]},{\"@type\":\"BreadcrumbList\",\"@id\":\"https:\/\/parier-presidentielle.com\/bookmaker-election-politique-2022\/#breadcrumb\",\"itemListElement\":[{\"@type\":\"ListItem\",\"position\":1,\"name\":\"Accueil\",\"item\":\"https:\/\/parier-presidentielle.com\/\"},{\"@type\":\"ListItem\",\"position\":2,\"name\":\"Bookmaker : Quelle est le meilleur pour parier sur la politique et l&#8217;\u00e9lection pr\u00e9sidentielle de 2022?\"}]},{\"@type\":\"WebSite\",\"@id\":\"https:\/\/parier-presidentielle.com\/#website\",\"url\":\"https:\/\/parier-presidentielle.com\/\",\"name\":\"Parier Pr\u00e9sidentielle\",\"description\":\"Paris, Pronostics, Wiki sur la Politique, les Elections Am\u00e9ricaines: Joe Biden, Donald Trump avec les Bookmakers en ligne Unibet, Bwin, Betclic, Winamax\",\"potentialAction\":[{\"@type\":\"SearchAction\",\"target\":{\"@type\":\"EntryPoint\",\"urlTemplate\":\"https:\/\/parier-presidentielle.com\/?s={search_term_string}\"},\"query-input\":\"required name=search_term_string\"}],\"inLanguage\":\"pt-PT\"}]}<\/script>\n<!-- \/ Yoast SEO Premium plugin. -->","yoast_head_json":{"title":"Bookmaker : Quelle est le meilleur pour parier sur la politique et l'\u00e9lection pr\u00e9sidentielle de 2022? - Finale Coupe du Monde FIFA","description":"Comparatif des bookmakers : Unibet, Bwin, Betclic! Qui propose les meilleurs cotes, bonus, pour la Politique et tous les sports?","robots":{"index":"index","follow":"follow","max-snippet":"max-snippet:-1","max-image-preview":"max-image-preview:large","max-video-preview":"max-video-preview:-1"},"canonical":"https:\/\/parier-presidentielle.com\/pt\/casa-de-apostas-politica-eleitoral-2022\/","og_locale":"pt_PT","og_type":"article","og_title":"Bookmaker : Quelle est le meilleur pour parier sur la politique et l'\u00e9lection pr\u00e9sidentielle de 2022?","og_description":"Comparatif des bookmakers : Unibet, Bwin, Betclic! Qui propose les meilleurs cotes, bonus, pour la Politique et tous les sports?","og_url":"https:\/\/parier-presidentielle.com\/pt\/casa-de-apostas-politica-eleitoral-2022\/","og_site_name":"Parier Pr\u00e9sidentielle","article_modified_time":"2022-04-21T23:06:24+00:00","og_image":[{"url":"https:\/\/parier-presidentielle.com\/wp-content\/uploads\/2021\/09\/depositphotos_172634272-stock-illustration-bookmakers-men-with-money.jpg"}],"twitter_card":"summary_large_image","twitter_misc":{"Est. reading time":"4 minutos"},"schema":{"@context":"https:\/\/schema.org","@graph":[{"@type":"WebPage","@id":"https:\/\/parier-presidentielle.com\/bookmaker-election-politique-2022\/","url":"https:\/\/parier-presidentielle.com\/bookmaker-election-politique-2022\/","name":"Bookmaker : Quelle est le meilleur pour parier sur la politique et l'\u00e9lection pr\u00e9sidentielle de 2022? - Finale Coupe du Monde FIFA","isPartOf":{"@id":"https:\/\/parier-presidentielle.com\/#website"},"datePublished":"2021-09-14T15:14:49+00:00","dateModified":"2022-04-21T23:06:24+00:00","description":"Comparatif des bookmakers : Unibet, Bwin, Betclic! Qui propose les meilleurs cotes, bonus, pour la Politique et tous les sports?","breadcrumb":{"@id":"https:\/\/parier-presidentielle.com\/bookmaker-election-politique-2022\/#breadcrumb"},"inLanguage":"pt-PT","potentialAction":[{"@type":"ReadAction","target":["https:\/\/parier-presidentielle.com\/bookmaker-election-politique-2022\/"]}]},{"@type":"BreadcrumbList","@id":"https:\/\/parier-presidentielle.com\/bookmaker-election-politique-2022\/#breadcrumb","itemListElement":[{"@type":"ListItem","position":1,"name":"Accueil","item":"https:\/\/parier-presidentielle.com\/"},{"@type":"ListItem","position":2,"name":"Bookmaker : Quelle est le meilleur pour parier sur la politique et l&#8217;\u00e9lection pr\u00e9sidentielle de 2022?"}]},{"@type":"WebSite","@id":"https:\/\/parier-presidentielle.com\/#website","url":"https:\/\/parier-presidentielle.com\/","name":"Parier Pr\u00e9sidentielle","description":"Paris, Pronostics, Wiki sur la Politique, les Elections Am\u00e9ricaines: Joe Biden, Donald Trump avec les Bookmakers en ligne Unibet, Bwin, Betclic, Winamax","potentialAction":[{"@type":"SearchAction","target":{"@type":"EntryPoint","urlTemplate":"https:\/\/parier-presidentielle.com\/?s={search_term_string}"},"query-input":"required name=search_term_string"}],"inLanguage":"pt-PT"}]}},"_links":{"self":[{"href":"https:\/\/parier-presidentielle.com\/pt\/wp-json\/wp\/v2\/pages\/269"}],"collection":[{"href":"https:\/\/parier-presidentielle.com\/pt\/wp-json\/wp\/v2\/pages"}],"about":[{"href":"https:\/\/parier-presidentielle.com\/pt\/wp-json\/wp\/v2\/types\/page"}],"author":[{"embeddable":true,"href":"https:\/\/parier-presidentielle.com\/pt\/wp-json\/wp\/v2\/users\/1"}],"replies":[{"embeddable":true,"href":"https:\/\/parier-presidentielle.com\/pt\/wp-json\/wp\/v2\/comments?post=269"}],"version-history":[{"count":10,"href":"https:\/\/parier-presidentielle.com\/pt\/wp-json\/wp\/v2\/pages\/269\/revisions"}],"predecessor-version":[{"id":1551,"href":"https:\/\/parier-presidentielle.com\/pt\/wp-json\/wp\/v2\/pages\/269\/revisions\/1551"}],"wp:attachment":[{"href":"https:\/\/parier-presidentielle.com\/pt\/wp-json\/wp\/v2\/media?parent=269"}],"curies":[{"name":"wp","href":"https:\/\/api.w.org\/{rel}","templated":true}]}}