{"id":41,"date":"2021-09-06T23:23:21","date_gmt":"2021-09-06T21:23:21","guid":{"rendered":"https:\/\/parier-presidentielle.com\/?page_id=41"},"modified":"2022-04-24T08:46:18","modified_gmt":"2022-04-24T06:46:18","slug":"marine-le-pen-election","status":"publish","type":"page","link":"https:\/\/parier-presidentielle.com\/pt\/eleicao-de-marine-le-pen\/","title":{"rendered":"Aposte na elei\u00e7\u00e3o de Marine Le Pen"},"content":{"rendered":"<div class=\"wp-block-columns is-layout-flex wp-container-4 wp-block-columns-is-layout-flex\">\n<div class=\"wp-block-column is-layout-flow wp-block-column-is-layout-flow\" style=\"flex-basis:100%\">\n<div class=\"wp-block-columns is-layout-flex wp-container-2 wp-block-columns-is-layout-flex\">\n<div class=\"wp-block-column is-layout-flow wp-block-column-is-layout-flow\" style=\"flex-basis:100%\">\n<center><script type=\"text\/javascript\" charset=\"utf-8\" src=\"https:\/\/www.gambling-affiliation.com\/cpm\/v=AmIMTDSs92QY6b0MzDMvM5laCjJ-ZlA-1oQ-7tKsi.w_GA7331V2\"><\/script><\/center>\n\n\n\n<p><\/p>\n\n\n\n<div class=\"wp-block-image is-style-default\"><figure class=\"aligncenter size-medium\"><a href=\"https:\/\/parier-presidentielle.com\/pt\/recommends\/unibet-logo\/\" target=\"_blank\" rel=\"no follow noopener\"><img decoding=\"async\" loading=\"lazy\" width=\"300\" height=\"169\" src=\"https:\/\/parier-presidentielle.com\/wp-content\/uploads\/2022\/04\/unibet-300x169.jpg\" alt=\"\" class=\"wp-image-1252\" srcset=\"https:\/\/parier-presidentielle.com\/wp-content\/uploads\/2022\/04\/unibet-300x169.jpg 300w, https:\/\/parier-presidentielle.com\/wp-content\/uploads\/2022\/04\/unibet-1024x576.jpg 1024w, https:\/\/parier-presidentielle.com\/wp-content\/uploads\/2022\/04\/unibet-768x432.jpg 768w, https:\/\/parier-presidentielle.com\/wp-content\/uploads\/2022\/04\/unibet-18x10.jpg 18w, https:\/\/parier-presidentielle.com\/wp-content\/uploads\/2022\/04\/unibet.jpg 1280w\" sizes=\"(max-width: 300px) 100vw, 300px\" \/><\/a><\/figure><\/div>\n<\/div>\n<\/div>\n<\/div>\n<\/div>\n\n\n\n<h2 class=\"wp-block-heading\"><span id=\"cote-et-pronostics-pour-le-candidat-marine-le-penparis-en-ligne-sur-la-politique-et-le-futur-president-de-la-france-de-2022\">Probabilidades e previs\u00f5es para a candidata Marine Le Pen:<br>Apostas online sobre pol\u00edtica e o futuro presidente da Fran\u00e7a em 2022<br><\/span><\/h2>\n\n\n\n<h3 class=\"wp-block-heading\" id=\"comment-realiser-son-1-pari-avec-bwin-c\"><span id=\"comment-realiser-son-1er-pari-sur-marine-le-pen-avec-unibet\">Como fazer a sua primeira aposta em Marine Le Pen com a Unibet?<\/span><\/h3>\n\n\n\n<p id=\"comment-realiser-son-1-pari-avec-bwin-c\">Assim como voc\u00ea pode apostar na vit\u00f3ria do seu time de futebol preferido, \u00e9 poss\u00edvel apostar no vencedor da corrida ao Eliseu, \u00e9 r\u00e1pido e f\u00e1cil!<\/p>\n\n\n\n<ol><li>Escolha o Candidato em que deseja apostar:<br> no nosso exemplo \u00e9 Marine Le Pen!<br><\/li><li>Indique o valor que deseja apostar:<br>100\u20ac na nossa simula\u00e7\u00e3o<br><\/li><li>E agora, acabou!<br>Na nossa captura de tela, as probabilidades s\u00e3o 13 e a aposta de 10\u20ac, em caso de vit\u00f3ria voc\u00ea ganha 130\u20ac!<\/li><\/ol>\n\n\n\n<p><\/p>\n\n\n\n<div class=\"wp-block-image\"><figure class=\"aligncenter size-large is-resized\"><img decoding=\"async\" loading=\"lazy\" src=\"https:\/\/parier-presidentielle.com\/wp-content\/uploads\/2022\/04\/unibet-parier-cote-marine-le-pen-2022-1024x612.jpg\" alt=\"\" class=\"wp-image-1582\" width=\"512\" height=\"306\" srcset=\"https:\/\/parier-presidentielle.com\/wp-content\/uploads\/2022\/04\/unibet-parier-cote-marine-le-pen-2022-1024x612.jpg 1024w, https:\/\/parier-presidentielle.com\/wp-content\/uploads\/2022\/04\/unibet-parier-cote-marine-le-pen-2022-300x179.jpg 300w, https:\/\/parier-presidentielle.com\/wp-content\/uploads\/2022\/04\/unibet-parier-cote-marine-le-pen-2022-768x459.jpg 768w, https:\/\/parier-presidentielle.com\/wp-content\/uploads\/2022\/04\/unibet-parier-cote-marine-le-pen-2022-18x12.jpg 18w, https:\/\/parier-presidentielle.com\/wp-content\/uploads\/2022\/04\/unibet-parier-cote-marine-le-pen-2022.jpg 1240w\" sizes=\"(max-width: 512px) 100vw, 512px\" \/><\/figure><\/div>\n\n\n\n<h2 class=\"wp-block-heading\"><span id=\"pourquoi-parier-avec-les-bookmakers-unibet-bwin-betclic-sur-la-victoire-du-candidat-emmanuel-macron-pour-le-second-tour\">Por que apostar com as casas de apostas: Unibet, Bwin, Betclic na vit\u00f3ria do candidato Emmanuel Macron para o segundo turno?<\/span><\/h2>\n\n\n\n<p><strong>N\u00e3o perca a chance, a elei\u00e7\u00e3o ser\u00e1 decidida por poucos pontos e voc\u00ea pode aproveitar para ganhar muito dinheiro porque as pesquisas estavam muito erradas!<\/strong><br>Al\u00e9m disso, a Unibet \u00e9 a \u00fanica casa de apostas que lhe reembolsa at\u00e9 150\u20ac na sua primeira aposta!<\/p>\n\n\n\n<p class=\"has-text-align-center unibet\" style=\"font-size:25px\"><mark style=\"background-color:rgba(0, 0, 0, 0);color:#0d7a12\" class=\"has-inline-color\"><strong><a href=\"https:\/\/parier-presidentielle.com\/pt\/recommends\/unibet-text\/\">B\u00f4nus de 100\u20ac oferecido com Unibet <br>Para sua primeira aposta online: Clique aqui<\/a><\/strong><\/mark><\/p>\n\n\n\n<h2 class=\"wp-block-heading\"><span id=\"cote-et-pronostics-pour-la-candidate-marine-le-pen-paris-en-ligne-sur-la-politique-et-le-futur-president-de-la-france-de-2022\"><br><br>Probabilidades e previs\u00f5es para a candidata Marine Le Pen: apostas online sobre pol\u00edtica e o futuro presidente da Fran\u00e7a em 2022<\/span><\/h2>\n\n\n\n<p>Marion Anne Perrine \u201cMarine\u201d Le Pen (franc\u00eas:; nascida em 5 de agosto de 1968) \u00e9 uma advogada e pol\u00edtica francesa, presidente do Rally Nacional (anteriormente Frente Nacional) desde 2011. Foi deputada na Assembleia Nacional durante o 11\u00ba Pas C\u00edrculo eleitoral de -de-Calais desde 2017.<\/p>\n\n\n\n<p>&nbsp;<\/p>\n\n\n\n<div class=\"wp-block-image wp-duotone-000097-ff4747-5\"><figure class=\"aligncenter is-resized\"><img decoding=\"async\" loading=\"lazy\" src=\"https:\/\/parier-presidentielle.com\/wp-content\/uploads\/2021\/09\/Avec-la-presidentielle-en-vue-Marine-Le-Pen-planifie-son-depart-de-la-presidence-du-Rassemblement-national-1024x512.jpg\" alt=\"Candidata Marine Le Pen\" width=\"512\" height=\"256\"\/><\/figure><\/div>\n\n\n\n<p>Ela \u00e9 a filha mais nova do ex-l\u00edder do partido Jean-Marie Le Pen e tia da ex-deputada da FN Marion Mar\u00e9chal. Le Pen juntou-se \u00e0 FN em 1986. Foi eleita conselheira regional para Nord-Pas-de-Calais (1998-2004; 2010-2015), \u00cele-de-France (2004-2010) e Hauts-de-France. (2015-presente), membro do Parlamento Europeu (2004-2017), bem como vereador de H\u00e9nin-Beaumont (2008-2011). Conquistou a lideran\u00e7a da FN em 2011, com 67,6% dos votos, derrotando Bruno Gollnisch e sucedendo ao pai, que era presidente do partido desde a sua cria\u00e7\u00e3o em 1972. Em 2012, ficou em terceiro lugar nas elei\u00e7\u00f5es presidenciais com 17,91. TP4T de votos, atr\u00e1s de Fran\u00e7ois Hollande e Nicolas Sarkozy. Ela lan\u00e7ou uma segunda candidatura \u00e0 presid\u00eancia nas elei\u00e7\u00f5es de 2017. Ela terminou em segundo lugar no primeiro turno da elei\u00e7\u00e3o com 21,3 % de votos e enfrentou Emmanuel Macron do centrista En Marche! no segundo turno de vota\u00e7\u00e3o. No dia 7 de maio de 2017, ela cedeu ap\u00f3s receber aproximadamente 33,91% dos votos no segundo turno. Em 2020, ela anunciou sua terceira candidatura presidencial nas elei\u00e7\u00f5es de 2022.<\/p>\n\n\n\n<h2 class=\"wp-block-heading\"><span id=\"l8217histoire-politique-de-marine-le-pen\"><br>A hist\u00f3ria pol\u00edtica de Marine Le Pen <\/span><\/h2>\n\n\n\n<p>Descrita como mais moderada que o seu pai nacionalista, Le Pen liderou um movimento para \u201cdemonizar a Frente Nacional\u201d para suavizar a sua imagem, baseado em posi\u00e7\u00f5es renovadas e equipas renovadas, bem como na expuls\u00e3o de membros pol\u00e9micos acusados de racismo, anti-semitismo, ou P\u00e9tainismo. Ela expulsou o pai do partido em 20 de agosto de 2015, depois que ele fez novas declara\u00e7\u00f5es pol\u00eamicas. Ela tamb\u00e9m suavizou algumas posi\u00e7\u00f5es pol\u00edticas partid\u00e1rias, defendendo uni\u00f5es civis para casais do mesmo sexo, em vez da oposi\u00e7\u00e3o anterior do seu partido ao reconhecimento legal de parcerias entre pessoas do mesmo sexo, aceitando o aborto incondicional e removendo a pena de morte do seu programa. Ardente opositora dos Estados Unidos e da NATO, ela est\u00e1 empenhada em retirar a Fran\u00e7a das suas esferas de influ\u00eancia.<\/p>\n\n\n\n<p>Le Pen foi apresentada pela Time como uma das 100 pessoas mais influentes do mundo em 2011 e 2015. Em 2016, foi classificada pelo Politico como a segunda eurodeputada mais influente no Parlamento Europeu, depois do Presidente do Parlamento Europeu Martin Schulz .<\/p>\n\n\n<ul class=\"wp-block-latest-posts__list wp-block-latest-posts\"><li><a class=\"wp-block-latest-posts__post-title\" href=\"https:\/\/parier-presidentielle.com\/pt\/eleicoes-presidenciais-2022-apostadores-ao-redor-do-mundo-aposta-segundo-turno\/\">Elei\u00e7\u00f5es Presidenciais 2022: Apostadores de todo o mundo apostam no Segundo Turno!<\/a><\/li>\n<li><a class=\"wp-block-latest-posts__post-title\" href=\"https:\/\/parier-presidentielle.com\/pt\/eleicao-francesa-quem-sao-os-candidatos\/\">Elei\u00e7\u00f5es Francesas: Quem s\u00e3o os candidatos?<\/a><\/li>\n<li><a class=\"wp-block-latest-posts__post-title\" href=\"https:\/\/parier-presidentielle.com\/pt\/pesquisa-macron-casas-de-apostas\/\">Macron favorito das casas de apostas ap\u00f3s a guerra na Ucr\u00e2nia<\/a><\/li>\n<\/ul>\n\n\n<p>&nbsp;<\/p>\n\n\n\n<h2 class=\"wp-block-heading\"><span id=\"nbsp\">&nbsp;<\/span><\/h2>\n\n\n\n<p class=\"has-text-align-center unibet\" style=\"font-size:25px\"><mark style=\"background-color:rgba(0, 0, 0, 0);color:#0d7a12\" class=\"has-inline-color\"><strong><a href=\"https:\/\/parier-presidentielle.com\/pt\/recommends\/unibet\/\">B\u00f4nus de 150\u20ac oferecido com Unibet<br>Para sua primeira aposta pol\u00edtica ou esportiva: Clique aqui<\/a><\/strong><\/mark><\/p>\n\n\n\n<p><\/p>\n\n\n<div class=\"wp-block-image\">\n<figure class=\"aligncenter is-resized wp-duotone-000097-ff4747-6\"><img decoding=\"async\" loading=\"lazy\" src=\"https:\/\/parier-presidentielle.com\/wp-content\/uploads\/2021\/09\/election-standard-scale-4_00x-gigapixel-1024x623.jpg\" alt=\"Elei\u00e7\u00f5es 2022\" style=\"width:256px;height:156px\" width=\"256\" height=\"156\"\/><\/figure><\/div>\n\n\n<p><br><\/p>\n\n\n\n<p><strong>Parier-presidencial ajuda voc\u00ea a fazer sua escolha entre os diferentes<a href=\"https:\/\/parier-presidentielle.com\/pt\/\"> Casas de apostas Bwin, Unibet e Betclic apostar\u00e3o no futuro presidente americano em 2024<\/a> : <\/strong><br><a href=\"https:\/\/parier-presidentielle.com\/pt\/unibet-politica-eleicao-2022\/\">Casa de apostas presidencial Unibet<\/a> : Guia detalhado e gratuito para fazer sua primeira aposta online com todas as probabilidades e como aproveitar o b\u00f4nus oferecido!<\/p>\n\n\n\n<p>Bem como outros sites online de Paris: <a href=\"https:\/\/parier-presidentielle.com\/pt\/unibet-politica-eleicao-2022\/\">Bwin<\/a>, <a href=\"https:\/\/parier-presidentielle.com\/pt\/netbet-paris-politica-eleicao-2022\/\">NetBet<\/a>, <a href=\"https:\/\/parier-presidentielle.com\/pt\/betclic-presidencial-2022\/\">Betclic<\/a>, <a href=\"https:\/\/parier-presidentielle.com\/pt\/winamax-politica-eleicao-2022\/\">Winamax<\/a>, Parions Sport, Zebet,Betway, Fran\u00e7a-Pari,Vbet, Cloudbet, 1Xbit, 1xbet, Betfair, Betwinner\u2026<\/p>\n\n\n\n<div class=\"wp-block-columns is-layout-flex wp-container-11 wp-block-columns-is-layout-flex\">\n<div class=\"wp-block-column is-layout-flow wp-block-column-is-layout-flow\" style=\"flex-basis:33.33%\">\n<p>Voc\u00ea acabou de ler nosso arquivo:<\/p>\n<\/div>\n\n\n\n<div class=\"wp-block-column is-layout-flow wp-block-column-is-layout-flow\" style=\"flex-basis:33.33%\">\n<div class=\"wp-block-group is-layout-flow wp-block-group-is-layout-flow\"><div class=\"wp-block-group__inner-container\"><h4 class=\"has-text-align-center wp-block-post-title\"><span id=\"parier-sur-l8217election-de-marine-le-pen\"><a href=\"https:\/\/parier-presidentielle.com\/pt\/eleicao-de-marine-le-pen\/\" target=\"_self\" >Aposte na elei\u00e7\u00e3o de Marine Le Pen<\/a><\/span><\/h4><\/div><\/div>\n<\/div>\n\n\n\n<div class=\"wp-block-column is-layout-flow wp-block-column-is-layout-flow\" style=\"flex-basis:33.33%\">\n<p class=\"has-text-align-right\">Continue lendo com nossos outros arquivos exclusivos,<\/p>\n<\/div>\n<\/div>\n\n\n\n<h3 class=\"wp-block-heading\" id=\"tous-les-pronostics-sondage-et-cotes-pour-parier-sur-le-futur-vainqueur-de-l-election-presidentielle-2022\"><span id=\"tous-les-pronostics-sondage-et-cotes-pour-parier-sur-le-futur-vainqueur-de-l8217election-presidentielle-2024\">Todas as previs\u00f5es, pesquisas e probabilidades para apostar no futuro vencedor das elei\u00e7\u00f5es presidenciais de 2024:<\/span><\/h3>\n\n\n\n<ul>\n<li><a href=\"https:\/\/parier-presidentielle.com\/pt\/eleicao-macron\/\">Aposte em Emmanuel Macron com Unibet, Betclic, Bwin<\/a> : O favorito em enquetes e previs\u00f5es <\/li>\n\n\n\n<li><a href=\"https:\/\/parier-presidentielle.com\/pt\/eleicao-de-marine-le-pen\/\">Marine Le Pen: Suas probabilidades e como apostar nas casas de apostas<\/a>: O desafiante de acordo com a Unibet<\/li>\n<\/ul>\n\n\n\n<p><\/p>\n\n\n\n<center><script type=\"text\/javascript\" charset=\"utf-8\" src=\"https:\/\/www.gambling-affiliation.com\/cpm\/v=AmIMTDSs92QY6b0MzDMvM5laCjJ-ZlA-1oQ-7tKsi.w_GA7331V2\"><\/script><\/center>\n\n\n\n<h3 class=\"wp-block-heading\"><span id=\"donald-trump-vs-joe-biden-la-video-qui-lance-les-paris-en-ligne-sur-l8217election-politique-de-2024\">Donald Trump vs Joe Biden: O v\u00eddeo que lan\u00e7a apostas online nas elei\u00e7\u00f5es pol\u00edticas de 2024<\/span><\/h3>\n\n\n\n<figure class=\"wp-block-embed is-type-video is-provider-youtube wp-block-embed-youtube wp-embed-aspect-16-9 wp-has-aspect-ratio\"><div class=\"wp-block-embed__wrapper\">\n<iframe loading=\"lazy\" title=\"Ex-presidente Donald Trump lan\u00e7a candidatura \u00e0 Casa Branca para 2024 #Short\" width=\"640\" height=\"360\" src=\"https:\/\/www.youtube.com\/embed\/hZykPRVe4Ag?feature=oembed\" frameborder=\"0\" allow=\"accelerometer; autoplay; clipboard-write; encrypted-media; gyroscope; picture-in-picture; web-share\" allowfullscreen><\/iframe>\n<\/div><\/figure>\n\n\n<div class=\"wp-block-image\">\n<figure class=\"aligncenter size-medium\"><a href=\"https:\/\/parier-presidentielle.com\/pt\/recommends\/unibet\/\" target=\"_blank\" rel=\"noopener\"><img decoding=\"async\" loading=\"lazy\" width=\"300\" height=\"169\" src=\"https:\/\/parier-presidentielle.com\/wp-content\/uploads\/2022\/04\/unibet-300x169.jpg\" alt=\"\" class=\"wp-image-1252\" srcset=\"https:\/\/parier-presidentielle.com\/wp-content\/uploads\/2022\/04\/unibet-300x169.jpg 300w, https:\/\/parier-presidentielle.com\/wp-content\/uploads\/2022\/04\/unibet-1024x576.jpg 1024w, https:\/\/parier-presidentielle.com\/wp-content\/uploads\/2022\/04\/unibet-768x432.jpg 768w, https:\/\/parier-presidentielle.com\/wp-content\/uploads\/2022\/04\/unibet-18x10.jpg 18w, https:\/\/parier-presidentielle.com\/wp-content\/uploads\/2022\/04\/unibet.jpg 1280w\" sizes=\"(max-width: 300px) 100vw, 300px\" \/><\/a><\/figure><\/div>\n\n\n<p>Encontre o Wiki, as not\u00edcias pol\u00edticas essenciais sobre a Cannabis e seus derivados legais: <strong>HHC, H4cbd, Thcp, Thcv, HSD, HHCPO, C4B<\/strong><\/p>\n\n\n\n<p>Palavras-chave da p\u00e1gina: <br>#Marine2022, Paris Marine Le Pen, Casa de apostas 2022, <br>Vencedor das elei\u00e7\u00f5es francesas, pesquisa #LePen2022 e classifica\u00e7\u00e3o esportiva<\/p>\n<div id=\"toc_container\" class=\"no_bullets\"><p class=\"toc_title\">Conte\u00fado<\/p><ul class=\"toc_list\"><li><ul><li><\/li><\/ul><\/li><li><\/li><li><\/li><li><\/li><li><ul><li><ul><li><\/li><\/ul><\/li><li><\/li><li><\/li><\/ul><\/li><\/ul><\/div>","protected":false},"excerpt":{"rendered":"<p>Cote et pronostics pour le candidat Marine Le Pen:Paris en ligne sur la politique et le futur pr\u00e9sident de la France de 2022 Comment r\u00e9aliser son 1er pari sur Marine Le Pen avec Unibet? Tout comme vous pouvez parier sur la victoire de votre \u00e9quipe de foot pr\u00e9f\u00e9r\u00e9, il est possible de parier sur le \u2026 <a href=\"https:\/\/parier-presidentielle.com\/pt\/eleicao-de-marine-le-pen\/\" rel=\"noopener noreferrer\">Ler mais<\/a><\/p>","protected":false},"author":1,"featured_media":0,"parent":0,"menu_order":0,"comment_status":"closed","ping_status":"closed","template":"page-nosidebar.php","meta":{"footnotes":""},"yoast_head":"<!-- This site is optimized with the Yoast SEO Premium plugin v21.0 (Yoast SEO v21.0) - https:\/\/yoast.com\/wordpress\/plugins\/seo\/ -->\n<title>Parier sur l&#039;\u00e9lection de Marine Le Pen - Finale Coupe du Monde FIFA<\/title>\n<meta name=\"description\" content=\"Pariez sur Marine Le Pen pour l&#039;Election 2022 : Cliquez Ici et Gagnez Gros! Pronostics ,Comparaison des Bookmakers et des meilleurs Cotes.\" \/>\n<meta name=\"robots\" content=\"index, follow, max-snippet:-1, max-image-preview:large, max-video-preview:-1\" \/>\n<link rel=\"canonical\" href=\"https:\/\/parier-presidentielle.com\/pt\/eleicao-de-marine-le-pen\/\" \/>\n<meta property=\"og:locale\" content=\"pt_PT\" \/>\n<meta property=\"og:type\" content=\"article\" \/>\n<meta property=\"og:title\" content=\"Parier sur l&#039;\u00e9lection de Marine Le Pen\" \/>\n<meta property=\"og:description\" content=\"Pariez sur Marine Le Pen pour l&#039;Election 2022 : Cliquez Ici et Gagnez Gros! Pronostics ,Comparaison des Bookmakers et des meilleurs Cotes.\" \/>\n<meta property=\"og:url\" content=\"https:\/\/parier-presidentielle.com\/pt\/eleicao-de-marine-le-pen\/\" \/>\n<meta property=\"og:site_name\" content=\"Parier Pr\u00e9sidentielle\" \/>\n<meta property=\"article:modified_time\" content=\"2022-04-24T06:46:18+00:00\" \/>\n<meta property=\"og:image\" content=\"https:\/\/parier-presidentielle.com\/wp-content\/uploads\/2022\/04\/unibet-parier-cote-marine-le-pen-2022-1024x612.jpg\" \/>\n<meta name=\"twitter:card\" content=\"summary_large_image\" \/>\n<meta name=\"twitter:label1\" content=\"Est. reading time\" \/>\n\t<meta name=\"twitter:data1\" content=\"4 minutos\" \/>\n<script type=\"application\/ld+json\" class=\"yoast-schema-graph\">{\"@context\":\"https:\/\/schema.org\",\"@graph\":[{\"@type\":\"WebPage\",\"@id\":\"https:\/\/parier-presidentielle.com\/marine-le-pen-election\/\",\"url\":\"https:\/\/parier-presidentielle.com\/marine-le-pen-election\/\",\"name\":\"Parier sur l'\u00e9lection de Marine Le Pen - Finale Coupe du Monde FIFA\",\"isPartOf\":{\"@id\":\"https:\/\/parier-presidentielle.com\/#website\"},\"datePublished\":\"2021-09-06T21:23:21+00:00\",\"dateModified\":\"2022-04-24T06:46:18+00:00\",\"description\":\"Pariez sur Marine Le Pen pour l'Election 2022 : Cliquez Ici et Gagnez Gros! Pronostics ,Comparaison des Bookmakers et des meilleurs Cotes.\",\"breadcrumb\":{\"@id\":\"https:\/\/parier-presidentielle.com\/marine-le-pen-election\/#breadcrumb\"},\"inLanguage\":\"pt-PT\",\"potentialAction\":[{\"@type\":\"ReadAction\",\"target\":[\"https:\/\/parier-presidentielle.com\/marine-le-pen-election\/\"]}]},{\"@type\":\"BreadcrumbList\",\"@id\":\"https:\/\/parier-presidentielle.com\/marine-le-pen-election\/#breadcrumb\",\"itemListElement\":[{\"@type\":\"ListItem\",\"position\":1,\"name\":\"Accueil\",\"item\":\"https:\/\/parier-presidentielle.com\/\"},{\"@type\":\"ListItem\",\"position\":2,\"name\":\"Parier sur l&#8217;\u00e9lection de Marine Le Pen\"}]},{\"@type\":\"WebSite\",\"@id\":\"https:\/\/parier-presidentielle.com\/#website\",\"url\":\"https:\/\/parier-presidentielle.com\/\",\"name\":\"Parier Pr\u00e9sidentielle\",\"description\":\"Paris, Pronostics, Wiki sur la Politique, les Elections Am\u00e9ricaines: Joe Biden, Donald Trump avec les Bookmakers en ligne Unibet, Bwin, Betclic, Winamax\",\"potentialAction\":[{\"@type\":\"SearchAction\",\"target\":{\"@type\":\"EntryPoint\",\"urlTemplate\":\"https:\/\/parier-presidentielle.com\/?s={search_term_string}\"},\"query-input\":\"required name=search_term_string\"}],\"inLanguage\":\"pt-PT\"}]}<\/script>\n<!-- \/ Yoast SEO Premium plugin. -->","yoast_head_json":{"title":"Parier sur l'\u00e9lection de Marine Le Pen - Finale Coupe du Monde FIFA","description":"Pariez sur Marine Le Pen pour l'Election 2022 : Cliquez Ici et Gagnez Gros! Pronostics ,Comparaison des Bookmakers et des meilleurs Cotes.","robots":{"index":"index","follow":"follow","max-snippet":"max-snippet:-1","max-image-preview":"max-image-preview:large","max-video-preview":"max-video-preview:-1"},"canonical":"https:\/\/parier-presidentielle.com\/pt\/eleicao-de-marine-le-pen\/","og_locale":"pt_PT","og_type":"article","og_title":"Parier sur l'\u00e9lection de Marine Le Pen","og_description":"Pariez sur Marine Le Pen pour l'Election 2022 : Cliquez Ici et Gagnez Gros! Pronostics ,Comparaison des Bookmakers et des meilleurs Cotes.","og_url":"https:\/\/parier-presidentielle.com\/pt\/eleicao-de-marine-le-pen\/","og_site_name":"Parier Pr\u00e9sidentielle","article_modified_time":"2022-04-24T06:46:18+00:00","og_image":[{"url":"https:\/\/parier-presidentielle.com\/wp-content\/uploads\/2022\/04\/unibet-parier-cote-marine-le-pen-2022-1024x612.jpg"}],"twitter_card":"summary_large_image","twitter_misc":{"Est. reading time":"4 minutos"},"schema":{"@context":"https:\/\/schema.org","@graph":[{"@type":"WebPage","@id":"https:\/\/parier-presidentielle.com\/marine-le-pen-election\/","url":"https:\/\/parier-presidentielle.com\/marine-le-pen-election\/","name":"Parier sur l'\u00e9lection de Marine Le Pen - Finale Coupe du Monde FIFA","isPartOf":{"@id":"https:\/\/parier-presidentielle.com\/#website"},"datePublished":"2021-09-06T21:23:21+00:00","dateModified":"2022-04-24T06:46:18+00:00","description":"Pariez sur Marine Le Pen pour l'Election 2022 : Cliquez Ici et Gagnez Gros! Pronostics ,Comparaison des Bookmakers et des meilleurs Cotes.","breadcrumb":{"@id":"https:\/\/parier-presidentielle.com\/marine-le-pen-election\/#breadcrumb"},"inLanguage":"pt-PT","potentialAction":[{"@type":"ReadAction","target":["https:\/\/parier-presidentielle.com\/marine-le-pen-election\/"]}]},{"@type":"BreadcrumbList","@id":"https:\/\/parier-presidentielle.com\/marine-le-pen-election\/#breadcrumb","itemListElement":[{"@type":"ListItem","position":1,"name":"Accueil","item":"https:\/\/parier-presidentielle.com\/"},{"@type":"ListItem","position":2,"name":"Parier sur l&#8217;\u00e9lection de Marine Le Pen"}]},{"@type":"WebSite","@id":"https:\/\/parier-presidentielle.com\/#website","url":"https:\/\/parier-presidentielle.com\/","name":"Parier Pr\u00e9sidentielle","description":"Paris, Pronostics, Wiki sur la Politique, les Elections Am\u00e9ricaines: Joe Biden, Donald Trump avec les Bookmakers en ligne Unibet, Bwin, Betclic, Winamax","potentialAction":[{"@type":"SearchAction","target":{"@type":"EntryPoint","urlTemplate":"https:\/\/parier-presidentielle.com\/?s={search_term_string}"},"query-input":"required name=search_term_string"}],"inLanguage":"pt-PT"}]}},"_links":{"self":[{"href":"https:\/\/parier-presidentielle.com\/pt\/wp-json\/wp\/v2\/pages\/41"}],"collection":[{"href":"https:\/\/parier-presidentielle.com\/pt\/wp-json\/wp\/v2\/pages"}],"about":[{"href":"https:\/\/parier-presidentielle.com\/pt\/wp-json\/wp\/v2\/types\/page"}],"author":[{"embeddable":true,"href":"https:\/\/parier-presidentielle.com\/pt\/wp-json\/wp\/v2\/users\/1"}],"replies":[{"embeddable":true,"href":"https:\/\/parier-presidentielle.com\/pt\/wp-json\/wp\/v2\/comments?post=41"}],"version-history":[{"count":19,"href":"https:\/\/parier-presidentielle.com\/pt\/wp-json\/wp\/v2\/pages\/41\/revisions"}],"predecessor-version":[{"id":1588,"href":"https:\/\/parier-presidentielle.com\/pt\/wp-json\/wp\/v2\/pages\/41\/revisions\/1588"}],"wp:attachment":[{"href":"https:\/\/parier-presidentielle.com\/pt\/wp-json\/wp\/v2\/media?parent=41"}],"curies":[{"name":"wp","href":"https:\/\/api.w.org\/{rel}","templated":true}]}}