{"id":422,"date":"2022-01-11T22:54:26","date_gmt":"2022-01-11T21:54:26","guid":{"rendered":"https:\/\/parier-presidentielle.com\/?page_id=422"},"modified":"2022-04-24T09:32:12","modified_gmt":"2022-04-24T07:32:12","slug":"valerie-pecresse-election","status":"publish","type":"page","link":"https:\/\/parier-presidentielle.com\/pt\/valerie-pecresse-eleicao\/","title":{"rendered":"Aposte na elei\u00e7\u00e3o de Val\u00e9rie P\u00e9cresse"},"content":{"rendered":"<h2 class=\"wp-block-heading\"><span id=\"cote-et-pronostics-pour-la-candidate-ump-valerie-pecresse-paris-en-ligne-sur-la-politique-et-la-future-presidente-de-la-france-de-2022\">Probabilidades e previs\u00f5es para a candidata da UMP Val\u00e9rie P\u00e9cresse:<br>Apostas online sobre pol\u00edtica e o futuro presidente da Fran\u00e7a em 2022<br><br><\/span><\/h2>\n\n\n\n<div class=\"wp-block-image wp-duotone-000097-ff4747-1\"><figure class=\"aligncenter size-large is-resized\"><img decoding=\"async\" loading=\"lazy\" src=\"https:\/\/parier-presidentielle.com\/wp-content\/uploads\/2022\/01\/valerie-pecresse-1024x512.jpeg\" alt=\"Valerie P\u00e9cresse\" class=\"wp-image-427\" width=\"526\" height=\"262\" srcset=\"https:\/\/parier-presidentielle.com\/wp-content\/uploads\/2022\/01\/valerie-pecresse-1024x512.jpeg 1024w, https:\/\/parier-presidentielle.com\/wp-content\/uploads\/2022\/01\/valerie-pecresse-300x150.jpeg 300w, https:\/\/parier-presidentielle.com\/wp-content\/uploads\/2022\/01\/valerie-pecresse-768x384.jpeg 768w, https:\/\/parier-presidentielle.com\/wp-content\/uploads\/2022\/01\/valerie-pecresse.jpeg 1440w\" sizes=\"(max-width: 526px) 100vw, 526px\" \/><\/figure><\/div>\n\n\n\n<p><br>As elei\u00e7\u00f5es presidenciais de 2022 j\u00e1 est\u00e3o no centro das aten\u00e7\u00f5es. Este ser\u00e1 um teste para o \u201cnovo normal\u201d. Os franceses ainda n\u00e3o tiveram oportunidade de votar desde o in\u00edcio da crise sanit\u00e1ria. Ter\u00e3o que se adaptar \u00e0s novas formas de votar, \u00e0 dist\u00e2ncia e com m\u00e1scaras. As elei\u00e7\u00f5es presidenciais s\u00e3o sempre um grande acontecimento em Fran\u00e7a, por isso \u00e9 importante acompanhar as sondagens e apostar no candidato com maior probabilidade de suceder a Macron.<\/p>\n\n\n\n<p>Este ano, muitos candidatos est\u00e3o na linha de partida. Alguns s\u00e3o mais conhecidos que outros. Apostar em Val\u00e9rie P\u00e9cresse, por exemplo, \u00e9 uma aposta segura porque ela est\u00e1 na pol\u00edtica h\u00e1 muito tempo e tem os seus apoiantes. Ela foi prefeita de Versalhes de 2002 a 2016 e depois presidente da \u00cele-de-France at\u00e9 2020.<\/p>\n\n\n\n<p>Presidencial 2022: notas e previs\u00f5es de Val\u00e9rie P\u00e9cresse<\/p>\n\n\n\n<p>Val\u00e9rie P\u00e9cresse tomou a decis\u00e3o de concorrer \u00e0 presid\u00eancia depois de ter sido membro de v\u00e1rios partidos pol\u00edticos durante a sua carreira: UDF, UMP e depois Les R\u00e9publicains. Ela fazia parte do governo de Nicolas Sarkozy quando ele se tornou presidente franc\u00eas em 2007. Em 2017, apoiou abertamente Emmanuel Macron durante a campanha presidencial.<\/p>\n\n\n\n<h2 class=\"wp-block-heading\"><span id=\"biographie-de-valerie-pecresse-pour-bien-parier\"> <br>Biografia de Val\u00e9rie P\u00e9cresse para uma boa aposta!<\/span><\/h2>\n\n\n\n<p><\/p>\n\n\n\n<p><strong>Val\u00e9rie P\u00e9cresse<\/strong>\u00a0nascida Val\u00e9rie Roux (Neuilly-sur-Seine, 14 de julho de 1967) \u00e9 uma pol\u00edtica francesa. Atualmente \u00e9 presidente do conselho regional da Ile de France.<\/p>\n\n\n\n<p>Em 4 de dezembro de 2021, foi eleita candidata nas elei\u00e7\u00f5es presidenciais francesas de 2022 pelo Partido Republicano, com 61 votos % contra os 39 % obtidos por Eric Ciotti no segundo turno das prim\u00e1rias.<\/p>\n\n\n\n<h2 class=\"wp-block-heading\"><span id=\"biographie\">Biografia<\/span><\/h2>\n\n\n\n<p>Auditora do Conselho de Estado desde 1992, foi assessora de Jacques Chirac e lecionou na Faculdade do Instituto de Estudos Pol\u00edticos de Paris durante seis anos. Nas elei\u00e7\u00f5es legislativas de 2002, foi eleito deputado por Yvelines e reeleito em 2007 e 2012. Ministro do Ensino Superior e da Investiga\u00e7\u00e3o de 2007 a 2011, liderou a reforma da autonomia universit\u00e1ria e foi chefe de lista da UMP nas elei\u00e7\u00f5es regionais de 2010 na regi\u00e3o de Ile-de-France. De 2011 a 2012, foi Ministra do Or\u00e7amento, Contas P\u00fablicas e Reforma do Estado e porta-voz do Governo. Em dezembro de 2014, foi nomeada coordenadora das elei\u00e7\u00f5es regionais de 2015 e chefe de lista do partido Les R\u00e9publicains para a regi\u00e3o de Ile-de-France, que venceu no segundo turno contra o candidato socialista Claude Bartolone.<\/p>\n\n\n\n<p>Foi membro da Uni\u00e3o por um Movimento Popular (UMP) de 2002 a 2015 e dos Republicanos (LR) at\u00e9 5 de junho de 2019, altura em que anunciou que ia abandonar o partido ap\u00f3s o fracasso nas elei\u00e7\u00f5es europeias. (8,51 votos TP4T) e a ren\u00fancia de Laurent Wauquiez. P\u00e9cresse expressou ent\u00e3o seu desejo de \u201c&nbsp;&nbsp;<em>reconstruir a direita, amea\u00e7ada de extin\u00e7\u00e3o<\/em>&nbsp;&quot; mas de &quot;&nbsp;<em>o exterior<\/em>&nbsp;\u00bb, liderando o seu pr\u00f3prio&nbsp;<em>Vamos ser de livre circula\u00e7\u00e3o<\/em>&nbsp;!.<\/p>\n\n\n\n<h3 class=\"wp-block-heading\"><span id=\"candidat-aux-elections-presidentielles-de-2022\">Candidato \u00e0s elei\u00e7\u00f5es presidenciais de 2022<\/span><\/h3>\n\n\n\n<p>Em 22 de julho de 2021, Val\u00e9rie P\u00e9cresse anunciou a sua candidatura \u00e0s prim\u00e1rias de direita tendo em vista as elei\u00e7\u00f5es presidenciais de 2022, declarando que queria \u201crestaurar o orgulho franc\u00eas\u201d e \u201ctrazer ordem \u00e0 Fran\u00e7a\u201d. Candidata ao Congresso Republicano com o objetivo de indicar o candidato presidencial do partido, retomou a carteirinha do partido em outubro de 2021. Em 2 de dezembro, ficou em segundo lugar no primeiro turno das prim\u00e1rias do Congresso, com 25 % de votos, menos de um ponto atr\u00e1s de Eric Ciotti (25,59 %). Ap\u00f3s o an\u00fancio dos resultados do primeiro turno antes do segundo turno, ela recebeu o apoio de Xavier Bertrand, Michel Barnier e Philippe Juvin.No segundo turno, realizado em 4 de dezembro de 2021, foi eleita candidata \u00e0s elei\u00e7\u00f5es francesas de 2022. elei\u00e7\u00e3o presidencial pelo Partido Republicano, com 61% contra 39% produzido por Eric Ciotti.<\/p>\n\n\n\n<h2 class=\"wp-block-heading\"><span id=\"positions-politiques\">Posi\u00e7\u00f5es pol\u00edticas<\/span><\/h2>\n\n\n\n<p>Declarando-se a favor do liberalismo econ\u00f3mico, afirmou em agosto de 2021 que era &quot;dois ter\u00e7os Merkel, um ter\u00e7o Thatcher&quot;.<\/p>\n\n\n\n<p>\u00c0 medida que se aproximam as elei\u00e7\u00f5es presidenciais de 2022, prometeu reduzir a despesa p\u00fablica e os impostos atrav\u00e9s de quatro grandes reformas: a elimina\u00e7\u00e3o de 150 mil empregos na administra\u00e7\u00e3o p\u00fablica, a transi\u00e7\u00e3o para a reforma aos 65 anos, a redu\u00e7\u00e3o dos subs\u00eddios de desemprego e a separa\u00e7\u00e3o do Estado. de empresas concorrentes das quais \u00e9 acionista minorit\u00e1rio.<\/p>\n\n\n\n<p>Opondo-se ao projeto de lei sobre o casamento entre pessoas do mesmo sexo em Fran\u00e7a, ela participou em v\u00e1rias manifesta\u00e7\u00f5es que se opunham ao casamento entre pessoas do mesmo sexo e \u00e0 paternidade entre pessoas do mesmo sexo entre 2012 e 2013, nomeadamente lideradas por La Manif pour tous. TEM<\/p>\n\n\n\n<p>Em 2021, defendeu uma abordagem mais restritiva \u00e0 quest\u00e3o da imigra\u00e7\u00e3o, chamando-a de \u201cum grande desafio para a sociedade\u201d. Em particular, prop\u00f5e o estabelecimento de limites m\u00e1ximos anuais de imigra\u00e7\u00e3o e condi\u00e7\u00f5es mais rigorosas para a emiss\u00e3o de uma autoriza\u00e7\u00e3o de resid\u00eancia, tais como ter \u201crecursos suficientes\u201d (cujo montante aumentaria em 25 %), \u201cprofici\u00eancia na l\u00edngua francesa\u201d e \u201crespeito pela laicidade e pelos valores da Rep\u00fablica\u201d. Por \u00faltimo, pretende excluir dos regimes de assist\u00eancia social as pessoas que residam em Fran\u00e7a h\u00e1 menos de cinco anos.<\/p>\n\n\n\n<p><\/p>\n\n\n\n<p><\/p>\n<div id=\"toc_container\" class=\"no_bullets\"><p class=\"toc_title\">Conte\u00fado<\/p><ul class=\"toc_list\"><li><\/li><li><\/li><li><ul><li><\/li><\/ul><\/li><li><\/li><\/ul><\/div>","protected":false},"excerpt":{"rendered":"<p>Cote et pronostics pour la candidate UMP Val\u00e9rie P\u00e9cresse :Paris en ligne sur la politique et la future pr\u00e9sidente de la France de 2022 Les \u00e9lections pr\u00e9sidentielles de 2022 sont d\u00e9j\u00e0 sous le feu des projecteurs. Il s&#8217;agira d&#8217;un test pour la &#8220;nouvelle normalit\u00e9&#8221;. Les Fran\u00e7ais n&#8217;ont pas encore eu l&#8217;occasion de voter depuis le &#8230;<\/p>","protected":false},"author":1,"featured_media":0,"parent":0,"menu_order":0,"comment_status":"closed","ping_status":"closed","template":"page-nosidebar.php","meta":{"footnotes":""},"yoast_head":"<!-- This site is optimized with the Yoast SEO Premium plugin v21.0 (Yoast SEO v21.0) - https:\/\/yoast.com\/wordpress\/plugins\/seo\/ -->\n<title>Parier sur l\u2019\u00e9lection de Val\u00e9rie P\u00e9cresse - Finale Coupe du Monde FIFA<\/title>\n<meta name=\"description\" content=\"Pariez sur P\u00e9cresse pour l&#039;\u00e9lection 2022 : Cliquez Ici et Gagnez Gros! Pronostics ,Comparaison des Bookmakers et des meilleurs Cotes.\" \/>\n<meta name=\"robots\" content=\"index, follow, max-snippet:-1, max-image-preview:large, max-video-preview:-1\" \/>\n<link rel=\"canonical\" href=\"https:\/\/parier-presidentielle.com\/pt\/valerie-pecresse-eleicao\/\" \/>\n<meta property=\"og:locale\" content=\"pt_PT\" \/>\n<meta property=\"og:type\" content=\"article\" \/>\n<meta property=\"og:title\" content=\"Parier sur l\u2019\u00e9lection de Val\u00e9rie P\u00e9cresse\" \/>\n<meta property=\"og:description\" content=\"Pariez sur P\u00e9cresse pour l&#039;\u00e9lection 2022 : Cliquez Ici et Gagnez Gros! Pronostics ,Comparaison des Bookmakers et des meilleurs Cotes.\" \/>\n<meta property=\"og:url\" content=\"https:\/\/parier-presidentielle.com\/pt\/valerie-pecresse-eleicao\/\" \/>\n<meta property=\"og:site_name\" content=\"Parier Pr\u00e9sidentielle\" \/>\n<meta property=\"article:modified_time\" content=\"2022-04-24T07:32:12+00:00\" \/>\n<meta property=\"og:image\" content=\"https:\/\/parier-presidentielle.com\/wp-content\/uploads\/2022\/01\/valerie-pecresse-1024x512.jpeg\" \/>\n<meta name=\"twitter:card\" content=\"summary_large_image\" \/>\n<meta name=\"twitter:label1\" content=\"Est. reading time\" \/>\n\t<meta name=\"twitter:data1\" content=\"5 minutos\" \/>\n<script type=\"application\/ld+json\" class=\"yoast-schema-graph\">{\"@context\":\"https:\/\/schema.org\",\"@graph\":[{\"@type\":\"WebPage\",\"@id\":\"https:\/\/parier-presidentielle.com\/valerie-pecresse-election\/\",\"url\":\"https:\/\/parier-presidentielle.com\/valerie-pecresse-election\/\",\"name\":\"Parier sur l\u2019\u00e9lection de Val\u00e9rie P\u00e9cresse - Finale Coupe du Monde FIFA\",\"isPartOf\":{\"@id\":\"https:\/\/parier-presidentielle.com\/#website\"},\"datePublished\":\"2022-01-11T21:54:26+00:00\",\"dateModified\":\"2022-04-24T07:32:12+00:00\",\"description\":\"Pariez sur P\u00e9cresse pour l'\u00e9lection 2022 : Cliquez Ici et Gagnez Gros! Pronostics ,Comparaison des Bookmakers et des meilleurs Cotes.\",\"breadcrumb\":{\"@id\":\"https:\/\/parier-presidentielle.com\/valerie-pecresse-election\/#breadcrumb\"},\"inLanguage\":\"pt-PT\",\"potentialAction\":[{\"@type\":\"ReadAction\",\"target\":[\"https:\/\/parier-presidentielle.com\/valerie-pecresse-election\/\"]}]},{\"@type\":\"BreadcrumbList\",\"@id\":\"https:\/\/parier-presidentielle.com\/valerie-pecresse-election\/#breadcrumb\",\"itemListElement\":[{\"@type\":\"ListItem\",\"position\":1,\"name\":\"Accueil\",\"item\":\"https:\/\/parier-presidentielle.com\/\"},{\"@type\":\"ListItem\",\"position\":2,\"name\":\"Parier sur l\u2019\u00e9lection de Val\u00e9rie P\u00e9cresse\"}]},{\"@type\":\"WebSite\",\"@id\":\"https:\/\/parier-presidentielle.com\/#website\",\"url\":\"https:\/\/parier-presidentielle.com\/\",\"name\":\"Parier Pr\u00e9sidentielle\",\"description\":\"Paris, Pronostics, Wiki sur la Politique, les Elections Am\u00e9ricaines: Joe Biden, Donald Trump avec les Bookmakers en ligne Unibet, Bwin, Betclic, Winamax\",\"potentialAction\":[{\"@type\":\"SearchAction\",\"target\":{\"@type\":\"EntryPoint\",\"urlTemplate\":\"https:\/\/parier-presidentielle.com\/?s={search_term_string}\"},\"query-input\":\"required name=search_term_string\"}],\"inLanguage\":\"pt-PT\"}]}<\/script>\n<!-- \/ Yoast SEO Premium plugin. -->","yoast_head_json":{"title":"Parier sur l\u2019\u00e9lection de Val\u00e9rie P\u00e9cresse - Finale Coupe du Monde FIFA","description":"Pariez sur P\u00e9cresse pour l'\u00e9lection 2022 : Cliquez Ici et Gagnez Gros! Pronostics ,Comparaison des Bookmakers et des meilleurs Cotes.","robots":{"index":"index","follow":"follow","max-snippet":"max-snippet:-1","max-image-preview":"max-image-preview:large","max-video-preview":"max-video-preview:-1"},"canonical":"https:\/\/parier-presidentielle.com\/pt\/valerie-pecresse-eleicao\/","og_locale":"pt_PT","og_type":"article","og_title":"Parier sur l\u2019\u00e9lection de Val\u00e9rie P\u00e9cresse","og_description":"Pariez sur P\u00e9cresse pour l'\u00e9lection 2022 : Cliquez Ici et Gagnez Gros! Pronostics ,Comparaison des Bookmakers et des meilleurs Cotes.","og_url":"https:\/\/parier-presidentielle.com\/pt\/valerie-pecresse-eleicao\/","og_site_name":"Parier Pr\u00e9sidentielle","article_modified_time":"2022-04-24T07:32:12+00:00","og_image":[{"url":"https:\/\/parier-presidentielle.com\/wp-content\/uploads\/2022\/01\/valerie-pecresse-1024x512.jpeg"}],"twitter_card":"summary_large_image","twitter_misc":{"Est. reading time":"5 minutos"},"schema":{"@context":"https:\/\/schema.org","@graph":[{"@type":"WebPage","@id":"https:\/\/parier-presidentielle.com\/valerie-pecresse-election\/","url":"https:\/\/parier-presidentielle.com\/valerie-pecresse-election\/","name":"Parier sur l\u2019\u00e9lection de Val\u00e9rie P\u00e9cresse - Finale Coupe du Monde FIFA","isPartOf":{"@id":"https:\/\/parier-presidentielle.com\/#website"},"datePublished":"2022-01-11T21:54:26+00:00","dateModified":"2022-04-24T07:32:12+00:00","description":"Pariez sur P\u00e9cresse pour l'\u00e9lection 2022 : Cliquez Ici et Gagnez Gros! Pronostics ,Comparaison des Bookmakers et des meilleurs Cotes.","breadcrumb":{"@id":"https:\/\/parier-presidentielle.com\/valerie-pecresse-election\/#breadcrumb"},"inLanguage":"pt-PT","potentialAction":[{"@type":"ReadAction","target":["https:\/\/parier-presidentielle.com\/valerie-pecresse-election\/"]}]},{"@type":"BreadcrumbList","@id":"https:\/\/parier-presidentielle.com\/valerie-pecresse-election\/#breadcrumb","itemListElement":[{"@type":"ListItem","position":1,"name":"Accueil","item":"https:\/\/parier-presidentielle.com\/"},{"@type":"ListItem","position":2,"name":"Parier sur l\u2019\u00e9lection de Val\u00e9rie P\u00e9cresse"}]},{"@type":"WebSite","@id":"https:\/\/parier-presidentielle.com\/#website","url":"https:\/\/parier-presidentielle.com\/","name":"Parier Pr\u00e9sidentielle","description":"Paris, Pronostics, Wiki sur la Politique, les Elections Am\u00e9ricaines: Joe Biden, Donald Trump avec les Bookmakers en ligne Unibet, Bwin, Betclic, Winamax","potentialAction":[{"@type":"SearchAction","target":{"@type":"EntryPoint","urlTemplate":"https:\/\/parier-presidentielle.com\/?s={search_term_string}"},"query-input":"required name=search_term_string"}],"inLanguage":"pt-PT"}]}},"_links":{"self":[{"href":"https:\/\/parier-presidentielle.com\/pt\/wp-json\/wp\/v2\/pages\/422"}],"collection":[{"href":"https:\/\/parier-presidentielle.com\/pt\/wp-json\/wp\/v2\/pages"}],"about":[{"href":"https:\/\/parier-presidentielle.com\/pt\/wp-json\/wp\/v2\/types\/page"}],"author":[{"embeddable":true,"href":"https:\/\/parier-presidentielle.com\/pt\/wp-json\/wp\/v2\/users\/1"}],"replies":[{"embeddable":true,"href":"https:\/\/parier-presidentielle.com\/pt\/wp-json\/wp\/v2\/comments?post=422"}],"version-history":[{"count":7,"href":"https:\/\/parier-presidentielle.com\/pt\/wp-json\/wp\/v2\/pages\/422\/revisions"}],"predecessor-version":[{"id":1598,"href":"https:\/\/parier-presidentielle.com\/pt\/wp-json\/wp\/v2\/pages\/422\/revisions\/1598"}],"wp:attachment":[{"href":"https:\/\/parier-presidentielle.com\/pt\/wp-json\/wp\/v2\/media?parent=422"}],"curies":[{"name":"wp","href":"https:\/\/api.w.org\/{rel}","templated":true}]}}