{"id":525,"date":"2022-02-17T17:17:02","date_gmt":"2022-02-17T16:17:02","guid":{"rendered":"https:\/\/parier-presidentielle.com\/?page_id=525"},"modified":"2022-04-12T00:47:22","modified_gmt":"2022-04-11T22:47:22","slug":"1xbit-politique","status":"publish","type":"page","link":"https:\/\/parier-presidentielle.com\/pt\/politica-1xbit\/","title":{"rendered":"1xBit: Para apostar na pol\u00edtica em Bitcoin"},"content":{"rendered":"<h2 class=\"wp-block-heading\"><span id=\"1xbit-analyse-du-nouveaux-bookmaker-specialise-en-bitcoin\">1xbit: An\u00e1lise da nova casa de apostas especializada em Bitcoin<\/span><\/h2>\n\n\n\n<p>1xBit \u00e9 o site de apostas\/jogos esportivos mais inovador do cen\u00e1rio internacional, na verdade <strong>\u00e9 o \u00fanico que s\u00f3 permite dep\u00f3sitos e saques via criptomoedas<\/strong>, \u00e9 definitivamente uma novidade que abalou o mundo dos jogos online. <br>Devido a esta forma de pagamento, a plataforma n\u00e3o necessita de nenhuma licen\u00e7a espec\u00edfica para operar no mercado, mas como casa de apostas \u00e9 considerada segura e protegida, por fazer parte do grupo \u201c1X Corp NV\u201d. Dono do mais famoso site 1xBet com licen\u00e7a internacional emitida pela lei de Cura\u00e7ao e de milhares de centros de apostas em toda a Europa, al\u00e9m disso, tamb\u00e9m desenvolveu um espa\u00e7o consider\u00e1vel nos \u00faltimos anos gra\u00e7as ao patroc\u00ednio de alguns times de futebol de classe mundial.<\/p>\n\n\n\n<div class=\"wp-block-image\"><figure class=\"aligncenter size-large is-resized\"><img decoding=\"async\" loading=\"lazy\" src=\"https:\/\/parier-presidentielle.com\/wp-content\/uploads\/2022\/04\/1xBit-pour-parier-sur-la-politique-en-bitcoin-1024x546.jpg\" alt=\"1xbit para apostar na pol\u00edtica do bitcoin\" class=\"wp-image-1223\" width=\"768\" height=\"410\" srcset=\"https:\/\/parier-presidentielle.com\/wp-content\/uploads\/2022\/04\/1xBit-pour-parier-sur-la-politique-en-bitcoin-1024x546.jpg 1024w, https:\/\/parier-presidentielle.com\/wp-content\/uploads\/2022\/04\/1xBit-pour-parier-sur-la-politique-en-bitcoin-300x160.jpg 300w, https:\/\/parier-presidentielle.com\/wp-content\/uploads\/2022\/04\/1xBit-pour-parier-sur-la-politique-en-bitcoin-768x410.jpg 768w, https:\/\/parier-presidentielle.com\/wp-content\/uploads\/2022\/04\/1xBit-pour-parier-sur-la-politique-en-bitcoin-1536x819.jpg 1536w, https:\/\/parier-presidentielle.com\/wp-content\/uploads\/2022\/04\/1xBit-pour-parier-sur-la-politique-en-bitcoin-2048x1092.jpg 2048w, https:\/\/parier-presidentielle.com\/wp-content\/uploads\/2022\/04\/1xBit-pour-parier-sur-la-politique-en-bitcoin-18x10.jpg 18w\" sizes=\"(max-width: 768px) 100vw, 768px\" \/><\/figure><\/div>\n\n\n\n<p>Voltando ao 1xBit, podemos dizer que quando se trata de apostas desportivas, \u00e9 uma escolha de muitos apostadores, pois oferece uma vasta gama de tipos de apostas com probabilidades bem acima da m\u00e9dia e tamb\u00e9m oferece uma excelente sec\u00e7\u00e3o dedicada a eventos ao vivo. Muito f\u00e1cil de usar, mesmo quem n\u00e3o est\u00e1 muito familiarizado com o desporto pode sentir as emo\u00e7\u00f5es, gra\u00e7as ao seu servi\u00e7o de estat\u00edsticas em constante atualiza\u00e7\u00e3o, \u00e0s sugest\u00f5es de jogos para jogar e \u00e0 possibilidade de conversar em tempo real com outros jogadores, se estiverem ligados. para o site. Todas essas inova\u00e7\u00f5es o tornam um dos melhores sites de apostas. O 1xBit tamb\u00e9m permite acompanhar muitos eventos ao vivo, bastando ter dinheiro na sua conta de jogo!<\/p>\n\n\n\n<h2 class=\"wp-block-heading\"><span id=\"comment-s8217inscrire-sur-1xbit-et-parier-sur-la-presidentielle\">Como se cadastrar no 1xbit e apostar nas Elei\u00e7\u00f5es Presidenciais<\/span><\/h2>\n\n\n\n<p>Outra novidade que certamente atrair\u00e1 apostadores \u00e9 o cadastro <strong>muito r\u00e1pido e completamente an\u00f4nimo<\/strong> no site, na verdade, apenas em criptomoedas, sem envio de documentos e dados pessoais, mas apenas um e-mail ou n\u00famero de celular\u2026 para se cadastrar em breve, a opera\u00e7\u00e3o de dep\u00f3sito ser\u00e1 totalmente an\u00f4nima, respeitando integralmente a privacidade do cliente.<\/p>\n\n\n\n<h2 class=\"wp-block-heading\"><span id=\"bonus-de-bienvenue\">B\u00f4nus de boas-vindas<\/span><\/h2>\n\n\n\n<p>Como todos os outros sites de apostas, o 1xBit oferece um b\u00f4nus de boas-vindas para novos clientes, de at\u00e9 100% de 7 BTC no primeiro dep\u00f3sito. O b\u00f4nus de boas-vindas oferecido \u00e9 v\u00e1lido tanto para apostas esportivas quanto para cassino pol\u00edtico. Para aproveitar ao m\u00e1ximo esta promo\u00e7\u00e3o, recomendamos que leia os seus termos e condi\u00e7\u00f5es ap\u00f3s o registo.<\/p>\n\n\n\n<p>Aqui est\u00e3o os pontos mais importantes explicados pela nossa equipe:<\/p>\n\n\n\n<p><\/p>\n\n\n\n<p>Para apostar, para receber o b\u00f4nus, a aposta deve ter odds de 1,60, sem jogos de cassino e 1xbit, basta apostar qualquer valor.<\/p>\n\n\n\n<p><\/p>\n\n\n\n<p>Aposte na pol\u00edtica mas tamb\u00e9m no Casino: jogos, slot machines, etc.<\/p>\n\n\n\n<p>O calend\u00e1rio desportivo n\u00e3o se limita ao mundo do futebol, mas tamb\u00e9m permite apostar em muitos outros desportos e tamb\u00e9m tem uma sec\u00e7\u00e3o dedicada \u00e0s apostas virtuais e uma sec\u00e7\u00e3o de esports para que possa escolher entre um vasto mundo de Paris.<\/p>\n\n\n\n<p>Existe tamb\u00e9m a sec\u00e7\u00e3o Casino, onde encontrar\u00e1 in\u00fameros jogos, incluindo fant\u00e1sticas slots, bem como fant\u00e1sticos jackpots e b\u00f3nus.<\/p>\n\n\n\n<p>Quanto \u00e0 sec\u00e7\u00e3o de apostas ou desporto, a 1xbit oferece plataformas tradicionais (muito semelhantes \u00e0 Melbet, 1xbet e 22Bet). No entanto, a experi\u00eancia de jogo \u00e9 muito agrad\u00e1vel e voc\u00ea encontra a lista de esportes na barra lateral no centro da lista de jogos com probabilidades e tipos de apostas.<\/p>\n\n\n\n<p><strong>Um dos pontos fortes desta casa de apostas \u00e9 o calend\u00e1rio, o facto de 1xBit oferecer odds enormes,<\/strong> sejam torneios locais ou eventos esportivos internacionais, eles nem sequer s\u00e3o competitivos, mas elevados em compara\u00e7\u00e3o com as competi\u00e7\u00f5es.<\/p>\n\n\n\n<p>Outro ponto citado anteriormente \u00e9 a p\u00e1gina 1xbit Sport, que oferece op\u00e7\u00f5es interessantes como:<\/p>\n\n\n\n<p>Eventos ou torneios de hoje: a 1xbit seleciona os eventos mais importantes do dia e convida os seus clientes a fazerem apostas, em troca de oferecer uma promo\u00e7\u00e3o diferente todos os dias. (A aposta m\u00ednima \u00e9 de 2 Mbt).<\/p>\n\n\n\n<p>Aposte na sua sele\u00e7\u00e3o nacional: 1xbet utiliza o seu endere\u00e7o IP para lhe mostrar os desportos do seu pa\u00eds, ou a sele\u00e7\u00e3o nacional na p\u00e1gina inicial de todos os desportos suportados, como futebol, t\u00e9nis, golfe ou outras competi\u00e7\u00f5es.<\/p>\n\n\n\n<p>Aposte nos melhores torneios: Esta op\u00e7\u00e3o \u00e9 muito \u00fatil, pois mostra num clique o melhor jogo da liga do dia com as maiores probabilidades.<\/p>\n\n\n\n<p>Apostar em Pol\u00edtica: Esta \u00e9 provavelmente uma das poucas casas de apostas na web que oferece este tipo de jogo, oferecendo diferentes op\u00e7\u00f5es de apostas para a situa\u00e7\u00e3o pol\u00edtica em todos os pa\u00edses do mundo. Aposte em quem ser\u00e1 o novo presidente franc\u00eas ou americano<\/p>\n\n\n\n<p><\/p>\n\n\n\n<h2 class=\"wp-block-heading\"><span id=\"service-clients\">Atendimento ao Cliente <\/span><\/h2>\n\n\n\n<p><br>O site est\u00e1 totalmente dispon\u00edvel para seus clientes, por isso oferece suporte 24 horas por dia, 7 dias por semana, via chat ao vivo ou e-mail. Os b\u00f3nus s\u00e3o pagos muito rapidamente, na verdade s\u00e3o pagos o mais tardar 30 minutos ap\u00f3s o final da aposta. Os m\u00e9todos dispon\u00edveis s\u00e3o: chat ao vivo, e-mail e n\u00fameros de telefone, al\u00e9m de suporte via redes sociais (1xBit no Twitter, 1xBit no Instagram, 1xBit no canal do YouTube, 1xBit no Telegram).<\/p>\n\n\n\n<p>Al\u00e9m disso, 1xbit tamb\u00e9m oferece um blog corporativo que fornece not\u00edcias interessantes e informa\u00e7\u00f5es sobre b\u00f4nus.<\/p>\n\n\n\n<h2 class=\"wp-block-heading\"><span id=\"conclusion-sur-le-bookmaker-1xbit\">Conclus\u00e3o sobre a casa de apostas 1xbit<\/span><\/h2>\n\n\n\n<p>Este site \u00e9 original! Se pretende visitar um site onde pode apostar em quase muitos desportos ou outros tipos de jogos, esta casa de apostas \u00e9 para si. 1xBit.com atendeu \u00e0s nossas expectativas e nossa equipe decidiu atribuir 5 estrelas porque oferece uma excelente experi\u00eancia de jogo. N\u00e3o esque\u00e7amos tamb\u00e9m a se\u00e7\u00e3o de cassino, \u00e9 muito bem feita, oferece mais de 3.000 m\u00e1quinas ca\u00e7a-n\u00edqueis, ca\u00e7a-n\u00edqueis e muitos cart\u00f5es jogos. A \u00fanica falha que encontramos foi que eles n\u00e3o aceitam cart\u00f5es de cr\u00e9dito e transfer\u00eancias banc\u00e1rias online.<\/p>\n\n\n\n<h3 class=\"wp-block-heading\"><span id=\"en-resume\"><br><strong>Resumindo<\/strong><\/span><\/h3>\n\n\n\n<p>Vantagem<\/p>\n\n\n\n<ul><li>O \u00fanico site de apostas esportivas que aceita bitcoins<\/li><li>Jogos ao vivo e muitos slots.<\/li><li>Grandes promo\u00e7\u00f5es e b\u00f4nus<\/li><li>Dep\u00f3sitos e saques gratuitos<\/li><\/ul>\n\n\n\n<p><br>Padr\u00e3o<\/p>\n\n\n\n<ul><li>N\u00e3o existem outras op\u00e7\u00f5es banc\u00e1rias al\u00e9m das criptomoedas.<\/li><li>O site precisa de algumas mudan\u00e7as ergon\u00f4micas<\/li><\/ul>\n\n\n\n<p class=\"has-text-align-center unibet\" style=\"font-size:25px\"><mark style=\"background-color:rgba(0, 0, 0, 0);color:#0d7a12\" class=\"has-inline-color\"><strong><a href=\"https:\/\/parier-presidentielle.com\/pt\/recommends\/unibet\/\">B\u00f4nus de 150\u20ac oferecido com Unibet<br>Para sua primeira aposta pol\u00edtica ou esportiva: Clique aqui<\/a><\/strong><\/mark><\/p>\n\n\n\n<p><\/p>\n\n\n<div class=\"wp-block-image\">\n<figure class=\"aligncenter is-resized wp-duotone-000097-ff4747-1\"><img decoding=\"async\" loading=\"lazy\" src=\"https:\/\/parier-presidentielle.com\/wp-content\/uploads\/2021\/09\/election-standard-scale-4_00x-gigapixel-1024x623.jpg\" alt=\"Elei\u00e7\u00f5es 2022\" style=\"width:256px;height:156px\" width=\"256\" height=\"156\"\/><\/figure><\/div>\n\n\n<p><br><\/p>\n\n\n\n<p><strong>Parier-presidencial ajuda voc\u00ea a fazer sua escolha entre os diferentes<a href=\"https:\/\/parier-presidentielle.com\/pt\/\"> Casas de apostas Bwin, Unibet e Betclic apostar\u00e3o no futuro presidente americano em 2024<\/a> : <\/strong><br><a href=\"https:\/\/parier-presidentielle.com\/pt\/unibet-politica-eleicao-2022\/\">Casa de apostas presidencial Unibet<\/a> : Guia detalhado e gratuito para fazer sua primeira aposta online com todas as probabilidades e como aproveitar o b\u00f4nus oferecido!<\/p>\n\n\n\n<p>Bem como outros sites online de Paris: <a href=\"https:\/\/parier-presidentielle.com\/pt\/unibet-politica-eleicao-2022\/\">Bwin<\/a>, <a href=\"https:\/\/parier-presidentielle.com\/pt\/netbet-paris-politica-eleicao-2022\/\">NetBet<\/a>, <a href=\"https:\/\/parier-presidentielle.com\/pt\/betclic-presidencial-2022\/\">Betclic<\/a>, <a href=\"https:\/\/parier-presidentielle.com\/pt\/winamax-politica-eleicao-2022\/\">Winamax<\/a>, Parions Sport, Zebet,Betway, Fran\u00e7a-Pari,Vbet, Cloudbet, 1Xbit, 1xbet, Betfair, Betwinner\u2026<\/p>\n\n\n\n<div class=\"wp-block-columns is-layout-flex wp-container-6 wp-block-columns-is-layout-flex\">\n<div class=\"wp-block-column is-layout-flow wp-block-column-is-layout-flow\" style=\"flex-basis:33.33%\">\n<p>Voc\u00ea acabou de ler nosso arquivo:<\/p>\n<\/div>\n\n\n\n<div class=\"wp-block-column is-layout-flow wp-block-column-is-layout-flow\" style=\"flex-basis:33.33%\">\n<div class=\"wp-block-group is-layout-flow wp-block-group-is-layout-flow\"><div class=\"wp-block-group__inner-container\"><h4 class=\"has-text-align-center wp-block-post-title\"><span id=\"1xbit-pour-parier-sur-la-politique-en-bitcoin\"><a href=\"https:\/\/parier-presidentielle.com\/pt\/politica-1xbit\/\" target=\"_self\" >1xBit: Para apostar na pol\u00edtica em Bitcoin<\/a><\/span><\/h4><\/div><\/div>\n<\/div>\n\n\n\n<div class=\"wp-block-column is-layout-flow wp-block-column-is-layout-flow\" style=\"flex-basis:33.33%\">\n<p class=\"has-text-align-right\">Continue lendo com nossos outros arquivos exclusivos,<\/p>\n<\/div>\n<\/div>\n\n\n\n<h3 class=\"wp-block-heading\" id=\"tous-les-pronostics-sondage-et-cotes-pour-parier-sur-le-futur-vainqueur-de-l-election-presidentielle-2022\"><span id=\"tous-les-pronostics-sondage-et-cotes-pour-parier-sur-le-futur-vainqueur-de-l8217election-presidentielle-2024\">Todas as previs\u00f5es, pesquisas e probabilidades para apostar no futuro vencedor das elei\u00e7\u00f5es presidenciais de 2024:<\/span><\/h3>\n\n\n\n<ul>\n<li><a href=\"https:\/\/parier-presidentielle.com\/pt\/eleicao-macron\/\">Aposte em Emmanuel Macron com Unibet, Betclic, Bwin<\/a> : O favorito em enquetes e previs\u00f5es <\/li>\n\n\n\n<li><a href=\"https:\/\/parier-presidentielle.com\/pt\/eleicao-de-marine-le-pen\/\">Marine Le Pen: Suas probabilidades e como apostar nas casas de apostas<\/a>: O desafiante de acordo com a Unibet<\/li>\n<\/ul>\n\n\n\n<p><\/p>\n\n\n\n<center><script type=\"text\/javascript\" charset=\"utf-8\" src=\"https:\/\/www.gambling-affiliation.com\/cpm\/v=AmIMTDSs92QY6b0MzDMvM5laCjJ-ZlA-1oQ-7tKsi.w_GA7331V2\"><\/script><\/center>\n\n\n\n<h3 class=\"wp-block-heading\"><span id=\"donald-trump-vs-joe-biden-la-video-qui-lance-les-paris-en-ligne-sur-l8217election-politique-de-2024\">Donald Trump vs Joe Biden: O v\u00eddeo que lan\u00e7a apostas online nas elei\u00e7\u00f5es pol\u00edticas de 2024<\/span><\/h3>\n\n\n\n<figure class=\"wp-block-embed is-type-video is-provider-youtube wp-block-embed-youtube wp-embed-aspect-16-9 wp-has-aspect-ratio\"><div class=\"wp-block-embed__wrapper\">\n<iframe loading=\"lazy\" title=\"Ex-presidente Donald Trump lan\u00e7a candidatura \u00e0 Casa Branca para 2024 #Short\" width=\"640\" height=\"360\" src=\"https:\/\/www.youtube.com\/embed\/hZykPRVe4Ag?feature=oembed\" frameborder=\"0\" allow=\"accelerometer; autoplay; clipboard-write; encrypted-media; gyroscope; picture-in-picture; web-share\" allowfullscreen><\/iframe>\n<\/div><\/figure>\n\n\n<div class=\"wp-block-image\">\n<figure class=\"aligncenter size-medium\"><a href=\"https:\/\/parier-presidentielle.com\/pt\/recommends\/unibet\/\" target=\"_blank\" rel=\"noopener\"><img decoding=\"async\" loading=\"lazy\" width=\"300\" height=\"169\" src=\"https:\/\/parier-presidentielle.com\/wp-content\/uploads\/2022\/04\/unibet-300x169.jpg\" alt=\"\" class=\"wp-image-1252\" srcset=\"https:\/\/parier-presidentielle.com\/wp-content\/uploads\/2022\/04\/unibet-300x169.jpg 300w, https:\/\/parier-presidentielle.com\/wp-content\/uploads\/2022\/04\/unibet-1024x576.jpg 1024w, https:\/\/parier-presidentielle.com\/wp-content\/uploads\/2022\/04\/unibet-768x432.jpg 768w, https:\/\/parier-presidentielle.com\/wp-content\/uploads\/2022\/04\/unibet-18x10.jpg 18w, https:\/\/parier-presidentielle.com\/wp-content\/uploads\/2022\/04\/unibet.jpg 1280w\" sizes=\"(max-width: 300px) 100vw, 300px\" \/><\/a><\/figure><\/div>\n\n\n<p>Encontre o Wiki, as not\u00edcias pol\u00edticas essenciais sobre a Cannabis e seus derivados legais: <strong>HHC, H4cbd, Thcp, Thcv, HSD, HHCPO, C4B<\/strong><\/p>\n<div id=\"toc_container\" class=\"no_bullets\"><p class=\"toc_title\">Conte\u00fado<\/p><ul class=\"toc_list\"><li><\/li><li><\/li><li><\/li><li><\/li><li><ul><li><ul><li><\/li><\/ul><\/li><li><\/li><li><\/li><\/ul><\/li><\/ul><\/div>","protected":false},"excerpt":{"rendered":"<p>1xbit : Analyse du nouveaux bookmaker sp\u00e9cialis\u00e9 en Bitcoin 1xBit est le site de Paris Sportifs\/Jeu le plus innovant sur la sc\u00e8ne internationale, en fait c&#8217;est le seul qui n&#8217;autorise que les d\u00e9p\u00f4ts et les retraits via des crypto-monnaies, c&#8217;est d\u00e9finitivement une nouveaut\u00e9 qui a secou\u00e9 le monde du jeu en ligne. En raison de &#8230;<\/p>","protected":false},"author":1,"featured_media":0,"parent":0,"menu_order":0,"comment_status":"closed","ping_status":"closed","template":"page-nosidebar.php","meta":{"footnotes":""},"yoast_head":"<!-- This site is optimized with the Yoast SEO Premium plugin v21.0 (Yoast SEO v21.0) - https:\/\/yoast.com\/wordpress\/plugins\/seo\/ -->\n<title>1xBit : Pour parier sur la Politique en Bitcoin - Finale Coupe du Monde FIFA<\/title>\n<meta name=\"description\" content=\"Parier avec 1xBit : 7 BTC offert pour votre 1er Pari sur la Politique, le Sport! Guide du Bookmaker pour profiter du Bonus de bienvenue...\" \/>\n<meta name=\"robots\" content=\"index, follow, max-snippet:-1, max-image-preview:large, max-video-preview:-1\" \/>\n<link rel=\"canonical\" href=\"https:\/\/parier-presidentielle.com\/pt\/politica-1xbit\/\" \/>\n<meta property=\"og:locale\" content=\"pt_PT\" \/>\n<meta property=\"og:type\" content=\"article\" \/>\n<meta property=\"og:title\" content=\"1xBit : Pour parier sur la Politique en Bitcoin\" \/>\n<meta property=\"og:description\" content=\"Parier avec 1xBit : 7 BTC offert pour votre 1er Pari sur la Politique, le Sport! Guide du Bookmaker pour profiter du Bonus de bienvenue...\" \/>\n<meta property=\"og:url\" content=\"https:\/\/parier-presidentielle.com\/pt\/politica-1xbit\/\" \/>\n<meta property=\"og:site_name\" content=\"Parier Pr\u00e9sidentielle\" \/>\n<meta property=\"article:modified_time\" content=\"2022-04-11T22:47:22+00:00\" \/>\n<meta property=\"og:image\" content=\"https:\/\/parier-presidentielle.com\/wp-content\/uploads\/2022\/04\/1xBit-pour-parier-sur-la-politique-en-bitcoin-1024x546.jpg\" \/>\n<meta name=\"twitter:card\" content=\"summary_large_image\" \/>\n<meta name=\"twitter:label1\" content=\"Est. reading time\" \/>\n\t<meta name=\"twitter:data1\" content=\"6 minutos\" \/>\n<script type=\"application\/ld+json\" class=\"yoast-schema-graph\">{\"@context\":\"https:\/\/schema.org\",\"@graph\":[{\"@type\":\"WebPage\",\"@id\":\"https:\/\/parier-presidentielle.com\/1xbit-politique\/\",\"url\":\"https:\/\/parier-presidentielle.com\/1xbit-politique\/\",\"name\":\"1xBit : Pour parier sur la Politique en Bitcoin - Finale Coupe du Monde FIFA\",\"isPartOf\":{\"@id\":\"https:\/\/parier-presidentielle.com\/#website\"},\"datePublished\":\"2022-02-17T16:17:02+00:00\",\"dateModified\":\"2022-04-11T22:47:22+00:00\",\"description\":\"Parier avec 1xBit : 7 BTC offert pour votre 1er Pari sur la Politique, le Sport! Guide du Bookmaker pour profiter du Bonus de bienvenue...\",\"breadcrumb\":{\"@id\":\"https:\/\/parier-presidentielle.com\/1xbit-politique\/#breadcrumb\"},\"inLanguage\":\"pt-PT\",\"potentialAction\":[{\"@type\":\"ReadAction\",\"target\":[\"https:\/\/parier-presidentielle.com\/1xbit-politique\/\"]}]},{\"@type\":\"BreadcrumbList\",\"@id\":\"https:\/\/parier-presidentielle.com\/1xbit-politique\/#breadcrumb\",\"itemListElement\":[{\"@type\":\"ListItem\",\"position\":1,\"name\":\"Accueil\",\"item\":\"https:\/\/parier-presidentielle.com\/\"},{\"@type\":\"ListItem\",\"position\":2,\"name\":\"1xBit : Pour parier sur la Politique en Bitcoin\"}]},{\"@type\":\"WebSite\",\"@id\":\"https:\/\/parier-presidentielle.com\/#website\",\"url\":\"https:\/\/parier-presidentielle.com\/\",\"name\":\"Parier Pr\u00e9sidentielle\",\"description\":\"Paris, Pronostics, Wiki sur la Politique, les Elections Am\u00e9ricaines: Joe Biden, Donald Trump avec les Bookmakers en ligne Unibet, Bwin, Betclic, Winamax\",\"potentialAction\":[{\"@type\":\"SearchAction\",\"target\":{\"@type\":\"EntryPoint\",\"urlTemplate\":\"https:\/\/parier-presidentielle.com\/?s={search_term_string}\"},\"query-input\":\"required name=search_term_string\"}],\"inLanguage\":\"pt-PT\"}]}<\/script>\n<!-- \/ Yoast SEO Premium plugin. -->","yoast_head_json":{"title":"1xBit : Pour parier sur la Politique en Bitcoin - Finale Coupe du Monde FIFA","description":"Parier avec 1xBit : 7 BTC offert pour votre 1er Pari sur la Politique, le Sport! Guide du Bookmaker pour profiter du Bonus de bienvenue...","robots":{"index":"index","follow":"follow","max-snippet":"max-snippet:-1","max-image-preview":"max-image-preview:large","max-video-preview":"max-video-preview:-1"},"canonical":"https:\/\/parier-presidentielle.com\/pt\/politica-1xbit\/","og_locale":"pt_PT","og_type":"article","og_title":"1xBit : Pour parier sur la Politique en Bitcoin","og_description":"Parier avec 1xBit : 7 BTC offert pour votre 1er Pari sur la Politique, le Sport! Guide du Bookmaker pour profiter du Bonus de bienvenue...","og_url":"https:\/\/parier-presidentielle.com\/pt\/politica-1xbit\/","og_site_name":"Parier Pr\u00e9sidentielle","article_modified_time":"2022-04-11T22:47:22+00:00","og_image":[{"url":"https:\/\/parier-presidentielle.com\/wp-content\/uploads\/2022\/04\/1xBit-pour-parier-sur-la-politique-en-bitcoin-1024x546.jpg"}],"twitter_card":"summary_large_image","twitter_misc":{"Est. reading time":"6 minutos"},"schema":{"@context":"https:\/\/schema.org","@graph":[{"@type":"WebPage","@id":"https:\/\/parier-presidentielle.com\/1xbit-politique\/","url":"https:\/\/parier-presidentielle.com\/1xbit-politique\/","name":"1xBit : Pour parier sur la Politique en Bitcoin - Finale Coupe du Monde FIFA","isPartOf":{"@id":"https:\/\/parier-presidentielle.com\/#website"},"datePublished":"2022-02-17T16:17:02+00:00","dateModified":"2022-04-11T22:47:22+00:00","description":"Parier avec 1xBit : 7 BTC offert pour votre 1er Pari sur la Politique, le Sport! Guide du Bookmaker pour profiter du Bonus de bienvenue...","breadcrumb":{"@id":"https:\/\/parier-presidentielle.com\/1xbit-politique\/#breadcrumb"},"inLanguage":"pt-PT","potentialAction":[{"@type":"ReadAction","target":["https:\/\/parier-presidentielle.com\/1xbit-politique\/"]}]},{"@type":"BreadcrumbList","@id":"https:\/\/parier-presidentielle.com\/1xbit-politique\/#breadcrumb","itemListElement":[{"@type":"ListItem","position":1,"name":"Accueil","item":"https:\/\/parier-presidentielle.com\/"},{"@type":"ListItem","position":2,"name":"1xBit : Pour parier sur la Politique en Bitcoin"}]},{"@type":"WebSite","@id":"https:\/\/parier-presidentielle.com\/#website","url":"https:\/\/parier-presidentielle.com\/","name":"Parier Pr\u00e9sidentielle","description":"Paris, Pronostics, Wiki sur la Politique, les Elections Am\u00e9ricaines: Joe Biden, Donald Trump avec les Bookmakers en ligne Unibet, Bwin, Betclic, Winamax","potentialAction":[{"@type":"SearchAction","target":{"@type":"EntryPoint","urlTemplate":"https:\/\/parier-presidentielle.com\/?s={search_term_string}"},"query-input":"required name=search_term_string"}],"inLanguage":"pt-PT"}]}},"_links":{"self":[{"href":"https:\/\/parier-presidentielle.com\/pt\/wp-json\/wp\/v2\/pages\/525"}],"collection":[{"href":"https:\/\/parier-presidentielle.com\/pt\/wp-json\/wp\/v2\/pages"}],"about":[{"href":"https:\/\/parier-presidentielle.com\/pt\/wp-json\/wp\/v2\/types\/page"}],"author":[{"embeddable":true,"href":"https:\/\/parier-presidentielle.com\/pt\/wp-json\/wp\/v2\/users\/1"}],"replies":[{"embeddable":true,"href":"https:\/\/parier-presidentielle.com\/pt\/wp-json\/wp\/v2\/comments?post=525"}],"version-history":[{"count":8,"href":"https:\/\/parier-presidentielle.com\/pt\/wp-json\/wp\/v2\/pages\/525\/revisions"}],"predecessor-version":[{"id":1228,"href":"https:\/\/parier-presidentielle.com\/pt\/wp-json\/wp\/v2\/pages\/525\/revisions\/1228"}],"wp:attachment":[{"href":"https:\/\/parier-presidentielle.com\/pt\/wp-json\/wp\/v2\/media?parent=525"}],"curies":[{"name":"wp","href":"https:\/\/api.w.org\/{rel}","templated":true}]}}