{"id":557,"date":"2022-02-21T12:38:33","date_gmt":"2022-02-21T11:38:33","guid":{"rendered":"https:\/\/parier-presidentielle.com\/?page_id=557"},"modified":"2022-10-27T08:34:43","modified_gmt":"2022-10-27T06:34:43","slug":"bwin-paris-sur-la-politique","status":"publish","type":"page","link":"https:\/\/parier-presidentielle.com\/pt\/bwin-paris-sobre-politica\/","title":{"rendered":"Bwin: Apostas na Pol\u00edtica"},"content":{"rendered":"<h2 class=\"wp-block-heading\" id=\"l-integralite-des-cotes-de-bwin-france-usa\"><span id=\"l8217integralite-des-cotes-de-bwin-pour-les-elections-en-france-usa8230\">As probabilidades totais da Bwin para as elei\u00e7\u00f5es em Fran\u00e7a, EUA\u2026<\/span><\/h2>\n\n\n\n<p>Se a Bwin \u00e9 uma das l\u00edderes em Apostas Desportivas, \u00e9 tamb\u00e9m a melhor casa de apostas na \u00e1rea das Apostas Pol\u00edticas e Elei\u00e7\u00f5es Presidenciais porque oferece o maior n\u00famero de apostas na pol\u00edtica Francesa, bem como na Pol\u00edtica Americana e Brit\u00e2nica (Primeiro Ministro)\u2026<br><\/p>\n\n\n<div class=\"wp-block-image\">\n<figure class=\"aligncenter size-medium is-resized\"><img decoding=\"async\" src=\"https:\/\/parier-presidentielle.com\/wp-content\/uploads\/2022\/02\/bwin-elections-300x175.png\" alt=\"\" class=\"wp-image-559\" width=\"500\" srcset=\"https:\/\/parier-presidentielle.com\/wp-content\/uploads\/2022\/02\/bwin-elections-300x175.png 300w, https:\/\/parier-presidentielle.com\/wp-content\/uploads\/2022\/02\/bwin-elections-1024x597.png 1024w, https:\/\/parier-presidentielle.com\/wp-content\/uploads\/2022\/02\/bwin-elections-768x448.png 768w, https:\/\/parier-presidentielle.com\/wp-content\/uploads\/2022\/02\/bwin-elections-1536x896.png 1536w, https:\/\/parier-presidentielle.com\/wp-content\/uploads\/2022\/02\/bwin-elections.png 1961w\" sizes=\"(max-width: 300px) 100vw, 300px\" \/><\/figure><\/div>\n\n\n<h3 class=\"wp-block-heading\" id=\"prochain-candidat-a-la-cour-supreme-des-etats-unis-les-cotes-de-bwin\"><span id=\"i\"><br><\/span><\/h3>\n\n\n\n<p>\u00c0 medida que as elei\u00e7\u00f5es presidenciais se aproximam, a Bwin oferece-se para apostar nas elei\u00e7\u00f5es. A Bwin \u00e9 uma casa de apostas especializada em apostas desportivas online e apostas ao vivo. A Fran\u00e7a eleita Presidente da Rep\u00fablica em 24 de abril de 2022.<\/p>\n\n\n\n<p><strong>Apostar nas pr\u00f3ximas elei\u00e7\u00f5es<\/strong><\/p>\n\n\n\n<p>O pr\u00f3ximo grande evento pol\u00edtico ser\u00e3o as elei\u00e7\u00f5es presidenciais na Fran\u00e7a. segundo turno, em 24 de abril de 2022, est\u00e3o dispon\u00edveis dois tipos de apostas na pol\u00edtica: quem ser\u00e1 o presidente eleito ap\u00f3s a elei\u00e7\u00e3o? Mas tamb\u00e9m qual partido obter\u00e1 a maioria absoluta na Assembleia Nacional?<\/p>\n\n\n\n<p>A Bwin indica que nos \u00faltimos anos as apostas assumiram uma nova dimens\u00e3o. Na verdade, muitos pol\u00edticos conseguiram capitalizar este tipo de aposta para transmitir a sua mensagem. Al\u00e9m disso, alguns candidatos chegaram a afirmar que tinham vencido antes mesmo do encerramento das urnas! Em suma, as apostas tornaram-se parte integrante de qualquer evento pol\u00edtico importante. Podemos ver isto como uma verdadeira demonstra\u00e7\u00e3o de compromisso democr\u00e1tico.<\/p>\n\n\n\n<p>Neste sentido, a vit\u00f3ria de Emmanuel Macron estimulou muito o interesse em apostar na pol\u00edtica. E se voc\u00ea quer saber tudo sobre a pol\u00edtica francesa e suas elei\u00e7\u00f5es (presidenciais, legislativas ou locais), voc\u00ea veio ao lugar certo! As casas de apostas fornecem todas as informa\u00e7\u00f5es poss\u00edveis: sondagens, probabilidades, mas tamb\u00e9m conselhos e previs\u00f5es para cada elei\u00e7\u00e3o.<\/p>\n\n\n\n<h3 class=\"wp-block-heading\" id=\"prochain-candidat-a-la-cour-supreme-des-etats-unis-les-cotes-de-bwin\"><span id=\"prochain-candidat-a-la-cour-supreme-des-etats-unis-les-cotes-de-bwin\"><a href=\"https:\/\/parier-presidentielle.com\/pt\/paris-candidato-tribunal-supremo-estados-unidos\/\">Pr\u00f3ximo Candidato ao Supremo Tribunal dos Estados Unidos, probabilidades Bwin<\/a><\/span><\/h3>\n\n\n\n<p id=\"prochain-candidat-a-la-cour-supreme-des-etats-unis01-04-2022-23-00\">Dia de elei\u00e7\u00e3o. 01\/04\/2022 23:00<br><strong>Quem ser\u00e1 o pr\u00f3ximo candidato \u00e0 Suprema Corte dos Estados Unidos?<\/strong> <br>Encontre todas as probabilidades Bwin para apostar nos candidatos: <br>Ketanji Brown Jackson, Julianna Michelle Childs, Leondra Kruger\u2026<br><\/p>\n\n\n\n<h3 class=\"wp-block-heading\" id=\"prochaine-election-presidentielle-en-france-les-cotes-de-bwin\"><span id=\"prochaine-election-presidentielle-en-france-les-cotes-de-bwin\"><a href=\"https:\/\/parier-presidentielle.com\/pt\/bwin-politica-eleicao-2022\/\">Pr\u00f3ximas elei\u00e7\u00f5es presidenciais em Fran\u00e7a, probabilidades Bwin<\/a><\/span><\/h3>\n\n\n\n<p>Dia de elei\u00e7\u00e3o. 14\/05\/2022 12:00<br><strong>Quem ser\u00e1 o pr\u00f3ximo presidente da rep\u00fablica francesa?<\/strong> <br>Encontre todas as probabilidades Bwin para apostar nos candidatos: <br><a href=\"https:\/\/parier-presidentielle.com\/pt\/eleicao-macron\/\">Emmanuel Macron<\/a>, Val\u00e9rie P\u00e9cresse, Anne Hidalgo, <a href=\"https:\/\/parier-presidentielle.com\/pt\/eleicao-de-marine-le-pen\/\">Marina Le Pen<\/a>, Jean-Luc M\u00e9lenchon, <a href=\"https:\/\/parier-presidentielle.com\/pt\/eleicao-zemmour\/\">Eric Zemmour<\/a><br><\/p>\n\n\n\n<h3 class=\"wp-block-heading\" id=\"election-presidentielle-americaine-2024-les-cotes-de-bwin\"><span id=\"election-presidentielle-americaine-2024-les-cotes-de-bwin\"><br>Elei\u00e7\u00f5es presidenciais dos EUA em 2024, probabilidades Bwin<\/span><\/h3>\n\n\n\n<p>05\/11\/2024 22:00<br>Encontre todas as probabilidades Bwin para apostar nos candidatos: <br>Donald Trump, Joe Biden, Kamala Harris, Pete Buttigieg, Tucker Carlson, Elizabeth Warren, Hillary Clinton,<br>Alexandria Ocasio-Cortez, Marco Rubio, Ted Cruz, Mike Pompeo, Mitt Romney\u2026<\/p>\n\n\n\n<h3 class=\"wp-block-heading\" id=\"prochain-premier-ministre-du-royaume-uni-les-cotes-de-bwin\"><span id=\"prochain-premier-ministre-du-royaume-uni-les-cotes-de-bwin\"><br><br>Pr\u00f3ximo Primeiro Ministro do Reino Unido, probabilidades Bwin<\/span><\/h3>\n\n\n\n<p><br>01\/01\/2025 10:00<br><\/p>\n\n\n\n<h2 class=\"wp-block-heading\" id=\"sondage-trahison-les-specificite-du-paris-politique\"><span id=\"sondage-trahison-les-specificite-du-paris-politique\">Pesquisa, Trai\u00e7\u00e3o: As especificidades da Paris Pol\u00edtica<\/span><\/h2>\n\n\n\n<p><br>Apostar antecipadamente pode render muito: porque as apostas nos resultados das elei\u00e7\u00f5es pol\u00edticas est\u00e3o dispon\u00edveis em <a href=\"https:\/\/parier-presidentielle.com\/pt\/bwin-politica-eleicao-2022\/\"><strong>Bwin<\/strong><\/a> e pode come\u00e7ar anos antes da data da elei\u00e7\u00e3o. Cada elei\u00e7\u00e3o tem as suas pr\u00f3prias surpresas e os apostadores devem ser capazes de julgar o que afecta o vencedor final. As \u00faltimas elei\u00e7\u00f5es francesas e americanas frustraram sempre muitas previs\u00f5es com reviravoltas e revers\u00f5es de \u00faltima hora!<\/p>\n\n\n\n<h3 class=\"wp-block-heading\" id=\"facteurs-affectant-les-paris-politiques\"><span id=\"facteurs-affectant-les-paris-politiques\"> <br>Fatores que afetam as apostas pol\u00edticas <\/span><\/h3>\n\n\n\n<p>V\u00e1rios fatores podem afetar o resultado. Pode ser um esc\u00e2ndalo, rumores vindos do campo da oposi\u00e7\u00e3o, acontecimentos actuais, uma convic\u00e7\u00e3o chocante, a qualidade dos l\u00edderes, as promessas de campanha, o partido que os apoia, a forma como os meios de comunica\u00e7\u00e3o social apresentam os candidatos, a for\u00e7a da cren\u00e7a no debate.<\/p>\n\n\n\n<h3 class=\"wp-block-heading\" id=\"parier-sur-la-prochaine-election\"><span id=\"parier-sur-la-prochaine-election-avec-bwin\"><br>Aposte nas pr\u00f3ximas elei\u00e7\u00f5es com Bwin<\/span><\/h3>\n\n\n\n<p>O pr\u00f3ximo grande evento pol\u00edtico ser\u00e3o as elei\u00e7\u00f5es presidenciais francesas (todas as apostas s\u00e3o nas elei\u00e7\u00f5es presidenciais francesas). Enquanto o primeiro turno acontecer\u00e1 no dia 10 de abril e o segundo no dia 24 de abril de 2022, dois tipos de apostas pol\u00edticas s\u00e3o poss\u00edveis: Quem chegar\u00e1 ao segundo turno e quem ser\u00e1 o presidente eleito ao final da vota\u00e7\u00e3o?<br>No final de 2022, o Brasil realizar\u00e1 elei\u00e7\u00f5es presidenciais. Os pr\u00f3ximos grandes eventos ser\u00e3o as elei\u00e7\u00f5es presidenciais dos EUA em 2024 e o pr\u00f3ximo primeiro-ministro do Reino Unido em janeiro de 2025. Aposte em nosso site em qual lado do Partido Democrata ou Republicano vencer\u00e1 as elei\u00e7\u00f5es presidenciais dos EUA.<\/p>\n<div id=\"toc_container\" class=\"no_bullets\"><p class=\"toc_title\">Conte\u00fado<\/p><ul class=\"toc_list\"><li><ul><li><\/li><li><\/li><li><\/li><li><\/li><li><\/li><\/ul><\/li><li><ul><li><\/li><li><\/li><\/ul><\/li><\/ul><\/div>","protected":false},"excerpt":{"rendered":"<p>L&#8217;int\u00e9gralit\u00e9 des cotes de Bwin pour les \u00e9lections en France, Usa&#8230; Si Bwin est un des leaders du Paris Sportif il est \u00e9galement le meilleur bookmaker dans le domaine du Pari Politique et des \u00c9lections pr\u00e9sidentielles car il propose le plus de pari aussi bien sur la vie politique Fran\u00e7aise que celle Am\u00e9ricaine, Britannique ( &#8230;<\/p>","protected":false},"author":1,"featured_media":0,"parent":0,"menu_order":0,"comment_status":"closed","ping_status":"closed","template":"page-nosidebar.php","meta":{"footnotes":""},"yoast_head":"<!-- This site is optimized with the Yoast SEO Premium plugin v21.0 (Yoast SEO v21.0) - https:\/\/yoast.com\/wordpress\/plugins\/seo\/ -->\n<title>Bwin : Paris sur la Politique - Finale Coupe du Monde FIFA<\/title>\n<meta name=\"description\" content=\"Parier sur les \u00e9lections Fran\u00e7aise, Am\u00e9ricaine avec le meilleur Bookmaker : Bwin. Int\u00e9gralit\u00e9 des cotes et pronostics pour Parier sur la Politique.\" \/>\n<meta name=\"robots\" content=\"index, follow, max-snippet:-1, max-image-preview:large, max-video-preview:-1\" \/>\n<link rel=\"canonical\" href=\"https:\/\/parier-presidentielle.com\/pt\/bwin-paris-sobre-politica\/\" \/>\n<meta property=\"og:locale\" content=\"pt_PT\" \/>\n<meta property=\"og:type\" content=\"article\" \/>\n<meta property=\"og:title\" content=\"Bwin : Paris sur la Politique\" \/>\n<meta property=\"og:description\" content=\"Parier sur les \u00e9lections Fran\u00e7aise, Am\u00e9ricaine avec le meilleur Bookmaker : Bwin. Int\u00e9gralit\u00e9 des cotes et pronostics pour Parier sur la Politique.\" \/>\n<meta property=\"og:url\" content=\"https:\/\/parier-presidentielle.com\/pt\/bwin-paris-sobre-politica\/\" \/>\n<meta property=\"og:site_name\" content=\"Parier Pr\u00e9sidentielle\" \/>\n<meta property=\"article:modified_time\" content=\"2022-10-27T06:34:43+00:00\" \/>\n<meta property=\"og:image\" content=\"https:\/\/parier-presidentielle.com\/wp-content\/uploads\/2022\/02\/bwin-elections-300x175.png\" \/>\n<meta name=\"twitter:card\" content=\"summary_large_image\" \/>\n<meta name=\"twitter:label1\" content=\"Est. reading time\" \/>\n\t<meta name=\"twitter:data1\" content=\"4 minutos\" \/>\n<script type=\"application\/ld+json\" class=\"yoast-schema-graph\">{\"@context\":\"https:\/\/schema.org\",\"@graph\":[{\"@type\":\"WebPage\",\"@id\":\"https:\/\/parier-presidentielle.com\/bwin-paris-sur-la-politique\/\",\"url\":\"https:\/\/parier-presidentielle.com\/bwin-paris-sur-la-politique\/\",\"name\":\"Bwin : Paris sur la Politique - Finale Coupe du Monde FIFA\",\"isPartOf\":{\"@id\":\"https:\/\/parier-presidentielle.com\/#website\"},\"datePublished\":\"2022-02-21T11:38:33+00:00\",\"dateModified\":\"2022-10-27T06:34:43+00:00\",\"description\":\"Parier sur les \u00e9lections Fran\u00e7aise, Am\u00e9ricaine avec le meilleur Bookmaker : Bwin. Int\u00e9gralit\u00e9 des cotes et pronostics pour Parier sur la Politique.\",\"breadcrumb\":{\"@id\":\"https:\/\/parier-presidentielle.com\/bwin-paris-sur-la-politique\/#breadcrumb\"},\"inLanguage\":\"pt-PT\",\"potentialAction\":[{\"@type\":\"ReadAction\",\"target\":[\"https:\/\/parier-presidentielle.com\/bwin-paris-sur-la-politique\/\"]}]},{\"@type\":\"BreadcrumbList\",\"@id\":\"https:\/\/parier-presidentielle.com\/bwin-paris-sur-la-politique\/#breadcrumb\",\"itemListElement\":[{\"@type\":\"ListItem\",\"position\":1,\"name\":\"Accueil\",\"item\":\"https:\/\/parier-presidentielle.com\/\"},{\"@type\":\"ListItem\",\"position\":2,\"name\":\"Bwin : Paris sur la Politique\"}]},{\"@type\":\"WebSite\",\"@id\":\"https:\/\/parier-presidentielle.com\/#website\",\"url\":\"https:\/\/parier-presidentielle.com\/\",\"name\":\"Parier Pr\u00e9sidentielle\",\"description\":\"Paris, Pronostics, Wiki sur la Politique, les Elections Am\u00e9ricaines: Joe Biden, Donald Trump avec les Bookmakers en ligne Unibet, Bwin, Betclic, Winamax\",\"potentialAction\":[{\"@type\":\"SearchAction\",\"target\":{\"@type\":\"EntryPoint\",\"urlTemplate\":\"https:\/\/parier-presidentielle.com\/?s={search_term_string}\"},\"query-input\":\"required name=search_term_string\"}],\"inLanguage\":\"pt-PT\"}]}<\/script>\n<!-- \/ Yoast SEO Premium plugin. -->","yoast_head_json":{"title":"Bwin : Paris sur la Politique - Finale Coupe du Monde FIFA","description":"Parier sur les \u00e9lections Fran\u00e7aise, Am\u00e9ricaine avec le meilleur Bookmaker : Bwin. Int\u00e9gralit\u00e9 des cotes et pronostics pour Parier sur la Politique.","robots":{"index":"index","follow":"follow","max-snippet":"max-snippet:-1","max-image-preview":"max-image-preview:large","max-video-preview":"max-video-preview:-1"},"canonical":"https:\/\/parier-presidentielle.com\/pt\/bwin-paris-sobre-politica\/","og_locale":"pt_PT","og_type":"article","og_title":"Bwin : Paris sur la Politique","og_description":"Parier sur les \u00e9lections Fran\u00e7aise, Am\u00e9ricaine avec le meilleur Bookmaker : Bwin. Int\u00e9gralit\u00e9 des cotes et pronostics pour Parier sur la Politique.","og_url":"https:\/\/parier-presidentielle.com\/pt\/bwin-paris-sobre-politica\/","og_site_name":"Parier Pr\u00e9sidentielle","article_modified_time":"2022-10-27T06:34:43+00:00","og_image":[{"url":"https:\/\/parier-presidentielle.com\/wp-content\/uploads\/2022\/02\/bwin-elections-300x175.png"}],"twitter_card":"summary_large_image","twitter_misc":{"Est. reading time":"4 minutos"},"schema":{"@context":"https:\/\/schema.org","@graph":[{"@type":"WebPage","@id":"https:\/\/parier-presidentielle.com\/bwin-paris-sur-la-politique\/","url":"https:\/\/parier-presidentielle.com\/bwin-paris-sur-la-politique\/","name":"Bwin : Paris sur la Politique - Finale Coupe du Monde FIFA","isPartOf":{"@id":"https:\/\/parier-presidentielle.com\/#website"},"datePublished":"2022-02-21T11:38:33+00:00","dateModified":"2022-10-27T06:34:43+00:00","description":"Parier sur les \u00e9lections Fran\u00e7aise, Am\u00e9ricaine avec le meilleur Bookmaker : Bwin. Int\u00e9gralit\u00e9 des cotes et pronostics pour Parier sur la Politique.","breadcrumb":{"@id":"https:\/\/parier-presidentielle.com\/bwin-paris-sur-la-politique\/#breadcrumb"},"inLanguage":"pt-PT","potentialAction":[{"@type":"ReadAction","target":["https:\/\/parier-presidentielle.com\/bwin-paris-sur-la-politique\/"]}]},{"@type":"BreadcrumbList","@id":"https:\/\/parier-presidentielle.com\/bwin-paris-sur-la-politique\/#breadcrumb","itemListElement":[{"@type":"ListItem","position":1,"name":"Accueil","item":"https:\/\/parier-presidentielle.com\/"},{"@type":"ListItem","position":2,"name":"Bwin : Paris sur la Politique"}]},{"@type":"WebSite","@id":"https:\/\/parier-presidentielle.com\/#website","url":"https:\/\/parier-presidentielle.com\/","name":"Parier Pr\u00e9sidentielle","description":"Paris, Pronostics, Wiki sur la Politique, les Elections Am\u00e9ricaines: Joe Biden, Donald Trump avec les Bookmakers en ligne Unibet, Bwin, Betclic, Winamax","potentialAction":[{"@type":"SearchAction","target":{"@type":"EntryPoint","urlTemplate":"https:\/\/parier-presidentielle.com\/?s={search_term_string}"},"query-input":"required name=search_term_string"}],"inLanguage":"pt-PT"}]}},"_links":{"self":[{"href":"https:\/\/parier-presidentielle.com\/pt\/wp-json\/wp\/v2\/pages\/557"}],"collection":[{"href":"https:\/\/parier-presidentielle.com\/pt\/wp-json\/wp\/v2\/pages"}],"about":[{"href":"https:\/\/parier-presidentielle.com\/pt\/wp-json\/wp\/v2\/types\/page"}],"author":[{"embeddable":true,"href":"https:\/\/parier-presidentielle.com\/pt\/wp-json\/wp\/v2\/users\/1"}],"replies":[{"embeddable":true,"href":"https:\/\/parier-presidentielle.com\/pt\/wp-json\/wp\/v2\/comments?post=557"}],"version-history":[{"count":24,"href":"https:\/\/parier-presidentielle.com\/pt\/wp-json\/wp\/v2\/pages\/557\/revisions"}],"predecessor-version":[{"id":1684,"href":"https:\/\/parier-presidentielle.com\/pt\/wp-json\/wp\/v2\/pages\/557\/revisions\/1684"}],"wp:attachment":[{"href":"https:\/\/parier-presidentielle.com\/pt\/wp-json\/wp\/v2\/media?parent=557"}],"curies":[{"name":"wp","href":"https:\/\/api.w.org\/{rel}","templated":true}]}}