{"id":68,"date":"2021-09-07T09:24:43","date_gmt":"2021-09-07T07:24:43","guid":{"rendered":"https:\/\/parier-presidentielle.com\/?page_id=68"},"modified":"2022-03-09T10:41:39","modified_gmt":"2022-03-09T09:41:39","slug":"emmanuel-macron-marine-le-pen-eric-zemmour-sondage","status":"publish","type":"page","link":"https:\/\/parier-presidentielle.com\/pt\/pesquisa-emmanuel-macron-marine-le-pen-eric-zemmour\/","title":{"rendered":"Elei\u00e7\u00f5es presidenciais de 2022: Segundo pesquisas, Emmanuel Macron e Marine Le Pen estar\u00e3o no segundo turno"},"content":{"rendered":"<p><\/p>\n\n\n\n<p><\/p>\n\n\n\n<h2 class=\"wp-block-heading\"><span id=\"d8217apres-les-sondages-emmanuel-macron-et-marine-le-pen-seront-a-l8217election-presidentielle-de-2022-et-s8217affronteront-au-second-tour-quels-que-soient-les-autres-candidats-dont-eric-zemmour\">Segundo as pesquisas, Emmanuel Macron e Marine Le Pen estar\u00e3o nas elei\u00e7\u00f5es presidenciais de 2022 e se enfrentar\u00e3o no segundo turno, independentemente dos demais candidatos, incluindo Eric Zemmour. <\/span><\/h2>\n\n\n\n<p>De acordo com a sondagem Ipsos publicada para a Franceinfo na sexta-feira, 3 de setembro, faltam sete meses para a primeira volta das elei\u00e7\u00f5es presidenciais de 10 de abril de 2022. Emmanuel Macron e Marine Le Pen continuam na lideran\u00e7a em termos de inten\u00e7\u00f5es de voto. Dependendo das circunst\u00e2ncias, o chefe de estado cessante obteve 24 a 26 votos no %, e o Presidente da Assembleia Nacional recebeu 19 a 23 votos no %.<br>Foram testadas seis hip\u00f3teses diferentes, dependendo dos candidatos apoiados pelo Partido Republicano e da candidatura de Eric Zemmour.<\/p>\n\n\n\n<div class=\"wp-block-image wp-duotone-000097-ff4747-1\"><figure class=\"aligncenter size-large is-resized\"><img decoding=\"async\" loading=\"lazy\" src=\"https:\/\/parier-presidentielle.com\/wp-content\/uploads\/2021\/09\/macron-le-pen-1024x576.jpg\" alt=\"Reuni\u00e3o entre Macron e Le Pen\" class=\"wp-image-135\" width=\"559\" height=\"314\" srcset=\"https:\/\/parier-presidentielle.com\/wp-content\/uploads\/2021\/09\/macron-le-pen-1024x576.jpg 1024w, https:\/\/parier-presidentielle.com\/wp-content\/uploads\/2021\/09\/macron-le-pen-300x169.jpg 300w, https:\/\/parier-presidentielle.com\/wp-content\/uploads\/2021\/09\/macron-le-pen-768x432.jpg 768w, https:\/\/parier-presidentielle.com\/wp-content\/uploads\/2021\/09\/macron-le-pen.jpg 1350w\" sizes=\"(max-width: 559px) 100vw, 559px\" \/><\/figure><\/div>\n\n\n\n<p><\/p>\n\n\n\n<h2 class=\"wp-block-heading\"><span id=\"sondages-et-cote-tres-basse-pour-les-autres-candidats\">Pesquisas e probabilidades muito baixas para outros candidatos<\/span><\/h2>\n\n\n\n<p><br>Os republicanos Bertrand, P\u00e9cresse e Barnier representam 11% a 17%<br>\u201cMarine Le Pen agora controla a possibilidade de entrar no segundo turno, mas seu n\u00edvel caiu. Segundo an\u00e1lise de Brice Teinturier, principal representante da Ipsos France. Podemos jogar com tr\u00eas, embora os republicanos ainda n\u00e3o os tenham seleccionado. . Como eles nomear\u00e3o seus candidatos? Com efeito, em todas as hip\u00f3teses estudadas, os candidatos de direita ocupavam o terceiro lugar em termos de inten\u00e7\u00f5es de voto. De acordo com a candidatura de Eric Zemmour, Xavier Bertrand recebeu 15 a 17 % de inten\u00e7\u00f5es de voto, Val\u00e9rie P\u00e9cresse recebeu 14 a 16 % e Michel Barnier recebeu 11 a 13 %. Brice Teinturier declarou que antes de Michel Barnier, \u201ca diferen\u00e7a entre Xavier Bertrand e Val\u00e9rie P\u00e9cresse estreitou muito\u201d. \u201cNada \u00e9 decisivo, mesmo que as opini\u00f5es mostrem que Xavier Bertrand tem vantagem.\u201d Estas tr\u00eas personalidades foram de facto testadas com simpatizantes do LR-UDI, e as prim\u00e1rias republicanas ainda n\u00e3o confirmaram que o candidato certo tinha sido nomeado. Assim, Xavier Bertrand recebeu 39 pareceres favor\u00e1veis do % da direita, Val\u00e9rie P\u00e9cresse 29 % e Michel Barnier 22 %. Apenas 29 apoiadores do % apoiam as elei\u00e7\u00f5es prim\u00e1rias da organiza\u00e7\u00e3o. O 41% concorda com a solu\u00e7\u00e3o de escolher os seus candidatos \u201cno \u00e2mbito da Assembleia Geral\u201d, reunindo \u201cl\u00edderes de direita\u201d.<\/p>\n\n\n\n<p>Em caso de aplica\u00e7\u00e3o, <a href=\"https:\/\/parier-presidentielle.com\/pt\/eleicao-zemmour\/\">Eric Zemmour<\/a> coletou 8 a 8,5% de inten\u00e7\u00f5es de voto. Segundo o representante-geral da Ipsos, o placar \u201cn\u00e3o deve ser descurado\u201d, mas isso \u201cn\u00e3o mudou muito\u201d porque os eleitores no debatedor \u201ct\u00eam tantos ataques ao RN como \u00e0 LR\u201d.<\/p>\n\n\n\n<h2 class=\"wp-block-heading\"><span id=\"un-taux-de-participation-record-pour-la-campagne-2022\">Uma taxa de participa\u00e7\u00e3o recorde para a campanha de 2022<\/span><\/h2>\n\n\n\n<p><\/p>\n\n\n\n<p>Quase sete em cada dez franceses pensam que votar\u00e3o, de acordo com a sondagem Ipsos-Sopra Steria da franceinfo e do Le Parisien\/Aujourd&#039;hui em Fran\u00e7a. \u201cSem uma posi\u00e7\u00e3o de for\u00e7a, Yannick Jadot lidera por 10 %s, mas apenas \u00e0 frente dos 9 %s de Anne Hidalgo e dos 8 %s a 8,5 %s de Jean-Luc M\u00e9lenchon\u201d, analisou Brice Teinturier. Segundo ele, \u201cas pontua\u00e7\u00f5es dos candidatos ambientalistas s\u00e3o iguais ou superiores \u00e0s dos socialistas, isto n\u00e3o \u00e9 sem import\u00e2ncia\u201d. Na Europa, depois nas elei\u00e7\u00f5es municipais e regionais, esta tend\u00eancia parece confirmar-se!<\/p>\n\n\n\n<p><\/p>\n\n\n\n<h3 class=\"has-text-align-center wp-block-heading\"><span id=\"dossier-special-bookmaker-unibet-bwin-mondial-quatar\"><br>Reportagem Especial Casa de Apostas Unibet Bwin e Mondial Quatar <\/span><\/h3>\n\n\n\n<p>Fa\u00e7a a sua primeira aposta online em Pol\u00edtica e todos os desportos gra\u00e7as aos nossos ficheiros nos diferentes sites: Betclic, Winamax, Unibet, Betclic: <\/p>\n\n\n\n<p>Com a ajuda de casas de apostas online como Bwin, Unibet e Betclic, voc\u00ea pode acessar uma variedade de mercados de apostas para o torneio, dando-lhe a chance de ganhar muito. Concluindo, a sele\u00e7\u00e3o francesa pode ser uma das equipes a serem observadas durante o Mundial de 2022 X\u00edcara. Com a ajuda de casas de apostas online como Bwin, Unibet e Betclic, poder\u00e1 recolher informa\u00e7\u00f5es sobre Portugal e fazer apostas informadas sobre o seu desempenho neste torneio. Ent\u00e3o porque n\u00e3o aproveitar a oportunidade de beneficiar potencialmente do sucesso da Fran\u00e7a em 2022?<\/p>\n\n\n\n<p class=\"has-text-align-center unibet\" style=\"font-size:25px\"><mark style=\"background-color:rgba(0, 0, 0, 0);color:#0d7a12\" class=\"has-inline-color\"><strong><a href=\"https:\/\/parier-presidentielle.com\/pt\/recommends\/unibet\/\">B\u00f4nus de 150\u20ac oferecido com Unibet<br>Para sua primeira aposta pol\u00edtica ou esportiva: Clique aqui<\/a><\/strong><\/mark><\/p>\n\n\n\n<p><\/p>\n\n\n<div class=\"wp-block-image\">\n<figure class=\"aligncenter is-resized wp-duotone-000097-ff4747-2\"><img decoding=\"async\" loading=\"lazy\" src=\"https:\/\/parier-presidentielle.com\/wp-content\/uploads\/2021\/09\/election-standard-scale-4_00x-gigapixel-1024x623.jpg\" alt=\"Elei\u00e7\u00f5es 2022\" style=\"width:256px;height:156px\" width=\"256\" height=\"156\"\/><\/figure><\/div>\n\n\n<p><br><\/p>\n\n\n\n<p><strong>Parier-presidencial ajuda voc\u00ea a fazer sua escolha entre os diferentes<a href=\"https:\/\/parier-presidentielle.com\/pt\/\"> Casas de apostas Bwin, Unibet e Betclic apostar\u00e3o no futuro presidente americano em 2024<\/a> : <\/strong><br><a href=\"https:\/\/parier-presidentielle.com\/pt\/unibet-politica-eleicao-2022\/\">Casa de apostas presidencial Unibet<\/a> : Guia detalhado e gratuito para fazer sua primeira aposta online com todas as probabilidades e como aproveitar o b\u00f4nus oferecido!<\/p>\n\n\n\n<p>Bem como outros sites online de Paris: <a href=\"https:\/\/parier-presidentielle.com\/pt\/unibet-politica-eleicao-2022\/\">Bwin<\/a>, <a href=\"https:\/\/parier-presidentielle.com\/pt\/netbet-paris-politica-eleicao-2022\/\">NetBet<\/a>, <a href=\"https:\/\/parier-presidentielle.com\/pt\/betclic-presidencial-2022\/\">Betclic<\/a>, <a href=\"https:\/\/parier-presidentielle.com\/pt\/winamax-politica-eleicao-2022\/\">Winamax<\/a>, Parions Sport, Zebet,Betway, Fran\u00e7a-Pari,Vbet, Cloudbet, 1Xbit, 1xbet, Betfair, Betwinner\u2026<\/p>\n\n\n\n<div class=\"wp-block-columns is-layout-flex wp-container-7 wp-block-columns-is-layout-flex\">\n<div class=\"wp-block-column is-layout-flow wp-block-column-is-layout-flow\" style=\"flex-basis:33.33%\">\n<p>Voc\u00ea acabou de ler nosso arquivo:<\/p>\n<\/div>\n\n\n\n<div class=\"wp-block-column is-layout-flow wp-block-column-is-layout-flow\" style=\"flex-basis:33.33%\">\n<div class=\"wp-block-group is-layout-flow wp-block-group-is-layout-flow\"><div class=\"wp-block-group__inner-container\"><h4 class=\"has-text-align-center wp-block-post-title\"><span id=\"election-presidentielle-2022-selon-les-sondages-emmanuel-macron-et-marine-le-pen-seront-au-second-tour\"><a href=\"https:\/\/parier-presidentielle.com\/pt\/pesquisa-emmanuel-macron-marine-le-pen-eric-zemmour\/\" target=\"_self\" >Elei\u00e7\u00f5es presidenciais de 2022: Segundo pesquisas, Emmanuel Macron e Marine Le Pen estar\u00e3o no segundo turno<\/a><\/span><\/h4><\/div><\/div>\n<\/div>\n\n\n\n<div class=\"wp-block-column is-layout-flow wp-block-column-is-layout-flow\" style=\"flex-basis:33.33%\">\n<p class=\"has-text-align-right\">Continue lendo com nossos outros arquivos exclusivos,<\/p>\n<\/div>\n<\/div>\n\n\n\n<h3 class=\"wp-block-heading\" id=\"tous-les-pronostics-sondage-et-cotes-pour-parier-sur-le-futur-vainqueur-de-l-election-presidentielle-2022\"><span id=\"tous-les-pronostics-sondage-et-cotes-pour-parier-sur-le-futur-vainqueur-de-l8217election-presidentielle-2024\">Todas as previs\u00f5es, pesquisas e probabilidades para apostar no futuro vencedor das elei\u00e7\u00f5es presidenciais de 2024:<\/span><\/h3>\n\n\n\n<ul>\n<li><a href=\"https:\/\/parier-presidentielle.com\/pt\/eleicao-macron\/\">Aposte em Emmanuel Macron com Unibet, Betclic, Bwin<\/a> : O favorito em enquetes e previs\u00f5es <\/li>\n\n\n\n<li><a href=\"https:\/\/parier-presidentielle.com\/pt\/eleicao-de-marine-le-pen\/\">Marine Le Pen: Suas probabilidades e como apostar nas casas de apostas<\/a>: O desafiante de acordo com a Unibet<\/li>\n<\/ul>\n\n\n\n<p><\/p>\n\n\n\n<center><script type=\"text\/javascript\" charset=\"utf-8\" src=\"https:\/\/www.gambling-affiliation.com\/cpm\/v=AmIMTDSs92QY6b0MzDMvM5laCjJ-ZlA-1oQ-7tKsi.w_GA7331V2\"><\/script><\/center>\n\n\n\n<h3 class=\"wp-block-heading\"><span id=\"donald-trump-vs-joe-biden-la-video-qui-lance-les-paris-en-ligne-sur-l8217election-politique-de-2024\">Donald Trump vs Joe Biden: O v\u00eddeo que lan\u00e7a apostas online nas elei\u00e7\u00f5es pol\u00edticas de 2024<\/span><\/h3>\n\n\n\n<figure class=\"wp-block-embed is-type-video is-provider-youtube wp-block-embed-youtube wp-embed-aspect-16-9 wp-has-aspect-ratio\"><div class=\"wp-block-embed__wrapper\">\n<iframe loading=\"lazy\" title=\"Ex-presidente Donald Trump lan\u00e7a candidatura \u00e0 Casa Branca para 2024 #Short\" width=\"640\" height=\"360\" src=\"https:\/\/www.youtube.com\/embed\/hZykPRVe4Ag?feature=oembed\" frameborder=\"0\" allow=\"accelerometer; autoplay; clipboard-write; encrypted-media; gyroscope; picture-in-picture; web-share\" allowfullscreen><\/iframe>\n<\/div><\/figure>\n\n\n<div class=\"wp-block-image\">\n<figure class=\"aligncenter size-medium\"><a href=\"https:\/\/parier-presidentielle.com\/pt\/recommends\/unibet\/\" target=\"_blank\" rel=\"noopener\"><img decoding=\"async\" loading=\"lazy\" width=\"300\" height=\"169\" src=\"https:\/\/parier-presidentielle.com\/wp-content\/uploads\/2022\/04\/unibet-300x169.jpg\" alt=\"\" class=\"wp-image-1252\" srcset=\"https:\/\/parier-presidentielle.com\/wp-content\/uploads\/2022\/04\/unibet-300x169.jpg 300w, https:\/\/parier-presidentielle.com\/wp-content\/uploads\/2022\/04\/unibet-1024x576.jpg 1024w, https:\/\/parier-presidentielle.com\/wp-content\/uploads\/2022\/04\/unibet-768x432.jpg 768w, https:\/\/parier-presidentielle.com\/wp-content\/uploads\/2022\/04\/unibet-18x10.jpg 18w, https:\/\/parier-presidentielle.com\/wp-content\/uploads\/2022\/04\/unibet.jpg 1280w\" sizes=\"(max-width: 300px) 100vw, 300px\" \/><\/a><\/figure><\/div>\n\n\n<p>Encontre o Wiki, as not\u00edcias pol\u00edticas essenciais sobre a Cannabis e seus derivados legais: <strong>HHC, H4cbd, Thcp, Thcv, HSD, HHCPO, C4B<\/strong><\/p>\n<div id=\"toc_container\" class=\"no_bullets\"><p class=\"toc_title\">Conte\u00fado<\/p><ul class=\"toc_list\"><li><\/li><li><\/li><li><ul><li><ul><li><\/li><\/ul><\/li><li><\/li><li><\/li><\/ul><\/li><\/ul><\/div>","protected":false},"excerpt":{"rendered":"<p>D&#8217;apr\u00e8s les sondages Emmanuel Macron et Marine Le Pen seront \u00e0 l&#8217;\u00e9lection pr\u00e9sidentielle de 2022 et s&#8217;affronteront au second tour, quels que soient les autres candidats, dont Eric Zemmour. Selon le sondage Ipsos publi\u00e9 pour Franceinfo vendredi 3 septembre, il reste sept mois avant le premier tour de la pr\u00e9sidentielle du 10 avril 2022. Emmanuel &#8230;<\/p>","protected":false},"author":1,"featured_media":0,"parent":0,"menu_order":0,"comment_status":"closed","ping_status":"closed","template":"page-nosidebar.php","meta":{"footnotes":""},"yoast_head":"<!-- This site is optimized with the Yoast SEO Premium plugin v21.0 (Yoast SEO v21.0) - https:\/\/yoast.com\/wordpress\/plugins\/seo\/ -->\n<title>Macron devant Le Pen : Selon les Sondages et Bookmakers pour l&#039;Election 2022<\/title>\n<meta name=\"description\" content=\"D\u2019apr\u00e8s les sondages Emmanuel Macron et Marine Le Pen seront \u00e0 l\u2019\u00e9lection pr\u00e9sidentielle de 2022 et s\u2019affronteront au second tour,...\" \/>\n<meta name=\"robots\" content=\"index, follow, max-snippet:-1, max-image-preview:large, max-video-preview:-1\" \/>\n<link rel=\"canonical\" href=\"https:\/\/parier-presidentielle.com\/pt\/pesquisa-emmanuel-macron-marine-le-pen-eric-zemmour\/\" \/>\n<meta property=\"og:locale\" content=\"pt_PT\" \/>\n<meta property=\"og:type\" content=\"article\" \/>\n<meta property=\"og:title\" content=\"Election Pr\u00e9sidentielle 2022 : Selon les sondages, Emmanuel Macron et Marine Le Pen seront au second tour\" \/>\n<meta property=\"og:description\" content=\"D\u2019apr\u00e8s les sondages Emmanuel Macron et Marine Le Pen seront \u00e0 l\u2019\u00e9lection pr\u00e9sidentielle de 2022 et s\u2019affronteront au second tour,...\" \/>\n<meta property=\"og:url\" content=\"https:\/\/parier-presidentielle.com\/pt\/pesquisa-emmanuel-macron-marine-le-pen-eric-zemmour\/\" \/>\n<meta property=\"og:site_name\" content=\"Parier Pr\u00e9sidentielle\" \/>\n<meta property=\"article:modified_time\" content=\"2022-03-09T09:41:39+00:00\" \/>\n<meta property=\"og:image\" content=\"https:\/\/parier-presidentielle.com\/wp-content\/uploads\/2021\/09\/macron-le-pen-1024x576.jpg\" \/>\n<meta name=\"twitter:card\" content=\"summary_large_image\" \/>\n<meta name=\"twitter:label1\" content=\"Est. reading time\" \/>\n\t<meta name=\"twitter:data1\" content=\"3 minutos\" \/>\n<script type=\"application\/ld+json\" class=\"yoast-schema-graph\">{\"@context\":\"https:\/\/schema.org\",\"@graph\":[{\"@type\":\"WebPage\",\"@id\":\"https:\/\/parier-presidentielle.com\/emmanuel-macron-marine-le-pen-eric-zemmour-sondage\/\",\"url\":\"https:\/\/parier-presidentielle.com\/emmanuel-macron-marine-le-pen-eric-zemmour-sondage\/\",\"name\":\"Macron devant Le Pen : Selon les Sondages et Bookmakers pour l'Election 2022\",\"isPartOf\":{\"@id\":\"https:\/\/parier-presidentielle.com\/#website\"},\"datePublished\":\"2021-09-07T07:24:43+00:00\",\"dateModified\":\"2022-03-09T09:41:39+00:00\",\"description\":\"D\u2019apr\u00e8s les sondages Emmanuel Macron et Marine Le Pen seront \u00e0 l\u2019\u00e9lection pr\u00e9sidentielle de 2022 et s\u2019affronteront au second tour,...\",\"breadcrumb\":{\"@id\":\"https:\/\/parier-presidentielle.com\/emmanuel-macron-marine-le-pen-eric-zemmour-sondage\/#breadcrumb\"},\"inLanguage\":\"pt-PT\",\"potentialAction\":[{\"@type\":\"ReadAction\",\"target\":[\"https:\/\/parier-presidentielle.com\/emmanuel-macron-marine-le-pen-eric-zemmour-sondage\/\"]}]},{\"@type\":\"BreadcrumbList\",\"@id\":\"https:\/\/parier-presidentielle.com\/emmanuel-macron-marine-le-pen-eric-zemmour-sondage\/#breadcrumb\",\"itemListElement\":[{\"@type\":\"ListItem\",\"position\":1,\"name\":\"Accueil\",\"item\":\"https:\/\/parier-presidentielle.com\/\"},{\"@type\":\"ListItem\",\"position\":2,\"name\":\"Election Pr\u00e9sidentielle 2022 : Selon les sondages, Emmanuel Macron et Marine Le Pen seront au second tour\"}]},{\"@type\":\"WebSite\",\"@id\":\"https:\/\/parier-presidentielle.com\/#website\",\"url\":\"https:\/\/parier-presidentielle.com\/\",\"name\":\"Parier Pr\u00e9sidentielle\",\"description\":\"Paris, Pronostics, Wiki sur la Politique, les Elections Am\u00e9ricaines: Joe Biden, Donald Trump avec les Bookmakers en ligne Unibet, Bwin, Betclic, Winamax\",\"potentialAction\":[{\"@type\":\"SearchAction\",\"target\":{\"@type\":\"EntryPoint\",\"urlTemplate\":\"https:\/\/parier-presidentielle.com\/?s={search_term_string}\"},\"query-input\":\"required name=search_term_string\"}],\"inLanguage\":\"pt-PT\"}]}<\/script>\n<!-- \/ Yoast SEO Premium plugin. -->","yoast_head_json":{"title":"Macron devant Le Pen : Selon les Sondages et Bookmakers pour l'Election 2022","description":"D\u2019apr\u00e8s les sondages Emmanuel Macron et Marine Le Pen seront \u00e0 l\u2019\u00e9lection pr\u00e9sidentielle de 2022 et s\u2019affronteront au second tour,...","robots":{"index":"index","follow":"follow","max-snippet":"max-snippet:-1","max-image-preview":"max-image-preview:large","max-video-preview":"max-video-preview:-1"},"canonical":"https:\/\/parier-presidentielle.com\/pt\/pesquisa-emmanuel-macron-marine-le-pen-eric-zemmour\/","og_locale":"pt_PT","og_type":"article","og_title":"Election Pr\u00e9sidentielle 2022 : Selon les sondages, Emmanuel Macron et Marine Le Pen seront au second tour","og_description":"D\u2019apr\u00e8s les sondages Emmanuel Macron et Marine Le Pen seront \u00e0 l\u2019\u00e9lection pr\u00e9sidentielle de 2022 et s\u2019affronteront au second tour,...","og_url":"https:\/\/parier-presidentielle.com\/pt\/pesquisa-emmanuel-macron-marine-le-pen-eric-zemmour\/","og_site_name":"Parier Pr\u00e9sidentielle","article_modified_time":"2022-03-09T09:41:39+00:00","og_image":[{"url":"https:\/\/parier-presidentielle.com\/wp-content\/uploads\/2021\/09\/macron-le-pen-1024x576.jpg"}],"twitter_card":"summary_large_image","twitter_misc":{"Est. reading time":"3 minutos"},"schema":{"@context":"https:\/\/schema.org","@graph":[{"@type":"WebPage","@id":"https:\/\/parier-presidentielle.com\/emmanuel-macron-marine-le-pen-eric-zemmour-sondage\/","url":"https:\/\/parier-presidentielle.com\/emmanuel-macron-marine-le-pen-eric-zemmour-sondage\/","name":"Macron devant Le Pen : Selon les Sondages et Bookmakers pour l'Election 2022","isPartOf":{"@id":"https:\/\/parier-presidentielle.com\/#website"},"datePublished":"2021-09-07T07:24:43+00:00","dateModified":"2022-03-09T09:41:39+00:00","description":"D\u2019apr\u00e8s les sondages Emmanuel Macron et Marine Le Pen seront \u00e0 l\u2019\u00e9lection pr\u00e9sidentielle de 2022 et s\u2019affronteront au second tour,...","breadcrumb":{"@id":"https:\/\/parier-presidentielle.com\/emmanuel-macron-marine-le-pen-eric-zemmour-sondage\/#breadcrumb"},"inLanguage":"pt-PT","potentialAction":[{"@type":"ReadAction","target":["https:\/\/parier-presidentielle.com\/emmanuel-macron-marine-le-pen-eric-zemmour-sondage\/"]}]},{"@type":"BreadcrumbList","@id":"https:\/\/parier-presidentielle.com\/emmanuel-macron-marine-le-pen-eric-zemmour-sondage\/#breadcrumb","itemListElement":[{"@type":"ListItem","position":1,"name":"Accueil","item":"https:\/\/parier-presidentielle.com\/"},{"@type":"ListItem","position":2,"name":"Election Pr\u00e9sidentielle 2022 : Selon les sondages, Emmanuel Macron et Marine Le Pen seront au second tour"}]},{"@type":"WebSite","@id":"https:\/\/parier-presidentielle.com\/#website","url":"https:\/\/parier-presidentielle.com\/","name":"Parier Pr\u00e9sidentielle","description":"Paris, Pronostics, Wiki sur la Politique, les Elections Am\u00e9ricaines: Joe Biden, Donald Trump avec les Bookmakers en ligne Unibet, Bwin, Betclic, Winamax","potentialAction":[{"@type":"SearchAction","target":{"@type":"EntryPoint","urlTemplate":"https:\/\/parier-presidentielle.com\/?s={search_term_string}"},"query-input":"required name=search_term_string"}],"inLanguage":"pt-PT"}]}},"_links":{"self":[{"href":"https:\/\/parier-presidentielle.com\/pt\/wp-json\/wp\/v2\/pages\/68"}],"collection":[{"href":"https:\/\/parier-presidentielle.com\/pt\/wp-json\/wp\/v2\/pages"}],"about":[{"href":"https:\/\/parier-presidentielle.com\/pt\/wp-json\/wp\/v2\/types\/page"}],"author":[{"embeddable":true,"href":"https:\/\/parier-presidentielle.com\/pt\/wp-json\/wp\/v2\/users\/1"}],"replies":[{"embeddable":true,"href":"https:\/\/parier-presidentielle.com\/pt\/wp-json\/wp\/v2\/comments?post=68"}],"version-history":[{"count":11,"href":"https:\/\/parier-presidentielle.com\/pt\/wp-json\/wp\/v2\/pages\/68\/revisions"}],"predecessor-version":[{"id":1002,"href":"https:\/\/parier-presidentielle.com\/pt\/wp-json\/wp\/v2\/pages\/68\/revisions\/1002"}],"wp:attachment":[{"href":"https:\/\/parier-presidentielle.com\/pt\/wp-json\/wp\/v2\/media?parent=68"}],"curies":[{"name":"wp","href":"https:\/\/api.w.org\/{rel}","templated":true}]}}