{"id":709,"date":"2022-02-23T13:20:38","date_gmt":"2022-02-23T12:20:38","guid":{"rendered":"https:\/\/parier-presidentielle.com\/?page_id=709"},"modified":"2022-02-24T23:13:37","modified_gmt":"2022-02-24T22:13:37","slug":"betclic-election-americaine-2024","status":"publish","type":"page","link":"https:\/\/parier-presidentielle.com\/pt\/betclic-eleicao-americana-2024\/","title":{"rendered":"Betclic: Aposte nas Elei\u00e7\u00f5es Presidenciais Americanas de 2024"},"content":{"rendered":"<div class=\"wp-block-image\"><figure class=\"aligncenter size-full is-resized\"><img decoding=\"async\" loading=\"lazy\" src=\"https:\/\/parier-presidentielle.com\/wp-content\/uploads\/2022\/02\/betclic-election-usa-2024-header.jpg\" alt=\"Apostas na elei\u00e7\u00e3o Joe Biden e Donald Trump os candidatos de 2024\" class=\"wp-image-717\" width=\"480\" height=\"270\" srcset=\"https:\/\/parier-presidentielle.com\/wp-content\/uploads\/2022\/02\/betclic-election-usa-2024-header.jpg 640w, https:\/\/parier-presidentielle.com\/wp-content\/uploads\/2022\/02\/betclic-election-usa-2024-header-300x169.jpg 300w\" sizes=\"(max-width: 480px) 100vw, 480px\" \/><\/figure><\/div>\n\n\n\n<h2 class=\"wp-block-heading\"><span id=\"qui-sera-le-prochain-president-etats-unis\">Quem ser\u00e1 o pr\u00f3ximo presidente dos Estados Unidos? <\/span><\/h2>\n\n\n\n<p>Para come\u00e7ar, Joe Biden foi eleito com dificuldade em 2020, Trump e os seus apoiantes aguardam impacientemente a sua vingan\u00e7a! Portanto, agora voc\u00ea pode apostar no vencedor das elei\u00e7\u00f5es presidenciais se encontrarmos os protagonistas da pol\u00edtica republicana e democrata com Joe Biden, Kamala Harris, Donald Trump, Nikki Haley Ron; Mike Pence... Com a Betclic tamb\u00e9m \u00e9 poss\u00edvel apostar em celebridades como Dwayne Johnson, Kanye West, Oprah Winfrey, George Clooney, Mark Zuckerberg\u2026. Apesar de terem probabilidades de 200, n\u00e3o recomendamos apostar neles!<br><\/p>\n\n\n\n<h3 class=\"wp-block-heading\"><span id=\"les-cotes-de-betclic-pour-l8217election-americaine\">Probabilidades Betclic para as elei\u00e7\u00f5es americanas<\/span><\/h3>\n\n\n\n<p>Encontre com exclusividade todas as odds da casa de apostas Betclic relativas ao futuro ocupante da Casa Branca:<\/p>\n\n\n\n<div class=\"wp-block-group is-layout-flow wp-block-group-is-layout-flow\"><div class=\"wp-block-group__inner-container\">\n<div class=\"wp-block-columns is-layout-flex wp-container-6 wp-block-columns-is-layout-flex\">\n<div class=\"wp-block-column is-layout-flow wp-block-column-is-layout-flow\">\n<div class=\"wp-block-group is-layout-flow wp-block-group-is-layout-flow\"><div class=\"wp-block-group__inner-container\">\n<div class=\"wp-block-group is-layout-flow wp-block-group-is-layout-flow\"><div class=\"wp-block-group__inner-container\">\n<ul><li><em><strong>Joe Biden5<\/strong><\/em><\/li><li><em><strong>Kamala Harris 5,50<\/strong><\/em><\/li><li><em><strong>Donald Trump 7h00<\/strong><\/em><\/li><li><em>Nikki Haley15<\/em><\/li><li><em>Ron DeSantis13<\/em><\/li><li><em>Mike Pence17<\/em><\/li><li><em>Jeff Bezos20<\/em><\/li><li><em>Alexandria Ocasio-Cortez 30<\/em><\/li><li><em>Dwayne Johnson30<\/em><\/li><li><em>Michelle Obama35<\/em><\/li><li><em>Pete Buttigieg35<\/em><\/li><li><em>Tucker Carlson 35<\/em><\/li><li><em>Ted Cruz 40<\/em><\/li><li><em>Candace Owens 40<\/em><\/li><li><em>Mike Pompeo 40<\/em><\/li><li><em>Ivanka Trump 50<\/em><\/li><\/ul>\n<\/div><\/div>\n<\/div><\/div>\n\n\n\n<p><\/p>\n\n\n\n<p><\/p>\n<\/div>\n\n\n\n<div class=\"wp-block-column is-layout-flow wp-block-column-is-layout-flow\">\n<ul><li><em>Michael Flynn50<\/em><\/li><li><em>Tom Algod\u00e3o 50<\/em><\/li><li><em>Elizabeth Warren 50<\/em><\/li><li><em>Marco Rubio 50<\/em><\/li><li><em>John Kasich60<\/em><\/li><li><em>Andr\u00e9 Cuomo 65<\/em><\/li><li><em>Marco Cubano 65<\/em><\/li><li><em>Dan Crenshaw65<\/em><\/li><li><em>Andr\u00e9 Yang 65<\/em><\/li><li><em>Amy Klobuchar65<\/em><\/li><li><em>Beto O&#039;Rourke 65<\/em><\/li><li><em>Ben Carson 80<\/em><\/li><li><em>Tulsi Gabbard 80<\/em><\/li><li><em>Keisha Lance Parte Inferior 80<\/em><\/li><li><em>Val Demings 80<\/em><\/li><li><em>Cory Booker 100<\/em><\/li><\/ul>\n\n\n\n<p><\/p>\n<\/div>\n\n\n\n<div class=\"wp-block-column is-layout-flow wp-block-column-is-layout-flow\">\n<ul><li><em>Gavin Newsom 100<\/em><\/li><li><em>Stacy Abrams 100<\/em><\/li><li><em>Joseph P. Kennedy 100<\/em><\/li><li><em>Paulo Ryan 100<\/em><\/li><li><em>Bernie Sanders 100<\/em><\/li><li><em>Rand Paulo 100<\/em><\/li><li><em>Susan Arroz 100<\/em><\/li><li><em>Chris Christie 100<\/em><\/li><li><em>Hillary Clinton 100<\/em><\/li><li><em>Kanye West 100<\/em><\/li><li><em>Michael Bloomberg 100<\/em><\/li><li><em>Mitt Romney 100<\/em><\/li><li><em>Oprah Winfrey100<\/em><\/li><li><em>George Clooney 100<\/em><\/li><li><em>Chelsea Clinton 200<\/em><\/li><li><em>Mark Zuckerberg 200<\/em><\/li><\/ul>\n<\/div>\n<\/div>\n<\/div><\/div>\n\n\n\n<h4 class=\"has-text-align-center wp-block-heading\"><span id=\"presentation-des-cotes-de-du-site-de-betclic\">Apresenta\u00e7\u00e3o das probabilidades do site Betclic<\/span><\/h4>\n\n\n\n<div class=\"wp-block-image\"><figure class=\"aligncenter size-large is-resized\"><img decoding=\"async\" loading=\"lazy\" src=\"https:\/\/parier-presidentielle.com\/wp-content\/uploads\/2022\/02\/betclic-election-usa-2024-976x1024.png\" alt=\"Probabilidades Betclic para o pr\u00f3ximo candidato Futuro Presidente Americano\" class=\"wp-image-710\" width=\"488\" height=\"512\"\/><\/figure><\/div>\n\n\n\n<h3 class=\"wp-block-heading\" id=\"analyse-et-pronostics\"><span id=\"analyse-et-pronostics-pour-parier-sur-le-futur-president-americain\">An\u00e1lise e previs\u00f5es para apostar no futuro presidente americano<\/span><\/h3>\n\n\n\n<p>Depois de analisar as not\u00edcias e pesquisas do momento, Joe Biden e Donald Trump est\u00e3o cabe\u00e7a a cabe\u00e7a! Al\u00e9m disso, as probabilidades para estes 2 candidatos s\u00e3o muito altas, 5 e 7! O que significa que apostar agora pode render muito, sem falar que se um candidato n\u00e3o se inscrever, sua aposta ser\u00e1 automaticamente reembolsada!<br><br><\/p>\n\n\n\n<h3 class=\"wp-block-heading\" id=\"comment-realiser-son-1-pari-avec-bwin-c\"><span id=\"comment-realiser-son-1er-pari-avec-betclic-sur-un-candidat-a-la-presidentielle-des-etats-unis\">Como fazer a sua primeira aposta com a Betclic num candidato presidencial dos Estados Unidos?<\/span><\/h3>\n\n\n\n<p id=\"comment-realiser-son-1-pari-avec-bwin-c\">Assim como voc\u00ea pode apostar na vit\u00f3ria do seu time de futebol preferido, \u00e9 poss\u00edvel apostar no vencedor das elei\u00e7\u00f5es presidenciais dos Estados Unidos com a casa de apostas Betclic: \u00e9 r\u00e1pido e f\u00e1cil!<\/p>\n\n\n\n<ol><li>Escolha o Candidato em que deseja apostar:<br>no nosso exemplo \u00e9 Joe Biden.<br><\/li><li>Indique a aposta que deseja apostar,<br>10\u20ac na nossa simula\u00e7\u00e3o<br><\/li><li>E agora, acabou!<br>Na nossa captura de tela, as probabilidades s\u00e3o de 5 e a aposta de 10\u20ac em caso de vit\u00f3ria <strong>voc\u00ea ganha 50\u20ac!<\/strong><\/li><\/ol>\n\n\n\n<div class=\"wp-block-image\"><figure class=\"aligncenter size-full is-resized\"><img decoding=\"async\" loading=\"lazy\" src=\"https:\/\/parier-presidentielle.com\/wp-content\/uploads\/2022\/02\/betclic-paris-president-des-etats-unis.png\" alt=\"como apostar com a Betclic no pr\u00f3ximo candidato para o pr\u00f3ximo candidato Futuro Presidente Americano\" class=\"wp-image-768\" width=\"259\" height=\"372\" srcset=\"https:\/\/parier-presidentielle.com\/wp-content\/uploads\/2022\/02\/betclic-paris-president-des-etats-unis.png 517w, https:\/\/parier-presidentielle.com\/wp-content\/uploads\/2022\/02\/betclic-paris-president-des-etats-unis-208x300.png 208w\" sizes=\"(max-width: 259px) 100vw, 259px\" \/><\/figure><\/div>\n\n\n\n<h2 class=\"wp-block-heading\"><span id=\"l8217actualite-des-candidats-a-l8217election-presidentielle-des-etats-unis\">Not\u00edcias dos candidatos nas elei\u00e7\u00f5es presidenciais dos Estados Unidos<\/span><\/h2>\n\n\n\n<h3 class=\"wp-block-heading\"><span id=\"plus-d8217interrogations-que-de-reponses-sur-l8217election-presidentielle-de-2024\">Mais perguntas do que respostas sobre as elei\u00e7\u00f5es presidenciais de 2024. <\/span><\/h3>\n\n\n\n<p><br>Presidente <strong>Joe Biden<\/strong> ele vai aparecer? Ele diz que pretende faz\u00ea-lo, mas se n\u00e3o o fizer, quem ser\u00e1 o candidato democrata? O ex-presidente <strong>Donald Trump <\/strong>ele vai aparecer? Algu\u00e9m desafiar\u00e1 seriamente a sua nomea\u00e7\u00e3o republicana? Existem mais inc\u00f3gnitas do que informa\u00e7\u00f5es conhecidas. <\/p>\n\n\n\n<blockquote class=\"wp-block-quote\"><p>Mas se a hist\u00f3ria recente servir de guia, sabemos uma coisa importante: as elei\u00e7\u00f5es de 2024 j\u00e1 est\u00e3o muito pr\u00f3ximas. <\/p><\/blockquote>\n\n\n\n<h3 class=\"wp-block-heading\"><span id=\"les-defis-et-les-dangers-auxquels-sont-confrontes-les-democrates-dans-la-prochaine-course-presidentielle\">Os desafios e perigos que os democratas enfrentam na pr\u00f3xima corrida presidencial.<\/span><\/h3>\n\n\n\n<p>\u201cEm 10 das 17 elei\u00e7\u00f5es presidenciais de 1920 a 1984, o voto popular esteve 10 pontos ou mais \u00e0 frente. \u2026 Mas nas nove elei\u00e7\u00f5es de 1988 a 2020, nenhum candidato chegou perto de 10. Vit\u00f3rias em pontos percentuais, com cinco das \u00faltimas seis resolvidas por menos de 5 pontos percentuais.\u201d \u00c9 incr\u00edvel. Na verdade, se somarmos todos os votos (cerca de mil milh\u00f5es) dos dois principais candidatos dos partidos nas \u00faltimas nove elei\u00e7\u00f5es, os Democratas obtiveram 51,2 % do total, enquanto os Republicanos obtiveram 48,2 %. Galston e Carmack. Isso \u00e9 um empate e tanto. A realidade que estes n\u00fameros revelam \u00e9 que temos vivido \u2013 e ainda somos \u2013 um per\u00edodo vol\u00e1til em que nenhum dos partidos consegue obter uma vantagem eleitoral durante um per\u00edodo prolongado. (Nas \u00faltimas nove elei\u00e7\u00f5es presidenciais, o controlo da Casa Branca mudou cinco vezes.) <br>At\u00e9 que um partido ultrapasse o impasse e construa uma maioria nacional duradoura, elei\u00e7\u00f5es apertadas continuar\u00e3o a ser a regra, com os eleitores indecisos em estados-chave a continuarem a ser a chave para a vit\u00f3ria.<\/p>\n\n\n\n<h4 class=\"wp-block-heading\"><span id=\"la-candidature-de-trump-l8217element-determinant\"><br>A candidatura de Trump o fator determinante<\/span><\/h4>\n\n\n\n<p>Se Trump correr as probabilidades de <a href=\"https:\/\/parier-presidentielle.com\/pt\/betclic-presidencial-2022\/\">Betclic<\/a> aos 7 anos \u00e9 um neg\u00f3cio muito bom porque a previs\u00e3o de que ele n\u00e3o ganhar\u00e1 novamente a presid\u00eancia \u00e9 diretamente contestada pelas conclus\u00f5es deste artigo. A elei\u00e7\u00e3o presidencial de 2024 ser\u00e1 certamente uma disputa muito acirrada, o que significa que as chances de vit\u00f3ria de Trump estar\u00e3o muito pr\u00f3ximas de um sorteio!<br><\/p>\n\n\n\n<p class=\"has-text-align-center unibet\" style=\"font-size:25px\"><mark style=\"background-color:rgba(0, 0, 0, 0);color:#0d7a12\" class=\"has-inline-color\"><strong><a href=\"https:\/\/parier-presidentielle.com\/pt\/recommends\/unibet\/\">B\u00f4nus de 150\u20ac oferecido com Unibet<br>Para sua primeira aposta pol\u00edtica ou esportiva: Clique aqui<\/a><\/strong><\/mark><\/p>\n\n\n\n<p><\/p>\n\n\n<div class=\"wp-block-image\">\n<figure class=\"aligncenter is-resized wp-duotone-000097-ff4747-8\"><img decoding=\"async\" loading=\"lazy\" src=\"https:\/\/parier-presidentielle.com\/wp-content\/uploads\/2021\/09\/election-standard-scale-4_00x-gigapixel-1024x623.jpg\" alt=\"Elei\u00e7\u00f5es 2022\" style=\"width:256px;height:156px\" width=\"256\" height=\"156\"\/><\/figure><\/div>\n\n\n<p><br><\/p>\n\n\n\n<p><strong>Parier-presidencial ajuda voc\u00ea a fazer sua escolha entre os diferentes<a href=\"https:\/\/parier-presidentielle.com\/pt\/\"> Casas de apostas Bwin, Unibet e Betclic apostar\u00e3o no futuro presidente americano em 2024<\/a> : <\/strong><br><a href=\"https:\/\/parier-presidentielle.com\/pt\/unibet-politica-eleicao-2022\/\">Casa de apostas presidencial Unibet<\/a> : Guia detalhado e gratuito para fazer sua primeira aposta online com todas as probabilidades e como aproveitar o b\u00f4nus oferecido!<\/p>\n\n\n\n<p>Bem como outros sites online de Paris: <a href=\"https:\/\/parier-presidentielle.com\/pt\/unibet-politica-eleicao-2022\/\">Bwin<\/a>, <a href=\"https:\/\/parier-presidentielle.com\/pt\/netbet-paris-politica-eleicao-2022\/\">NetBet<\/a>, <a href=\"https:\/\/parier-presidentielle.com\/pt\/betclic-presidencial-2022\/\">Betclic<\/a>, <a href=\"https:\/\/parier-presidentielle.com\/pt\/winamax-politica-eleicao-2022\/\">Winamax<\/a>, Parions Sport, Zebet,Betway, Fran\u00e7a-Pari,Vbet, Cloudbet, 1Xbit, 1xbet, Betfair, Betwinner\u2026<\/p>\n\n\n\n<div class=\"wp-block-columns is-layout-flex wp-container-13 wp-block-columns-is-layout-flex\">\n<div class=\"wp-block-column is-layout-flow wp-block-column-is-layout-flow\" style=\"flex-basis:33.33%\">\n<p>Voc\u00ea acabou de ler nosso arquivo:<\/p>\n<\/div>\n\n\n\n<div class=\"wp-block-column is-layout-flow wp-block-column-is-layout-flow\" style=\"flex-basis:33.33%\">\n<div class=\"wp-block-group is-layout-flow wp-block-group-is-layout-flow\"><div class=\"wp-block-group__inner-container\"><h4 class=\"has-text-align-center wp-block-post-title\"><span id=\"betclic-parier-sur-l8217election-presidentielle-americaine-de-2024\"><a href=\"https:\/\/parier-presidentielle.com\/pt\/betclic-eleicao-americana-2024\/\" target=\"_self\" >Betclic: Aposte nas Elei\u00e7\u00f5es Presidenciais Americanas de 2024<\/a><\/span><\/h4><\/div><\/div>\n<\/div>\n\n\n\n<div class=\"wp-block-column is-layout-flow wp-block-column-is-layout-flow\" style=\"flex-basis:33.33%\">\n<p class=\"has-text-align-right\">Continue lendo com nossos outros arquivos exclusivos,<\/p>\n<\/div>\n<\/div>\n\n\n\n<h3 class=\"wp-block-heading\" id=\"tous-les-pronostics-sondage-et-cotes-pour-parier-sur-le-futur-vainqueur-de-l-election-presidentielle-2022\"><span id=\"tous-les-pronostics-sondage-et-cotes-pour-parier-sur-le-futur-vainqueur-de-l8217election-presidentielle-2024\">Todas as previs\u00f5es, pesquisas e probabilidades para apostar no futuro vencedor das elei\u00e7\u00f5es presidenciais de 2024:<\/span><\/h3>\n\n\n\n<ul>\n<li><a href=\"https:\/\/parier-presidentielle.com\/pt\/eleicao-macron\/\">Aposte em Emmanuel Macron com Unibet, Betclic, Bwin<\/a> : O favorito em enquetes e previs\u00f5es <\/li>\n\n\n\n<li><a href=\"https:\/\/parier-presidentielle.com\/pt\/eleicao-de-marine-le-pen\/\">Marine Le Pen: Suas probabilidades e como apostar nas casas de apostas<\/a>: O desafiante de acordo com a Unibet<\/li>\n<\/ul>\n\n\n\n<p><\/p>\n\n\n\n<center><script type=\"text\/javascript\" charset=\"utf-8\" src=\"https:\/\/www.gambling-affiliation.com\/cpm\/v=AmIMTDSs92QY6b0MzDMvM5laCjJ-ZlA-1oQ-7tKsi.w_GA7331V2\"><\/script><\/center>\n\n\n\n<h3 class=\"wp-block-heading\"><span id=\"donald-trump-vs-joe-biden-la-video-qui-lance-les-paris-en-ligne-sur-l8217election-politique-de-2024\">Donald Trump vs Joe Biden: O v\u00eddeo que lan\u00e7a apostas online nas elei\u00e7\u00f5es pol\u00edticas de 2024<\/span><\/h3>\n\n\n\n<figure class=\"wp-block-embed is-type-video is-provider-youtube wp-block-embed-youtube wp-embed-aspect-16-9 wp-has-aspect-ratio\"><div class=\"wp-block-embed__wrapper\">\n<iframe loading=\"lazy\" title=\"Ex-presidente Donald Trump lan\u00e7a candidatura \u00e0 Casa Branca para 2024 #Short\" width=\"640\" height=\"360\" src=\"https:\/\/www.youtube.com\/embed\/hZykPRVe4Ag?feature=oembed\" frameborder=\"0\" allow=\"accelerometer; autoplay; clipboard-write; encrypted-media; gyroscope; picture-in-picture; web-share\" allowfullscreen><\/iframe>\n<\/div><\/figure>\n\n\n<div class=\"wp-block-image\">\n<figure class=\"aligncenter size-medium\"><a href=\"https:\/\/parier-presidentielle.com\/pt\/recommends\/unibet\/\" target=\"_blank\" rel=\"noopener\"><img decoding=\"async\" loading=\"lazy\" width=\"300\" height=\"169\" src=\"https:\/\/parier-presidentielle.com\/wp-content\/uploads\/2022\/04\/unibet-300x169.jpg\" alt=\"\" class=\"wp-image-1252\" srcset=\"https:\/\/parier-presidentielle.com\/wp-content\/uploads\/2022\/04\/unibet-300x169.jpg 300w, https:\/\/parier-presidentielle.com\/wp-content\/uploads\/2022\/04\/unibet-1024x576.jpg 1024w, https:\/\/parier-presidentielle.com\/wp-content\/uploads\/2022\/04\/unibet-768x432.jpg 768w, https:\/\/parier-presidentielle.com\/wp-content\/uploads\/2022\/04\/unibet-18x10.jpg 18w, https:\/\/parier-presidentielle.com\/wp-content\/uploads\/2022\/04\/unibet.jpg 1280w\" sizes=\"(max-width: 300px) 100vw, 300px\" \/><\/a><\/figure><\/div>\n\n\n<p>Encontre o Wiki, as not\u00edcias pol\u00edticas essenciais sobre a Cannabis e seus derivados legais: <strong>HHC, H4cbd, Thcp, Thcv, HSD, HHCPO, C4B<\/strong><\/p>\n<div id=\"toc_container\" class=\"no_bullets\"><p class=\"toc_title\">Conte\u00fado<\/p><ul class=\"toc_list\"><li><ul><li><ul><li><\/li><\/ul><\/li><li><\/li><li><\/li><\/ul><\/li><li><ul><li><\/li><li><ul><li><\/li><li><\/li><\/ul><\/li><li><\/li><li><\/li><\/ul><\/li><\/ul><\/div>","protected":false},"excerpt":{"rendered":"<p>Qui sera le prochain Pr\u00e9sident \u00c9tats-Unis ? Pour commencer Joe Biden a \u00e9t\u00e9 \u00e9lu difficilement en 2020, Trump et ses supporters attendent avec impatience leur revanche! Ainsi vous pouvez d\u00e8s \u00e0 pr\u00e9sent parier sur le vainqueur de la pr\u00e9sidentielle si on retrouve les t\u00eates d&#8217;affiches de la politique r\u00e9publicaine et d\u00e9mocrate avec Joe Biden, Kamala &#8230;<\/p>","protected":false},"author":1,"featured_media":0,"parent":0,"menu_order":0,"comment_status":"closed","ping_status":"closed","template":"page-nosidebar.php","meta":{"footnotes":""},"yoast_head":"<!-- This site is optimized with the Yoast SEO Premium plugin v21.0 (Yoast SEO v21.0) - https:\/\/yoast.com\/wordpress\/plugins\/seo\/ -->\n<title>Betclic : Parier sur l&#039;\u00c9lection Pr\u00e9sidentielle Am\u00e9ricaine de 2024 - Finale Coupe du Monde FIFA<\/title>\n<meta name=\"description\" content=\"L&#039;int\u00e9gral des Cotes de Betclic pour l\u2019\u00e9lection am\u00e9ricaine\" \/>\n<meta name=\"robots\" content=\"index, follow, max-snippet:-1, max-image-preview:large, max-video-preview:-1\" \/>\n<link rel=\"canonical\" href=\"https:\/\/parier-presidentielle.com\/pt\/betclic-eleicao-americana-2024\/\" \/>\n<meta property=\"og:locale\" content=\"pt_PT\" \/>\n<meta property=\"og:type\" content=\"article\" \/>\n<meta property=\"og:title\" content=\"Betclic : Parier sur l&#039;\u00c9lection Pr\u00e9sidentielle Am\u00e9ricaine de 2024\" \/>\n<meta property=\"og:description\" content=\"L&#039;int\u00e9gral des Cotes de Betclic pour l\u2019\u00e9lection am\u00e9ricaine\" \/>\n<meta property=\"og:url\" content=\"https:\/\/parier-presidentielle.com\/pt\/betclic-eleicao-americana-2024\/\" \/>\n<meta property=\"og:site_name\" content=\"Parier Pr\u00e9sidentielle\" \/>\n<meta property=\"article:modified_time\" content=\"2022-02-24T22:13:37+00:00\" \/>\n<meta property=\"og:image\" content=\"https:\/\/parier-presidentielle.com\/wp-content\/uploads\/2022\/02\/betclic-election-usa-2024-header.jpg\" \/>\n<meta name=\"twitter:card\" content=\"summary_large_image\" \/>\n<meta name=\"twitter:label1\" content=\"Est. reading time\" \/>\n\t<meta name=\"twitter:data1\" content=\"2 minutos\" \/>\n<script type=\"application\/ld+json\" class=\"yoast-schema-graph\">{\"@context\":\"https:\/\/schema.org\",\"@graph\":[{\"@type\":\"WebPage\",\"@id\":\"https:\/\/parier-presidentielle.com\/betclic-election-americaine-2024\/\",\"url\":\"https:\/\/parier-presidentielle.com\/betclic-election-americaine-2024\/\",\"name\":\"Betclic : Parier sur l'\u00c9lection Pr\u00e9sidentielle Am\u00e9ricaine de 2024 - Finale Coupe du Monde FIFA\",\"isPartOf\":{\"@id\":\"https:\/\/parier-presidentielle.com\/#website\"},\"datePublished\":\"2022-02-23T12:20:38+00:00\",\"dateModified\":\"2022-02-24T22:13:37+00:00\",\"description\":\"L'int\u00e9gral des Cotes de Betclic pour l\u2019\u00e9lection am\u00e9ricaine\",\"breadcrumb\":{\"@id\":\"https:\/\/parier-presidentielle.com\/betclic-election-americaine-2024\/#breadcrumb\"},\"inLanguage\":\"pt-PT\",\"potentialAction\":[{\"@type\":\"ReadAction\",\"target\":[\"https:\/\/parier-presidentielle.com\/betclic-election-americaine-2024\/\"]}]},{\"@type\":\"BreadcrumbList\",\"@id\":\"https:\/\/parier-presidentielle.com\/betclic-election-americaine-2024\/#breadcrumb\",\"itemListElement\":[{\"@type\":\"ListItem\",\"position\":1,\"name\":\"Accueil\",\"item\":\"https:\/\/parier-presidentielle.com\/\"},{\"@type\":\"ListItem\",\"position\":2,\"name\":\"Betclic : Parier sur l&rsquo;\u00c9lection Pr\u00e9sidentielle Am\u00e9ricaine de 2024\"}]},{\"@type\":\"WebSite\",\"@id\":\"https:\/\/parier-presidentielle.com\/#website\",\"url\":\"https:\/\/parier-presidentielle.com\/\",\"name\":\"Parier Pr\u00e9sidentielle\",\"description\":\"Paris, Pronostics, Wiki sur la Politique, les Elections Am\u00e9ricaines: Joe Biden, Donald Trump avec les Bookmakers en ligne Unibet, Bwin, Betclic, Winamax\",\"potentialAction\":[{\"@type\":\"SearchAction\",\"target\":{\"@type\":\"EntryPoint\",\"urlTemplate\":\"https:\/\/parier-presidentielle.com\/?s={search_term_string}\"},\"query-input\":\"required name=search_term_string\"}],\"inLanguage\":\"pt-PT\"}]}<\/script>\n<!-- \/ Yoast SEO Premium plugin. -->","yoast_head_json":{"title":"Betclic : Parier sur l'\u00c9lection Pr\u00e9sidentielle Am\u00e9ricaine de 2024 - Finale Coupe du Monde FIFA","description":"L'int\u00e9gral des Cotes de Betclic pour l\u2019\u00e9lection am\u00e9ricaine","robots":{"index":"index","follow":"follow","max-snippet":"max-snippet:-1","max-image-preview":"max-image-preview:large","max-video-preview":"max-video-preview:-1"},"canonical":"https:\/\/parier-presidentielle.com\/pt\/betclic-eleicao-americana-2024\/","og_locale":"pt_PT","og_type":"article","og_title":"Betclic : Parier sur l'\u00c9lection Pr\u00e9sidentielle Am\u00e9ricaine de 2024","og_description":"L'int\u00e9gral des Cotes de Betclic pour l\u2019\u00e9lection am\u00e9ricaine","og_url":"https:\/\/parier-presidentielle.com\/pt\/betclic-eleicao-americana-2024\/","og_site_name":"Parier Pr\u00e9sidentielle","article_modified_time":"2022-02-24T22:13:37+00:00","og_image":[{"url":"https:\/\/parier-presidentielle.com\/wp-content\/uploads\/2022\/02\/betclic-election-usa-2024-header.jpg"}],"twitter_card":"summary_large_image","twitter_misc":{"Est. reading time":"2 minutos"},"schema":{"@context":"https:\/\/schema.org","@graph":[{"@type":"WebPage","@id":"https:\/\/parier-presidentielle.com\/betclic-election-americaine-2024\/","url":"https:\/\/parier-presidentielle.com\/betclic-election-americaine-2024\/","name":"Betclic : Parier sur l'\u00c9lection Pr\u00e9sidentielle Am\u00e9ricaine de 2024 - Finale Coupe du Monde FIFA","isPartOf":{"@id":"https:\/\/parier-presidentielle.com\/#website"},"datePublished":"2022-02-23T12:20:38+00:00","dateModified":"2022-02-24T22:13:37+00:00","description":"L'int\u00e9gral des Cotes de Betclic pour l\u2019\u00e9lection am\u00e9ricaine","breadcrumb":{"@id":"https:\/\/parier-presidentielle.com\/betclic-election-americaine-2024\/#breadcrumb"},"inLanguage":"pt-PT","potentialAction":[{"@type":"ReadAction","target":["https:\/\/parier-presidentielle.com\/betclic-election-americaine-2024\/"]}]},{"@type":"BreadcrumbList","@id":"https:\/\/parier-presidentielle.com\/betclic-election-americaine-2024\/#breadcrumb","itemListElement":[{"@type":"ListItem","position":1,"name":"Accueil","item":"https:\/\/parier-presidentielle.com\/"},{"@type":"ListItem","position":2,"name":"Betclic : Parier sur l&rsquo;\u00c9lection Pr\u00e9sidentielle Am\u00e9ricaine de 2024"}]},{"@type":"WebSite","@id":"https:\/\/parier-presidentielle.com\/#website","url":"https:\/\/parier-presidentielle.com\/","name":"Parier Pr\u00e9sidentielle","description":"Paris, Pronostics, Wiki sur la Politique, les Elections Am\u00e9ricaines: Joe Biden, Donald Trump avec les Bookmakers en ligne Unibet, Bwin, Betclic, Winamax","potentialAction":[{"@type":"SearchAction","target":{"@type":"EntryPoint","urlTemplate":"https:\/\/parier-presidentielle.com\/?s={search_term_string}"},"query-input":"required name=search_term_string"}],"inLanguage":"pt-PT"}]}},"_links":{"self":[{"href":"https:\/\/parier-presidentielle.com\/pt\/wp-json\/wp\/v2\/pages\/709"}],"collection":[{"href":"https:\/\/parier-presidentielle.com\/pt\/wp-json\/wp\/v2\/pages"}],"about":[{"href":"https:\/\/parier-presidentielle.com\/pt\/wp-json\/wp\/v2\/types\/page"}],"author":[{"embeddable":true,"href":"https:\/\/parier-presidentielle.com\/pt\/wp-json\/wp\/v2\/users\/1"}],"replies":[{"embeddable":true,"href":"https:\/\/parier-presidentielle.com\/pt\/wp-json\/wp\/v2\/comments?post=709"}],"version-history":[{"count":37,"href":"https:\/\/parier-presidentielle.com\/pt\/wp-json\/wp\/v2\/pages\/709\/revisions"}],"predecessor-version":[{"id":777,"href":"https:\/\/parier-presidentielle.com\/pt\/wp-json\/wp\/v2\/pages\/709\/revisions\/777"}],"wp:attachment":[{"href":"https:\/\/parier-presidentielle.com\/pt\/wp-json\/wp\/v2\/media?parent=709"}],"curies":[{"name":"wp","href":"https:\/\/api.w.org\/{rel}","templated":true}]}}