{"id":898,"date":"2022-03-07T13:10:43","date_gmt":"2022-03-07T12:10:43","guid":{"rendered":"https:\/\/parier-presidentielle.com\/?page_id=898"},"modified":"2023-09-23T21:23:58","modified_gmt":"2023-09-23T19:23:58","slug":"plan","status":"publish","type":"page","link":"https:\/\/parier-presidentielle.com\/pt\/plano\/","title":{"rendered":"Mapas do site de Parier-Presidentielle.com"},"content":{"rendered":"<div class=\"wp-block-group is-layout-flow wp-block-group-is-layout-flow\"><div class=\"wp-block-group__inner-container\">\n<div class=\"wp-block-group is-layout-flow wp-block-group-is-layout-flow\"><div class=\"wp-block-group__inner-container\">\n<p>Bem-vindo ao mapa do site! Encontre todos os links da sua Paris sobre pol\u00edtica para ter todo o conhecimento necess\u00e1rio para apostar pela primeira vez. Assim como voc\u00ea poder\u00e1 acompanhar todas as probabilidades de todas as elei\u00e7\u00f5es: francesa, americana\u2026<br><br><br>Vers\u00e3o francesa de Parier-Presidentielle.com:<br><a href=\"https:\/\/parier-presidentielle.com\/pt\/\">Betting-Presidential: guia para apostar nas elei\u00e7\u00f5es americanas de 2024<\/a><br>Vers\u00e3o em ingl\u00eas de Parier-Presidentielle.com:<br><a href=\"https:\/\/parier-presidentielle.com\/en\/\">Guia de apostas nas elei\u00e7\u00f5es presidenciais dos EUA em 2024<\/a><\/p>\n\n\n\n<p>Vers\u00e3o em espanhol de Parier-Presidentielle.com: <br><a href=\"https:\/\/parier-presidentielle.com\/es\/\">Nomea\u00e7\u00e3o das Elei\u00e7\u00f5es Presidenciais France Politica<\/a><\/p>\n<\/div><\/div>\n<\/div><\/div>\n\n\n\n<div class=\"wp-block-group is-layout-flow wp-block-group-is-layout-flow\"><div class=\"wp-block-group__inner-container\">\n<p><\/p>\n<\/div><\/div>\n\n\n\n<div class=\"wsp-container\"><h2 class=\"wsp-pages-title\"><span id=\"pages\">Pages<\/span><\/h2>\n<ul class=\"wsp-pages-list\">\n<li class=\"page_item page-item-525\"><a href=\"https:\/\/parier-presidentielle.com\/pt\/politica-1xbit\/\">1xBit: Para apostar na pol\u00edtica em Bitcoin<\/a><\/li>\n<li class=\"page_item page-item-1789\"><a href=\"https:\/\/parier-presidentielle.com\/pt\/argentina-franca-final-da-copa-do-mundo-2022-unibet-bwin\/\">Argentina \u2013 Fran\u00e7a: a final da Copa do Mundo de 2022<\/a><\/li>\n<li class=\"page_item page-item-163\"><a href=\"https:\/\/parier-presidentielle.com\/pt\/casas-de-apostas-asselineau\/\">Casas de apostas Asselineau: Paris, probabilidades e previs\u00f5es<\/a><\/li>\n<li class=\"page_item page-item-121\"><a href=\"https:\/\/parier-presidentielle.com\/pt\/asselineau-bookmaker-unibet-bwin\/\">Asselineau e a elei\u00e7\u00e3o presidencial de acordo com Les Bookmakers Bwin, Unibet<\/a><\/li>\n<li class=\"page_item page-item-709\"><a href=\"https:\/\/parier-presidentielle.com\/pt\/betclic-eleicao-americana-2024\/\">Betclic: Aposte nas Elei\u00e7\u00f5es Presidenciais Americanas de 2024<\/a><\/li>\n<li class=\"page_item page-item-235\"><a href=\"https:\/\/parier-presidentielle.com\/pt\/betclic-presidencial-2022\/\">Betclic: Aposte nas elei\u00e7\u00f5es presidenciais de 2022<\/a><\/li>\n<li class=\"page_item page-item-269\"><a href=\"https:\/\/parier-presidentielle.com\/pt\/casa-de-apostas-politica-eleitoral-2022\/\">Casa de apostas: Qual o melhor lugar para apostar na pol\u00edtica e nas elei\u00e7\u00f5es presidenciais de 2022?<\/a><\/li>\n<li class=\"page_item page-item-195\"><a href=\"https:\/\/parier-presidentielle.com\/pt\/politica-de-casas-de-apostas\/\">Casa de apostas e pol\u00edtica: apostas nas elei\u00e7\u00f5es francesas<\/a><\/li>\n<li class=\"page_item page-item-250\"><a href=\"https:\/\/parier-presidentielle.com\/pt\/bwin-politica-eleicao-2022\/\">Bwin: Casa de apostas apostar\u00e1 nas elei\u00e7\u00f5es presidenciais de 2022<\/a><\/li>\n<li class=\"page_item page-item-557\"><a href=\"https:\/\/parier-presidentielle.com\/pt\/bwin-paris-sobre-politica\/\">Bwin: Apostas na Pol\u00edtica<\/a><\/li>\n<li class=\"page_item page-item-68\"><a href=\"https:\/\/parier-presidentielle.com\/pt\/pesquisa-emmanuel-macron-marine-le-pen-eric-zemmour\/\">Elei\u00e7\u00f5es presidenciais de 2022: Segundo pesquisas, Emmanuel Macron e Marine Le Pen estar\u00e3o no segundo turno<\/a><\/li>\n<li class=\"page_item page-item-1946\"><a href=\"https:\/\/parier-presidentielle.com\/pt\/joe-biden-cannabis-hhc\/\">Joe Biden e o mercado de cannabis, HHC<\/a><\/li>\n<li class=\"page_item page-item-1956\"><a href=\"https:\/\/parier-presidentielle.com\/pt\/donald-trump-no-mercado-de-cannabis-e-hhc\/\">O impacto de Donald Trump no mercado de Cannabis e HHC<\/a><\/li>\n<li class=\"page_item page-item-951\"><a href=\"https:\/\/parier-presidentielle.com\/pt\/casas-de-apostas-pesquisas-eleicao-presidencial\/\">Casas de apostas: mais confi\u00e1veis que as pesquisas para as elei\u00e7\u00f5es presidenciais<\/a><\/li>\n<li class=\"page_item page-item-54\"><a href=\"https:\/\/parier-presidentielle.com\/pt\/eleicao-de-casas-de-apostas\/\">As casas de apostas e a elei\u00e7\u00e3o presidencial<\/a><\/li>\n<li class=\"page_item page-item-208\"><a href=\"https:\/\/parier-presidentielle.com\/pt\/casas-de-apostas-macron-le-pen\/\">Probabilidades das casas de apostas: Unibet, Bwin, Betclic apostar\u00e3o na segunda rodada Macron \u2013 Le Pen<\/a><\/li>\n<li class=\"page_item page-item-1671\"><a href=\"https:\/\/parier-presidentielle.com\/pt\/probabilidades-casas-de-segundo-turno-eleicoes-brasileiras-lula-bolsonaro\/\">Probabilidades das casas de apostas para o segundo turno das elei\u00e7\u00f5es brasileiras entre Lula e Bolsonaro<\/a><\/li>\n<li class=\"page_item page-item-30\"><a href=\"https:\/\/parier-presidentielle.com\/pt\/casa-de-apostas-macron-le-pen\/\">Macron \u2013 Le Pen: as casas de apostas d\u00e3o as suas probabilidades para a segunda volta das elei\u00e7\u00f5es presidenciais<\/a><\/li>\n<li class=\"page_item page-item-255\"><a href=\"https:\/\/parier-presidentielle.com\/pt\/netbet-paris-politica-eleicao-2022\/\">NetBet: Apostas na pol\u00edtica e nas elei\u00e7\u00f5es presidenciais de 2022<\/a><\/li>\n<li class=\"page_item page-item-1738\"><a href=\"https:\/\/parier-presidentielle.com\/pt\/unibet-bet-world-cup-2022\/\">Aposte com a Unibet na Copa do Mundo de 2022<\/a><\/li>\n<li class=\"page_item page-item-31\"><a href=\"https:\/\/parier-presidentielle.com\/pt\/eleicao-macron\/\">Aposte na elei\u00e7\u00e3o de Emmanuel Macron<\/a><\/li>\n<li class=\"page_item page-item-38\"><a href=\"https:\/\/parier-presidentielle.com\/pt\/eleicao-zemmour\/\">Aposte na elei\u00e7\u00e3o de Eric Zemmour<\/a><\/li>\n<li class=\"page_item page-item-41\"><a href=\"https:\/\/parier-presidentielle.com\/pt\/eleicao-de-marine-le-pen\/\">Aposte na elei\u00e7\u00e3o de Marine Le Pen<\/a><\/li>\n<li class=\"page_item page-item-281\"><a href=\"https:\/\/parier-presidentielle.com\/pt\/anne-hidalgo-eleicao-2022\/\">Aposte na elei\u00e7\u00e3o de Anne Hidalgo 2022<\/a><\/li>\n<li class=\"page_item page-item-157\"><a href=\"https:\/\/parier-presidentielle.com\/pt\/eleicao-de-asselineau\/\">Aposte na elei\u00e7\u00e3o de Fran\u00e7ois Asselineau<\/a><\/li>\n<li class=\"page_item page-item-212\"><a href=\"https:\/\/parier-presidentielle.com\/pt\/eleicao-de-melenchon\/\">Aposte na elei\u00e7\u00e3o de Jean-Luc M\u00e9lenchon<\/a><\/li>\n<li class=\"page_item page-item-422\"><a href=\"https:\/\/parier-presidentielle.com\/pt\/valerie-pecresse-eleicao\/\">Aposte na elei\u00e7\u00e3o de Val\u00e9rie P\u00e9cresse<\/a><\/li>\n<li class=\"page_item page-item-24\"><a href=\"https:\/\/parier-presidentielle.com\/pt\/\">Aposte na Pol\u00edtica e nas Elei\u00e7\u00f5es com as melhores casas de apostas: Unibet, Bwin<\/a><\/li>\n<li class=\"page_item page-item-576\"><a href=\"https:\/\/parier-presidentielle.com\/pt\/paris-candidato-tribunal-supremo-estados-unidos\/\">Apostas no Candidato \u00e0 Suprema Corte dos Estados Unidos<\/a><\/li>\n<li class=\"page_item page-item-898\"><a href=\"https:\/\/parier-presidentielle.com\/pt\/plano\/\">Mapas do site de Parier-Presidentielle.com<\/a><\/li>\n<li class=\"page_item page-item-2\"><a href=\"https:\/\/parier-presidentielle.com\/pt\/unibet-politica-eleicao-2022\/\">Unibet: Apostas Online para as Elei\u00e7\u00f5es Presidenciais de 2022<\/a><\/li>\n<li class=\"page_item page-item-1962\"><a href=\"https:\/\/parier-presidentielle.com\/pt\/vladimir-poutine-que-opiniao-sobre-o-mercado-de-cannabis-e-hhc\/\">Qual a opini\u00e3o de Vladimir Putin sobre o mercado de Cannabis e HHC?<\/a><\/li>\n<li class=\"page_item page-item-1459\"><a href=\"https:\/\/parier-presidentielle.com\/pt\/william-hill-presidencial\/\">William Hill: casa de apostas inglesa apostar\u00e1 nas elei\u00e7\u00f5es presidenciais francesas de 2022<\/a><\/li>\n<li class=\"page_item page-item-257\"><a href=\"https:\/\/parier-presidentielle.com\/pt\/winamax-politica-eleicao-2022\/\">Winamax: Aposte na pol\u00edtica e nas elei\u00e7\u00f5es presidenciais de 2022<\/a><\/li>\n<\/ul>\n<h2 class=\"wsp-posts-title\"><span id=\"posts-by-category\">Posts by category<\/span><\/h2>\n<ul class=\"wsp-posts-list\">\n\t<li><strong class=\"wsp-category-title\">Category: <a href=\"https:\/\/parier-presidentielle.com\/pt\/category\/nao-classificado\/\">N\u00e3o classificado<\/a><\/strong>\n<ul class=\"wsp-posts-list\">\t\t<li class=\"wsp-post\"><a href=\"https:\/\/parier-presidentielle.com\/pt\/eleicoes-presidenciais-2022-apostadores-ao-redor-do-mundo-aposta-segundo-turno\/\">Elei\u00e7\u00f5es Presidenciais 2022: Apostadores de todo o mundo apostam no Segundo Turno!<\/a><\/li>\n\t\t<li class=\"wsp-post\"><a href=\"https:\/\/parier-presidentielle.com\/pt\/eleicao-francesa-quem-sao-os-candidatos\/\">Elei\u00e7\u00f5es Francesas: Quem s\u00e3o os candidatos?<\/a><\/li>\n\t\t<li class=\"wsp-post\"><a href=\"https:\/\/parier-presidentielle.com\/pt\/pesquisa-macron-casas-de-apostas\/\">Macron favorito das casas de apostas ap\u00f3s a guerra na Ucr\u00e2nia<\/a><\/li>\n<\/ul><\/li>\n<\/ul>\n<h2 class=\"wsp-admin_menus-title\"><span id=\"admin-menus\">Menus de administra\u00e7\u00e3o<\/span><\/h2>\n<ul class=\"wsp-admin_menus-list\">\n<li><a href=\"https:\/\/parier-presidentielle.com\/pt\/admin_menu\/mon-menu\/\">Meu card\u00e1pio<\/a><\/li>\n<\/ul>\n<h2 class=\"wsp-admin_toolbars-title\"><span id=\"admin-toolbars\">Barras de ferramentas de administra\u00e7\u00e3o<\/span><\/h2>\n<ul class=\"wsp-admin_toolbars-list\">\n<li><a href=\"https:\/\/parier-presidentielle.com\/pt\/admin_toolbar\/back-end\/\">Parte traseira e frontal<\/a><\/li>\n<\/ul>\n<h2 class=\"wsp-hide_plugins-title\"><span id=\"hide-plugins\">Ocultar plug-ins<\/span><\/h2>\n<ul class=\"wsp-hide_plugins-list\">\n<li><a href=\"https:\/\/parier-presidentielle.com\/pt\/hide_plugin\/hide-plugin\/\">HidePlugin<\/a><\/li>\n<\/ul>\n<\/div>\n\n\n\n<p><\/p>\n<div id=\"toc_container\" class=\"no_bullets\"><p class=\"toc_title\">Conte\u00fado<\/p><ul class=\"toc_list\"><li><\/li><li><\/li><li><\/li><li><\/li><li><\/li><\/ul><\/div>","protected":false},"excerpt":{"rendered":"<p>Bem-vindo ao mapa do site! Encontre todos os links da sua Paris sobre pol\u00edtica para ter todo o conhecimento necess\u00e1rio para apostar pela primeira vez. Assim como voc\u00ea poder\u00e1 acompanhar todas as probabilidades de todas as elei\u00e7\u00f5es: francesa, americana\u2026 Vers\u00e3o francesa de Parier-Presidentielle.com: Parier-Presidentielle: guia de apostas\u2026<\/p>","protected":false},"author":1,"featured_media":0,"parent":0,"menu_order":0,"comment_status":"closed","ping_status":"closed","template":"page-nosidebar.php","meta":{"footnotes":""},"yoast_head":"<!-- This site is optimized with the Yoast SEO Premium plugin v21.0 (Yoast SEO v21.0) - https:\/\/yoast.com\/wordpress\/plugins\/seo\/ -->\n<title>Plans du site de Parier-Presidentielle.com - Finale Coupe du Monde FIFA<\/title>\n<meta name=\"description\" content=\"Int\u00e9gralit\u00e9 et guide du site\" \/>\n<meta name=\"robots\" content=\"index, follow, max-snippet:-1, max-image-preview:large, max-video-preview:-1\" \/>\n<link rel=\"canonical\" href=\"https:\/\/parier-presidentielle.com\/pt\/plano\/\" \/>\n<meta property=\"og:locale\" content=\"pt_PT\" \/>\n<meta property=\"og:type\" content=\"article\" \/>\n<meta property=\"og:title\" content=\"Plans du site de Parier-Presidentielle.com\" \/>\n<meta property=\"og:description\" content=\"Int\u00e9gralit\u00e9 et guide du site\" \/>\n<meta property=\"og:url\" content=\"https:\/\/parier-presidentielle.com\/pt\/plano\/\" \/>\n<meta property=\"og:site_name\" content=\"Parier Pr\u00e9sidentielle\" \/>\n<meta property=\"article:modified_time\" content=\"2023-09-23T19:23:58+00:00\" \/>\n<meta name=\"twitter:card\" content=\"summary_large_image\" \/>\n<meta name=\"twitter:label1\" content=\"Est. reading time\" \/>\n\t<meta name=\"twitter:data1\" content=\"1 minuto\" \/>\n<script type=\"application\/ld+json\" class=\"yoast-schema-graph\">{\"@context\":\"https:\/\/schema.org\",\"@graph\":[{\"@type\":\"WebPage\",\"@id\":\"https:\/\/parier-presidentielle.com\/plan\/\",\"url\":\"https:\/\/parier-presidentielle.com\/plan\/\",\"name\":\"Plans du site de Parier-Presidentielle.com - Finale Coupe du Monde FIFA\",\"isPartOf\":{\"@id\":\"https:\/\/parier-presidentielle.com\/#website\"},\"datePublished\":\"2022-03-07T12:10:43+00:00\",\"dateModified\":\"2023-09-23T19:23:58+00:00\",\"description\":\"Int\u00e9gralit\u00e9 et guide du site\",\"breadcrumb\":{\"@id\":\"https:\/\/parier-presidentielle.com\/plan\/#breadcrumb\"},\"inLanguage\":\"pt-PT\",\"potentialAction\":[{\"@type\":\"ReadAction\",\"target\":[\"https:\/\/parier-presidentielle.com\/plan\/\"]}]},{\"@type\":\"BreadcrumbList\",\"@id\":\"https:\/\/parier-presidentielle.com\/plan\/#breadcrumb\",\"itemListElement\":[{\"@type\":\"ListItem\",\"position\":1,\"name\":\"Accueil\",\"item\":\"https:\/\/parier-presidentielle.com\/\"},{\"@type\":\"ListItem\",\"position\":2,\"name\":\"Plans du site de Parier-Presidentielle.com\"}]},{\"@type\":\"WebSite\",\"@id\":\"https:\/\/parier-presidentielle.com\/#website\",\"url\":\"https:\/\/parier-presidentielle.com\/\",\"name\":\"Parier Pr\u00e9sidentielle\",\"description\":\"Paris, Pronostics, Wiki sur la Politique, les Elections Am\u00e9ricaines: Joe Biden, Donald Trump avec les Bookmakers en ligne Unibet, Bwin, Betclic, Winamax\",\"potentialAction\":[{\"@type\":\"SearchAction\",\"target\":{\"@type\":\"EntryPoint\",\"urlTemplate\":\"https:\/\/parier-presidentielle.com\/?s={search_term_string}\"},\"query-input\":\"required name=search_term_string\"}],\"inLanguage\":\"pt-PT\"}]}<\/script>\n<!-- \/ Yoast SEO Premium plugin. -->","yoast_head_json":{"title":"Plans du site de Parier-Presidentielle.com - Finale Coupe du Monde FIFA","description":"Int\u00e9gralit\u00e9 et guide du site","robots":{"index":"index","follow":"follow","max-snippet":"max-snippet:-1","max-image-preview":"max-image-preview:large","max-video-preview":"max-video-preview:-1"},"canonical":"https:\/\/parier-presidentielle.com\/pt\/plano\/","og_locale":"pt_PT","og_type":"article","og_title":"Plans du site de Parier-Presidentielle.com","og_description":"Int\u00e9gralit\u00e9 et guide du site","og_url":"https:\/\/parier-presidentielle.com\/pt\/plano\/","og_site_name":"Parier Pr\u00e9sidentielle","article_modified_time":"2023-09-23T19:23:58+00:00","twitter_card":"summary_large_image","twitter_misc":{"Est. reading time":"1 minuto"},"schema":{"@context":"https:\/\/schema.org","@graph":[{"@type":"WebPage","@id":"https:\/\/parier-presidentielle.com\/plan\/","url":"https:\/\/parier-presidentielle.com\/plan\/","name":"Plans du site de Parier-Presidentielle.com - Finale Coupe du Monde FIFA","isPartOf":{"@id":"https:\/\/parier-presidentielle.com\/#website"},"datePublished":"2022-03-07T12:10:43+00:00","dateModified":"2023-09-23T19:23:58+00:00","description":"Int\u00e9gralit\u00e9 et guide du site","breadcrumb":{"@id":"https:\/\/parier-presidentielle.com\/plan\/#breadcrumb"},"inLanguage":"pt-PT","potentialAction":[{"@type":"ReadAction","target":["https:\/\/parier-presidentielle.com\/plan\/"]}]},{"@type":"BreadcrumbList","@id":"https:\/\/parier-presidentielle.com\/plan\/#breadcrumb","itemListElement":[{"@type":"ListItem","position":1,"name":"Accueil","item":"https:\/\/parier-presidentielle.com\/"},{"@type":"ListItem","position":2,"name":"Plans du site de Parier-Presidentielle.com"}]},{"@type":"WebSite","@id":"https:\/\/parier-presidentielle.com\/#website","url":"https:\/\/parier-presidentielle.com\/","name":"Parier Pr\u00e9sidentielle","description":"Paris, Pronostics, Wiki sur la Politique, les Elections Am\u00e9ricaines: Joe Biden, Donald Trump avec les Bookmakers en ligne Unibet, Bwin, Betclic, Winamax","potentialAction":[{"@type":"SearchAction","target":{"@type":"EntryPoint","urlTemplate":"https:\/\/parier-presidentielle.com\/?s={search_term_string}"},"query-input":"required name=search_term_string"}],"inLanguage":"pt-PT"}]}},"_links":{"self":[{"href":"https:\/\/parier-presidentielle.com\/pt\/wp-json\/wp\/v2\/pages\/898"}],"collection":[{"href":"https:\/\/parier-presidentielle.com\/pt\/wp-json\/wp\/v2\/pages"}],"about":[{"href":"https:\/\/parier-presidentielle.com\/pt\/wp-json\/wp\/v2\/types\/page"}],"author":[{"embeddable":true,"href":"https:\/\/parier-presidentielle.com\/pt\/wp-json\/wp\/v2\/users\/1"}],"replies":[{"embeddable":true,"href":"https:\/\/parier-presidentielle.com\/pt\/wp-json\/wp\/v2\/comments?post=898"}],"version-history":[{"count":12,"href":"https:\/\/parier-presidentielle.com\/pt\/wp-json\/wp\/v2\/pages\/898\/revisions"}],"predecessor-version":[{"id":2564,"href":"https:\/\/parier-presidentielle.com\/pt\/wp-json\/wp\/v2\/pages\/898\/revisions\/2564"}],"wp:attachment":[{"href":"https:\/\/parier-presidentielle.com\/pt\/wp-json\/wp\/v2\/media?parent=898"}],"curies":[{"name":"wp","href":"https:\/\/api.w.org\/{rel}","templated":true}]}}