{"id":951,"date":"2022-03-08T15:51:23","date_gmt":"2022-03-08T14:51:23","guid":{"rendered":"https:\/\/parier-presidentielle.com\/?page_id=951"},"modified":"2022-03-30T23:38:42","modified_gmt":"2022-03-30T21:38:42","slug":"bookmakers-sondages-election-presidentielle","status":"publish","type":"page","link":"https:\/\/parier-presidentielle.com\/pt\/casas-de-apostas-pesquisas-eleicao-presidencial\/","title":{"rendered":"Casas de apostas: mais confi\u00e1veis que as pesquisas para as elei\u00e7\u00f5es presidenciais"},"content":{"rendered":"<h2 class=\"wp-block-heading\"><span id=\"le-paradoxe-des-sondages-politiques\">O paradoxo das pesquisas pol\u00edticas<\/span><\/h2>\n\n\n\n<p><br><em>Quanto mais as pessoas aprendiam sobre as t\u00e9cnicas de pesquisa e eram expostas aos resultados, mais tendenciosos se tornavam os resultados. Para que?<\/em><\/p>\n\n\n\n<figure class=\"wp-block-image size-large wp-duotone-000096-rgba2557171051-1\"><img decoding=\"async\" loading=\"lazy\" width=\"1024\" height=\"545\" src=\"https:\/\/parier-presidentielle.com\/wp-content\/uploads\/2022\/03\/bookmakers-sondages-election-presidentielle-1024x545.jpg\" alt=\"\" class=\"wp-image-965\" srcset=\"https:\/\/parier-presidentielle.com\/wp-content\/uploads\/2022\/03\/bookmakers-sondages-election-presidentielle-1024x545.jpg 1024w, https:\/\/parier-presidentielle.com\/wp-content\/uploads\/2022\/03\/bookmakers-sondages-election-presidentielle-300x160.jpg 300w, https:\/\/parier-presidentielle.com\/wp-content\/uploads\/2022\/03\/bookmakers-sondages-election-presidentielle-768x409.jpg 768w, https:\/\/parier-presidentielle.com\/wp-content\/uploads\/2022\/03\/bookmakers-sondages-election-presidentielle-1536x818.jpg 1536w, https:\/\/parier-presidentielle.com\/wp-content\/uploads\/2022\/03\/bookmakers-sondages-election-presidentielle-2048x1091.jpg 2048w\" sizes=\"(max-width: 1024px) 100vw, 1024px\" \/><\/figure>\n\n\n\n<p>Apesar da sua longa hist\u00f3ria, as sondagens pr\u00e9-eleitorais t\u00eam uma grande falha: os entrevistados t\u00eam livre arb\u00edtrio para mentir, mudar de ideias e trapacear em vota\u00e7\u00f5es anteriores. Exemplos recentes do Reino Unido e dos Estados Unidos mostram que uma grande parte da popula\u00e7\u00e3o ou n\u00e3o est\u00e1 representada na amostra inquirida e, portanto, \u00e9 dif\u00edcil de corrigir, ou muda as suas inten\u00e7\u00f5es de voto no \u00faltimo minuto, dependendo de factores directos ou volunt\u00e1rios (um facto baseado em inqu\u00e9ritos por amostragem estat\u00edstica torna dif\u00edcil rastrear a causa desta mudan\u00e7a). O que \u00e9 claramente o caso nestas elei\u00e7\u00f5es, o n\u00famero de eleitores \u00e9 um recorde!<\/p>\n\n\n\n<div class=\"wp-block-columns is-layout-flex wp-container-5 wp-block-columns-is-layout-flex\">\n<div class=\"wp-block-column is-layout-flow wp-block-column-is-layout-flow\" style=\"flex-basis:100%\">\n<div class=\"wp-block-columns is-layout-flex wp-container-3 wp-block-columns-is-layout-flex\">\n<div class=\"wp-block-column is-layout-flow wp-block-column-is-layout-flow\" style=\"flex-basis:100%\">\n<center><script type=\"text\/javascript\" charset=\"utf-8\" src=\"https:\/\/www.gambling-affiliation.com\/cpm\/v=AmIMTDSs92QY6b0MzDMvM5laCjJ-ZlA-1oQ-7tKsi.w_GA7331V2\"><\/script><\/center>\n\n\n\n<p><\/p>\n\n\n\n<div class=\"wp-block-image is-style-default\"><figure class=\"aligncenter size-medium\"><a href=\"https:\/\/parier-presidentielle.com\/pt\/recommends\/unibet-logo\/\" target=\"_blank\" rel=\"no follow noopener\"><img decoding=\"async\" loading=\"lazy\" width=\"300\" height=\"169\" src=\"https:\/\/parier-presidentielle.com\/wp-content\/uploads\/2022\/04\/unibet-300x169.jpg\" alt=\"\" class=\"wp-image-1252\" srcset=\"https:\/\/parier-presidentielle.com\/wp-content\/uploads\/2022\/04\/unibet-300x169.jpg 300w, https:\/\/parier-presidentielle.com\/wp-content\/uploads\/2022\/04\/unibet-1024x576.jpg 1024w, https:\/\/parier-presidentielle.com\/wp-content\/uploads\/2022\/04\/unibet-768x432.jpg 768w, https:\/\/parier-presidentielle.com\/wp-content\/uploads\/2022\/04\/unibet-18x10.jpg 18w, https:\/\/parier-presidentielle.com\/wp-content\/uploads\/2022\/04\/unibet.jpg 1280w\" sizes=\"(max-width: 300px) 100vw, 300px\" \/><\/a><\/figure><\/div>\n<\/div>\n<\/div>\n<\/div>\n<\/div>\n\n\n\n<p>E se muitas pesquisas os tornassem obsoletos? E se estiv\u00e9ssemos diante de um paradoxo, que eu definiria da seguinte forma: \u201c<strong> Quanto mais as pessoas entendem as t\u00e9cnicas de pesquisa e s\u00e3o expostas aos resultados, mais tendenciosos se tornam os resultados.<\/strong> ?<br>O que n\u00e3o \u00e9 o caso <a href=\"https:\/\/parier-presidentielle.com\/pt\/casas-de-apostas-pesquisas-eleicao-presidencial\/\">casas de apostas<\/a> por exemplo Unibet, <a href=\"https:\/\/parier-presidentielle.com\/pt\/bwin-politica-eleicao-2022\/\">Bwin<\/a>, Betclic\u2026<\/p>\n\n\n\n<div class=\"flourish-embed flourish-chart\" data-src=\"visualisation\/8788732\"><script src=\"https:\/\/public.flourish.studio\/resources\/embed.js\"><\/script><\/div>\n\n\n\n<h2 class=\"wp-block-heading\"><span id=\"les-sondages-politique-face-aux-opinions-et-bulle-informative\">Pesquisas pol\u00edticas versus opini\u00f5es e bolhas de informa\u00e7\u00e3o<\/span><\/h2>\n\n\n\n<p>Al\u00e9m disso, a publica\u00e7\u00e3o cont\u00ednua e a exposi\u00e7\u00e3o nacional de pesquisas de opini\u00e3o p\u00fablica colidem com dois fen\u00f4menos psicol\u00f3gicos interativos: o vi\u00e9s de confirma\u00e7\u00e3o significa que uma pessoa tende a preferir informa\u00e7\u00f5es na dire\u00e7\u00e3o de seus pensamentos e suposi\u00e7\u00f5es; ao mesmo tempo, bolhas de informa\u00e7\u00e3o filtradas levam a preferir que ele tenha fontes de informa\u00e7\u00e3o semelhantes e, portanto, tenda a concordar com ele (sejam amigos nas redes sociais, ou escolham fontes de informa\u00e7\u00e3o tradicionais, conhecidas do p\u00fablico pelas suas linhas editoriais).<\/p>\n\n\n\n<p>Diante da incerteza e de amostras tendenciosas, outras ferramentas de previs\u00e3o al\u00e9m <a href=\"https:\/\/parier-presidentielle.com\/pt\/casas-de-apostas-pesquisas-eleicao-presidencial\/\">pesquisas <\/a>podem surgir, e penso que o mais relevante \u00e9 aquele que me parecia incongruente h\u00e1 um ano: jogos de azar online com sites como Unibet, Bwin, Betclic.<\/p>\n\n\n\n<h3 class=\"wp-block-heading\"><span id=\"les-elections-presidentielles-c8217est-comme-le-pmu\">As elei\u00e7\u00f5es presidenciais s\u00e3o como a PMU <\/span><\/h3>\n\n\n\n<p>O primeiro <a href=\"https:\/\/parier-presidentielle.com\/pt\/\">apostando na elei\u00e7\u00e3o <\/a>parece com o que voc\u00ea v\u00ea em uma pista de corrida. Cada candidato tem uma classifica\u00e7\u00e3o, que muda constantemente. Isto \u00e9 calculado por especialistas atrav\u00e9s de computadores, que podem integrar nos seus c\u00e1lculos sondagens de opini\u00e3o, factores socioecon\u00f3micos, acontecimentos recentes, resultados de consultas anteriores e quest\u00f5es j\u00e1 registadas.<\/p>\n\n\n\n<p><\/p>\n\n\n\n<p>Por exemplo, se um apostador apostar o valor naquela noite, ele ser\u00e1 eleito na noite de 10 de abril e restaurar\u00e1 sua aposta inicial, aumentando seu valor em aproximadamente (de 5\/6 a 11\/10, dependendo do site) . Obviamente, se ele n\u00e3o se tornar presidente, perder\u00e1 definitivamente a aposta inicial. Dada esta tabela, se Nicolas Dupont-Aignan vencer, uma pessoa muito sortuda ou muito vision\u00e1ria pode ganhar at\u00e9 1000 vezes a sua aposta.<\/p>\n\n\n\n<p>Como resultado, as casas de apostas ter\u00e3o de decidir entre aumentar as probabilidades para atrair potenciais apostadores para os seus sites ou diminuir as probabilidades para n\u00e3o pagar a mais ao vencedor e manter os seus ganhos. O mecanismo tende portanto a auto-regular-se, raz\u00e3o pela qual vemos um consenso nas pontua\u00e7\u00f5es desta tabela, a diferen\u00e7a entre os tr\u00eas candidatos com melhor classifica\u00e7\u00e3o \u00e9 insignificante, assim as casas de apostas Unibet, Bwin, Betclic competem com ofertas publicit\u00e1rias e actividades promocionais entre eles.<\/p>\n\n\n\n<p><\/p>\n\n\n\n<h3 class=\"wp-block-heading\"><span id=\"un-bon-parieur-c8217est-un-bon-trader\">Um bom apostador \u00e9 um bom trader<\/span><\/h3>\n\n\n\n<p>A segunda aposta que encontrei \u00e9 semelhante ao funcionamento do mercado de a\u00e7\u00f5es. O site \u00e9 um mercado para negocia\u00e7\u00e3o de produtos que funcionam como a\u00e7\u00f5es. Um produto Sim receber\u00e1 1 $ na noite da elei\u00e7\u00e3o se o candidato que ele representa vencer a elei\u00e7\u00e3o, e caso contr\u00e1rio, 0. Por outro lado, um produto N\u00e3o receber\u00e1 1 $ se perder e sem valor se vencer. Portanto, seu pre\u00e7o pode oscilar entre 0 $ e 1 $, expresso em centavos. Aqui, cabe ao apostador definir ele mesmo o pre\u00e7o. Se um investidor possuir a\u00e7\u00f5es de um candidato e achar que n\u00e3o ser\u00e1 eleito, poder\u00e1 vend\u00ea-las a outra pessoa, desde que seus pre\u00e7os de venda e compra sejam compar\u00e1veis. Mas se todos os vendedores quiserem um pre\u00e7o que os compradores n\u00e3o estejam dispostos a pagar, o neg\u00f3cio n\u00e3o acontecer\u00e1. <strong>Assim, as probabilidades apresentadas s\u00e3o o pre\u00e7o da \u00faltima negocia\u00e7\u00e3o e, portanto, representam o consenso do mercado sobre a probabilidade de vit\u00f3ria deste ou daquele candidato.<\/strong>  <\/p>\n\n\n\n<p>Como resultado, os apostadores podem registar lucros ou perdas muito antes da elei\u00e7\u00e3o. Ao comprar as a\u00e7\u00f5es da Yes desse candidato em 5 de fevereiro e vend\u00ea-las em 21 de fevereiro, eu obteria cerca de duas vezes mais participa\u00e7\u00e3o inicial, mesmo ignorando o resultado de 7 de maio. Portanto, podemos jogar prevendo o resultado final ou simplesmente prevendo tend\u00eancias durante um determinado per\u00edodo de tempo. <\/p>\n\n\n\n<h2 class=\"wp-block-heading\"><span id=\"mieux-que-les-sondages-vouloir-gagner-son-paris-permet-de-trouver-le-vainqueur-final-de-l8217election-presidentielle\">Melhor do que as pesquisas querer ganhar sua Paris permite que voc\u00ea encontre o vencedor final das elei\u00e7\u00f5es presidenciais <\/span><\/h2>\n\n\n\n<p>Em ambos os casos, os preconceitos psicol\u00f3gicos associados \u00e0 sondagem e aos seus resultados foram ponderados porque os participantes n\u00e3o estavam interessados em apostar no resultado que queriam, mas sim no resultado que pensavam que iria acontecer. Portanto, o sistema de previs\u00e3o baseado na gan\u00e2ncia parece ser menos suscet\u00edvel \u00e0 manipula\u00e7\u00e3o, seja volunt\u00e1ria ou involunt\u00e1ria, e os apostadores n\u00e3o t\u00eam interesse em jogar o jogo. Mas isso levanta a dif\u00edcil quest\u00e3o \u00e9tica de pagar pela sua opini\u00e3o\u2026.<\/p>\n\n\n\n<p class=\"has-text-align-center unibet\" style=\"font-size:25px\"><mark style=\"background-color:rgba(0, 0, 0, 0);color:#0d7a12\" class=\"has-inline-color\"><strong><a href=\"https:\/\/parier-presidentielle.com\/pt\/recommends\/unibet\/\">B\u00f4nus de 150\u20ac oferecido com Unibet<br>Para sua primeira aposta pol\u00edtica ou esportiva: Clique aqui<\/a><\/strong><\/mark><\/p>\n\n\n\n<p><\/p>\n\n\n<div class=\"wp-block-image\">\n<figure class=\"aligncenter is-resized wp-duotone-000097-ff4747-6\"><img decoding=\"async\" loading=\"lazy\" src=\"https:\/\/parier-presidentielle.com\/wp-content\/uploads\/2021\/09\/election-standard-scale-4_00x-gigapixel-1024x623.jpg\" alt=\"Elei\u00e7\u00f5es 2022\" style=\"width:256px;height:156px\" width=\"256\" height=\"156\"\/><\/figure><\/div>\n\n\n<p><br><\/p>\n\n\n\n<p><strong>Parier-presidencial ajuda voc\u00ea a fazer sua escolha entre os diferentes<a href=\"https:\/\/parier-presidentielle.com\/pt\/\"> Casas de apostas Bwin, Unibet e Betclic apostar\u00e3o no futuro presidente americano em 2024<\/a> : <\/strong><br><a href=\"https:\/\/parier-presidentielle.com\/pt\/unibet-politica-eleicao-2022\/\">Casa de apostas presidencial Unibet<\/a> : Guia detalhado e gratuito para fazer sua primeira aposta online com todas as probabilidades e como aproveitar o b\u00f4nus oferecido!<\/p>\n\n\n\n<p>Bem como outros sites online de Paris: <a href=\"https:\/\/parier-presidentielle.com\/pt\/unibet-politica-eleicao-2022\/\">Bwin<\/a>, <a href=\"https:\/\/parier-presidentielle.com\/pt\/netbet-paris-politica-eleicao-2022\/\">NetBet<\/a>, <a href=\"https:\/\/parier-presidentielle.com\/pt\/betclic-presidencial-2022\/\">Betclic<\/a>, <a href=\"https:\/\/parier-presidentielle.com\/pt\/winamax-politica-eleicao-2022\/\">Winamax<\/a>, Parions Sport, Zebet,Betway, Fran\u00e7a-Pari,Vbet, Cloudbet, 1Xbit, 1xbet, Betfair, Betwinner\u2026<\/p>\n\n\n\n<div class=\"wp-block-columns is-layout-flex wp-container-11 wp-block-columns-is-layout-flex\">\n<div class=\"wp-block-column is-layout-flow wp-block-column-is-layout-flow\" style=\"flex-basis:33.33%\">\n<p>Voc\u00ea acabou de ler nosso arquivo:<\/p>\n<\/div>\n\n\n\n<div class=\"wp-block-column is-layout-flow wp-block-column-is-layout-flow\" style=\"flex-basis:33.33%\">\n<div class=\"wp-block-group is-layout-flow wp-block-group-is-layout-flow\"><div class=\"wp-block-group__inner-container\"><h4 class=\"has-text-align-center wp-block-post-title\"><span id=\"les-bookmakers-plus-fiable-que-les-sondages-pour-l8217election-presidentielle\"><a href=\"https:\/\/parier-presidentielle.com\/pt\/casas-de-apostas-pesquisas-eleicao-presidencial\/\" target=\"_self\" >Casas de apostas: mais confi\u00e1veis que as pesquisas para as elei\u00e7\u00f5es presidenciais<\/a><\/span><\/h4><\/div><\/div>\n<\/div>\n\n\n\n<div class=\"wp-block-column is-layout-flow wp-block-column-is-layout-flow\" style=\"flex-basis:33.33%\">\n<p class=\"has-text-align-right\">Continue lendo com nossos outros arquivos exclusivos,<\/p>\n<\/div>\n<\/div>\n\n\n\n<h3 class=\"wp-block-heading\" id=\"tous-les-pronostics-sondage-et-cotes-pour-parier-sur-le-futur-vainqueur-de-l-election-presidentielle-2022\"><span id=\"tous-les-pronostics-sondage-et-cotes-pour-parier-sur-le-futur-vainqueur-de-l8217election-presidentielle-2024\">Todas as previs\u00f5es, pesquisas e probabilidades para apostar no futuro vencedor das elei\u00e7\u00f5es presidenciais de 2024:<\/span><\/h3>\n\n\n\n<ul>\n<li><a href=\"https:\/\/parier-presidentielle.com\/pt\/eleicao-macron\/\">Aposte em Emmanuel Macron com Unibet, Betclic, Bwin<\/a> : O favorito em enquetes e previs\u00f5es <\/li>\n\n\n\n<li><a href=\"https:\/\/parier-presidentielle.com\/pt\/eleicao-de-marine-le-pen\/\">Marine Le Pen: Suas probabilidades e como apostar nas casas de apostas<\/a>: O desafiante de acordo com a Unibet<\/li>\n<\/ul>\n\n\n\n<p><\/p>\n\n\n\n<center><script type=\"text\/javascript\" charset=\"utf-8\" src=\"https:\/\/www.gambling-affiliation.com\/cpm\/v=AmIMTDSs92QY6b0MzDMvM5laCjJ-ZlA-1oQ-7tKsi.w_GA7331V2\"><\/script><\/center>\n\n\n\n<h3 class=\"wp-block-heading\"><span id=\"donald-trump-vs-joe-biden-la-video-qui-lance-les-paris-en-ligne-sur-l8217election-politique-de-2024\">Donald Trump vs Joe Biden: O v\u00eddeo que lan\u00e7a apostas online nas elei\u00e7\u00f5es pol\u00edticas de 2024<\/span><\/h3>\n\n\n\n<figure class=\"wp-block-embed is-type-video is-provider-youtube wp-block-embed-youtube wp-embed-aspect-16-9 wp-has-aspect-ratio\"><div class=\"wp-block-embed__wrapper\">\n<iframe loading=\"lazy\" title=\"Ex-presidente Donald Trump lan\u00e7a candidatura \u00e0 Casa Branca para 2024 #Short\" width=\"640\" height=\"360\" src=\"https:\/\/www.youtube.com\/embed\/hZykPRVe4Ag?feature=oembed\" frameborder=\"0\" allow=\"accelerometer; autoplay; clipboard-write; encrypted-media; gyroscope; picture-in-picture; web-share\" allowfullscreen><\/iframe>\n<\/div><\/figure>\n\n\n<div class=\"wp-block-image\">\n<figure class=\"aligncenter size-medium\"><a href=\"https:\/\/parier-presidentielle.com\/pt\/recommends\/unibet\/\" target=\"_blank\" rel=\"noopener\"><img decoding=\"async\" loading=\"lazy\" width=\"300\" height=\"169\" src=\"https:\/\/parier-presidentielle.com\/wp-content\/uploads\/2022\/04\/unibet-300x169.jpg\" alt=\"\" class=\"wp-image-1252\" srcset=\"https:\/\/parier-presidentielle.com\/wp-content\/uploads\/2022\/04\/unibet-300x169.jpg 300w, https:\/\/parier-presidentielle.com\/wp-content\/uploads\/2022\/04\/unibet-1024x576.jpg 1024w, https:\/\/parier-presidentielle.com\/wp-content\/uploads\/2022\/04\/unibet-768x432.jpg 768w, https:\/\/parier-presidentielle.com\/wp-content\/uploads\/2022\/04\/unibet-18x10.jpg 18w, https:\/\/parier-presidentielle.com\/wp-content\/uploads\/2022\/04\/unibet.jpg 1280w\" sizes=\"(max-width: 300px) 100vw, 300px\" \/><\/a><\/figure><\/div>\n\n\n<p>Encontre o Wiki, as not\u00edcias pol\u00edticas essenciais sobre a Cannabis e seus derivados legais: <strong>HHC, H4cbd, Thcp, Thcv, HSD, HHCPO, C4B<\/strong><\/p>\n\n\n\n<p><\/p>\n<div id=\"toc_container\" class=\"no_bullets\"><p class=\"toc_title\">Conte\u00fado<\/p><ul class=\"toc_list\"><li><\/li><li><ul><li><\/li><li><\/li><\/ul><\/li><li><ul><li><ul><li><\/li><\/ul><\/li><li><\/li><li><\/li><\/ul><\/li><\/ul><\/div>","protected":false},"excerpt":{"rendered":"<p>Le Paradoxe des sondages politiques Plus les gens apprenaient les techniques de sondage et \u00e9taient expos\u00e9s aux r\u00e9sultats, plus les r\u00e9sultats devenaient biais\u00e9s. Pourquoi? Malgr\u00e9 leur longue histoire, les sondages pr\u00e9\u00e9lectoraux ont un d\u00e9faut majeur\u00a0: les r\u00e9pondants ont le libre arbitre de mentir, de changer d&#8217;avis et de tricher sur les bulletins de vote pass\u00e9s. &#8230;<\/p>","protected":false},"author":1,"featured_media":0,"parent":0,"menu_order":0,"comment_status":"closed","ping_status":"closed","template":"page-nosidebar.php","meta":{"footnotes":""},"yoast_head":"<!-- This site is optimized with the Yoast SEO Premium plugin v21.0 (Yoast SEO v21.0) - https:\/\/yoast.com\/wordpress\/plugins\/seo\/ -->\n<title>Les Bookmakers : plus fiable que les Sondages pour l&#039;\u00e9lection pr\u00e9sidentielle - Finale Coupe du Monde FIFA<\/title>\n<meta name=\"description\" content=\"Les cotes des bookmakers sont plus fiable que les sondage pour la Politique : Pourquoi et comment en profiter?\" \/>\n<meta name=\"robots\" content=\"index, follow, max-snippet:-1, max-image-preview:large, max-video-preview:-1\" \/>\n<link rel=\"canonical\" href=\"https:\/\/parier-presidentielle.com\/pt\/casas-de-apostas-pesquisas-eleicao-presidencial\/\" \/>\n<meta property=\"og:locale\" content=\"pt_PT\" \/>\n<meta property=\"og:type\" content=\"article\" \/>\n<meta property=\"og:title\" content=\"Les Bookmakers : plus fiable que les Sondages pour l&#039;\u00e9lection pr\u00e9sidentielle\" \/>\n<meta property=\"og:description\" content=\"Les cotes des bookmakers sont plus fiable que les sondage pour la Politique : Pourquoi et comment en profiter?\" \/>\n<meta property=\"og:url\" content=\"https:\/\/parier-presidentielle.com\/pt\/casas-de-apostas-pesquisas-eleicao-presidencial\/\" \/>\n<meta property=\"og:site_name\" content=\"Parier Pr\u00e9sidentielle\" \/>\n<meta property=\"article:modified_time\" content=\"2022-03-30T21:38:42+00:00\" \/>\n<meta property=\"og:image\" content=\"https:\/\/parier-presidentielle.com\/wp-content\/uploads\/2022\/03\/bookmakers-sondages-election-presidentielle-1024x545.jpg\" \/>\n<meta name=\"twitter:card\" content=\"summary_large_image\" \/>\n<meta name=\"twitter:label1\" content=\"Est. reading time\" \/>\n\t<meta name=\"twitter:data1\" content=\"5 minutos\" \/>\n<script type=\"application\/ld+json\" class=\"yoast-schema-graph\">{\"@context\":\"https:\/\/schema.org\",\"@graph\":[{\"@type\":\"WebPage\",\"@id\":\"https:\/\/parier-presidentielle.com\/bookmakers-sondages-election-presidentielle\/\",\"url\":\"https:\/\/parier-presidentielle.com\/bookmakers-sondages-election-presidentielle\/\",\"name\":\"Les Bookmakers : plus fiable que les Sondages pour l'\u00e9lection pr\u00e9sidentielle - Finale Coupe du Monde FIFA\",\"isPartOf\":{\"@id\":\"https:\/\/parier-presidentielle.com\/#website\"},\"datePublished\":\"2022-03-08T14:51:23+00:00\",\"dateModified\":\"2022-03-30T21:38:42+00:00\",\"description\":\"Les cotes des bookmakers sont plus fiable que les sondage pour la Politique : Pourquoi et comment en profiter?\",\"breadcrumb\":{\"@id\":\"https:\/\/parier-presidentielle.com\/bookmakers-sondages-election-presidentielle\/#breadcrumb\"},\"inLanguage\":\"pt-PT\",\"potentialAction\":[{\"@type\":\"ReadAction\",\"target\":[\"https:\/\/parier-presidentielle.com\/bookmakers-sondages-election-presidentielle\/\"]}]},{\"@type\":\"BreadcrumbList\",\"@id\":\"https:\/\/parier-presidentielle.com\/bookmakers-sondages-election-presidentielle\/#breadcrumb\",\"itemListElement\":[{\"@type\":\"ListItem\",\"position\":1,\"name\":\"Accueil\",\"item\":\"https:\/\/parier-presidentielle.com\/\"},{\"@type\":\"ListItem\",\"position\":2,\"name\":\"Les Bookmakers : plus fiable que les Sondages pour l&rsquo;\u00e9lection pr\u00e9sidentielle\"}]},{\"@type\":\"WebSite\",\"@id\":\"https:\/\/parier-presidentielle.com\/#website\",\"url\":\"https:\/\/parier-presidentielle.com\/\",\"name\":\"Parier Pr\u00e9sidentielle\",\"description\":\"Paris, Pronostics, Wiki sur la Politique, les Elections Am\u00e9ricaines: Joe Biden, Donald Trump avec les Bookmakers en ligne Unibet, Bwin, Betclic, Winamax\",\"potentialAction\":[{\"@type\":\"SearchAction\",\"target\":{\"@type\":\"EntryPoint\",\"urlTemplate\":\"https:\/\/parier-presidentielle.com\/?s={search_term_string}\"},\"query-input\":\"required name=search_term_string\"}],\"inLanguage\":\"pt-PT\"}]}<\/script>\n<!-- \/ Yoast SEO Premium plugin. -->","yoast_head_json":{"title":"Les Bookmakers : plus fiable que les Sondages pour l'\u00e9lection pr\u00e9sidentielle - Finale Coupe du Monde FIFA","description":"Les cotes des bookmakers sont plus fiable que les sondage pour la Politique : Pourquoi et comment en profiter?","robots":{"index":"index","follow":"follow","max-snippet":"max-snippet:-1","max-image-preview":"max-image-preview:large","max-video-preview":"max-video-preview:-1"},"canonical":"https:\/\/parier-presidentielle.com\/pt\/casas-de-apostas-pesquisas-eleicao-presidencial\/","og_locale":"pt_PT","og_type":"article","og_title":"Les Bookmakers : plus fiable que les Sondages pour l'\u00e9lection pr\u00e9sidentielle","og_description":"Les cotes des bookmakers sont plus fiable que les sondage pour la Politique : Pourquoi et comment en profiter?","og_url":"https:\/\/parier-presidentielle.com\/pt\/casas-de-apostas-pesquisas-eleicao-presidencial\/","og_site_name":"Parier Pr\u00e9sidentielle","article_modified_time":"2022-03-30T21:38:42+00:00","og_image":[{"url":"https:\/\/parier-presidentielle.com\/wp-content\/uploads\/2022\/03\/bookmakers-sondages-election-presidentielle-1024x545.jpg"}],"twitter_card":"summary_large_image","twitter_misc":{"Est. reading time":"5 minutos"},"schema":{"@context":"https:\/\/schema.org","@graph":[{"@type":"WebPage","@id":"https:\/\/parier-presidentielle.com\/bookmakers-sondages-election-presidentielle\/","url":"https:\/\/parier-presidentielle.com\/bookmakers-sondages-election-presidentielle\/","name":"Les Bookmakers : plus fiable que les Sondages pour l'\u00e9lection pr\u00e9sidentielle - Finale Coupe du Monde FIFA","isPartOf":{"@id":"https:\/\/parier-presidentielle.com\/#website"},"datePublished":"2022-03-08T14:51:23+00:00","dateModified":"2022-03-30T21:38:42+00:00","description":"Les cotes des bookmakers sont plus fiable que les sondage pour la Politique : Pourquoi et comment en profiter?","breadcrumb":{"@id":"https:\/\/parier-presidentielle.com\/bookmakers-sondages-election-presidentielle\/#breadcrumb"},"inLanguage":"pt-PT","potentialAction":[{"@type":"ReadAction","target":["https:\/\/parier-presidentielle.com\/bookmakers-sondages-election-presidentielle\/"]}]},{"@type":"BreadcrumbList","@id":"https:\/\/parier-presidentielle.com\/bookmakers-sondages-election-presidentielle\/#breadcrumb","itemListElement":[{"@type":"ListItem","position":1,"name":"Accueil","item":"https:\/\/parier-presidentielle.com\/"},{"@type":"ListItem","position":2,"name":"Les Bookmakers : plus fiable que les Sondages pour l&rsquo;\u00e9lection pr\u00e9sidentielle"}]},{"@type":"WebSite","@id":"https:\/\/parier-presidentielle.com\/#website","url":"https:\/\/parier-presidentielle.com\/","name":"Parier Pr\u00e9sidentielle","description":"Paris, Pronostics, Wiki sur la Politique, les Elections Am\u00e9ricaines: Joe Biden, Donald Trump avec les Bookmakers en ligne Unibet, Bwin, Betclic, Winamax","potentialAction":[{"@type":"SearchAction","target":{"@type":"EntryPoint","urlTemplate":"https:\/\/parier-presidentielle.com\/?s={search_term_string}"},"query-input":"required name=search_term_string"}],"inLanguage":"pt-PT"}]}},"_links":{"self":[{"href":"https:\/\/parier-presidentielle.com\/pt\/wp-json\/wp\/v2\/pages\/951"}],"collection":[{"href":"https:\/\/parier-presidentielle.com\/pt\/wp-json\/wp\/v2\/pages"}],"about":[{"href":"https:\/\/parier-presidentielle.com\/pt\/wp-json\/wp\/v2\/types\/page"}],"author":[{"embeddable":true,"href":"https:\/\/parier-presidentielle.com\/pt\/wp-json\/wp\/v2\/users\/1"}],"replies":[{"embeddable":true,"href":"https:\/\/parier-presidentielle.com\/pt\/wp-json\/wp\/v2\/comments?post=951"}],"version-history":[{"count":10,"href":"https:\/\/parier-presidentielle.com\/pt\/wp-json\/wp\/v2\/pages\/951\/revisions"}],"predecessor-version":[{"id":1111,"href":"https:\/\/parier-presidentielle.com\/pt\/wp-json\/wp\/v2\/pages\/951\/revisions\/1111"}],"wp:attachment":[{"href":"https:\/\/parier-presidentielle.com\/pt\/wp-json\/wp\/v2\/media?parent=951"}],"curies":[{"name":"wp","href":"https:\/\/api.w.org\/{rel}","templated":true}]}}