{"id":121,"date":"2021-09-10T13:58:16","date_gmt":"2021-09-10T11:58:16","guid":{"rendered":"https:\/\/parier-presidentielle.com\/?page_id=121"},"modified":"2023-09-09T20:26:39","modified_gmt":"2023-09-09T18:26:39","slug":"asselineau-bookmaker-unibet-bwin","status":"publish","type":"page","link":"https:\/\/parier-presidentielle.com\/ro\/asselineau-bookmaker-unibet-bwin\/","title":{"rendered":"Asselineau \u0219i alegerile preziden\u021biale conform Les Bookmakers Bwin, Unibet"},"content":{"rendered":"<h2 class=\"wp-block-heading\" id=\"h-pour-les-parieurs-britanniques-le-candidat-socialiste-etait-deja-en-piteux-etat-a-dix-jours-du-premier-tour-de-la-presidentielle-et-ne-se-presentera-pas-au-terme-de-sa-peine-contrairement-a-francois-asselineau\"><span id=\"pour-les-parieurs-britanniques-le-candidat-socialiste-etait-deja-en-piteux-etat-a-dix-jours-du-premier-tour-de-la-presidentielle-et-ne-se-presentera-pas-au-terme-de-sa-peine-contrairement-a-francois-asselineau\">Pentru pariorii britanici, candidatul socialist era deja \u00een stare proast\u0103 cu zece zile \u00eenainte de primul tur al alegerilor preziden\u021biale \u0219i nu va candida la sf\u00e2r\u0219itul pedepsei, spre deosebire de Fran\u00e7ois Asselineau!<\/span><\/h2>\n\n\n\n<p><\/p>\n\n\n\n<p>Cu mai pu\u021bin de dou\u0103 s\u0103pt\u0103m\u00e2ni \u00eenainte de primul tur al alegerilor preziden\u021biale, pu\u021bini observatori l-au v\u0103zut pe candidatul socialist avans\u00e2nd \u00een turul doi. Cel mai mare ac\u021bionar a sc\u0103zut pe locul cinci. El \u00eensu\u0219i p\u0103rea s\u0103-\u0219i fi pierdut speran\u021ba \u0219i chiar a men\u021bionat pe antena noastr\u0103 perspectiva \u201eo noapte bun\u0103 de somn\u201d \u00een cazul unui e\u0219ec pe 23 aprilie. \u201eBenoit Hamon pare s\u0103-\u0219i fi interiorizat e\u0219ecul\u201d, a analizat jurnalista Alba Ventura. Iar declinul ar putea continua.<br><\/p>\n\n\n\n<figure class=\"wp-block-image wp-duotone-000097-ff4747-1\"><img decoding=\"async\" loading=\"lazy\" width=\"752\" height=\"423\" src=\"https:\/\/parier-presidentielle.com\/wp-content\/uploads\/2021\/09\/asselineau.jpg\" alt=\"\" class=\"wp-image-114\" srcset=\"https:\/\/parier-presidentielle.com\/wp-content\/uploads\/2021\/09\/asselineau.jpg 752w, https:\/\/parier-presidentielle.com\/wp-content\/uploads\/2021\/09\/asselineau-300x169.jpg 300w\" sizes=\"(max-width: 752px) 100vw, 752px\" \/><\/figure>\n\n\n\n<h2 class=\"wp-block-heading\" id=\"h-benoit-hamon-vit-une-veritable-chute-aux-enfers-dans-les-sondages-et-donc-egalement-dans-ses-cotes-selon-les-sites-de-paris-en-ligne-bwin-unibet-netbet-betclic-winamax\"><span id=\"benoit-hamon-vit-une-veritable-chute-aux-enfers-dans-les-sondages-et-donc-egalement-dans-ses-cotes-selon-les-sites-de-paris-en-ligne-bwin-unibet-netbet-betclic-winamax\">Beno\u00eet Hamon se confrunt\u0103 cu o adev\u0103rat\u0103 c\u0103dere \u00een iad \u00een sondaje \u0219i, prin urmare, \u0219i \u00een cotele sale conform site-urilor de pariuri online Bwin, Unibet, Netbet, Betclic, Winamax.<\/span><\/h2>\n\n\n\n<p><br>Potrivit companiei britanice de jocuri de noroc, fostul ministru al Educa\u021biei ar putea fi eliminat de pe locul patru de Fran\u00e7ois Asselineau. Pre\u0219edintele Ligii Rezisten\u021bei Populare l-a retrogradat pe socialistul pe locul \u0219ase, cu scorul de 100\/1, la 200\/1, la egalitate cu Nicolas Dupont-Aignan. \u00centr-un interviu acordat Lib\u00e9ration, Graham Sharpe, purt\u0103tor de cuv\u00e2nt al William Hill, (echivalent cu casele de pariuri Bwin, Unibet, Netbet, Betclic, Winamax), una dintre cele mai mari companii de jocuri de noroc din Canal, a \u00eencercat s\u0103 explice acest fenomen prin faptul c\u0103 Fran\u00e7ois Asselineau a adoptat o abordare anti-european\u0103, anti-euro \u0219i anti-NATO, la fel ca mul\u021bi sus\u021bin\u0103tori ai Brexit-ului. Un juc\u0103tor de noroc puternic, considerat supu\u0219ii Majest\u0103\u021bii Sale <a href=\"https:\/\/parier-presidentielle.com\/ro\/macron-elegere\/\">Emmanuel Macron<\/a> ca mare c\u00e2\u0219tig\u0103tor al alegerilor reginei din 08\/11. \u201eSe lucreaz\u0103! &quot; Lider ! Chiar \u00een spate este <a href=\"https:\/\/parier-presidentielle.com\/ro\/marine-le-pen-election\/\">Marine Le Pen <\/a>(11\/4). Fran\u00e7ois Fillon urc\u0103 pe podium la 9\/2, \u00eenaintea lui Jean-Luc M\u00e9lanchon (8\/1). Cu toate acestea, aceste previziuni ar trebui rezervate. Cu toate acestea, aceste previziuni ar trebui luate cu un praf de sare. Pe 22 iunie 2016, \u00een ajunul referendumului britanic privind ie\u0219irea din Uniunea European\u0103, casele de pariuri pariaser\u0103 pe men\u021binerea...<br><br><\/p>\n\n\n\n<p class=\"has-text-align-center unibet\" style=\"font-size:25px\"><mark style=\"background-color:rgba(0, 0, 0, 0);color:#0d7a12\" class=\"has-inline-color\"><strong><a href=\"https:\/\/parier-presidentielle.com\/ro\/recommends\/unibet\/\">Bonus de 150 EUR oferit cu Unibet<br>Pentru primul pariu politic sau sportiv: Face\u021bi clic aici<\/a><\/strong><\/mark><\/p>\n\n\n\n<p><\/p>\n\n\n<div class=\"wp-block-image\">\n<figure class=\"aligncenter is-resized wp-duotone-000097-ff4747-2\"><img decoding=\"async\" loading=\"lazy\" src=\"https:\/\/parier-presidentielle.com\/wp-content\/uploads\/2021\/09\/election-standard-scale-4_00x-gigapixel-1024x623.jpg\" alt=\"Alegeri 2022\" style=\"width:256px;height:156px\" width=\"256\" height=\"156\"\/><\/figure><\/div>\n\n\n<p><br><\/p>\n\n\n\n<p><strong>Parier-presiden\u0163ial v\u0103 ajut\u0103 s\u0103 alege\u0163i \u00eentre diferite<a href=\"https:\/\/parier-presidentielle.com\/ro\/\"> Casele de pariuri Bwin, Unibet, Betclic vor paria pe viitorul pre\u0219edinte american \u00een 2024<\/a> : <\/strong><br><a href=\"https:\/\/parier-presidentielle.com\/ro\/unibet-politica-elegeri-2022\/\">Casa de pariuri preziden\u021bial\u0103 Unibet<\/a> : Ghid detaliat \u0219i gratuit pentru a face primul pariu online cu toate cotele \u0219i cum s\u0103 profita\u021bi de Bonusul oferit!<\/p>\n\n\n\n<p>Ca \u0219i alte site-uri online din Paris: <a href=\"https:\/\/parier-presidentielle.com\/ro\/unibet-politica-elegeri-2022\/\">Bwin<\/a>, <a href=\"https:\/\/parier-presidentielle.com\/ro\/netbet-paris-politica-alegeri-2022\/\">NetBet<\/a>, <a href=\"https:\/\/parier-presidentielle.com\/ro\/betclic-presidential-2022\/\">Betclic<\/a>, <a href=\"https:\/\/parier-presidentielle.com\/ro\/winamax-politica-alegeri-2022\/\">Winamax<\/a>, Parions Sport, Zebet, Betway, France-Pari, Vbet, Cloudbet, 1Xbit, 1xbet, Betfair, Betwinner \u2026<\/p>\n\n\n\n<div class=\"wp-block-columns is-layout-flex wp-container-7 wp-block-columns-is-layout-flex\">\n<div class=\"wp-block-column is-layout-flow wp-block-column-is-layout-flow\" style=\"flex-basis:33.33%\">\n<p>Tocmai a\u021bi citit dosarul nostru:<\/p>\n<\/div>\n\n\n\n<div class=\"wp-block-column is-layout-flow wp-block-column-is-layout-flow\" style=\"flex-basis:33.33%\">\n<div class=\"wp-block-group is-layout-flow wp-block-group-is-layout-flow\"><div class=\"wp-block-group__inner-container\"><h4 class=\"has-text-align-center wp-block-post-title\"><span id=\"asselineau-et-l8217election-presidentielle-selon-les-bookmakers-bwin-unibet\"><a href=\"https:\/\/parier-presidentielle.com\/ro\/asselineau-bookmaker-unibet-bwin\/\" target=\"_self\" >Asselineau \u0219i alegerile preziden\u021biale conform Les Bookmakers Bwin, Unibet<\/a><\/span><\/h4><\/div><\/div>\n<\/div>\n\n\n\n<div class=\"wp-block-column is-layout-flow wp-block-column-is-layout-flow\" style=\"flex-basis:33.33%\">\n<p class=\"has-text-align-right\">Continua\u021bi s\u0103 citi\u021bi cu celelalte fi\u0219iere exclusive ale noastre,<\/p>\n<\/div>\n<\/div>\n\n\n\n<h3 class=\"wp-block-heading\" id=\"tous-les-pronostics-sondage-et-cotes-pour-parier-sur-le-futur-vainqueur-de-l-election-presidentielle-2022\"><span id=\"tous-les-pronostics-sondage-et-cotes-pour-parier-sur-le-futur-vainqueur-de-l8217election-presidentielle-2024\">Toate predic\u021biile, sondajele \u0219i cotele pentru a paria pe viitorul c\u00e2\u0219tig\u0103tor al alegerilor preziden\u021biale din 2024:<\/span><\/h3>\n\n\n\n<ul>\n<li><a href=\"https:\/\/parier-presidentielle.com\/ro\/macron-elegere\/\">Paria\u021bi pe Emmanuel Macron cu Unibet, Betclic, Bwin<\/a> : Favoritul \u00een sondaje \u0219i predic\u021bii <\/li>\n\n\n\n<li><a href=\"https:\/\/parier-presidentielle.com\/ro\/marine-le-pen-election\/\">Marine Le Pen: Cotele ei \u0219i cum s\u0103 pariezi cu casele de pariuri<\/a>: Provocatorul conform Unibet<\/li>\n<\/ul>\n\n\n\n<p><\/p>\n\n\n\n<center><script type=\"text\/javascript\" charset=\"utf-8\" src=\"https:\/\/www.gambling-affiliation.com\/cpm\/v=AmIMTDSs92QY6b0MzDMvM5laCjJ-ZlA-1oQ-7tKsi.w_GA7331V2\"><\/script><\/center>\n\n\n\n<h3 class=\"wp-block-heading\"><span id=\"donald-trump-vs-joe-biden-la-video-qui-lance-les-paris-en-ligne-sur-l8217election-politique-de-2024\">Donald Trump vs Joe Biden: videoclipul care lanseaz\u0103 pariuri online la alegerile politice din 2024<\/span><\/h3>\n\n\n\n<figure class=\"wp-block-embed is-type-video is-provider-youtube wp-block-embed-youtube wp-embed-aspect-16-9 wp-has-aspect-ratio\"><div class=\"wp-block-embed__wrapper\">\n<iframe loading=\"lazy\" title=\"Fostul pre\u0219edinte Donald Trump lanseaz\u0103 oferta #Short pentru 2024 la Casa Alb\u0103\" width=\"640\" height=\"360\" src=\"https:\/\/www.youtube.com\/embed\/hZykPRVe4Ag?feature=oembed\" frameborder=\"0\" allow=\"accelerometer; autoplay; clipboard-write; encrypted-media; gyroscope; picture-in-picture; web-share\" allowfullscreen><\/iframe>\n<\/div><\/figure>\n\n\n<div class=\"wp-block-image\">\n<figure class=\"aligncenter size-medium\"><a href=\"https:\/\/parier-presidentielle.com\/ro\/recommends\/unibet\/\" target=\"_blank\" rel=\"noopener\"><img decoding=\"async\" loading=\"lazy\" width=\"300\" height=\"169\" src=\"https:\/\/parier-presidentielle.com\/wp-content\/uploads\/2022\/04\/unibet-300x169.jpg\" alt=\"\" class=\"wp-image-1252\" srcset=\"https:\/\/parier-presidentielle.com\/wp-content\/uploads\/2022\/04\/unibet-300x169.jpg 300w, https:\/\/parier-presidentielle.com\/wp-content\/uploads\/2022\/04\/unibet-1024x576.jpg 1024w, https:\/\/parier-presidentielle.com\/wp-content\/uploads\/2022\/04\/unibet-768x432.jpg 768w, https:\/\/parier-presidentielle.com\/wp-content\/uploads\/2022\/04\/unibet-18x10.jpg 18w, https:\/\/parier-presidentielle.com\/wp-content\/uploads\/2022\/04\/unibet.jpg 1280w\" sizes=\"(max-width: 300px) 100vw, 300px\" \/><\/a><\/figure><\/div>\n\n\n<p>G\u0103si\u021bi Wiki, \u0219tirile politice esen\u021biale despre Cannabis \u0219i derivatele sale legale: <strong>HHC, H4cbd, Thcp, Thcv, HSD, HHCPO, C4B<\/strong><\/p>\n<div id=\"toc_container\" class=\"no_bullets\"><p class=\"toc_title\">Cuprins<\/p><ul class=\"toc_list\"><li><\/li><li><ul><li><ul><li><\/li><\/ul><\/li><li><\/li><li><\/li><\/ul><\/li><\/ul><\/div>","protected":false},"excerpt":{"rendered":"<p>Pour les parieurs britanniques, le candidat socialiste \u00e9tait d\u00e9j\u00e0 en piteux \u00e9tat \u00e0 dix jours du premier tour de la pr\u00e9sidentielle et ne se pr\u00e9sentera pas au terme de sa peine contrairement \u00e0 Fran\u00e7ois Asselineau! A moins de deux semaines du premier tour de l&#8217;\u00e9lection pr\u00e9sidentielle, peu d&#8217;observateurs ont vu le candidat socialiste passer au &#8230;<\/p>","protected":false},"author":1,"featured_media":0,"parent":0,"menu_order":0,"comment_status":"closed","ping_status":"closed","template":"page-nosidebar.php","meta":{"footnotes":""},"yoast_head":"<!-- This site is optimized with the Yoast SEO Premium plugin v21.0 (Yoast SEO v21.0) - https:\/\/yoast.com\/wordpress\/plugins\/seo\/ -->\n<title>Asselineau et l&#039;Election Pr\u00e9sidentielle selon Les Bookmakers Bwin, Unibet - Finale Coupe du Monde FIFA<\/title>\n<meta name=\"description\" content=\"Quellles sont les Cote d&#039;Asselineau selon les sites de paris Bwin, Unibet?\" \/>\n<meta name=\"robots\" content=\"index, follow, max-snippet:-1, max-image-preview:large, max-video-preview:-1\" \/>\n<link rel=\"canonical\" href=\"https:\/\/parier-presidentielle.com\/ro\/asselineau-bookmaker-unibet-bwin\/\" \/>\n<meta property=\"og:locale\" content=\"ro_RO\" \/>\n<meta property=\"og:type\" content=\"article\" \/>\n<meta property=\"og:title\" content=\"Asselineau et l&#039;Election Pr\u00e9sidentielle selon Les Bookmakers Bwin, Unibet\" \/>\n<meta property=\"og:description\" content=\"Quellles sont les Cote d&#039;Asselineau selon les sites de paris Bwin, Unibet?\" \/>\n<meta property=\"og:url\" content=\"https:\/\/parier-presidentielle.com\/ro\/asselineau-bookmaker-unibet-bwin\/\" \/>\n<meta property=\"og:site_name\" content=\"Parier Pr\u00e9sidentielle\" \/>\n<meta property=\"article:modified_time\" content=\"2023-09-09T18:26:39+00:00\" \/>\n<meta property=\"og:image\" content=\"https:\/\/parier-presidentielle.com\/wp-content\/uploads\/2021\/09\/asselineau.jpg\" \/>\n<meta name=\"twitter:card\" content=\"summary_large_image\" \/>\n<meta name=\"twitter:label1\" content=\"Est. reading time\" \/>\n\t<meta name=\"twitter:data1\" content=\"2 minute\" \/>\n<script type=\"application\/ld+json\" class=\"yoast-schema-graph\">{\"@context\":\"https:\/\/schema.org\",\"@graph\":[{\"@type\":\"WebPage\",\"@id\":\"https:\/\/parier-presidentielle.com\/asselineau-bookmaker-unibet-bwin\/\",\"url\":\"https:\/\/parier-presidentielle.com\/asselineau-bookmaker-unibet-bwin\/\",\"name\":\"Asselineau et l'Election Pr\u00e9sidentielle selon Les Bookmakers Bwin, Unibet - Finale Coupe du Monde FIFA\",\"isPartOf\":{\"@id\":\"https:\/\/parier-presidentielle.com\/#website\"},\"datePublished\":\"2021-09-10T11:58:16+00:00\",\"dateModified\":\"2023-09-09T18:26:39+00:00\",\"description\":\"Quellles sont les Cote d'Asselineau selon les sites de paris Bwin, Unibet?\",\"breadcrumb\":{\"@id\":\"https:\/\/parier-presidentielle.com\/asselineau-bookmaker-unibet-bwin\/#breadcrumb\"},\"inLanguage\":\"ro-RO\",\"potentialAction\":[{\"@type\":\"ReadAction\",\"target\":[\"https:\/\/parier-presidentielle.com\/asselineau-bookmaker-unibet-bwin\/\"]}]},{\"@type\":\"BreadcrumbList\",\"@id\":\"https:\/\/parier-presidentielle.com\/asselineau-bookmaker-unibet-bwin\/#breadcrumb\",\"itemListElement\":[{\"@type\":\"ListItem\",\"position\":1,\"name\":\"Accueil\",\"item\":\"https:\/\/parier-presidentielle.com\/\"},{\"@type\":\"ListItem\",\"position\":2,\"name\":\"Asselineau et l&#8217;Election Pr\u00e9sidentielle selon Les Bookmakers Bwin, Unibet\"}]},{\"@type\":\"WebSite\",\"@id\":\"https:\/\/parier-presidentielle.com\/#website\",\"url\":\"https:\/\/parier-presidentielle.com\/\",\"name\":\"Parier Pr\u00e9sidentielle\",\"description\":\"Paris, Pronostics, Wiki sur la Politique, les Elections Am\u00e9ricaines: Joe Biden, Donald Trump avec les Bookmakers en ligne Unibet, Bwin, Betclic, Winamax\",\"potentialAction\":[{\"@type\":\"SearchAction\",\"target\":{\"@type\":\"EntryPoint\",\"urlTemplate\":\"https:\/\/parier-presidentielle.com\/?s={search_term_string}\"},\"query-input\":\"required name=search_term_string\"}],\"inLanguage\":\"ro-RO\"}]}<\/script>\n<!-- \/ Yoast SEO Premium plugin. -->","yoast_head_json":{"title":"Asselineau et l'Election Pr\u00e9sidentielle selon Les Bookmakers Bwin, Unibet - Finale Coupe du Monde FIFA","description":"Quellles sont les Cote d'Asselineau selon les sites de paris Bwin, Unibet?","robots":{"index":"index","follow":"follow","max-snippet":"max-snippet:-1","max-image-preview":"max-image-preview:large","max-video-preview":"max-video-preview:-1"},"canonical":"https:\/\/parier-presidentielle.com\/ro\/asselineau-bookmaker-unibet-bwin\/","og_locale":"ro_RO","og_type":"article","og_title":"Asselineau et l'Election Pr\u00e9sidentielle selon Les Bookmakers Bwin, Unibet","og_description":"Quellles sont les Cote d'Asselineau selon les sites de paris Bwin, Unibet?","og_url":"https:\/\/parier-presidentielle.com\/ro\/asselineau-bookmaker-unibet-bwin\/","og_site_name":"Parier Pr\u00e9sidentielle","article_modified_time":"2023-09-09T18:26:39+00:00","og_image":[{"url":"https:\/\/parier-presidentielle.com\/wp-content\/uploads\/2021\/09\/asselineau.jpg"}],"twitter_card":"summary_large_image","twitter_misc":{"Est. reading time":"2 minute"},"schema":{"@context":"https:\/\/schema.org","@graph":[{"@type":"WebPage","@id":"https:\/\/parier-presidentielle.com\/asselineau-bookmaker-unibet-bwin\/","url":"https:\/\/parier-presidentielle.com\/asselineau-bookmaker-unibet-bwin\/","name":"Asselineau et l'Election Pr\u00e9sidentielle selon Les Bookmakers Bwin, Unibet - Finale Coupe du Monde FIFA","isPartOf":{"@id":"https:\/\/parier-presidentielle.com\/#website"},"datePublished":"2021-09-10T11:58:16+00:00","dateModified":"2023-09-09T18:26:39+00:00","description":"Quellles sont les Cote d'Asselineau selon les sites de paris Bwin, Unibet?","breadcrumb":{"@id":"https:\/\/parier-presidentielle.com\/asselineau-bookmaker-unibet-bwin\/#breadcrumb"},"inLanguage":"ro-RO","potentialAction":[{"@type":"ReadAction","target":["https:\/\/parier-presidentielle.com\/asselineau-bookmaker-unibet-bwin\/"]}]},{"@type":"BreadcrumbList","@id":"https:\/\/parier-presidentielle.com\/asselineau-bookmaker-unibet-bwin\/#breadcrumb","itemListElement":[{"@type":"ListItem","position":1,"name":"Accueil","item":"https:\/\/parier-presidentielle.com\/"},{"@type":"ListItem","position":2,"name":"Asselineau et l&#8217;Election Pr\u00e9sidentielle selon Les Bookmakers Bwin, Unibet"}]},{"@type":"WebSite","@id":"https:\/\/parier-presidentielle.com\/#website","url":"https:\/\/parier-presidentielle.com\/","name":"Parier Pr\u00e9sidentielle","description":"Paris, Pronostics, Wiki sur la Politique, les Elections Am\u00e9ricaines: Joe Biden, Donald Trump avec les Bookmakers en ligne Unibet, Bwin, Betclic, Winamax","potentialAction":[{"@type":"SearchAction","target":{"@type":"EntryPoint","urlTemplate":"https:\/\/parier-presidentielle.com\/?s={search_term_string}"},"query-input":"required name=search_term_string"}],"inLanguage":"ro-RO"}]}},"_links":{"self":[{"href":"https:\/\/parier-presidentielle.com\/ro\/wp-json\/wp\/v2\/pages\/121"}],"collection":[{"href":"https:\/\/parier-presidentielle.com\/ro\/wp-json\/wp\/v2\/pages"}],"about":[{"href":"https:\/\/parier-presidentielle.com\/ro\/wp-json\/wp\/v2\/types\/page"}],"author":[{"embeddable":true,"href":"https:\/\/parier-presidentielle.com\/ro\/wp-json\/wp\/v2\/users\/1"}],"replies":[{"embeddable":true,"href":"https:\/\/parier-presidentielle.com\/ro\/wp-json\/wp\/v2\/comments?post=121"}],"version-history":[{"count":11,"href":"https:\/\/parier-presidentielle.com\/ro\/wp-json\/wp\/v2\/pages\/121\/revisions"}],"predecessor-version":[{"id":2334,"href":"https:\/\/parier-presidentielle.com\/ro\/wp-json\/wp\/v2\/pages\/121\/revisions\/2334"}],"wp:attachment":[{"href":"https:\/\/parier-presidentielle.com\/ro\/wp-json\/wp\/v2\/media?parent=121"}],"curies":[{"name":"wp","href":"https:\/\/api.w.org\/{rel}","templated":true}]}}