{"id":1459,"date":"2022-04-19T13:25:07","date_gmt":"2022-04-19T11:25:07","guid":{"rendered":"https:\/\/parier-presidentielle.com\/?page_id=1459"},"modified":"2023-09-23T17:06:55","modified_gmt":"2023-09-23T15:06:55","slug":"william-hill-presidentielle","status":"publish","type":"page","link":"https:\/\/parier-presidentielle.com\/ro\/william-hill-presidential\/","title":{"rendered":"William Hill: casa de pariuri englez\u0103 care va paria pe alegerile preziden\u021biale din Fran\u021ba din 2022"},"content":{"rendered":"<p>cu cine sa pariezi? William Hill desigur<\/p>\n\n\n\n<h2 class=\"wp-block-heading\" id=\"h-parier-l-election-president-2022-avec-le-site-de-paris-en-ligne-william-hill\"><span id=\"parier-l8217election-president-2022-avec-le-site-de-paris-en-ligne-william-hill\">Paria\u021bi pe alegerile preziden\u021biale din 2022 cu site-ul de pariuri online William Hill<\/span><\/h2>\n\n\n\n<h4 class=\"wp-block-heading has-text-align-center has-large-font-size\" id=\"h-20-offert-pour-parier-avec-william-hill\"><span id=\"20e-offert-pour-parier-avec-william-hill\"><a href=\"https:\/\/parier-presidentielle.com\/ro\/recommends\/william-hill-text\/\">20 \u20ac gratuit pentru pariuri cu William Hill<\/a><\/span><\/h4>\n\n\n\n<figure class=\"wp-block-image size-large\"><img decoding=\"async\" loading=\"lazy\" width=\"1024\" height=\"265\" src=\"https:\/\/parier-presidentielle.com\/wp-content\/uploads\/2022\/04\/william-hill-macron-le-pen-presidentielle-1024x265.jpg\" alt=\"William Hill a pariat pe Macron le pen pentru alegerile preziden\u021biale din 2022\" class=\"wp-image-1464\" srcset=\"https:\/\/parier-presidentielle.com\/wp-content\/uploads\/2022\/04\/william-hill-macron-le-pen-presidentielle-1024x265.jpg 1024w, https:\/\/parier-presidentielle.com\/wp-content\/uploads\/2022\/04\/william-hill-macron-le-pen-presidentielle-300x78.jpg 300w, https:\/\/parier-presidentielle.com\/wp-content\/uploads\/2022\/04\/william-hill-macron-le-pen-presidentielle-768x199.jpg 768w, https:\/\/parier-presidentielle.com\/wp-content\/uploads\/2022\/04\/william-hill-macron-le-pen-presidentielle-1536x398.jpg 1536w, https:\/\/parier-presidentielle.com\/wp-content\/uploads\/2022\/04\/william-hill-macron-le-pen-presidentielle-2048x530.jpg 2048w, https:\/\/parier-presidentielle.com\/wp-content\/uploads\/2022\/04\/william-hill-macron-le-pen-presidentielle-18x5.jpg 18w\" sizes=\"(max-width: 1024px) 100vw, 1024px\" \/><\/figure>\n\n\n\n<p><br>Cota William Hill \u00eei ofer\u0103 actualului pre\u0219edinte Emmanuel Macron la 1.10 fa\u021b\u0103 de Marine Le Pen la 7.50, a\u0219a c\u0103 acestea sunt cele mai bune cote \u00een compara\u021bie cu alte case de pariuri <a href=\"https:\/\/parier-presidentielle.com\/ro\/unibet-politica-elegeri-2022\/\">Unibet<\/a>, <a href=\"https:\/\/parier-presidentielle.com\/ro\/betclic-presidential-2022\/\">Betclic<\/a>, <a href=\"https:\/\/parier-presidentielle.com\/ro\/bwin-politica-alegeri-2022\/\">Bwin<\/a>. De asemenea, \u0219ansele sunt de fapt foarte asem\u0103n\u0103toare cu ceea ce erau \u00eenainte de primul tur de vot.<\/p>\n\n\n\n<p>Nu este de mirare c\u0103 William Hill a fost prima cas\u0103 de pariuri care a deschis pariuri pe rezultatul alegerilor din Fran\u021ba, potrivit c\u0103rora acum ofer\u0103 persoanelor care doresc s\u0103 parieze pe alegerile preziden\u021biale. \u00cen primul r\u00e2nd, au r\u0103mas doi candida\u021bi \u00een previziunile lor, ceea ce le-a permis s\u0103 decid\u0103 cine va fi ales pre\u0219edinte.<\/p>\n\n\n\n<p>Alegerile din Fran\u021ba au fost una dintre cele mai urm\u0103rite \u00eempreun\u0103 cu cele din 2017 p\u00e2n\u0103 acum \u0219i au fost urm\u0103rite \u00eendeaproape de pariorii sportivi \u0219i politici din \u00eentreaga lume.<\/p>\n\n\n\n<p>\u00cen condi\u021biile \u00een care pia\u021ba fluctueaz\u0103 vertiginos pe parcursul acestui an, nu este surprinz\u0103tor c\u0103 Paddy Power a decis s\u0103-\u0219i reduc\u0103 \u0219ansele ca Emmanuel Macron s\u0103 fie ales pre\u0219edinte de la 1\/10 la 1\/12 \u0219i s\u0103 pl\u0103teasc\u0103 mai devreme toate pariurile plasate pe el.<\/p>\n\n\n\n<p>Este o poveste similar\u0103 cu Ladbrokes, care a trecut de la 1\/8 la 1\/10 pentru Macron, reduc\u00e2nd \u00een acela\u0219i timp marja de victorie de la 12 % la 7 %.<\/p>\n\n\n\n<p><\/p>\n\n\n\n<p>Analiza casei de pariuri William Hill pentru a paria pe turul doi al alegerilor preziden\u021biale<\/p>\n\n\n\n<p>Cotele Unibet \u00eei ofer\u0103 actualului pre\u0219edinte Emmanuel Macron la 1,65 lui Marine Le Pen la 6, a\u0219a c\u0103 acestea sunt cele mai bune cote \u00een compara\u021bie cu alte case de pariuri.<\/p>\n\n\n\n<p>Candidatul En Marche! este un favorit evident pentru c\u0103 este probabil ca de data aceasta s\u0103 reu\u0219easc\u0103 s\u0103 c\u00e2\u0219tige primul tur al alegerilor cu mai mult de 25% din voturi.<\/p>\n\n\n\n<p>Nu acela\u0219i lucru se poate spune \u0219i despre adversara ei Marine Le Pen, care are \u0219anse mari s\u0103 c\u00e2\u0219tige primul tur, dar este pu\u021bin probabil s\u0103 reu\u0219easc\u0103 s\u0103 c\u00e2\u0219tige turul al doilea.<\/p>\n\n\n\n<p>Toate sondajele arat\u0103 c\u0103 candidata Frontului Na\u021bional are \u0219anse mari s\u0103 c\u00e2\u0219tige primul tur, dar \u00een turul doi se va confrunta cu un adversar care va primi aproape toate voturile de la partidele care nu sus\u021bin ideile de extrem\u0103 dreapta.<\/p>\n\n\n\n<p>Situa\u021bia r\u0103m\u00e2ne critic\u0103, mai ales \u00een Fran\u021ba, unde \u00een urm\u0103 cu pu\u021bin peste un an a avut loc un atac terorist \u00eempotriva unui ziar satiric Charlie Hebdo, iar dup\u0103 aceea, \u00een noiembrie 2015, a avut loc un alt atac la Paris al extremi\u0219tilor Statului Islamic (IS).<\/p>\n\n\n\n<p>William Hill, casa de pariuri britanic\u0103, a fost primul care \u0219i-a publicat cotele pentru turul doi al alegerilor preziden\u021biale din Fran\u021ba.<\/p>\n\n\n\n<p>William Hill \u00eel are pe Macron la 6\/5 \u0219i pe Le Pen la 4\/6.<\/p>\n\n\n\n<p>Betfred ofer\u0103 7\/10 pe Macron \u0219i 11\/10 pe Le Pen.<\/p>\n\n\n\n<p>Ladbrokes ofer\u0103 cote de 10\/11 pe Macron \u0219i 5\/6 pe Le Pen.<\/p>\n\n\n\n<p>Paddy Power are \u0219i cote de 10\/11 pe Macron \u0219i 5\/6 pe Le Pen.<\/p>\n\n\n\n<p>William Hill, cele mai bune cote pentru pariuri pe politic\u0103<\/p>\n\n\n\n<p>Casa de pariuri online britanic\u0103 William Hill este una dintre cele mai de succes din industrie, fiind fondat\u0103 \u00een 1934. Aceast\u0103 companie are peste 2.300 de birouri \u00een Marea Britanie \u0219i are, de asemenea, o prezen\u021b\u0103 \u00een Spania \u0219i Italia. Spunem asta pentru c\u0103 William Hill opereaz\u0103 \u00een Fran\u021ba din 2012, cu o platform\u0103 online care ofer\u0103 utilizatorilor s\u0103i pariuri sportive live cu cote excelente, precum \u0219i o mare varietate de jocuri de cazino. Pe l\u00e2ng\u0103 toate acestea, William Hill este \u0219i un loc grozav pentru a paria pe politic\u0103, mai ales c\u00e2nd vine vorba de alegerile preziden\u021biale din Fran\u021ba. Site-ul web v\u0103 permite s\u0103 v\u0103 face\u021bi predic\u021bii compar\u00e2nd cotele altor case de pariuri.<\/p>\n\n\n\n<p>William Hill este o cas\u0103 de pariuri de \u00eencredere care ofer\u0103 juc\u0103torilor s\u0103i cote \u0219i promo\u021bii foarte bune atunci c\u00e2nd pariaz\u0103 pe politic\u0103 sau orice altceva. Este extrem de u\u0219or de utilizat \u0219i nu necesit\u0103 experien\u021b\u0103 sau cuno\u0219tin\u021be tehnice pentru a \u00eencepe s\u0103 pariezi.<\/p>\n\n\n\n<p>Marine Le Pen a numit un nou prim-ministru \u00een \u00eencercarea de a-\u0219i re\u00eenvia campania preziden\u021bial\u0103 \u0219ov\u0103itoare.<\/p>\n\n\n\n<p><\/p>\n\n\n\n<p>\u0218ansele ei de victorie au fost afectate \u0219i mai mult de dezv\u0103luirea de vineri c\u0103 ea a folosit fonduri ale Parlamentului European pentru a pl\u0103ti un consilier care lucra acas\u0103 pentru partidul.<\/p>\n\n\n\n<p>Ea este, de asemenea, cercetat\u0103 pentru presupus\u0103 delapidare \u00een perioada \u00een care a fost europarlamentar.<\/p>\n\n\n\n<p class=\"has-text-align-center unibet\" style=\"font-size:25px\"><mark style=\"background-color:rgba(0, 0, 0, 0);color:#0d7a12\" class=\"has-inline-color\"><strong><a href=\"https:\/\/parier-presidentielle.com\/ro\/recommends\/unibet\/\">Bonus de 150 EUR oferit cu Unibet<br>Pentru primul pariu politic sau sportiv: Face\u021bi clic aici<\/a><\/strong><\/mark><\/p>\n\n\n\n<p><\/p>\n\n\n<div class=\"wp-block-image\">\n<figure class=\"aligncenter is-resized wp-duotone-000097-ff4747-1\"><img decoding=\"async\" loading=\"lazy\" src=\"https:\/\/parier-presidentielle.com\/wp-content\/uploads\/2021\/09\/election-standard-scale-4_00x-gigapixel-1024x623.jpg\" alt=\"Alegeri 2022\" style=\"width:256px;height:156px\" width=\"256\" height=\"156\"\/><\/figure><\/div>\n\n\n<p><br><\/p>\n\n\n\n<p><strong>Parier-presiden\u0163ial v\u0103 ajut\u0103 s\u0103 alege\u0163i \u00eentre diferite<a href=\"https:\/\/parier-presidentielle.com\/ro\/\"> Casele de pariuri Bwin, Unibet, Betclic vor paria pe viitorul pre\u0219edinte american \u00een 2024<\/a> : <\/strong><br><a href=\"https:\/\/parier-presidentielle.com\/ro\/unibet-politica-elegeri-2022\/\">Casa de pariuri preziden\u021bial\u0103 Unibet<\/a> : Ghid detaliat \u0219i gratuit pentru a face primul pariu online cu toate cotele \u0219i cum s\u0103 profita\u021bi de Bonusul oferit!<\/p>\n\n\n\n<p>Ca \u0219i alte site-uri online din Paris: <a href=\"https:\/\/parier-presidentielle.com\/ro\/unibet-politica-elegeri-2022\/\">Bwin<\/a>, <a href=\"https:\/\/parier-presidentielle.com\/ro\/netbet-paris-politica-alegeri-2022\/\">NetBet<\/a>, <a href=\"https:\/\/parier-presidentielle.com\/ro\/betclic-presidential-2022\/\">Betclic<\/a>, <a href=\"https:\/\/parier-presidentielle.com\/ro\/winamax-politica-alegeri-2022\/\">Winamax<\/a>, Parions Sport, Zebet, Betway, France-Pari, Vbet, Cloudbet, 1Xbit, 1xbet, Betfair, Betwinner \u2026<\/p>\n\n\n\n<div class=\"wp-block-columns is-layout-flex wp-container-6 wp-block-columns-is-layout-flex\">\n<div class=\"wp-block-column is-layout-flow wp-block-column-is-layout-flow\" style=\"flex-basis:33.33%\">\n<p>Tocmai a\u021bi citit dosarul nostru:<\/p>\n<\/div>\n\n\n\n<div class=\"wp-block-column is-layout-flow wp-block-column-is-layout-flow\" style=\"flex-basis:33.33%\">\n<div class=\"wp-block-group is-layout-flow wp-block-group-is-layout-flow\"><div class=\"wp-block-group__inner-container\"><h4 class=\"has-text-align-center wp-block-post-title\"><span id=\"william-hill-bookmaker-anglais-pour-parier-sur-l8217election-presidentielle-francaise-2022\"><a href=\"https:\/\/parier-presidentielle.com\/ro\/william-hill-presidential\/\" target=\"_self\" >William Hill: casa de pariuri englez\u0103 care va paria pe alegerile preziden\u021biale din Fran\u021ba din 2022<\/a><\/span><\/h4><\/div><\/div>\n<\/div>\n\n\n\n<div class=\"wp-block-column is-layout-flow wp-block-column-is-layout-flow\" style=\"flex-basis:33.33%\">\n<p class=\"has-text-align-right\">Continua\u021bi s\u0103 citi\u021bi cu celelalte fi\u0219iere exclusive ale noastre,<\/p>\n<\/div>\n<\/div>\n\n\n\n<h3 class=\"wp-block-heading\" id=\"tous-les-pronostics-sondage-et-cotes-pour-parier-sur-le-futur-vainqueur-de-l-election-presidentielle-2022\"><span id=\"tous-les-pronostics-sondage-et-cotes-pour-parier-sur-le-futur-vainqueur-de-l8217election-presidentielle-2024\">Toate predic\u021biile, sondajele \u0219i cotele pentru a paria pe viitorul c\u00e2\u0219tig\u0103tor al alegerilor preziden\u021biale din 2024:<\/span><\/h3>\n\n\n\n<ul>\n<li><a href=\"https:\/\/parier-presidentielle.com\/ro\/macron-elegere\/\">Paria\u021bi pe Emmanuel Macron cu Unibet, Betclic, Bwin<\/a> : Favoritul \u00een sondaje \u0219i predic\u021bii <\/li>\n\n\n\n<li><a href=\"https:\/\/parier-presidentielle.com\/ro\/marine-le-pen-election\/\">Marine Le Pen: Cotele ei \u0219i cum s\u0103 pariezi cu casele de pariuri<\/a>: Provocatorul conform Unibet<\/li>\n<\/ul>\n\n\n\n<p><\/p>\n\n\n\n<center><script type=\"text\/javascript\" charset=\"utf-8\" src=\"https:\/\/www.gambling-affiliation.com\/cpm\/v=AmIMTDSs92QY6b0MzDMvM5laCjJ-ZlA-1oQ-7tKsi.w_GA7331V2\"><\/script><\/center>\n\n\n\n<h3 class=\"wp-block-heading\"><span id=\"donald-trump-vs-joe-biden-la-video-qui-lance-les-paris-en-ligne-sur-l8217election-politique-de-2024\">Donald Trump vs Joe Biden: videoclipul care lanseaz\u0103 pariuri online la alegerile politice din 2024<\/span><\/h3>\n\n\n\n<figure class=\"wp-block-embed is-type-video is-provider-youtube wp-block-embed-youtube wp-embed-aspect-16-9 wp-has-aspect-ratio\"><div class=\"wp-block-embed__wrapper\">\n<iframe loading=\"lazy\" title=\"Fostul pre\u0219edinte Donald Trump lanseaz\u0103 oferta #Short pentru 2024 la Casa Alb\u0103\" width=\"640\" height=\"360\" src=\"https:\/\/www.youtube.com\/embed\/hZykPRVe4Ag?feature=oembed\" frameborder=\"0\" allow=\"accelerometer; autoplay; clipboard-write; encrypted-media; gyroscope; picture-in-picture; web-share\" allowfullscreen><\/iframe>\n<\/div><\/figure>\n\n\n<div class=\"wp-block-image\">\n<figure class=\"aligncenter size-medium\"><a href=\"https:\/\/parier-presidentielle.com\/ro\/recommends\/unibet\/\" target=\"_blank\" rel=\"noopener\"><img decoding=\"async\" loading=\"lazy\" width=\"300\" height=\"169\" src=\"https:\/\/parier-presidentielle.com\/wp-content\/uploads\/2022\/04\/unibet-300x169.jpg\" alt=\"\" class=\"wp-image-1252\" srcset=\"https:\/\/parier-presidentielle.com\/wp-content\/uploads\/2022\/04\/unibet-300x169.jpg 300w, https:\/\/parier-presidentielle.com\/wp-content\/uploads\/2022\/04\/unibet-1024x576.jpg 1024w, https:\/\/parier-presidentielle.com\/wp-content\/uploads\/2022\/04\/unibet-768x432.jpg 768w, https:\/\/parier-presidentielle.com\/wp-content\/uploads\/2022\/04\/unibet-18x10.jpg 18w, https:\/\/parier-presidentielle.com\/wp-content\/uploads\/2022\/04\/unibet.jpg 1280w\" sizes=\"(max-width: 300px) 100vw, 300px\" \/><\/a><\/figure><\/div>\n\n\n<p>G\u0103si\u021bi Wiki, \u0219tirile politice esen\u021biale despre Cannabis \u0219i derivatele sale legale: <strong>HHC, H4cbd, Thcp, Thcv, HSD, HHCPO, C4B<\/strong><\/p>\n<div id=\"toc_container\" class=\"no_bullets\"><p class=\"toc_title\">Cuprins<\/p><ul class=\"toc_list\"><li><ul><li><ul><li><\/li><li><\/li><\/ul><\/li><li><\/li><li><\/li><\/ul><\/li><\/ul><\/div>","protected":false},"excerpt":{"rendered":"<p>avec qui parier? William Hill of course Parier l&#8217;\u00e9lection pr\u00e9sident 2022 avec le site de paris en ligne William Hill 20\u20ac Offert pour Parier avec William Hill Les cotes de William Hill donnent l&#8217;actuel pr\u00e9sident Emmanuel Macron \u00e0 1,10 contre Marine Le Pen \u00e0 7.50, ce sont donc les meilleures cotes par rapport aux autres &#8230;<\/p>","protected":false},"author":1,"featured_media":0,"parent":0,"menu_order":0,"comment_status":"closed","ping_status":"closed","template":"page-nosidebar.php","meta":{"footnotes":""},"yoast_head":"<!-- This site is optimized with the Yoast SEO Premium plugin v21.0 (Yoast SEO v21.0) - https:\/\/yoast.com\/wordpress\/plugins\/seo\/ -->\n<title>William Hill : Bookmaker Anglais pour Parier sur l&#039;election presidentielle fran\u00e7aise 2022 - Finale Coupe du Monde FIFA<\/title>\n<meta name=\"robots\" content=\"index, follow, max-snippet:-1, max-image-preview:large, max-video-preview:-1\" \/>\n<link rel=\"canonical\" href=\"https:\/\/parier-presidentielle.com\/ro\/william-hill-presidential\/\" \/>\n<meta property=\"og:locale\" content=\"ro_RO\" \/>\n<meta property=\"og:type\" content=\"article\" \/>\n<meta property=\"og:title\" content=\"William Hill : Bookmaker Anglais pour Parier sur l&#039;election presidentielle fran\u00e7aise 2022\" \/>\n<meta property=\"og:description\" content=\"avec qui parier? William Hill of course Parier l&#8217;\u00e9lection pr\u00e9sident 2022 avec le site de paris en ligne William Hill 20\u20ac Offert pour Parier avec William Hill Les cotes de William Hill donnent l&#8217;actuel pr\u00e9sident Emmanuel Macron \u00e0 1,10 contre Marine Le Pen \u00e0 7.50, ce sont donc les meilleures cotes par rapport aux autres ...\" \/>\n<meta property=\"og:url\" content=\"https:\/\/parier-presidentielle.com\/ro\/william-hill-presidential\/\" \/>\n<meta property=\"og:site_name\" content=\"Parier Pr\u00e9sidentielle\" \/>\n<meta property=\"article:modified_time\" content=\"2023-09-23T15:06:55+00:00\" \/>\n<meta property=\"og:image\" content=\"https:\/\/parier-presidentielle.com\/wp-content\/uploads\/2022\/04\/william-hill-macron-le-pen-presidentielle-1024x265.jpg\" \/>\n<meta name=\"twitter:card\" content=\"summary_large_image\" \/>\n<meta name=\"twitter:label1\" content=\"Est. reading time\" \/>\n\t<meta name=\"twitter:data1\" content=\"4 minute\" \/>\n<script type=\"application\/ld+json\" class=\"yoast-schema-graph\">{\"@context\":\"https:\/\/schema.org\",\"@graph\":[{\"@type\":\"WebPage\",\"@id\":\"https:\/\/parier-presidentielle.com\/william-hill-presidentielle\/\",\"url\":\"https:\/\/parier-presidentielle.com\/william-hill-presidentielle\/\",\"name\":\"William Hill : Bookmaker Anglais pour Parier sur l'election presidentielle fran\u00e7aise 2022 - Finale Coupe du Monde FIFA\",\"isPartOf\":{\"@id\":\"https:\/\/parier-presidentielle.com\/#website\"},\"datePublished\":\"2022-04-19T11:25:07+00:00\",\"dateModified\":\"2023-09-23T15:06:55+00:00\",\"breadcrumb\":{\"@id\":\"https:\/\/parier-presidentielle.com\/william-hill-presidentielle\/#breadcrumb\"},\"inLanguage\":\"ro-RO\",\"potentialAction\":[{\"@type\":\"ReadAction\",\"target\":[\"https:\/\/parier-presidentielle.com\/william-hill-presidentielle\/\"]}]},{\"@type\":\"BreadcrumbList\",\"@id\":\"https:\/\/parier-presidentielle.com\/william-hill-presidentielle\/#breadcrumb\",\"itemListElement\":[{\"@type\":\"ListItem\",\"position\":1,\"name\":\"Accueil\",\"item\":\"https:\/\/parier-presidentielle.com\/\"},{\"@type\":\"ListItem\",\"position\":2,\"name\":\"William Hill : Bookmaker Anglais pour Parier sur l&#8217;election presidentielle fran\u00e7aise 2022\"}]},{\"@type\":\"WebSite\",\"@id\":\"https:\/\/parier-presidentielle.com\/#website\",\"url\":\"https:\/\/parier-presidentielle.com\/\",\"name\":\"Parier Pr\u00e9sidentielle\",\"description\":\"Paris, Pronostics, Wiki sur la Politique, les Elections Am\u00e9ricaines: Joe Biden, Donald Trump avec les Bookmakers en ligne Unibet, Bwin, Betclic, Winamax\",\"potentialAction\":[{\"@type\":\"SearchAction\",\"target\":{\"@type\":\"EntryPoint\",\"urlTemplate\":\"https:\/\/parier-presidentielle.com\/?s={search_term_string}\"},\"query-input\":\"required name=search_term_string\"}],\"inLanguage\":\"ro-RO\"}]}<\/script>\n<!-- \/ Yoast SEO Premium plugin. -->","yoast_head_json":{"title":"William Hill : Bookmaker Anglais pour Parier sur l'election presidentielle fran\u00e7aise 2022 - Finale Coupe du Monde FIFA","robots":{"index":"index","follow":"follow","max-snippet":"max-snippet:-1","max-image-preview":"max-image-preview:large","max-video-preview":"max-video-preview:-1"},"canonical":"https:\/\/parier-presidentielle.com\/ro\/william-hill-presidential\/","og_locale":"ro_RO","og_type":"article","og_title":"William Hill : Bookmaker Anglais pour Parier sur l'election presidentielle fran\u00e7aise 2022","og_description":"avec qui parier? William Hill of course Parier l&#8217;\u00e9lection pr\u00e9sident 2022 avec le site de paris en ligne William Hill 20\u20ac Offert pour Parier avec William Hill Les cotes de William Hill donnent l&#8217;actuel pr\u00e9sident Emmanuel Macron \u00e0 1,10 contre Marine Le Pen \u00e0 7.50, ce sont donc les meilleures cotes par rapport aux autres ...","og_url":"https:\/\/parier-presidentielle.com\/ro\/william-hill-presidential\/","og_site_name":"Parier Pr\u00e9sidentielle","article_modified_time":"2023-09-23T15:06:55+00:00","og_image":[{"url":"https:\/\/parier-presidentielle.com\/wp-content\/uploads\/2022\/04\/william-hill-macron-le-pen-presidentielle-1024x265.jpg"}],"twitter_card":"summary_large_image","twitter_misc":{"Est. reading time":"4 minute"},"schema":{"@context":"https:\/\/schema.org","@graph":[{"@type":"WebPage","@id":"https:\/\/parier-presidentielle.com\/william-hill-presidentielle\/","url":"https:\/\/parier-presidentielle.com\/william-hill-presidentielle\/","name":"William Hill : Bookmaker Anglais pour Parier sur l'election presidentielle fran\u00e7aise 2022 - Finale Coupe du Monde FIFA","isPartOf":{"@id":"https:\/\/parier-presidentielle.com\/#website"},"datePublished":"2022-04-19T11:25:07+00:00","dateModified":"2023-09-23T15:06:55+00:00","breadcrumb":{"@id":"https:\/\/parier-presidentielle.com\/william-hill-presidentielle\/#breadcrumb"},"inLanguage":"ro-RO","potentialAction":[{"@type":"ReadAction","target":["https:\/\/parier-presidentielle.com\/william-hill-presidentielle\/"]}]},{"@type":"BreadcrumbList","@id":"https:\/\/parier-presidentielle.com\/william-hill-presidentielle\/#breadcrumb","itemListElement":[{"@type":"ListItem","position":1,"name":"Accueil","item":"https:\/\/parier-presidentielle.com\/"},{"@type":"ListItem","position":2,"name":"William Hill : Bookmaker Anglais pour Parier sur l&#8217;election presidentielle fran\u00e7aise 2022"}]},{"@type":"WebSite","@id":"https:\/\/parier-presidentielle.com\/#website","url":"https:\/\/parier-presidentielle.com\/","name":"Parier Pr\u00e9sidentielle","description":"Paris, Pronostics, Wiki sur la Politique, les Elections Am\u00e9ricaines: Joe Biden, Donald Trump avec les Bookmakers en ligne Unibet, Bwin, Betclic, Winamax","potentialAction":[{"@type":"SearchAction","target":{"@type":"EntryPoint","urlTemplate":"https:\/\/parier-presidentielle.com\/?s={search_term_string}"},"query-input":"required name=search_term_string"}],"inLanguage":"ro-RO"}]}},"_links":{"self":[{"href":"https:\/\/parier-presidentielle.com\/ro\/wp-json\/wp\/v2\/pages\/1459"}],"collection":[{"href":"https:\/\/parier-presidentielle.com\/ro\/wp-json\/wp\/v2\/pages"}],"about":[{"href":"https:\/\/parier-presidentielle.com\/ro\/wp-json\/wp\/v2\/types\/page"}],"author":[{"embeddable":true,"href":"https:\/\/parier-presidentielle.com\/ro\/wp-json\/wp\/v2\/users\/1"}],"replies":[{"embeddable":true,"href":"https:\/\/parier-presidentielle.com\/ro\/wp-json\/wp\/v2\/comments?post=1459"}],"version-history":[{"count":32,"href":"https:\/\/parier-presidentielle.com\/ro\/wp-json\/wp\/v2\/pages\/1459\/revisions"}],"predecessor-version":[{"id":2561,"href":"https:\/\/parier-presidentielle.com\/ro\/wp-json\/wp\/v2\/pages\/1459\/revisions\/2561"}],"wp:attachment":[{"href":"https:\/\/parier-presidentielle.com\/ro\/wp-json\/wp\/v2\/media?parent=1459"}],"curies":[{"name":"wp","href":"https:\/\/api.w.org\/{rel}","templated":true}]}}