{"id":163,"date":"2021-09-13T14:41:45","date_gmt":"2021-09-13T12:41:45","guid":{"rendered":"https:\/\/parier-presidentielle.com\/?page_id=163"},"modified":"2023-01-24T18:49:06","modified_gmt":"2023-01-24T17:49:06","slug":"asselineau-bookmakers","status":"publish","type":"page","link":"https:\/\/parier-presidentielle.com\/ro\/asselineau-casele-de-pariuri\/","title":{"rendered":"Casele de pariuri Asselineau: Paris, cote \u0219i predic\u021bii"},"content":{"rendered":"<p>Ghidul pentru pariuri pe candidat  <a href=\"https:\/\/parier-presidentielle.com\/ro\/asselineau-election\/\">Fran\u00e7ois Asselineau<\/a> \u00een 2022, g\u0103si\u021bi cele mai bune cote conform caselor de pariuri: <span style=\"text-decoration: underline;\"><a href=\"https:\/\/parier-presidentielle.com\/ro\/unibet-politica-elegeri-2022\/\">Unibet<\/a><\/span>, Bwin...<\/p>\n\n\n\n<p><\/p>\n\n\n\n<h2 class=\"wp-block-heading\" id=\"parier-sur-francois-asselineau-en-2022-notre-analyse-cotes-et-pronostics\"><span id=\"parier-sur-francois-asselineau-en-2022-notre-analyse-cotes-et-pronostics\">Paria\u021bi pe Francois Asselineau \u00een 2022? Analiza, cotele \u0219i previziunile noastre!<br><\/span><\/h2>\n\n\n\n<h1 class=\"wp-block-heading\"><span id=\"parier-sur-francois-asselineau-en-2022-analyse-cotes-et-pronostics\">Pariuri pe Francois Asselineau \u00een 2022: analiz\u0103, cote \u0219i predic\u021bii<\/span><\/h1>\n\n\n\n<p><em>Francois Asselineau, fondator \u0219i pre\u0219edinte al Union Populaire R\u00e9publicaine (UPR), este un candidat care atrage din ce \u00een ce mai mult\u0103 aten\u021bie \u00een peisajul politic francez. Apare a\u0219adar \u00eentrebarea: este \u00een\u021belept s\u0103 pariezi pe el pentru urm\u0103toarele alegeri preziden\u021biale din 2022? Vom \u00eencerca s\u0103 r\u0103spundem la aceast\u0103 \u00eentrebare analiz\u00e2nd cotele \u0219i predic\u021biile actuale.<\/em><\/p>\n\n\n\n<h2 class=\"wp-block-heading\"><span id=\"les-cotes-actuelles\">Cote actuale<\/span><\/h2>\n\n\n\n<p>\nPotrivit caselor de pariuri, \u0219ansele pentru Francois Asselineau la alegerile preziden\u021biale din 2022 sunt \u00een prezent destul de sc\u0103zute. El este evaluat la 100\/1, ceea ce \u00eenseamn\u0103 c\u0103 este considerat un underdog de c\u0103tre profesioni\u0219ti. Cu toate acestea, este important de re\u021binut c\u0103 aceste cote pot varia \u00een func\u021bie de evenimentele \u0219i sondajele care au loc \u00een lunile urm\u0103toare. Prin urmare, este posibil ca \u0219ansele pentru Asselineau s\u0103 creasc\u0103 \u00een lunile urm\u0103toare.\n\n<\/p>\n\n\n\n<h2 class=\"wp-block-heading\"><span id=\"les-pronostics\">Previziunile<\/span><\/h2>\n\n\n\n<p>\nEste greu de dat o predic\u021bie despre \u0219ansele lui Francois Asselineau la alegerile preziden\u021biale din 2022, deoarece exist\u0103 \u00eenc\u0103 o mare incertitudine cu privire la candida\u021bii care vor candida \u0219i cum va evolua situa\u021bia politic\u0103 \u00een urm\u0103toarele luni. Cu toate acestea, este important de men\u021bionat c\u0103 Fran\u00e7ois Asselineau este un candidat care are o baz\u0103 puternic\u0103 de sprijin \u00een r\u00e2ndul aleg\u0103torilor care sunt nemul\u021bumi\u021bi de partidele tradi\u021bionale \u0219i care caut\u0103 o alternativ\u0103 la institu\u021bie. Prin urmare, este posibil ca el s\u0103 aib\u0103 rezultate mai bune dec\u00e2t sugereaz\u0103 evalu\u0103rile actuale.\n\n<\/p>\n\n\n\n<h2 class=\"wp-block-heading\"><span id=\"analyse\">Analiz\u0103<\/span><\/h2>\n\n\n\n<p>\nEste clar c\u0103 actualele cote \u0219i previziunile pentru Francois Asselineau sunt destul de nefavorabile, dar nu trebuie s\u0103 uit\u0103m c\u0103 este \u00eenc\u0103 foarte devreme pentru a prezice rezultatele alegerilor preziden\u021biale din 2022. Este important s\u0103 monitoriz\u0103m evolu\u021bia situa\u021biei politice \u0219i a sondajelor. pentru a evalua \u015fansele lui Francois Asselineau. De asemenea, este important s\u0103 se \u021bin\u0103 seama de impactul acesteia asupra electoratului nemul\u021bumit de partidele tradi\u021bionale, care i-ar putea oferi un sprijin semnificativ. Pe scurt, ar putea fi riscant s\u0103 pariezi pe Francois Asselineau pentru moment, dar nici nu ar trebui s\u0103-l excludem complet din cursa pentru alegerile preziden\u021biale din 2022. Este important s\u0103 urm\u0103rim evolu\u021biile \u0219i sondajele pentru a-i evalua \u0219ansele reale. De asemenea, este important s\u0103 re\u021bine\u021bi c\u0103 \u0219ansele se pot schimba semnificativ \u00een lunile urm\u0103toare, a\u0219a c\u0103 r\u0103m\u00e2ne\u021bi vigilen\u021bi.<\/p>\n\n\n\n<p>Pre\u0219edinte 2022. Fran\u00e7ois Asselineau a fost arestat \u00een februarie 2021. Ancheta este \u00eenc\u0103 \u00een curs. Dar de ce politicienilor le pas\u0103 \u00eentotdeauna de justi\u021bie? \u00cen februarie 2021, a fost un tsunami \u00een politic\u0103: Fran\u00e7ois Asselineau a fost re\u021binut pentru h\u0103r\u021buire moral\u0103, h\u0103r\u021buire sexual\u0103 \u0219i agresiune sexual\u0103. Ancheta a fost efectuat\u0103 \u00een mai 2020 cu brigada de lupt\u0103 \u00eempotriva delincven\u021bei \u00eempotriva persoanei (BRDP) a poli\u021biei judiciare din Paris. Dou\u0103 victime diferite care lucreaz\u0103 pentru Revizuirea Periodic\u0103 Universal\u0103 (Uniunea Popular\u0103 Republican\u0103) a lui Fran\u00e7ois Asselineau au depus dou\u0103 pl\u00e2ngeri: una a fost depus\u0103 la Aller \u0219i cealalt\u0103 la Paris. Un fost executiv a raportat \u0219i procurorului, iar anumite fapte au fost dezv\u0103luite \u00een 2019.<br><\/p>\n\n\n\n<p>\u00cen cur\u00e2nd, Fran\u00e7ois Asselineau a numit acuza\u021biile de def\u0103imare \u0219i conspira\u021bie pentru a-l \u00eendep\u0103rta de la pre\u0219edin\u021bia revizuirii periodice universale \u0219i a-l \u00eempiedica s\u0103 participe la alegerile preziden\u021biale din 2022: farmacie\u201d, a spus el pe Facebook. Cazul este \u00eenc\u0103 \u00een derulare. Ca s\u0103 reamintim, \u00een 2020, de\u0219i aceste pl\u00e2ngeri tocmai au fost publicate (dar \u00eenainte de solicitarea sa de arest la poli\u021bie), politicianul este \u00eenc\u0103 ales printre directorii partidului s\u0103u, provoc\u00e2nd activi\u0219ti de partid nedori\u021bi. agresiunea sexual\u0103 a devenit pre\u0219edintele lor. Cine este Fran\u00e7ois Arcelino? Fran\u00e7ois Asselineau a fost inspector financiar \u00eenainte de a intra \u00een politic\u0103. \u00cen 2017, a adunat peste 500 de sponsori \u0219i a participat la alegerile preziden\u021biale e\u0219uate din 2012. <\/p>\n\n\n\n<p><\/p>\n\n\n\n<h3 class=\"wp-block-heading\" id=\"la-victoire-francois-asselineau-a-l-election-presidentielle-est-impossible\"><span id=\"la-victoire-francois-asselineau-a-l8217election-presidentielle-est-impossible\">Victorie pentru Fran\u00e7ois Asselineau la alegerile preziden\u021biale este imposibil\u0103!<\/span><\/h3>\n\n\n\n<p><strong><span class=\"has-inline-color has-vivid-red-color\">Dup\u0103 ce am analizat profilul lui Francois Asselineau, pariul pe victoria sa este prea riscant \u00een ciuda cotelor incredibile...<\/span><\/strong><\/p>\n\n\n\n<h2 class=\"wp-block-heading\" id=\"unibet\"><span id=\"unibet\">Unibet<\/span><\/h2>\n\n\n\n<p><br>Cotele lui Fran\u00e7ois Asselineau la casa de pariuri Unibet: <\/p>\n\n\n\n<p>101<\/p>\n\n\n\n<p><\/p>\n\n\n\n<h2 class=\"wp-block-heading\" id=\"william-hill\"><span id=\"william-hill\">William Hill<\/span><\/h2>\n\n\n\n<p>Cotele lui Fran\u00e7ois Asselineau la casa de pariuri William Hill:  <\/p>\n\n\n\n<p>Nu este disponibil momentan<\/p>\n\n\n\n\n\n\n\n<p><\/p>\n\n\n\n<p class=\"has-text-align-center unibet\" style=\"font-size:25px\"><mark style=\"background-color:rgba(0, 0, 0, 0);color:#0d7a12\" class=\"has-inline-color\"><strong><a href=\"https:\/\/parier-presidentielle.com\/ro\/recommends\/unibet\/\">Bonus de 150 EUR oferit cu Unibet<br>Pentru primul pariu politic sau sportiv: Face\u021bi clic aici<\/a><\/strong><\/mark><\/p>\n\n\n\n<p><\/p>\n\n\n<div class=\"wp-block-image\">\n<figure class=\"aligncenter is-resized wp-duotone-000097-ff4747-1\"><img decoding=\"async\" loading=\"lazy\" src=\"https:\/\/parier-presidentielle.com\/wp-content\/uploads\/2021\/09\/election-standard-scale-4_00x-gigapixel-1024x623.jpg\" alt=\"Alegeri 2022\" style=\"width:256px;height:156px\" width=\"256\" height=\"156\"\/><\/figure><\/div>\n\n\n<p><br><\/p>\n\n\n\n<p><strong>Parier-presiden\u0163ial v\u0103 ajut\u0103 s\u0103 alege\u0163i \u00eentre diferite<a href=\"https:\/\/parier-presidentielle.com\/ro\/\"> Casele de pariuri Bwin, Unibet, Betclic vor paria pe viitorul pre\u0219edinte american \u00een 2024<\/a> : <\/strong><br><a href=\"https:\/\/parier-presidentielle.com\/ro\/unibet-politica-elegeri-2022\/\">Casa de pariuri preziden\u021bial\u0103 Unibet<\/a> : Ghid detaliat \u0219i gratuit pentru a face primul pariu online cu toate cotele \u0219i cum s\u0103 profita\u021bi de Bonusul oferit!<\/p>\n\n\n\n<p>Ca \u0219i alte site-uri online din Paris: <a href=\"https:\/\/parier-presidentielle.com\/ro\/unibet-politica-elegeri-2022\/\">Bwin<\/a>, <a href=\"https:\/\/parier-presidentielle.com\/ro\/netbet-paris-politica-alegeri-2022\/\">NetBet<\/a>, <a href=\"https:\/\/parier-presidentielle.com\/ro\/betclic-presidential-2022\/\">Betclic<\/a>, <a href=\"https:\/\/parier-presidentielle.com\/ro\/winamax-politica-alegeri-2022\/\">Winamax<\/a>, Parions Sport, Zebet, Betway, France-Pari, Vbet, Cloudbet, 1Xbit, 1xbet, Betfair, Betwinner \u2026<\/p>\n\n\n\n<div class=\"wp-block-columns is-layout-flex wp-container-6 wp-block-columns-is-layout-flex\">\n<div class=\"wp-block-column is-layout-flow wp-block-column-is-layout-flow\" style=\"flex-basis:33.33%\">\n<p>Tocmai a\u021bi citit dosarul nostru:<\/p>\n<\/div>\n\n\n\n<div class=\"wp-block-column is-layout-flow wp-block-column-is-layout-flow\" style=\"flex-basis:33.33%\">\n<div class=\"wp-block-group is-layout-flow wp-block-group-is-layout-flow\"><div class=\"wp-block-group__inner-container\"><h4 class=\"has-text-align-center wp-block-post-title\"><span id=\"asselineau-bookmakers-paris-cote-et-pronostics\"><a href=\"https:\/\/parier-presidentielle.com\/ro\/asselineau-casele-de-pariuri\/\" target=\"_self\" >Casele de pariuri Asselineau: Paris, cote \u0219i predic\u021bii<\/a><\/span><\/h4><\/div><\/div>\n<\/div>\n\n\n\n<div class=\"wp-block-column is-layout-flow wp-block-column-is-layout-flow\" style=\"flex-basis:33.33%\">\n<p class=\"has-text-align-right\">Continua\u021bi s\u0103 citi\u021bi cu celelalte fi\u0219iere exclusive ale noastre,<\/p>\n<\/div>\n<\/div>\n\n\n\n<h3 class=\"wp-block-heading\" id=\"tous-les-pronostics-sondage-et-cotes-pour-parier-sur-le-futur-vainqueur-de-l-election-presidentielle-2022\"><span id=\"tous-les-pronostics-sondage-et-cotes-pour-parier-sur-le-futur-vainqueur-de-l8217election-presidentielle-2024\">Toate predic\u021biile, sondajele \u0219i cotele pentru a paria pe viitorul c\u00e2\u0219tig\u0103tor al alegerilor preziden\u021biale din 2024:<\/span><\/h3>\n\n\n\n<ul>\n<li><a href=\"https:\/\/parier-presidentielle.com\/ro\/macron-elegere\/\">Paria\u021bi pe Emmanuel Macron cu Unibet, Betclic, Bwin<\/a> : Favoritul \u00een sondaje \u0219i predic\u021bii <\/li>\n\n\n\n<li><a href=\"https:\/\/parier-presidentielle.com\/ro\/marine-le-pen-election\/\">Marine Le Pen: Cotele ei \u0219i cum s\u0103 pariezi cu casele de pariuri<\/a>: Provocatorul conform Unibet<\/li>\n<\/ul>\n\n\n\n<p><\/p>\n\n\n\n<center><script type=\"text\/javascript\" charset=\"utf-8\" src=\"https:\/\/www.gambling-affiliation.com\/cpm\/v=AmIMTDSs92QY6b0MzDMvM5laCjJ-ZlA-1oQ-7tKsi.w_GA7331V2\"><\/script><\/center>\n\n\n\n<h3 class=\"wp-block-heading\"><span id=\"donald-trump-vs-joe-biden-la-video-qui-lance-les-paris-en-ligne-sur-l8217election-politique-de-2024\">Donald Trump vs Joe Biden: videoclipul care lanseaz\u0103 pariuri online la alegerile politice din 2024<\/span><\/h3>\n\n\n\n<figure class=\"wp-block-embed is-type-video is-provider-youtube wp-block-embed-youtube wp-embed-aspect-16-9 wp-has-aspect-ratio\"><div class=\"wp-block-embed__wrapper\">\n<iframe loading=\"lazy\" title=\"Fostul pre\u0219edinte Donald Trump lanseaz\u0103 oferta #Short pentru 2024 la Casa Alb\u0103\" width=\"640\" height=\"360\" src=\"https:\/\/www.youtube.com\/embed\/hZykPRVe4Ag?feature=oembed\" frameborder=\"0\" allow=\"accelerometer; autoplay; clipboard-write; encrypted-media; gyroscope; picture-in-picture; web-share\" allowfullscreen><\/iframe>\n<\/div><\/figure>\n\n\n<div class=\"wp-block-image\">\n<figure class=\"aligncenter size-medium\"><a href=\"https:\/\/parier-presidentielle.com\/ro\/recommends\/unibet\/\" target=\"_blank\" rel=\"noopener\"><img decoding=\"async\" loading=\"lazy\" width=\"300\" height=\"169\" src=\"https:\/\/parier-presidentielle.com\/wp-content\/uploads\/2022\/04\/unibet-300x169.jpg\" alt=\"\" class=\"wp-image-1252\" srcset=\"https:\/\/parier-presidentielle.com\/wp-content\/uploads\/2022\/04\/unibet-300x169.jpg 300w, https:\/\/parier-presidentielle.com\/wp-content\/uploads\/2022\/04\/unibet-1024x576.jpg 1024w, https:\/\/parier-presidentielle.com\/wp-content\/uploads\/2022\/04\/unibet-768x432.jpg 768w, https:\/\/parier-presidentielle.com\/wp-content\/uploads\/2022\/04\/unibet-18x10.jpg 18w, https:\/\/parier-presidentielle.com\/wp-content\/uploads\/2022\/04\/unibet.jpg 1280w\" sizes=\"(max-width: 300px) 100vw, 300px\" \/><\/a><\/figure><\/div>\n\n\n<p>G\u0103si\u021bi Wiki, \u0219tirile politice esen\u021biale despre Cannabis \u0219i derivatele sale legale: <strong>HHC, H4cbd, Thcp, Thcv, HSD, HHCPO, C4B<\/strong><\/p>\n\n\n\n<p><\/p>\n<div id=\"toc_container\" class=\"no_bullets\"><p class=\"toc_title\">Cuprins<\/p><ul class=\"toc_list\"><ul><li><\/li><\/ul><\/li><li><ul><li><\/li><li><\/li><li><ul><li><\/li><\/ul><\/li><li><\/li><li><ul><li><ul><li><\/li><\/ul><\/li><li><\/li><li><\/li><\/ul><\/li><\/ul><\/li><\/ul><\/div>","protected":false},"excerpt":{"rendered":"<p>Le guide pour parier sur le candidat Fran\u00e7ois Asselineau en 2022, retrouver les meilleurs cotes selon les bookmakers : Unibet, Bwin&#8230; Parier sur Francois Asselineau en 2022? Notre analyse, cotes et pronostics! Parier sur Francois Asselineau en 2022 : analyse, cotes et pronostics Francois Asselineau, fondateur et pr\u00e9sident de l&#8217;Union Populaire R\u00e9publicaine (UPR), est un &#8230;<\/p>","protected":false},"author":1,"featured_media":0,"parent":0,"menu_order":0,"comment_status":"closed","ping_status":"closed","template":"page-nosidebar.php","meta":{"footnotes":""},"yoast_head":"<!-- This site is optimized with the Yoast SEO Premium plugin v21.0 (Yoast SEO v21.0) - https:\/\/yoast.com\/wordpress\/plugins\/seo\/ -->\n<title>Asselineau Bookmakers : Paris, Cote et Pronostics - Finale Coupe du Monde FIFA<\/title>\n<meta name=\"description\" content=\"Pariez sur Asselineau pour l&#039;Election 2022 : Cliquez Ici et Gagnez Gros! Pronostics ,Comparaison des Bookmakers et des meilleurs Cotes.\" \/>\n<meta name=\"robots\" content=\"index, follow, max-snippet:-1, max-image-preview:large, max-video-preview:-1\" \/>\n<link rel=\"canonical\" href=\"https:\/\/parier-presidentielle.com\/ro\/asselineau-casele-de-pariuri\/\" \/>\n<meta property=\"og:locale\" content=\"ro_RO\" \/>\n<meta property=\"og:type\" content=\"article\" \/>\n<meta property=\"og:title\" content=\"Asselineau Bookmakers : Paris, Cote et Pronostics\" \/>\n<meta property=\"og:description\" content=\"Pariez sur Asselineau pour l&#039;Election 2022 : Cliquez Ici et Gagnez Gros! Pronostics ,Comparaison des Bookmakers et des meilleurs Cotes.\" \/>\n<meta property=\"og:url\" content=\"https:\/\/parier-presidentielle.com\/ro\/asselineau-casele-de-pariuri\/\" \/>\n<meta property=\"og:site_name\" content=\"Parier Pr\u00e9sidentielle\" \/>\n<meta property=\"article:modified_time\" content=\"2023-01-24T17:49:06+00:00\" \/>\n<meta name=\"twitter:card\" content=\"summary_large_image\" \/>\n<meta name=\"twitter:label1\" content=\"Est. reading time\" \/>\n\t<meta name=\"twitter:data1\" content=\"2 minute\" \/>\n<script type=\"application\/ld+json\" class=\"yoast-schema-graph\">{\"@context\":\"https:\/\/schema.org\",\"@graph\":[{\"@type\":\"WebPage\",\"@id\":\"https:\/\/parier-presidentielle.com\/asselineau-bookmakers\/\",\"url\":\"https:\/\/parier-presidentielle.com\/asselineau-bookmakers\/\",\"name\":\"Asselineau Bookmakers : Paris, Cote et Pronostics - Finale Coupe du Monde FIFA\",\"isPartOf\":{\"@id\":\"https:\/\/parier-presidentielle.com\/#website\"},\"datePublished\":\"2021-09-13T12:41:45+00:00\",\"dateModified\":\"2023-01-24T17:49:06+00:00\",\"description\":\"Pariez sur Asselineau pour l'Election 2022 : Cliquez Ici et Gagnez Gros! Pronostics ,Comparaison des Bookmakers et des meilleurs Cotes.\",\"breadcrumb\":{\"@id\":\"https:\/\/parier-presidentielle.com\/asselineau-bookmakers\/#breadcrumb\"},\"inLanguage\":\"ro-RO\",\"potentialAction\":[{\"@type\":\"ReadAction\",\"target\":[\"https:\/\/parier-presidentielle.com\/asselineau-bookmakers\/\"]}]},{\"@type\":\"BreadcrumbList\",\"@id\":\"https:\/\/parier-presidentielle.com\/asselineau-bookmakers\/#breadcrumb\",\"itemListElement\":[{\"@type\":\"ListItem\",\"position\":1,\"name\":\"Accueil\",\"item\":\"https:\/\/parier-presidentielle.com\/\"},{\"@type\":\"ListItem\",\"position\":2,\"name\":\"Asselineau Bookmakers : Paris, Cote et Pronostics\"}]},{\"@type\":\"WebSite\",\"@id\":\"https:\/\/parier-presidentielle.com\/#website\",\"url\":\"https:\/\/parier-presidentielle.com\/\",\"name\":\"Parier Pr\u00e9sidentielle\",\"description\":\"Paris, Pronostics, Wiki sur la Politique, les Elections Am\u00e9ricaines: Joe Biden, Donald Trump avec les Bookmakers en ligne Unibet, Bwin, Betclic, Winamax\",\"potentialAction\":[{\"@type\":\"SearchAction\",\"target\":{\"@type\":\"EntryPoint\",\"urlTemplate\":\"https:\/\/parier-presidentielle.com\/?s={search_term_string}\"},\"query-input\":\"required name=search_term_string\"}],\"inLanguage\":\"ro-RO\"}]}<\/script>\n<!-- \/ Yoast SEO Premium plugin. -->","yoast_head_json":{"title":"Asselineau Bookmakers : Paris, Cote et Pronostics - Finale Coupe du Monde FIFA","description":"Pariez sur Asselineau pour l'Election 2022 : Cliquez Ici et Gagnez Gros! Pronostics ,Comparaison des Bookmakers et des meilleurs Cotes.","robots":{"index":"index","follow":"follow","max-snippet":"max-snippet:-1","max-image-preview":"max-image-preview:large","max-video-preview":"max-video-preview:-1"},"canonical":"https:\/\/parier-presidentielle.com\/ro\/asselineau-casele-de-pariuri\/","og_locale":"ro_RO","og_type":"article","og_title":"Asselineau Bookmakers : Paris, Cote et Pronostics","og_description":"Pariez sur Asselineau pour l'Election 2022 : Cliquez Ici et Gagnez Gros! Pronostics ,Comparaison des Bookmakers et des meilleurs Cotes.","og_url":"https:\/\/parier-presidentielle.com\/ro\/asselineau-casele-de-pariuri\/","og_site_name":"Parier Pr\u00e9sidentielle","article_modified_time":"2023-01-24T17:49:06+00:00","twitter_card":"summary_large_image","twitter_misc":{"Est. reading time":"2 minute"},"schema":{"@context":"https:\/\/schema.org","@graph":[{"@type":"WebPage","@id":"https:\/\/parier-presidentielle.com\/asselineau-bookmakers\/","url":"https:\/\/parier-presidentielle.com\/asselineau-bookmakers\/","name":"Asselineau Bookmakers : Paris, Cote et Pronostics - Finale Coupe du Monde FIFA","isPartOf":{"@id":"https:\/\/parier-presidentielle.com\/#website"},"datePublished":"2021-09-13T12:41:45+00:00","dateModified":"2023-01-24T17:49:06+00:00","description":"Pariez sur Asselineau pour l'Election 2022 : Cliquez Ici et Gagnez Gros! Pronostics ,Comparaison des Bookmakers et des meilleurs Cotes.","breadcrumb":{"@id":"https:\/\/parier-presidentielle.com\/asselineau-bookmakers\/#breadcrumb"},"inLanguage":"ro-RO","potentialAction":[{"@type":"ReadAction","target":["https:\/\/parier-presidentielle.com\/asselineau-bookmakers\/"]}]},{"@type":"BreadcrumbList","@id":"https:\/\/parier-presidentielle.com\/asselineau-bookmakers\/#breadcrumb","itemListElement":[{"@type":"ListItem","position":1,"name":"Accueil","item":"https:\/\/parier-presidentielle.com\/"},{"@type":"ListItem","position":2,"name":"Asselineau Bookmakers : Paris, Cote et Pronostics"}]},{"@type":"WebSite","@id":"https:\/\/parier-presidentielle.com\/#website","url":"https:\/\/parier-presidentielle.com\/","name":"Parier Pr\u00e9sidentielle","description":"Paris, Pronostics, Wiki sur la Politique, les Elections Am\u00e9ricaines: Joe Biden, Donald Trump avec les Bookmakers en ligne Unibet, Bwin, Betclic, Winamax","potentialAction":[{"@type":"SearchAction","target":{"@type":"EntryPoint","urlTemplate":"https:\/\/parier-presidentielle.com\/?s={search_term_string}"},"query-input":"required name=search_term_string"}],"inLanguage":"ro-RO"}]}},"_links":{"self":[{"href":"https:\/\/parier-presidentielle.com\/ro\/wp-json\/wp\/v2\/pages\/163"}],"collection":[{"href":"https:\/\/parier-presidentielle.com\/ro\/wp-json\/wp\/v2\/pages"}],"about":[{"href":"https:\/\/parier-presidentielle.com\/ro\/wp-json\/wp\/v2\/types\/page"}],"author":[{"embeddable":true,"href":"https:\/\/parier-presidentielle.com\/ro\/wp-json\/wp\/v2\/users\/1"}],"replies":[{"embeddable":true,"href":"https:\/\/parier-presidentielle.com\/ro\/wp-json\/wp\/v2\/comments?post=163"}],"version-history":[{"count":22,"href":"https:\/\/parier-presidentielle.com\/ro\/wp-json\/wp\/v2\/pages\/163\/revisions"}],"predecessor-version":[{"id":1915,"href":"https:\/\/parier-presidentielle.com\/ro\/wp-json\/wp\/v2\/pages\/163\/revisions\/1915"}],"wp:attachment":[{"href":"https:\/\/parier-presidentielle.com\/ro\/wp-json\/wp\/v2\/media?parent=163"}],"curies":[{"name":"wp","href":"https:\/\/api.w.org\/{rel}","templated":true}]}}