{"id":1946,"date":"2023-03-20T16:35:45","date_gmt":"2023-03-20T15:35:45","guid":{"rendered":"https:\/\/parier-presidentielle.com\/?page_id=1946"},"modified":"2023-06-02T11:23:14","modified_gmt":"2023-06-02T09:23:14","slug":"joe-biden-cannabis-hhc","status":"publish","type":"page","link":"https:\/\/parier-presidentielle.com\/ro\/joe-biden-cannabis-hhc\/","title":{"rendered":"Joe Biden \u0219i pia\u021ba de canabis, HHC"},"content":{"rendered":"<h2 class=\"wp-block-heading\"><span id=\"l8217arrivee-de-joe-biden-sur-le-marche-du-cannabis-et-de-l8217hhc-aux-etats-unis-un-nouvel-espoir-pour-les-consommateurs-et-les-entrepreneurs\">Sosirea lui Joe Biden pe pia\u021ba canabisului \u0219i a HHC din Statele Unite: o nou\u0103 speran\u021b\u0103 pentru consumatori \u0219i antreprenori<\/span><\/h2>\n\n\n\n<p>Pia\u021ba canabisului \u0219i canabinoizilor ca <a href=\"https:\/\/wikihhc.com\/\">HHC<\/a> a cunoscut o cre\u0219tere exploziv\u0103 \u00een Statele Unite \u00een ultimii ani. Din ce \u00een ce mai multe state legalizeaz\u0103 consumul recrea\u021bional sau terapeutic al canabisului \u0219i tot mai mul\u021bi consumatori apeleaz\u0103 la produse cu canabinoide pentru a trata o varietate de afec\u021biuni. Cu toate acestea, legile federale ale canabisului din SUA r\u0103m\u00e2n neclare \u0219i restrictive, limit\u00e2nd accesul antreprenorilor \u0219i consumatorilor la beneficiile acestei pie\u021be \u00een plin\u0103 expansiune.<\/p>\n\n\n\n<p>Cu toate acestea, odat\u0103 cu sosirea lui Joe Biden ca pre\u0219edinte al Statelor Unite, lucrurile s-ar putea schimba pentru pia\u021ba canabisului \u0219i a canabinoizilor. Pre\u0219edintele Biden a spus c\u0103 sprijin\u0103 legalizarea canabisului \u00een scopuri medicale, dar nu sprijin\u0103 legalizarea acestuia pentru uz recrea\u021bional. Cu toate acestea, administra\u021bia sa a luat deja m\u0103suri pentru a permite cercetarea canabinoizilor, care ar putea fi un prim pas c\u0103tre o legalizare mai larg\u0103.<\/p>\n\n\n\n<h2 class=\"wp-block-heading\"><span id=\"la-legalisation-du-cannabis-un-enjeu-economique\">Legalizarea canabisului: o problem\u0103 economic\u0103<\/span><\/h2>\n\n\n\n<p>Legalizarea canabisului \u00een scopuri medicale \u0219i recreative este o problem\u0103 economic\u0103 important\u0103 pentru Statele Unite. \u00centr-adev\u0103r, produc\u021bia, distribu\u021bia \u0219i v\u00e2nzarea canabisului poate genera venituri semnificative pentru state, cre\u00e2nd \u00een acela\u0219i timp locuri de munc\u0103 \u0219i stimul\u00e2nd economia local\u0103.<\/p>\n\n\n\n<h2 class=\"wp-block-heading\"><span id=\"les-obstacles-a-la-legalisation\">Obstacole \u00een calea legaliz\u0103rii<\/span><\/h2>\n\n\n\n<p>Cu toate acestea, legalizarea canabisului se confrunt\u0103 cu multe obstacole \u00een Statele Unite. Legile federale privind canabisul r\u0103m\u00e2n neclare \u0219i restrictive, ceea ce face dificil pentru antreprenori s\u0103-\u0219i dezvolte afacerile \u0219i pentru consumatori s\u0103 acceseze produse de calitate \u0219i sigure. \u00cen plus, stigmatizarea canabisului \u00een societatea american\u0103 poate face dificil\u0103 acceptarea legaliz\u0103rii pentru autorit\u0103\u021bi \u0219i aleg\u0103tori.<\/p>\n\n\n\n<h2 class=\"wp-block-heading\"><span id=\"les-avantages-potentiels-de-la-legalisation\">Beneficiile poten\u021biale ale legaliz\u0103rii<\/span><\/h2>\n\n\n\n<p>\u00cen ciuda acestor obstacole, legalizarea canabisului \u0219i a canabinoizilor ar putea aduce multe beneficii consumatorilor \u0219i antreprenorilor din Statele Unite. Produsele cu canabinoizi pot ajuta la tratarea unor afec\u021biuni precum durerea cronic\u0103, anxietatea, depresia \u0219i insomnia, care pot \u00eembun\u0103t\u0103\u021bi calitatea vie\u021bii pentru milioane de americani. \u00cen plus, legalizarea ar putea crea locuri de munc\u0103 \u00een sectorul canabisului \u0219i ar putea stimula economia local\u0103.<\/p>\n\n\n\n<h2 class=\"wp-block-heading\"><span id=\"la-position-de-joe-biden\">Pozi\u021bia lui Joe Biden<\/span><\/h2>\n\n\n\n<p>Pozi\u021bia lui Joe Biden cu privire la legalizarea canabisului \u0219i a canabinoizilor este complex\u0103. De\u0219i sus\u021bine legalizarea \u00een scop medical, nu s-a declarat \u00een favoarea legaliz\u0103rii \u00een scop recrea\u021bional. Cu toate acestea, administra\u021bia sa a luat deja m\u0103suri pentru a permite cercetarea canabinoizilor, ceea ce ar putea fi un semn pozitiv pentru sus\u021bin\u0103torii unei legaliz\u0103ri mai largi.<\/p>\n\n\n\n<p>\u00cen plus, Joe Biden \u0219i-a exprimat, de asemenea, sprijinul pentru \u0219tergerea cazierelor judiciare legate de canabis, care ar putea ajuta persoanele care au fost condamnate pe nedrept pentru infrac\u021biuni legate de canabis s\u0103 \u00ee\u0219i \u0219terg\u0103 dosarele \u0219i s\u0103 aib\u0103 \u0219ansa de a \u00eencepe din nou.<\/p>\n\n\n\n<h2 class=\"wp-block-heading\"><span id=\"l8217hhc-un-nouvel-espoir-pour-les-consommateurs\">HHC: o nou\u0103 speran\u021b\u0103 pentru consumatori<\/span><\/h2>\n\n\n\n<p>Pe l\u00e2ng\u0103 legalizarea canabisului, sosirea lui Joe Biden pe pia\u021ba canabinoizilor din Statele Unite ar putea oferi \u0219i noi oportunit\u0103\u021bi pentru consumatori datorit\u0103 apari\u021biei HHC, sau delta-8-tetrahidrocannabinol.<\/p>\n\n\n\n<p>HHC este un canabinoid derivat din canabis care are efecte similare cu THC, dar este legal \u00een multe state \u00een care canabisul este interzis. Prin urmare, consumatorii se pot bucura de beneficiile HHC f\u0103r\u0103 a-\u0219i face griji cu privire la problemele legale legate de canabis.<\/p>\n\n\n\n<h2 class=\"wp-block-heading\"><span id=\"les-entrepreneurs-prets-a-saisir-les-opportunites\">Antreprenori gata s\u0103 profite de oportunit\u0103\u021bi<\/span><\/h2>\n\n\n\n<p>Antreprenorii de pe pia\u021ba canabinoizilor sunt, de asemenea, preg\u0103ti\u021bi s\u0103 profite de oportunit\u0103\u021bile oferite de venirea lui Joe Biden pe pia\u021b\u0103. Multe companii lucreaz\u0103 deja la produse bazate pe<a href=\"https:\/\/wikihhc.com\/france\/fleurs-hhc\/\"> de HHC ca florile <\/a>, iar unii chiar au \u00eenceput s\u0103 se orienteze c\u0103tre produc\u021bia de canabis legalizat \u00een scopuri medicale.<\/p>\n\n\n\n<h2 class=\"wp-block-heading\"><span id=\"conclusion-un-nouvel-espoir-pour-les-consommateurs-et-les-entrepreneurs\">Concluzie: o nou\u0103 speran\u021b\u0103 pentru consumatori \u0219i antreprenori<\/span><\/h2>\n\n\n\n<p>Sosirea lui Joe Biden pe pia\u021ba canabisului \u0219i canabinoizilor din Statele Unite ofer\u0103 noi speran\u021be consumatorilor \u0219i antreprenorilor. De\u0219i pozi\u021bia lui Joe Biden cu privire la legalizarea canabisului recrea\u021bional este neclar\u0103, ac\u021biunile sale \u00een favoarea cercet\u0103rii canabinoizilor \u0219i \u0219tergerea cazierelor judiciare legate de canabis sunt semne pozitive pentru sus\u021bin\u0103torii legaliz\u0103rii. Multe site-uri ofer\u0103 reduceri la <a href=\"https:\/\/wikihhc.com\/site\/weecl\/code-promo-coupon-bon-de-reduction-weecl\/\">CBD \u0219i HHC ca Weecl cu coduri promo\u021bionale<\/a>.<\/p>\n\n\n\n<p>\u00cen plus, apari\u021bia HHC ofer\u0103 noi oportunit\u0103\u021bi pentru consumatori \u0219i antreprenori, permi\u021b\u00e2nd consumatorilor s\u0103 se bucure de beneficiile canabinoizilor f\u0103r\u0103 problemele legale asociate cu canabisul.<\/p>\n\n\n\n<figure class=\"wp-block-embed is-type-video is-provider-youtube wp-block-embed-youtube wp-embed-aspect-16-9 wp-has-aspect-ratio\"><div class=\"wp-block-embed__wrapper\">\n<iframe loading=\"lazy\" title=\"Statele Unite: Joe Biden gra\u021bie mii de americani condamna\u021bi pentru posesie de marijuana\" width=\"640\" height=\"360\" src=\"https:\/\/www.youtube.com\/embed\/EmSpSXaJnlY?feature=oembed\" frameborder=\"0\" allow=\"accelerometer; autoplay; clipboard-write; encrypted-media; gyroscope; picture-in-picture; web-share\" allowfullscreen><\/iframe>\n<\/div><\/figure>\n<div id=\"toc_container\" class=\"no_bullets\"><p class=\"toc_title\">Cuprins<\/p><ul class=\"toc_list\"><li><\/li><li><\/li><li><\/li><li><\/li><li><\/li><li><\/li><li><\/li><li><\/li><\/ul><\/div>","protected":false},"excerpt":{"rendered":"<p>L&#8217;arriv\u00e9e de Joe Biden sur le march\u00e9 du cannabis et de l&#8217;HHC aux \u00c9tats-Unis : Un nouvel espoir pour les consommateurs et les entrepreneurs Le march\u00e9 du cannabis et des cannabino\u00efdes comme HHC a connu une croissance explosive aux \u00c9tats-Unis ces derni\u00e8res ann\u00e9es . De plus en plus d&#8217;\u00c9tats l\u00e9galisent l&#8217;usage r\u00e9cr\u00e9atif ou th\u00e9rapeutique du &#8230;<\/p>","protected":false},"author":1,"featured_media":1955,"parent":0,"menu_order":0,"comment_status":"closed","ping_status":"closed","template":"page-nosidebar.php","meta":{"footnotes":""},"yoast_head":"<!-- This site is optimized with the Yoast SEO Premium plugin v21.0 (Yoast SEO v21.0) - https:\/\/yoast.com\/wordpress\/plugins\/seo\/ -->\n<title>Joe Biden et le march\u00e9 du Cannabis, HHC - Finale Coupe du Monde FIFA<\/title>\n<meta name=\"robots\" content=\"index, follow, max-snippet:-1, max-image-preview:large, max-video-preview:-1\" \/>\n<link rel=\"canonical\" href=\"https:\/\/parier-presidentielle.com\/ro\/joe-biden-cannabis-hhc\/\" \/>\n<meta property=\"og:locale\" content=\"ro_RO\" \/>\n<meta property=\"og:type\" content=\"article\" \/>\n<meta property=\"og:title\" content=\"Joe Biden et le march\u00e9 du Cannabis, HHC\" \/>\n<meta property=\"og:description\" content=\"L&#8217;arriv\u00e9e de Joe Biden sur le march\u00e9 du cannabis et de l&#8217;HHC aux \u00c9tats-Unis : Un nouvel espoir pour les consommateurs et les entrepreneurs Le march\u00e9 du cannabis et des cannabino\u00efdes comme HHC a connu une croissance explosive aux \u00c9tats-Unis ces derni\u00e8res ann\u00e9es . De plus en plus d&#8217;\u00c9tats l\u00e9galisent l&#8217;usage r\u00e9cr\u00e9atif ou th\u00e9rapeutique du ...\" \/>\n<meta property=\"og:url\" content=\"https:\/\/parier-presidentielle.com\/ro\/joe-biden-cannabis-hhc\/\" \/>\n<meta property=\"og:site_name\" content=\"Parier Pr\u00e9sidentielle\" \/>\n<meta property=\"article:modified_time\" content=\"2023-06-02T09:23:14+00:00\" \/>\n<meta property=\"og:image\" content=\"https:\/\/parier-presidentielle.com\/wp-content\/uploads\/2023\/03\/joe-biden-hhc-1-scaled.jpg\" \/>\n\t<meta property=\"og:image:width\" content=\"2560\" \/>\n\t<meta property=\"og:image:height\" content=\"1440\" \/>\n\t<meta property=\"og:image:type\" content=\"image\/jpeg\" \/>\n<meta name=\"twitter:card\" content=\"summary_large_image\" \/>\n<meta name=\"twitter:label1\" content=\"Est. reading time\" \/>\n\t<meta name=\"twitter:data1\" content=\"4 minute\" \/>\n<script type=\"application\/ld+json\" class=\"yoast-schema-graph\">{\"@context\":\"https:\/\/schema.org\",\"@graph\":[{\"@type\":\"WebPage\",\"@id\":\"https:\/\/parier-presidentielle.com\/joe-biden-cannabis-hhc\/\",\"url\":\"https:\/\/parier-presidentielle.com\/joe-biden-cannabis-hhc\/\",\"name\":\"Joe Biden et le march\u00e9 du Cannabis, HHC - Finale Coupe du Monde FIFA\",\"isPartOf\":{\"@id\":\"https:\/\/parier-presidentielle.com\/#website\"},\"datePublished\":\"2023-03-20T15:35:45+00:00\",\"dateModified\":\"2023-06-02T09:23:14+00:00\",\"breadcrumb\":{\"@id\":\"https:\/\/parier-presidentielle.com\/joe-biden-cannabis-hhc\/#breadcrumb\"},\"inLanguage\":\"ro-RO\",\"potentialAction\":[{\"@type\":\"ReadAction\",\"target\":[\"https:\/\/parier-presidentielle.com\/joe-biden-cannabis-hhc\/\"]}]},{\"@type\":\"BreadcrumbList\",\"@id\":\"https:\/\/parier-presidentielle.com\/joe-biden-cannabis-hhc\/#breadcrumb\",\"itemListElement\":[{\"@type\":\"ListItem\",\"position\":1,\"name\":\"Accueil\",\"item\":\"https:\/\/parier-presidentielle.com\/\"},{\"@type\":\"ListItem\",\"position\":2,\"name\":\"Joe Biden et le march\u00e9 du Cannabis, HHC\"}]},{\"@type\":\"WebSite\",\"@id\":\"https:\/\/parier-presidentielle.com\/#website\",\"url\":\"https:\/\/parier-presidentielle.com\/\",\"name\":\"Parier Pr\u00e9sidentielle\",\"description\":\"Paris, Pronostics, Wiki sur la Politique, les Elections Am\u00e9ricaines: Joe Biden, Donald Trump avec les Bookmakers en ligne Unibet, Bwin, Betclic, Winamax\",\"potentialAction\":[{\"@type\":\"SearchAction\",\"target\":{\"@type\":\"EntryPoint\",\"urlTemplate\":\"https:\/\/parier-presidentielle.com\/?s={search_term_string}\"},\"query-input\":\"required name=search_term_string\"}],\"inLanguage\":\"ro-RO\"}]}<\/script>\n<!-- \/ Yoast SEO Premium plugin. -->","yoast_head_json":{"title":"Joe Biden et le march\u00e9 du Cannabis, HHC - Finale Coupe du Monde FIFA","robots":{"index":"index","follow":"follow","max-snippet":"max-snippet:-1","max-image-preview":"max-image-preview:large","max-video-preview":"max-video-preview:-1"},"canonical":"https:\/\/parier-presidentielle.com\/ro\/joe-biden-cannabis-hhc\/","og_locale":"ro_RO","og_type":"article","og_title":"Joe Biden et le march\u00e9 du Cannabis, HHC","og_description":"L&#8217;arriv\u00e9e de Joe Biden sur le march\u00e9 du cannabis et de l&#8217;HHC aux \u00c9tats-Unis : Un nouvel espoir pour les consommateurs et les entrepreneurs Le march\u00e9 du cannabis et des cannabino\u00efdes comme HHC a connu une croissance explosive aux \u00c9tats-Unis ces derni\u00e8res ann\u00e9es . De plus en plus d&#8217;\u00c9tats l\u00e9galisent l&#8217;usage r\u00e9cr\u00e9atif ou th\u00e9rapeutique du ...","og_url":"https:\/\/parier-presidentielle.com\/ro\/joe-biden-cannabis-hhc\/","og_site_name":"Parier Pr\u00e9sidentielle","article_modified_time":"2023-06-02T09:23:14+00:00","og_image":[{"width":2560,"height":1440,"url":"https:\/\/parier-presidentielle.com\/wp-content\/uploads\/2023\/03\/joe-biden-hhc-1-scaled.jpg","type":"image\/jpeg"}],"twitter_card":"summary_large_image","twitter_misc":{"Est. reading time":"4 minute"},"schema":{"@context":"https:\/\/schema.org","@graph":[{"@type":"WebPage","@id":"https:\/\/parier-presidentielle.com\/joe-biden-cannabis-hhc\/","url":"https:\/\/parier-presidentielle.com\/joe-biden-cannabis-hhc\/","name":"Joe Biden et le march\u00e9 du Cannabis, HHC - Finale Coupe du Monde FIFA","isPartOf":{"@id":"https:\/\/parier-presidentielle.com\/#website"},"datePublished":"2023-03-20T15:35:45+00:00","dateModified":"2023-06-02T09:23:14+00:00","breadcrumb":{"@id":"https:\/\/parier-presidentielle.com\/joe-biden-cannabis-hhc\/#breadcrumb"},"inLanguage":"ro-RO","potentialAction":[{"@type":"ReadAction","target":["https:\/\/parier-presidentielle.com\/joe-biden-cannabis-hhc\/"]}]},{"@type":"BreadcrumbList","@id":"https:\/\/parier-presidentielle.com\/joe-biden-cannabis-hhc\/#breadcrumb","itemListElement":[{"@type":"ListItem","position":1,"name":"Accueil","item":"https:\/\/parier-presidentielle.com\/"},{"@type":"ListItem","position":2,"name":"Joe Biden et le march\u00e9 du Cannabis, HHC"}]},{"@type":"WebSite","@id":"https:\/\/parier-presidentielle.com\/#website","url":"https:\/\/parier-presidentielle.com\/","name":"Parier Pr\u00e9sidentielle","description":"Paris, Pronostics, Wiki sur la Politique, les Elections Am\u00e9ricaines: Joe Biden, Donald Trump avec les Bookmakers en ligne Unibet, Bwin, Betclic, Winamax","potentialAction":[{"@type":"SearchAction","target":{"@type":"EntryPoint","urlTemplate":"https:\/\/parier-presidentielle.com\/?s={search_term_string}"},"query-input":"required name=search_term_string"}],"inLanguage":"ro-RO"}]}},"_links":{"self":[{"href":"https:\/\/parier-presidentielle.com\/ro\/wp-json\/wp\/v2\/pages\/1946"}],"collection":[{"href":"https:\/\/parier-presidentielle.com\/ro\/wp-json\/wp\/v2\/pages"}],"about":[{"href":"https:\/\/parier-presidentielle.com\/ro\/wp-json\/wp\/v2\/types\/page"}],"author":[{"embeddable":true,"href":"https:\/\/parier-presidentielle.com\/ro\/wp-json\/wp\/v2\/users\/1"}],"replies":[{"embeddable":true,"href":"https:\/\/parier-presidentielle.com\/ro\/wp-json\/wp\/v2\/comments?post=1946"}],"version-history":[{"count":5,"href":"https:\/\/parier-presidentielle.com\/ro\/wp-json\/wp\/v2\/pages\/1946\/revisions"}],"predecessor-version":[{"id":2000,"href":"https:\/\/parier-presidentielle.com\/ro\/wp-json\/wp\/v2\/pages\/1946\/revisions\/2000"}],"wp:featuredmedia":[{"embeddable":true,"href":"https:\/\/parier-presidentielle.com\/ro\/wp-json\/wp\/v2\/media\/1955"}],"wp:attachment":[{"href":"https:\/\/parier-presidentielle.com\/ro\/wp-json\/wp\/v2\/media?parent=1946"}],"curies":[{"name":"wp","href":"https:\/\/api.w.org\/{rel}","templated":true}]}}