{"id":1956,"date":"2023-03-20T17:03:39","date_gmt":"2023-03-20T16:03:39","guid":{"rendered":"https:\/\/parier-presidentielle.com\/?page_id=1956"},"modified":"2023-06-02T11:27:55","modified_gmt":"2023-06-02T09:27:55","slug":"donald-trump-sur-le-marche-du-cannabis-et-du-hhc","status":"publish","type":"page","link":"https:\/\/parier-presidentielle.com\/ro\/donald-trump-pe-piata-cannabis-si-hhc\/","title":{"rendered":"Impactul lui Donald Trump asupra pie\u021bei de canabis \u0219i HHC"},"content":{"rendered":"<p>De la inaugurarea lui Donald Trump ca pre\u0219edinte al Statelor Unite \u00een 2016, industria canabisului \u0219i canabisului <a href=\"https:\/\/wikihhc.com\/en\/\" target=\"_blank\" rel=\"noreferrer noopener\">HHC<\/a> (Canabinoid derivat din c\u00e2nep\u0103) a evoluat constant. Declara\u021biile pre\u0219edintelui \u0219i politicile implementate au avut un impact semnificativ asupra acestei pie\u021be \u00een cre\u0219tere. \u00cen acest articol, vom explora deciziile cheie luate de Trump \u0219i modul \u00een care acestea influen\u021beaz\u0103 viitorul industriei de canabis \u0219i HHC. Multe site-uri ofer\u0103 reduceri la <a href=\"https:\/\/wikihhc.com\/site\/weecl\/code-promo-coupon-bon-de-reduction-weecl\/\">CBD \u0219i HHC ca Weecl cu coduri promo\u021bionale<\/a>.<\/p>\n\n\n\n<h2 class=\"wp-block-heading\"><span id=\"la-position-initiale-de-trump-sur-le-cannabis\">Pozi\u021bia ini\u021bial\u0103 a lui Trump fa\u021b\u0103 de canabis<\/span><\/h2>\n\n\n\n<p>\u00cen timpul campaniei sale electorale din 2016, Donald Trump a luat o pozi\u021bie destul de vag\u0103 cu privire la problema canabisului. El a spus c\u0103 problema ar trebui rezolvat\u0103 de statele individuale \u0219i c\u0103 nu s-a opus utiliz\u0103rii medicinale a canabisului. Cu toate acestea, el \u0219i-a exprimat \u00eengrijorarea cu privire la cre\u0219terea consumului de canabis \u00een r\u00e2ndul tinerilor \u0219i la poten\u021bialele efecte negative asupra s\u0103n\u0103t\u0103\u021bii publice.<\/p>\n\n\n\n<h2 class=\"wp-block-heading\"><span id=\"la-nomination-de-jeff-sessions\">Nominalizarea lui Jeff Sessions<\/span><\/h2>\n\n\n\n<p>Una dintre primele decizii ale lui Trump \u00een privin\u021ba canabisului a fost numirea lui Jeff Sessions \u00een func\u021bia de procuror general. Sessions era cunoscut pentru opozi\u021bia sa ferm\u0103 fa\u021b\u0103 de canabis \u0219i pentru pozi\u021bia sa conform c\u0103reia canabisul este \u201epericulos\u201d \u0219i ar trebui \u201eevitat cu orice pre\u021b\u201d. Aceast\u0103 numire a provocat \u00eengrijorare \u00een industria canabisului \u0219i a HHC \u0219i mul\u021bi s-au temut c\u0103 va duce la o mai mare represiune asupra afacerilor cu canabis.<\/p>\n\n\n\n<h2 class=\"wp-block-heading\"><span id=\"le-rescrit-de-cole\">Rescriptul lui Cole<\/span><\/h2>\n\n\n\n<p>O alt\u0103 decizie important\u0103 a lui Trump a fost abrogarea hot\u0103r\u00e2rii Cole \u00een 2018. Hot\u0103r\u00e2rea a fost pus\u0103 \u00een aplicare de administra\u021bia Obama \u00een 2013 pentru a oferi \u00eendrum\u0103ri procurorilor federali cu privire la modul de gestionare a legilor privind canabisul \u00een statele care au legalizat canabisul \u00een scopuri medicale \u0219i recreative. . Abrogarea acestei hot\u0103r\u00e2ri a fost v\u0103zut\u0103 ca un regres major pentru industria canabisului \u0219i a HHC \u0219i a ridicat \u00eengrijor\u0103ri cu privire la aplicarea sporit\u0103 a canabisului la nivel federal.<\/p>\n\n\n\n<h2 class=\"wp-block-heading\"><span id=\"le-farm-bill-de-2018\">Legisla\u021bia agricol\u0103 din 2018<\/span><\/h2>\n\n\n\n<p>\u00cen ciuda e\u0219ecurilor, industria HHC a \u00eenregistrat un succes semnificativ \u00een 2018 cu Farm Bill. Aceast\u0103 lege a legalizat cultivarea, produc\u021bia \u0219i v\u00e2nzarea de c\u00e2nep\u0103 industrial\u0103, definit\u0103 ca canabis care con\u021bine mai pu\u021bin de 0,3 % THC, la nivel na\u021bional. Mi\u0219carea a fost salutat\u0103 de industria HHC, care a c\u0103utat de mult s\u0103 legalizeze cultivarea c\u00e2nepei pentru produc\u021bia sa de CBD.<\/p>\n\n\n\n<h2 class=\"wp-block-heading\"><span id=\"la-pandemie-de-covid-19\">Pandemia COVID-19<\/span><\/h2>\n\n\n\n<p>Pandemia COVID-19 a avut, de asemenea, un impact semnificativ asupra industriei de canabis \u0219i HHC. Ca sector esen\u021bial, multe dispensare \u0219i \u00eentreprinderi de canabis au continuat s\u0103 func\u021bioneze \u00een ciuda \u00eenchiderilor de afaceri din alte sectoare. Cu toate acestea, pandemia a dus \u0219i la o sc\u0103dere a cererii de produse de canabis, \u00een special \u00een r\u00e2ndul consumatorilor.<\/p>\n\n\n\n<p>pasiona\u021bii de recreere. Restric\u021biile de c\u0103l\u0103torie au afectat, de asemenea, lan\u021burile de aprovizionare din industria canabisului \u0219i HHC, duc\u00e2nd la \u00eentreruperi \u00een produc\u021bie \u0219i distribu\u021bie.<\/p>\n\n\n\n<h2 class=\"wp-block-heading\"><span id=\"l8217avenir-de-l8217industrie-du-cannabis-et-du-hhc-sous-l8217administration-biden\">Viitorul industriei canabisului \u0219i HHC sub administra\u021bia Biden<\/span><\/h2>\n\n\n\n<p>Odat\u0103 cu inaugurarea lui Joe Biden \u00een ianuarie 2021, <a href=\"https:\/\/wikihhc.com\/site\/\">industria canabisului \u0219i a HHC <\/a>a\u0219tepta cu ner\u0103bdare o schimbare de direc\u021bie fa\u021b\u0103 de politicile implementate sub administra\u021bia Trump. Biden \u0219i-a exprimat sprijinul pentru legalizarea consumului medical de canabis \u0219i eliminarea sentin\u021belor obligatorii pentru infrac\u021biunile legate de canabis. Cu toate acestea, el a mai spus c\u0103 va sus\u021bine clasificarea actual\u0103 a canabisului ca substan\u021b\u0103 din Lista I, ceea ce \u00eenseamn\u0103 c\u0103 este considerat a avea un poten\u021bial ridicat de abuz \u0219i nu are o utilizare medical\u0103 valid\u0103.<\/p>\n\n\n\n<p>\u00cen ciuda incertitudinii cu privire la viitorul industriei canabisului \u0219i HHC sub administra\u021bia Biden, industria continu\u0103 s\u0103 evolueze constant \u0219i continu\u0103 s\u0103 creasc\u0103. Statele continu\u0103 s\u0103 legalizeze canabisul \u00een scopuri medicale \u0219i recreative, iar noi companii HHC sunt create pentru a satisface cererea \u00een cre\u0219tere pentru produse CBD. Industria canabisului \u0219i a HHC r\u0103m\u00e2ne un sector \u00een cre\u0219tere, cu numeroase oportunit\u0103\u021bi pentru antreprenori \u0219i investitori.<\/p>\n\n\n\n<p>\u00cen concluzie, impactul lui Donald Trump asupra industriei canabisului \u0219i HHC a fost semnificativ, dar r\u0103m\u00e2n incertitudini cu privire la viitorul acestei industrii sub administra\u021bia Biden. \u00cen ciuda acestui fapt, industria continu\u0103 s\u0103 creasc\u0103 \u0219i s\u0103 evolueze, oferind numeroase oportunit\u0103\u021bi pentru afaceri \u0219i investitori.<\/p>\n\n\n\n<p><\/p>\n\n\n\n<figure class=\"wp-block-embed is-type-video is-provider-youtube wp-block-embed-youtube wp-embed-aspect-16-9 wp-has-aspect-ratio\"><div class=\"wp-block-embed__wrapper\">\n<iframe loading=\"lazy\" title=\"Victoria Trump: spre sf\u00e2r\u0219itul interdic\u021biei canabisului? - RTL - RTL\" width=\"640\" height=\"360\" src=\"https:\/\/www.youtube.com\/embed\/j5oDI7O_byY?feature=oembed\" frameborder=\"0\" allow=\"accelerometer; autoplay; clipboard-write; encrypted-media; gyroscope; picture-in-picture; web-share\" allowfullscreen><\/iframe>\n<\/div><\/figure>\n\n\n\n<p>\u00centreb\u0103ri frecvente:<\/p>\n\n\n\n<ol>\n<li>Ce este HHC? HHC (Canabinoid derivat din c\u00e2nep\u0103) este un compus canabinoid derivat din c\u00e2nepa industrial\u0103, care con\u021bine mai pu\u021bin de 0,3 % THC.<\/li>\n\n\n\n<li>Ce state din SUA au legalizat canabisul? P\u00e2n\u0103 \u00een prezent, 36 de state din SUA au legalizat canabisul \u00een scopuri medicale \u0219i 15 state au legalizat canabisul pentru uz recrea\u021bional.<\/li>\n\n\n\n<li>Care este impactul clasific\u0103rii canabisului ca substan\u021b\u0103 din Lista I? Clasificarea canabisului ca substan\u021b\u0103 din Lista I \u00eenseamn\u0103 c\u0103 este considerat a avea un poten\u021bial ridicat de abuz \u0219i nicio utilizare medical\u0103 valabil\u0103, ceea ce face dificil\u0103 pentru cercet\u0103tori s\u0103 efectueze studii asupra propriet\u0103\u021bilor sale medicinale.<\/li>\n\n\n\n<li>Care sunt perturb\u0103rile produc\u021biei de canabis cauzate de pandemia COVID-19? Pandemia de COVID-19 a dus la \u00eentreruperi \u00een lan\u021burile de aprovizionare din industria canabisului \u0219i HHC, duc\u00e2nd la \u00eent\u00e2rzieri \u00een produc\u021bie \u0219i distribu\u021bie.<\/li>\n<\/ol>\n<div id=\"toc_container\" class=\"no_bullets\"><p class=\"toc_title\">Cuprins<\/p><ul class=\"toc_list\"><li><\/li><li><\/li><li><\/li><li><\/li><li><\/li><li><\/li><\/ul><\/div>","protected":false},"excerpt":{"rendered":"<p>Depuis l&#8217;investiture de Donald Trump \u00e0 la pr\u00e9sidence des \u00c9tats-Unis en 2016, l&#8217;industrie du cannabis et du HHC (Hemp-derived Cannabinoid) a \u00e9t\u00e9 en constante \u00e9volution. Les d\u00e9clarations du pr\u00e9sident et les politiques mises en place ont eu un impact significatif sur ce march\u00e9 en pleine expansion. Dans cet article, nous allons explorer les d\u00e9cisions cl\u00e9s &#8230;<\/p>","protected":false},"author":1,"featured_media":1959,"parent":0,"menu_order":0,"comment_status":"closed","ping_status":"closed","template":"page-nosidebar.php","meta":{"footnotes":""},"yoast_head":"<!-- This site is optimized with the Yoast SEO Premium plugin v21.0 (Yoast SEO v21.0) - https:\/\/yoast.com\/wordpress\/plugins\/seo\/ -->\n<title>L&#039;impact de Donald Trump sur le march\u00e9 du Cannabis et du HHC - Finale Coupe du Monde FIFA<\/title>\n<meta name=\"robots\" content=\"index, follow, max-snippet:-1, max-image-preview:large, max-video-preview:-1\" \/>\n<link rel=\"canonical\" href=\"https:\/\/parier-presidentielle.com\/ro\/donald-trump-pe-piata-cannabis-si-hhc\/\" \/>\n<meta property=\"og:locale\" content=\"ro_RO\" \/>\n<meta property=\"og:type\" content=\"article\" \/>\n<meta property=\"og:title\" content=\"L&#039;impact de Donald Trump sur le march\u00e9 du Cannabis et du HHC\" \/>\n<meta property=\"og:description\" content=\"Depuis l&#8217;investiture de Donald Trump \u00e0 la pr\u00e9sidence des \u00c9tats-Unis en 2016, l&#8217;industrie du cannabis et du HHC (Hemp-derived Cannabinoid) a \u00e9t\u00e9 en constante \u00e9volution. Les d\u00e9clarations du pr\u00e9sident et les politiques mises en place ont eu un impact significatif sur ce march\u00e9 en pleine expansion. Dans cet article, nous allons explorer les d\u00e9cisions cl\u00e9s ...\" \/>\n<meta property=\"og:url\" content=\"https:\/\/parier-presidentielle.com\/ro\/donald-trump-pe-piata-cannabis-si-hhc\/\" \/>\n<meta property=\"og:site_name\" content=\"Parier Pr\u00e9sidentielle\" \/>\n<meta property=\"article:modified_time\" content=\"2023-06-02T09:27:55+00:00\" \/>\n<meta property=\"og:image\" content=\"https:\/\/parier-presidentielle.com\/wp-content\/uploads\/2023\/03\/donald-trump-hhc-scaled.jpg\" \/>\n\t<meta property=\"og:image:width\" content=\"2560\" \/>\n\t<meta property=\"og:image:height\" content=\"1440\" \/>\n\t<meta property=\"og:image:type\" content=\"image\/jpeg\" \/>\n<meta name=\"twitter:card\" content=\"summary_large_image\" \/>\n<meta name=\"twitter:label1\" content=\"Est. reading time\" \/>\n\t<meta name=\"twitter:data1\" content=\"5 minute\" \/>\n<script type=\"application\/ld+json\" class=\"yoast-schema-graph\">{\"@context\":\"https:\/\/schema.org\",\"@graph\":[{\"@type\":\"WebPage\",\"@id\":\"https:\/\/parier-presidentielle.com\/donald-trump-sur-le-marche-du-cannabis-et-du-hhc\/\",\"url\":\"https:\/\/parier-presidentielle.com\/donald-trump-sur-le-marche-du-cannabis-et-du-hhc\/\",\"name\":\"L'impact de Donald Trump sur le march\u00e9 du Cannabis et du HHC - Finale Coupe du Monde FIFA\",\"isPartOf\":{\"@id\":\"https:\/\/parier-presidentielle.com\/#website\"},\"datePublished\":\"2023-03-20T16:03:39+00:00\",\"dateModified\":\"2023-06-02T09:27:55+00:00\",\"breadcrumb\":{\"@id\":\"https:\/\/parier-presidentielle.com\/donald-trump-sur-le-marche-du-cannabis-et-du-hhc\/#breadcrumb\"},\"inLanguage\":\"ro-RO\",\"potentialAction\":[{\"@type\":\"ReadAction\",\"target\":[\"https:\/\/parier-presidentielle.com\/donald-trump-sur-le-marche-du-cannabis-et-du-hhc\/\"]}]},{\"@type\":\"BreadcrumbList\",\"@id\":\"https:\/\/parier-presidentielle.com\/donald-trump-sur-le-marche-du-cannabis-et-du-hhc\/#breadcrumb\",\"itemListElement\":[{\"@type\":\"ListItem\",\"position\":1,\"name\":\"Accueil\",\"item\":\"https:\/\/parier-presidentielle.com\/\"},{\"@type\":\"ListItem\",\"position\":2,\"name\":\"L&#8217;impact de Donald Trump sur le march\u00e9 du Cannabis et du HHC\"}]},{\"@type\":\"WebSite\",\"@id\":\"https:\/\/parier-presidentielle.com\/#website\",\"url\":\"https:\/\/parier-presidentielle.com\/\",\"name\":\"Parier Pr\u00e9sidentielle\",\"description\":\"Paris, Pronostics, Wiki sur la Politique, les Elections Am\u00e9ricaines: Joe Biden, Donald Trump avec les Bookmakers en ligne Unibet, Bwin, Betclic, Winamax\",\"potentialAction\":[{\"@type\":\"SearchAction\",\"target\":{\"@type\":\"EntryPoint\",\"urlTemplate\":\"https:\/\/parier-presidentielle.com\/?s={search_term_string}\"},\"query-input\":\"required name=search_term_string\"}],\"inLanguage\":\"ro-RO\"}]}<\/script>\n<!-- \/ Yoast SEO Premium plugin. -->","yoast_head_json":{"title":"L'impact de Donald Trump sur le march\u00e9 du Cannabis et du HHC - Finale Coupe du Monde FIFA","robots":{"index":"index","follow":"follow","max-snippet":"max-snippet:-1","max-image-preview":"max-image-preview:large","max-video-preview":"max-video-preview:-1"},"canonical":"https:\/\/parier-presidentielle.com\/ro\/donald-trump-pe-piata-cannabis-si-hhc\/","og_locale":"ro_RO","og_type":"article","og_title":"L'impact de Donald Trump sur le march\u00e9 du Cannabis et du HHC","og_description":"Depuis l&#8217;investiture de Donald Trump \u00e0 la pr\u00e9sidence des \u00c9tats-Unis en 2016, l&#8217;industrie du cannabis et du HHC (Hemp-derived Cannabinoid) a \u00e9t\u00e9 en constante \u00e9volution. Les d\u00e9clarations du pr\u00e9sident et les politiques mises en place ont eu un impact significatif sur ce march\u00e9 en pleine expansion. Dans cet article, nous allons explorer les d\u00e9cisions cl\u00e9s ...","og_url":"https:\/\/parier-presidentielle.com\/ro\/donald-trump-pe-piata-cannabis-si-hhc\/","og_site_name":"Parier Pr\u00e9sidentielle","article_modified_time":"2023-06-02T09:27:55+00:00","og_image":[{"width":2560,"height":1440,"url":"https:\/\/parier-presidentielle.com\/wp-content\/uploads\/2023\/03\/donald-trump-hhc-scaled.jpg","type":"image\/jpeg"}],"twitter_card":"summary_large_image","twitter_misc":{"Est. reading time":"5 minute"},"schema":{"@context":"https:\/\/schema.org","@graph":[{"@type":"WebPage","@id":"https:\/\/parier-presidentielle.com\/donald-trump-sur-le-marche-du-cannabis-et-du-hhc\/","url":"https:\/\/parier-presidentielle.com\/donald-trump-sur-le-marche-du-cannabis-et-du-hhc\/","name":"L'impact de Donald Trump sur le march\u00e9 du Cannabis et du HHC - Finale Coupe du Monde FIFA","isPartOf":{"@id":"https:\/\/parier-presidentielle.com\/#website"},"datePublished":"2023-03-20T16:03:39+00:00","dateModified":"2023-06-02T09:27:55+00:00","breadcrumb":{"@id":"https:\/\/parier-presidentielle.com\/donald-trump-sur-le-marche-du-cannabis-et-du-hhc\/#breadcrumb"},"inLanguage":"ro-RO","potentialAction":[{"@type":"ReadAction","target":["https:\/\/parier-presidentielle.com\/donald-trump-sur-le-marche-du-cannabis-et-du-hhc\/"]}]},{"@type":"BreadcrumbList","@id":"https:\/\/parier-presidentielle.com\/donald-trump-sur-le-marche-du-cannabis-et-du-hhc\/#breadcrumb","itemListElement":[{"@type":"ListItem","position":1,"name":"Accueil","item":"https:\/\/parier-presidentielle.com\/"},{"@type":"ListItem","position":2,"name":"L&#8217;impact de Donald Trump sur le march\u00e9 du Cannabis et du HHC"}]},{"@type":"WebSite","@id":"https:\/\/parier-presidentielle.com\/#website","url":"https:\/\/parier-presidentielle.com\/","name":"Parier Pr\u00e9sidentielle","description":"Paris, Pronostics, Wiki sur la Politique, les Elections Am\u00e9ricaines: Joe Biden, Donald Trump avec les Bookmakers en ligne Unibet, Bwin, Betclic, Winamax","potentialAction":[{"@type":"SearchAction","target":{"@type":"EntryPoint","urlTemplate":"https:\/\/parier-presidentielle.com\/?s={search_term_string}"},"query-input":"required name=search_term_string"}],"inLanguage":"ro-RO"}]}},"_links":{"self":[{"href":"https:\/\/parier-presidentielle.com\/ro\/wp-json\/wp\/v2\/pages\/1956"}],"collection":[{"href":"https:\/\/parier-presidentielle.com\/ro\/wp-json\/wp\/v2\/pages"}],"about":[{"href":"https:\/\/parier-presidentielle.com\/ro\/wp-json\/wp\/v2\/types\/page"}],"author":[{"embeddable":true,"href":"https:\/\/parier-presidentielle.com\/ro\/wp-json\/wp\/v2\/users\/1"}],"replies":[{"embeddable":true,"href":"https:\/\/parier-presidentielle.com\/ro\/wp-json\/wp\/v2\/comments?post=1956"}],"version-history":[{"count":4,"href":"https:\/\/parier-presidentielle.com\/ro\/wp-json\/wp\/v2\/pages\/1956\/revisions"}],"predecessor-version":[{"id":2001,"href":"https:\/\/parier-presidentielle.com\/ro\/wp-json\/wp\/v2\/pages\/1956\/revisions\/2001"}],"wp:featuredmedia":[{"embeddable":true,"href":"https:\/\/parier-presidentielle.com\/ro\/wp-json\/wp\/v2\/media\/1959"}],"wp:attachment":[{"href":"https:\/\/parier-presidentielle.com\/ro\/wp-json\/wp\/v2\/media?parent=1956"}],"curies":[{"name":"wp","href":"https:\/\/api.w.org\/{rel}","templated":true}]}}