{"id":1962,"date":"2023-03-20T17:10:50","date_gmt":"2023-03-20T16:10:50","guid":{"rendered":"https:\/\/parier-presidentielle.com\/?page_id=1962"},"modified":"2023-06-02T11:27:56","modified_gmt":"2023-06-02T09:27:56","slug":"vladimir-poutine-quelle-avis-sur-le-marche-du-cannabis-et-hhc","status":"publish","type":"page","link":"https:\/\/parier-presidentielle.com\/ro\/vladimir-poutine-ce-opinie-despre-piata-cannabis-si-hhc\/","title":{"rendered":"Care este p\u0103rerea lui Vladimir Putin despre pia\u021ba de Cannabis \u0219i HHC?"},"content":{"rendered":"<p>Pia\u021ba de canabis <a href=\"https:\/\/wikihhc.com\/france\/fleurs-hhc\/ou-trouver-fleurs-hhc-france-guide\/\">hhc<\/a>  este \u00een plin\u0103 expansiune \u0219i atrage interesul marilor lideri din \u00eentreaga lume. Un astfel de lider este Vladimir Putin, pre\u0219edintele rus, care \u0219i-a exprimat recent sprijinul pentru legalizarea consumului de canabis \u00een scopuri medicale \u0219i industriale.<\/p>\n\n\n\n<h2 class=\"wp-block-heading\"><span id=\"le-passe-controverse-de-poutine-avec-le-cannabis\">Trecutul controversat al lui Putin cu canabisul<\/span><\/h2>\n\n\n\n<p>\u00cenainte de a intra \u00een aceast\u0103 dezbatere, este important s\u0103 ne amintim trecutul controversat al lui Putin cu privire la canabis, a\u0219a cum s-a men\u021bionat <a href=\"https:\/\/wikihhc.com\/guide\/hhc\/\">Wikipedia<\/a>. \u00cen 2006, Rusia a lansat un r\u0103zboi \u00eempotriva drogurilor, \u00een care Putin a jucat un rol semnificativ. Acest lucru a dus la intensificarea represiunii \u00eempotriva consumului de droguri, inclusiv de canabis, \u0219i a dus la \u00eenchisoarea a mii de oameni.<\/p>\n\n\n\n<p>Cu toate acestea, se pare c\u0103 opiniile lui Putin cu privire la aceast\u0103 problem\u0103 au evoluat de-a lungul timpului. \u00cen 2019, el a spus c\u0103 Rusia ar trebui s\u0103 urmeze exemplul unor state din SUA \u0219i s\u0103 legalizeze canabisul \u00een scopuri medicale \u0219i industriale. Aceast\u0103 declara\u021bie a fost urmat\u0103 de legisla\u021bie \u00een favoarea cultiv\u0103rii c\u00e2nepei industriale. Multe site-uri ofer\u0103 reduceri la <a href=\"https:\/\/wikihhc.com\/site\/weecl\/code-promo-coupon-bon-de-reduction-weecl\/\">CBD \u0219i HHC ca Weecl cu coduri promo\u021bionale<\/a>.<\/p>\n\n\n\n<h2 class=\"wp-block-heading\"><span id=\"le-soutien-de-poutine-a-l8217utilisation-medicale-du-cannabis\">Sprijinul lui Putin pentru consumul medical al canabisului<\/span><\/h2>\n\n\n\n<p>Cel mai recent, \u00een ianuarie 2022, Putin a declarat c\u0103 sprijin\u0103 utilizarea canabisului \u00een scopuri medicale \u0219i a ordonat guvernului rus s\u0103 elaboreze propuneri pentru a reglementa utilizarea canabisului \u00een scopuri medicale. Aceast\u0103 decizie a fost primit\u0103 pozitiv de sus\u021bin\u0103torii legaliz\u0103rii canabisului \u00een Rusia \u0219i a st\u00e2rnit dezbateri pe aceast\u0103 tem\u0103.<\/p>\n\n\n\n<p>Putin \u0219i-a exprimat, de asemenea, sprijinul pentru produc\u021bia de <a href=\"https:\/\/wikihhc.com\"> produs care con\u021bine HHC<\/a> (Ulei de canabis hidrogenat), o form\u0103 de canabis care are aplica\u021bii medicale \u0219i industriale. El a cerut o cre\u0219tere a produc\u021biei de substan\u021b\u0103 \u00een Rusia, spun\u00e2nd c\u0103 are un poten\u021bial economic semnificativ.<\/p>\n\n\n\n<h2 class=\"wp-block-heading\"><span id=\"les-defis-de-la-legalisation-du-cannabis-en-russie\">Provoc\u0103rile legaliz\u0103rii canabisului \u00een Rusia<\/span><\/h2>\n\n\n\n<p>Cu toate acestea, legalizarea canabisului \u00een scopuri medicale \u0219i industriale \u00een Rusia nu este lipsit\u0103 de provoc\u0103ri. Legile ruse actuale privind drogurile sunt foarte stricte, iar consumul de canabis este ilegal. \u00cen plus, Rusia este semnatar\u0103 a mai multor conven\u021bii interna\u021bionale privind drogurile care interzic utilizarea \u0219i produc\u021bia de droguri, inclusiv canabisul.<\/p>\n\n\n\n<p>Aceasta \u00eenseamn\u0103 c\u0103 orice legisla\u021bie care sprijin\u0103 legalizarea canabisului ar trebui s\u0103 fie elaborat\u0103 cu aten\u021bie \u0219i implementat\u0103 \u00eentr-un mod care s\u0103 respecte conven\u021biile interna\u021bionale \u0219i legile ruse.<\/p>\n\n\n\n<h2 class=\"wp-block-heading\"><span id=\"conclusion\">Concluzie<\/span><\/h2>\n\n\n\n<p>\u00cen concluzie, sprijinul lui Putin pentru legalizarea consumului medical \u0219i industrial al canabisului \u00een Rusia este o decizie important\u0103 care st\u00e2rne\u0219te dezbateri \u00een \u021bar\u0103. De\u0219i exist\u0103 provoc\u0103ri \u00een adoptarea legisla\u021biei pentru legalizarea canabisului, este clar c\u0103 opiniile lui Putin cu privire la aceast\u0103 problem\u0103 au evoluat de-a lungul timpului. Va fi interesant de v\u0103zut cum se dezvolt\u0103 aceast\u0103 problem\u0103 \u00een Rusia \u00een viitor.<\/p>\n\n\n\n<figure class=\"wp-block-embed is-type-video is-provider-youtube wp-block-embed-youtube wp-embed-aspect-16-9 wp-has-aspect-ratio\"><div class=\"wp-block-embed__wrapper\">\n<iframe loading=\"lazy\" title=\"Vor ru\u0219ii s\u0103 fie legalizat\u0103 marijuana?\" width=\"640\" height=\"360\" src=\"https:\/\/www.youtube.com\/embed\/lvfG8jTKhow?feature=oembed\" frameborder=\"0\" allow=\"accelerometer; autoplay; clipboard-write; encrypted-media; gyroscope; picture-in-picture; web-share\" allowfullscreen><\/iframe>\n<\/div><\/figure>\n<div id=\"toc_container\" class=\"no_bullets\"><p class=\"toc_title\">Cuprins<\/p><ul class=\"toc_list\"><li><\/li><li><\/li><li><\/li><li><\/li><\/ul><\/div>","protected":false},"excerpt":{"rendered":"<p>Le march\u00e9 du cannabis du hhc est en plein essor et suscite l&#8217;int\u00e9r\u00eat des grands dirigeants du monde entier. L&#8217;un de ces dirigeants est Vladimir Poutine, le pr\u00e9sident russe, qui a r\u00e9cemment exprim\u00e9 son soutien \u00e0 la l\u00e9galisation de l&#8217;utilisation du cannabis \u00e0 des fins m\u00e9dicales et industrielles. Le pass\u00e9 controvers\u00e9 de Poutine avec le &#8230;<\/p>","protected":false},"author":1,"featured_media":1965,"parent":0,"menu_order":0,"comment_status":"closed","ping_status":"closed","template":"page-nosidebar.php","meta":{"footnotes":""},"yoast_head":"<!-- This site is optimized with the Yoast SEO Premium plugin v21.0 (Yoast SEO v21.0) - https:\/\/yoast.com\/wordpress\/plugins\/seo\/ -->\n<title>Vladimir Poutine quelle avis sur le march\u00e9 du Cannabis et HHC? - Finale Coupe du Monde FIFA<\/title>\n<meta name=\"robots\" content=\"index, follow, max-snippet:-1, max-image-preview:large, max-video-preview:-1\" \/>\n<link rel=\"canonical\" href=\"https:\/\/parier-presidentielle.com\/ro\/vladimir-poutine-ce-opinie-despre-piata-cannabis-si-hhc\/\" \/>\n<meta property=\"og:locale\" content=\"ro_RO\" \/>\n<meta property=\"og:type\" content=\"article\" \/>\n<meta property=\"og:title\" content=\"Vladimir Poutine quelle avis sur le march\u00e9 du Cannabis et HHC?\" \/>\n<meta property=\"og:description\" content=\"Le march\u00e9 du cannabis du hhc est en plein essor et suscite l&#8217;int\u00e9r\u00eat des grands dirigeants du monde entier. L&#8217;un de ces dirigeants est Vladimir Poutine, le pr\u00e9sident russe, qui a r\u00e9cemment exprim\u00e9 son soutien \u00e0 la l\u00e9galisation de l&#8217;utilisation du cannabis \u00e0 des fins m\u00e9dicales et industrielles. Le pass\u00e9 controvers\u00e9 de Poutine avec le ...\" \/>\n<meta property=\"og:url\" content=\"https:\/\/parier-presidentielle.com\/ro\/vladimir-poutine-ce-opinie-despre-piata-cannabis-si-hhc\/\" \/>\n<meta property=\"og:site_name\" content=\"Parier Pr\u00e9sidentielle\" \/>\n<meta property=\"article:modified_time\" content=\"2023-06-02T09:27:56+00:00\" \/>\n<meta property=\"og:image\" content=\"https:\/\/parier-presidentielle.com\/wp-content\/uploads\/2023\/03\/vladimir-poutine-hhc-scaled.jpg\" \/>\n\t<meta property=\"og:image:width\" content=\"2560\" \/>\n\t<meta property=\"og:image:height\" content=\"1302\" \/>\n\t<meta property=\"og:image:type\" content=\"image\/jpeg\" \/>\n<meta name=\"twitter:card\" content=\"summary_large_image\" \/>\n<meta name=\"twitter:label1\" content=\"Est. reading time\" \/>\n\t<meta name=\"twitter:data1\" content=\"3 minute\" \/>\n<script type=\"application\/ld+json\" class=\"yoast-schema-graph\">{\"@context\":\"https:\/\/schema.org\",\"@graph\":[{\"@type\":\"WebPage\",\"@id\":\"https:\/\/parier-presidentielle.com\/vladimir-poutine-quelle-avis-sur-le-marche-du-cannabis-et-hhc\/\",\"url\":\"https:\/\/parier-presidentielle.com\/vladimir-poutine-quelle-avis-sur-le-marche-du-cannabis-et-hhc\/\",\"name\":\"Vladimir Poutine quelle avis sur le march\u00e9 du Cannabis et HHC? - Finale Coupe du Monde FIFA\",\"isPartOf\":{\"@id\":\"https:\/\/parier-presidentielle.com\/#website\"},\"datePublished\":\"2023-03-20T16:10:50+00:00\",\"dateModified\":\"2023-06-02T09:27:56+00:00\",\"breadcrumb\":{\"@id\":\"https:\/\/parier-presidentielle.com\/vladimir-poutine-quelle-avis-sur-le-marche-du-cannabis-et-hhc\/#breadcrumb\"},\"inLanguage\":\"ro-RO\",\"potentialAction\":[{\"@type\":\"ReadAction\",\"target\":[\"https:\/\/parier-presidentielle.com\/vladimir-poutine-quelle-avis-sur-le-marche-du-cannabis-et-hhc\/\"]}]},{\"@type\":\"BreadcrumbList\",\"@id\":\"https:\/\/parier-presidentielle.com\/vladimir-poutine-quelle-avis-sur-le-marche-du-cannabis-et-hhc\/#breadcrumb\",\"itemListElement\":[{\"@type\":\"ListItem\",\"position\":1,\"name\":\"Accueil\",\"item\":\"https:\/\/parier-presidentielle.com\/\"},{\"@type\":\"ListItem\",\"position\":2,\"name\":\"Vladimir Poutine quelle avis sur le march\u00e9 du Cannabis et HHC?\"}]},{\"@type\":\"WebSite\",\"@id\":\"https:\/\/parier-presidentielle.com\/#website\",\"url\":\"https:\/\/parier-presidentielle.com\/\",\"name\":\"Parier Pr\u00e9sidentielle\",\"description\":\"Paris, Pronostics, Wiki sur la Politique, les Elections Am\u00e9ricaines: Joe Biden, Donald Trump avec les Bookmakers en ligne Unibet, Bwin, Betclic, Winamax\",\"potentialAction\":[{\"@type\":\"SearchAction\",\"target\":{\"@type\":\"EntryPoint\",\"urlTemplate\":\"https:\/\/parier-presidentielle.com\/?s={search_term_string}\"},\"query-input\":\"required name=search_term_string\"}],\"inLanguage\":\"ro-RO\"}]}<\/script>\n<!-- \/ Yoast SEO Premium plugin. -->","yoast_head_json":{"title":"Vladimir Poutine quelle avis sur le march\u00e9 du Cannabis et HHC? - Finale Coupe du Monde FIFA","robots":{"index":"index","follow":"follow","max-snippet":"max-snippet:-1","max-image-preview":"max-image-preview:large","max-video-preview":"max-video-preview:-1"},"canonical":"https:\/\/parier-presidentielle.com\/ro\/vladimir-poutine-ce-opinie-despre-piata-cannabis-si-hhc\/","og_locale":"ro_RO","og_type":"article","og_title":"Vladimir Poutine quelle avis sur le march\u00e9 du Cannabis et HHC?","og_description":"Le march\u00e9 du cannabis du hhc est en plein essor et suscite l&#8217;int\u00e9r\u00eat des grands dirigeants du monde entier. L&#8217;un de ces dirigeants est Vladimir Poutine, le pr\u00e9sident russe, qui a r\u00e9cemment exprim\u00e9 son soutien \u00e0 la l\u00e9galisation de l&#8217;utilisation du cannabis \u00e0 des fins m\u00e9dicales et industrielles. Le pass\u00e9 controvers\u00e9 de Poutine avec le ...","og_url":"https:\/\/parier-presidentielle.com\/ro\/vladimir-poutine-ce-opinie-despre-piata-cannabis-si-hhc\/","og_site_name":"Parier Pr\u00e9sidentielle","article_modified_time":"2023-06-02T09:27:56+00:00","og_image":[{"width":2560,"height":1302,"url":"https:\/\/parier-presidentielle.com\/wp-content\/uploads\/2023\/03\/vladimir-poutine-hhc-scaled.jpg","type":"image\/jpeg"}],"twitter_card":"summary_large_image","twitter_misc":{"Est. reading time":"3 minute"},"schema":{"@context":"https:\/\/schema.org","@graph":[{"@type":"WebPage","@id":"https:\/\/parier-presidentielle.com\/vladimir-poutine-quelle-avis-sur-le-marche-du-cannabis-et-hhc\/","url":"https:\/\/parier-presidentielle.com\/vladimir-poutine-quelle-avis-sur-le-marche-du-cannabis-et-hhc\/","name":"Vladimir Poutine quelle avis sur le march\u00e9 du Cannabis et HHC? - Finale Coupe du Monde FIFA","isPartOf":{"@id":"https:\/\/parier-presidentielle.com\/#website"},"datePublished":"2023-03-20T16:10:50+00:00","dateModified":"2023-06-02T09:27:56+00:00","breadcrumb":{"@id":"https:\/\/parier-presidentielle.com\/vladimir-poutine-quelle-avis-sur-le-marche-du-cannabis-et-hhc\/#breadcrumb"},"inLanguage":"ro-RO","potentialAction":[{"@type":"ReadAction","target":["https:\/\/parier-presidentielle.com\/vladimir-poutine-quelle-avis-sur-le-marche-du-cannabis-et-hhc\/"]}]},{"@type":"BreadcrumbList","@id":"https:\/\/parier-presidentielle.com\/vladimir-poutine-quelle-avis-sur-le-marche-du-cannabis-et-hhc\/#breadcrumb","itemListElement":[{"@type":"ListItem","position":1,"name":"Accueil","item":"https:\/\/parier-presidentielle.com\/"},{"@type":"ListItem","position":2,"name":"Vladimir Poutine quelle avis sur le march\u00e9 du Cannabis et HHC?"}]},{"@type":"WebSite","@id":"https:\/\/parier-presidentielle.com\/#website","url":"https:\/\/parier-presidentielle.com\/","name":"Parier Pr\u00e9sidentielle","description":"Paris, Pronostics, Wiki sur la Politique, les Elections Am\u00e9ricaines: Joe Biden, Donald Trump avec les Bookmakers en ligne Unibet, Bwin, Betclic, Winamax","potentialAction":[{"@type":"SearchAction","target":{"@type":"EntryPoint","urlTemplate":"https:\/\/parier-presidentielle.com\/?s={search_term_string}"},"query-input":"required name=search_term_string"}],"inLanguage":"ro-RO"}]}},"_links":{"self":[{"href":"https:\/\/parier-presidentielle.com\/ro\/wp-json\/wp\/v2\/pages\/1962"}],"collection":[{"href":"https:\/\/parier-presidentielle.com\/ro\/wp-json\/wp\/v2\/pages"}],"about":[{"href":"https:\/\/parier-presidentielle.com\/ro\/wp-json\/wp\/v2\/types\/page"}],"author":[{"embeddable":true,"href":"https:\/\/parier-presidentielle.com\/ro\/wp-json\/wp\/v2\/users\/1"}],"replies":[{"embeddable":true,"href":"https:\/\/parier-presidentielle.com\/ro\/wp-json\/wp\/v2\/comments?post=1962"}],"version-history":[{"count":4,"href":"https:\/\/parier-presidentielle.com\/ro\/wp-json\/wp\/v2\/pages\/1962\/revisions"}],"predecessor-version":[{"id":2002,"href":"https:\/\/parier-presidentielle.com\/ro\/wp-json\/wp\/v2\/pages\/1962\/revisions\/2002"}],"wp:featuredmedia":[{"embeddable":true,"href":"https:\/\/parier-presidentielle.com\/ro\/wp-json\/wp\/v2\/media\/1965"}],"wp:attachment":[{"href":"https:\/\/parier-presidentielle.com\/ro\/wp-json\/wp\/v2\/media?parent=1962"}],"curies":[{"name":"wp","href":"https:\/\/api.w.org\/{rel}","templated":true}]}}